{"id":3472,"date":"2021-12-10T09:22:41","date_gmt":"2021-12-10T09:22:41","guid":{"rendered":"https:\/\/www.tadano.com\/brazil\/?page_id=3472"},"modified":"2023-09-15T08:46:39","modified_gmt":"2023-09-15T08:46:39","slug":"solucoes-ecologicas","status":"publish","type":"page","link":"https:\/\/www.tadano.com\/brazil\/pt-br\/tecnologia\/solucoes-ecologicas\/","title":{"rendered":"Solu\u00e7\u00f5es ecol\u00f3gicas"},"content":{"rendered":"\n\n\n<section class=\"hero-section\">\n\n\t\n\t\n\t\n\t<div class=\"img-holder \">\n\t\t\t\t<div class=\"bg-stretch\" style=\"background-position: 0 50%; \">\n\t\t\t<span data-srcset=\"https:\/\/assets.onetadano.com\/celum_assets\/hero\/HVO.jpg, https:\/\/assets.onetadano.com\/celum_assets\/hero-2x\/HVO.jpg 2x\"><\/span>\n\t\t<\/div>\n\t\t\t\t\t\t<div class=\"logo green-solutions\" style=\"display:none;\">\n\t\t\t<a href=\"#\"><img decoding=\"async\" src=\"https:\/\/www.tadano.com\/brazil\/wp-content\/themes\/tadano\/assets\/dist\/images\/Green-Solutions_Logo_White.svg\"><\/a>\n\t\t<\/div>\n\t<\/div>\n\t<div class=\"container\">\n\t\t<div class=\"text-holder \">\n\t\t\t<div class=\"wrap\">\n\t\t\t\t\n\t\t\t\t<ul class=\"breadcrumbs\"><li><a href=\"https:\/\/www.tadano.com\/brazil\/pt-br\/\">Home<\/a><\/li><\/ul>\n\t\t\t\t\n\n<h1 class=\"wp-block-heading\">SOLU\u00c7\u00d5ES ECOL\u00d3GICAS<\/h1>\n\n\n\n<p>A prote\u00e7\u00e3o do meio ambiente e a sustentabilidade s\u00e3o elementos centrais da filosofia da Tadano. \u00c9 por isso que estamos sempre trabalhando para desenvolver tecnologias que reduzam e zerem as emiss\u00f5es e permitam aos nossos clientes operar guindastes de forma ambientalmente consciente.<\/p>\n\n\n\n\t\t\t\t\n\t\t\t<\/div>\n\n\t\t\t\n\t\t\t\n\t\t\t\n\t\t<\/div>\n\t<\/div>\n<\/section>\n\n\n<div class=\"wp-block-group is-style-background-triangle-right has-white-color has-dark-blue-background-color has-text-color has-background is-layout-flow wp-block-group-is-layout-flow\"><div class=\"wp-block-group__inner-container\">\n<div class=\"wp-block-columns is-layout-flex wp-container-core-columns-layout-1 wp-block-columns-is-layout-flex\">\n<div class=\"wp-block-column is-layout-flow wp-block-column-is-layout-flow\" style=\"flex-basis:33.33%\">\n<h2 class=\"wp-block-heading\">CONHE\u00c7A AS TECNOLOGIAS<\/h2>\n\n\n\n<p>As tecnologias da Tadano s\u00e3o projetadas para reduzir o consumo de combust\u00edvel e as emiss\u00f5es de gases do efeito estufa e de poluentes, minimizando os custos operacionais em muitos casos.<\/p>\n<\/div>\n\n\n\n<div class=\"wp-block-column is-layout-flow wp-block-column-is-layout-flow\" style=\"flex-basis:66.66%\">\n\n<div class=\"links-block-wrapper\">\n  <div class=\"container\">\n    <section class=\"links-block\">\n\n\n              <div class=\"links-block\">\n                      \n\n            <div class=\"link-single\">\n                              <a href=\"https:\/\/www.tadano.com\/brazil\/pt-br\/technologies\/combustiveis-alternativos-ao-diesel\/\">\n                                                      <strong class='title'>Combust\u00edveis alternativos ao diesel<\/strong>\n                                                    <\/a>\n              <\/div>\n\n                          \n\n            <div class=\"link-single\">\n                              <a href=\"https:\/\/www.tadano.com\/brazil\/pt-br\/technologies\/e-pack\/\">\n                                                      <strong class='title'>e-PACK<\/strong>\n                                                    <\/a>\n              <\/div>\n\n                          \n\n            <div class=\"link-single\">\n                              <a href=\"https:\/\/www.tadano.com\/brazil\/pt-br\/technologies\/sistema-eco-mode\/\">\n                                                      <strong class='title'>Sistema Eco-Mode<\/strong>\n                                                    <\/a>\n              <\/div>\n\n                          \n\n            <div class=\"link-single\">\n                              <a href=\"https:\/\/www.tadano.com\/brazil\/pt-br\/technologies\/start-stop\/\">\n                                                      <strong class='title'>Start Stop<\/strong>\n                                                    <\/a>\n              <\/div>\n\n                        <\/div>\n          \n        \n      <\/section>\n    <\/div>\n  <\/div><\/div>\n<\/div>\n<\/div><\/div>\n\n\n\n    <section class=\"news-section\">\n\n    <div class=\"container\">\n      <div class=\"text-block\">\n        <h2>News<\/h2>\n                        \n                  <a href=\"https:\/\/www.tadano.com\/brazil\/pt-br\/news-list\/\" class=\"link-more\">EXPLORE ALL News<\/a>\n        \n\n                <div class=\"controls\">\n          <svg width=\"14\" height=\"31\" viewBox=\"0 0 14 31\" fill=\"none\" xmlns=\"http:\/\/www.w3.org\/2000\/svg\">\n           <path d=\"M13 1L1 15.5L13 30\" stroke=\"#fff\"\/>\n          <\/svg>\n          <svg width=\"15\" height=\"31\" viewBox=\"0 0 15 31\" fill=\"none\" xmlns=\"http:\/\/www.w3.org\/2000\/svg\">\n           <path d=\"M1 1L14 15.5L1 30\" stroke=\"#fff\"\/>\n          <\/svg>\n        <\/div>\n        \n\n        \n      <\/div>\n      <div class=\"slick-slider simple-slider\">\n                              <div>\n              <div class=\"news-single\">\n                <a href=\"https:\/\/www.tadano.com\/brazil\/pt-br\/news\/the-new-cc-78-1250-1\/\">\n                  <strong class=\"title\">O novo Tadano CC 78.1250-1<\/strong>\n                  <ul class=\"meta\">\n                    <li>Publication<\/li>\n                    <li><time datetime=\"2020-01-01\">abr\/03\/2025<\/time><\/li>\n                  <\/ul>\n                <\/a>\n              <\/div>\n            <\/div>\n                      <div>\n              <div class=\"news-single\">\n                <a href=\"https:\/\/www.tadano.com\/brazil\/pt-br\/news\/maior-alcance-mais-alto-mais-longe-novo-guindaste-todo-terreno-tadano-ac-5-250l-2-com-lanca-principal-de-79-metros\/\">\n                  <strong class=\"title\">MAIOR ALCANCE, MAIS ALTO, MAIS LONGE: NOVO GUINDASTE TODO-TERRENO TADANO AC 5.250L-2 COM LAN\u00c7A PRINCIPAL DE 79 METROS<\/strong>\n                  <ul class=\"meta\">\n                    <li>Publication<\/li>\n                    <li><time datetime=\"2020-01-01\">fev\/18\/2025<\/time><\/li>\n                  <\/ul>\n                <\/a>\n              <\/div>\n            <\/div>\n                      <div>\n              <div class=\"news-single\">\n                <a href=\"https:\/\/www.tadano.com\/brazil\/pt-br\/news\/tadano-ac-7-450-1-em-dose-dupla-no-wisconsin\/\">\n                  <strong class=\"title\">TADANO AC 7.450-1 em dose dupla no Wisconsin<\/strong>\n                  <ul class=\"meta\">\n                    <li>Publication<\/li>\n                    <li><time datetime=\"2020-01-01\">nov\/12\/2024<\/time><\/li>\n                  <\/ul>\n                <\/a>\n              <\/div>\n            <\/div>\n                      <div>\n              <div class=\"news-single\">\n                <a href=\"https:\/\/www.tadano.com\/brazil\/pt-br\/news\/o-novo-tadano-ac-5-250-2-e-uma-solucao-inovadora\/\">\n                  <strong class=\"title\">O novo Tadano AC 5.250-2 \u00e9 uma solu\u00e7\u00e3o inovadora<\/strong>\n                  <ul class=\"meta\">\n                    <li>Publication<\/li>\n                    <li><time datetime=\"2020-01-01\">jul\/22\/2024<\/time><\/li>\n                  <\/ul>\n                <\/a>\n              <\/div>\n            <\/div>\n                      <div>\n              <div class=\"news-single\">\n                <a href=\"https:\/\/www.tadano.com\/brazil\/pt-br\/news\/a-equipe-panam-apresenta-a-tadano-quality-na-mt-expo\/\">\n                  <strong class=\"title\">A equipe PANAM apresenta\u00a0 a Tadano Quality na M&amp;T Expo<\/strong>\n                  <ul class=\"meta\">\n                    <li>Publication<\/li>\n                    <li><time datetime=\"2020-01-01\">maio\/28\/2024<\/time><\/li>\n                  <\/ul>\n                <\/a>\n              <\/div>\n            <\/div>\n                      <div>\n              <div class=\"news-single\">\n                <a href=\"https:\/\/www.tadano.com\/brazil\/pt-br\/news\/o-tadano-ac-7-450-1-realiza-icamentos-exclusivos-em-uma-instalacao-de-engarrafamento-na-pensilvania\/\">\n                  <strong class=\"title\">O TADANO AC 7.450-1 REALIZA I\u00c7AMENTOS EXCLUSIVOS EM UMA INSTALA\u00c7\u00c3O DE ENGARRAFAMENTO NA PENSILV\u00c2NIA<\/strong>\n                  <ul class=\"meta\">\n                    <li>Publication<\/li>\n                    <li><time datetime=\"2020-01-01\">maio\/23\/2024<\/time><\/li>\n                  <\/ul>\n                <\/a>\n              <\/div>\n            <\/div>\n                        <\/div>\n    <\/div>\n  <\/section>\n  \n\n\n<p><\/p>\n","protected":false},"excerpt":{"rendered":"<p>CONHE\u00c7A AS TECNOLOGIAS As tecnologias da Tadano s\u00e3o projetadas para reduzir o consumo de combust\u00edvel e as emiss\u00f5es de gases do efeito estufa e de poluentes, minimizando os custos operacionais em muitos casos.<\/p>\n","protected":false},"author":3,"featured_media":0,"parent":3432,"menu_order":0,"comment_status":"closed","ping_status":"closed","template":"","meta":{"_acf_changed":false,"footnotes":""},"acf":[],"yoast_head":"<!-- This site is optimized with the Yoast SEO plugin v22.3 - https:\/\/yoast.com\/wordpress\/plugins\/seo\/ -->\n<title>Solu\u00e7\u00f5es ecol\u00f3gicas - Brazil<\/title>\n<meta name=\"robots\" content=\"index, follow, max-snippet:-1, max-image-preview:large, max-video-preview:-1\" \/>\n<link rel=\"canonical\" href=\"https:\/\/www.tadano.com\/brazil\/pt-br\/tecnologia\/solucoes-ecologicas\/\" \/>\n<meta property=\"og:locale\" content=\"pt_BR\" \/>\n<meta property=\"og:type\" content=\"article\" \/>\n<meta property=\"og:title\" content=\"Solu\u00e7\u00f5es ecol\u00f3gicas - Brazil\" \/>\n<meta property=\"og:description\" content=\"CONHE\u00c7A AS TECNOLOGIAS As tecnologias da Tadano s\u00e3o projetadas para reduzir o consumo de combust\u00edvel e as emiss\u00f5es de gases do efeito estufa e de poluentes, minimizando os custos operacionais em muitos casos.\" \/>\n<meta property=\"og:url\" content=\"https:\/\/www.tadano.com\/brazil\/pt-br\/tecnologia\/solucoes-ecologicas\/\" \/>\n<meta property=\"og:site_name\" content=\"Brazil\" \/>\n<meta property=\"article:modified_time\" content=\"2023-09-15T08:46:39+00:00\" \/>\n<meta name=\"twitter:card\" content=\"summary_large_image\" \/>\n<meta name=\"twitter:label1\" content=\"Est. tempo de leitura\" \/>\n\t<meta name=\"twitter:data1\" content=\"1 minuto\" \/>\n<script type=\"application\/ld+json\" class=\"yoast-schema-graph\">{\"@context\":\"https:\/\/schema.org\",\"@graph\":[{\"@type\":\"WebPage\",\"@id\":\"https:\/\/www.tadano.com\/brazil\/pt-br\/tecnologia\/solucoes-ecologicas\/\",\"url\":\"https:\/\/www.tadano.com\/brazil\/pt-br\/tecnologia\/solucoes-ecologicas\/\",\"name\":\"Solu\u00e7\u00f5es ecol\u00f3gicas - Brazil\",\"isPartOf\":{\"@id\":\"https:\/\/www.tadano.com\/brazil\/pt-br\/#website\"},\"datePublished\":\"2021-12-10T09:22:41+00:00\",\"dateModified\":\"2023-09-15T08:46:39+00:00\",\"breadcrumb\":{\"@id\":\"https:\/\/www.tadano.com\/brazil\/pt-br\/tecnologia\/solucoes-ecologicas\/#breadcrumb\"},\"inLanguage\":\"pt-BR\",\"potentialAction\":[{\"@type\":\"ReadAction\",\"target\":[\"https:\/\/www.tadano.com\/brazil\/pt-br\/tecnologia\/solucoes-ecologicas\/\"]}]},{\"@type\":\"BreadcrumbList\",\"@id\":\"https:\/\/www.tadano.com\/brazil\/pt-br\/tecnologia\/solucoes-ecologicas\/#breadcrumb\",\"itemListElement\":[{\"@type\":\"ListItem\",\"position\":1,\"name\":\"Tecnologia\",\"item\":\"https:\/\/www.tadano.com\/brazil\/pt-br\/tecnologia\/\"},{\"@type\":\"ListItem\",\"position\":2,\"name\":\"Solu\u00e7\u00f5es ecol\u00f3gicas\"}]},{\"@type\":\"WebSite\",\"@id\":\"https:\/\/www.tadano.com\/brazil\/pt-br\/#website\",\"url\":\"https:\/\/www.tadano.com\/brazil\/pt-br\/\",\"name\":\"Brazil\",\"description\":\"Just another TADANO EUROPE site\",\"potentialAction\":[{\"@type\":\"SearchAction\",\"target\":{\"@type\":\"EntryPoint\",\"urlTemplate\":\"https:\/\/www.tadano.com\/brazil\/pt-br\/?s={search_term_string}\"},\"query-input\":\"required name=search_term_string\"}],\"inLanguage\":\"pt-BR\"}]}<\/script>\n<!-- \/ Yoast SEO plugin. -->","yoast_head_json":{"title":"Solu\u00e7\u00f5es ecol\u00f3gicas - Brazil","robots":{"index":"index","follow":"follow","max-snippet":"max-snippet:-1","max-image-preview":"max-image-preview:large","max-video-preview":"max-video-preview:-1"},"canonical":"https:\/\/www.tadano.com\/brazil\/pt-br\/tecnologia\/solucoes-ecologicas\/","og_locale":"pt_BR","og_type":"article","og_title":"Solu\u00e7\u00f5es ecol\u00f3gicas - Brazil","og_description":"CONHE\u00c7A AS TECNOLOGIAS As tecnologias da Tadano s\u00e3o projetadas para reduzir o consumo de combust\u00edvel e as emiss\u00f5es de gases do efeito estufa e de poluentes, minimizando os custos operacionais em muitos casos.","og_url":"https:\/\/www.tadano.com\/brazil\/pt-br\/tecnologia\/solucoes-ecologicas\/","og_site_name":"Brazil","article_modified_time":"2023-09-15T08:46:39+00:00","twitter_card":"summary_large_image","twitter_misc":{"Est. tempo de leitura":"1 minuto"},"schema":{"@context":"https:\/\/schema.org","@graph":[{"@type":"WebPage","@id":"https:\/\/www.tadano.com\/brazil\/pt-br\/tecnologia\/solucoes-ecologicas\/","url":"https:\/\/www.tadano.com\/brazil\/pt-br\/tecnologia\/solucoes-ecologicas\/","name":"Solu\u00e7\u00f5es ecol\u00f3gicas - Brazil","isPartOf":{"@id":"https:\/\/www.tadano.com\/brazil\/pt-br\/#website"},"datePublished":"2021-12-10T09:22:41+00:00","dateModified":"2023-09-15T08:46:39+00:00","breadcrumb":{"@id":"https:\/\/www.tadano.com\/brazil\/pt-br\/tecnologia\/solucoes-ecologicas\/#breadcrumb"},"inLanguage":"pt-BR","potentialAction":[{"@type":"ReadAction","target":["https:\/\/www.tadano.com\/brazil\/pt-br\/tecnologia\/solucoes-ecologicas\/"]}]},{"@type":"BreadcrumbList","@id":"https:\/\/www.tadano.com\/brazil\/pt-br\/tecnologia\/solucoes-ecologicas\/#breadcrumb","itemListElement":[{"@type":"ListItem","position":1,"name":"Tecnologia","item":"https:\/\/www.tadano.com\/brazil\/pt-br\/tecnologia\/"},{"@type":"ListItem","position":2,"name":"Solu\u00e7\u00f5es ecol\u00f3gicas"}]},{"@type":"WebSite","@id":"https:\/\/www.tadano.com\/brazil\/pt-br\/#website","url":"https:\/\/www.tadano.com\/brazil\/pt-br\/","name":"Brazil","description":"Just another TADANO EUROPE site","potentialAction":[{"@type":"SearchAction","target":{"@type":"EntryPoint","urlTemplate":"https:\/\/www.tadano.com\/brazil\/pt-br\/?s={search_term_string}"},"query-input":"required name=search_term_string"}],"inLanguage":"pt-BR"}]}},"_links":{"self":[{"href":"https:\/\/www.tadano.com\/brazil\/pt-br\/wp-json\/wp\/v2\/pages\/3472"}],"collection":[{"href":"https:\/\/www.tadano.com\/brazil\/pt-br\/wp-json\/wp\/v2\/pages"}],"about":[{"href":"https:\/\/www.tadano.com\/brazil\/pt-br\/wp-json\/wp\/v2\/types\/page"}],"author":[{"embeddable":true,"href":"https:\/\/www.tadano.com\/brazil\/pt-br\/wp-json\/wp\/v2\/users\/3"}],"replies":[{"embeddable":true,"href":"https:\/\/www.tadano.com\/brazil\/pt-br\/wp-json\/wp\/v2\/comments?post=3472"}],"version-history":[{"count":2,"href":"https:\/\/www.tadano.com\/brazil\/pt-br\/wp-json\/wp\/v2\/pages\/3472\/revisions"}],"predecessor-version":[{"id":3474,"href":"https:\/\/www.tadano.com\/brazil\/pt-br\/wp-json\/wp\/v2\/pages\/3472\/revisions\/3474"}],"up":[{"embeddable":true,"href":"https:\/\/www.tadano.com\/brazil\/pt-br\/wp-json\/wp\/v2\/pages\/3432"}],"wp:attachment":[{"href":"https:\/\/www.tadano.com\/brazil\/pt-br\/wp-json\/wp\/v2\/media?parent=3472"}],"curies":[{"name":"wp","href":"https:\/\/api.w.org\/{rel}","templated":true}]}}