{"id":3594,"date":"2022-05-31T06:56:26","date_gmt":"2022-05-31T06:56:26","guid":{"rendered":"https:\/\/www.tadano.com\/brazil\/truck-cranes\/"},"modified":"2023-10-27T10:42:06","modified_gmt":"2023-10-27T10:42:06","slug":"guindaste-sobre-caminhao","status":"publish","type":"page","link":"https:\/\/www.tadano.com\/brazil\/pt-br\/guindaste-sobre-caminhao\/","title":{"rendered":"Guindaste sobre caminh\u00e3o"},"content":{"rendered":"\n\n\n<section class=\"hero-section\">\n\n\t\n\t\n\t\n\t<div class=\"img-holder \">\n\t\t\t\t<div class=\"bg-stretch\" style=\"background-position: 50% 50%; \">\n\t\t\t<span data-srcset=\"https:\/\/assets.onetadano.com\/celum_assets\/hero\/bg_TC.jpg, https:\/\/assets.onetadano.com\/celum_assets\/hero-2x\/bg_TC.jpg 2x\"><\/span>\n\t\t<\/div>\n\t\t\t\t\t\t<div class=\"logo green-solutions\" style=\"display:none;\">\n\t\t\t<a href=\"#\"><img decoding=\"async\" src=\"https:\/\/www.tadano.com\/brazil\/wp-content\/themes\/tadano\/assets\/dist\/images\/Green-Solutions_Logo_White.svg\"><\/a>\n\t\t<\/div>\n\t<\/div>\n\t<div class=\"container\">\n\t\t<div class=\"text-holder \">\n\t\t\t<div class=\"wrap\">\n\t\t\t\t\n\t\t\t\t<ul class=\"breadcrumbs\"><li><a href=\"https:\/\/www.tadano.com\/brazil\/pt-br\/\">Home<\/a><\/li><\/ul>\n\t\t\t\t\n\n<h1 class=\"wp-block-heading\">Guindaste sobre caminh\u00e3o<\/h1>\n\n\n\n<p>A tecnologia de vanguarda do guindaste sobre caminh\u00e3o com uma lan\u00e7a aprimorada, lan\u00e7a auxiliar, os estabilizadores, a efici\u00eancia energ\u00e9tica e o conforto do condutor. Os contrapesos com remo\u00e7\u00e3o autom\u00e1tica, estabilizadores ajust\u00e1veis e a tecnologia Smart Chart da Tadano ajudam a otimizar o desempenho.<\/p>\n\n\n\n\t\t\t\t\n\t\t\t<\/div>\n\n\t\t\t\n\t\t\t\n\t\t\t\n\t\t<\/div>\n\t<\/div>\n<\/section>\n\n\n<section class=\"product-compare\" id=\"product-compare-1\" style=\"display: none;\">\n\t<div class=\"container\">\n\t\t<h2>Comparar Produtos<\/h2>\n\t\t<div class=\"compare-products\">\n\t\t\t<input type=\"hidden\" id=\"current_lang\" value=\"pt-br\">\n\t\t\t<input type=\"hidden\" id=\"current_site_id\" value=\"15\">\n\t\t\t<input type=\"hidden\" id=\"current_term_id\" value=\"27\">\n\t\t\t<input type=\"hidden\" id=\"compare_group_by_product_groups\" value=\"0\">\n\n\t\t\t\n\t\t\t\t\t\t\t<div class=\"compare-container\">\n\t\t\t\t\t<label for=\"product-1\" class=\"hidden\">Selecione um produto<\/label>\n\t\t\t\t\t<ul id=\"product-1\" class=\"bh-sl-filters\">\n\t\t\t\t\t\t<select class=\"compare-product-select\" data-compare-id=\"1\" >\n\t\t\t\t\t\t\t<option value=\"\">Selecione um produto<\/option>\n\t\t\t\t\t\t\t\t\t\t\t\t\t\t\t<option value=\"3583\" data-group=\"\">GT-300EL-3<\/option>\n\t\t\t\t\t\t\t\t\t\t\t\t\t\t\t<option value=\"3582\" data-group=\"\">GT-600EL-3<\/option>\n\t\t\t\t\t\t\t\t\t\t\t\t\t\t\t<option value=\"3581\" data-group=\"\">GT-750EL-3<\/option>\n\t\t\t\t\t\t\t\t\t\t\t\t\t<\/select>\n\t\t\t\t\t<\/ul>\n\t\t\t\t\t<div class=\"loader result-loader-1\"><\/div>\n\t\t\t\t\t<div class=\"result result-1\"><\/div>\n\t\t\t\t<\/div>\n\t\t\t\t\t\t\t<div class=\"compare-container\">\n\t\t\t\t\t<label for=\"product-2\" class=\"hidden\">Selecione um produto<\/label>\n\t\t\t\t\t<ul id=\"product-2\" class=\"bh-sl-filters\">\n\t\t\t\t\t\t<select class=\"compare-product-select\" data-compare-id=\"2\" >\n\t\t\t\t\t\t\t<option value=\"\">Selecione um produto<\/option>\n\t\t\t\t\t\t\t\t\t\t\t\t\t\t\t<option value=\"3583\" data-group=\"\">GT-300EL-3<\/option>\n\t\t\t\t\t\t\t\t\t\t\t\t\t\t\t<option value=\"3582\" data-group=\"\">GT-600EL-3<\/option>\n\t\t\t\t\t\t\t\t\t\t\t\t\t\t\t<option value=\"3581\" data-group=\"\">GT-750EL-3<\/option>\n\t\t\t\t\t\t\t\t\t\t\t\t\t<\/select>\n\t\t\t\t\t<\/ul>\n\t\t\t\t\t<div class=\"loader result-loader-2\"><\/div>\n\t\t\t\t\t<div class=\"result result-2\"><\/div>\n\t\t\t\t<\/div>\n\t\t\t\t\t<\/div>\n\t<\/div>\n<\/section>\n\n\n\n    <div class=\"products-filtering \">\n                <input type=\"hidden\" id=\"filterAxles\" value=\"\"\/>\n        <input type=\"hidden\" id=\"filterMaxLoad\" value=\"\"\/>\n        <input type=\"hidden\" id=\"filterBoomLength\" value=\"\"\/>\n        <input type=\"hidden\" id=\"filterTipHeight\" value=\"\"\/>\n        <input type=\"hidden\" id=\"filterManufacturingYear\" value=\"\"\/>\n        <input type=\"hidden\" id=\"filterCategory\" value=\"\"\/>\n                <input type=\"hidden\" id=\"filterLegacyStatus\" value=\"\"\/>\n        <input type=\"hidden\" id=\"displayFilter\" value=\"\"\/>\n        <!-- REFINE AREA START -->\n                    <section class=\"filter-refine\">\n                <form action=\"#\">\n                    <div class=\"container\">\n                        <div class=\"left\">\n                                                                                        <ul class=\"tabset-filter\">\n                                                                                                                                                                                                                                                                                            <\/ul>\n                                <div class=\"tab-content product-tab-content\">\n                                                                                                                                                                                                                                                                                            <\/div>\n\n                                \n                            \n\n                        <\/div>\n                        <div class=\"right\">\n                                                            <ul class=\"btn-right\">\n                                    <li class=\"desktop-only\"><a data-fancybox=\"product-compare\" data-src=\"#product-compare-1\"\n                                                                href=\"javascript:;\"\n                                                                class=\"compare\">Comparar<\/a><\/li>\n                                <\/ul>\n                                                        <div class=\"radio\">\n                                                                    <label for=\"met\" class=\"met\">\n                                        <input type=\"radio\" name=\"filterScale\" id=\"met\" value=\"met\">\n                                        <span class=\"fake-radio\"><\/span>\n                                        <span class=\"fake-label\">Metric<\/span>\n                                    <\/label>\n                                    <label for=\"imp\" class=\"imp\">\n                                        <input type=\"radio\" name=\"filterScale\" id=\"imp\" value=\"imp\" >\n                                        <span class=\"fake-radio\"><\/span>\n                                        <span class=\"fake-label\">Imperial<\/span>\n                                    <\/label>\n                                    \n                            <\/div>\n                        <\/div>\n                    <\/div>\n                <\/form>\n            <\/section>\n                <!-- REFINE AREA END -->\n\n        \n                <div class=\"all-results \" >\n            <section class=\"filter-content\">\n                <div class=\"container\">\n                    <div class=\"no-results\">\n                        <h2>Sorry, nothing found \ud83d\ude14<\/h2>\n                        <p>Please adjust your search. <\/p>\n                    <\/div>\n                                                <h2>Truck Cranes<\/h2>\n                           \n                        <div class=\"filter-compare used-cranes\">\n                            \n<div class=\"product-filter-item\" \n            data-product-id=\"3583\"\n                    data-product-axles=\"3\"\n                                        data-product-boomlength-met=\"34\"\n                        >\n    <div class=\"compare-single \">\n\n                        <div class=\"img-holder\">\n                            <div class=\"bg-stretch\" >\n                    <span data-srcset=\"https:\/\/mediahub.tadano.com\/m\/325eae674d9fe1\/img_thumb-img_Tadano_GT300EL_Sideview-jpg.jpg, https:\/\/mediahub.tadano.com\/m\/325eae674d9fe1\/img_thumb_2x-img_Tadano_GT300EL_Sideview-jpg.jpg 2x\"><\/span>\n                <\/div>\n                                <\/div>\n        <div class=\"opener-wrap\">\n                            <a href=\"https:\/\/www.tadano.com\/brazil\/pt-br\/lifting-equipment\/truck-cranes\/gt-300el-3\/\" class=\"opener\">\n                    GT-300EL-3                                    <\/a>\n                    <\/div>\n        <div class=\"text-block\">\n                            <div class=\"heading\">\n                    <h3>GT-300EL-3<\/h3>\n                                            <a href=\"https:\/\/mediahub.tadano.com\/m\/29afdf3a351d83f5\/original\/doc_tadano_GT-300EL-3-01001_datasheet_metric_GEN_en.pdf\" class=\"specs\">Folha de especifica\u00e7\u00f5es<\/a>\n                                    <\/div>\n            \n                                    <ul class=\"scaled scaled-met\">\n                                                                                                                            <li><strong>comprimento da lan\u00e7a principal:<\/strong> 34 m<\/li>\n                                                                                                                                                    \n                    <\/ul>\n                                    <ul class=\"scaled scaled-imp\">\n                                                                                                                                                                                                            \n                    <\/ul>\n                                    <\/div>\n        <ul class=\"btn-list\">\n                        <li>\n                                <a href=\"https:\/\/www.tadano.com\/brazil\/pt-br\/lifting-equipment\/truck-cranes\/gt-300el-3\/\" class=\"btn-details\">\n                    <span class=\"mobile-only\">Details<\/span>\n                    <span class=\"desktop-only\">Saiba mais<\/span>\n                <\/a>\n            <\/li>\n            \n                                <li class=\"scaled-metric\">\n                        <a href=\"https:\/\/mediahub.tadano.com\/m\/29afdf3a351d83f5\/original\/doc_tadano_GT-300EL-3-01001_datasheet_metric_GEN_en.pdf\" class=\"btn-specs\" >\n                            <span class=\"mobile-only\">Specs<\/span>\n                            <span class=\"desktop-only\">Folha de especifica\u00e7\u00f5es<\/span>\n                        <\/a>\n                    <\/li>\n\n                                                <li class=\"scaled-imperial\">\n                                <a href=\"https:\/\/mediahub.tadano.com\/m\/29afdf3a351d83f5\/original\/doc_tadano_GT-300EL-3-01001_datasheet_metric_GEN_en.pdf\" class=\"btn-specs\" >\n                                    <span class=\"mobile-only\">Specs<\/span>\n                                    <span class=\"desktop-only\">Folha de especifica\u00e7\u00f5es<\/span>\n                                <\/a>\n                            <\/li>\n                        \n                \n            \n            \n                                                                                    \n\n        <\/ul>\n    <\/div><!-- end compare single -->\n<\/div><!-- end product filter item -->\n<div class=\"product-filter-item\" \n            data-product-id=\"3582\"\n                    data-product-axles=\"4\"\n                                        data-product-boomlength-met=\"43\"\n                        >\n    <div class=\"compare-single \">\n\n                        <div class=\"img-holder\">\n                            <div class=\"bg-stretch\" >\n                    <span data-srcset=\"https:\/\/mediahub.tadano.com\/m\/2b7c712b1afbcd7b\/img_thumb-img_Tadano_GT600EL_Sideview-jpg.jpg, https:\/\/mediahub.tadano.com\/m\/2b7c712b1afbcd7b\/img_thumb_2x-img_Tadano_GT600EL_Sideview-jpg.jpg 2x\"><\/span>\n                <\/div>\n                                <\/div>\n        <div class=\"opener-wrap\">\n                            <a href=\"https:\/\/www.tadano.com\/brazil\/pt-br\/lifting-equipment\/truck-cranes\/gt-600el-3\/\" class=\"opener\">\n                    GT-600EL-3                                    <\/a>\n                    <\/div>\n        <div class=\"text-block\">\n                            <div class=\"heading\">\n                    <h3>GT-600EL-3<\/h3>\n                                            <a href=\"https:\/\/mediahub.tadano.com\/m\/2d0fb8059caa40fe\/original\/doc_tadano_GT-600EL-3-01001_datasheet_metric_GEN_en.pdf\" class=\"specs\">Folha de especifica\u00e7\u00f5es<\/a>\n                                    <\/div>\n            \n                                    <ul class=\"scaled scaled-met\">\n                                                                                                                            <li><strong>comprimento da lan\u00e7a principal:<\/strong> 43 m<\/li>\n                                                                                                                                                    \n                    <\/ul>\n                                    <ul class=\"scaled scaled-imp\">\n                                                                                                                                                                                                            \n                    <\/ul>\n                                    <\/div>\n        <ul class=\"btn-list\">\n                        <li>\n                                <a href=\"https:\/\/www.tadano.com\/brazil\/pt-br\/lifting-equipment\/truck-cranes\/gt-600el-3\/\" class=\"btn-details\">\n                    <span class=\"mobile-only\">Details<\/span>\n                    <span class=\"desktop-only\">Saiba mais<\/span>\n                <\/a>\n            <\/li>\n            \n                                <li class=\"scaled-metric\">\n                        <a href=\"https:\/\/mediahub.tadano.com\/m\/2d0fb8059caa40fe\/original\/doc_tadano_GT-600EL-3-01001_datasheet_metric_GEN_en.pdf\" class=\"btn-specs\" >\n                            <span class=\"mobile-only\">Specs<\/span>\n                            <span class=\"desktop-only\">Folha de especifica\u00e7\u00f5es<\/span>\n                        <\/a>\n                    <\/li>\n\n                                                <li class=\"scaled-imperial\">\n                                <a href=\"https:\/\/mediahub.tadano.com\/m\/2d0fb8059caa40fe\/original\/doc_tadano_GT-600EL-3-01001_datasheet_metric_GEN_en.pdf\" class=\"btn-specs\" >\n                                    <span class=\"mobile-only\">Specs<\/span>\n                                    <span class=\"desktop-only\">Folha de especifica\u00e7\u00f5es<\/span>\n                                <\/a>\n                            <\/li>\n                        \n                \n            \n            \n                                                                                    \n\n        <\/ul>\n    <\/div><!-- end compare single -->\n<\/div><!-- end product filter item -->\n<div class=\"product-filter-item\" \n            data-product-id=\"3581\"\n                    data-product-axles=\"4\"\n                                                    >\n    <div class=\"compare-single \">\n\n                        <div class=\"img-holder\">\n                            <div class=\"bg-stretch\" >\n                    <span data-srcset=\"https:\/\/mediahub.tadano.com\/m\/5bfa8d835dcef5f5\/img_thumb-img_Tadano_GT750EL_Sideview-jpg.jpg, https:\/\/mediahub.tadano.com\/m\/5bfa8d835dcef5f5\/img_thumb_2x-img_Tadano_GT750EL_Sideview-jpg.jpg 2x\"><\/span>\n                <\/div>\n                                <\/div>\n        <div class=\"opener-wrap\">\n                            <a href=\"https:\/\/www.tadano.com\/brazil\/pt-br\/lifting-equipment\/truck-cranes\/gt-750el-3\/\" class=\"opener\">\n                    GT-750EL-3                                    <\/a>\n                    <\/div>\n        <div class=\"text-block\">\n                            <div class=\"heading\">\n                    <h3>GT-750EL-3<\/h3>\n                                            <a href=\"https:\/\/mediahub.tadano.com\/m\/320c39685c870761\/original\/doc_tadano_GT-750EL-3-01001_datasheet_metric_GEN_en.pdf\" class=\"specs\">Folha de especifica\u00e7\u00f5es<\/a>\n                                    <\/div>\n            \n                                    <ul class=\"scaled scaled-met\">\n                                                                                                                            <li><strong>comprimento da lan\u00e7a principal:<\/strong>  47 m<\/li>\n                                                                                                                                                    \n                    <\/ul>\n                                    <ul class=\"scaled scaled-imp\">\n                                                                                                                                                                                                            \n                    <\/ul>\n                                    <\/div>\n        <ul class=\"btn-list\">\n                        <li>\n                                <a href=\"https:\/\/www.tadano.com\/brazil\/pt-br\/lifting-equipment\/truck-cranes\/gt-750el-3\/\" class=\"btn-details\">\n                    <span class=\"mobile-only\">Details<\/span>\n                    <span class=\"desktop-only\">Saiba mais<\/span>\n                <\/a>\n            <\/li>\n            \n                                <li class=\"scaled-metric\">\n                        <a href=\"https:\/\/mediahub.tadano.com\/m\/320c39685c870761\/original\/doc_tadano_GT-750EL-3-01001_datasheet_metric_GEN_en.pdf\" class=\"btn-specs\" >\n                            <span class=\"mobile-only\">Specs<\/span>\n                            <span class=\"desktop-only\">Folha de especifica\u00e7\u00f5es<\/span>\n                        <\/a>\n                    <\/li>\n\n                                                <li class=\"scaled-imperial\">\n                                <a href=\"https:\/\/mediahub.tadano.com\/m\/320c39685c870761\/original\/doc_tadano_GT-750EL-3-01001_datasheet_metric_GEN_en.pdf\" class=\"btn-specs\" >\n                                    <span class=\"mobile-only\">Specs<\/span>\n                                    <span class=\"desktop-only\">Folha de especifica\u00e7\u00f5es<\/span>\n                                <\/a>\n                            <\/li>\n                        \n                \n            \n            \n                                                                                    \n\n        <\/ul>\n    <\/div><!-- end compare single -->\n<\/div><!-- end product filter item -->                        <\/div><!-- end filter compare -->\n\n                                    <\/section>\n        <\/div>\n    <\/div>\n\n\n<section class=\"new-products\">\n  <div class=\"container\">\n    <h2>Novos produtos<\/h2>\n    <div class=\"new-products-hold\">\n                                  <div class=\"new-product-single\">\n            <a href=\"https:\/\/www.tadano.com\/brazil\/pt-br\/lifting-equipment\/lattice-boom-crawler-cranes\/cc-78-1250-1\/\">\n              <div class=\"img-holder\">\n                                <div class=\"bg-stretch\" >\n                  <span data-srcset=\"https:\/\/mediahub.tadano.com\/m\/66ee5e28b8e2e436\/employee-img_tadano_CC781250_cuout_side.png, https:\/\/mediahub.tadano.com\/m\/66ee5e28b8e2e436\/employee_2x-img_tadano_CC781250_cuout_side.png 2x\"><\/span>\n                <\/div>\n                              <\/div>\n              <div class=\"text-block\">\n                <strong class=\"title\">CC 78.1250-1<\/strong>\n                <span class=\"category\">\n                                  <\/span>\n              <\/div>\n            <\/a>\n          <\/div>\n                            <div class=\"new-product-single\">\n            <a href=\"https:\/\/www.tadano.com\/brazil\/pt-br\/lifting-equipment\/all-terrain-cranes\/ac-5-250l-2\/\">\n              <div class=\"img-holder\">\n                                <div class=\"bg-stretch\" >\n                  <span data-srcset=\"https:\/\/mediahub.tadano.com\/m\/3030b5811b8aa0e8\/employee-img_tadano_AC5250L-2_cutout_side.png, https:\/\/mediahub.tadano.com\/m\/3030b5811b8aa0e8\/employee_2x-img_tadano_AC5250L-2_cutout_side.png 2x\"><\/span>\n                <\/div>\n                              <\/div>\n              <div class=\"text-block\">\n                <strong class=\"title\">AC 5.250L-2<\/strong>\n                <span class=\"category\">\n                                  <\/span>\n              <\/div>\n            <\/a>\n          <\/div>\n                            <div class=\"new-product-single\">\n            <a href=\"https:\/\/www.tadano.com\/brazil\/pt-br\/lifting-equipment\/rough-terrain-cranes\/gr-1450ex-3\/\">\n              <div class=\"img-holder\">\n                                <div class=\"bg-stretch\" >\n                  <span data-srcset=\"https:\/\/assets.onetadano.com\/celum_assets\/employee\/IMG00000001320_JPEG_GR1450EX_026_2016.jpg, https:\/\/assets.onetadano.com\/celum_assets\/employee-2x\/IMG00000001320_JPEG_GR1450EX_026_2016.jpg 2x\"><\/span>\n                <\/div>\n                              <\/div>\n              <div class=\"text-block\">\n                <strong class=\"title\">GR-1450EX-3<\/strong>\n                <span class=\"category\">\n                                  <\/span>\n              <\/div>\n            <\/a>\n          <\/div>\n                  <\/div>\n  <\/div>\n<\/section>","protected":false},"excerpt":{"rendered":"","protected":false},"author":1,"featured_media":0,"parent":0,"menu_order":0,"comment_status":"closed","ping_status":"closed","template":"","meta":{"_acf_changed":false,"footnotes":""},"acf":[],"yoast_head":"<!-- This site is optimized with the Yoast SEO plugin v22.3 - https:\/\/yoast.com\/wordpress\/plugins\/seo\/ -->\n<title>Guindaste sobre caminh\u00e3o - Brazil<\/title>\n<meta name=\"robots\" content=\"index, follow, max-snippet:-1, max-image-preview:large, max-video-preview:-1\" \/>\n<link rel=\"canonical\" href=\"https:\/\/www.tadano.com\/brazil\/pt-br\/guindaste-sobre-caminhao\/\" \/>\n<meta property=\"og:locale\" content=\"pt_BR\" \/>\n<meta property=\"og:type\" content=\"article\" \/>\n<meta property=\"og:title\" content=\"Guindaste sobre caminh\u00e3o - Brazil\" \/>\n<meta property=\"og:url\" content=\"https:\/\/www.tadano.com\/brazil\/pt-br\/guindaste-sobre-caminhao\/\" \/>\n<meta property=\"og:site_name\" content=\"Brazil\" \/>\n<meta property=\"article:modified_time\" content=\"2023-10-27T10:42:06+00:00\" \/>\n<meta name=\"twitter:card\" content=\"summary_large_image\" \/>\n<meta name=\"twitter:label1\" content=\"Est. tempo de leitura\" \/>\n\t<meta name=\"twitter:data1\" content=\"1 minuto\" \/>\n<script type=\"application\/ld+json\" class=\"yoast-schema-graph\">{\"@context\":\"https:\/\/schema.org\",\"@graph\":[{\"@type\":\"WebPage\",\"@id\":\"https:\/\/www.tadano.com\/brazil\/pt-br\/guindaste-sobre-caminhao\/\",\"url\":\"https:\/\/www.tadano.com\/brazil\/pt-br\/guindaste-sobre-caminhao\/\",\"name\":\"Guindaste sobre caminh\u00e3o - Brazil\",\"isPartOf\":{\"@id\":\"https:\/\/www.tadano.com\/brazil\/pt-br\/#website\"},\"datePublished\":\"2022-05-31T06:56:26+00:00\",\"dateModified\":\"2023-10-27T10:42:06+00:00\",\"inLanguage\":\"pt-BR\",\"potentialAction\":[{\"@type\":\"ReadAction\",\"target\":[\"https:\/\/www.tadano.com\/brazil\/pt-br\/guindaste-sobre-caminhao\/\"]}]},{\"@type\":\"WebSite\",\"@id\":\"https:\/\/www.tadano.com\/brazil\/pt-br\/#website\",\"url\":\"https:\/\/www.tadano.com\/brazil\/pt-br\/\",\"name\":\"Brazil\",\"description\":\"Just another TADANO EUROPE site\",\"potentialAction\":[{\"@type\":\"SearchAction\",\"target\":{\"@type\":\"EntryPoint\",\"urlTemplate\":\"https:\/\/www.tadano.com\/brazil\/pt-br\/?s={search_term_string}\"},\"query-input\":\"required name=search_term_string\"}],\"inLanguage\":\"pt-BR\"}]}<\/script>\n<!-- \/ Yoast SEO plugin. -->","yoast_head_json":{"title":"Guindaste sobre caminh\u00e3o - Brazil","robots":{"index":"index","follow":"follow","max-snippet":"max-snippet:-1","max-image-preview":"max-image-preview:large","max-video-preview":"max-video-preview:-1"},"canonical":"https:\/\/www.tadano.com\/brazil\/pt-br\/guindaste-sobre-caminhao\/","og_locale":"pt_BR","og_type":"article","og_title":"Guindaste sobre caminh\u00e3o - Brazil","og_url":"https:\/\/www.tadano.com\/brazil\/pt-br\/guindaste-sobre-caminhao\/","og_site_name":"Brazil","article_modified_time":"2023-10-27T10:42:06+00:00","twitter_card":"summary_large_image","twitter_misc":{"Est. tempo de leitura":"1 minuto"},"schema":{"@context":"https:\/\/schema.org","@graph":[{"@type":"WebPage","@id":"https:\/\/www.tadano.com\/brazil\/pt-br\/guindaste-sobre-caminhao\/","url":"https:\/\/www.tadano.com\/brazil\/pt-br\/guindaste-sobre-caminhao\/","name":"Guindaste sobre caminh\u00e3o - Brazil","isPartOf":{"@id":"https:\/\/www.tadano.com\/brazil\/pt-br\/#website"},"datePublished":"2022-05-31T06:56:26+00:00","dateModified":"2023-10-27T10:42:06+00:00","inLanguage":"pt-BR","potentialAction":[{"@type":"ReadAction","target":["https:\/\/www.tadano.com\/brazil\/pt-br\/guindaste-sobre-caminhao\/"]}]},{"@type":"WebSite","@id":"https:\/\/www.tadano.com\/brazil\/pt-br\/#website","url":"https:\/\/www.tadano.com\/brazil\/pt-br\/","name":"Brazil","description":"Just another TADANO EUROPE site","potentialAction":[{"@type":"SearchAction","target":{"@type":"EntryPoint","urlTemplate":"https:\/\/www.tadano.com\/brazil\/pt-br\/?s={search_term_string}"},"query-input":"required name=search_term_string"}],"inLanguage":"pt-BR"}]}},"_links":{"self":[{"href":"https:\/\/www.tadano.com\/brazil\/pt-br\/wp-json\/wp\/v2\/pages\/3594"}],"collection":[{"href":"https:\/\/www.tadano.com\/brazil\/pt-br\/wp-json\/wp\/v2\/pages"}],"about":[{"href":"https:\/\/www.tadano.com\/brazil\/pt-br\/wp-json\/wp\/v2\/types\/page"}],"author":[{"embeddable":true,"href":"https:\/\/www.tadano.com\/brazil\/pt-br\/wp-json\/wp\/v2\/users\/1"}],"replies":[{"embeddable":true,"href":"https:\/\/www.tadano.com\/brazil\/pt-br\/wp-json\/wp\/v2\/comments?post=3594"}],"version-history":[{"count":4,"href":"https:\/\/www.tadano.com\/brazil\/pt-br\/wp-json\/wp\/v2\/pages\/3594\/revisions"}],"predecessor-version":[{"id":3682,"href":"https:\/\/www.tadano.com\/brazil\/pt-br\/wp-json\/wp\/v2\/pages\/3594\/revisions\/3682"}],"wp:attachment":[{"href":"https:\/\/www.tadano.com\/brazil\/pt-br\/wp-json\/wp\/v2\/media?parent=3594"}],"curies":[{"name":"wp","href":"https:\/\/api.w.org\/{rel}","templated":true}]}}