{"id":3630,"date":"2023-08-18T10:00:20","date_gmt":"2023-08-18T10:00:20","guid":{"rendered":"https:\/\/www.tadano.com\/brazil\/newsletter\/"},"modified":"2023-10-06T13:06:58","modified_gmt":"2023-10-06T13:06:58","slug":"newsletter","status":"publish","type":"page","link":"https:\/\/www.tadano.com\/brazil\/pt-br\/newsletter\/","title":{"rendered":"Newsletter"},"content":{"rendered":"\n\n\n<section class=\"hero-section\">\n\n\t\n\t\n\t\n\t<div class=\"img-holder \">\n\t\t\t\t<div class=\"bg-stretch\" style=\"background-position: 50% 100%; \">\n\t\t\t<span data-srcset=\"https:\/\/assets.onetadano.com\/celum_assets\/hero\/Tadano_line_up_EMEAR_2.jpg, https:\/\/assets.onetadano.com\/celum_assets\/hero-2x\/Tadano_line_up_EMEAR_2.jpg 2x\"><\/span>\n\t\t<\/div>\n\t\t\t\t\t\t<div class=\"logo green-solutions\" style=\"display:none;\">\n\t\t\t<a href=\"#\"><img decoding=\"async\" src=\"https:\/\/www.tadano.com\/brazil\/wp-content\/themes\/tadano\/assets\/dist\/images\/Green-Solutions_Logo_White.svg\"><\/a>\n\t\t<\/div>\n\t<\/div>\n\t<div class=\"container\">\n\t\t<div class=\"text-holder \">\n\t\t\t<div class=\"wrap\">\n\t\t\t\t\n\t\t\t\t<ul class=\"breadcrumbs\"><li><a href=\"https:\/\/www.tadano.com\/brazil\/pt-br\/\">Home<\/a><\/li><\/ul>\n\t\t\t\t\n\n<h1 class=\"wp-block-heading\">REGISTRO DE NEWSLETTER<\/h1>\n\n\n\n<p>Voc\u00ea receber\u00e1 hist\u00f3rias de sucesso de clientes que usam guindastes Tadano, destaques de produtos, promo\u00e7\u00f5es de pe\u00e7as, informa\u00e7\u00f5es de localiza\u00e7\u00e3o, not\u00edcias da empresa e muito mais.<\/p>\n\n\n\n\t\t\t\t\n\t\t\t<\/div>\n\n\t\t\t\n\t\t\t\n\t\t\t\n\t\t<\/div>\n\t<\/div>\n<\/section>\n\n\n<section class=\"contact-form-block form-block-pardot\" id=\"newsletter_form\">\n  <div class=\"container\">\n\n\n  \n    <script type=\"text\/javascript\">\n      var recaptchaPublicKey = '6LcJ044oAAAAAHa4a1TbHqHq3jD3KyKSubByLS51';\n      const formRequiredMessage = 'This field is required';\n      var formRecipient = '';\n      var formSubject = 'Contact Form';\n    <\/script>\n    \n    <script src=\"https:\/\/www.google.com\/recaptcha\/api.js?render=6LcJ044oAAAAAHa4a1TbHqHq3jD3KyKSubByLS51\"><\/script>\n\n     \n      <h2>Registre-se em nosso boletim informativo!<\/h2>\n      <form class=\"contact-form\" action=\"#contact-form-container\" method=\"post\" onsubmit=\"dataLayer.push({'event': 'formSubmission'});\">\n        <div class=\"row\">\n          <div class=\"col full-width\">\n            <label for=\"e-address\" class=\"hidden\">Email Address<\/label>\n            <input type=\"email\" placeholder=\"Email Address *\" name=\"email\" required \/>\n          <\/div>\n          <div class=\"col full-width terms\">\n            <label class=\"terms-checkbox\">\n              <input type=\"checkbox\" checked name=\"newsletter\" value=\"requested\" title=\"Quero receber not\u00edcias regulares da Tadano.\" \/>\n              <span class=\"fake-input\"><\/span>\n              <span class=\"fake-label\">\n                Quero receber not\u00edcias regulares da Tadano.              <\/span>\n            <\/label>\n          <\/div>\n          <div class=\"col full-width terms\">\n            <label class=\"terms-checkbox\">\n              <input type=\"checkbox\" name=\"data-protection\" required title=\"Please accept our data protection declaration\" \/>\n              <span class=\"fake-input\"><\/span>\n              <span class=\"fake-label\">\n                I acknowledge the data <a target=\"_blank\" href=\"https:\/\/tadanoeurope.com\/en\/privacy-policy\/\">privacy policy<\/a> with further information.*\n              <\/span>\n            <\/label>\n            <span class=\"req\">*Required<\/span>\n          <\/div>\n          <div class=\"loader\"><\/div>\n          <input type=\"hidden\" name=\"language\" value=\"pt-br\" \/>\n                    <input type=\"hidden\" name=\"region\" value=\"brazil\" \/>\n          <input type=\"hidden\" name=\"region_language\" value=\"brazil_pt-br\" \/>\n                    <input type=\"hidden\" name=\"targeturl\" value=\"https:\/\/www.tadano.com\/brazil\/pt-br\/wp-json\/wp\/v2\/pages\/3630\/?success#newsletter_form\" \/>\n          <input type=\"hidden\" name=\"configured_pardot_form\" value=\"newsletter_form\" \/>\n\n          \n            <input type=\"hidden\" name=\"requestedcrane\" value=\"\" \/>\n\n          \n          <div class=\"col full-width btn-holder\">\n            <input type=\"submit\" class=\"btn btn-light\" value=\"Submit\" name=\"submit_contact_form_pardot\" \/>\n          <\/div>\n        <\/div>\n      <\/form>\n\n     \n\n\n\n\n  \n\n<\/div>\n<\/section>\n\n<div class=\"cookieconsent-optout-marketing cookieconsent\" style=\"background-image: url('https:\/\/www.tadano.com\/brazil\/wp-content\/themes\/tadano\/assets\/dist\/images\/nocookie_form.jpg');\">\n      <div class=\"wrapper\">\n        <h3>You need to accept marketing cookies to view this content<\/h3>\n        <a href=\"javascript: Cookiebot.renew()\" class=\"btn btn-outline-white\">accept<\/a>\n    <\/div>\n<\/div>\n\n\n\n\n<div class=\"wp-block-group is-layout-flow wp-block-group-is-layout-flow\"><div class=\"wp-block-group__inner-container\">\n<h2 class=\"wp-block-heading\">Assine nossa newsletter<\/h2>\n\n\n\n<p>Bem-vindo ao mundo da Tadano, onde a inova\u00e7\u00e3o encontra a excel\u00eancia no campo das solu\u00e7\u00f5es de eleva\u00e7\u00e3o. Fique \u00e0 frente da curva e mergulhe em um universo de tecnologia de ponta, insights do setor e hist\u00f3rias cativantes, assinando nosso boletim informativo.<\/p>\n\n\n\n<p>Como assinante, voc\u00ea ter\u00e1 acesso exclusivo a atualiza\u00e7\u00f5es em primeira m\u00e3o sobre nossos \u00faltimos avan\u00e7os em guindastes, hist\u00f3rias de sucesso de todo o mundo e perspectivas de especialistas de l\u00edderes da \u00e1rea. Junte-se \u00e0 nossa comunidade de entusiastas e vision\u00e1rios do setor e deixe que o pulso do progresso da Tadano inspire e fortale\u00e7a sua jornada.<\/p>\n\n\n\n<p>Inscreva-se agora e fa\u00e7a parte da forma\u00e7\u00e3o do futuro do levantamento de peso junto com a Tadano.<\/p>\n<\/div><\/div>\n\n\n\n    <section class=\"news-section\">\n\n    <div class=\"container\">\n      <div class=\"text-block\">\n        <h2>News<\/h2>\n        <p>Dive into the latest news and developments from the Tadano Group.<\/p>                \n                  <a href=\"https:\/\/www.tadano.com\/brazil\/pt-br\/news-list\/\" class=\"link-more\">EXPLORE ALL News<\/a>\n        \n\n                <div class=\"controls\">\n          <svg width=\"14\" height=\"31\" viewBox=\"0 0 14 31\" fill=\"none\" xmlns=\"http:\/\/www.w3.org\/2000\/svg\">\n           <path d=\"M13 1L1 15.5L13 30\" stroke=\"#fff\"\/>\n          <\/svg>\n          <svg width=\"15\" height=\"31\" viewBox=\"0 0 15 31\" fill=\"none\" xmlns=\"http:\/\/www.w3.org\/2000\/svg\">\n           <path d=\"M1 1L14 15.5L1 30\" stroke=\"#fff\"\/>\n          <\/svg>\n        <\/div>\n        \n\n        \n      <\/div>\n      <div class=\"slick-slider simple-slider\">\n                              <div>\n              <div class=\"news-single\">\n                <a href=\"https:\/\/www.tadano.com\/brazil\/pt-br\/news\/the-new-cc-78-1250-1\/\">\n                  <strong class=\"title\">O novo Tadano CC 78.1250-1<\/strong>\n                  <ul class=\"meta\">\n                    <li>Publication<\/li>\n                    <li><time datetime=\"2020-01-01\">abr\/03\/2025<\/time><\/li>\n                  <\/ul>\n                <\/a>\n              <\/div>\n            <\/div>\n                      <div>\n              <div class=\"news-single\">\n                <a href=\"https:\/\/www.tadano.com\/brazil\/pt-br\/news\/maior-alcance-mais-alto-mais-longe-novo-guindaste-todo-terreno-tadano-ac-5-250l-2-com-lanca-principal-de-79-metros\/\">\n                  <strong class=\"title\">MAIOR ALCANCE, MAIS ALTO, MAIS LONGE: NOVO GUINDASTE TODO-TERRENO TADANO AC 5.250L-2 COM LAN\u00c7A PRINCIPAL DE 79 METROS<\/strong>\n                  <ul class=\"meta\">\n                    <li>Publication<\/li>\n                    <li><time datetime=\"2020-01-01\">fev\/18\/2025<\/time><\/li>\n                  <\/ul>\n                <\/a>\n              <\/div>\n            <\/div>\n                      <div>\n              <div class=\"news-single\">\n                <a href=\"https:\/\/www.tadano.com\/brazil\/pt-br\/news\/tadano-ac-7-450-1-em-dose-dupla-no-wisconsin\/\">\n                  <strong class=\"title\">TADANO AC 7.450-1 em dose dupla no Wisconsin<\/strong>\n                  <ul class=\"meta\">\n                    <li>Publication<\/li>\n                    <li><time datetime=\"2020-01-01\">nov\/12\/2024<\/time><\/li>\n                  <\/ul>\n                <\/a>\n              <\/div>\n            <\/div>\n                      <div>\n              <div class=\"news-single\">\n                <a href=\"https:\/\/www.tadano.com\/brazil\/pt-br\/news\/o-novo-tadano-ac-5-250-2-e-uma-solucao-inovadora\/\">\n                  <strong class=\"title\">O novo Tadano AC 5.250-2 \u00e9 uma solu\u00e7\u00e3o inovadora<\/strong>\n                  <ul class=\"meta\">\n                    <li>Publication<\/li>\n                    <li><time datetime=\"2020-01-01\">jul\/22\/2024<\/time><\/li>\n                  <\/ul>\n                <\/a>\n              <\/div>\n            <\/div>\n                      <div>\n              <div class=\"news-single\">\n                <a href=\"https:\/\/www.tadano.com\/brazil\/pt-br\/news\/a-equipe-panam-apresenta-a-tadano-quality-na-mt-expo\/\">\n                  <strong class=\"title\">A equipe PANAM apresenta\u00a0 a Tadano Quality na M&amp;T Expo<\/strong>\n                  <ul class=\"meta\">\n                    <li>Publication<\/li>\n                    <li><time datetime=\"2020-01-01\">maio\/28\/2024<\/time><\/li>\n                  <\/ul>\n                <\/a>\n              <\/div>\n            <\/div>\n                      <div>\n              <div class=\"news-single\">\n                <a href=\"https:\/\/www.tadano.com\/brazil\/pt-br\/news\/o-tadano-ac-7-450-1-realiza-icamentos-exclusivos-em-uma-instalacao-de-engarrafamento-na-pensilvania\/\">\n                  <strong class=\"title\">O TADANO AC 7.450-1 REALIZA I\u00c7AMENTOS EXCLUSIVOS EM UMA INSTALA\u00c7\u00c3O DE ENGARRAFAMENTO NA PENSILV\u00c2NIA<\/strong>\n                  <ul class=\"meta\">\n                    <li>Publication<\/li>\n                    <li><time datetime=\"2020-01-01\">maio\/23\/2024<\/time><\/li>\n                  <\/ul>\n                <\/a>\n              <\/div>\n            <\/div>\n                        <\/div>\n    <\/div>\n  <\/section>\n  ","protected":false},"excerpt":{"rendered":"<p>Assine nossa newsletter Bem-vindo ao mundo da Tadano, onde a inova\u00e7\u00e3o encontra a excel\u00eancia no campo das solu\u00e7\u00f5es de eleva\u00e7\u00e3o. Fique \u00e0 frente da curva e mergulhe em um universo de tecnologia de ponta, insights do setor e hist\u00f3rias cativantes, assinando nosso boletim informativo. Como assinante, voc\u00ea ter\u00e1 acesso exclusivo a atualiza\u00e7\u00f5es em primeira m\u00e3o [&hellip;]<\/p>\n","protected":false},"author":3,"featured_media":0,"parent":0,"menu_order":0,"comment_status":"closed","ping_status":"closed","template":"","meta":{"_acf_changed":false,"footnotes":""},"acf":[],"yoast_head":"<!-- This site is optimized with the Yoast SEO plugin v22.3 - https:\/\/yoast.com\/wordpress\/plugins\/seo\/ -->\n<title>Newsletter - Brazil<\/title>\n<meta name=\"robots\" content=\"index, follow, max-snippet:-1, max-image-preview:large, max-video-preview:-1\" \/>\n<link rel=\"canonical\" href=\"https:\/\/www.tadano.com\/brazil\/pt-br\/newsletter\/\" \/>\n<meta property=\"og:locale\" content=\"pt_BR\" \/>\n<meta property=\"og:type\" content=\"article\" \/>\n<meta property=\"og:title\" content=\"Newsletter - Brazil\" \/>\n<meta property=\"og:description\" content=\"Assine nossa newsletter Bem-vindo ao mundo da Tadano, onde a inova\u00e7\u00e3o encontra a excel\u00eancia no campo das solu\u00e7\u00f5es de eleva\u00e7\u00e3o. Fique \u00e0 frente da curva e mergulhe em um universo de tecnologia de ponta, insights do setor e hist\u00f3rias cativantes, assinando nosso boletim informativo. Como assinante, voc\u00ea ter\u00e1 acesso exclusivo a atualiza\u00e7\u00f5es em primeira m\u00e3o [&hellip;]\" \/>\n<meta property=\"og:url\" content=\"https:\/\/www.tadano.com\/brazil\/pt-br\/newsletter\/\" \/>\n<meta property=\"og:site_name\" content=\"Brazil\" \/>\n<meta property=\"article:modified_time\" content=\"2023-10-06T13:06:58+00:00\" \/>\n<meta name=\"twitter:card\" content=\"summary_large_image\" \/>\n<meta name=\"twitter:label1\" content=\"Est. tempo de leitura\" \/>\n\t<meta name=\"twitter:data1\" content=\"1 minuto\" \/>\n<script type=\"application\/ld+json\" class=\"yoast-schema-graph\">{\"@context\":\"https:\/\/schema.org\",\"@graph\":[{\"@type\":\"WebPage\",\"@id\":\"https:\/\/www.tadano.com\/brazil\/pt-br\/newsletter\/\",\"url\":\"https:\/\/www.tadano.com\/brazil\/pt-br\/newsletter\/\",\"name\":\"Newsletter - Brazil\",\"isPartOf\":{\"@id\":\"https:\/\/www.tadano.com\/brazil\/pt-br\/#website\"},\"datePublished\":\"2023-08-18T10:00:20+00:00\",\"dateModified\":\"2023-10-06T13:06:58+00:00\",\"inLanguage\":\"pt-BR\",\"potentialAction\":[{\"@type\":\"ReadAction\",\"target\":[\"https:\/\/www.tadano.com\/brazil\/pt-br\/newsletter\/\"]}]},{\"@type\":\"WebSite\",\"@id\":\"https:\/\/www.tadano.com\/brazil\/pt-br\/#website\",\"url\":\"https:\/\/www.tadano.com\/brazil\/pt-br\/\",\"name\":\"Brazil\",\"description\":\"Just another TADANO EUROPE site\",\"potentialAction\":[{\"@type\":\"SearchAction\",\"target\":{\"@type\":\"EntryPoint\",\"urlTemplate\":\"https:\/\/www.tadano.com\/brazil\/pt-br\/?s={search_term_string}\"},\"query-input\":\"required name=search_term_string\"}],\"inLanguage\":\"pt-BR\"}]}<\/script>\n<!-- \/ Yoast SEO plugin. -->","yoast_head_json":{"title":"Newsletter - Brazil","robots":{"index":"index","follow":"follow","max-snippet":"max-snippet:-1","max-image-preview":"max-image-preview:large","max-video-preview":"max-video-preview:-1"},"canonical":"https:\/\/www.tadano.com\/brazil\/pt-br\/newsletter\/","og_locale":"pt_BR","og_type":"article","og_title":"Newsletter - Brazil","og_description":"Assine nossa newsletter Bem-vindo ao mundo da Tadano, onde a inova\u00e7\u00e3o encontra a excel\u00eancia no campo das solu\u00e7\u00f5es de eleva\u00e7\u00e3o. Fique \u00e0 frente da curva e mergulhe em um universo de tecnologia de ponta, insights do setor e hist\u00f3rias cativantes, assinando nosso boletim informativo. Como assinante, voc\u00ea ter\u00e1 acesso exclusivo a atualiza\u00e7\u00f5es em primeira m\u00e3o [&hellip;]","og_url":"https:\/\/www.tadano.com\/brazil\/pt-br\/newsletter\/","og_site_name":"Brazil","article_modified_time":"2023-10-06T13:06:58+00:00","twitter_card":"summary_large_image","twitter_misc":{"Est. tempo de leitura":"1 minuto"},"schema":{"@context":"https:\/\/schema.org","@graph":[{"@type":"WebPage","@id":"https:\/\/www.tadano.com\/brazil\/pt-br\/newsletter\/","url":"https:\/\/www.tadano.com\/brazil\/pt-br\/newsletter\/","name":"Newsletter - Brazil","isPartOf":{"@id":"https:\/\/www.tadano.com\/brazil\/pt-br\/#website"},"datePublished":"2023-08-18T10:00:20+00:00","dateModified":"2023-10-06T13:06:58+00:00","inLanguage":"pt-BR","potentialAction":[{"@type":"ReadAction","target":["https:\/\/www.tadano.com\/brazil\/pt-br\/newsletter\/"]}]},{"@type":"WebSite","@id":"https:\/\/www.tadano.com\/brazil\/pt-br\/#website","url":"https:\/\/www.tadano.com\/brazil\/pt-br\/","name":"Brazil","description":"Just another TADANO EUROPE site","potentialAction":[{"@type":"SearchAction","target":{"@type":"EntryPoint","urlTemplate":"https:\/\/www.tadano.com\/brazil\/pt-br\/?s={search_term_string}"},"query-input":"required name=search_term_string"}],"inLanguage":"pt-BR"}]}},"_links":{"self":[{"href":"https:\/\/www.tadano.com\/brazil\/pt-br\/wp-json\/wp\/v2\/pages\/3630"}],"collection":[{"href":"https:\/\/www.tadano.com\/brazil\/pt-br\/wp-json\/wp\/v2\/pages"}],"about":[{"href":"https:\/\/www.tadano.com\/brazil\/pt-br\/wp-json\/wp\/v2\/types\/page"}],"author":[{"embeddable":true,"href":"https:\/\/www.tadano.com\/brazil\/pt-br\/wp-json\/wp\/v2\/users\/3"}],"replies":[{"embeddable":true,"href":"https:\/\/www.tadano.com\/brazil\/pt-br\/wp-json\/wp\/v2\/comments?post=3630"}],"version-history":[{"count":2,"href":"https:\/\/www.tadano.com\/brazil\/pt-br\/wp-json\/wp\/v2\/pages\/3630\/revisions"}],"predecessor-version":[{"id":3634,"href":"https:\/\/www.tadano.com\/brazil\/pt-br\/wp-json\/wp\/v2\/pages\/3630\/revisions\/3634"}],"wp:attachment":[{"href":"https:\/\/www.tadano.com\/brazil\/pt-br\/wp-json\/wp\/v2\/media?parent=3630"}],"curies":[{"name":"wp","href":"https:\/\/api.w.org\/{rel}","templated":true}]}}