{"id":3702,"date":"2023-11-17T08:40:37","date_gmt":"2023-11-17T08:40:37","guid":{"rendered":"https:\/\/www.tadano.com\/brazil\/?page_id=3702"},"modified":"2023-11-17T08:40:37","modified_gmt":"2023-11-17T08:40:37","slug":"equipamentos-de-elevacao","status":"publish","type":"page","link":"https:\/\/www.tadano.com\/brazil\/pt-br\/equipamentos-de-elevacao\/","title":{"rendered":"Equipamentos de eleva\u00e7\u00e3o"},"content":{"rendered":"\n\n\n<section class=\"hero-section\">\n\n\t\n\t\t\t<style type=\"text\/css\">\n\t\t\t.hero-section .img-holder:before {\n\t\t\t\tdisplay: none;\n\t\t\t}\n\t\t<\/style>\n\t\n\t\n\t<div class=\"img-holder \">\n\t\t\t\t<div class=\"bg-stretch\" style=\"background-position: 50% 100%; \">\n\t\t\t<span data-srcset=\"https:\/\/assets.onetadano.com\/celum_assets\/hero\/TADANO_line-up_june_2021.jpg, https:\/\/assets.onetadano.com\/celum_assets\/hero-2x\/TADANO_line-up_june_2021.jpg 2x\"><\/span>\n\t\t<\/div>\n\t\t\t\t\t\t<div class=\"logo green-solutions\" style=\"display:none;\">\n\t\t\t<a href=\"#\"><img decoding=\"async\" src=\"https:\/\/www.tadano.com\/brazil\/wp-content\/themes\/tadano\/assets\/dist\/images\/Green-Solutions_Logo_White.svg\"><\/a>\n\t\t<\/div>\n\t<\/div>\n\t<div class=\"container\">\n\t\t<div class=\"text-holder \">\n\t\t\t<div class=\"wrap\">\n\t\t\t\t\n\t\t\t\t<ul class=\"breadcrumbs\"><li><a href=\"https:\/\/www.tadano.com\/brazil\/pt-br\/\">Home<\/a><\/li><\/ul>\n\t\t\t\t\n\n<h1 class=\"wp-block-heading\" id=\"h-equipamentos-de-eleva-o\">Equipamentos de eleva\u00e7\u00e3o<\/h1>\n\n\n\n<p>O Tadano Group entrega uma ampla gama de equipamentos de eleva\u00e7\u00e3o de qualidade que trabalham virtualmente em qualquer terreno, cen\u00e1rio de aplica\u00e7\u00e3o e carga.<\/p>\n\n\n\n\t\t\t\t\n\t\t\t<\/div>\n\n\t\t\t\n\t\t\t\n\t\t\t\n\t\t<\/div>\n\t<\/div>\n<\/section>\n\n\n<div class=\"wp-block-group is-style-background-triangle-right has-white-color has-dark-blue-background-color has-text-color has-background is-layout-flow wp-block-group-is-layout-flow\"><div class=\"wp-block-group__inner-container\">\n<div class=\"wp-block-columns is-layout-flex wp-container-core-columns-layout-1 wp-block-columns-is-layout-flex\">\n<div class=\"wp-block-column is-layout-flow wp-block-column-is-layout-flow\" style=\"flex-basis:33.33%\">\n<h2 class=\"wp-block-heading\" id=\"h-pesquisar-categorias\">PESQUISAR CATEGORIAS<\/h2>\n\n\n\n<p>Sejam quais forem suas necessidades de trabalho, temos as solu\u00e7\u00f5es. Veja o que os diferentes modelos de guindaste da Tadano podem ajudar voc\u00ea a realizar.<\/p>\n\n\n\n<h3 class=\"wp-block-heading\" id=\"h-interessado-em-guindastes-usados\">INTERESSADO EM GUINDASTES USADOS?<\/h3>\n\n\n\n<p>Pesquise ofertas em guindastes usados e bem mantidos para todo terreno, terrenos acidentados e sobre esteira.<\/p>\n\n\n\n<div class=\"wp-block-buttons is-layout-flex wp-block-buttons-is-layout-flex\">\n<div class=\"wp-block-button is-style-btn-light\"><a class=\"wp-block-button__link\" href=\"https:\/\/www.tadano.com\/brazil\/pt-br\/visao-geral-do-produto__trashed\/guindastes-usados\/\">Pesquisar guindastes usados<\/a><\/div>\n<\/div>\n<\/div>\n\n\n\n<div class=\"wp-block-column is-layout-flow wp-block-column-is-layout-flow\" style=\"flex-basis:66.66%\"><div class=\"links-block-wrapper\">\n  <div class=\"container\">\n    <section class=\"links-block\">\n              <div class=\"links-block\">\n                                  <div class=\"link-single  \">\n                              <a href=\"https:\/\/www.tadano.com\/brazil\/pt-br\/guindastes-todo-terreno\/\">\n                               \n                                  <strong class='title'>GUINDASTES TODO TERRENO<\/strong>\n                                                  <p>Os guindastes todo terreno vers\u00e1teis oferecem desempenho, versatilidade nas manobras e conforto ao condutor, com excepcionais resultados dentro ou fora da estrada.<\/p>\n                              <\/a>\n            <\/div>\n                                  <div class=\"link-single  \">\n                              <a href=\"https:\/\/www.tadano.com\/brazil\/pt-br\/guindastes-city\/\">\n                               \n                                  <strong class='title'>GUINDASTES CITY<\/strong>\n                                                  <p>Compacto e flex\u00edvel, o Tadano AC 3.045-1 City \u00e9 perfeito para executar eleva\u00e7\u00f5es em espa\u00e7os restritos.<\/p>\n                              <\/a>\n            <\/div>\n                                  <div class=\"link-single  \">\n                              <a href=\"https:\/\/www.tadano.com\/brazil\/pt-br\/guindastes-sobre-esteira-com-lanca-trelicada\/\">\n                               \n                                  <strong class='title'>GUINDASTES SOBRE ESTEIRA COM LAN\u00c7A TRELI\u00c7ADA<\/strong>\n                                                  <p>Os guindastes sobre esteira oferecem altas capacidades, excelente atividades de manobras e r\u00e1pida montagem em trabalhos de eleva\u00e7\u00e3o pesada.<\/p>\n                              <\/a>\n            <\/div>\n                                  <div class=\"link-single  \">\n                              <a href=\"https:\/\/www.tadano.com\/brazil\/pt-br\/guindastes-terreno-acidentado\/\">\n                               \n                                  <strong class='title'>GUINDASTES TERRENO ACIDENTADO<\/strong>\n                                                  <p>Os guindastes terreno acidentado apresentam uma cabine \u00fanica para alta versatilidade em manobras, oferecendo custo reduzido, sem comprometer a funcionalidade.<\/p>\n                              <\/a>\n            <\/div>\n                                  <div class=\"link-single  \">\n                              <a href=\"https:\/\/www.tadano.com\/brazil\/pt-br\/guindastes-sobre-esteira-com-lanca-telescopica\/\">\n                               \n                                  <strong class='title'>GUINDASTES SOBRE ESTEIRA COM LAN\u00c7A TELESC\u00d3PICA<\/strong>\n                                                  <p>A Tadano \u00e9 pioneira nos inovadores guindastes sobre esteira com lan\u00e7a telesc\u00f3pica, famosos por sua seguran\u00e7a, qualidade e efici\u00eancia.<\/p>\n                              <\/a>\n            <\/div>\n                                  <div class=\"link-single  \">\n                              <a href=\"https:\/\/www.tadano.com\/brazil\/pt-br\/guindaste-sobre-caminhao\/\">\n                               \n                                  <strong class='title'>GUINDASTES SOBRE CAMINH\u00c3O<\/strong>\n                                                  <p>A tecnologia de vanguarda do guindaste sobre caminh\u00e3o com uma lan\u00e7a aprimorada, lan\u00e7a auxiliar, os estabilizadores, a efici\u00eancia energ\u00e9tica e o conforto do condutor.<\/p>\n                              <\/a>\n            <\/div>\n                  <\/div>\n                    \n    <\/section>\n  <\/div>\n<\/div><\/div>\n<\/div>\n<\/div><\/div>\n\n\n\n<div style=\"height:100px\" aria-hidden=\"true\" class=\"wp-block-spacer\"><\/div>\n\n\n\n<h2 class=\"wp-block-heading\" id=\"h-a-vantagem-da-tadano\">A VANTAGEM DA TADANO<\/h2>\n\n\n\n<p>A Tadano lidera no setor de eleva\u00e7\u00e3o devido ao alto n\u00edvel de qualidade. Nossos guindastes satisfazem o cliente, pelo valor agregado, durabilidade e confiabilidade excepcionais para todas as suas necessidades de projeto. Os dados coletados pelos nossos clientes, com base substancial revelam n\u00edveis de efici\u00eancia operacional significativamente maiores com a Tadano do que com a concorr\u00eancia. A durabilidade come\u00e7a com engenharia superior e design estrutural como base, manifestando-se atrav\u00e9s do processo de fabrica\u00e7\u00e3o e componentes individuais de primeira, que s\u00e3o instalados em cada guindaste. Ao selecionar a Tadano, voc\u00ea desfruta de menor necessidade de pe\u00e7as e servi\u00e7o com menos tempo de inatividade. O resultado? Uma maior taxa de retorno e o menor custo operacional e de propriedade que qualquer guindaste no mercado.<br><\/p>\n\n\n\n<div class=\"wp-block-columns is-layout-flex wp-container-core-columns-layout-2 wp-block-columns-is-layout-flex\">\n<div class=\"wp-block-column is-layout-flow wp-block-column-is-layout-flow\">\n<h3 class=\"wp-block-heading\" id=\"h-valor\">VALOR.<\/h3>\n\n\n\n<p>A qualidade superior da Tadano implica em opera\u00e7\u00e3o eficiente com menos tempo de inatividade. O resultado? Maiores taxas de retorno e os menores custos operacionais e de propriedade que qualquer guindaste no mercado.<\/p>\n<\/div>\n\n\n\n<div class=\"wp-block-column is-layout-flow wp-block-column-is-layout-flow\">\n<h3 class=\"wp-block-heading\" id=\"h-a-durabilidade-est-integrada\">A DURABILIDADE EST\u00c1 INTEGRADA.<\/h3>\n\n\n\n<p>A engenharia superior e o design estrutural combinados com os processos e componentes de fabrica\u00e7\u00e3o de qualidade significam que os guindastes da Tadano s\u00e3o dif\u00edceis de quebrar e f\u00e1ceis de reparar. Os processos e componentes de fabrica\u00e7\u00e3o implicam que os guindastes da Tadano s\u00e3o dif\u00edceis de quebrar e f\u00e1ceis de reparar.<\/p>\n<\/div>\n\n\n\n<div class=\"wp-block-column is-layout-flow wp-block-column-is-layout-flow\">\n<h3 class=\"wp-block-heading\" id=\"h-confiabilidade\">CONFIABILIDADE.<\/h3>\n\n\n\n<p>A Tadano est\u00e1 comprometida em criar produtos de guindaste livres de defeitos, falhas e varia\u00e7\u00f5es significativas atrav\u00e9s de conceitos s\u00f3lidos, processos, distribuidores, design, testes e atendimento ao cliente.<\/p>\n<\/div>\n<\/div>\n\n\n\n\n<section class=\"featured-block01\">\n  <div class=\"img-holder\">\n        <div class=\"bg-stretch\" style=\"background-position: 50% 50%; \">\n      <span data-srcset=\"https:\/\/assets.onetadano.com\/celum_assets\/hero\/AdobeStock_222311548.jpg, https:\/\/assets.onetadano.com\/celum_assets\/hero-2x\/AdobeStock_222311548.jpg 2x\"><\/span>\n    <\/div>\n      <\/div>\n  <div class=\"container\">\n    <div class=\"text-holder\">\n      \n\n<h2 class=\"wp-block-heading\" id=\"h-tecnologia\">TECNOLOGIA<\/h2>\n\n\n\n<p>Os avan\u00e7os tecnol\u00f3gicos com servi\u00e7os inteligentes e suporte oferecem experi\u00eancias de eleva\u00e7\u00e3o excelentes, seguras e eficientes.<\/p>\n\n\n\n<p><strong><a href=\"https:\/\/www.tadano.com\/brazil\/pt-br\/tecnologia\/\">EXPLORE A TECNOLOGIA<\/a><\/strong><\/p>\n\n\n    <\/div>\n  <\/div>\n<\/section>\n\n\n\n<section class=\"featured-block02\">\n  <div class=\"img-holder\">\n        <div class=\"bg-stretch\" style=\"background-position: 0 100%; \">\n      <span data-srcset=\"https:\/\/assets.onetadano.com\/celum_assets\/hero\/TAD19I2-scaled.jpg, https:\/\/assets.onetadano.com\/celum_assets\/hero-2x\/TAD19I2-scaled.jpg 2x\"><\/span>\n    <\/div>\n      <\/div>\n  <div class=\"container\">\n    <div class=\"text-holder\">\n      \n\n<h2 class=\"wp-block-heading\" id=\"h-guindastes-usados\">GUINDASTES USADOS<\/h2>\n\n\n\n<p>Ofertas fant\u00e1sticas de diferentes marcas, modelos e tamanhos de guindaste para atender \u00e0s suas necessidades de projeto.<\/p>\n\n\n\n<p><strong><a href=\"https:\/\/www.tadano.com\/brazil\/pt-br\/visao-geral-do-produto__trashed\/guindastes-usados\/\">PESQUISAR GUINDASTES USADOS<\/a><\/strong><\/p>\n\n\n    <\/div>\n  <\/div>\n<\/section>","protected":false},"excerpt":{"rendered":"<p>PESQUISAR CATEGORIAS Sejam quais forem suas necessidades de trabalho, temos as solu\u00e7\u00f5es. Veja o que os diferentes modelos de guindaste da Tadano podem ajudar voc\u00ea a realizar. INTERESSADO EM GUINDASTES USADOS? Pesquise ofertas em guindastes usados e bem mantidos para todo terreno, terrenos acidentados e sobre esteira. A VANTAGEM DA TADANO A Tadano lidera no [&hellip;]<\/p>\n","protected":false},"author":3,"featured_media":0,"parent":0,"menu_order":0,"comment_status":"closed","ping_status":"closed","template":"","meta":{"_acf_changed":false,"footnotes":""},"acf":[],"yoast_head":"<!-- This site is optimized with the Yoast SEO plugin v22.3 - https:\/\/yoast.com\/wordpress\/plugins\/seo\/ -->\n<title>Equipamentos de eleva\u00e7\u00e3o - Brazil<\/title>\n<meta name=\"robots\" content=\"index, follow, max-snippet:-1, max-image-preview:large, max-video-preview:-1\" \/>\n<link rel=\"canonical\" href=\"https:\/\/www.tadano.com\/brazil\/pt-br\/equipamentos-de-elevacao\/\" \/>\n<meta property=\"og:locale\" content=\"pt_BR\" \/>\n<meta property=\"og:type\" content=\"article\" \/>\n<meta property=\"og:title\" content=\"Equipamentos de eleva\u00e7\u00e3o - Brazil\" \/>\n<meta property=\"og:description\" content=\"PESQUISAR CATEGORIAS Sejam quais forem suas necessidades de trabalho, temos as solu\u00e7\u00f5es. Veja o que os diferentes modelos de guindaste da Tadano podem ajudar voc\u00ea a realizar. INTERESSADO EM GUINDASTES USADOS? Pesquise ofertas em guindastes usados e bem mantidos para todo terreno, terrenos acidentados e sobre esteira. A VANTAGEM DA TADANO A Tadano lidera no [&hellip;]\" \/>\n<meta property=\"og:url\" content=\"https:\/\/www.tadano.com\/brazil\/pt-br\/equipamentos-de-elevacao\/\" \/>\n<meta property=\"og:site_name\" content=\"Brazil\" \/>\n<meta name=\"twitter:card\" content=\"summary_large_image\" \/>\n<meta name=\"twitter:label1\" content=\"Est. tempo de leitura\" \/>\n\t<meta name=\"twitter:data1\" content=\"2 minutos\" \/>\n<script type=\"application\/ld+json\" class=\"yoast-schema-graph\">{\"@context\":\"https:\/\/schema.org\",\"@graph\":[{\"@type\":\"WebPage\",\"@id\":\"https:\/\/www.tadano.com\/brazil\/pt-br\/equipamentos-de-elevacao\/\",\"url\":\"https:\/\/www.tadano.com\/brazil\/pt-br\/equipamentos-de-elevacao\/\",\"name\":\"Equipamentos de eleva\u00e7\u00e3o - Brazil\",\"isPartOf\":{\"@id\":\"https:\/\/www.tadano.com\/brazil\/pt-br\/#website\"},\"datePublished\":\"2023-11-17T08:40:37+00:00\",\"dateModified\":\"2023-11-17T08:40:37+00:00\",\"inLanguage\":\"pt-BR\",\"potentialAction\":[{\"@type\":\"ReadAction\",\"target\":[\"https:\/\/www.tadano.com\/brazil\/pt-br\/equipamentos-de-elevacao\/\"]}]},{\"@type\":\"WebSite\",\"@id\":\"https:\/\/www.tadano.com\/brazil\/pt-br\/#website\",\"url\":\"https:\/\/www.tadano.com\/brazil\/pt-br\/\",\"name\":\"Brazil\",\"description\":\"Just another TADANO EUROPE site\",\"potentialAction\":[{\"@type\":\"SearchAction\",\"target\":{\"@type\":\"EntryPoint\",\"urlTemplate\":\"https:\/\/www.tadano.com\/brazil\/pt-br\/?s={search_term_string}\"},\"query-input\":\"required name=search_term_string\"}],\"inLanguage\":\"pt-BR\"}]}<\/script>\n<!-- \/ Yoast SEO plugin. -->","yoast_head_json":{"title":"Equipamentos de eleva\u00e7\u00e3o - Brazil","robots":{"index":"index","follow":"follow","max-snippet":"max-snippet:-1","max-image-preview":"max-image-preview:large","max-video-preview":"max-video-preview:-1"},"canonical":"https:\/\/www.tadano.com\/brazil\/pt-br\/equipamentos-de-elevacao\/","og_locale":"pt_BR","og_type":"article","og_title":"Equipamentos de eleva\u00e7\u00e3o - Brazil","og_description":"PESQUISAR CATEGORIAS Sejam quais forem suas necessidades de trabalho, temos as solu\u00e7\u00f5es. Veja o que os diferentes modelos de guindaste da Tadano podem ajudar voc\u00ea a realizar. INTERESSADO EM GUINDASTES USADOS? Pesquise ofertas em guindastes usados e bem mantidos para todo terreno, terrenos acidentados e sobre esteira. A VANTAGEM DA TADANO A Tadano lidera no [&hellip;]","og_url":"https:\/\/www.tadano.com\/brazil\/pt-br\/equipamentos-de-elevacao\/","og_site_name":"Brazil","twitter_card":"summary_large_image","twitter_misc":{"Est. tempo de leitura":"2 minutos"},"schema":{"@context":"https:\/\/schema.org","@graph":[{"@type":"WebPage","@id":"https:\/\/www.tadano.com\/brazil\/pt-br\/equipamentos-de-elevacao\/","url":"https:\/\/www.tadano.com\/brazil\/pt-br\/equipamentos-de-elevacao\/","name":"Equipamentos de eleva\u00e7\u00e3o - Brazil","isPartOf":{"@id":"https:\/\/www.tadano.com\/brazil\/pt-br\/#website"},"datePublished":"2023-11-17T08:40:37+00:00","dateModified":"2023-11-17T08:40:37+00:00","inLanguage":"pt-BR","potentialAction":[{"@type":"ReadAction","target":["https:\/\/www.tadano.com\/brazil\/pt-br\/equipamentos-de-elevacao\/"]}]},{"@type":"WebSite","@id":"https:\/\/www.tadano.com\/brazil\/pt-br\/#website","url":"https:\/\/www.tadano.com\/brazil\/pt-br\/","name":"Brazil","description":"Just another TADANO EUROPE site","potentialAction":[{"@type":"SearchAction","target":{"@type":"EntryPoint","urlTemplate":"https:\/\/www.tadano.com\/brazil\/pt-br\/?s={search_term_string}"},"query-input":"required name=search_term_string"}],"inLanguage":"pt-BR"}]}},"_links":{"self":[{"href":"https:\/\/www.tadano.com\/brazil\/pt-br\/wp-json\/wp\/v2\/pages\/3702"}],"collection":[{"href":"https:\/\/www.tadano.com\/brazil\/pt-br\/wp-json\/wp\/v2\/pages"}],"about":[{"href":"https:\/\/www.tadano.com\/brazil\/pt-br\/wp-json\/wp\/v2\/types\/page"}],"author":[{"embeddable":true,"href":"https:\/\/www.tadano.com\/brazil\/pt-br\/wp-json\/wp\/v2\/users\/3"}],"replies":[{"embeddable":true,"href":"https:\/\/www.tadano.com\/brazil\/pt-br\/wp-json\/wp\/v2\/comments?post=3702"}],"version-history":[{"count":2,"href":"https:\/\/www.tadano.com\/brazil\/pt-br\/wp-json\/wp\/v2\/pages\/3702\/revisions"}],"predecessor-version":[{"id":3704,"href":"https:\/\/www.tadano.com\/brazil\/pt-br\/wp-json\/wp\/v2\/pages\/3702\/revisions\/3704"}],"wp:attachment":[{"href":"https:\/\/www.tadano.com\/brazil\/pt-br\/wp-json\/wp\/v2\/media?parent=3702"}],"curies":[{"name":"wp","href":"https:\/\/api.w.org\/{rel}","templated":true}]}}