{"id":4012,"date":"2025-08-12T11:17:39","date_gmt":"2025-08-12T11:17:39","guid":{"rendered":"https:\/\/www.tadano.com\/brazil\/cranebee\/"},"modified":"2026-03-26T11:44:21","modified_gmt":"2026-03-26T11:44:21","slug":"cranebee","status":"publish","type":"page","link":"https:\/\/www.tadano.com\/brazil\/pt-br\/cranebee\/","title":{"rendered":"CRANEbee"},"content":{"rendered":"\n\n\n<section class=\"hero-section\">\n\n\t\n\t\t\t<style type=\"text\/css\">\n\t\t\t.hero-section .img-holder:before {\n\t\t\t\tdisplay: none;\n\t\t\t}\n\t\t<\/style>\n\t\n\t\n\t<div class=\"img-holder \">\n\t\t\t\t<div class=\"bg-stretch\" style=\"background-position: 0 0; \">\n\t\t\t<span data-srcset=\"https:\/\/mediahub.tadano.com\/m\/2e8dca6ed44416d6\/hero-img_Demag_Demag_CC_2800-1_Tandem_Hareket_-1-jpg.jpg, https:\/\/mediahub.tadano.com\/m\/2e8dca6ed44416d6\/hero_2x-img_Demag_Demag_CC_2800-1_Tandem_Hareket_-1-jpg.jpg 2x\"><\/span>\n\t\t<\/div>\n\t\t\t\t\t\t<div class=\"logo green-solutions\" style=\"display:none;\">\n\t\t\t<a href=\"#\"><img decoding=\"async\" src=\"https:\/\/www.tadano.com\/brazil\/wp-content\/themes\/tadano\/assets\/dist\/images\/Green-Solutions_Logo_White.svg\"><\/a>\n\t\t<\/div>\n\t<\/div>\n\t<div class=\"container\">\n\t\t<div class=\"text-holder \">\n\t\t\t<div class=\"wrap\">\n\t\t\t\t\n\t\t\t\t<ul class=\"breadcrumbs\"><li><a href=\"https:\/\/www.tadano.com\/brazil\/pt-br\/\">Home<\/a><\/li><\/ul>\n\t\t\t\t\n\n<h1 class=\"wp-block-heading\">CRANE<span style=\"text-transform: lowercase;\" class=\"custom-lowercase\">bee<\/span><\/h1>\n\n\n\n<p>Planejamento inteligente para eleva\u00e7\u00e3o \u2013 com tecnologia CRANIMAX.<\/p>\n\n\n\n\t\t\t\t\n\t\t\t<\/div>\n\n\t\t\t\n\t\t\t\n\t\t\t\n\t\t<\/div>\n\t<\/div>\n<\/section>\n\n\n<div class=\"wp-block-group is-style-background-triangle-right is-layout-flow wp-block-group-is-layout-flow\"><div class=\"wp-block-group__inner-container\">\n<h2 class=\"wp-block-heading\">Descri\u00e7\u00e3o da tecnologia<\/h2>\n\n\n\n<p><strong><strong>PLANEJE COM PRECIS\u00c3O<\/strong><\/strong><\/p>\n\n\n\n<div class=\"wp-block-columns is-layout-flex wp-container-core-columns-layout-1 wp-block-columns-is-layout-flex\">\n<div class=\"wp-block-column is-layout-flow wp-block-column-is-layout-flow\">\n<p>Cada eleva\u00e7\u00e3o \u00e9 \u00fanica. De canteiros apertados a exig\u00eancias espec\u00edficas de seguran\u00e7a, o planejamento \u00e9 sempre importante \u2013 e o CRANEbee \u00e9 a solu\u00e7\u00e3o. Desenvolvido pela nossa parceira CRANIMAX, o CRANEbee \u00e9 um software avan\u00e7ado de planejamento de eleva\u00e7\u00f5es que possibilita simular e otimizar opera\u00e7\u00f5es usando modelos detalhados dos nossos guindastes Tadano em 3D.<\/p>\n<\/div>\n\n\n\n<div class=\"wp-block-column is-layout-flow wp-block-column-is-layout-flow\">\n<p>Desde a escolha da configura\u00e7\u00e3o ideal do guindaste at\u00e9 a visualiza\u00e7\u00e3o do canteiro em 3D, o CRANEbee ajuda a reduzir o tempo de arma\u00e7\u00e3o, cortar custos de transporte e impulsionar a efici\u00eancia no local de trabalho. Ele agora est\u00e1 presente nos guindastes sobre esteira com lan\u00e7a treli\u00e7ada (CC) da marca Tadano com modo de montagem (\u201cErecting the Crane\u201d) para fornecer com precis\u00e3o as press\u00f5es do solo durante a arma\u00e7\u00e3o \u2013 tudo em linha com as especifica\u00e7\u00f5es do fabricante.<\/p>\n<\/div>\n\n\n\n<div class=\"wp-block-column is-layout-flow wp-block-column-is-layout-flow\">\n<figure class=\"wp-block-image size-large is-resized is-style-default\"><img decoding=\"async\" src=\"https:\/\/www.cranimax.com\/fileadmin\/_processed_\/1\/d\/csm_01-kranliste_b5f8f02496.png\" alt=\"\"\/><\/figure>\n<\/div>\n<\/div>\n\n\n\n<div class=\"wp-block-columns is-layout-flex wp-container-core-columns-layout-2 wp-block-columns-is-layout-flex\">\n<div class=\"wp-block-column is-layout-flow wp-block-column-is-layout-flow\" style=\"flex-basis:33.33%\">\n<figure class=\"wp-block-image size-large is-style-default\"><img decoding=\"async\" src=\"https:\/\/www.cranimax.com\/fileadmin\/_processed_\/4\/0\/csm_04-drohnen-1_1aa8389d69.png\" alt=\"\"\/><\/figure>\n<\/div>\n\n\n\n<div class=\"wp-block-column is-layout-flow wp-block-column-is-layout-flow\" style=\"flex-basis:66.66%\">\n<p><strong><strong><strong>SIMULA\u00c7\u00c3O DE CANTEIRO NO MUNDO REAL<\/strong><\/strong><\/strong><br>Posicione seu guindaste Tadano sobre um plano em 2D ou importe imagens reais do canteiro para fazer o planejamento. Em seguida, acrescente obst\u00e1culos em 3D, verifique se h\u00e1 interfer\u00eancias, calcule as press\u00f5es do solo e fa\u00e7a ajustes em tempo real. Quer se trate do centro da cidade ou de uma \u00e1rea industrial com poucos espa\u00e7os, voc\u00ea saber\u00e1 que a eleva\u00e7\u00e3o vai dar certo antes mesmo de chegar l\u00e1.<\/p>\n\n\n\n<p><strong><strong><strong>A CONFIGURA\u00c7\u00c3O IDEAL, AUTOMATICAMENTE<\/strong><\/strong><\/strong><br>O CRANEbee ajuda a selecionar o melhor guindaste e a melhor configura\u00e7\u00e3o para o seu projeto, com base em carga, raio, altura e outros fatores. Voc\u00ea tamb\u00e9m pode trabalhar diretamente com a busca de obst\u00e1culos ou inserir manualmente os par\u00e2metros do guindaste.<\/p>\n\n\n\n<p><strong><strong>OS RECURSOS MAIS AVAN\u00c7ADOS \u2013 EXCUSIVAMENTE PARA GUINDASTES CC DA MARCA TADANO<\/strong><\/strong><\/p>\n\n\n\n<ul>\n<li><strong>Modo de montagem:<\/strong> Simule a montagem do guindaste e calcule a press\u00e3o exata do solo durante a arma\u00e7\u00e3o \u2013 apenas em guindastes sobre esteira com lan\u00e7a treli\u00e7ada (CC) da marca Tadano.<\/li>\n\n\n\n<li><strong>Interpola\u00e7\u00e3o com Superlift:<\/strong> Fa\u00e7a interpola\u00e7\u00f5es livremente entre \u00e2ngulos da lan\u00e7a e posi\u00e7\u00f5es do mastro \u2013 tudo visualizado e documentado em tempo real.<\/li>\n\n\n\n<li><strong>Interpola\u00e7\u00e3o com curva de PLMin:<\/strong> Visualize a capacidade de carga m\u00ednima (PLMin) interpolada em rela\u00e7\u00e3o a carga, raio e condi\u00e7\u00e3o atual de eleva\u00e7\u00e3o \u2013 diretamente no diagrama de carga e na impress\u00e3o.<\/li>\n\n\n\n<li><strong>Fun\u00e7\u00f5es de arma\u00e7\u00e3o aprimoradas:<\/strong> O modo de arma\u00e7\u00e3o aprimorada permite telescopagem, jibs treli\u00e7ados e muito mais, tudo com maior precis\u00e3o e otimizado para guindastes sobre esteira da marca Tadano.<\/li>\n<\/ul>\n<\/div>\n<\/div>\n\n\n<section class=\"video-block\">\n  <div class=\"video-box\">\n        <a aria-labelledby=\"video-txt\" data-fancybox href=\"https:\/\/www.youtube.com\/watch?v=8Fl8GaDo-V8\" class=\"video\">\n      <span class=\"play-btn\"><\/span>\n              <div class=\"bg-stretch\" >\n          <span data-srcset=\"https:\/\/img.youtube.com\/vi\/8Fl8GaDo-V8\/hqdefault.jpg, https:\/\/img.youtube.com\/vi\/8Fl8GaDo-V8\/hqdefault.jpg 2x\"><\/span>\n        <\/div>\n          <\/a>\n    <div class=\"video-txt\">\n                    <a href=\"https:\/\/www.youtube.com\/watch?v=8Fl8GaDo-V8\" class=\"video-link\">Watch now<\/a>\n          <\/div>\n  <\/div>\n<\/section>\n\n\n<p><strong><strong>EXPORTA\u00c7\u00c3O EM CAD E PDF<\/strong><\/strong><br>Exporte facilmente seu plano de eleva\u00e7\u00e3o para o AutoCAD ou gere uma impress\u00e3o profissional com todos os dados de planejamento essenciais \u2013 como configura\u00e7\u00f5es do guindaste, tabelas de carga, press\u00f5es do solo e layout do canteiro. O CRANEbee \u00e9 perfeitamente compat\u00edvel com as vers\u00f5es do AutoCAD de 2018 a 2026.<\/p>\n\n\n\n<p><strong>CARACTER\u00cdSTICAS PRINCIPAIS<\/strong><\/p>\n\n\n\n<ul>\n<li>Simula\u00e7\u00e3o em 3D do guindaste e do canteiro<\/li>\n\n\n\n<li>Sele\u00e7\u00e3o autom\u00e1tica do guindaste e da configura\u00e7\u00e3o<\/li>\n\n\n\n<li>C\u00e1lculo da press\u00e3o do solo<\/li>\n\n\n\n<li>Exporta\u00e7\u00e3o em CAD e PDF<\/li>\n\n\n\n<li>Capacidade de eleva\u00e7\u00e3o simult\u00e2nea<\/li>\n\n\n\n<li>Compat\u00edvel com mais de 50 fabricantes de guindastes \u2013 inclusive com toda a base de dados de guindastes sobre esteira Tadano<\/li>\n\n\n\n<li>Atualiza\u00e7\u00f5es regulares e suporte t\u00e9cnico<\/li>\n<\/ul>\n\n\n\n<p><strong><strong>LICENCIAMENTO E ACESSO<\/strong><\/strong><\/p>\n\n\n\n<p>A licen\u00e7a inclui:<\/p>\n\n\n\n<ul>\n<li>Revis\u00f5es do software<\/li>\n\n\n\n<li>Suporte t\u00e9cnico<\/li>\n\n\n\n<li>Configura\u00e7\u00f5es do guindaste e tabelas de carga atualizadas<\/li>\n\n\n\n<li>Acesso total ao modo de arma\u00e7\u00e3o, c\u00e1lculos de press\u00e3o do solo e recursos de CAD<\/li>\n<\/ul>\n\n\n\n<p>Obs.: Cada modelo de guindaste CC pode ser registrado uma \u00fanica vez.<\/p>\n\n\n\n<p>Para modelos m\u00f3veis da Tadano, o CRANEbee est\u00e1 dispon\u00edvel como um pacote de software vendido separadamente em combina\u00e7\u00e3o com o guindaste.<\/p>\n\n\n\n<p><strong>COMECE UM PLANEJAMENTO MAIS INTELIGENTE<\/strong><\/p>\n\n\n\n<p>Quer voc\u00ea esteja or\u00e7ando um trabalho ou se preparando para uma eleva\u00e7\u00e3o muito dif\u00edcil, o CRANEbee ajuda a acertar logo de primeira.<\/p>\n\n\n\n<p>Acesse o site <strong><a href=\"http:\/\/www.cranimax.com\" target=\"_blank\" rel=\"noreferrer noopener\">www.cranimax.com<\/a><\/strong> para obter mais detalhes ou entre em contato com seu representante Tadano para solicitar a sua licen\u00e7a.<\/p>\n<\/div><\/div>\n","protected":false},"excerpt":{"rendered":"<p>Descri\u00e7\u00e3o da tecnologia PLANEJE COM PRECIS\u00c3O Cada eleva\u00e7\u00e3o \u00e9 \u00fanica. De canteiros apertados a exig\u00eancias espec\u00edficas de seguran\u00e7a, o planejamento \u00e9 sempre importante \u2013 e o CRANEbee \u00e9 a solu\u00e7\u00e3o. Desenvolvido pela nossa parceira CRANIMAX, o CRANEbee \u00e9 um software avan\u00e7ado de planejamento de eleva\u00e7\u00f5es que possibilita simular e otimizar opera\u00e7\u00f5es usando modelos detalhados dos [&hellip;]<\/p>\n","protected":false},"author":3,"featured_media":0,"parent":0,"menu_order":0,"comment_status":"closed","ping_status":"closed","template":"","meta":{"_acf_changed":false,"footnotes":""},"acf":[],"yoast_head":"<!-- This site is optimized with the Yoast SEO plugin v22.3 - https:\/\/yoast.com\/wordpress\/plugins\/seo\/ -->\n<title>CRANEbee<\/title>\n<meta name=\"robots\" content=\"index, follow, max-snippet:-1, max-image-preview:large, max-video-preview:-1\" \/>\n<link rel=\"canonical\" href=\"https:\/\/www.tadano.com\/brazil\/pt-br\/cranebee\/\" \/>\n<meta property=\"og:locale\" content=\"pt_BR\" \/>\n<meta property=\"og:type\" content=\"article\" \/>\n<meta property=\"og:title\" content=\"CRANEbee\" \/>\n<meta property=\"og:description\" content=\"Descri\u00e7\u00e3o da tecnologia PLANEJE COM PRECIS\u00c3O Cada eleva\u00e7\u00e3o \u00e9 \u00fanica. De canteiros apertados a exig\u00eancias espec\u00edficas de seguran\u00e7a, o planejamento \u00e9 sempre importante \u2013 e o CRANEbee \u00e9 a solu\u00e7\u00e3o. Desenvolvido pela nossa parceira CRANIMAX, o CRANEbee \u00e9 um software avan\u00e7ado de planejamento de eleva\u00e7\u00f5es que possibilita simular e otimizar opera\u00e7\u00f5es usando modelos detalhados dos [&hellip;]\" \/>\n<meta property=\"og:url\" content=\"https:\/\/www.tadano.com\/brazil\/pt-br\/cranebee\/\" \/>\n<meta property=\"og:site_name\" content=\"Brazil\" \/>\n<meta property=\"article:modified_time\" content=\"2026-03-26T11:44:21+00:00\" \/>\n<meta property=\"og:image\" content=\"https:\/\/www.cranimax.com\/fileadmin\/_processed_\/1\/d\/csm_01-kranliste_b5f8f02496.png\" \/>\n<meta name=\"twitter:card\" content=\"summary_large_image\" \/>\n<meta name=\"twitter:label1\" content=\"Est. tempo de leitura\" \/>\n\t<meta name=\"twitter:data1\" content=\"4 minutos\" \/>\n<script type=\"application\/ld+json\" class=\"yoast-schema-graph\">{\"@context\":\"https:\/\/schema.org\",\"@graph\":[{\"@type\":\"WebPage\",\"@id\":\"https:\/\/www.tadano.com\/brazil\/pt-br\/cranebee\/\",\"url\":\"https:\/\/www.tadano.com\/brazil\/pt-br\/cranebee\/\",\"name\":\"CRANEbee\",\"isPartOf\":{\"@id\":\"https:\/\/www.tadano.com\/brazil\/pt-br\/#website\"},\"primaryImageOfPage\":{\"@id\":\"https:\/\/www.tadano.com\/brazil\/pt-br\/cranebee\/#primaryimage\"},\"image\":{\"@id\":\"https:\/\/www.tadano.com\/brazil\/pt-br\/cranebee\/#primaryimage\"},\"thumbnailUrl\":\"https:\/\/www.cranimax.com\/fileadmin\/_processed_\/1\/d\/csm_01-kranliste_b5f8f02496.png\",\"datePublished\":\"2025-08-12T11:17:39+00:00\",\"dateModified\":\"2026-03-26T11:44:21+00:00\",\"inLanguage\":\"pt-BR\",\"potentialAction\":[{\"@type\":\"ReadAction\",\"target\":[\"https:\/\/www.tadano.com\/brazil\/pt-br\/cranebee\/\"]}]},{\"@type\":\"ImageObject\",\"inLanguage\":\"pt-BR\",\"@id\":\"https:\/\/www.tadano.com\/brazil\/pt-br\/cranebee\/#primaryimage\",\"url\":\"https:\/\/www.cranimax.com\/fileadmin\/_processed_\/1\/d\/csm_01-kranliste_b5f8f02496.png\",\"contentUrl\":\"https:\/\/www.cranimax.com\/fileadmin\/_processed_\/1\/d\/csm_01-kranliste_b5f8f02496.png\"},{\"@type\":\"WebSite\",\"@id\":\"https:\/\/www.tadano.com\/brazil\/pt-br\/#website\",\"url\":\"https:\/\/www.tadano.com\/brazil\/pt-br\/\",\"name\":\"Brazil\",\"description\":\"Just another TADANO EUROPE site\",\"potentialAction\":[{\"@type\":\"SearchAction\",\"target\":{\"@type\":\"EntryPoint\",\"urlTemplate\":\"https:\/\/www.tadano.com\/brazil\/pt-br\/?s={search_term_string}\"},\"query-input\":\"required name=search_term_string\"}],\"inLanguage\":\"pt-BR\"}]}<\/script>\n<!-- \/ Yoast SEO plugin. -->","yoast_head_json":{"title":"CRANEbee","robots":{"index":"index","follow":"follow","max-snippet":"max-snippet:-1","max-image-preview":"max-image-preview:large","max-video-preview":"max-video-preview:-1"},"canonical":"https:\/\/www.tadano.com\/brazil\/pt-br\/cranebee\/","og_locale":"pt_BR","og_type":"article","og_title":"CRANEbee","og_description":"Descri\u00e7\u00e3o da tecnologia PLANEJE COM PRECIS\u00c3O Cada eleva\u00e7\u00e3o \u00e9 \u00fanica. De canteiros apertados a exig\u00eancias espec\u00edficas de seguran\u00e7a, o planejamento \u00e9 sempre importante \u2013 e o CRANEbee \u00e9 a solu\u00e7\u00e3o. Desenvolvido pela nossa parceira CRANIMAX, o CRANEbee \u00e9 um software avan\u00e7ado de planejamento de eleva\u00e7\u00f5es que possibilita simular e otimizar opera\u00e7\u00f5es usando modelos detalhados dos [&hellip;]","og_url":"https:\/\/www.tadano.com\/brazil\/pt-br\/cranebee\/","og_site_name":"Brazil","article_modified_time":"2026-03-26T11:44:21+00:00","og_image":[{"url":"https:\/\/www.cranimax.com\/fileadmin\/_processed_\/1\/d\/csm_01-kranliste_b5f8f02496.png"}],"twitter_card":"summary_large_image","twitter_misc":{"Est. tempo de leitura":"4 minutos"},"schema":{"@context":"https:\/\/schema.org","@graph":[{"@type":"WebPage","@id":"https:\/\/www.tadano.com\/brazil\/pt-br\/cranebee\/","url":"https:\/\/www.tadano.com\/brazil\/pt-br\/cranebee\/","name":"CRANEbee","isPartOf":{"@id":"https:\/\/www.tadano.com\/brazil\/pt-br\/#website"},"primaryImageOfPage":{"@id":"https:\/\/www.tadano.com\/brazil\/pt-br\/cranebee\/#primaryimage"},"image":{"@id":"https:\/\/www.tadano.com\/brazil\/pt-br\/cranebee\/#primaryimage"},"thumbnailUrl":"https:\/\/www.cranimax.com\/fileadmin\/_processed_\/1\/d\/csm_01-kranliste_b5f8f02496.png","datePublished":"2025-08-12T11:17:39+00:00","dateModified":"2026-03-26T11:44:21+00:00","inLanguage":"pt-BR","potentialAction":[{"@type":"ReadAction","target":["https:\/\/www.tadano.com\/brazil\/pt-br\/cranebee\/"]}]},{"@type":"ImageObject","inLanguage":"pt-BR","@id":"https:\/\/www.tadano.com\/brazil\/pt-br\/cranebee\/#primaryimage","url":"https:\/\/www.cranimax.com\/fileadmin\/_processed_\/1\/d\/csm_01-kranliste_b5f8f02496.png","contentUrl":"https:\/\/www.cranimax.com\/fileadmin\/_processed_\/1\/d\/csm_01-kranliste_b5f8f02496.png"},{"@type":"WebSite","@id":"https:\/\/www.tadano.com\/brazil\/pt-br\/#website","url":"https:\/\/www.tadano.com\/brazil\/pt-br\/","name":"Brazil","description":"Just another TADANO EUROPE site","potentialAction":[{"@type":"SearchAction","target":{"@type":"EntryPoint","urlTemplate":"https:\/\/www.tadano.com\/brazil\/pt-br\/?s={search_term_string}"},"query-input":"required name=search_term_string"}],"inLanguage":"pt-BR"}]}},"_links":{"self":[{"href":"https:\/\/www.tadano.com\/brazil\/pt-br\/wp-json\/wp\/v2\/pages\/4012"}],"collection":[{"href":"https:\/\/www.tadano.com\/brazil\/pt-br\/wp-json\/wp\/v2\/pages"}],"about":[{"href":"https:\/\/www.tadano.com\/brazil\/pt-br\/wp-json\/wp\/v2\/types\/page"}],"author":[{"embeddable":true,"href":"https:\/\/www.tadano.com\/brazil\/pt-br\/wp-json\/wp\/v2\/users\/3"}],"replies":[{"embeddable":true,"href":"https:\/\/www.tadano.com\/brazil\/pt-br\/wp-json\/wp\/v2\/comments?post=4012"}],"version-history":[{"count":2,"href":"https:\/\/www.tadano.com\/brazil\/pt-br\/wp-json\/wp\/v2\/pages\/4012\/revisions"}],"predecessor-version":[{"id":4317,"href":"https:\/\/www.tadano.com\/brazil\/pt-br\/wp-json\/wp\/v2\/pages\/4012\/revisions\/4317"}],"wp:attachment":[{"href":"https:\/\/www.tadano.com\/brazil\/pt-br\/wp-json\/wp\/v2\/media?parent=4012"}],"curies":[{"name":"wp","href":"https:\/\/api.w.org\/{rel}","templated":true}]}}