{"id":4066,"date":"2021-08-31T14:47:53","date_gmt":"2021-08-31T12:47:53","guid":{"rendered":"https:\/\/www.tadano.com\/brazil\/online-tools\/"},"modified":"2026-03-13T09:22:56","modified_gmt":"2026-03-13T09:22:56","slug":"ferramentas-online","status":"publish","type":"page","link":"https:\/\/www.tadano.com\/brazil\/pt-br\/ferramentas-online\/","title":{"rendered":"Ferramentas online"},"content":{"rendered":"\n\n\n<section class=\"hero-section\">\n\n\t\n\t\n\t\n\t<div class=\"img-holder \">\n\t\t\t\t<div class=\"bg-stretch\" style=\"background-position: 100% 0; \">\n\t\t\t<span data-srcset=\"https:\/\/assets.onetadano.com\/celum_assets\/hero\/GR_Cabine_AMLE.jpg, https:\/\/assets.onetadano.com\/celum_assets\/hero-2x\/GR_Cabine_AMLE.jpg 2x\"><\/span>\n\t\t<\/div>\n\t\t\t\t\t\t<div class=\"logo green-solutions\" style=\"display:none;\">\n\t\t\t<a href=\"#\"><img decoding=\"async\" src=\"https:\/\/www.tadano.com\/brazil\/wp-content\/themes\/tadano\/assets\/dist\/images\/Green-Solutions_Logo_White.svg\"><\/a>\n\t\t<\/div>\n\t<\/div>\n\t<div class=\"container\">\n\t\t<div class=\"text-holder \">\n\t\t\t<div class=\"wrap\">\n\t\t\t\t\n\t\t\t\t<ul class=\"breadcrumbs\"><li><a href=\"https:\/\/www.tadano.com\/brazil\/pt-br\/\">Home<\/a><\/li><\/ul>\n\t\t\t\t\n\n<h1 class=\"wp-block-heading\">FERRAMENTAS ONLINE<\/h1>\n\n\n\n<p>Ferramentas que ampliam e aprimoram a capacidade e a flexibilidade dos guindastes, garantindo seguran\u00e7a e efici\u00eancia.<\/p>\n\n\n\n\t\t\t\t\n\t\t\t<\/div>\n\n\t\t\t\n\t\t\t\n\t\t\t\n\t\t<\/div>\n\t<\/div>\n<\/section>\n\n\n<div class=\"wp-block-group is-style-background-triangle-right has-white-color has-dark-blue-background-color has-text-color has-background is-layout-flow wp-block-group-is-layout-flow\"><div class=\"wp-block-group__inner-container\">\n<div class=\"wp-block-columns is-layout-flex wp-container-core-columns-layout-1 wp-block-columns-is-layout-flex\">\n<div class=\"wp-block-column is-layout-flow wp-block-column-is-layout-flow\" style=\"flex-basis:33.33%\">\n<h2 class=\"wp-block-heading\">EXPLORAR Ferramentas Tadano<\/h2>\n\n\n\n<p>De tecnologias de i\u00e7amento a servi\u00e7os inteligentes e suporte, encaramos cada produto como uma forma de tornar as opera\u00e7\u00f5es de i\u00e7amento melhores, mais eficientes e mais econ\u00f4micas para o seu neg\u00f3cio.<\/p>\n\n\n\n<div class=\"wp-block-buttons is-layout-flex wp-block-buttons-is-layout-flex\">\n<div class=\"wp-block-button\"><a class=\"wp-block-button__link wp-element-button\" href=\"mailto:customersupport@tadano.com\">CONTATAR A TADANO<\/a><\/div>\n<\/div>\n<\/div>\n\n\n\n<div class=\"wp-block-column is-layout-flow wp-block-column-is-layout-flow\" style=\"flex-basis:66.66%\"><div class=\"links-block-wrapper\">\n  <div class=\"container\">\n    <section class=\"links-block\">\n              <div class=\"links-block\">\n                                  <div class=\"link-single  \">\n                              <a href=\"https:\/\/www.tadano.com\/brazil\/pt-br\/technologies\/heytadano\/\">\n                               \n                                  <strong class='title'>heyTadano<\/strong>\n                                                  <p>Assistente de guindastes com tecnologia de IA para acesso imediato ao conhecimento da Tadano. Dispon\u00edvel a qualquer hora, em qualquer lugar \u2013 no local de trabalho ou no escrit\u00f3rio.<\/p>\n                              <\/a>\n            <\/div>\n                                  <div class=\"link-single  \">\n                              <a href=\"https:\/\/eservice.tadano.co.jp\/lp\/\">\n                               \n                                  <strong class='title'>Conta e-Service<\/strong>\n                                                  <p>Uma ampla gama de servi\u00e7os oferecidos pela Tadano, dispon\u00edvel facilmente com apenas uma \u00fanica conta.<\/p>\n                              <\/a>\n            <\/div>\n                                  <div class=\"link-single  \">\n                              <a href=\"https:\/\/www.tadano.com\/brazil\/pt-br\/ficha-tecnica-e-dados-de-engenharia\/\">\n                               \n                                  <strong class='title'>Ficha t\u00e9cnica e dados de engenharia<\/strong>\n                                                  <p>Modelos GR, GT e Legend de guindastes todo-terreno e montados em caminh\u00e3o<\/p>\n                              <\/a>\n            <\/div>\n                                  <div class=\"link-single  \">\n                              <a href=\"https:\/\/www.tadano.com\/brazil\/pt-br\/2d-cad\/\">\n                               \n                                  <strong class='title'>CAD 2D<\/strong>\n                                                  <p>Modelos GR, GT e Legend de guindastes todo-terreno e montados em caminh\u00e3o<\/p>\n                              <\/a>\n            <\/div>\n                                  <div class=\"link-single  \">\n                              <a href=\"https:\/\/www.tadano.com\/brazil\/pt-br\/3d-cad\/\">\n                               \n                                  <strong class='title'>Formul\u00e1rio de solicita\u00e7\u00e3o de CAD 3D<\/strong>\n                                                  <p>Modelos GR, GT e Legend de guindastes todo-terreno e montados em caminh\u00e3o<\/p>\n                              <\/a>\n            <\/div>\n                                  <div class=\"link-single  \">\n                              <a href=\"https:\/\/www.tadano.com\/brazil\/pt-br\/dados-bim\/\">\n                               \n                                  <strong class='title'>Dados BIM<\/strong>\n                                                  <p>Arquivos BIM dispon\u00edveis no formato Autodesk\u00ae Revit\u00ae Family File (.rfa).<\/p>\n                              <\/a>\n            <\/div>\n                                  <div class=\"link-single  \">\n                              <a href=\"https:\/\/docsearch.tadano.co.jp\/\">\n                               \n                                  <strong class='title'>Manuais de opera\u00e7\u00e3o<\/strong>\n                                              <\/a>\n            <\/div>\n                                  <div class=\"link-single  \">\n                              <a href=\"https:\/\/cspages.tadano.com\/manual-net\/?LGA=WSTDNGLBHP&amp;LGP=5\">\n                               \n                                  <strong class='title'>Cat\u00e1logos de pe\u00e7as sobressalentes e tabelas de carga<\/strong>\n                                                  <p>Guindastes para terrenos irregulares, guindastes sobre caminh\u00e3o, guindastes articulados sobre caminh\u00e3o e plataformas a\u00e9reas<\/p>\n                              <\/a>\n            <\/div>\n                                  <div class=\"link-single  \">\n                              <a href=\"https:\/\/spareparts.tadanoeurope.com\/catalog\/\">\n                               \n                                  <strong class='title'>Cat\u00e1logos de pe\u00e7as sobressalentes para produtos AC &#038; CC<\/strong>\n                                              <\/a>\n            <\/div>\n                                  <div class=\"link-single  \">\n                              <a href=\"https:\/\/www.tadano.com\/brazil\/pt-br\/cranebee\/\">\n                               \n                                  <strong class='title'>CRANEbee<\/strong>\n                                                  <p>Planejamento inteligente de i\u00e7amento \u2013 desenvolvido pela CRANIMAX.<\/p>\n                              <\/a>\n            <\/div>\n                                  <div class=\"link-single  \">\n                              <a href=\"https:\/\/tools.global.tadano.com\/Tadano_Frontend\/login.cfm\">\n                               \n                                  <strong class='title'>Rea\u00e7\u00e3o dos estabilizadores<\/strong>\n                                                  <p>Modelos Tadano ATF, AC e HK<\/p>\n                              <\/a>\n            <\/div>\n                                  <div class=\"link-single  \">\n                              <a href=\"https:\/\/Jackal.tadano.com\/JackalE\/logon_public.aspx\">\n                               \n                                  <strong class='title'>Servi\u00e7o de fornecimento de for\u00e7a de rea\u00e7\u00e3o dos estabilizadores<\/strong>\n                                                  <p>Guindastes todo-terreno, terreno irregular e montados em caminh\u00e3o<\/p>\n                              <\/a>\n            <\/div>\n                                  <div class=\"link-single  \">\n                              <a href=\"https:\/\/tools.global.tadano.com\/Tadano_Frontend\/login.cfm\">\n                               \n                                  <strong class='title'>\u00c1rea de trabalho<\/strong>\n                                                  <p>Modelos Tadano ATF e AC<\/p>\n                              <\/a>\n            <\/div>\n                                  <div class=\"link-single  \">\n                              <a href=\"https:\/\/tools.global.tadano.com\/Tadano_Frontend\/login.cfm\">\n                               \n                                  <strong class='title'>Condi\u00e7\u00e3o de i\u00e7amento<\/strong>\n                                                  <p>Modelos Tadano ATF, AC e HK<\/p>\n                              <\/a>\n            <\/div>\n                  <\/div>\n                    \n    <\/section>\n  <\/div>\n<\/div><\/div>\n<\/div>\n<\/div><\/div>\n","protected":false},"excerpt":{"rendered":"<p>EXPLORAR Ferramentas Tadano De tecnologias de i\u00e7amento a servi\u00e7os inteligentes e suporte, encaramos cada produto como uma forma de tornar as opera\u00e7\u00f5es de i\u00e7amento melhores, mais eficientes e mais econ\u00f4micas para o seu neg\u00f3cio.<\/p>\n","protected":false},"author":2,"featured_media":0,"parent":0,"menu_order":0,"comment_status":"closed","ping_status":"closed","template":"","meta":{"_acf_changed":false,"footnotes":""},"acf":[],"yoast_head":"<!-- This site is optimized with the Yoast SEO plugin v22.3 - https:\/\/yoast.com\/wordpress\/plugins\/seo\/ -->\n<title>Ferramentas online - Brazil<\/title>\n<meta name=\"robots\" content=\"index, follow, max-snippet:-1, max-image-preview:large, max-video-preview:-1\" \/>\n<link rel=\"canonical\" href=\"https:\/\/www.tadano.com\/brazil\/pt-br\/ferramentas-online\/\" \/>\n<meta property=\"og:locale\" content=\"pt_BR\" \/>\n<meta property=\"og:type\" content=\"article\" \/>\n<meta property=\"og:title\" content=\"Ferramentas online - Brazil\" \/>\n<meta property=\"og:description\" content=\"EXPLORAR Ferramentas Tadano De tecnologias de i\u00e7amento a servi\u00e7os inteligentes e suporte, encaramos cada produto como uma forma de tornar as opera\u00e7\u00f5es de i\u00e7amento melhores, mais eficientes e mais econ\u00f4micas para o seu neg\u00f3cio.\" \/>\n<meta property=\"og:url\" content=\"https:\/\/www.tadano.com\/brazil\/pt-br\/ferramentas-online\/\" \/>\n<meta property=\"og:site_name\" content=\"Brazil\" \/>\n<meta property=\"article:modified_time\" content=\"2026-03-13T09:22:56+00:00\" \/>\n<meta name=\"twitter:card\" content=\"summary_large_image\" \/>\n<meta name=\"twitter:label1\" content=\"Est. tempo de leitura\" \/>\n\t<meta name=\"twitter:data1\" content=\"1 minuto\" \/>\n<script type=\"application\/ld+json\" class=\"yoast-schema-graph\">{\"@context\":\"https:\/\/schema.org\",\"@graph\":[{\"@type\":\"WebPage\",\"@id\":\"https:\/\/www.tadano.com\/brazil\/pt-br\/ferramentas-online\/\",\"url\":\"https:\/\/www.tadano.com\/brazil\/pt-br\/ferramentas-online\/\",\"name\":\"Ferramentas online - Brazil\",\"isPartOf\":{\"@id\":\"https:\/\/www.tadano.com\/brazil\/pt-br\/#website\"},\"datePublished\":\"2021-08-31T12:47:53+00:00\",\"dateModified\":\"2026-03-13T09:22:56+00:00\",\"inLanguage\":\"pt-BR\",\"potentialAction\":[{\"@type\":\"ReadAction\",\"target\":[\"https:\/\/www.tadano.com\/brazil\/pt-br\/ferramentas-online\/\"]}]},{\"@type\":\"WebSite\",\"@id\":\"https:\/\/www.tadano.com\/brazil\/pt-br\/#website\",\"url\":\"https:\/\/www.tadano.com\/brazil\/pt-br\/\",\"name\":\"Brazil\",\"description\":\"Just another TADANO EUROPE site\",\"potentialAction\":[{\"@type\":\"SearchAction\",\"target\":{\"@type\":\"EntryPoint\",\"urlTemplate\":\"https:\/\/www.tadano.com\/brazil\/pt-br\/?s={search_term_string}\"},\"query-input\":\"required name=search_term_string\"}],\"inLanguage\":\"pt-BR\"}]}<\/script>\n<!-- \/ Yoast SEO plugin. -->","yoast_head_json":{"title":"Ferramentas online - Brazil","robots":{"index":"index","follow":"follow","max-snippet":"max-snippet:-1","max-image-preview":"max-image-preview:large","max-video-preview":"max-video-preview:-1"},"canonical":"https:\/\/www.tadano.com\/brazil\/pt-br\/ferramentas-online\/","og_locale":"pt_BR","og_type":"article","og_title":"Ferramentas online - Brazil","og_description":"EXPLORAR Ferramentas Tadano De tecnologias de i\u00e7amento a servi\u00e7os inteligentes e suporte, encaramos cada produto como uma forma de tornar as opera\u00e7\u00f5es de i\u00e7amento melhores, mais eficientes e mais econ\u00f4micas para o seu neg\u00f3cio.","og_url":"https:\/\/www.tadano.com\/brazil\/pt-br\/ferramentas-online\/","og_site_name":"Brazil","article_modified_time":"2026-03-13T09:22:56+00:00","twitter_card":"summary_large_image","twitter_misc":{"Est. tempo de leitura":"1 minuto"},"schema":{"@context":"https:\/\/schema.org","@graph":[{"@type":"WebPage","@id":"https:\/\/www.tadano.com\/brazil\/pt-br\/ferramentas-online\/","url":"https:\/\/www.tadano.com\/brazil\/pt-br\/ferramentas-online\/","name":"Ferramentas online - Brazil","isPartOf":{"@id":"https:\/\/www.tadano.com\/brazil\/pt-br\/#website"},"datePublished":"2021-08-31T12:47:53+00:00","dateModified":"2026-03-13T09:22:56+00:00","inLanguage":"pt-BR","potentialAction":[{"@type":"ReadAction","target":["https:\/\/www.tadano.com\/brazil\/pt-br\/ferramentas-online\/"]}]},{"@type":"WebSite","@id":"https:\/\/www.tadano.com\/brazil\/pt-br\/#website","url":"https:\/\/www.tadano.com\/brazil\/pt-br\/","name":"Brazil","description":"Just another TADANO EUROPE site","potentialAction":[{"@type":"SearchAction","target":{"@type":"EntryPoint","urlTemplate":"https:\/\/www.tadano.com\/brazil\/pt-br\/?s={search_term_string}"},"query-input":"required name=search_term_string"}],"inLanguage":"pt-BR"}]}},"_links":{"self":[{"href":"https:\/\/www.tadano.com\/brazil\/pt-br\/wp-json\/wp\/v2\/pages\/4066"}],"collection":[{"href":"https:\/\/www.tadano.com\/brazil\/pt-br\/wp-json\/wp\/v2\/pages"}],"about":[{"href":"https:\/\/www.tadano.com\/brazil\/pt-br\/wp-json\/wp\/v2\/types\/page"}],"author":[{"embeddable":true,"href":"https:\/\/www.tadano.com\/brazil\/pt-br\/wp-json\/wp\/v2\/users\/2"}],"replies":[{"embeddable":true,"href":"https:\/\/www.tadano.com\/brazil\/pt-br\/wp-json\/wp\/v2\/comments?post=4066"}],"version-history":[{"count":5,"href":"https:\/\/www.tadano.com\/brazil\/pt-br\/wp-json\/wp\/v2\/pages\/4066\/revisions"}],"predecessor-version":[{"id":4280,"href":"https:\/\/www.tadano.com\/brazil\/pt-br\/wp-json\/wp\/v2\/pages\/4066\/revisions\/4280"}],"wp:attachment":[{"href":"https:\/\/www.tadano.com\/brazil\/pt-br\/wp-json\/wp\/v2\/media?parent=4066"}],"curies":[{"name":"wp","href":"https:\/\/api.w.org\/{rel}","templated":true}]}}