{"id":4080,"date":"2025-10-30T09:37:26","date_gmt":"2025-10-30T09:37:26","guid":{"rendered":"https:\/\/www.tadano.com\/brazil\/termos-e-condicoes-padrao-de-uso\/"},"modified":"2026-02-02T09:56:56","modified_gmt":"2026-02-02T09:56:56","slug":"termos-e-condicoes-padrao-de-uso","status":"publish","type":"page","link":"https:\/\/www.tadano.com\/brazil\/pt-br\/termos-e-condicoes-padrao-de-uso\/","title":{"rendered":"Termos e Condi\u00e7\u00f5es Padr\u00e3o de Uso"},"content":{"rendered":"\n<p>Informamos que o uso de todos os arquivos CAD est\u00e1 sujeito aos termos de uso da Tadano.<br>Estes Termos de Uso estabelecem as condi\u00e7\u00f5es aplic\u00e1veis aos dados e servi\u00e7os oferecidos pelo Grupo Tadano neste site.<br>Solicitamos que voc\u00ea cumpra este acordo no que se refere ao uso dos dados e servi\u00e7os disponibilizados neste site.<\/p>\n\n\n\n<h2 class=\"wp-block-heading\">I. Uso dos dados e limita\u00e7\u00e3o de responsabilidade:<\/h2>\n\n\n\n<p>Todas as not\u00edcias, dados, servi\u00e7os e demais informa\u00e7\u00f5es publicadas neste site s\u00e3o de propriedade da Empresa. Tais informa\u00e7\u00f5es n\u00e3o poder\u00e3o ser divulgadas sem o consentimento pr\u00e9vio e por escrito da Empresa, independentemente de estarem em formato impresso ou eletr\u00f4nico.<\/p>\n\n\n\n<p>Os dados publicados neste site (os \u201cDados\u201d) s\u00e3o de propriedade exclusiva da Empresa. Ao utilizar este site, o Usu\u00e1rio confirma que concorda com os seguintes termos:<\/p>\n\n\n\n<ol>\n<li>A Empresa fornece os dados com a finalidade de planejamento ou visualiza\u00e7\u00e3o do uso, movimenta\u00e7\u00e3o, manuten\u00e7\u00e3o ou opera\u00e7\u00e3o da m\u00e1quina. Os Dados s\u00e3o fornecidos apenas para fins de refer\u00eancia e podem diferir da m\u00e1quina real.<\/li>\n\n\n\n<li>O Usu\u00e1rio \u00e9 respons\u00e1vel por avaliar e assume todos os riscos associados ao uso dos Dados, incluindo aqueles relacionados \u00e0 exatid\u00e3o, integridade ou adequa\u00e7\u00e3o dos Dados.<\/li>\n\n\n\n<li>A Empresa n\u00e3o poder\u00e1, em hip\u00f3tese alguma, ser responsabilizada por erros ou omiss\u00f5es nos Dados, nem por quaisquer perdas ou danos decorrentes do uso dos Dados, incluindo danos causados por v\u00edrus de computador ou c\u00f3digos maliciosos.<\/li>\n\n\n\n<li>A Empresa n\u00e3o poder\u00e1, em hip\u00f3tese alguma, ser responsabilizada por quaisquer danos diretos ou indiretos sofridos pelo Usu\u00e1rio ou por terceiros, incluindo, sem limita\u00e7\u00e3o, perda de lucros, despesas, perda de dados, perda de softwares ou danos ou perda de hardware, bem como quaisquer custos incorridos para mitigar, recuperar, reproduzir ou reparar tais perdas ou danos.<\/li>\n\n\n\n<li>Ao utilizar os dados CAD fornecidos, o Usu\u00e1rio compreende que a deflex\u00e3o da lan\u00e7a n\u00e3o est\u00e1 inclu\u00edda nos modelos. Os modelos destinam-se apenas a representar os produtos oferecidos pela Empresa.<\/li>\n<\/ol>\n\n\n\n<h2 class=\"wp-block-heading\">II. Limita\u00e7\u00f5es de uso:<\/h2>\n\n\n\n<p>O Usu\u00e1rio pode utilizar os Dados exclusivamente para fins de planejamento ou visualiza\u00e7\u00e3o do uso, movimenta\u00e7\u00e3o, manuten\u00e7\u00e3o ou opera\u00e7\u00e3o da m\u00e1quina. Salvo se tiver recebido consentimento pr\u00e9vio e por escrito da Empresa, o Usu\u00e1rio n\u00e3o poder\u00e1 (i) distribuir os Dados como parte de um servi\u00e7o externo, (ii) copiar ou publicar os Dados em qualquer site, (iii) distribuir os Dados em qualquer meio de armazenamento, ou (iv) utilizar os Dados com o objetivo de competir com o servi\u00e7o deste site. Sem preju\u00edzo do disposto acima, o Usu\u00e1rio concorda em n\u00e3o utilizar o servi\u00e7o do site para:<\/p>\n\n\n\n<p>Conforme descrito abaixo, baixar, publicar ou transmitir, de qualquer forma, dados ou conte\u00fados que sejam ilegais, prejudiciais, amea\u00e7adores, abusivos, assediadores, criminosos, difamat\u00f3rios, vulgares, obscenos, invasivos da privacidade, odiosos ou repreens\u00edveis por motivos raciais, \u00e9ticos ou outros.<\/p>\n\n\n\n<ul>\n<li>Causar danos a menores de idade de qualquer forma.<\/li>\n<\/ul>\n\n\n\n<ul>\n<li>Fingir ser outra pessoa ou entidade, ou apresentar declara\u00e7\u00f5es falsas ou enganosas quanto \u00e0 afilia\u00e7\u00e3o do Usu\u00e1rio ou da Empresa com qualquer pessoa ou entidade. \u2022 Falsificar cabe\u00e7alhos ou manipular identificadores de qualquer outra forma com o objetivo de ocultar a origem de quaisquer Dados enviados por meio do servi\u00e7o.<\/li>\n\n\n\n<li>Baixar, publicar ou transmitir, de qualquer forma, conte\u00fados que infrinjam patentes, marcas registradas, segredos comerciais, direitos autorais ou quaisquer outros direitos exclusivos de terceiros.<\/li>\n\n\n\n<li>Baixar, publicar ou transmitir, de qualquer forma, qualquer tipo de publicidade n\u00e3o solicitada ou n\u00e3o autorizada, materiais promocionais, comunica\u00e7\u00f5es indesejadas ou qualquer outra forma de solicita\u00e7\u00e3o.<\/li>\n\n\n\n<li>Baixar, publicar ou transmitir, de qualquer forma, materiais que contenham v\u00edrus de computador ou qualquer outro c\u00f3digo, arquivo ou programa projetado para interromper, destruir ou restringir o uso normal de softwares, hardwares ou dispositivos de telecomunica\u00e7\u00e3o.<\/li>\n\n\n\n<li>Impedir ou interromper o servi\u00e7o do site ou os servidores ou redes a ele conectados, ou violar quaisquer condi\u00e7\u00f5es, procedimentos, pol\u00edticas ou regulamentos aplic\u00e1veis \u00e0s redes associadas ao servi\u00e7o do site.<\/li>\n\n\n\n<li>Assediar outro usu\u00e1rio do site de qualquer forma.<\/li>\n\n\n\n<li>Coletar ou armazenar dados pessoais de outros usu\u00e1rios do site.<\/li>\n\n\n\n<li>Utilizar o site como local de armazenamento para fins de carregamento remoto ou como um gateway para outra p\u00e1gina inicial dentro ou fora do site.<\/li>\n<\/ul>\n\n\n\n<h2 class=\"wp-block-heading\">III. Links para sites de terceiros:<\/h2>\n\n\n\n<p>Este site pode conter links diretos ou indiretos (hiperlinks) para outros sites, p\u00e1ginas iniciais ou p\u00e1ginas da web (coletivamente, \u201cOutros Sites\u201d). A Empresa disponibiliza tais links exclusivamente para conveni\u00eancia dos usu\u00e1rios do site. Os operadores ou provedores desses Outros Sites s\u00e3o os \u00fanicos respons\u00e1veis por seus respectivos conte\u00fados e informa\u00e7\u00f5es. Na medida em que tais Outros Sites estejam fora do controle razo\u00e1vel da Empresa, a exist\u00eancia de um hiperlink neste site n\u00e3o significa que seu conte\u00fado (ou o conte\u00fado do respectivo Outro Site) tenha sido aprovado pela Empresa. Assim, a Empresa n\u00e3o poder\u00e1 ser responsabilizada por quaisquer perdas ou danos decorrentes do uso de tais hiperlinks ou Outros Sites.<\/p>\n\n\n\n<h2 class=\"wp-block-heading\">IV. Tratamento de dados pessoais:<\/h2>\n\n\n\n<p>Ao adquirir dados CAD, o Usu\u00e1rio dever\u00e1 responder a um question\u00e1rio. Nesse caso, o Usu\u00e1rio concorda em fornecer informa\u00e7\u00f5es pessoais corretas (nacionalidade, local de trabalho, tipo de ind\u00fastria, finalidade do uso dos dados CAD, software CAD 3D atualmente utilizado e endere\u00e7o de e-mail). O Usu\u00e1rio concorda que as informa\u00e7\u00f5es pessoais possam ser transferidas para nossas afiliadas, subsidi\u00e1rias e empresas parceiras com o objetivo de aprimorar nossos servi\u00e7os.<br>A conta do Usu\u00e1rio dever\u00e1 ser utilizada exclusivamente pela pessoa que se registrou com aquele nome e endere\u00e7o de e-mail. Os usu\u00e1rios do site n\u00e3o est\u00e3o autorizados a utilizar contas de terceiros. O Usu\u00e1rio \u00e9 informado de que os fabricantes de componentes registrados no site recebem apenas dados relativos aos usu\u00e1rios que tenham baixado dados de seus respectivos cat\u00e1logos.<\/p>\n\n\n\n<h2 class=\"wp-block-heading\">V. Direito de remo\u00e7\u00e3o ou desativa\u00e7\u00e3o de acesso:<\/h2>\n\n\n\n<p>A Empresa reserva-se o direito de encerrar o acesso caso o Usu\u00e1rio viole estes Termos e Condi\u00e7\u00f5es Padr\u00e3o.<br>A Empresa ter\u00e1 o direito, mas n\u00e3o a obriga\u00e7\u00e3o, de encerrar ou desativar o acesso a quaisquer Dados, com efeito imediato, caso tais Dados sejam (i) difamat\u00f3rios, obscenos, violentos, ofensivos ou de outra forma inaceit\u00e1veis, indesej\u00e1veis ou repreens\u00edveis, a exclusivo crit\u00e9rio da Empresa; (ii) em viola\u00e7\u00e3o de quaisquer leis, legisla\u00e7\u00f5es ou direitos de terceiros, incluindo, sem limita\u00e7\u00e3o, direitos autorais e leis que pro\u00edbem cal\u00fania, difama\u00e7\u00e3o e invas\u00e3o de privacidade; ou (iii) em viola\u00e7\u00e3o das limita\u00e7\u00f5es de uso acima descritas e levadas ao conhecimento da Empresa.<\/p>\n\n\n\n<h2 class=\"wp-block-heading\">VI. Avisos:<\/h2>\n\n\n\n<p>O Usu\u00e1rio concorda que quaisquer avisos feitos pela Empresa nos termos destes Termos e Condi\u00e7\u00f5es Padr\u00e3o sejam enviados ao Usu\u00e1rio por e-mail em texto simples.<\/p>\n\n\n\n<p>Sem preju\u00edzo do disposto acima, esta disposi\u00e7\u00e3o aplica-se tamb\u00e9m a e-mails que possam conter dados confidenciais do Usu\u00e1rio, incluindo sua senha, caso esta seja esquecida e solicitada pelo Usu\u00e1rio.<\/p>\n\n\n\n<h2 class=\"wp-block-heading\">VII. Servi\u00e7os Tadano e garantia:<\/h2>\n\n\n\n<p>A Empresa se empenha em oferecer o melhor desempenho poss\u00edvel a fim de disponibilizar ao Usu\u00e1rio um site e servi\u00e7os confi\u00e1veis;<br>contudo, o Usu\u00e1rio reconhece que a seguran\u00e7a dos dados na Internet n\u00e3o pode ser totalmente garantida.<br>Os servi\u00e7os s\u00e3o, portanto, fornecidos \u201cno estado em que se encontram\u201d e, uma vez que a disponibilidade do site n\u00e3o pode ser garantida em todos os momentos devido \u00e0s condi\u00e7\u00f5es t\u00e9cnicas inerentes \u00e0 Internet e ao seu uso, a Empresa n\u00e3o poder\u00e1 ser responsabilizada por quaisquer perdas ou danos sofridos pelo Usu\u00e1rio ou por terceiros em decorr\u00eancia de interrup\u00e7\u00f5es do servi\u00e7o, indisponibilidade ou manuten\u00e7\u00e3o do site, falhas na conex\u00e3o com a Internet (ou sua perda) ou quaisquer outros eventos ou circunst\u00e2ncias.<\/p>\n\n\n\n<h2 class=\"wp-block-heading\">Sobre os dados BIM<\/h2>\n\n\n\n<ol>\n<li>Os arquivos BIM fornecidos pela Empresa est\u00e3o no formato Autodesk\u00ae Revit\u00ae RFA.<\/li>\n\n\n\n<li>As vers\u00f5es dispon\u00edveis dos arquivos RFA est\u00e3o listadas na p\u00e1gina de download.<\/li>\n\n\n\n<li>Os arquivos BIM fornecidos pela Empresa foram compactados para reduzir o tamanho do arquivo. Dessa forma, a Empresa n\u00e3o pode garantir a exatid\u00e3o das informa\u00e7\u00f5es. As informa\u00e7\u00f5es contidas nos arquivos BIM fornecidos pela Empresa destinam-se apenas a fins de refer\u00eancia.<\/li>\n\n\n\n<li>A Empresa n\u00e3o garante a exatid\u00e3o das condi\u00e7\u00f5es de restri\u00e7\u00e3o, tais como intervalos de movimento, conforme definidas nos arquivos BIM fornecidos pela Empresa.<\/li>\n<\/ol>\n\n","protected":false},"excerpt":{"rendered":"<p>Informamos que o uso de todos os arquivos CAD est\u00e1 sujeito aos termos de uso da Tadano.Estes Termos de Uso estabelecem as condi\u00e7\u00f5es aplic\u00e1veis aos dados e servi\u00e7os oferecidos pelo Grupo Tadano neste site.Solicitamos que voc\u00ea cumpra este acordo no que se refere ao uso dos dados e servi\u00e7os disponibilizados neste site. I. Uso dos [&hellip;]<\/p>\n","protected":false},"author":3,"featured_media":0,"parent":0,"menu_order":0,"comment_status":"closed","ping_status":"closed","template":"","meta":{"_acf_changed":false,"footnotes":""},"acf":[],"yoast_head":"<!-- This site is optimized with the Yoast SEO plugin v22.3 - https:\/\/yoast.com\/wordpress\/plugins\/seo\/ -->\n<title>Termos e Condi\u00e7\u00f5es Padr\u00e3o de Uso - Brazil<\/title>\n<meta name=\"robots\" content=\"index, follow, max-snippet:-1, max-image-preview:large, max-video-preview:-1\" \/>\n<link rel=\"canonical\" href=\"https:\/\/www.tadano.com\/brazil\/en\/standard-terms-and-conditions-of-use\/\" \/>\n<meta property=\"og:locale\" content=\"pt_BR\" \/>\n<meta property=\"og:type\" content=\"article\" \/>\n<meta property=\"og:title\" content=\"Termos e Condi\u00e7\u00f5es Padr\u00e3o de Uso - Brazil\" \/>\n<meta property=\"og:description\" content=\"Informamos que o uso de todos os arquivos CAD est\u00e1 sujeito aos termos de uso da Tadano.Estes Termos de Uso estabelecem as condi\u00e7\u00f5es aplic\u00e1veis aos dados e servi\u00e7os oferecidos pelo Grupo Tadano neste site.Solicitamos que voc\u00ea cumpra este acordo no que se refere ao uso dos dados e servi\u00e7os disponibilizados neste site. I. Uso dos [&hellip;]\" \/>\n<meta property=\"og:url\" content=\"https:\/\/www.tadano.com\/brazil\/en\/standard-terms-and-conditions-of-use\/\" \/>\n<meta property=\"og:site_name\" content=\"Brazil\" \/>\n<meta property=\"article:modified_time\" content=\"2026-02-02T09:56:56+00:00\" \/>\n<meta name=\"twitter:card\" content=\"summary_large_image\" \/>\n<meta name=\"twitter:label1\" content=\"Est. tempo de leitura\" \/>\n\t<meta name=\"twitter:data1\" content=\"6 minutos\" \/>\n<script type=\"application\/ld+json\" class=\"yoast-schema-graph\">{\"@context\":\"https:\/\/schema.org\",\"@graph\":[{\"@type\":\"WebPage\",\"@id\":\"https:\/\/www.tadano.com\/brazil\/en\/standard-terms-and-conditions-of-use\/\",\"url\":\"https:\/\/www.tadano.com\/brazil\/en\/standard-terms-and-conditions-of-use\/\",\"name\":\"Termos e Condi\u00e7\u00f5es Padr\u00e3o de Uso - Brazil\",\"isPartOf\":{\"@id\":\"https:\/\/www.tadano.com\/brazil\/pt-br\/#website\"},\"datePublished\":\"2025-10-30T09:37:26+00:00\",\"dateModified\":\"2026-02-02T09:56:56+00:00\",\"inLanguage\":\"pt-BR\",\"potentialAction\":[{\"@type\":\"ReadAction\",\"target\":[\"https:\/\/www.tadano.com\/brazil\/en\/standard-terms-and-conditions-of-use\/\"]}]},{\"@type\":\"WebSite\",\"@id\":\"https:\/\/www.tadano.com\/brazil\/pt-br\/#website\",\"url\":\"https:\/\/www.tadano.com\/brazil\/pt-br\/\",\"name\":\"Brazil\",\"description\":\"Just another TADANO EUROPE site\",\"potentialAction\":[{\"@type\":\"SearchAction\",\"target\":{\"@type\":\"EntryPoint\",\"urlTemplate\":\"https:\/\/www.tadano.com\/brazil\/pt-br\/?s={search_term_string}\"},\"query-input\":\"required name=search_term_string\"}],\"inLanguage\":\"pt-BR\"}]}<\/script>\n<!-- \/ Yoast SEO plugin. -->","yoast_head_json":{"title":"Termos e Condi\u00e7\u00f5es Padr\u00e3o de Uso - Brazil","robots":{"index":"index","follow":"follow","max-snippet":"max-snippet:-1","max-image-preview":"max-image-preview:large","max-video-preview":"max-video-preview:-1"},"canonical":"https:\/\/www.tadano.com\/brazil\/en\/standard-terms-and-conditions-of-use\/","og_locale":"pt_BR","og_type":"article","og_title":"Termos e Condi\u00e7\u00f5es Padr\u00e3o de Uso - Brazil","og_description":"Informamos que o uso de todos os arquivos CAD est\u00e1 sujeito aos termos de uso da Tadano.Estes Termos de Uso estabelecem as condi\u00e7\u00f5es aplic\u00e1veis aos dados e servi\u00e7os oferecidos pelo Grupo Tadano neste site.Solicitamos que voc\u00ea cumpra este acordo no que se refere ao uso dos dados e servi\u00e7os disponibilizados neste site. I. Uso dos [&hellip;]","og_url":"https:\/\/www.tadano.com\/brazil\/en\/standard-terms-and-conditions-of-use\/","og_site_name":"Brazil","article_modified_time":"2026-02-02T09:56:56+00:00","twitter_card":"summary_large_image","twitter_misc":{"Est. tempo de leitura":"6 minutos"},"schema":{"@context":"https:\/\/schema.org","@graph":[{"@type":"WebPage","@id":"https:\/\/www.tadano.com\/brazil\/en\/standard-terms-and-conditions-of-use\/","url":"https:\/\/www.tadano.com\/brazil\/en\/standard-terms-and-conditions-of-use\/","name":"Termos e Condi\u00e7\u00f5es Padr\u00e3o de Uso - Brazil","isPartOf":{"@id":"https:\/\/www.tadano.com\/brazil\/pt-br\/#website"},"datePublished":"2025-10-30T09:37:26+00:00","dateModified":"2026-02-02T09:56:56+00:00","inLanguage":"pt-BR","potentialAction":[{"@type":"ReadAction","target":["https:\/\/www.tadano.com\/brazil\/en\/standard-terms-and-conditions-of-use\/"]}]},{"@type":"WebSite","@id":"https:\/\/www.tadano.com\/brazil\/pt-br\/#website","url":"https:\/\/www.tadano.com\/brazil\/pt-br\/","name":"Brazil","description":"Just another TADANO EUROPE site","potentialAction":[{"@type":"SearchAction","target":{"@type":"EntryPoint","urlTemplate":"https:\/\/www.tadano.com\/brazil\/pt-br\/?s={search_term_string}"},"query-input":"required name=search_term_string"}],"inLanguage":"pt-BR"}]}},"_links":{"self":[{"href":"https:\/\/www.tadano.com\/brazil\/pt-br\/wp-json\/wp\/v2\/pages\/4080"}],"collection":[{"href":"https:\/\/www.tadano.com\/brazil\/pt-br\/wp-json\/wp\/v2\/pages"}],"about":[{"href":"https:\/\/www.tadano.com\/brazil\/pt-br\/wp-json\/wp\/v2\/types\/page"}],"author":[{"embeddable":true,"href":"https:\/\/www.tadano.com\/brazil\/pt-br\/wp-json\/wp\/v2\/users\/3"}],"replies":[{"embeddable":true,"href":"https:\/\/www.tadano.com\/brazil\/pt-br\/wp-json\/wp\/v2\/comments?post=4080"}],"version-history":[{"count":1,"href":"https:\/\/www.tadano.com\/brazil\/pt-br\/wp-json\/wp\/v2\/pages\/4080\/revisions"}],"predecessor-version":[{"id":4145,"href":"https:\/\/www.tadano.com\/brazil\/pt-br\/wp-json\/wp\/v2\/pages\/4080\/revisions\/4145"}],"wp:attachment":[{"href":"https:\/\/www.tadano.com\/brazil\/pt-br\/wp-json\/wp\/v2\/media?parent=4080"}],"curies":[{"name":"wp","href":"https:\/\/api.w.org\/{rel}","templated":true}]}}