{"id":4082,"date":"2025-10-30T09:38:52","date_gmt":"2025-10-30T09:38:52","guid":{"rendered":"https:\/\/www.tadano.com\/brazil\/faq-recursos-do-produto\/"},"modified":"2026-01-28T10:06:06","modified_gmt":"2026-01-28T10:06:06","slug":"faq-recursos-do-produto","status":"publish","type":"page","link":"https:\/\/www.tadano.com\/brazil\/pt-br\/faq-recursos-do-produto\/","title":{"rendered":"FAQ (Recursos do produto)"},"content":{"rendered":"\n<h2 class=\"wp-block-heading\">Perguntas mais frequentes<\/h2>\n\n\n\n<p><strong>P: Por favor, explique como operar o CAD.<\/strong><\/p>\n\n\n\n<p><strong>R:<\/strong>&nbsp;N\u00e3o aceitamos d\u00favidas sobre como operar softwares CAD. Consulte as instru\u00e7\u00f5es fornecidas com o software CAD que voc\u00ea est\u00e1 utilizando.<\/p>\n\n\n\n<p><strong>P: Quero dados CAD que n\u00e3o est\u00e3o na lista de dados.<\/strong><\/p>\n\n\n\n<p><strong>R:<\/strong>&nbsp;Todos os dados CAD atualmente dispon\u00edveis da Tadano est\u00e3o exibidos na lista de dados.<\/p>\n\n\n\n<p><strong>P: Os dados n\u00e3o s\u00e3o exibidos corretamente na tela.<\/strong><\/p>\n\n\n\n<p><strong>R:<\/strong>&nbsp;Este sistema \u00e9 compat\u00edvel com o Internet Explorer vers\u00e3o 6.0 ou superior.<br>*Outros navegadores podem n\u00e3o exibir o conte\u00fado corretamente.<\/p>\n\n\n\n<h2 class=\"wp-block-heading\">Perguntas sobre dados CAD<\/h2>\n\n\n\n<p><strong>P: \u00c9 cobrado algum valor para baixar esses dados CAD?<\/strong><\/p>\n\n\n\n<p><strong>R:<\/strong>&nbsp;Esses dados CAD podem ser baixados gratuitamente.<\/p>\n\n\n\n<p><strong>P: O navegador n\u00e3o avan\u00e7a para a tela de dados CAD.<\/strong><\/p>\n\n\n\n<p><strong>R:<\/strong>&nbsp;As configura\u00e7\u00f5es de cookies podem estar inv\u00e1lidas.<br>Especialmente ao utilizar o Internet Explorer 6, os cookies est\u00e3o desativados na configura\u00e7\u00e3o padr\u00e3o. Altere as configura\u00e7\u00f5es conforme abaixo:<br>Para Internet Explorer 6.0:<br>Clique em \u201cFerramentas\u201d na barra de menu \u2192 \u201cOp\u00e7\u00f5es da Internet\u201d \u2192 \u201cAba Privacidade\u201d \u2192 \u201cConfigura\u00e7\u00f5es avan\u00e7adas de privacidade\u201d \u2192 \u201cSubstituir o gerenciamento autom\u00e1tico de cookies\u201d \u2192 marque \u201cSempre permitir cookies de sess\u00e3o\u201d \u2192 clique em \u201cOK\u201d.<\/p>\n\n\n\n<p><strong>P: Ap\u00f3s baixar os dados CAD, eles s\u00e3o descompactados e um arquivo DXF \u00e9 criado, mas os dados n\u00e3o abrem na tela.<\/strong><\/p>\n\n\n\n<p><strong>R:<\/strong>&nbsp;Para utilizar os dados CAD, \u00e9 necess\u00e1rio um software CAD. Sem um software CAD, n\u00e3o \u00e9 poss\u00edvel abrir os dados.<\/p>\n\n\n\n<p><strong>P: Tenho um software CAD, mas n\u00e3o consigo abrir um arquivo DXF.<\/strong><\/p>\n\n\n\n<p><strong>R:<\/strong>&nbsp;Verifique se existe a op\u00e7\u00e3o \u201cDXF\u201d no comando \u201cAbrir\u201d do seu software CAD.<\/p>\n\n\n\n<p><strong>P: Os dados CAD foram baixados em formato PDF. Onde est\u00e3o os dados em formato DXF?<\/strong><\/p>\n\n\n\n<p><strong>R:<\/strong>&nbsp;Verifique se voc\u00ea n\u00e3o baixou os dados de \u201cEspecifica\u00e7\u00f5es\u201d. Tanto \u201cEspecifica\u00e7\u00f5es\u201d quanto \u201cDados CAD\u201d podem ser selecionados na tela inicial ap\u00f3s a aceita\u00e7\u00e3o dos termos de uso.<br>Por favor, clique no \u00edcone \u201cDados CAD\u201d na tela inicial.<\/p>\n\n\n\n<p><strong>P: Por favor, forne\u00e7a um diagrama de trajet\u00f3ria de deslocamento.<\/strong><\/p>\n\n\n\n<p><strong>R:<\/strong>&nbsp;Lamentamos, mas isso n\u00e3o est\u00e1 dispon\u00edvel. Em vez disso, fa\u00e7a o download do diagrama de pe\u00e7as do modelo necess\u00e1rio no site e crie um diagrama CAD que atenda \u00e0s suas necessidades.<\/p>\n\n\n\n<p><strong>P: N\u00e3o entendo como usar os dados CAD. Poderia me explicar?<\/strong><\/p>\n\n\n\n<p><strong>R:<\/strong>&nbsp;N\u00e3o aceitamos d\u00favidas sobre como operar softwares CAD. Consulte as instru\u00e7\u00f5es fornecidas com o software CAD que voc\u00ea est\u00e1 utilizando.<\/p>\n\n\n\n<p><strong>P: Em qual escala os dados CAD s\u00e3o fornecidos?<\/strong><\/p>\n\n\n\n<p><strong>R:<\/strong>&nbsp;A Tadano fornece os dados CAD em escala real.<\/p>\n\n\n\n<p><strong>P: Por favor, explique como montar as pe\u00e7as.<\/strong><\/p>\n\n\n\n<p><strong>R:<\/strong>&nbsp;Pontos de origem est\u00e3o associados a cada pe\u00e7a. Sobreponha esses pontos de origem para visualizar como as pe\u00e7as s\u00e3o montadas.<br>Perguntas sobre especifica\u00e7\u00f5es<\/p>\n\n\n\n<h2 class=\"wp-block-heading\">Perguntas sobre especifica\u00e7\u00f5es<\/h2>\n\n\n\n<p><strong>P: Qual \u00e9 o significado das linhas em negrito no gr\u00e1fico de carga nominal?<\/strong><\/p>\n\n\n\n<p><strong>R:<\/strong>&nbsp;As capacidades indicadas nas tabelas de carga de guindastes m\u00f3veis s\u00e3o determinadas por (1) resist\u00eancia (o guindaste n\u00e3o se rompe ao levantar a carga) ou (2) estabilidade (o guindaste n\u00e3o tomba ao levantar a carga). O menor valor entre esses dois crit\u00e9rios \u00e9 utilizado para determinar a capacidade nominal.<br>Nos guindastes m\u00f3veis, ao trabalhar com raio pequeno, as limita\u00e7\u00f5es s\u00e3o determinadas pela resist\u00eancia da lan\u00e7a. Ao trabalhar com raio maior, as limita\u00e7\u00f5es s\u00e3o determinadas pelo ponto de tombamento. As linhas em negrito indicam o ponto em que uma sobrecarga causaria danos estruturais ao guindaste (valores acima da linha em negrito), em compara\u00e7\u00e3o com o ponto em que uma sobrecarga causaria o tombamento do guindaste (valores abaixo da linha em negrito).<br>Independentemente de considerar as cargas acima ou abaixo da linha em negrito, n\u00e3o h\u00e1 problema em configurar qualquer carga de trabalho que permane\u00e7a dentro dos limites de carga nominal fornecidos na tabela de carga.<br>Como observa\u00e7\u00e3o importante para o planejamento do trabalho, as cargas nominais s\u00e3o calculadas com o guindaste instalado em uma superf\u00edcie nivelada. Al\u00e9m disso, como o dispositivo de seguran\u00e7a AML impede qualquer opera\u00e7\u00e3o fora das capacidades nominais indicadas na tabela de carga, pode haver situa\u00e7\u00f5es em que seja necess\u00e1rio utilizar guindastes de maior capacidade para determinadas eleva\u00e7\u00f5es. Planeje seus trabalhos de acordo.<\/p>\n\n\n\n<p><strong>P: Uma capacidade de subida (tan \u03b8) de 0,57 \u00e9 indicada na ficha t\u00e9cnica do guindaste todo-terreno. \u00c9 realmente poss\u00edvel que o ve\u00edculo suba estradas reais com essa inclina\u00e7\u00e3o?<\/strong><\/p>\n\n\n\n<p><strong>R:<\/strong>&nbsp;Uma capacidade de subida (tan \u03b8) de 0,57 corresponde a um \u00e2ngulo de 30\u00b0, por\u00e9m esse valor \u00e9 resultado de um c\u00e1lculo do \u00e2ngulo m\u00e1ximo de inclina\u00e7\u00e3o permitido, levando em considera\u00e7\u00e3o o motor, o conversor de torque e a transmiss\u00e3o. Portanto, se n\u00e3o houver escorregamento entre a superf\u00edcie da estrada e os pneus, \u00e9 poss\u00edvel subir uma estrada com inclina\u00e7\u00e3o de 30\u00b0.<br>No entanto, em estradas reais ocorre certo n\u00edvel de escorregamento, determinado pelo coeficiente de atrito da superf\u00edcie. Se o coeficiente de atrito for 0,6 ou superior, \u00e9 poss\u00edvel subir uma estrada com inclina\u00e7\u00e3o de 30\u00b0. Em geral, o coeficiente de atrito de superf\u00edcies pavimentadas (secas) \u00e9 estimado entre 0,4 e 0,7; quando o coeficiente \u00e9 0,4, a inclina\u00e7\u00e3o poss\u00edvel \u00e9 de aproximadamente 20\u00b0.<\/p>\n\n\n\n<h2 class=\"wp-block-heading\">Perguntas sobre for\u00e7as de rea\u00e7\u00e3o dos estabilizadores<\/h2>\n\n\n\n<p><strong>P: O navegador n\u00e3o avan\u00e7a para a tela de for\u00e7as de rea\u00e7\u00e3o dos estabilizadores.<\/strong><\/p>\n\n\n\n<p><strong>R:<\/strong>&nbsp;As configura\u00e7\u00f5es de cookies podem estar inv\u00e1lidas.<br>Especialmente ao utilizar o Internet Explorer 6, os cookies est\u00e3o desativados na configura\u00e7\u00e3o padr\u00e3o. Altere as configura\u00e7\u00f5es conforme abaixo:<br>Para Internet Explorer 6.0:<br>Clique em \u201cFerramentas\u201d na barra de menu \u2192 \u201cOp\u00e7\u00f5es da Internet\u201d \u2192 \u201cAba Privacidade\u201d \u2192 \u201cConfigura\u00e7\u00f5es avan\u00e7adas de privacidade\u201d \u2192 \u201cSubstituir o gerenciamento autom\u00e1tico de cookies\u201d \u2192 marque \u201cSempre permitir cookies de sess\u00e3o\u201d \u2192 clique em \u201cOK\u201d.<\/p>\n\n\n\n<h2 class=\"wp-block-heading\">Outras perguntas<\/h2>\n\n\n\n<p><strong>P: Gostaria de enviar e exibir especifica\u00e7\u00f5es e dados CAD no meu servidor de Internet.<\/strong><\/p>\n\n\n\n<p><strong>R:<\/strong>&nbsp;Lamentamos, mas solicitamos que voc\u00ea se abstenha de publicar informa\u00e7\u00f5es propriet\u00e1rias pertencentes \u00e0 Tadano no servidor da sua empresa.<br>Por favor, crie um link para a p\u00e1gina inicial da Tadano (http:\/\/www.tadano.com\/).<\/p>\n\n\n\n<p><strong>P: Gostaria de incluir um link para seus dados CAD e especifica\u00e7\u00f5es na minha p\u00e1gina inicial.<\/strong><\/p>\n\n\n\n<p><strong>R:<\/strong>&nbsp;Lamentamos, mas solicitamos que voc\u00ea se abstenha de criar links para informa\u00e7\u00f5es propriet\u00e1rias da Tadano a partir da sua p\u00e1gina inicial.<br>Por favor, crie um link para a p\u00e1gina inicial da Tadano (http:\/\/www.tadano.com\/).<\/p>\n\n","protected":false},"excerpt":{"rendered":"<p>Perguntas mais frequentes P: Por favor, explique como operar o CAD. R:&nbsp;N\u00e3o aceitamos d\u00favidas sobre como operar softwares CAD. Consulte as instru\u00e7\u00f5es fornecidas com o software CAD que voc\u00ea est\u00e1 utilizando. P: Quero dados CAD que n\u00e3o est\u00e3o na lista de dados. R:&nbsp;Todos os dados CAD atualmente dispon\u00edveis da Tadano est\u00e3o exibidos na lista de [&hellip;]<\/p>\n","protected":false},"author":3,"featured_media":0,"parent":0,"menu_order":0,"comment_status":"closed","ping_status":"closed","template":"","meta":{"_acf_changed":false,"footnotes":""},"acf":[],"yoast_head":"<!-- This site is optimized with the Yoast SEO plugin v22.3 - https:\/\/yoast.com\/wordpress\/plugins\/seo\/ -->\n<title>FAQ (Recursos do produto) - Brazil<\/title>\n<meta name=\"robots\" content=\"index, follow, max-snippet:-1, max-image-preview:large, max-video-preview:-1\" \/>\n<link rel=\"canonical\" href=\"https:\/\/www.tadano.com\/brazil\/pt-br\/faq-recursos-do-produto\/\" \/>\n<meta property=\"og:locale\" content=\"pt_BR\" \/>\n<meta property=\"og:type\" content=\"article\" \/>\n<meta property=\"og:title\" content=\"FAQ (Recursos do produto) - Brazil\" \/>\n<meta property=\"og:description\" content=\"Perguntas mais frequentes P: Por favor, explique como operar o CAD. R:&nbsp;N\u00e3o aceitamos d\u00favidas sobre como operar softwares CAD. Consulte as instru\u00e7\u00f5es fornecidas com o software CAD que voc\u00ea est\u00e1 utilizando. P: Quero dados CAD que n\u00e3o est\u00e3o na lista de dados. R:&nbsp;Todos os dados CAD atualmente dispon\u00edveis da Tadano est\u00e3o exibidos na lista de [&hellip;]\" \/>\n<meta property=\"og:url\" content=\"https:\/\/www.tadano.com\/brazil\/pt-br\/faq-recursos-do-produto\/\" \/>\n<meta property=\"og:site_name\" content=\"Brazil\" \/>\n<meta property=\"article:modified_time\" content=\"2026-01-28T10:06:06+00:00\" \/>\n<meta name=\"twitter:card\" content=\"summary_large_image\" \/>\n<meta name=\"twitter:label1\" content=\"Est. tempo de leitura\" \/>\n\t<meta name=\"twitter:data1\" content=\"5 minutos\" \/>\n<script type=\"application\/ld+json\" class=\"yoast-schema-graph\">{\"@context\":\"https:\/\/schema.org\",\"@graph\":[{\"@type\":\"WebPage\",\"@id\":\"https:\/\/www.tadano.com\/brazil\/pt-br\/faq-recursos-do-produto\/\",\"url\":\"https:\/\/www.tadano.com\/brazil\/pt-br\/faq-recursos-do-produto\/\",\"name\":\"FAQ (Recursos do produto) - Brazil\",\"isPartOf\":{\"@id\":\"https:\/\/www.tadano.com\/brazil\/pt-br\/#website\"},\"datePublished\":\"2025-10-30T09:38:52+00:00\",\"dateModified\":\"2026-01-28T10:06:06+00:00\",\"inLanguage\":\"pt-BR\",\"potentialAction\":[{\"@type\":\"ReadAction\",\"target\":[\"https:\/\/www.tadano.com\/brazil\/pt-br\/faq-recursos-do-produto\/\"]}]},{\"@type\":\"WebSite\",\"@id\":\"https:\/\/www.tadano.com\/brazil\/pt-br\/#website\",\"url\":\"https:\/\/www.tadano.com\/brazil\/pt-br\/\",\"name\":\"Brazil\",\"description\":\"Just another TADANO EUROPE site\",\"potentialAction\":[{\"@type\":\"SearchAction\",\"target\":{\"@type\":\"EntryPoint\",\"urlTemplate\":\"https:\/\/www.tadano.com\/brazil\/pt-br\/?s={search_term_string}\"},\"query-input\":\"required name=search_term_string\"}],\"inLanguage\":\"pt-BR\"}]}<\/script>\n<!-- \/ Yoast SEO plugin. -->","yoast_head_json":{"title":"FAQ (Recursos do produto) - Brazil","robots":{"index":"index","follow":"follow","max-snippet":"max-snippet:-1","max-image-preview":"max-image-preview:large","max-video-preview":"max-video-preview:-1"},"canonical":"https:\/\/www.tadano.com\/brazil\/pt-br\/faq-recursos-do-produto\/","og_locale":"pt_BR","og_type":"article","og_title":"FAQ (Recursos do produto) - Brazil","og_description":"Perguntas mais frequentes P: Por favor, explique como operar o CAD. R:&nbsp;N\u00e3o aceitamos d\u00favidas sobre como operar softwares CAD. Consulte as instru\u00e7\u00f5es fornecidas com o software CAD que voc\u00ea est\u00e1 utilizando. P: Quero dados CAD que n\u00e3o est\u00e3o na lista de dados. R:&nbsp;Todos os dados CAD atualmente dispon\u00edveis da Tadano est\u00e3o exibidos na lista de [&hellip;]","og_url":"https:\/\/www.tadano.com\/brazil\/pt-br\/faq-recursos-do-produto\/","og_site_name":"Brazil","article_modified_time":"2026-01-28T10:06:06+00:00","twitter_card":"summary_large_image","twitter_misc":{"Est. tempo de leitura":"5 minutos"},"schema":{"@context":"https:\/\/schema.org","@graph":[{"@type":"WebPage","@id":"https:\/\/www.tadano.com\/brazil\/pt-br\/faq-recursos-do-produto\/","url":"https:\/\/www.tadano.com\/brazil\/pt-br\/faq-recursos-do-produto\/","name":"FAQ (Recursos do produto) - Brazil","isPartOf":{"@id":"https:\/\/www.tadano.com\/brazil\/pt-br\/#website"},"datePublished":"2025-10-30T09:38:52+00:00","dateModified":"2026-01-28T10:06:06+00:00","inLanguage":"pt-BR","potentialAction":[{"@type":"ReadAction","target":["https:\/\/www.tadano.com\/brazil\/pt-br\/faq-recursos-do-produto\/"]}]},{"@type":"WebSite","@id":"https:\/\/www.tadano.com\/brazil\/pt-br\/#website","url":"https:\/\/www.tadano.com\/brazil\/pt-br\/","name":"Brazil","description":"Just another TADANO EUROPE site","potentialAction":[{"@type":"SearchAction","target":{"@type":"EntryPoint","urlTemplate":"https:\/\/www.tadano.com\/brazil\/pt-br\/?s={search_term_string}"},"query-input":"required name=search_term_string"}],"inLanguage":"pt-BR"}]}},"_links":{"self":[{"href":"https:\/\/www.tadano.com\/brazil\/pt-br\/wp-json\/wp\/v2\/pages\/4082"}],"collection":[{"href":"https:\/\/www.tadano.com\/brazil\/pt-br\/wp-json\/wp\/v2\/pages"}],"about":[{"href":"https:\/\/www.tadano.com\/brazil\/pt-br\/wp-json\/wp\/v2\/types\/page"}],"author":[{"embeddable":true,"href":"https:\/\/www.tadano.com\/brazil\/pt-br\/wp-json\/wp\/v2\/users\/3"}],"replies":[{"embeddable":true,"href":"https:\/\/www.tadano.com\/brazil\/pt-br\/wp-json\/wp\/v2\/comments?post=4082"}],"version-history":[{"count":0,"href":"https:\/\/www.tadano.com\/brazil\/pt-br\/wp-json\/wp\/v2\/pages\/4082\/revisions"}],"wp:attachment":[{"href":"https:\/\/www.tadano.com\/brazil\/pt-br\/wp-json\/wp\/v2\/media?parent=4082"}],"curies":[{"name":"wp","href":"https:\/\/api.w.org\/{rel}","templated":true}]}}