{"id":4088,"date":"2025-10-30T10:53:30","date_gmt":"2025-10-30T09:53:30","guid":{"rendered":"https:\/\/www.tadano.com\/brazil\/bim-data\/"},"modified":"2026-02-02T10:33:13","modified_gmt":"2026-02-02T10:33:13","slug":"dados-bim","status":"publish","type":"page","link":"https:\/\/www.tadano.com\/brazil\/pt-br\/dados-bim\/","title":{"rendered":"DADOS BIM"},"content":{"rendered":"\n<h1 class=\"wp-block-heading\"><strong>DADOS BIM<\/strong><\/h1>\n\n\n\n<h2 class=\"wp-block-heading\">O planejamento de projetos com guindastes de constru\u00e7\u00e3o do Grupo Tadano fica ainda mais f\u00e1cil quando voc\u00ea utiliza nossos dados BIM.<\/h2>\n\n\n\n<p>Agora voc\u00ea pode baixar arquivos BIM para uma sele\u00e7\u00e3o de guindastes de constru\u00e7\u00e3o do portf\u00f3lio do Grupo Tadano por meio da plataforma BIMobject\u00ae.<br>\u00c9 necess\u00e1rio ter uma conta&nbsp;<a href=\"https:\/\/www.bimobject.com\/en\/product\" target=\"_blank\" rel=\"noreferrer noopener\">BIMobject\u00ae<\/a>&nbsp;registrada (gratuita) para baixar os arquivos BIM. Os arquivos BIM est\u00e3o dispon\u00edveis no formato RFA. Visite a p\u00e1gina de download para ver as vers\u00f5es dispon\u00edveis.<\/p>\n\n\n\n<div style=\"height:30px\" aria-hidden=\"true\" class=\"wp-block-spacer\"><\/div>\n\n\n\n<h2 class=\"wp-block-heading\">Nossos dados BIM<\/h2>\n\n\n<div class=\"iframe-block\">\n\t<div class=\"container\">\n\t\t<iframe src=\"https:\/\/productsite.bimobject.com\/en\/tadano\/privatecloud\/all\" frameborder=\"0\" style=\"height:500px;\">\n\t\t  <p>\n\t\t  \tUnfortunately, your browser cannot display embedded frames. You can view the page by clicking the following link: <br>\n\t\t  \t<a href=\"https:\/\/productsite.bimobject.com\/en\/tadano\/privatecloud\/all\">https:\/\/productsite.bimobject.com\/en\/tadano\/privatecloud\/all<\/a>\n\t\t  <\/p>\n\t\t<\/iframe>\n\t\t\t<\/div>\n<\/div>\n\n\n<div class=\"wp-block-columns is-layout-flex wp-container-core-columns-layout-1 wp-block-columns-is-layout-flex\">\n<div class=\"wp-block-column is-layout-flow wp-block-column-is-layout-flow\">\n<h3 class=\"wp-block-heading\">O que \u00e9 BIM?<\/h3>\n\n\n\n<p>Building Information Modeling (BIM) \u00e9 um processo que utiliza um banco de dados de produtos digitais, permitindo que os usu\u00e1rios modelem digitalmente uma edifica\u00e7\u00e3o e calculem os custos associados, tipos de materiais e outros elementos. O BIM integra as etapas anteriormente separadas de projeto, constru\u00e7\u00e3o e gerenciamento, podendo ser utilizado ao longo de todo o ciclo de vida da edifica\u00e7\u00e3o.<br>Al\u00e9m disso, ao contr\u00e1rio do CAD 3D, os arquivos BIM podem ser utilizados com uma ampla variedade de softwares.<\/p>\n<\/div>\n\n\n\n<div class=\"wp-block-column is-layout-flow wp-block-column-is-layout-flow\">\n<figure class=\"wp-block-image size-full\"><img loading=\"lazy\" decoding=\"async\" width=\"580\" height=\"348\" src=\"https:\/\/www.tadano.com\/brazil\/wp-content\/uploads\/sites\/15\/2026\/01\/bim_1.jpg\" alt=\"\" class=\"wp-image-4044\" srcset=\"https:\/\/www.tadano.com\/brazil\/wp-content\/uploads\/sites\/15\/2026\/01\/bim_1.jpg 580w, https:\/\/www.tadano.com\/brazil\/wp-content\/uploads\/sites\/15\/2026\/01\/bim_1-300x180.jpg 300w, https:\/\/www.tadano.com\/brazil\/wp-content\/uploads\/sites\/15\/2026\/01\/bim_1-280x168.jpg 280w, https:\/\/www.tadano.com\/brazil\/wp-content\/uploads\/sites\/15\/2026\/01\/bim_1-560x336.jpg 560w, https:\/\/www.tadano.com\/brazil\/wp-content\/uploads\/sites\/15\/2026\/01\/bim_1-335x201.jpg 335w\" sizes=\"(max-width: 580px) 100vw, 580px\" \/><\/figure>\n<\/div>\n<\/div>\n\n\n\n<h2 class=\"wp-block-heading\">Instru\u00e7\u00f5es e precau\u00e7\u00f5es<\/h2>\n\n\n\n<ul>\n<li>Leia e concorde com os\u00a0<a href=\"https:\/\/www.tadano.com\/brazil\/pt-br\/online-tools\/termos-e-condicoes-padrao-de-uso\/\">termos e condi\u00e7\u00f5es de uso<\/a>\u00a0do servi\u00e7o de fornecimento de dados.<\/li>\n\n\n\n<li>\u00c9 necess\u00e1rio ter uma conta&nbsp;<a href=\"https:\/\/www.bimobject.com\/en\/product\" target=\"_blank\" rel=\"noreferrer noopener\">BIMobject\u00ae<\/a>&nbsp;registrada (gratuita) para baixar um arquivo BIM.<br>BIMobject\u00ae \u00e9 uma biblioteca online de objetos BIM, operada globalmente pela empresa sueca BIMobject AB.<br>Essa plataforma \u00e9 utilizada por fabricantes de produtos para constru\u00e7\u00e3o e interiores em todo o mundo para desenvolver, armazenar e publicar produtos e dados digitais.<\/li>\n\n\n\n<li>Os arquivos BIM est\u00e3o dispon\u00edveis no formato Autodesk\u00ae Revit\u00ae Family File (.rfa).<\/li>\n\n\n\n<li>Para d\u00favidas relacionadas aos nossos arquivos BIM, utilize nosso formul\u00e1rio de contato e selecione \u201cGeral\u201d no menu \u201cTipo de consulta\u201d.<\/li>\n<\/ul>\n\n\n\n<p><\/p>\n\n\n\n<div class=\"wp-block-columns is-layout-flex wp-container-core-columns-layout-2 wp-block-columns-is-layout-flex\">\n<div class=\"wp-block-column is-layout-flow wp-block-column-is-layout-flow\" style=\"flex-basis:100%\">\n<div class=\"wp-block-buttons is-layout-flex wp-block-buttons-is-layout-flex\">\n<div class=\"wp-block-button\"><a class=\"wp-block-button__link has-text-align-center wp-element-button\" href=\"https:\/\/www.tadano.com\/brazil\/pt-br\/online-tools\/termos-e-condicoes-padrao-de-uso\/\">Termos e Condi\u00e7\u00f5es Padr\u00e3o de Uso<\/a><\/div>\n\n\n\n<div class=\"wp-block-button\"><a class=\"wp-block-button__link has-text-align-left wp-element-button\" href=\"https:\/\/www.tadano.com\/brazil\/pt-br\/faq-recursos-do-produto\/\">FAQ<\/a><\/div>\n<\/div>\n<\/div>\n<\/div>\n\n\n\n<p><\/p>\n\n\n\n<p><\/p>\n\n\n\n<p><\/p>\n","protected":false},"excerpt":{"rendered":"<p>DADOS BIM O planejamento de projetos com guindastes de constru\u00e7\u00e3o do Grupo Tadano fica ainda mais f\u00e1cil quando voc\u00ea utiliza nossos dados BIM. Agora voc\u00ea pode baixar arquivos BIM para uma sele\u00e7\u00e3o de guindastes de constru\u00e7\u00e3o do portf\u00f3lio do Grupo Tadano por meio da plataforma BIMobject\u00ae.\u00c9 necess\u00e1rio ter uma conta&nbsp;BIMobject\u00ae&nbsp;registrada (gratuita) para baixar os arquivos [&hellip;]<\/p>\n","protected":false},"author":3,"featured_media":0,"parent":0,"menu_order":0,"comment_status":"closed","ping_status":"closed","template":"","meta":{"_acf_changed":false,"footnotes":""},"acf":[],"yoast_head":"<!-- This site is optimized with the Yoast SEO plugin v22.3 - https:\/\/yoast.com\/wordpress\/plugins\/seo\/ -->\n<title>DADOS BIM - Brazil<\/title>\n<meta name=\"robots\" content=\"index, follow, max-snippet:-1, max-image-preview:large, max-video-preview:-1\" \/>\n<link rel=\"canonical\" href=\"https:\/\/www.tadano.com\/brazil\/en\/bim-data\/\" \/>\n<meta property=\"og:locale\" content=\"pt_BR\" \/>\n<meta property=\"og:type\" content=\"article\" \/>\n<meta property=\"og:title\" content=\"DADOS BIM - Brazil\" \/>\n<meta property=\"og:description\" content=\"DADOS BIM O planejamento de projetos com guindastes de constru\u00e7\u00e3o do Grupo Tadano fica ainda mais f\u00e1cil quando voc\u00ea utiliza nossos dados BIM. Agora voc\u00ea pode baixar arquivos BIM para uma sele\u00e7\u00e3o de guindastes de constru\u00e7\u00e3o do portf\u00f3lio do Grupo Tadano por meio da plataforma BIMobject\u00ae.\u00c9 necess\u00e1rio ter uma conta&nbsp;BIMobject\u00ae&nbsp;registrada (gratuita) para baixar os arquivos [&hellip;]\" \/>\n<meta property=\"og:url\" content=\"https:\/\/www.tadano.com\/brazil\/en\/bim-data\/\" \/>\n<meta property=\"og:site_name\" content=\"Brazil\" \/>\n<meta property=\"article:modified_time\" content=\"2026-02-02T10:33:13+00:00\" \/>\n<meta property=\"og:image\" content=\"https:\/\/www.tadano.com\/brazil\/wp-content\/uploads\/sites\/15\/2026\/01\/bim_1.jpg\" \/>\n<meta name=\"twitter:card\" content=\"summary_large_image\" \/>\n<meta name=\"twitter:label1\" content=\"Est. tempo de leitura\" \/>\n\t<meta name=\"twitter:data1\" content=\"2 minutos\" \/>\n<script type=\"application\/ld+json\" class=\"yoast-schema-graph\">{\"@context\":\"https:\/\/schema.org\",\"@graph\":[{\"@type\":\"WebPage\",\"@id\":\"https:\/\/www.tadano.com\/brazil\/en\/bim-data\/\",\"url\":\"https:\/\/www.tadano.com\/brazil\/en\/bim-data\/\",\"name\":\"DADOS BIM - Brazil\",\"isPartOf\":{\"@id\":\"https:\/\/www.tadano.com\/brazil\/pt-br\/#website\"},\"primaryImageOfPage\":{\"@id\":\"https:\/\/www.tadano.com\/brazil\/en\/bim-data\/#primaryimage\"},\"image\":{\"@id\":\"https:\/\/www.tadano.com\/brazil\/en\/bim-data\/#primaryimage\"},\"thumbnailUrl\":\"https:\/\/www.tadano.com\/brazil\/wp-content\/uploads\/sites\/15\/2026\/01\/bim_1.jpg\",\"datePublished\":\"2025-10-30T09:53:30+00:00\",\"dateModified\":\"2026-02-02T10:33:13+00:00\",\"inLanguage\":\"pt-BR\",\"potentialAction\":[{\"@type\":\"ReadAction\",\"target\":[\"https:\/\/www.tadano.com\/brazil\/en\/bim-data\/\"]}]},{\"@type\":\"ImageObject\",\"inLanguage\":\"pt-BR\",\"@id\":\"https:\/\/www.tadano.com\/brazil\/en\/bim-data\/#primaryimage\",\"url\":\"https:\/\/www.tadano.com\/brazil\/wp-content\/uploads\/sites\/15\/2026\/01\/bim_1.jpg\",\"contentUrl\":\"https:\/\/www.tadano.com\/brazil\/wp-content\/uploads\/sites\/15\/2026\/01\/bim_1.jpg\"},{\"@type\":\"WebSite\",\"@id\":\"https:\/\/www.tadano.com\/brazil\/pt-br\/#website\",\"url\":\"https:\/\/www.tadano.com\/brazil\/pt-br\/\",\"name\":\"Brazil\",\"description\":\"Just another TADANO EUROPE site\",\"potentialAction\":[{\"@type\":\"SearchAction\",\"target\":{\"@type\":\"EntryPoint\",\"urlTemplate\":\"https:\/\/www.tadano.com\/brazil\/pt-br\/?s={search_term_string}\"},\"query-input\":\"required name=search_term_string\"}],\"inLanguage\":\"pt-BR\"}]}<\/script>\n<!-- \/ Yoast SEO plugin. -->","yoast_head_json":{"title":"DADOS BIM - Brazil","robots":{"index":"index","follow":"follow","max-snippet":"max-snippet:-1","max-image-preview":"max-image-preview:large","max-video-preview":"max-video-preview:-1"},"canonical":"https:\/\/www.tadano.com\/brazil\/en\/bim-data\/","og_locale":"pt_BR","og_type":"article","og_title":"DADOS BIM - Brazil","og_description":"DADOS BIM O planejamento de projetos com guindastes de constru\u00e7\u00e3o do Grupo Tadano fica ainda mais f\u00e1cil quando voc\u00ea utiliza nossos dados BIM. Agora voc\u00ea pode baixar arquivos BIM para uma sele\u00e7\u00e3o de guindastes de constru\u00e7\u00e3o do portf\u00f3lio do Grupo Tadano por meio da plataforma BIMobject\u00ae.\u00c9 necess\u00e1rio ter uma conta&nbsp;BIMobject\u00ae&nbsp;registrada (gratuita) para baixar os arquivos [&hellip;]","og_url":"https:\/\/www.tadano.com\/brazil\/en\/bim-data\/","og_site_name":"Brazil","article_modified_time":"2026-02-02T10:33:13+00:00","og_image":[{"url":"https:\/\/www.tadano.com\/brazil\/wp-content\/uploads\/sites\/15\/2026\/01\/bim_1.jpg"}],"twitter_card":"summary_large_image","twitter_misc":{"Est. tempo de leitura":"2 minutos"},"schema":{"@context":"https:\/\/schema.org","@graph":[{"@type":"WebPage","@id":"https:\/\/www.tadano.com\/brazil\/en\/bim-data\/","url":"https:\/\/www.tadano.com\/brazil\/en\/bim-data\/","name":"DADOS BIM - Brazil","isPartOf":{"@id":"https:\/\/www.tadano.com\/brazil\/pt-br\/#website"},"primaryImageOfPage":{"@id":"https:\/\/www.tadano.com\/brazil\/en\/bim-data\/#primaryimage"},"image":{"@id":"https:\/\/www.tadano.com\/brazil\/en\/bim-data\/#primaryimage"},"thumbnailUrl":"https:\/\/www.tadano.com\/brazil\/wp-content\/uploads\/sites\/15\/2026\/01\/bim_1.jpg","datePublished":"2025-10-30T09:53:30+00:00","dateModified":"2026-02-02T10:33:13+00:00","inLanguage":"pt-BR","potentialAction":[{"@type":"ReadAction","target":["https:\/\/www.tadano.com\/brazil\/en\/bim-data\/"]}]},{"@type":"ImageObject","inLanguage":"pt-BR","@id":"https:\/\/www.tadano.com\/brazil\/en\/bim-data\/#primaryimage","url":"https:\/\/www.tadano.com\/brazil\/wp-content\/uploads\/sites\/15\/2026\/01\/bim_1.jpg","contentUrl":"https:\/\/www.tadano.com\/brazil\/wp-content\/uploads\/sites\/15\/2026\/01\/bim_1.jpg"},{"@type":"WebSite","@id":"https:\/\/www.tadano.com\/brazil\/pt-br\/#website","url":"https:\/\/www.tadano.com\/brazil\/pt-br\/","name":"Brazil","description":"Just another TADANO EUROPE site","potentialAction":[{"@type":"SearchAction","target":{"@type":"EntryPoint","urlTemplate":"https:\/\/www.tadano.com\/brazil\/pt-br\/?s={search_term_string}"},"query-input":"required name=search_term_string"}],"inLanguage":"pt-BR"}]}},"_links":{"self":[{"href":"https:\/\/www.tadano.com\/brazil\/pt-br\/wp-json\/wp\/v2\/pages\/4088"}],"collection":[{"href":"https:\/\/www.tadano.com\/brazil\/pt-br\/wp-json\/wp\/v2\/pages"}],"about":[{"href":"https:\/\/www.tadano.com\/brazil\/pt-br\/wp-json\/wp\/v2\/types\/page"}],"author":[{"embeddable":true,"href":"https:\/\/www.tadano.com\/brazil\/pt-br\/wp-json\/wp\/v2\/users\/3"}],"replies":[{"embeddable":true,"href":"https:\/\/www.tadano.com\/brazil\/pt-br\/wp-json\/wp\/v2\/comments?post=4088"}],"version-history":[{"count":5,"href":"https:\/\/www.tadano.com\/brazil\/pt-br\/wp-json\/wp\/v2\/pages\/4088\/revisions"}],"predecessor-version":[{"id":4151,"href":"https:\/\/www.tadano.com\/brazil\/pt-br\/wp-json\/wp\/v2\/pages\/4088\/revisions\/4151"}],"wp:attachment":[{"href":"https:\/\/www.tadano.com\/brazil\/pt-br\/wp-json\/wp\/v2\/media?parent=4088"}],"curies":[{"name":"wp","href":"https:\/\/api.w.org\/{rel}","templated":true}]}}