{"id":4131,"date":"2026-01-15T14:41:48","date_gmt":"2026-01-15T14:41:48","guid":{"rendered":"https:\/\/www.tadano.com\/brazil\/cookie-policy-2\/"},"modified":"2026-01-28T16:38:31","modified_gmt":"2026-01-28T16:38:31","slug":"politica-de-cookies","status":"publish","type":"page","link":"https:\/\/www.tadano.com\/brazil\/pt-br\/politica-de-cookies\/","title":{"rendered":"Pol\u00edtica de cookies"},"content":{"rendered":"\n<h2 class=\"wp-block-heading\">Pol\u00edtica de cookies<\/h2>\n\n\n\n<h2 class=\"wp-block-heading\"><strong>Cookies, ferramentas de rastreamento e an\u00e1lise<\/strong><\/h2>\n\n\n\n<p>Na Tadano, utilizamos cookies em nosso site. Cookies s\u00e3o pequenos arquivos que enviamos ao navegador do seu dispositivo e que s\u00e3o armazenados durante a sua visita \u00e0s nossas p\u00e1ginas na internet. Algumas funcionalidades do nosso site n\u00e3o podem ser oferecidas sem o uso de cookies tecnicamente necess\u00e1rios. Outros cookies nos permitem realizar diversas an\u00e1lises. Por exemplo, os cookies podem reconhecer o navegador que voc\u00ea utiliza quando visita novamente nosso site e nos transmitir diferentes informa\u00e7\u00f5es. Podemos utilizar cookies para tornar nossa oferta online mais amig\u00e1vel e eficiente, por exemplo, analisando o uso do nosso site e determinando suas prefer\u00eancias (como configura\u00e7\u00f5es de pa\u00eds e idioma). Caso terceiros utilizem cookies para processar informa\u00e7\u00f5es, eles coletar\u00e3o essas informa\u00e7\u00f5es diretamente do seu navegador. Os cookies n\u00e3o causam danos ao seu dispositivo. Eles n\u00e3o podem executar programas nem conter v\u00edrus.<br>Antes de configurar cookies que n\u00e3o sejam tecnicamente necess\u00e1rios em nosso site, obtemos o seu consentimento por meio do banner de cookies. Voc\u00ea pode, naturalmente, alterar suas prefer\u00eancias a qualquer momento nas configura\u00e7\u00f5es de cookies.<br>Para mais informa\u00e7\u00f5es sobre outros dados pessoais que possamos processar sobre voc\u00ea, seus direitos como titular dos dados e nossos dados de contato, consulte nossa <a href=\"https:\/\/www.tadano.com\/en\/privacy-policy\/\">Pol\u00edtica de Privacidade<\/a>.<\/p>\n\n\n\n<h2 class=\"wp-block-heading\"><strong>1. Cookies tecnicamente necess\u00e1rios<\/strong><\/h2>\n\n\n\n<p>Esses cookies s\u00e3o necess\u00e1rios por motivos t\u00e9cnicos para que voc\u00ea possa visitar nosso site e utilizar as funcionalidades que oferecemos. Al\u00e9m disso, eles permitem um uso seguro e correto do nosso site. Os cookies tecnicamente necess\u00e1rios est\u00e3o sempre ativos.<br>Os seguintes cookies necess\u00e1rios s\u00e3o armazenados ao visitar nosso site e seus subdom\u00ednios:<\/p>\n\n\n<section class=\"table\">\n    <div class=\"container\">\n        <table border=\"1\"><tbody><tr class=\"thead\"><td>Fornecedor<\/td><td>Nome<\/td><td>Finalidade<\/td><td>Per\u00edodo de armazenamento<\/td><\/tr><tr><td>Tadano<\/td><td>CookieConsent<\/td><td>Utilizado para armazenar o status de consentimento de cookies do usu\u00e1rio<\/td><td>1 ano<\/td><\/tr><tr><td>Tadano<\/td><td>tdvp_https:\/\/#_#_#_#_#_#.png?v=#<\/td><td>Utilizado no contexto da fun\u00e7\u00e3o de visualiza\u00e7\u00e3o 3D do site<\/td><td>Persistente<\/td><\/tr><tr><td>Tadano<\/td><td>test<\/td><td>Utilizado para detectar se o visitante aceitou a categoria de marketing no banner de cookies<\/td><td>Persistente<\/td><\/tr><tr><td>Tadano<\/td><td>wpEmojiSettingsSupports<\/td><td>Este cookie faz parte de um conjunto de cookies utilizados para entrega e apresenta\u00e7\u00e3o de conte\u00fado<\/td><td>Sess\u00e3o<\/td><\/tr><tr><td>LinkedIn<\/td><td>bcookie<\/td><td>Utilizado para detectar spam e melhorar a seguran\u00e7a do site<\/td><td>1 ano<\/td><\/tr><tr><td>LinkedIn<\/td><td>li_gc<\/td><td>Armazena o status de consentimento de cookies do usu\u00e1rio para o dom\u00ednio atual<\/td><td>180 dias<\/td><\/tr><tr><td>Vimeo<\/td><td>_cfuvid<\/td><td>Auxilia no balanceamento de carga, na entrega de conte\u00fado do site e no fornecimento de conex\u00f5es DNS<\/td><td>Sess\u00e3o<\/td><\/tr><tr><td>Webseminare.biz<\/td><td>PHPSESSID<\/td><td>Mant\u00e9m o estado da sess\u00e3o do usu\u00e1rio entre solicita\u00e7\u00f5es de p\u00e1ginas<\/td><td>1 dia<\/td><\/tr><tr><td>LinkedIn<\/td><td>lidc<\/td><td>Registra o cluster de servidores que atende o visitante para otimizar a experi\u00eancia do usu\u00e1rio<\/td><td>1 dia<\/td><\/tr><tr><td>Tadano<\/td><td>lastRegion<\/td><td>Utilizado para rastrear a \u00faltima regi\u00e3o visitada pelo usu\u00e1rio<\/td><td>90 dias<\/td><\/tr><tr><td>Tadano<\/td><td>lastLanguage<\/td><td>Utilizado para rastrear o idioma utilizado durante a visita<\/td><td>90 dias<\/td><\/tr><\/tbody><\/table>    <\/div>\n<\/section>\n\n\n<p><br><\/p>\n\n\n\n<h2 class=\"wp-block-heading\"><strong>2. Cookies relacionados ao desempenho, rastreamento e an\u00e1lise<\/strong><\/h2>\n\n\n\n<p>Esses cookies nos permitem analisar a forma como voc\u00ea utiliza nosso site e, assim, melhorar seu desempenho e funcionalidade. As informa\u00e7\u00f5es coletadas referem-se, entre outros aspectos, \u00e0 forma como os visitantes utilizam nosso site, quais p\u00e1ginas s\u00e3o mais visitadas e se determinadas p\u00e1ginas apresentam mensagens de erro. Em alguns casos, esses cookies podem melhorar a velocidade com que processamos suas solicita\u00e7\u00f5es, pois permitem lembrar as prefer\u00eancias do site que voc\u00ea selecionou. Caso este grupo de cookies seja selecionado, as informa\u00e7\u00f5es coletadas sobre voc\u00ea poder\u00e3o ser transferidas para fora do Espa\u00e7o Econ\u00f4mico Europeu, em especial para os Estados Unidos, conforme descrito nesta Pol\u00edtica de Privacidade. Qualquer tratamento ou transfer\u00eancia il\u00edcita adicional dos seus dados por parte dos fornecedores desses cookies n\u00e3o pode ser evitado por n\u00f3s e, portanto, permanece fora da nossa esfera de influ\u00eancia.<br>Os seguintes cookies relacionados ao desempenho s\u00e3o armazenados ao visitar nosso site e seus subdom\u00ednios:<\/p>\n\n\n\n<p><br><\/p>\n\n\n<section class=\"table\">\n    <div class=\"container\">\n        <table border=\"1\"><tbody><tr class=\"thead\"><td>Provider<\/td><td>Name<\/td><td>Purpose<\/td><td>Storage Period<\/td><\/tr><tr><td>Tadano<\/td><td>last_pys_utm_campaign<\/td><td>Used to track visitors on multiple websites, in order to present relevant advertisement based on the visitor&#8217;s preferences<\/td><td>Session<\/td><\/tr><tr><td>Tadano<\/td><td>last_pys_utm_medium<\/td><td>Used to track visitors on multiple websites, in order to present relevant advertisement based on the visitor&#8217;s preferences<\/td><td>Session<\/td><\/tr><tr><td>Tadano<\/td><td>pys_bingid<\/td><td>Registers statistical data on users&#8217; behaviour on the website<\/td><td>Session<\/td><\/tr><tr><td>Tadano<\/td><td>pys_fbadid<\/td><td>Registers statistical data on users&#8217; behaviour on the website<\/td><td>Session<\/td><\/tr><tr><td>Tadano<\/td><td>pys_gadid<\/td><td>Registers statistical data on users&#8217; behaviour on the website<\/td><td>Session<\/td><\/tr><tr><td>Tadano<\/td><td>pys_padid<\/td><td>Registers statistical data on users&#8217; behaviour on the website<\/td><td>Session<\/td><\/tr><tr><td>Tadano<\/td><td>pys_utm_campaign<\/td><td>Registers statistical data on users&#8217; behaviour on the website<\/td><td>Session<\/td><\/tr><tr><td>Tadano<\/td><td>pys_utm_content<\/td><td>Registers statistical data on users&#8217; behaviour on the website<\/td><td>Session<\/td><\/tr><tr><td>Tadano<\/td><td>pys_utm_medium<\/td><td>Registers statistical data on users&#8217; behaviour on the website<\/td><td>Session<\/td><\/tr><tr><td>Tadano<\/td><td>pys_utm_source<\/td><td><\/td><td>Session<\/td><\/tr><tr><td>Tadano<\/td><td>pys_utm_term<\/td><td>Registers statistical data on users&#8217; behaviour on the website<\/td><td>Session<\/td><\/tr><tr><td>Google Analytics<\/td><td>_ga<\/td><td>Registers a unique ID that is used to generate statistical data on how the visitor uses the website<\/td><td>2 years<\/td><\/tr><tr><td>Google Analytics<\/td><td>_ga_#<\/td><td>Used by Google Analytics to collect data on the number of times a user has visited the website as well as dates for the first and most recent visit<\/td><td>2 years<\/td><\/tr><tr><td>Tadano<\/td><td>last_pys_landing_page<\/td><td>Registers statistical data on users&#8217; behaviour on the website<\/td><td>7 days<\/td><\/tr><tr><td>Tadano<\/td><td>last_pysTrafficSource<\/td><td>Registers statistical data on users&#8217; behaviour on the website<\/td><td>7 days<\/td><\/tr><tr><td>Tadano<\/td><td>pys_first_visit<\/td><td>Registers statistical data on users&#8217; behaviour on the website<\/td><td>7 days<\/td><\/tr><tr><td>Tadano<\/td><td>pys_landing_page<\/td><td>Detects and stores which landing page was presented to the user<\/td><td>7 days<\/td><\/tr><tr><td>Tadano<\/td><td>pys_session_limit<\/td><td>Registers statistical data on users&#8217; behaviour on the website<\/td><td>1 day<\/td><\/tr><tr><td>Tadano<\/td><td>pys_start_session<\/td><td>Registers statistical data on users&#8217; behaviour on the website<\/td><td>Session<\/td><\/tr><tr><td>Tadano<\/td><td>pysTrafficSource<\/td><td>Registers statistical data on users&#8217; behaviour on the website<\/td><td>7 days<\/td><\/tr><tr><td>Meta, Inc.<\/td><td>lastExternalReferrer<\/td><td>Detects how the user reached the website by registering their last URL-address<\/td><td>Persistent<\/td><\/tr><tr><td>Meta, Inc.<\/td><td>lastExternalReferrerTime<\/td><td>Detects how the user reached the website by registering their last URL-address<\/td><td>Persistent<\/td><\/tr><tr><td>Elfsight<\/td><td>elfsight_viewed_recently<\/td><td>Determines which products the user has viewed, allowing the website to promote related products<\/td><td>1 day<\/td><\/tr><tr><td>Tadano<\/td><td>last_pys_bingid<\/td><td>Used to track visitors on multiple websites, in order to present relevant advertisement based on the visitor&#8217;s preferences<\/td><td>Session<\/td><\/tr><tr><td>Tadano<\/td><td>last_pys_fbadid<\/td><td>Used to track visitors on multiple websites, in order to present relevant advertisement based on the visitor&#8217;s preferences<\/td><td>Session<\/td><\/tr><tr><td>Tadano<\/td><td>last_pys_gadid<\/td><td>Used to track visitors on multiple websites, in order to present relevant advertisement based on the visitor&#8217;s preferences<\/td><td>Session<\/td><\/tr><tr><td>Tadano<\/td><td>last_pys_padid<\/td><td><\/td><td>Session<\/td><\/tr><tr><td>Tadano<\/td><td>last_pys_utm_content<\/td><td>Used to track visitors on multiple websites, in order to present relevant advertisement based on the visitor&#8217;s preferences<\/td><td>Session<\/td><\/tr><tr><td>Tadano<\/td><td>last_pys_utm_source<\/td><td>Used to track visitors on multiple websites, in order to present relevant advertisement based on the visitor&#8217;s preferences<\/td><td>Session<\/td><\/tr><tr><td>Tadano<\/td><td>last_pys_utm_term<\/td><td>Used to track visitors on multiple websites, in order to present relevant advertisement based on the visitor&#8217;s preferences<\/td><td>Session<\/td><\/tr><tr><td>Meta, Inc.<\/td><td>_fbp<\/td><td>Used by Facebook to deliver a series of advertisement products such as real time bidding from third party advertisers<\/td><td>3 months<\/td><\/tr><tr><td>Youtube<\/td><td>YSC<\/td><td>Registers a unique ID to keep statistics of what videos from YouTube the user has seen<\/td><td>Session<\/td><\/tr><tr><td>Tadano<\/td><td>pbid<\/td><td>Allows the plugin to assign external_id to users, improving API events performance. <\/td><td>180 days<\/td><\/tr><\/tbody><\/table>    <\/div>\n<\/section>\n\n\n<p>&nbsp;<\/p>\n\n\n\n<h2 class=\"wp-block-heading\"><strong>3. Cookies e ferramentas funcionais<\/strong><\/h2>\n\n\n\n<p>Cookies funcionais e tecnologias semelhantes nos permitem exibir determinadas funcionalidades do nosso site (por exemplo, v\u00eddeos) ou garantir uma funcionalidade aprimorada. Essas tecnologias podem ser definidas por n\u00f3s ou por terceiros. Utilizamos cookies e tecnologias semelhantes de terceiros apenas se seus servi\u00e7os estiverem integrados ao nosso site. Por meio do uso desses servi\u00e7os integrados, os dados s\u00e3o regularmente transmitidos aos respectivos fornecedores. Caso este grupo de cookies seja selecionado, as informa\u00e7\u00f5es coletadas sobre voc\u00ea poder\u00e3o ser transferidas para fora do Espa\u00e7o Econ\u00f4mico Europeu, em especial para os Estados Unidos. Um processamento adicional dos dados transmitidos poder\u00e1 ser realizado exclusivamente para as finalidades do respectivo fornecedor terceiro. N\u00e3o temos controle sobre esses processamentos ou transfer\u00eancias adicionais.<br>Os seguintes cookies e ferramentas funcionais s\u00e3o utilizados em nosso site e seus subdom\u00ednios:<\/p>\n\n\n<section class=\"table\">\n    <div class=\"container\">\n        <table border=\"1\"><tbody><tr class=\"thead\"><td>Fornecedor<\/td><td>Nome<\/td><td>Finalidade<\/td><td>Per\u00edodo de armazenamento<\/td><\/tr><tr><td>Fonts.net<\/td><td>__cf_bm<\/td><td>Utilizado para distinguir entre humanos e bots<\/td><td>1 dia<\/td><\/tr><tr><td>Gstatic<\/td><td>rc::a<\/td><td>Utilizado para distinguir entre humanos e bots<\/td><td>Persistente<\/td><\/tr><tr><td>Gstatic<\/td><td>rc::c<\/td><td>Utilizado para distinguir entre humanos e bots<\/td><td>Sess\u00e3o<\/td><\/tr><tr><td>Cookiebo<\/td><td>1.gif<\/td><td>Utilizado para contar o n\u00famero de sess\u00f5es no site<\/td><td>Sess\u00e3o<\/td><\/tr><tr><td>Vimeo<\/td><td>__cf_bm<\/td><td>Utilizado para distinguir entre humanos e bots<\/td><td>1 dia<\/td><\/tr><tr><td>Vimeo<\/td><td>vuid<\/td><td>Utilizado pelo player de v\u00eddeo do Vimeo para fornecer v\u00eddeos incorporados<\/td><td>2 anos<\/td><\/tr><tr><td>Youtube<\/td><td>__Secure-ROLLOUT_TOKEN<\/td><td>Utilizado pelo YouTube para fornecer v\u00eddeos incorporados<\/td><td>180 dias<\/td><\/tr><tr><td>Youtube<\/td><td>VISITOR_INFO1_LIVE<\/td><td>Tenta estimar a largura de banda dos usu\u00e1rios em p\u00e1ginas com v\u00eddeos do YouTube incorporados<\/td><td>180 dias<\/td><\/tr><\/tbody><\/table>    <\/div>\n<\/section>\n\n\n<p><\/p>\n","protected":false},"excerpt":{"rendered":"<p>Pol\u00edtica de cookies Cookies, ferramentas de rastreamento e an\u00e1lise Na Tadano, utilizamos cookies em nosso site. Cookies s\u00e3o pequenos arquivos que enviamos ao navegador do seu dispositivo e que s\u00e3o armazenados durante a sua visita \u00e0s nossas p\u00e1ginas na internet. Algumas funcionalidades do nosso site n\u00e3o podem ser oferecidas sem o uso de cookies tecnicamente [&hellip;]<\/p>\n","protected":false},"author":3,"featured_media":0,"parent":0,"menu_order":0,"comment_status":"closed","ping_status":"closed","template":"","meta":{"_acf_changed":false,"footnotes":""},"acf":[],"yoast_head":"<!-- This site is optimized with the Yoast SEO plugin v22.3 - https:\/\/yoast.com\/wordpress\/plugins\/seo\/ -->\n<title>Pol\u00edtica de cookies - Brazil<\/title>\n<meta name=\"robots\" content=\"index, follow, max-snippet:-1, max-image-preview:large, max-video-preview:-1\" \/>\n<link rel=\"canonical\" href=\"https:\/\/www.tadano.com\/brazil\/en\/cookie-policy\/\" \/>\n<meta property=\"og:locale\" content=\"pt_BR\" \/>\n<meta property=\"og:type\" content=\"article\" \/>\n<meta property=\"og:title\" content=\"Pol\u00edtica de cookies - Brazil\" \/>\n<meta property=\"og:description\" content=\"Pol\u00edtica de cookies Cookies, ferramentas de rastreamento e an\u00e1lise Na Tadano, utilizamos cookies em nosso site. Cookies s\u00e3o pequenos arquivos que enviamos ao navegador do seu dispositivo e que s\u00e3o armazenados durante a sua visita \u00e0s nossas p\u00e1ginas na internet. Algumas funcionalidades do nosso site n\u00e3o podem ser oferecidas sem o uso de cookies tecnicamente [&hellip;]\" \/>\n<meta property=\"og:url\" content=\"https:\/\/www.tadano.com\/brazil\/en\/cookie-policy\/\" \/>\n<meta property=\"og:site_name\" content=\"Brazil\" \/>\n<meta property=\"article:modified_time\" content=\"2026-01-28T16:38:31+00:00\" \/>\n<meta name=\"twitter:card\" content=\"summary_large_image\" \/>\n<meta name=\"twitter:label1\" content=\"Est. tempo de leitura\" \/>\n\t<meta name=\"twitter:data1\" content=\"3 minutos\" \/>\n<script type=\"application\/ld+json\" class=\"yoast-schema-graph\">{\"@context\":\"https:\/\/schema.org\",\"@graph\":[{\"@type\":\"WebPage\",\"@id\":\"https:\/\/www.tadano.com\/brazil\/en\/cookie-policy\/\",\"url\":\"https:\/\/www.tadano.com\/brazil\/en\/cookie-policy\/\",\"name\":\"Pol\u00edtica de cookies - Brazil\",\"isPartOf\":{\"@id\":\"https:\/\/www.tadano.com\/brazil\/pt-br\/#website\"},\"datePublished\":\"2026-01-15T14:41:48+00:00\",\"dateModified\":\"2026-01-28T16:38:31+00:00\",\"inLanguage\":\"pt-BR\",\"potentialAction\":[{\"@type\":\"ReadAction\",\"target\":[\"https:\/\/www.tadano.com\/brazil\/en\/cookie-policy\/\"]}]},{\"@type\":\"WebSite\",\"@id\":\"https:\/\/www.tadano.com\/brazil\/pt-br\/#website\",\"url\":\"https:\/\/www.tadano.com\/brazil\/pt-br\/\",\"name\":\"Brazil\",\"description\":\"Just another TADANO EUROPE site\",\"potentialAction\":[{\"@type\":\"SearchAction\",\"target\":{\"@type\":\"EntryPoint\",\"urlTemplate\":\"https:\/\/www.tadano.com\/brazil\/pt-br\/?s={search_term_string}\"},\"query-input\":\"required name=search_term_string\"}],\"inLanguage\":\"pt-BR\"}]}<\/script>\n<!-- \/ Yoast SEO plugin. -->","yoast_head_json":{"title":"Pol\u00edtica de cookies - Brazil","robots":{"index":"index","follow":"follow","max-snippet":"max-snippet:-1","max-image-preview":"max-image-preview:large","max-video-preview":"max-video-preview:-1"},"canonical":"https:\/\/www.tadano.com\/brazil\/en\/cookie-policy\/","og_locale":"pt_BR","og_type":"article","og_title":"Pol\u00edtica de cookies - Brazil","og_description":"Pol\u00edtica de cookies Cookies, ferramentas de rastreamento e an\u00e1lise Na Tadano, utilizamos cookies em nosso site. Cookies s\u00e3o pequenos arquivos que enviamos ao navegador do seu dispositivo e que s\u00e3o armazenados durante a sua visita \u00e0s nossas p\u00e1ginas na internet. Algumas funcionalidades do nosso site n\u00e3o podem ser oferecidas sem o uso de cookies tecnicamente [&hellip;]","og_url":"https:\/\/www.tadano.com\/brazil\/en\/cookie-policy\/","og_site_name":"Brazil","article_modified_time":"2026-01-28T16:38:31+00:00","twitter_card":"summary_large_image","twitter_misc":{"Est. tempo de leitura":"3 minutos"},"schema":{"@context":"https:\/\/schema.org","@graph":[{"@type":"WebPage","@id":"https:\/\/www.tadano.com\/brazil\/en\/cookie-policy\/","url":"https:\/\/www.tadano.com\/brazil\/en\/cookie-policy\/","name":"Pol\u00edtica de cookies - Brazil","isPartOf":{"@id":"https:\/\/www.tadano.com\/brazil\/pt-br\/#website"},"datePublished":"2026-01-15T14:41:48+00:00","dateModified":"2026-01-28T16:38:31+00:00","inLanguage":"pt-BR","potentialAction":[{"@type":"ReadAction","target":["https:\/\/www.tadano.com\/brazil\/en\/cookie-policy\/"]}]},{"@type":"WebSite","@id":"https:\/\/www.tadano.com\/brazil\/pt-br\/#website","url":"https:\/\/www.tadano.com\/brazil\/pt-br\/","name":"Brazil","description":"Just another TADANO EUROPE site","potentialAction":[{"@type":"SearchAction","target":{"@type":"EntryPoint","urlTemplate":"https:\/\/www.tadano.com\/brazil\/pt-br\/?s={search_term_string}"},"query-input":"required name=search_term_string"}],"inLanguage":"pt-BR"}]}},"_links":{"self":[{"href":"https:\/\/www.tadano.com\/brazil\/pt-br\/wp-json\/wp\/v2\/pages\/4131"}],"collection":[{"href":"https:\/\/www.tadano.com\/brazil\/pt-br\/wp-json\/wp\/v2\/pages"}],"about":[{"href":"https:\/\/www.tadano.com\/brazil\/pt-br\/wp-json\/wp\/v2\/types\/page"}],"author":[{"embeddable":true,"href":"https:\/\/www.tadano.com\/brazil\/pt-br\/wp-json\/wp\/v2\/users\/3"}],"replies":[{"embeddable":true,"href":"https:\/\/www.tadano.com\/brazil\/pt-br\/wp-json\/wp\/v2\/comments?post=4131"}],"version-history":[{"count":3,"href":"https:\/\/www.tadano.com\/brazil\/pt-br\/wp-json\/wp\/v2\/pages\/4131\/revisions"}],"predecessor-version":[{"id":4139,"href":"https:\/\/www.tadano.com\/brazil\/pt-br\/wp-json\/wp\/v2\/pages\/4131\/revisions\/4139"}],"wp:attachment":[{"href":"https:\/\/www.tadano.com\/brazil\/pt-br\/wp-json\/wp\/v2\/media?parent=4131"}],"curies":[{"name":"wp","href":"https:\/\/api.w.org\/{rel}","templated":true}]}}