{"id":4188,"date":"2025-10-02T22:02:43","date_gmt":"2025-10-02T22:02:43","guid":{"rendered":"https:\/\/www.tadano.com\/brazil\/treinamento-tadano\/"},"modified":"2025-10-02T22:02:43","modified_gmt":"2025-10-02T22:02:43","slug":"treinamento-tadano","status":"publish","type":"page","link":"https:\/\/www.tadano.com\/brazil\/pt-br\/treinamento-tadano\/","title":{"rendered":"TREINAMENTO TADANO"},"content":{"rendered":"\n<h2 class=\"wp-block-heading has-text-align-center\"><strong>Login ou cadastro<\/strong><\/h2>\n\n<p class=\"has-text-align-center\">Cadastre-se ou fa\u00e7a login para visualizar os treinamentos dispon\u00edveis.<\/p>\n<p class=\"has-text-align-center\"><strong>O treinamento \u00e9 exclusivo para clientes e distribuidores Tadano.<\/strong><\/p>\n<p class=\"has-text-align-center\"><strong>\u00c9 necess\u00e1rio um endere\u00e7o de e-mail com o dom\u00ednio da sua empresa para o cadastro.<\/strong><\/p>\n<p class=\"has-text-align-center\"><strong>A aprova\u00e7\u00e3o ap\u00f3s o cadastro \u00e9 necess\u00e1ria para acessar os treinamentos Tadano.<\/strong><\/p>\n\n\n<div class=\"wp-block-buttons is-content-justification-center is-layout-flex wp-container-core-buttons-is-layout-16018d1d wp-block-buttons-is-layout-flex\">\n  <div class=\"wp-block-button\">\n    <a class=\"wp-block-button__link wp-element-button\" href=\"https:\/\/tadano.gyrusaim.com\/Registration\/UserSelfRegistration\">Cadastro de usu\u00e1rio<\/a>\n  <\/div>\n  <div class=\"wp-block-button\">\n    <a class=\"wp-block-button__link wp-element-button\" href=\"https:\/\/tadano.gyrusaim.com\/auth\/login\">Login<\/a>\n  <\/div>\n<\/div>\n\n<p class=\"has-text-align-center\">Se voc\u00ea tiver dificuldades para se cadastrar ou fazer login, envie um e-mail para um dos endere\u00e7os abaixo:<\/p>\n<p class=\"has-text-align-center\">andrew.broussard@tadano.com ou clayton.mooney@tadano.com<\/p>\n<!-- \/wp:heading --><!-- wp:post-content --><!-- wp:acf\/special-header {\"name\":\"acf\/special-header\",\"data\":{\"background_image\":26890,\"_background_image\":\"field_6024f3dca4869\",\"background_image_celum_url\":\"\",\"_background_image_celum_url\":\"field_6015f3dca4268\",\"image_alignment\":\"middlecenter\",\"_image_alignment\":\"field_61c75fb60738d\"},\"mode\":\"preview\"} -->\n<!-- wp:heading {\"level\":1} -->\n<h1 class=\"wp-block-heading\">TREINAMENTO TADANO<\/h1>\n<!-- \/wp:heading -->\n\n<!-- wp:paragraph -->\n<p>O treinamento Tadano coloca os t\u00e9cnicos em primeiro lugar, combinando simuladores de \u00faltima gera\u00e7\u00e3o com experi\u00eancia pr\u00e1tica em guindastes reais. Com o aprendizado pr\u00e1tico como base, capacitamos os t\u00e9cnicos com a confian\u00e7a, as habilidades e a precis\u00e3o necess\u00e1rias para manter os equipamentos Tadano operando com o m\u00e1ximo desempenho.<\/p>\n<!-- \/wp:paragraph -->\n<!-- \/wp:acf\/special-header -->\n\n<!-- wp:acf\/navigation-block {\"name\":\"acf\/navigation-block\",\"data\":{\"navigation_links_0_link\":{\"title\":\"Login \/ Cadastro\",\"url\":\"#login\",\"target\":\"\"},\"_navigation_links_0_link\":\"field_66e824da2cb25\",\"navigation_links_1_link\":{\"title\":\"Equipe de treinamento\",\"url\":\"#team\",\"target\":\"\"},\"_navigation_links_1_link\":\"field_66e824da2cb25\",\"navigation_links_2_link\":{\"title\":\"Navegando pelo Treinamento Tadano\",\"url\":\"#videos\",\"target\":\"\"},\"_navigation_links_2_link\":\"field_66e824da2cb25\",\"navigation_links_3_link\":{\"title\":\"Sobre a Tadano\",\"url\":\"#about\",\"target\":\"\"},\"_navigation_links_3_link\":\"field_66e824da2cb25\",\"navigation_links\":4,\"_navigation_links\":\"field_66e824bd2cb24\"},\"mode\":\"edit\"} \/-->\n\n<!-- wp:spacer -->\n<div style=\"height:100px\" aria-hidden=\"true\" class=\"wp-block-spacer\"><\/div>\n<!-- \/wp:spacer -->\n\n<!-- wp:heading {\"textAlign\":\"center\"} -->\n<h2 class=\"wp-block-heading has-text-align-center\"><strong>TREINAMENTO TADANO<\/strong><\/h2>\n<!-- \/wp:heading -->\n\n<!-- wp:spacer {\"height\":\"25px\"} -->\n<div style=\"height:25px\" aria-hidden=\"true\" class=\"wp-block-spacer\"><\/div>\n<!-- \/wp:spacer -->\n\n<!-- wp:paragraph -->\n<p>O Departamento de Treinamento da Tadano foi reaberto ap\u00f3s uma ampla iniciativa de reestrutura\u00e7\u00e3o e moderniza\u00e7\u00e3o. Nosso programa renovado enfatiza o <strong>desenvolvimento dos t\u00e9cnicos<\/strong>, oferecendo <strong>trilhas de treinamento aprimoradas<\/strong>, apoiadas por <strong>simuladores de \u00faltima gera\u00e7\u00e3o<\/strong> e <strong>exerc\u00edcios pr\u00e1ticos com guindastes reais<\/strong>. Essa abordagem pr\u00e1tica garante que os t\u00e9cnicos adquiram as habilidades e os conhecimentos necess\u00e1rios para manter e dar suporte aos equipamentos Tadano com confian\u00e7a e precis\u00e3o.<\/p>\n<!-- \/wp:paragraph -->\n\n<!-- wp:spacer -->\n<div style=\"height:100px\" aria-hidden=\"true\" class=\"wp-block-spacer\"><\/div>\n<!-- \/wp:spacer -->\n\n<!-- wp:acf\/anchor-block {\"name\":\"acf\/anchor-block\",\"data\":{\"anchor-name\":\"team\",\"_anchor-name\":\"field_609542b5413a6\"},\"mode\":\"edit\"} \/-->\n\n<!-- wp:heading {\"textAlign\":\"center\"} -->\n<h2 class=\"wp-block-heading has-text-align-center\"><strong>equipe de treinamento<\/strong><\/h2>\n<!-- \/wp:heading -->\n\n<!-- wp:spacer {\"height\":\"25px\"} -->\n<div style=\"height:25px\" aria-hidden=\"true\" class=\"wp-block-spacer\"><\/div>\n<!-- \/wp:spacer -->\n\n<!-- wp:columns -->\n<div class=\"wp-block-columns\">\n  <!-- wp:column {\"width\":\"66.66%\",\"backgroundColor\":\"light-blue\",\"className\":\"has-padding\"} -->\n  <div class=\"wp-block-column has-padding has-light-blue-background-color has-background\" style=\"flex-basis:66.66%\">\n    <p class=\"has-white-color has-text-color\"><strong>ANDREW BROUSSARD<\/strong><\/p>\n    <p class=\"has-white-color has-text-color\">Diretor de Treinamento<\/p>\n  <\/div>\n  <!-- \/wp:column -->\n\n  <!-- wp:column {\"width\":\"33.33%\"} -->\n  <div class=\"wp-block-column\" style=\"flex-basis:33.33%\">\n    <figure class=\"wp-block-image aligncenter size-large no-margin-bottom\">\n      <img decoding=\"async\" src=\"https:\/\/www.tadano.com\/uscan\/wp-content\/uploads\/2026\/02\/img_tadano_LaborDay_13-edited-1-1024x1024.jpg\" alt=\"\" class=\"wp-image-23700\" style=\"object-fit:cover\" \/>\n    <\/figure>\n  <\/div>\n  <!-- \/wp:column -->\n<\/div>\n<!-- \/wp:columns -->\n\n<!-- wp:columns -->\n<div class=\"wp-block-columns\">\n  <!-- wp:column {\"width\":\"33.33%\",\"className\":\"no-padding-bottom\"} -->\n  <div class=\"wp-block-column no-padding-bottom\" style=\"flex-basis:33.33%\">\n    <figure class=\"wp-block-image aligncenter size-large no-margin-bottom\">\n      <img decoding=\"async\" src=\"https:\/\/www.tadano.com\/brazil\/wp-content\/uploads\/sites\/15\/2026\/02\/img_tadano_training_team_Clayton_Mooney-1024x1024.jpg\" alt=\"\" class=\"wp-image-23669\" \/>\n    <\/figure>\n  <\/div>\n  <!-- \/wp:column -->\n\n  <!-- wp:column {\"width\":\"66.66%\",\"backgroundColor\":\"light-blue\",\"className\":\"has-padding\"} -->\n  <div class=\"wp-block-column has-padding has-light-blue-background-color has-background\" style=\"flex-basis:66.66%\">\n    <p class=\"has-white-color has-text-color\"><strong>CLAYTON MOONEY<\/strong><\/p>\n    <p class=\"has-white-color has-text-color\">Instrutor<\/p>\n  <\/div>\n  <!-- \/wp:column -->\n<\/div>\n<!-- \/wp:columns -->\n\n<!-- wp:columns -->\n<div class=\"wp-block-columns\">\n  <!-- wp:column {\"width\":\"66.66%\",\"backgroundColor\":\"light-blue\",\"className\":\"has-padding\"} -->\n  <div class=\"wp-block-column has-padding has-light-blue-background-color has-background\" style=\"flex-basis:66.66%\">\n    <p class=\"has-white-color has-text-color\"><strong>LINN MAW<\/strong><\/p>\n    <p class=\"has-white-color has-text-color\">Animador<\/p>\n  <\/div>\n  <!-- \/wp:column -->\n\n  <!-- wp:column {\"width\":\"33.33%\",\"className\":\"no-margin-bottom\"} -->\n  <div class=\"wp-block-column no-margin-bottom\" style=\"flex-basis:33.33%\">\n    <figure class=\"wp-block-image aligncenter size-large no-margin-bottom\">\n      <img decoding=\"async\" src=\"https:\/\/www.tadano.com\/brazil\/wp-content\/uploads\/sites\/15\/2026\/02\/img_tadano_training_team_Linn_Maw-1024x1024.jpg\" alt=\"\" class=\"wp-image-23659\" \/>\n    <\/figure>\n  <\/div>\n  <!-- \/wp:column -->\n<\/div>\n<!-- \/wp:columns -->\n\n<!-- wp:acf\/anchor-block {\"name\":\"acf\/anchor-block\",\"data\":{\"anchor-name\":\"about\",\"_anchor-name\":\"field_609542b5413a6\"},\"mode\":\"edit\"} \/-->\n\n<!-- wp:spacer -->\n<div style=\"height:100px\" aria-hidden=\"true\" class=\"wp-block-spacer\"><\/div>\n<!-- \/wp:spacer -->\n\n<!-- wp:group {\"layout\":{\"type\":\"constrained\"}} -->\n<div class=\"wp-block-group\">\n  <h2 class=\"wp-block-heading has-text-align-center\"><strong>SOBRE A TADANO<\/strong><\/h2>\n\n  <div style=\"height:25px\" aria-hidden=\"true\" class=\"wp-block-spacer\"><\/div>\n\n  <p>A Tadano Ltd., fundada em 1919 no Jap\u00e3o, \u00e9 l\u00edder global na fabrica\u00e7\u00e3o de guindastes m\u00f3veis, guindastes articulados e plataformas elevat\u00f3rias. Reconhecida por suas solu\u00e7\u00f5es de eleva\u00e7\u00e3o inovadoras e confi\u00e1veis, a Tadano apoia os setores da constru\u00e7\u00e3o e da energia e\u00f3lica, com o compromisso de alcan\u00e7ar a neutralidade de carbono at\u00e9 2050. Guiada pelo slogan \u201cReaching new heights\u201d, a Tadano busca transformar ambi\u00e7\u00f5es em realidade, aprimorando a seguran\u00e7a, a qualidade e a efici\u00eancia em todas as suas opera\u00e7\u00f5es. Com forte foco em intelig\u00eancia artificial e tecnologias aut\u00f4nomas, a Tadano est\u00e1 na vanguarda do futuro das opera\u00e7\u00f5es com guindastes.<\/p>\n<\/div>\n<!-- \/wp:group -->\n\n<!-- wp:acf\/anchor-block {\"name\":\"acf\/anchor-block\",\"data\":{\"anchor-name\":\"videos\",\"_anchor-name\":\"field_609542b5413a6\"},\"mode\":\"edit\"} \/-->\n\n<!-- wp:spacer -->\n<div style=\"height:100px\" aria-hidden=\"true\" class=\"wp-block-spacer\"><\/div>\n<!-- \/wp:spacer -->\n\n<!-- wp:heading {\"textAlign\":\"center\"} -->\n<h2 class=\"wp-block-heading has-text-align-center\"><strong>aprenda a navegar pela plataforma de treinamento<\/strong><\/h2>\n<!-- \/wp:heading -->\n\n<!-- wp:acf\/video-box {\"name\":\"acf\/video-box\",\"data\":{\"video_title\":\"Navegando pelo Cat\u00e1logo de Cursos\",\"_video_title\":\"field_6032b2d5be13a\",\"video_source\":\"https:\/\/mediahub.tadano.com\/asset\/1f646ab2-20a4-4e80-b51f-7a35a8575477\/mp4\/vid_tadano_training_department_Course_Catalogue_Walkthrough_Video.mp4\",\"_video_source\":\"field_6032b2dabe13b\",\"video_poster_celum_url\":\"https:\/\/mediahub.tadano.com\/m\/151547f8434d758f\/original\/img_tadano_training_walkthrough_video_thumbnail.png\",\"_video_poster_celum_url\":\"field_6032b30cbe14c\"},\"mode\":\"edit\"} \/-->\n\n<!-- wp:acf\/anchor-block {\"name\":\"acf\/anchor-block\",\"data\":{\"anchor-name\":\"login\",\"_anchor-name\":\"field_609542b5413a6\"},\"mode\":\"edit\"} \/-->\n\n<!-- wp:heading {\"textAlign\":\"center\"} -->\n<h2 class=\"wp-block-heading has-text-align-center\"><strong>Login ou cadastro<\/strong><\/h2>\n\n<p class=\"has-text-align-center\">Cadastre-se ou fa\u00e7a login para visualizar os treinamentos dispon\u00edveis.<\/p>\n<p class=\"has-text-align-center\"><strong>O treinamento \u00e9 exclusivo para clientes e distribuidores Tadano.<\/strong><\/p>\n<p class=\"has-text-align-center\"><strong>\u00c9 necess\u00e1rio um endere\u00e7o de e-mail com o dom\u00ednio da sua empresa para o cadastro.<\/strong><\/p>\n<p class=\"has-text-align-center\"><strong>A aprova\u00e7\u00e3o ap\u00f3s o cadastro \u00e9 necess\u00e1ria para acessar os treinamentos Tadano.<\/strong><\/p>\n\n<!-- wp:buttons {\"layout\":{\"type\":\"flex\",\"justifyContent\":\"center\"}} -->\n<div class=\"wp-block-buttons\">\n  <div class=\"wp-block-button\">\n    <a class=\"wp-block-button__link wp-element-button\" href=\"https:\/\/tadano.gyrusaim.com\/Registration\/UserSelfRegistration\">Cadastro de usu\u00e1rio<\/a>\n  <\/div>\n  <div class=\"wp-block-button\">\n    <a class=\"wp-block-button__link wp-element-button\" href=\"https:\/\/tadano.gyrusaim.com\/auth\/login\">Login<\/a>\n  <\/div>\n<\/div>\n\n<p class=\"has-text-align-center\">Se voc\u00ea tiver dificuldades para se cadastrar ou fazer login, envie um e-mail para um dos endere\u00e7os abaixo:<\/p>\n<p class=\"has-text-align-center\">andrew.broussard@tadano.com ou clayton.mooney@tadano.com<\/p>\n<!-- \/wp:post-content -->","protected":false},"excerpt":{"rendered":"<p>TREINAMENTO TADANO O Departamento de Treinamento da Tadano foi reaberto ap\u00f3s uma ampla iniciativa de reestrutura\u00e7\u00e3o e moderniza\u00e7\u00e3o. Nosso programa renovado enfatiza o desenvolvimento dos t\u00e9cnicos, oferecendo trilhas de treinamento aprimoradas, apoiadas por simuladores de \u00faltima gera\u00e7\u00e3o e exerc\u00edcios pr\u00e1ticos com guindastes reais. Essa abordagem pr\u00e1tica garante que os t\u00e9cnicos adquiram as habilidades e os [&hellip;]<\/p>\n","protected":false},"author":16,"featured_media":0,"parent":0,"menu_order":0,"comment_status":"closed","ping_status":"closed","template":"","meta":{"_acf_changed":false,"footnotes":""},"class_list":["post-4188","page","type-page","status-publish","hentry"],"acf":[],"yoast_head":"<!-- This site is optimized with the Yoast SEO plugin v27.5 - https:\/\/yoast.com\/product\/yoast-seo-wordpress\/ -->\n<title>TREINAMENTO TADANO - Brazil<\/title>\n<meta name=\"robots\" content=\"index, follow, max-snippet:-1, max-image-preview:large, max-video-preview:-1\" \/>\n<link rel=\"canonical\" href=\"https:\/\/www.tadano.com\/brazil\/en\/tadano-training\/\" \/>\n<meta property=\"og:locale\" content=\"pt_BR\" \/>\n<meta property=\"og:type\" content=\"article\" \/>\n<meta property=\"og:title\" content=\"TREINAMENTO TADANO - Brazil\" \/>\n<meta property=\"og:description\" content=\"TREINAMENTO TADANO O Departamento de Treinamento da Tadano foi reaberto ap\u00f3s uma ampla iniciativa de reestrutura\u00e7\u00e3o e moderniza\u00e7\u00e3o. Nosso programa renovado enfatiza o desenvolvimento dos t\u00e9cnicos, oferecendo trilhas de treinamento aprimoradas, apoiadas por simuladores de \u00faltima gera\u00e7\u00e3o e exerc\u00edcios pr\u00e1ticos com guindastes reais. Essa abordagem pr\u00e1tica garante que os t\u00e9cnicos adquiram as habilidades e os [&hellip;]\" \/>\n<meta property=\"og:url\" content=\"https:\/\/www.tadano.com\/brazil\/en\/tadano-training\/\" \/>\n<meta property=\"og:site_name\" content=\"Brazil\" \/>\n<meta property=\"og:image\" content=\"https:\/\/www.tadano.com\/uscan\/wp-content\/uploads\/2026\/02\/img_tadano_LaborDay_13-edited-1-1024x1024.jpg\" \/>\n<meta name=\"twitter:card\" content=\"summary_large_image\" \/>\n<meta name=\"twitter:label1\" content=\"Est. tempo de leitura\" \/>\n\t<meta name=\"twitter:data1\" content=\"2 minutos\" \/>\n<script type=\"application\/ld+json\" class=\"yoast-schema-graph\">{\"@context\":\"https:\\\/\\\/schema.org\",\"@graph\":[{\"@type\":\"WebPage\",\"@id\":\"https:\\\/\\\/www.tadano.com\\\/brazil\\\/en\\\/tadano-training\\\/\",\"url\":\"https:\\\/\\\/www.tadano.com\\\/brazil\\\/en\\\/tadano-training\\\/\",\"name\":\"TREINAMENTO TADANO - Brazil\",\"isPartOf\":{\"@id\":\"https:\\\/\\\/www.tadano.com\\\/brazil\\\/pt-br\\\/#website\"},\"primaryImageOfPage\":{\"@id\":\"https:\\\/\\\/www.tadano.com\\\/brazil\\\/en\\\/tadano-training\\\/#primaryimage\"},\"image\":{\"@id\":\"https:\\\/\\\/www.tadano.com\\\/brazil\\\/en\\\/tadano-training\\\/#primaryimage\"},\"thumbnailUrl\":\"https:\\\/\\\/www.tadano.com\\\/uscan\\\/wp-content\\\/uploads\\\/2026\\\/02\\\/img_tadano_LaborDay_13-edited-1-1024x1024.jpg\",\"datePublished\":\"2025-10-02T22:02:43+00:00\",\"inLanguage\":\"pt-BR\",\"potentialAction\":[{\"@type\":\"ReadAction\",\"target\":[\"https:\\\/\\\/www.tadano.com\\\/brazil\\\/en\\\/tadano-training\\\/\"]}]},{\"@type\":\"ImageObject\",\"inLanguage\":\"pt-BR\",\"@id\":\"https:\\\/\\\/www.tadano.com\\\/brazil\\\/en\\\/tadano-training\\\/#primaryimage\",\"url\":\"https:\\\/\\\/www.tadano.com\\\/uscan\\\/wp-content\\\/uploads\\\/2026\\\/02\\\/img_tadano_LaborDay_13-edited-1-1024x1024.jpg\",\"contentUrl\":\"https:\\\/\\\/www.tadano.com\\\/uscan\\\/wp-content\\\/uploads\\\/2026\\\/02\\\/img_tadano_LaborDay_13-edited-1-1024x1024.jpg\"},{\"@type\":\"WebSite\",\"@id\":\"https:\\\/\\\/www.tadano.com\\\/brazil\\\/pt-br\\\/#website\",\"url\":\"https:\\\/\\\/www.tadano.com\\\/brazil\\\/pt-br\\\/\",\"name\":\"Brazil\",\"description\":\"Just another TADANO EUROPE site\",\"potentialAction\":[{\"@type\":\"SearchAction\",\"target\":{\"@type\":\"EntryPoint\",\"urlTemplate\":\"https:\\\/\\\/www.tadano.com\\\/brazil\\\/pt-br\\\/?s={search_term_string}\"},\"query-input\":{\"@type\":\"PropertyValueSpecification\",\"valueRequired\":true,\"valueName\":\"search_term_string\"}}],\"inLanguage\":\"pt-BR\"}]}<\/script>\n<!-- \/ Yoast SEO plugin. -->","yoast_head_json":{"title":"TREINAMENTO TADANO - Brazil","robots":{"index":"index","follow":"follow","max-snippet":"max-snippet:-1","max-image-preview":"max-image-preview:large","max-video-preview":"max-video-preview:-1"},"canonical":"https:\/\/www.tadano.com\/brazil\/en\/tadano-training\/","og_locale":"pt_BR","og_type":"article","og_title":"TREINAMENTO TADANO - Brazil","og_description":"TREINAMENTO TADANO O Departamento de Treinamento da Tadano foi reaberto ap\u00f3s uma ampla iniciativa de reestrutura\u00e7\u00e3o e moderniza\u00e7\u00e3o. Nosso programa renovado enfatiza o desenvolvimento dos t\u00e9cnicos, oferecendo trilhas de treinamento aprimoradas, apoiadas por simuladores de \u00faltima gera\u00e7\u00e3o e exerc\u00edcios pr\u00e1ticos com guindastes reais. Essa abordagem pr\u00e1tica garante que os t\u00e9cnicos adquiram as habilidades e os [&hellip;]","og_url":"https:\/\/www.tadano.com\/brazil\/en\/tadano-training\/","og_site_name":"Brazil","og_image":[{"url":"https:\/\/www.tadano.com\/uscan\/wp-content\/uploads\/2026\/02\/img_tadano_LaborDay_13-edited-1-1024x1024.jpg","type":"","width":"","height":""}],"twitter_card":"summary_large_image","twitter_misc":{"Est. tempo de leitura":"2 minutos"},"schema":{"@context":"https:\/\/schema.org","@graph":[{"@type":"WebPage","@id":"https:\/\/www.tadano.com\/brazil\/en\/tadano-training\/","url":"https:\/\/www.tadano.com\/brazil\/en\/tadano-training\/","name":"TREINAMENTO TADANO - Brazil","isPartOf":{"@id":"https:\/\/www.tadano.com\/brazil\/pt-br\/#website"},"primaryImageOfPage":{"@id":"https:\/\/www.tadano.com\/brazil\/en\/tadano-training\/#primaryimage"},"image":{"@id":"https:\/\/www.tadano.com\/brazil\/en\/tadano-training\/#primaryimage"},"thumbnailUrl":"https:\/\/www.tadano.com\/uscan\/wp-content\/uploads\/2026\/02\/img_tadano_LaborDay_13-edited-1-1024x1024.jpg","datePublished":"2025-10-02T22:02:43+00:00","inLanguage":"pt-BR","potentialAction":[{"@type":"ReadAction","target":["https:\/\/www.tadano.com\/brazil\/en\/tadano-training\/"]}]},{"@type":"ImageObject","inLanguage":"pt-BR","@id":"https:\/\/www.tadano.com\/brazil\/en\/tadano-training\/#primaryimage","url":"https:\/\/www.tadano.com\/uscan\/wp-content\/uploads\/2026\/02\/img_tadano_LaborDay_13-edited-1-1024x1024.jpg","contentUrl":"https:\/\/www.tadano.com\/uscan\/wp-content\/uploads\/2026\/02\/img_tadano_LaborDay_13-edited-1-1024x1024.jpg"},{"@type":"WebSite","@id":"https:\/\/www.tadano.com\/brazil\/pt-br\/#website","url":"https:\/\/www.tadano.com\/brazil\/pt-br\/","name":"Brazil","description":"Just another TADANO EUROPE site","potentialAction":[{"@type":"SearchAction","target":{"@type":"EntryPoint","urlTemplate":"https:\/\/www.tadano.com\/brazil\/pt-br\/?s={search_term_string}"},"query-input":{"@type":"PropertyValueSpecification","valueRequired":true,"valueName":"search_term_string"}}],"inLanguage":"pt-BR"}]}},"_links":{"self":[{"href":"https:\/\/www.tadano.com\/brazil\/pt-br\/wp-json\/wp\/v2\/pages\/4188","targetHints":{"allow":["GET"]}}],"collection":[{"href":"https:\/\/www.tadano.com\/brazil\/pt-br\/wp-json\/wp\/v2\/pages"}],"about":[{"href":"https:\/\/www.tadano.com\/brazil\/pt-br\/wp-json\/wp\/v2\/types\/page"}],"author":[{"embeddable":true,"href":"https:\/\/www.tadano.com\/brazil\/pt-br\/wp-json\/wp\/v2\/users\/16"}],"replies":[{"embeddable":true,"href":"https:\/\/www.tadano.com\/brazil\/pt-br\/wp-json\/wp\/v2\/comments?post=4188"}],"version-history":[{"count":1,"href":"https:\/\/www.tadano.com\/brazil\/pt-br\/wp-json\/wp\/v2\/pages\/4188\/revisions"}],"predecessor-version":[{"id":4189,"href":"https:\/\/www.tadano.com\/brazil\/pt-br\/wp-json\/wp\/v2\/pages\/4188\/revisions\/4189"}],"wp:attachment":[{"href":"https:\/\/www.tadano.com\/brazil\/pt-br\/wp-json\/wp\/v2\/media?parent=4188"}],"curies":[{"name":"wp","href":"https:\/\/api.w.org\/{rel}","templated":true}]}}