{"id":4207,"date":"2026-02-18T14:54:09","date_gmt":"2026-02-18T14:54:09","guid":{"rendered":"https:\/\/www.tadano.com\/brazil\/atualizacao-de-software-e-ciberseguranca\/"},"modified":"2026-02-24T09:37:50","modified_gmt":"2026-02-24T09:37:50","slug":"atualizacao-de-software-e-ciberseguranca","status":"publish","type":"page","link":"https:\/\/www.tadano.com\/brazil\/pt-br\/atualizacao-de-software-e-ciberseguranca\/","title":{"rendered":"Atualiza\u00e7\u00e3o de Software e Ciberseguran\u00e7a"},"content":{"rendered":"\n<h1 class=\"wp-block-heading\">Atualiza\u00e7\u00e3o de Software e Ciberseguran\u00e7a<\/h1>\n\n\n\n<h3 class=\"wp-block-heading\"><strong>Gest\u00e3o de Atualiza\u00e7\u00f5es de Software<\/strong><\/h3>\n\n\n\n<p>Para quaisquer d\u00favidas relacionadas ao software do guindaste ou \u00e0s atualiza\u00e7\u00f5es dispon\u00edveis, entre em contato com seu parceiro de servi\u00e7o autorizado Tadano. Apenas parceiros de servi\u00e7o autorizados est\u00e3o autorizados a realizar modifica\u00e7\u00f5es de software relacionadas \u00e0 seguran\u00e7a para garantir a conformidade cont\u00ednua com a homologa\u00e7\u00e3o do ve\u00edculo.<\/p>\n\n\n\n<h3 class=\"wp-block-heading\"><strong>Ciberseguran\u00e7a<\/strong><\/h3>\n\n\n\n<p>Para d\u00favidas relacionadas \u00e0 ciberseguran\u00e7a, entre em contato com seu Parceiro de Servi\u00e7o Autorizado Tadano. Informa\u00e7\u00f5es adicionais poder\u00e3o ser disponibilizadas aqui no futuro.<\/p>\n","protected":false},"excerpt":{"rendered":"<p>Atualiza\u00e7\u00e3o de Software e Ciberseguran\u00e7a Gest\u00e3o de Atualiza\u00e7\u00f5es de Software Para quaisquer d\u00favidas relacionadas ao software do guindaste ou \u00e0s atualiza\u00e7\u00f5es dispon\u00edveis, entre em contato com seu parceiro de servi\u00e7o autorizado Tadano. Apenas parceiros de servi\u00e7o autorizados est\u00e3o autorizados a realizar modifica\u00e7\u00f5es de software relacionadas \u00e0 seguran\u00e7a para garantir a conformidade cont\u00ednua com a homologa\u00e7\u00e3o [&hellip;]<\/p>\n","protected":false},"author":3,"featured_media":0,"parent":0,"menu_order":0,"comment_status":"closed","ping_status":"closed","template":"","meta":{"_acf_changed":false,"footnotes":""},"acf":[],"yoast_head":"<!-- This site is optimized with the Yoast SEO plugin v22.3 - https:\/\/yoast.com\/wordpress\/plugins\/seo\/ -->\n<title>Atualiza\u00e7\u00e3o de Software e Ciberseguran\u00e7a - Brazil<\/title>\n<meta name=\"robots\" content=\"index, follow, max-snippet:-1, max-image-preview:large, max-video-preview:-1\" \/>\n<link rel=\"canonical\" href=\"https:\/\/www.tadano.com\/brazil\/pt-br\/atualizacao-de-software-e-ciberseguranca\/\" \/>\n<meta property=\"og:locale\" content=\"pt_BR\" \/>\n<meta property=\"og:type\" content=\"article\" \/>\n<meta property=\"og:title\" content=\"Atualiza\u00e7\u00e3o de Software e Ciberseguran\u00e7a - Brazil\" \/>\n<meta property=\"og:description\" content=\"Atualiza\u00e7\u00e3o de Software e Ciberseguran\u00e7a Gest\u00e3o de Atualiza\u00e7\u00f5es de Software Para quaisquer d\u00favidas relacionadas ao software do guindaste ou \u00e0s atualiza\u00e7\u00f5es dispon\u00edveis, entre em contato com seu parceiro de servi\u00e7o autorizado Tadano. Apenas parceiros de servi\u00e7o autorizados est\u00e3o autorizados a realizar modifica\u00e7\u00f5es de software relacionadas \u00e0 seguran\u00e7a para garantir a conformidade cont\u00ednua com a homologa\u00e7\u00e3o [&hellip;]\" \/>\n<meta property=\"og:url\" content=\"https:\/\/www.tadano.com\/brazil\/pt-br\/atualizacao-de-software-e-ciberseguranca\/\" \/>\n<meta property=\"og:site_name\" content=\"Brazil\" \/>\n<meta property=\"article:modified_time\" content=\"2026-02-24T09:37:50+00:00\" \/>\n<meta name=\"twitter:card\" content=\"summary_large_image\" \/>\n<meta name=\"twitter:label1\" content=\"Est. tempo de leitura\" \/>\n\t<meta name=\"twitter:data1\" content=\"1 minuto\" \/>\n<script type=\"application\/ld+json\" class=\"yoast-schema-graph\">{\"@context\":\"https:\/\/schema.org\",\"@graph\":[{\"@type\":\"WebPage\",\"@id\":\"https:\/\/www.tadano.com\/brazil\/pt-br\/atualizacao-de-software-e-ciberseguranca\/\",\"url\":\"https:\/\/www.tadano.com\/brazil\/pt-br\/atualizacao-de-software-e-ciberseguranca\/\",\"name\":\"Atualiza\u00e7\u00e3o de Software e Ciberseguran\u00e7a - Brazil\",\"isPartOf\":{\"@id\":\"https:\/\/www.tadano.com\/brazil\/pt-br\/#website\"},\"datePublished\":\"2026-02-18T14:54:09+00:00\",\"dateModified\":\"2026-02-24T09:37:50+00:00\",\"inLanguage\":\"pt-BR\",\"potentialAction\":[{\"@type\":\"ReadAction\",\"target\":[\"https:\/\/www.tadano.com\/brazil\/pt-br\/atualizacao-de-software-e-ciberseguranca\/\"]}]},{\"@type\":\"WebSite\",\"@id\":\"https:\/\/www.tadano.com\/brazil\/pt-br\/#website\",\"url\":\"https:\/\/www.tadano.com\/brazil\/pt-br\/\",\"name\":\"Brazil\",\"description\":\"Just another TADANO EUROPE site\",\"potentialAction\":[{\"@type\":\"SearchAction\",\"target\":{\"@type\":\"EntryPoint\",\"urlTemplate\":\"https:\/\/www.tadano.com\/brazil\/pt-br\/?s={search_term_string}\"},\"query-input\":\"required name=search_term_string\"}],\"inLanguage\":\"pt-BR\"}]}<\/script>\n<!-- \/ Yoast SEO plugin. -->","yoast_head_json":{"title":"Atualiza\u00e7\u00e3o de Software e Ciberseguran\u00e7a - Brazil","robots":{"index":"index","follow":"follow","max-snippet":"max-snippet:-1","max-image-preview":"max-image-preview:large","max-video-preview":"max-video-preview:-1"},"canonical":"https:\/\/www.tadano.com\/brazil\/pt-br\/atualizacao-de-software-e-ciberseguranca\/","og_locale":"pt_BR","og_type":"article","og_title":"Atualiza\u00e7\u00e3o de Software e Ciberseguran\u00e7a - Brazil","og_description":"Atualiza\u00e7\u00e3o de Software e Ciberseguran\u00e7a Gest\u00e3o de Atualiza\u00e7\u00f5es de Software Para quaisquer d\u00favidas relacionadas ao software do guindaste ou \u00e0s atualiza\u00e7\u00f5es dispon\u00edveis, entre em contato com seu parceiro de servi\u00e7o autorizado Tadano. Apenas parceiros de servi\u00e7o autorizados est\u00e3o autorizados a realizar modifica\u00e7\u00f5es de software relacionadas \u00e0 seguran\u00e7a para garantir a conformidade cont\u00ednua com a homologa\u00e7\u00e3o [&hellip;]","og_url":"https:\/\/www.tadano.com\/brazil\/pt-br\/atualizacao-de-software-e-ciberseguranca\/","og_site_name":"Brazil","article_modified_time":"2026-02-24T09:37:50+00:00","twitter_card":"summary_large_image","twitter_misc":{"Est. tempo de leitura":"1 minuto"},"schema":{"@context":"https:\/\/schema.org","@graph":[{"@type":"WebPage","@id":"https:\/\/www.tadano.com\/brazil\/pt-br\/atualizacao-de-software-e-ciberseguranca\/","url":"https:\/\/www.tadano.com\/brazil\/pt-br\/atualizacao-de-software-e-ciberseguranca\/","name":"Atualiza\u00e7\u00e3o de Software e Ciberseguran\u00e7a - Brazil","isPartOf":{"@id":"https:\/\/www.tadano.com\/brazil\/pt-br\/#website"},"datePublished":"2026-02-18T14:54:09+00:00","dateModified":"2026-02-24T09:37:50+00:00","inLanguage":"pt-BR","potentialAction":[{"@type":"ReadAction","target":["https:\/\/www.tadano.com\/brazil\/pt-br\/atualizacao-de-software-e-ciberseguranca\/"]}]},{"@type":"WebSite","@id":"https:\/\/www.tadano.com\/brazil\/pt-br\/#website","url":"https:\/\/www.tadano.com\/brazil\/pt-br\/","name":"Brazil","description":"Just another TADANO EUROPE site","potentialAction":[{"@type":"SearchAction","target":{"@type":"EntryPoint","urlTemplate":"https:\/\/www.tadano.com\/brazil\/pt-br\/?s={search_term_string}"},"query-input":"required name=search_term_string"}],"inLanguage":"pt-BR"}]}},"_links":{"self":[{"href":"https:\/\/www.tadano.com\/brazil\/pt-br\/wp-json\/wp\/v2\/pages\/4207"}],"collection":[{"href":"https:\/\/www.tadano.com\/brazil\/pt-br\/wp-json\/wp\/v2\/pages"}],"about":[{"href":"https:\/\/www.tadano.com\/brazil\/pt-br\/wp-json\/wp\/v2\/types\/page"}],"author":[{"embeddable":true,"href":"https:\/\/www.tadano.com\/brazil\/pt-br\/wp-json\/wp\/v2\/users\/3"}],"replies":[{"embeddable":true,"href":"https:\/\/www.tadano.com\/brazil\/pt-br\/wp-json\/wp\/v2\/comments?post=4207"}],"version-history":[{"count":1,"href":"https:\/\/www.tadano.com\/brazil\/pt-br\/wp-json\/wp\/v2\/pages\/4207\/revisions"}],"predecessor-version":[{"id":4235,"href":"https:\/\/www.tadano.com\/brazil\/pt-br\/wp-json\/wp\/v2\/pages\/4207\/revisions\/4235"}],"wp:attachment":[{"href":"https:\/\/www.tadano.com\/brazil\/pt-br\/wp-json\/wp\/v2\/media?parent=4207"}],"curies":[{"name":"wp","href":"https:\/\/api.w.org\/{rel}","templated":true}]}}