{"id":4241,"date":"2025-10-31T09:07:13","date_gmt":"2025-10-31T09:07:13","guid":{"rendered":"https:\/\/www.tadano.com\/brazil\/opcoes-valla\/"},"modified":"2026-03-24T12:35:31","modified_gmt":"2026-03-24T12:35:31","slug":"acessorios","status":"publish","type":"page","link":"https:\/\/www.tadano.com\/brazil\/pt-br\/acessorios\/","title":{"rendered":"Acess\u00f3rios"},"content":{"rendered":"\n\n\n<section class=\"hero-section\">\n\n\t\n\t\n\t\n\t<div class=\"img-holder \">\n\t\t\t\t<div class=\"bg-stretch\" style=\"background-position: 50% 0; \">\n\t\t\t<span data-srcset=\"https:\/\/mediahub.tadano.com\/m\/2887dad556b24189\/hero-img_Tadano_bauma_machines-78.jpg, https:\/\/mediahub.tadano.com\/m\/2887dad556b24189\/hero_2x-img_Tadano_bauma_machines-78.jpg 2x\"><\/span>\n\t\t<\/div>\n\t\t\t\t\t\t<div class=\"logo green-solutions\" style=\"display:none;\">\n\t\t\t<a href=\"#\"><img decoding=\"async\" src=\"https:\/\/www.tadano.com\/brazil\/wp-content\/themes\/tadano\/assets\/dist\/images\/Green-Solutions_Logo_White.svg\"><\/a>\n\t\t<\/div>\n\t<\/div>\n\t<div class=\"container\">\n\t\t<div class=\"text-holder \">\n\t\t\t<div class=\"wrap\">\n\t\t\t\t\n\t\t\t\t<ul class=\"breadcrumbs\"><li><a href=\"https:\/\/www.tadano.com\/brazil\/pt-br\/\">Home<\/a><\/li><\/ul>\n\t\t\t\t\n\n<h1 class=\"wp-block-heading\"><strong>Acess\u00f3rios<\/strong><\/h1>\n\n\n\n<p>Descubra uma linha completa de acess\u00f3rios desenvolvidos para aprimorar o desempenho, a versatilidade e a seguran\u00e7a do seu guindaste. De kits de guincho e polia a lan\u00e7as manuais ou hidr\u00e1ulicas, garfos e sistemas de ilumina\u00e7\u00e3o \u2014 cada opcional \u00e9 projetado para perfeita compatibilidade e confiabilidade.<\/p>\n\n\n\n\t\t\t\t\n\t\t\t<\/div>\n\n\t\t\t\n\t\t\t\n\t\t\t\n\t\t<\/div>\n\t<\/div>\n<\/section>\n\n\n<div style=\"height:34px\" aria-hidden=\"true\" class=\"wp-block-spacer\"><\/div>\n\n\n<section class=\"product-equipment-list related-products wide\">\n    <div class=\"container\">\n      <div class=\"heading\">\n        <h2>Equipamento<\/h2>\n      <\/div>\n     <div class=\"r-products\">\n                                        <div class=\"r-product-single\">\n                    <div class=\"r-product-single-wrapper\">\n                        <div class=\"img-holder\">\n                                                        <div class=\"bg-stretch\" >\n                                <span data-srcset=\"https:\/\/mediahub.tadano.com\/m\/374e87b9409ad989\/gallery_thumb-img_tadano_valla_option_winch_kit.jpg, https:\/\/mediahub.tadano.com\/m\/374e87b9409ad989\/gallery_thumb-img_tadano_valla_option_winch_kit.jpg 2x\"><\/span>\n                            <\/div>\n                                                    <\/div>\n                        <div class=\"text-block\">\n                            <strong class=\"title\">Winch kit<\/strong>\n                                                            <p class=\"equipment-description\">Payload from 1.8 to 21 tons<\/p>\n                            \n                                                            <div class=\"associated-products\">\n                                                                                                                                                                                                                                                                                                                                                                                                                                                                                                                                                                                                                                                                                                                                                                            <\/div>\n                            \n                        \n                        <\/div>\n                    <\/div>\n                <\/div>\n                                            <div class=\"r-product-single\">\n                    <div class=\"r-product-single-wrapper\">\n                        <div class=\"img-holder\">\n                                                        <div class=\"bg-stretch\" >\n                                <span data-srcset=\"https:\/\/mediahub.tadano.com\/m\/1c7a5c0ed44f084e\/gallery_thumb-img_tadano_valla_option_foldable_2position.jpg, https:\/\/mediahub.tadano.com\/m\/1c7a5c0ed44f084e\/gallery_thumb-img_tadano_valla_option_foldable_2position.jpg 2x\"><\/span>\n                            <\/div>\n                                                    <\/div>\n                        <div class=\"text-block\">\n                            <strong class=\"title\">Foldable 2-position manual jib<\/strong>\n                                                            <p class=\"equipment-description\">Payload from 1 t \u00b7 Boom extension 0.8\u20131.3 m<\/p>\n                            \n                                                            <div class=\"associated-products\">\n                                                                                                                                                                                                                                                                            <\/div>\n                            \n                        \n                        <\/div>\n                    <\/div>\n                <\/div>\n                                            <div class=\"r-product-single\">\n                    <div class=\"r-product-single-wrapper\">\n                        <div class=\"img-holder\">\n                                                        <div class=\"bg-stretch\" >\n                                <span data-srcset=\"https:\/\/mediahub.tadano.com\/m\/6cc2a756aa2e385\/gallery_thumb-img_tadano_valla_option_manual_3position.jpg, https:\/\/mediahub.tadano.com\/m\/6cc2a756aa2e385\/gallery_thumb-img_tadano_valla_option_manual_3position.jpg 2x\"><\/span>\n                            <\/div>\n                                                    <\/div>\n                        <div class=\"text-block\">\n                            <strong class=\"title\">3-position manual jib<\/strong>\n                                                            <p class=\"equipment-description\">Payload: 3\u201311 t<\/p>\n                            \n                                                            <div class=\"associated-products\">\n                                                                                                                                                                                                                                                                            <\/div>\n                            \n                        \n                        <\/div>\n                    <\/div>\n                <\/div>\n                                            <div class=\"r-product-single\">\n                    <div class=\"r-product-single-wrapper\">\n                        <div class=\"img-holder\">\n                                                        <div class=\"bg-stretch\" >\n                                <span data-srcset=\"https:\/\/mediahub.tadano.com\/m\/598249900cafe6d5\/gallery_thumb-img_tadano_valla_option_manual_4position.jpg, https:\/\/mediahub.tadano.com\/m\/598249900cafe6d5\/gallery_thumb-img_tadano_valla_option_manual_4position.jpg 2x\"><\/span>\n                            <\/div>\n                                                    <\/div>\n                        <div class=\"text-block\">\n                            <strong class=\"title\">Foldable 4-position manual jib + fixed extension<\/strong>\n                                                            <p class=\"equipment-description\">Payload from 1.8 tons<\/p>\n                            \n                                                            <div class=\"associated-products\">\n                                                                                                                                                    <\/div>\n                            \n                        \n                        <\/div>\n                    <\/div>\n                <\/div>\n                                            <div class=\"r-product-single\">\n                    <div class=\"r-product-single-wrapper\">\n                        <div class=\"img-holder\">\n                                                        <div class=\"bg-stretch\" >\n                                <span data-srcset=\"https:\/\/mediahub.tadano.com\/m\/25bc1d6292affef9\/gallery_thumb-img_tadano_valla_option_manual_9position.jpg, https:\/\/mediahub.tadano.com\/m\/25bc1d6292affef9\/gallery_thumb-img_tadano_valla_option_manual_9position.jpg 2x\"><\/span>\n                            <\/div>\n                                                    <\/div>\n                        <div class=\"text-block\">\n                            <strong class=\"title\">9-position manual jib + fixed extension<\/strong>\n                                                            <p class=\"equipment-description\">Payload: 1.8\u201310 t \u00b7 Boom extension: 0.85\u20131.6 m<\/p>\n                            \n                                                            <div class=\"associated-products\">\n                                                                                                                                                                                                                                                                                                                                                                                                                                                                                                                                                                    <\/div>\n                            \n                        \n                        <\/div>\n                    <\/div>\n                <\/div>\n                                            <div class=\"r-product-single\">\n                    <div class=\"r-product-single-wrapper\">\n                        <div class=\"img-holder\">\n                                                        <div class=\"bg-stretch\" >\n                                <span data-srcset=\"https:\/\/mediahub.tadano.com\/m\/4945e6504dbcf487\/gallery_thumb-img_tadano_valla_option_hydraulic_jib.jpg, https:\/\/mediahub.tadano.com\/m\/4945e6504dbcf487\/gallery_thumb-img_tadano_valla_option_hydraulic_jib.jpg 2x\"><\/span>\n                            <\/div>\n                                                    <\/div>\n                        <div class=\"text-block\">\n                            <strong class=\"title\">Foldable hydraulic jib with rest position on boom<\/strong>\n                                                            <p class=\"equipment-description\">Payload: 1.0\u20135 t \u00b7 Boom extension: 0.85\u20131.6 m<\/p>\n                            \n                                                            <div class=\"associated-products\">\n                                                                                                                                                                                                                                                                                                                                                                                                                                                                                                                                                                                                            <\/div>\n                            \n                        \n                        <\/div>\n                    <\/div>\n                <\/div>\n                                            <div class=\"r-product-single\">\n                    <div class=\"r-product-single-wrapper\">\n                        <div class=\"img-holder\">\n                                                        <div class=\"bg-stretch\" >\n                                <span data-srcset=\"https:\/\/mediahub.tadano.com\/m\/6a35a61358ff955f\/gallery_thumb-img_tadano_valla_option_hydraulic_extendable.jpg, https:\/\/mediahub.tadano.com\/m\/6a35a61358ff955f\/gallery_thumb-img_tadano_valla_option_hydraulic_extendable.jpg 2x\"><\/span>\n                            <\/div>\n                                                    <\/div>\n                        <div class=\"text-block\">\n                            <strong class=\"title\">Foldable extendable hydraulic jib with rest position on boom<\/strong>\n                                                            <p class=\"equipment-description\">Payload: 12\u201315 t<\/p>\n                            \n                                                            <div class=\"associated-products\">\n                                                                                                                                                                                                                                                                                                                                                                                                                                                                                    <\/div>\n                            \n                        \n                        <\/div>\n                    <\/div>\n                <\/div>\n                                            <div class=\"r-product-single\">\n                    <div class=\"r-product-single-wrapper\">\n                        <div class=\"img-holder\">\n                                                        <div class=\"bg-stretch\" >\n                                <span data-srcset=\"https:\/\/mediahub.tadano.com\/m\/4b76f2f67283bb7a\/gallery_thumb-img_tadano_valla_option_fork_kit.jpg, https:\/\/mediahub.tadano.com\/m\/4b76f2f67283bb7a\/gallery_thumb-img_tadano_valla_option_fork_kit.jpg 2x\"><\/span>\n                            <\/div>\n                                                    <\/div>\n                        <div class=\"text-block\">\n                            <strong class=\"title\">Fork kit<\/strong>\n                                                            <p class=\"equipment-description\">Payload: 3\u201310 t \u00b7 Boom extension: 0.6\u20130.8 m<\/p>\n                            \n                                                            <div class=\"associated-products\">\n                                                                                                                                                                                                                                                                                                                                                                                                                                                                                                                            <\/div>\n                            \n                        \n                        <\/div>\n                    <\/div>\n                <\/div>\n                                            <div class=\"r-product-single\">\n                    <div class=\"r-product-single-wrapper\">\n                        <div class=\"img-holder\">\n                                                        <div class=\"bg-stretch\" >\n                                <span data-srcset=\"https:\/\/mediahub.tadano.com\/m\/4763256c0674cfd6\/gallery_thumb-img_tadano_valla_option_pulley_kit.webp, https:\/\/mediahub.tadano.com\/m\/4763256c0674cfd6\/gallery_thumb-img_tadano_valla_option_pulley_kit.webp 2x\"><\/span>\n                            <\/div>\n                                                    <\/div>\n                        <div class=\"text-block\">\n                            <strong class=\"title\">Pulley kit<\/strong>\n                            \n                                                            <div class=\"associated-products\">\n                                                                                                                                                                                                                                                                                                                                                                                                                                                                                                                                                                                                                                                                                                                                    <\/div>\n                            \n                        \n                        <\/div>\n                    <\/div>\n                <\/div>\n                                            <div class=\"r-product-single\">\n                    <div class=\"r-product-single-wrapper\">\n                        <div class=\"img-holder\">\n                                                        <div class=\"bg-stretch\" >\n                                <span data-srcset=\"https:\/\/mediahub.tadano.com\/m\/3d4489357ff2b83e\/gallery_thumb-img_tadano_valla_option_black_wheels.webp, https:\/\/mediahub.tadano.com\/m\/3d4489357ff2b83e\/gallery_thumb-img_tadano_valla_option_black_wheels.webp 2x\"><\/span>\n                            <\/div>\n                                                    <\/div>\n                        <div class=\"text-block\">\n                            <strong class=\"title\">Black Wheels<\/strong>\n                            \n                                                            <div class=\"associated-products\">\n                                                                                                                                                                                                                                                                                                                                                                                                                                                                                                                                                                                                                                                                                                                                    <\/div>\n                            \n                        \n                        <\/div>\n                    <\/div>\n                <\/div>\n                                            <div class=\"r-product-single\">\n                    <div class=\"r-product-single-wrapper\">\n                        <div class=\"img-holder\">\n                                                        <div class=\"bg-stretch\" >\n                                <span data-srcset=\"https:\/\/mediahub.tadano.com\/m\/66caca3ca0ecc3b8\/gallery_thumb-img_tadano_valla_option_light_kit.webp, https:\/\/mediahub.tadano.com\/m\/66caca3ca0ecc3b8\/gallery_thumb-img_tadano_valla_option_light_kit.webp 2x\"><\/span>\n                            <\/div>\n                                                    <\/div>\n                        <div class=\"text-block\">\n                            <strong class=\"title\">Light kit<\/strong>\n                            \n                                                            <div class=\"associated-products\">\n                                                                                                                                                                                                                                                                                                                                                                                                                                                                                                                                                                                                                                                                                                                                    <\/div>\n                            \n                        \n                        <\/div>\n                    <\/div>\n                <\/div>\n                <\/div>\n<\/section>","protected":false},"excerpt":{"rendered":"","protected":false},"author":3,"featured_media":0,"parent":0,"menu_order":0,"comment_status":"closed","ping_status":"closed","template":"","meta":{"_acf_changed":false,"footnotes":""},"acf":[],"yoast_head":"<!-- This site is optimized with the Yoast SEO plugin v22.3 - https:\/\/yoast.com\/wordpress\/plugins\/seo\/ -->\n<title>Acess\u00f3rios - Brazil<\/title>\n<meta name=\"robots\" content=\"index, follow, max-snippet:-1, max-image-preview:large, max-video-preview:-1\" \/>\n<link rel=\"canonical\" href=\"https:\/\/www.tadano.com\/brazil\/en\/pick-and-carry-cranes\/accessories\/\" \/>\n<meta property=\"og:locale\" content=\"pt_BR\" \/>\n<meta property=\"og:type\" content=\"article\" \/>\n<meta property=\"og:title\" content=\"Acess\u00f3rios - Brazil\" \/>\n<meta property=\"og:url\" content=\"https:\/\/www.tadano.com\/brazil\/en\/pick-and-carry-cranes\/accessories\/\" \/>\n<meta property=\"og:site_name\" content=\"Brazil\" \/>\n<meta property=\"article:modified_time\" content=\"2026-03-24T12:35:31+00:00\" \/>\n<meta name=\"twitter:card\" content=\"summary_large_image\" \/>\n<meta name=\"twitter:label1\" content=\"Est. tempo de leitura\" \/>\n\t<meta name=\"twitter:data1\" content=\"1 minuto\" \/>\n<script type=\"application\/ld+json\" class=\"yoast-schema-graph\">{\"@context\":\"https:\/\/schema.org\",\"@graph\":[{\"@type\":\"WebPage\",\"@id\":\"https:\/\/www.tadano.com\/brazil\/en\/pick-and-carry-cranes\/accessories\/\",\"url\":\"https:\/\/www.tadano.com\/brazil\/en\/pick-and-carry-cranes\/accessories\/\",\"name\":\"Acess\u00f3rios - Brazil\",\"isPartOf\":{\"@id\":\"https:\/\/www.tadano.com\/brazil\/pt-br\/#website\"},\"datePublished\":\"2025-10-31T09:07:13+00:00\",\"dateModified\":\"2026-03-24T12:35:31+00:00\",\"inLanguage\":\"pt-BR\",\"potentialAction\":[{\"@type\":\"ReadAction\",\"target\":[\"https:\/\/www.tadano.com\/brazil\/en\/pick-and-carry-cranes\/accessories\/\"]}]},{\"@type\":\"WebSite\",\"@id\":\"https:\/\/www.tadano.com\/brazil\/pt-br\/#website\",\"url\":\"https:\/\/www.tadano.com\/brazil\/pt-br\/\",\"name\":\"Brazil\",\"description\":\"Just another TADANO EUROPE site\",\"potentialAction\":[{\"@type\":\"SearchAction\",\"target\":{\"@type\":\"EntryPoint\",\"urlTemplate\":\"https:\/\/www.tadano.com\/brazil\/pt-br\/?s={search_term_string}\"},\"query-input\":\"required name=search_term_string\"}],\"inLanguage\":\"pt-BR\"}]}<\/script>\n<!-- \/ Yoast SEO plugin. -->","yoast_head_json":{"title":"Acess\u00f3rios - Brazil","robots":{"index":"index","follow":"follow","max-snippet":"max-snippet:-1","max-image-preview":"max-image-preview:large","max-video-preview":"max-video-preview:-1"},"canonical":"https:\/\/www.tadano.com\/brazil\/en\/pick-and-carry-cranes\/accessories\/","og_locale":"pt_BR","og_type":"article","og_title":"Acess\u00f3rios - Brazil","og_url":"https:\/\/www.tadano.com\/brazil\/en\/pick-and-carry-cranes\/accessories\/","og_site_name":"Brazil","article_modified_time":"2026-03-24T12:35:31+00:00","twitter_card":"summary_large_image","twitter_misc":{"Est. tempo de leitura":"1 minuto"},"schema":{"@context":"https:\/\/schema.org","@graph":[{"@type":"WebPage","@id":"https:\/\/www.tadano.com\/brazil\/en\/pick-and-carry-cranes\/accessories\/","url":"https:\/\/www.tadano.com\/brazil\/en\/pick-and-carry-cranes\/accessories\/","name":"Acess\u00f3rios - Brazil","isPartOf":{"@id":"https:\/\/www.tadano.com\/brazil\/pt-br\/#website"},"datePublished":"2025-10-31T09:07:13+00:00","dateModified":"2026-03-24T12:35:31+00:00","inLanguage":"pt-BR","potentialAction":[{"@type":"ReadAction","target":["https:\/\/www.tadano.com\/brazil\/en\/pick-and-carry-cranes\/accessories\/"]}]},{"@type":"WebSite","@id":"https:\/\/www.tadano.com\/brazil\/pt-br\/#website","url":"https:\/\/www.tadano.com\/brazil\/pt-br\/","name":"Brazil","description":"Just another TADANO EUROPE site","potentialAction":[{"@type":"SearchAction","target":{"@type":"EntryPoint","urlTemplate":"https:\/\/www.tadano.com\/brazil\/pt-br\/?s={search_term_string}"},"query-input":"required name=search_term_string"}],"inLanguage":"pt-BR"}]}},"_links":{"self":[{"href":"https:\/\/www.tadano.com\/brazil\/pt-br\/wp-json\/wp\/v2\/pages\/4241"}],"collection":[{"href":"https:\/\/www.tadano.com\/brazil\/pt-br\/wp-json\/wp\/v2\/pages"}],"about":[{"href":"https:\/\/www.tadano.com\/brazil\/pt-br\/wp-json\/wp\/v2\/types\/page"}],"author":[{"embeddable":true,"href":"https:\/\/www.tadano.com\/brazil\/pt-br\/wp-json\/wp\/v2\/users\/3"}],"replies":[{"embeddable":true,"href":"https:\/\/www.tadano.com\/brazil\/pt-br\/wp-json\/wp\/v2\/comments?post=4241"}],"version-history":[{"count":1,"href":"https:\/\/www.tadano.com\/brazil\/pt-br\/wp-json\/wp\/v2\/pages\/4241\/revisions"}],"predecessor-version":[{"id":4307,"href":"https:\/\/www.tadano.com\/brazil\/pt-br\/wp-json\/wp\/v2\/pages\/4241\/revisions\/4307"}],"wp:attachment":[{"href":"https:\/\/www.tadano.com\/brazil\/pt-br\/wp-json\/wp\/v2\/media?parent=4241"}],"curies":[{"name":"wp","href":"https:\/\/api.w.org\/{rel}","templated":true}]}}