{"id":4246,"date":"2026-01-13T16:42:54","date_gmt":"2026-01-13T15:42:54","guid":{"rendered":"https:\/\/www.tadano.com\/brazil\/programas-de-manutencao-valla\/"},"modified":"2026-03-24T12:40:00","modified_gmt":"2026-03-24T12:40:00","slug":"programas-de-manutencao","status":"publish","type":"page","link":"https:\/\/www.tadano.com\/brazil\/pt-br\/programas-de-manutencao\/","title":{"rendered":"Programas de manuten\u00e7\u00e3o"},"content":{"rendered":"\n\n\n<section class=\"hero-section\">\n\n\t\n\t\n\t\n\t<div class=\"img-holder \">\n\t\t\t\t<div class=\"bg-stretch\" style=\"background-position: 50% 0; \">\n\t\t\t<span data-srcset=\"https:\/\/mediahub.tadano.com\/m\/2887dad556b24189\/hero-img_Tadano_bauma_machines-78.jpg, https:\/\/mediahub.tadano.com\/m\/2887dad556b24189\/hero_2x-img_Tadano_bauma_machines-78.jpg 2x\"><\/span>\n\t\t<\/div>\n\t\t\t\t\t\t<div class=\"logo green-solutions\" style=\"display:none;\">\n\t\t\t<a href=\"#\"><img decoding=\"async\" src=\"https:\/\/www.tadano.com\/brazil\/wp-content\/themes\/tadano\/assets\/dist\/images\/Green-Solutions_Logo_White.svg\"><\/a>\n\t\t<\/div>\n\t<\/div>\n\t<div class=\"container\">\n\t\t<div class=\"text-holder \">\n\t\t\t<div class=\"wrap\">\n\t\t\t\t\n\t\t\t\t<ul class=\"breadcrumbs\"><li><a href=\"https:\/\/www.tadano.com\/brazil\/pt-br\/\">Home<\/a><\/li><\/ul>\n\t\t\t\t\n\n<h1 class=\"wp-block-heading\"><strong>Programas de manuten\u00e7\u00e3o<\/strong><\/h1>\n\n\n\n<p>Nossos t\u00e9cnicos altamente qualificados e certificados est\u00e3o \u00e0 disposi\u00e7\u00e3o para ajudar sempre que necess\u00e1rio, oferecendo a experi\u00eancia e o profissionalismo necess\u00e1rios para manter seus equipamentos funcionando perfeitamente.<\/p>\n\n\n\n\t\t\t\t\n\t\t\t<\/div>\n\n\t\t\t\n\t\t\t\n\t\t\t\n\t\t<\/div>\n\t<\/div>\n<\/section>\n\n\n<div class=\"wp-block-group is-style-background-cyan is-layout-flow wp-block-group-is-layout-flow\"><div class=\"wp-block-group__inner-container\">\n<h2 class=\"wp-block-heading\">Escolha os programas de manuten\u00e7\u00e3o Valla para seus guindastes Pick &amp; Carry.<\/h2>\n\n\n\n<p>Com ampla experi\u00eancia no setor e profundo conhecimento dos produtos, atendemos toda a linha. Seja uma pequena repara\u00e7\u00e3o ou uma manuten\u00e7\u00e3o programada, voc\u00ea pode contar conosco para um suporte r\u00e1pido e eficaz em todas as suas necessidades de servi\u00e7os t\u00e9cnicos.<\/p>\n\n\n<section class=\"overflow-hidden\">\n    <div class=\"container\">\n      <ul class=\"legal-accordion style-default\">\n          <li>\n            <a href=\"#\" class=\"opener\"><span>BASIC<\/span><\/a>\n            <div class=\"slide\">\n              <div class=\"slide-wrap\">\n                \n\n<p><strong>Inspe\u00e7\u00e3o e manuten\u00e7\u00e3o anuais.<\/strong> Recomendado para guindastes de baixa utiliza\u00e7\u00e3o, este programa anual \u00e9 realizado por t\u00e9cnicos altamente qualificados e credenciados pela Tadano Valla. Inspecionamos todos os sistemas do guindaste, substitu\u00edmos os filtros, verificamos as baterias, lubrificamos os pontos necess\u00e1rios e conferimos os sistemas de seguran\u00e7a. Um livro de manuten\u00e7\u00e3o \u00e9 preenchido para certificar todas as inspe\u00e7\u00f5es e servi\u00e7os realizados.<\/p>\n\n\n              <\/div>\n            <\/div>\n          <\/li>\n      <\/ul>\n  <\/div>\n<\/section>\n\n<section class=\"overflow-hidden\">\n    <div class=\"container\">\n      <ul class=\"legal-accordion style-default\">\n          <li>\n            <a href=\"#\" class=\"opener\"><span>MEDIUM<\/span><\/a>\n            <div class=\"slide\">\n              <div class=\"slide-wrap\">\n                \n\n<p><strong>Verifica\u00e7\u00e3o e manuten\u00e7\u00e3o semestrais.<\/strong> Realizado a cada seis meses por t\u00e9cnicos altamente qualificados sob a supervis\u00e3o da Tadano Valla, este programa \u00e9 destinado a guindastes utilizados por mais de 150 horas por ano (excluindo aqueles com talhas de corrente ou de cabo). Inspecionamos os sistemas do guindaste, verificamos os filtros, lubrificamos os pontos necess\u00e1rios, avaliamos o desgaste das rodas e conferimos todos os dispositivos de seguran\u00e7a. Um livro de manuten\u00e7\u00e3o \u00e9 preenchido para certificar que as verifica\u00e7\u00f5es e manuten\u00e7\u00f5es foram realizadas.<\/p>\n\n\n              <\/div>\n            <\/div>\n          <\/li>\n      <\/ul>\n  <\/div>\n<\/section>\n\n<section class=\"overflow-hidden\">\n    <div class=\"container\">\n      <ul class=\"legal-accordion style-default\">\n          <li>\n            <a href=\"#\" class=\"opener\"><span>INTENSIVE<\/span><\/a>\n            <div class=\"slide\">\n              <div class=\"slide-wrap\">\n                \n\n<p><strong>Verifica\u00e7\u00e3o e manuten\u00e7\u00e3o a cada quatro meses.<\/strong> Este programa de manuten\u00e7\u00e3o intensiva, realizado a cada quatro meses por t\u00e9cnicos altamente qualificados sob a supervis\u00e3o da Tadano Valla, \u00e9 projetado para guindastes utilizados por mais de 250 horas por ano (excluindo aqueles com talhas de corrente ou de cabo). Ideal para opera\u00e7\u00f5es industriais que exigem m\u00e1quinas bem mantidas e eficientes, o servi\u00e7o inclui a inspe\u00e7\u00e3o e, se necess\u00e1rio, a substitui\u00e7\u00e3o dos filtros de ar\/\u00f3leo, a lubrifica\u00e7\u00e3o de todos os pontos necess\u00e1rios, a manuten\u00e7\u00e3o das baterias, a verifica\u00e7\u00e3o do desgaste das rodas e a confer\u00eancia de todos os dispositivos de seguran\u00e7a. Um livro de manuten\u00e7\u00e3o \u00e9 preenchido para certificar que todas as inspe\u00e7\u00f5es e manuten\u00e7\u00f5es foram realizadas.<\/p>\n\n\n              <\/div>\n            <\/div>\n          <\/li>\n      <\/ul>\n  <\/div>\n<\/section>\n\n<section class=\"overflow-hidden\">\n    <div class=\"container\">\n      <ul class=\"legal-accordion style-default\">\n          <li>\n            <a href=\"#\" class=\"opener\"><span>FULL<\/span><\/a>\n            <div class=\"slide\">\n              <div class=\"slide-wrap\">\n                \n\n<p><strong>Verifica\u00e7\u00e3o e manuten\u00e7\u00e3o trimestrais.<\/strong> Este programa intensivo, realizado a cada tr\u00eas meses por t\u00e9cnicos altamente qualificados sob a supervis\u00e3o da Tadano Valla, \u00e9 destinado a guindastes de uso intensivo com sistemas de eleva\u00e7\u00e3o, como talhas de cabo ou de corrente. Ideal para opera\u00e7\u00f5es de loca\u00e7\u00e3o de longo prazo, ele isenta os usu\u00e1rios da manuten\u00e7\u00e3o preventiva e programada. O servi\u00e7o inclui a inspe\u00e7\u00e3o e, se necess\u00e1rio, a substitui\u00e7\u00e3o dos filtros de ar\/\u00f3leo, a lubrifica\u00e7\u00e3o dos pontos necess\u00e1rios, a manuten\u00e7\u00e3o das baterias, a verifica\u00e7\u00e3o dos cabos ou correntes do guincho e dos bra\u00e7os, a avalia\u00e7\u00e3o do desgaste das rodas e a confer\u00eancia de todos os dispositivos de seguran\u00e7a. Um livro de manuten\u00e7\u00e3o \u00e9 preenchido para certificar que as inspe\u00e7\u00f5es e manuten\u00e7\u00f5es foram realizadas.<\/p>\n\n\n              <\/div>\n            <\/div>\n          <\/li>\n      <\/ul>\n  <\/div>\n<\/section>\n\n<section class=\"overflow-hidden\">\n    <div class=\"container\">\n      <ul class=\"legal-accordion style-default\">\n          <li>\n            <a href=\"#\" class=\"opener\"><span>HERITAGE<\/span><\/a>\n            <div class=\"slide\">\n              <div class=\"slide-wrap\">\n                \n\n<p><strong>Verifica\u00e7\u00e3o e manuten\u00e7\u00e3o de modelos hist\u00f3ricos.<\/strong> Este programa \u00e9 destinado a clientes com guindastes Valla em opera\u00e7\u00e3o h\u00e1 v\u00e1rios anos, e tamb\u00e9m aceitamos consultas para guindastes fabricados antes de 2005. Os servi\u00e7os incluem uma inspe\u00e7\u00e3o extraordin\u00e1ria de 20 anos com o c\u00e1lculo da vida \u00fatil residual, verifica\u00e7\u00f5es das baterias com certifica\u00e7\u00e3o de sulfata\u00e7\u00e3o e capacidade remanescente, a revis\u00e3o dos componentes e tubula\u00e7\u00f5es hidr\u00e1ulicas e a renova\u00e7\u00e3o completa do guindaste, incluindo restaura\u00e7\u00e3o est\u00e9tica e repintura.<\/p>\n\n\n              <\/div>\n            <\/div>\n          <\/li>\n      <\/ul>\n  <\/div>\n<\/section><\/div><\/div>\n\n\n\n<div style=\"height:30px\" aria-hidden=\"true\" class=\"wp-block-spacer\"><\/div>\n\n\n\n<div class=\"wp-block-columns is-layout-flex wp-container-core-columns-layout-1 wp-block-columns-is-layout-flex\">\n<div class=\"wp-block-column is-layout-flow wp-block-column-is-layout-flow\" style=\"flex-basis:66.66%\">\n<p><strong><strong>Solu\u00e7\u00f5es eficazes e verifica\u00e7\u00f5es precisas<\/strong><\/strong><\/p>\n\n\n\n<p>Estamos comprometidos em oferecer um atendimento ao cliente de primeira classe, plenamente conscientes da import\u00e2ncia da assist\u00eancia t\u00e9cnica e da manuten\u00e7\u00e3o de nossas m\u00e1quinas para garantir sua confiabilidade e seguran\u00e7a. Seja um reparo urgente ou uma manuten\u00e7\u00e3o programada, fornecemos solu\u00e7\u00f5es r\u00e1pidas e eficazes, adaptadas \u00e0s suas necessidades. Voc\u00ea pode contar com nosso suporte t\u00e9cnico, que n\u00e3o apenas resolve problemas, mas tamb\u00e9m ajuda a preveni-los, garantindo a continuidade operacional e a m\u00e1xima efici\u00eancia.<\/p>\n<\/div>\n\n\n\n<div class=\"wp-block-column is-layout-flow wp-block-column-is-layout-flow\" style=\"flex-basis:33.33%\">\n<figure class=\"wp-block-image size-full\"><img loading=\"lazy\" decoding=\"async\" width=\"809\" height=\"549\" src=\"https:\/\/www.tadano.com\/brazil\/wp-content\/uploads\/sites\/15\/2026\/02\/maintenance.png\" alt=\"\" class=\"wp-image-4243\" srcset=\"https:\/\/www.tadano.com\/brazil\/wp-content\/uploads\/sites\/15\/2026\/02\/maintenance.png 809w, https:\/\/www.tadano.com\/brazil\/wp-content\/uploads\/sites\/15\/2026\/02\/maintenance-300x204.png 300w, https:\/\/www.tadano.com\/brazil\/wp-content\/uploads\/sites\/15\/2026\/02\/maintenance-768x521.png 768w, https:\/\/www.tadano.com\/brazil\/wp-content\/uploads\/sites\/15\/2026\/02\/maintenance-280x190.png 280w, https:\/\/www.tadano.com\/brazil\/wp-content\/uploads\/sites\/15\/2026\/02\/maintenance-560x380.png 560w, https:\/\/www.tadano.com\/brazil\/wp-content\/uploads\/sites\/15\/2026\/02\/maintenance-335x227.png 335w, https:\/\/www.tadano.com\/brazil\/wp-content\/uploads\/sites\/15\/2026\/02\/maintenance-670x455.png 670w\" sizes=\"(max-width: 809px) 100vw, 809px\" \/><\/figure>\n<\/div>\n<\/div>\n\n\n\n<p>Realizamos verifica\u00e7\u00f5es completas da estrutura do guindaste e do funcionamento da dire\u00e7\u00e3o, inspecionamos o cabo quando h\u00e1 um guincho instalado e examinamos o bloco deslizante, o freio do bra\u00e7o e o funcionamento do limitador de carga. Al\u00e9m disso, verificamos os fins de curso de subida e descida do guincho, o funcionamento do freio de servi\u00e7o e do freio de estacionamento, todos os dispositivos de seguran\u00e7a e a unidade chopper.<\/p>\n\n\n\n<h2 class=\"wp-block-heading\"><strong>Saiba mais sobre nossos contratos de manuten\u00e7\u00e3o programada.<\/strong><\/h2>\n\n\n\n<div class=\"wp-block-buttons is-layout-flex wp-block-buttons-is-layout-flex\"><\/div>\n\n\n\n<div style=\"height:30px\" aria-hidden=\"true\" class=\"wp-block-spacer\"><\/div>\n","protected":false},"excerpt":{"rendered":"<p>Escolha os programas de manuten\u00e7\u00e3o Valla para seus guindastes Pick &amp; Carry. Com ampla experi\u00eancia no setor e profundo conhecimento dos produtos, atendemos toda a linha. Seja uma pequena repara\u00e7\u00e3o ou uma manuten\u00e7\u00e3o programada, voc\u00ea pode contar conosco para um suporte r\u00e1pido e eficaz em todas as suas necessidades de servi\u00e7os t\u00e9cnicos. Solu\u00e7\u00f5es eficazes e [&hellip;]<\/p>\n","protected":false},"author":3,"featured_media":0,"parent":0,"menu_order":0,"comment_status":"closed","ping_status":"closed","template":"","meta":{"_acf_changed":false,"footnotes":""},"acf":[],"yoast_head":"<!-- This site is optimized with the Yoast SEO plugin v22.3 - https:\/\/yoast.com\/wordpress\/plugins\/seo\/ -->\n<title>Programas de manuten\u00e7\u00e3o - Brazil<\/title>\n<meta name=\"robots\" content=\"index, follow, max-snippet:-1, max-image-preview:large, max-video-preview:-1\" \/>\n<link rel=\"canonical\" href=\"https:\/\/www.tadano.com\/brazil\/en\/pick-and-carry-cranes\/maintenance-programs\/\" \/>\n<meta property=\"og:locale\" content=\"pt_BR\" \/>\n<meta property=\"og:type\" content=\"article\" \/>\n<meta property=\"og:title\" content=\"Programas de manuten\u00e7\u00e3o - Brazil\" \/>\n<meta property=\"og:description\" content=\"Escolha os programas de manuten\u00e7\u00e3o Valla para seus guindastes Pick &amp; Carry. Com ampla experi\u00eancia no setor e profundo conhecimento dos produtos, atendemos toda a linha. Seja uma pequena repara\u00e7\u00e3o ou uma manuten\u00e7\u00e3o programada, voc\u00ea pode contar conosco para um suporte r\u00e1pido e eficaz em todas as suas necessidades de servi\u00e7os t\u00e9cnicos. Solu\u00e7\u00f5es eficazes e [&hellip;]\" \/>\n<meta property=\"og:url\" content=\"https:\/\/www.tadano.com\/brazil\/en\/pick-and-carry-cranes\/maintenance-programs\/\" \/>\n<meta property=\"og:site_name\" content=\"Brazil\" \/>\n<meta property=\"article:modified_time\" content=\"2026-03-24T12:40:00+00:00\" \/>\n<meta property=\"og:image\" content=\"https:\/\/www.tadano.com\/brazil\/wp-content\/uploads\/sites\/15\/2026\/02\/maintenance.png\" \/>\n<meta name=\"twitter:card\" content=\"summary_large_image\" \/>\n<meta name=\"twitter:label1\" content=\"Est. tempo de leitura\" \/>\n\t<meta name=\"twitter:data1\" content=\"4 minutos\" \/>\n<script type=\"application\/ld+json\" class=\"yoast-schema-graph\">{\"@context\":\"https:\/\/schema.org\",\"@graph\":[{\"@type\":\"WebPage\",\"@id\":\"https:\/\/www.tadano.com\/brazil\/en\/pick-and-carry-cranes\/maintenance-programs\/\",\"url\":\"https:\/\/www.tadano.com\/brazil\/en\/pick-and-carry-cranes\/maintenance-programs\/\",\"name\":\"Programas de manuten\u00e7\u00e3o - Brazil\",\"isPartOf\":{\"@id\":\"https:\/\/www.tadano.com\/brazil\/pt-br\/#website\"},\"primaryImageOfPage\":{\"@id\":\"https:\/\/www.tadano.com\/brazil\/en\/pick-and-carry-cranes\/maintenance-programs\/#primaryimage\"},\"image\":{\"@id\":\"https:\/\/www.tadano.com\/brazil\/en\/pick-and-carry-cranes\/maintenance-programs\/#primaryimage\"},\"thumbnailUrl\":\"https:\/\/www.tadano.com\/brazil\/wp-content\/uploads\/sites\/15\/2026\/02\/maintenance.png\",\"datePublished\":\"2026-01-13T15:42:54+00:00\",\"dateModified\":\"2026-03-24T12:40:00+00:00\",\"inLanguage\":\"pt-BR\",\"potentialAction\":[{\"@type\":\"ReadAction\",\"target\":[\"https:\/\/www.tadano.com\/brazil\/en\/pick-and-carry-cranes\/maintenance-programs\/\"]}]},{\"@type\":\"ImageObject\",\"inLanguage\":\"pt-BR\",\"@id\":\"https:\/\/www.tadano.com\/brazil\/en\/pick-and-carry-cranes\/maintenance-programs\/#primaryimage\",\"url\":\"https:\/\/www.tadano.com\/brazil\/wp-content\/uploads\/sites\/15\/2026\/02\/maintenance.png\",\"contentUrl\":\"https:\/\/www.tadano.com\/brazil\/wp-content\/uploads\/sites\/15\/2026\/02\/maintenance.png\"},{\"@type\":\"WebSite\",\"@id\":\"https:\/\/www.tadano.com\/brazil\/pt-br\/#website\",\"url\":\"https:\/\/www.tadano.com\/brazil\/pt-br\/\",\"name\":\"Brazil\",\"description\":\"Just another TADANO EUROPE site\",\"potentialAction\":[{\"@type\":\"SearchAction\",\"target\":{\"@type\":\"EntryPoint\",\"urlTemplate\":\"https:\/\/www.tadano.com\/brazil\/pt-br\/?s={search_term_string}\"},\"query-input\":\"required name=search_term_string\"}],\"inLanguage\":\"pt-BR\"}]}<\/script>\n<!-- \/ Yoast SEO plugin. -->","yoast_head_json":{"title":"Programas de manuten\u00e7\u00e3o - Brazil","robots":{"index":"index","follow":"follow","max-snippet":"max-snippet:-1","max-image-preview":"max-image-preview:large","max-video-preview":"max-video-preview:-1"},"canonical":"https:\/\/www.tadano.com\/brazil\/en\/pick-and-carry-cranes\/maintenance-programs\/","og_locale":"pt_BR","og_type":"article","og_title":"Programas de manuten\u00e7\u00e3o - Brazil","og_description":"Escolha os programas de manuten\u00e7\u00e3o Valla para seus guindastes Pick &amp; Carry. Com ampla experi\u00eancia no setor e profundo conhecimento dos produtos, atendemos toda a linha. Seja uma pequena repara\u00e7\u00e3o ou uma manuten\u00e7\u00e3o programada, voc\u00ea pode contar conosco para um suporte r\u00e1pido e eficaz em todas as suas necessidades de servi\u00e7os t\u00e9cnicos. Solu\u00e7\u00f5es eficazes e [&hellip;]","og_url":"https:\/\/www.tadano.com\/brazil\/en\/pick-and-carry-cranes\/maintenance-programs\/","og_site_name":"Brazil","article_modified_time":"2026-03-24T12:40:00+00:00","og_image":[{"url":"https:\/\/www.tadano.com\/brazil\/wp-content\/uploads\/sites\/15\/2026\/02\/maintenance.png"}],"twitter_card":"summary_large_image","twitter_misc":{"Est. tempo de leitura":"4 minutos"},"schema":{"@context":"https:\/\/schema.org","@graph":[{"@type":"WebPage","@id":"https:\/\/www.tadano.com\/brazil\/en\/pick-and-carry-cranes\/maintenance-programs\/","url":"https:\/\/www.tadano.com\/brazil\/en\/pick-and-carry-cranes\/maintenance-programs\/","name":"Programas de manuten\u00e7\u00e3o - Brazil","isPartOf":{"@id":"https:\/\/www.tadano.com\/brazil\/pt-br\/#website"},"primaryImageOfPage":{"@id":"https:\/\/www.tadano.com\/brazil\/en\/pick-and-carry-cranes\/maintenance-programs\/#primaryimage"},"image":{"@id":"https:\/\/www.tadano.com\/brazil\/en\/pick-and-carry-cranes\/maintenance-programs\/#primaryimage"},"thumbnailUrl":"https:\/\/www.tadano.com\/brazil\/wp-content\/uploads\/sites\/15\/2026\/02\/maintenance.png","datePublished":"2026-01-13T15:42:54+00:00","dateModified":"2026-03-24T12:40:00+00:00","inLanguage":"pt-BR","potentialAction":[{"@type":"ReadAction","target":["https:\/\/www.tadano.com\/brazil\/en\/pick-and-carry-cranes\/maintenance-programs\/"]}]},{"@type":"ImageObject","inLanguage":"pt-BR","@id":"https:\/\/www.tadano.com\/brazil\/en\/pick-and-carry-cranes\/maintenance-programs\/#primaryimage","url":"https:\/\/www.tadano.com\/brazil\/wp-content\/uploads\/sites\/15\/2026\/02\/maintenance.png","contentUrl":"https:\/\/www.tadano.com\/brazil\/wp-content\/uploads\/sites\/15\/2026\/02\/maintenance.png"},{"@type":"WebSite","@id":"https:\/\/www.tadano.com\/brazil\/pt-br\/#website","url":"https:\/\/www.tadano.com\/brazil\/pt-br\/","name":"Brazil","description":"Just another TADANO EUROPE site","potentialAction":[{"@type":"SearchAction","target":{"@type":"EntryPoint","urlTemplate":"https:\/\/www.tadano.com\/brazil\/pt-br\/?s={search_term_string}"},"query-input":"required name=search_term_string"}],"inLanguage":"pt-BR"}]}},"_links":{"self":[{"href":"https:\/\/www.tadano.com\/brazil\/pt-br\/wp-json\/wp\/v2\/pages\/4246"}],"collection":[{"href":"https:\/\/www.tadano.com\/brazil\/pt-br\/wp-json\/wp\/v2\/pages"}],"about":[{"href":"https:\/\/www.tadano.com\/brazil\/pt-br\/wp-json\/wp\/v2\/types\/page"}],"author":[{"embeddable":true,"href":"https:\/\/www.tadano.com\/brazil\/pt-br\/wp-json\/wp\/v2\/users\/3"}],"replies":[{"embeddable":true,"href":"https:\/\/www.tadano.com\/brazil\/pt-br\/wp-json\/wp\/v2\/comments?post=4246"}],"version-history":[{"count":3,"href":"https:\/\/www.tadano.com\/brazil\/pt-br\/wp-json\/wp\/v2\/pages\/4246\/revisions"}],"predecessor-version":[{"id":4311,"href":"https:\/\/www.tadano.com\/brazil\/pt-br\/wp-json\/wp\/v2\/pages\/4246\/revisions\/4311"}],"wp:attachment":[{"href":"https:\/\/www.tadano.com\/brazil\/pt-br\/wp-json\/wp\/v2\/media?parent=4246"}],"curies":[{"name":"wp","href":"https:\/\/api.w.org\/{rel}","templated":true}]}}