{"id":20744,"date":"2021-11-09T15:32:24","date_gmt":"2021-11-09T15:32:24","guid":{"rendered":"https:\/\/www.tadano.com\/dach\/environmental-and-sustainability-goals-2\/"},"modified":"2026-01-29T08:05:32","modified_gmt":"2026-01-29T08:05:32","slug":"umweltschutz-und-nachhaltigkeitsziele","status":"publish","type":"page","link":"https:\/\/www.tadano.com\/dach\/de\/umweltschutz-und-nachhaltigkeitsziele\/","title":{"rendered":"Umweltschutz- und Nachhaltigkeitsziele"},"content":{"rendered":"\n\n\n<section class=\"hero-section\">\n\n\t\n\t\n\t\n\t<div class=\"img-holder \">\n\t\t\t\t<div class=\"bg-stretch\" style=\"background-position: 50% 50%; \">\n\t\t\t<span data-srcset=\"https:\/\/assets.onetadano.com\/celum_assets\/hero\/green-leaf-texture-close-up-green-leaf-background-plant-ecology-scaled.jpg, https:\/\/assets.onetadano.com\/celum_assets\/hero-2x\/green-leaf-texture-close-up-green-leaf-background-plant-ecology-scaled.jpg 2x\"><\/span>\n\t\t<\/div>\n\t\t\t\t\t\t<div class=\"logo green-solutions\" style=\"display:none;\">\n\t\t\t<a href=\"#\"><img decoding=\"async\" src=\"https:\/\/www.tadano.com\/dach\/wp-content\/themes\/tadano\/assets\/dist\/images\/Green-Solutions_Logo_White.svg\"><\/a>\n\t\t<\/div>\n\t<\/div>\n\t<div class=\"container\">\n\t\t<div class=\"text-holder \">\n\t\t\t<div class=\"wrap\">\n\t\t\t\t\n\t\t\t\t<ul class=\"breadcrumbs\"><li><a href=\"https:\/\/www.tadano.com\/dach\/de\/\">Startseite<\/a><\/li><\/ul>\n\t\t\t\t\n\n<h1 class=\"wp-block-heading\"><strong>Umweltschutz- und Nachhaltigkeitsziele&nbsp;<\/strong><\/h1>\n\n\n\n<p>Die Tadano Gruppe hat sich dem Ziel verschrieben, die globale Umwelt zu sch\u00fctzen und zum Aufbau einer gesellschaftlichen Kultur der Nachhaltigkeit beizutragen.<\/p>\n\n\n\n\t\t\t\t\n\t\t\t<\/div>\n\n\t\t\t\n\t\t\t\n\t\t\t\n\t\t<\/div>\n\t<\/div>\n<\/section>\n\n\n<div class=\"wp-block-group is-layout-flow wp-block-group-is-layout-flow\"><div class=\"wp-block-group__inner-container\">\n<h1 class=\"wp-block-heading\"><strong>Umweltschutz-Richtlinien<\/strong><\/h1>\n\n\n\n<p>Wir dienen der Weltgemeinschaft, indem wir f\u00fcr ein harmonisches Gleichgewicht zwischen Menschen, Maschinen und der Umwelt sorgen.<\/p>\n\n\n\n<h3 class=\"wp-block-heading\">1. F\u00d6RDERUNG UMWELTBEWUSSTEN VERHALTENS.<\/h3>\n\n\n\n<p>In der \u00dcberzeugung, dass Selbsterkenntnis der erste Schritt zu nachhaltigen Verbesserungen ist, legen wir gro\u00dfen Wert auf die Ausbildung unserer Mitarbeitenden \u2013 und auf angemessenes Verhalten jedes und jeder Einzelnen im Alltag.<\/p>\n\n\n\n<h3 class=\"wp-block-heading\">2. ENTWICKLUNG UMWELTFREUNDLICHER PRODUKTE.<\/h3>\n\n\n\n<p>Uns ist bewusst, dass sich die Nutzung der Produkte der Tadano Gruppe auf die Umwelt auswirkt. Daher arbeiten wir an der Entwicklung von Produkten, die w\u00e4hrend ihrer gesamten Nutzungsdauer umweltfreundlich sind, insbesondere im Hinblick auf Kraftstoffeffizienz und geringe Ger\u00e4uschentwicklung.<\/p>\n\n\n\n<h3 class=\"wp-block-heading\">3. GESCH\u00c4FTLICHE AKTIVIT\u00c4TEN IN VERANTWORTUNG F\u00dcR DIE UMWELT.<\/h3>\n\n\n\n<p>In allen unseren Gesch\u00e4ftsprozessen verpflichten wir uns, durch eine schonende Nutzung von Ressourcen, konsequentes Recycling, die Vermeidung von Umweltverschmutzung sowie weitere Ma\u00dfnahmen die Belastung der Umwelt zu minimieren.<\/p>\n\n\n\n<p><\/p>\n\n\n\n<div class=\"wp-block-buttons is-layout-flex wp-block-buttons-is-layout-flex\">\n<div class=\"wp-block-button is-style-btn-outline-white\"><a class=\"wp-block-button__link wp-element-button\" href=\"https:\/\/www.tadano.co.jp\/en\/ir\/esg\/\" target=\"_blank\" rel=\"noreferrer noopener\">BESUCHEN SIE TADANO.CO.JP<\/a><\/div>\n<\/div>\n<\/div><\/div>\n\n\n\n<div class=\"wp-block-group is-style-background-white is-layout-flow wp-block-group-is-layout-flow\"><div class=\"wp-block-group__inner-container\">\n<h1 class=\"wp-block-heading\">LANGFRISTIGE UMWELTSCHUTZZIELE DER TADANO GRUPPE<\/h1>\n\n\n\n<div class=\"wp-block-columns is-layout-flex wp-container-core-columns-layout-2 wp-block-columns-is-layout-flex\">\n<div class=\"wp-block-column is-layout-flow wp-block-column-is-layout-flow\" style=\"flex-basis:66.66%\">\n<p>Basierend auf den Empfehlungen der Task Force on Climate-Related Financial Disclosures (TCFD) hat sich die Tadano Gruppe klar definierte Ziele gesteckt:<\/p>\n\n\n\n<div style=\"height:81px\" aria-hidden=\"true\" class=\"wp-block-spacer\"><\/div>\n\n\n\n<div class=\"wp-block-columns is-layout-flex wp-container-core-columns-layout-1 wp-block-columns-is-layout-flex\">\n<div class=\"wp-block-column is-layout-flow wp-block-column-is-layout-flow\">\n<h1 class=\"wp-block-heading has-text-align-right\">-25%<\/h1>\n\n\n\n<h1 class=\"wp-block-heading has-text-align-right\">-35%<\/h1>\n<\/div>\n\n\n\n<div class=\"wp-block-column is-layout-flow wp-block-column-is-layout-flow\">\n<p>CO2-Emissionen aus den <strong>Gesch\u00e4ftst\u00e4tigkeiten<\/strong><\/p>\n\n\n\n<p>CO2-Emissionen aus unseren <strong>Produkten<\/strong><\/p>\n<\/div>\n<\/div>\n<\/div>\n\n\n\n<div class=\"wp-block-column is-layout-flow wp-block-column-is-layout-flow\" style=\"flex-basis:33.33%\">\n<figure class=\"wp-block-image size-large\"><img decoding=\"async\" src=\"https:\/\/assets.onetadano.com\/celum_assets\/TDN Green Solutions Pos RGB.jpg\" alt=\"\"\/><\/figure>\n<\/div>\n<\/div>\n<\/div><\/div>\n\n\n\n<div class=\"wp-block-group is-style-background-cyan is-layout-flow wp-block-group-is-layout-flow\"><div class=\"wp-block-group__inner-container\">\n<h2 class=\"wp-block-heading\">VON REDUZIERTEN EMISSIONEN ZU NULL-EMISSIONEN<\/h2>\n\n\n\n<p>Mit unserem E-Pack und HVO-konformen Motoren bieten wir bereits heute L\u00f6sungen f\u00fcr einen umweltfreundlichen Kranbetrieb an.<\/p>\n\n\n\n<div class=\"wp-block-buttons is-layout-flex wp-block-buttons-is-layout-flex\">\n<div class=\"wp-block-button is-style-default\"><a class=\"wp-block-button__link wp-element-button\" href=\"https:\/\/www.tadano.com\/dach\/de\/technologie\/umwelt-und-klimafreundliche-technologien\/\">ERFAHREN SIE MEHR<\/a><\/div>\n<\/div>\n<\/div><\/div>\n","protected":false},"excerpt":{"rendered":"<p>Umweltschutz-Richtlinien Wir dienen der Weltgemeinschaft, indem wir f\u00fcr ein harmonisches Gleichgewicht zwischen Menschen, Maschinen und der Umwelt sorgen. 1. F\u00d6RDERUNG UMWELTBEWUSSTEN VERHALTENS. In der \u00dcberzeugung, dass Selbsterkenntnis der erste Schritt zu nachhaltigen Verbesserungen ist, legen wir gro\u00dfen Wert auf die Ausbildung unserer Mitarbeitenden \u2013 und auf angemessenes Verhalten jedes und jeder Einzelnen im Alltag. 2. [&hellip;]<\/p>\n","protected":false},"author":2,"featured_media":0,"parent":0,"menu_order":0,"comment_status":"closed","ping_status":"closed","template":"","meta":{"_acf_changed":false,"footnotes":""},"acf":[],"yoast_head":"<!-- This site is optimized with the Yoast SEO plugin v22.3 - https:\/\/yoast.com\/wordpress\/plugins\/seo\/ -->\n<title>Umweltschutz- und Nachhaltigkeitsziele - DACH<\/title>\n<meta name=\"robots\" content=\"index, follow, max-snippet:-1, max-image-preview:large, max-video-preview:-1\" \/>\n<link rel=\"canonical\" href=\"https:\/\/www.tadano.com\/dach\/en\/environmental-and-sustainability-goals\/\" \/>\n<meta property=\"og:locale\" content=\"de_DE\" \/>\n<meta property=\"og:type\" content=\"article\" \/>\n<meta property=\"og:title\" content=\"Umweltschutz- und Nachhaltigkeitsziele - DACH\" \/>\n<meta property=\"og:description\" content=\"Umweltschutz-Richtlinien Wir dienen der Weltgemeinschaft, indem wir f\u00fcr ein harmonisches Gleichgewicht zwischen Menschen, Maschinen und der Umwelt sorgen. 1. F\u00d6RDERUNG UMWELTBEWUSSTEN VERHALTENS. In der \u00dcberzeugung, dass Selbsterkenntnis der erste Schritt zu nachhaltigen Verbesserungen ist, legen wir gro\u00dfen Wert auf die Ausbildung unserer Mitarbeitenden \u2013 und auf angemessenes Verhalten jedes und jeder Einzelnen im Alltag. 2. [&hellip;]\" \/>\n<meta property=\"og:url\" content=\"https:\/\/www.tadano.com\/dach\/en\/environmental-and-sustainability-goals\/\" \/>\n<meta property=\"og:site_name\" content=\"DACH\" \/>\n<meta property=\"article:modified_time\" content=\"2026-01-29T08:05:32+00:00\" \/>\n<meta name=\"twitter:card\" content=\"summary_large_image\" \/>\n<meta name=\"twitter:label1\" content=\"Gesch\u00e4tzte Lesezeit\" \/>\n\t<meta name=\"twitter:data1\" content=\"2\u00a0Minuten\" \/>\n<script type=\"application\/ld+json\" class=\"yoast-schema-graph\">{\"@context\":\"https:\/\/schema.org\",\"@graph\":[{\"@type\":\"WebPage\",\"@id\":\"https:\/\/www.tadano.com\/dach\/en\/environmental-and-sustainability-goals\/\",\"url\":\"https:\/\/www.tadano.com\/dach\/en\/environmental-and-sustainability-goals\/\",\"name\":\"Umweltschutz- und Nachhaltigkeitsziele - DACH\",\"isPartOf\":{\"@id\":\"https:\/\/www.tadano.com\/dach\/en\/#website\"},\"datePublished\":\"2021-11-09T15:32:24+00:00\",\"dateModified\":\"2026-01-29T08:05:32+00:00\",\"inLanguage\":\"de\",\"potentialAction\":[{\"@type\":\"ReadAction\",\"target\":[\"https:\/\/www.tadano.com\/dach\/en\/environmental-and-sustainability-goals\/\"]}]},{\"@type\":\"WebSite\",\"@id\":\"https:\/\/www.tadano.com\/dach\/en\/#website\",\"url\":\"https:\/\/www.tadano.com\/dach\/en\/\",\"name\":\"DACH\",\"description\":\"Just another TADANO EUROPE site\",\"potentialAction\":[{\"@type\":\"SearchAction\",\"target\":{\"@type\":\"EntryPoint\",\"urlTemplate\":\"https:\/\/www.tadano.com\/dach\/en\/?s={search_term_string}\"},\"query-input\":\"required name=search_term_string\"}],\"inLanguage\":\"de\"}]}<\/script>\n<!-- \/ Yoast SEO plugin. -->","yoast_head_json":{"title":"Umweltschutz- und Nachhaltigkeitsziele - DACH","robots":{"index":"index","follow":"follow","max-snippet":"max-snippet:-1","max-image-preview":"max-image-preview:large","max-video-preview":"max-video-preview:-1"},"canonical":"https:\/\/www.tadano.com\/dach\/en\/environmental-and-sustainability-goals\/","og_locale":"de_DE","og_type":"article","og_title":"Umweltschutz- und Nachhaltigkeitsziele - DACH","og_description":"Umweltschutz-Richtlinien Wir dienen der Weltgemeinschaft, indem wir f\u00fcr ein harmonisches Gleichgewicht zwischen Menschen, Maschinen und der Umwelt sorgen. 1. F\u00d6RDERUNG UMWELTBEWUSSTEN VERHALTENS. In der \u00dcberzeugung, dass Selbsterkenntnis der erste Schritt zu nachhaltigen Verbesserungen ist, legen wir gro\u00dfen Wert auf die Ausbildung unserer Mitarbeitenden \u2013 und auf angemessenes Verhalten jedes und jeder Einzelnen im Alltag. 2. [&hellip;]","og_url":"https:\/\/www.tadano.com\/dach\/en\/environmental-and-sustainability-goals\/","og_site_name":"DACH","article_modified_time":"2026-01-29T08:05:32+00:00","twitter_card":"summary_large_image","twitter_misc":{"Gesch\u00e4tzte Lesezeit":"2\u00a0Minuten"},"schema":{"@context":"https:\/\/schema.org","@graph":[{"@type":"WebPage","@id":"https:\/\/www.tadano.com\/dach\/en\/environmental-and-sustainability-goals\/","url":"https:\/\/www.tadano.com\/dach\/en\/environmental-and-sustainability-goals\/","name":"Umweltschutz- und Nachhaltigkeitsziele - DACH","isPartOf":{"@id":"https:\/\/www.tadano.com\/dach\/en\/#website"},"datePublished":"2021-11-09T15:32:24+00:00","dateModified":"2026-01-29T08:05:32+00:00","inLanguage":"de","potentialAction":[{"@type":"ReadAction","target":["https:\/\/www.tadano.com\/dach\/en\/environmental-and-sustainability-goals\/"]}]},{"@type":"WebSite","@id":"https:\/\/www.tadano.com\/dach\/en\/#website","url":"https:\/\/www.tadano.com\/dach\/en\/","name":"DACH","description":"Just another TADANO EUROPE site","potentialAction":[{"@type":"SearchAction","target":{"@type":"EntryPoint","urlTemplate":"https:\/\/www.tadano.com\/dach\/en\/?s={search_term_string}"},"query-input":"required name=search_term_string"}],"inLanguage":"de"}]}},"_links":{"self":[{"href":"https:\/\/www.tadano.com\/dach\/de\/wp-json\/wp\/v2\/pages\/20744"}],"collection":[{"href":"https:\/\/www.tadano.com\/dach\/de\/wp-json\/wp\/v2\/pages"}],"about":[{"href":"https:\/\/www.tadano.com\/dach\/de\/wp-json\/wp\/v2\/types\/page"}],"author":[{"embeddable":true,"href":"https:\/\/www.tadano.com\/dach\/de\/wp-json\/wp\/v2\/users\/2"}],"replies":[{"embeddable":true,"href":"https:\/\/www.tadano.com\/dach\/de\/wp-json\/wp\/v2\/comments?post=20744"}],"version-history":[{"count":5,"href":"https:\/\/www.tadano.com\/dach\/de\/wp-json\/wp\/v2\/pages\/20744\/revisions"}],"predecessor-version":[{"id":33917,"href":"https:\/\/www.tadano.com\/dach\/de\/wp-json\/wp\/v2\/pages\/20744\/revisions\/33917"}],"wp:attachment":[{"href":"https:\/\/www.tadano.com\/dach\/de\/wp-json\/wp\/v2\/media?parent=20744"}],"curies":[{"name":"wp","href":"https:\/\/api.w.org\/{rel}","templated":true}]}}