{"id":20764,"date":"2021-12-07T10:12:07","date_gmt":"2021-12-07T10:12:07","guid":{"rendered":"https:\/\/www.tadano.com\/dach\/whistleblowing\/"},"modified":"2023-12-11T14:32:54","modified_gmt":"2023-12-11T14:32:54","slug":"whistleblowing","status":"publish","type":"page","link":"https:\/\/www.tadano.com\/dach\/de\/whistleblowing\/","title":{"rendered":"Whistleblowing und Lieferketten-Beschwerden"},"content":{"rendered":"\n<h1 class=\"has-text-align-center wp-block-heading\"><strong>WHISTLEBLOWING und<br>Lieferketten-Beschwerden (Menschenrechte und Umwelt)<\/strong><\/h1>\n\n\n\n<p>Tadano Europe bietet f\u00fcr alle Mitarbeiter an allen europ\u00e4ischen Standorten und Niederlassungen die M\u00f6glichkeit, Verst\u00f6\u00dfe gem\u00e4\u00df der EU-Richtlinie 2019\/1937 zu melden. Es k\u00f6nnen alle (auch ehemalige) Mitarbeiter, Lieferanten, Auftragnehmer oder jede andere Person, Meldungen \u00fcber Verst\u00f6\u00dfe machen, egal ob lokale Gesetzesverst\u00f6\u00dfe oder Verst\u00f6\u00dfe gegen EU-Richtlinien, Verordnungen, Vorschriften oder eine Nichteinhaltung der TADANO CSR-Charta, des TADANO Verhaltenskodex oder jeder anwendbaren Richtlinie, Vorschrift oder eines vergleichbaren Verfahrens von Tadano innerhalb Europas. Es k\u00f6nnen auch Beschwerden \u00fcber Risiken und Verst\u00f6\u00dfe in der Lieferkette in den Bereichen Menschenrechte und Umwelt eingereicht werden.<br><br>Die Meldung muss aber stets Bezug zum Wirkungskreis von Tadano Europe haben. Der Versto\u00df muss durch eine Tadano-Gesellschaft, ein Mitarbeiter oder Lieferanten, Auftragnehmer oder andere Personen, die unter der Kontrolle von Tadano stehen, begangen worden sein (Whistleblowing) bzw. das Risiko oder ein Versto\u00df muss bei Tadano oder bei einem direkten oder mittelbaren Zulieferer bestehen \/ begangen worden sein.<br><br>Sie k\u00f6nnen Verst\u00f6\u00dfe per Internet mittels der Plattform LegalTegrity (Betreiber LegalTegrity GmbH, Frankfurt a.M.) melden. Dieses kann, muss aber nicht anonym erfolgen. Ansprechpartner von Legal Tegrity bei Tadano f\u00fcr diese Meldungen ist das Tadano Compliance Office.<\/p>\n\n\n\n<p class=\"has-text-align-center\"><strong>Ihre Meldung bleibt vertraulich!<br><br>Ihrer Meldung wird nachgegangen!<br><br>Ehrliche Whistleblower und deren Vermittler bleiben gesch\u00fctzt!<\/strong><\/p>\n\n\n\n<p class=\"has-text-align-center\">Sie k\u00f6nnen die Meldung selbst oder durch Vermittler machen (welche Sie selbst bestimmen).<br><br><strong>Jede Meldung muss wahrheitsgem\u00e4\u00df erfolgen!<\/strong><\/p>\n\n\n\n<p>Link zur Legal Tegrity Plattform:<br><br><a href=\"https:\/\/app.legaltegrity.com\/report\/72e96c88-1390-4c5c-9d08-d72946305645\" target=\"_blank\" rel=\"noreferrer noopener\">https:\/\/app.legaltegrity.com\/report\/72e96c88-1390-4c5c-9d08-d72946305645<\/a><\/p>\n\n\n\n<p><em>Verf\u00fcgbare Sprachen: Deutsch, Englisch, Italienisch, Spanisch, Franz\u00f6sisch, Niederl\u00e4ndisch, Schwedisch, Finnisch.<\/em><\/p>\n\n\n\n<p class=\"has-text-align-center\"><strong>WICHTIGER HINWEIS<\/strong><\/p>\n\n\n\n<p>Dieses ist <strong>KEINE <\/strong>Einrichtung zur Entgegennahme von: Notf\u00e4llen, Gew\u00e4hrleistungsantr\u00e4gen, Reklamationen, Beschwerden, Beratung, Anfragen, Anregungen.<br><br>Meldungen, die keine konkreten Hinweise enthalten, k\u00f6nnen nicht bearbeitet werden.<br><br>Machen Sie keine absichtlich falschen oder irref\u00fchrenden Meldungen! Dieses kann eine zivil- oder strafrechtliche Haftung nach sich ziehen!<br><br>Diese Einrichtung ist nicht zur Zustellung von Nachrichten an Tadano bevollm\u00e4chtigt.<\/p>\n","protected":false},"excerpt":{"rendered":"<p>WHISTLEBLOWING undLieferketten-Beschwerden (Menschenrechte und Umwelt) Tadano Europe bietet f\u00fcr alle Mitarbeiter an allen europ\u00e4ischen Standorten und Niederlassungen die M\u00f6glichkeit, Verst\u00f6\u00dfe gem\u00e4\u00df der EU-Richtlinie 2019\/1937 zu melden. Es k\u00f6nnen alle (auch ehemalige) Mitarbeiter, Lieferanten, Auftragnehmer oder jede andere Person, Meldungen \u00fcber Verst\u00f6\u00dfe machen, egal ob lokale Gesetzesverst\u00f6\u00dfe oder Verst\u00f6\u00dfe gegen EU-Richtlinien, Verordnungen, Vorschriften oder eine Nichteinhaltung [&hellip;]<\/p>\n","protected":false},"author":3,"featured_media":0,"parent":0,"menu_order":0,"comment_status":"closed","ping_status":"closed","template":"templates\/corner-image.php","meta":{"_acf_changed":false,"footnotes":""},"acf":[],"yoast_head":"<!-- This site is optimized with the Yoast SEO plugin v22.3 - https:\/\/yoast.com\/wordpress\/plugins\/seo\/ -->\n<title>Whistleblowing und Lieferketten-Beschwerden - DACH<\/title>\n<meta name=\"robots\" content=\"index, follow, max-snippet:-1, max-image-preview:large, max-video-preview:-1\" \/>\n<link rel=\"canonical\" href=\"https:\/\/www.tadano.com\/dach\/de\/whistleblowing\/\" \/>\n<meta property=\"og:locale\" content=\"de_DE\" \/>\n<meta property=\"og:type\" content=\"article\" \/>\n<meta property=\"og:title\" content=\"Whistleblowing und Lieferketten-Beschwerden - DACH\" \/>\n<meta property=\"og:description\" content=\"WHISTLEBLOWING undLieferketten-Beschwerden (Menschenrechte und Umwelt) Tadano Europe bietet f\u00fcr alle Mitarbeiter an allen europ\u00e4ischen Standorten und Niederlassungen die M\u00f6glichkeit, Verst\u00f6\u00dfe gem\u00e4\u00df der EU-Richtlinie 2019\/1937 zu melden. Es k\u00f6nnen alle (auch ehemalige) Mitarbeiter, Lieferanten, Auftragnehmer oder jede andere Person, Meldungen \u00fcber Verst\u00f6\u00dfe machen, egal ob lokale Gesetzesverst\u00f6\u00dfe oder Verst\u00f6\u00dfe gegen EU-Richtlinien, Verordnungen, Vorschriften oder eine Nichteinhaltung [&hellip;]\" \/>\n<meta property=\"og:url\" content=\"https:\/\/www.tadano.com\/dach\/de\/whistleblowing\/\" \/>\n<meta property=\"og:site_name\" content=\"DACH\" \/>\n<meta property=\"article:modified_time\" content=\"2023-12-11T14:32:54+00:00\" \/>\n<meta name=\"twitter:card\" content=\"summary_large_image\" \/>\n<meta name=\"twitter:label1\" content=\"Gesch\u00e4tzte Lesezeit\" \/>\n\t<meta name=\"twitter:data1\" content=\"2\u00a0Minuten\" \/>\n<script type=\"application\/ld+json\" class=\"yoast-schema-graph\">{\"@context\":\"https:\/\/schema.org\",\"@graph\":[{\"@type\":\"WebPage\",\"@id\":\"https:\/\/www.tadano.com\/dach\/de\/whistleblowing\/\",\"url\":\"https:\/\/www.tadano.com\/dach\/de\/whistleblowing\/\",\"name\":\"Whistleblowing und Lieferketten-Beschwerden - DACH\",\"isPartOf\":{\"@id\":\"https:\/\/www.tadano.com\/dach\/en\/#website\"},\"datePublished\":\"2021-12-07T10:12:07+00:00\",\"dateModified\":\"2023-12-11T14:32:54+00:00\",\"inLanguage\":\"de\",\"potentialAction\":[{\"@type\":\"ReadAction\",\"target\":[\"https:\/\/www.tadano.com\/dach\/de\/whistleblowing\/\"]}]},{\"@type\":\"WebSite\",\"@id\":\"https:\/\/www.tadano.com\/dach\/en\/#website\",\"url\":\"https:\/\/www.tadano.com\/dach\/en\/\",\"name\":\"DACH\",\"description\":\"Just another TADANO EUROPE site\",\"potentialAction\":[{\"@type\":\"SearchAction\",\"target\":{\"@type\":\"EntryPoint\",\"urlTemplate\":\"https:\/\/www.tadano.com\/dach\/en\/?s={search_term_string}\"},\"query-input\":\"required name=search_term_string\"}],\"inLanguage\":\"de\"}]}<\/script>\n<!-- \/ Yoast SEO plugin. -->","yoast_head_json":{"title":"Whistleblowing und Lieferketten-Beschwerden - DACH","robots":{"index":"index","follow":"follow","max-snippet":"max-snippet:-1","max-image-preview":"max-image-preview:large","max-video-preview":"max-video-preview:-1"},"canonical":"https:\/\/www.tadano.com\/dach\/de\/whistleblowing\/","og_locale":"de_DE","og_type":"article","og_title":"Whistleblowing und Lieferketten-Beschwerden - DACH","og_description":"WHISTLEBLOWING undLieferketten-Beschwerden (Menschenrechte und Umwelt) Tadano Europe bietet f\u00fcr alle Mitarbeiter an allen europ\u00e4ischen Standorten und Niederlassungen die M\u00f6glichkeit, Verst\u00f6\u00dfe gem\u00e4\u00df der EU-Richtlinie 2019\/1937 zu melden. Es k\u00f6nnen alle (auch ehemalige) Mitarbeiter, Lieferanten, Auftragnehmer oder jede andere Person, Meldungen \u00fcber Verst\u00f6\u00dfe machen, egal ob lokale Gesetzesverst\u00f6\u00dfe oder Verst\u00f6\u00dfe gegen EU-Richtlinien, Verordnungen, Vorschriften oder eine Nichteinhaltung [&hellip;]","og_url":"https:\/\/www.tadano.com\/dach\/de\/whistleblowing\/","og_site_name":"DACH","article_modified_time":"2023-12-11T14:32:54+00:00","twitter_card":"summary_large_image","twitter_misc":{"Gesch\u00e4tzte Lesezeit":"2\u00a0Minuten"},"schema":{"@context":"https:\/\/schema.org","@graph":[{"@type":"WebPage","@id":"https:\/\/www.tadano.com\/dach\/de\/whistleblowing\/","url":"https:\/\/www.tadano.com\/dach\/de\/whistleblowing\/","name":"Whistleblowing und Lieferketten-Beschwerden - DACH","isPartOf":{"@id":"https:\/\/www.tadano.com\/dach\/en\/#website"},"datePublished":"2021-12-07T10:12:07+00:00","dateModified":"2023-12-11T14:32:54+00:00","inLanguage":"de","potentialAction":[{"@type":"ReadAction","target":["https:\/\/www.tadano.com\/dach\/de\/whistleblowing\/"]}]},{"@type":"WebSite","@id":"https:\/\/www.tadano.com\/dach\/en\/#website","url":"https:\/\/www.tadano.com\/dach\/en\/","name":"DACH","description":"Just another TADANO EUROPE site","potentialAction":[{"@type":"SearchAction","target":{"@type":"EntryPoint","urlTemplate":"https:\/\/www.tadano.com\/dach\/en\/?s={search_term_string}"},"query-input":"required name=search_term_string"}],"inLanguage":"de"}]}},"_links":{"self":[{"href":"https:\/\/www.tadano.com\/dach\/de\/wp-json\/wp\/v2\/pages\/20764"}],"collection":[{"href":"https:\/\/www.tadano.com\/dach\/de\/wp-json\/wp\/v2\/pages"}],"about":[{"href":"https:\/\/www.tadano.com\/dach\/de\/wp-json\/wp\/v2\/types\/page"}],"author":[{"embeddable":true,"href":"https:\/\/www.tadano.com\/dach\/de\/wp-json\/wp\/v2\/users\/3"}],"replies":[{"embeddable":true,"href":"https:\/\/www.tadano.com\/dach\/de\/wp-json\/wp\/v2\/comments?post=20764"}],"version-history":[{"count":5,"href":"https:\/\/www.tadano.com\/dach\/de\/wp-json\/wp\/v2\/pages\/20764\/revisions"}],"predecessor-version":[{"id":25089,"href":"https:\/\/www.tadano.com\/dach\/de\/wp-json\/wp\/v2\/pages\/20764\/revisions\/25089"}],"wp:attachment":[{"href":"https:\/\/www.tadano.com\/dach\/de\/wp-json\/wp\/v2\/media?parent=20764"}],"curies":[{"name":"wp","href":"https:\/\/api.w.org\/{rel}","templated":true}]}}