{"id":24256,"date":"2023-01-20T13:34:32","date_gmt":"2023-01-20T13:34:32","guid":{"rendered":"https:\/\/www.tadano.com\/dach\/lieferanten-formular\/"},"modified":"2023-05-08T07:04:32","modified_gmt":"2023-05-08T07:04:32","slug":"lieferanten-formular","status":"publish","type":"page","link":"https:\/\/www.tadano.com\/dach\/de\/lieferanten-formular\/","title":{"rendered":"Lieferanten Formular"},"content":{"rendered":"\n\n\n<section class=\"hero-section\">\n\n\t\n\t\n\t\n\t<div class=\"img-holder no-background-image\">\n\t\t\t\t\t\t<div class=\"logo green-solutions\" style=\"display:none;\">\n\t\t\t<a href=\"#\"><img decoding=\"async\" src=\"https:\/\/www.tadano.com\/dach\/wp-content\/themes\/tadano\/assets\/dist\/images\/Green-Solutions_Logo_White.svg\"><\/a>\n\t\t<\/div>\n\t<\/div>\n\t<div class=\"container\">\n\t\t<div class=\"text-holder \">\n\t\t\t<div class=\"wrap\">\n\t\t\t\t\n\t\t\t\t<ul class=\"breadcrumbs\"><li><a href=\"https:\/\/www.tadano.com\/dach\/de\/\">Startseite<\/a><\/li><\/ul>\n\t\t\t\t\n\n<h1 class=\"wp-block-heading\">Lieferanten-Formular<\/h1>\n\n\n\n<p>Fragebogen zum elektronischen Datenaustausch<\/p>\n\n\n\n\t\t\t\t\n\t\t\t<\/div>\n\n\t\t\t\n\t\t\t\n\t\t\t\n\t\t<\/div>\n\t<\/div>\n<\/section>\n\n\n<script type=\"text\/javascript\">\n\n  const pardotURL = 'https:\/\/info.tadanoeurope.com\/l\/761063\/2021-04-26\/dvq4g';\n\n<\/script>\n\n<section class=\"contact-form-block form-block cookieconsent-optin-marketing\" id=\"contact-form-container\">\n  <div class=\"container\">\n\n\n\n\n  \n    <script type=\"text\/javascript\">\n      var recaptchaPublicKey = '6Ldq-sgaAAAAAFdx0YPp6eTsOESRRTjR4mf2ROcn';\n      const formRequiredMessage = 'Dieses Feld ist erforderlich';\n      var formRecipient = 'tdg-tfg.procurement@tadano.com';\n      var formSubject = 'Contact Form';\n    <\/script>\n\n    <script src=\"https:\/\/www.google.com\/recaptcha\/api.js?render=6Ldq-sgaAAAAAFdx0YPp6eTsOESRRTjR4mf2ROcn\"><\/script>\n\n\n    <form class=\"contact-form\" action=\"#contact-form-container\" method=\"POST\" enctype=\"multipart\/form-data\" id=\"contact-form\" onsubmit=\"dataLayer.push({'event': 'formSubmission'});\">\n         \n    <fieldset>\n        <legend>Allgemeine Daten<\/legend>\n        <div class=\"row\">\n            <div class=\"col\">\n                <label for=\"supplier\" class=\"hidden\">Lieferant<\/label>\n                <input type=\"text\" placeholder=\"Lieferant *\" name=\"supplier\" required\/>\n            <\/div>\n            <div class=\"col\">\n                <label for=\"vendor-number\" class=\"hidden\">Tadano Kreditorennummer<\/label>\n                <input type=\"text\" placeholder=\"Tadano Kreditorennummer\" name=\"vendor-number\"\/>\n            <\/div>\n            <div class=\"col full-width\">\n                <label for=\"address\" class=\"hidden\">Adresse<\/label>\n                <input type=\"text\" placeholder=\"Adresse *\" name=\"address\" required \/>\n            <\/div>\n        <\/div>\n    <\/fieldset>\n\n    <fieldset>\n        <legend>Ihr Ansprechpartner \u2013 technisch <\/legend>\n        <div class=\"row\">\n            <div class=\"col\">\n                <label for=\"contact-technical-name\" class=\"hidden\">Name<\/label>\n                <input type=\"text\" placeholder=\"Name\" name=\"contact-technical-name\" \/>\n            <\/div>\n            <div class=\"col\"><\/div>\n            <div class=\"col\">\n                <label for=\"contact-technical-email\" class=\"hidden\">E-Mail<\/label>\n                <input type=\"email\" placeholder=\"E-Mail\" name=\"contact-technical-email\" \/>\n            <\/div>\n            <div class=\"col\">\n                <label for=\"contact-technical-phone\" class=\"hidden\">Telefon<\/label>\n                <input type=\"tel\" placeholder=\"Telefon\" name=\"contact-technical-phone\" \/>\n            <\/div>\n        <\/div>\n    <\/fieldset>\n\n    <fieldset>\n        <legend>Ihr Ansprechpartner \u2013 fachlich<\/legend>\n        <div class=\"row\">\n            <div class=\"col\">\n                <label for=\"contact-professional-name\" class=\"hidden\">Name<\/label>\n                <input type=\"text\" placeholder=\"Name\" name=\"contact-professional-name\" \/>\n            <\/div>\n            <div class=\"col\"><\/div>\n            <div class=\"col\">\n                <label for=\"contact-professional-email\" class=\"hidden\">E-Mail<\/label>\n                <input type=\"email\" placeholder=\"E-Mail\" name=\"contact-professional-email\" \/>\n            <\/div>\n            <div class=\"col\">\n                <label for=\"contact-professional-phone\" class=\"hidden\">Telefon<\/label>\n                <input type=\"tel\" placeholder=\"Telefon\" name=\"contact-professional-phone\" \/>\n            <\/div>\n        <\/div>\n    <\/fieldset>\n\n    <fieldset>\n        <legend>Tadano Ansprechpartner (Einkauf)<\/legend>\n        <div class=\"row\">\n            <div class=\"col\">\n                <label for=\"contact-purchasing-name\" class=\"hidden\">Name<\/label>\n                <input type=\"text\" placeholder=\"Name\" name=\"contact-purchasing-name\" \/>\n            <\/div>\n            <div class=\"col\"><\/div>\n            <div class=\"col\">\n                <label for=\"contact-purchasing-email\" class=\"hidden\">E-Mail<\/label>\n                <input type=\"email\" placeholder=\"E-Mail\" name=\"contact-purchasing-email\" \/>\n            <\/div>\n            <div class=\"col\">\n                <label for=\"contact-purchasing-phone\" class=\"hidden\">Telefon<\/label>\n                <input type=\"tel\" placeholder=\"Telefon\" name=\"contact-purchasing-phone\" \/>\n            <\/div>\n        <\/div>\n    <\/fieldset>\n\n    <h2 style=\"margin-bottom: 10px;\">Integrationstiefe<\/h2>\n    <fieldset>\n        <legend>Allgemein<\/legend>\n       \n        <div class=\"row\">\n            <div class=\"col full-width\">\n                <label for=\"erp-system\" class=\"hidden\">Welches ERP-System nutzen Sie?<\/label>\n                <input type=\"text\" placeholder=\"Welches ERP-System nutzen Sie?\" name=\"erp-system\"  \/>\n            <\/div>\n            <div class=\"col full-width\">\n                <label for=\"data-exchanged-with-other-partners\" class=\"hidden\">Werden mit anderen Gesch\u00e4ftspartnern bereits Daten per EDI ausgetauscht?<\/label>\n                <select name=\"data-exchanged-with-other-partners\">\n                    <option value=\"\">Werden mit anderen Gesch\u00e4ftspartnern bereits Daten per EDI ausgetauscht?<\/option>\n                    <option>Ja<\/option>\n                    <option>Nein<\/option>\n                <\/select>\n            <\/div>\n            <div class=\"col full-width\">\n                <label for=\"data-processing-via-edi-provider\" class=\"hidden\">Erfolgt die Abwicklung \u00fcber einen EDI-Dienstleister?<\/label>\n                <select id=\"data-processing-via-edi-provider\" name=\"data-processing-via-edi-provider\">\n                    <option value=\"\">Erfolgt die Abwicklung \u00fcber einen EDI-Dienstleister?<\/option>\n                    <option value=\"yes\">Ja<\/option>\n                    <option>Nein<\/option>\n                <\/select>\n            <\/div>\n        <\/div>\n\n        <div id=\"contact-details-edi-service-provider\" style=\"display:none;\">\n            <div class=\"row\">\n                <div class=\"col full-width\" style=\"padding-bottom:10px;\">\n                    <h3 style=\"\">Kontaktdaten EDI Service Anbieter<\/h3>\n                <\/div>\n                <div class=\"col\">\n                    <label for=\"edi-service-provider-name\" class=\"hidden\">Name<\/label>\n                    <input type=\"text\" placeholder=\"Name\" name=\"edi-service-provider-name\" \/>\n                <\/div>\n                <div class=\"col\">\n                    <label for=\"edi-service-provider-contact-person\" class=\"hidden\">Ansprechpartner<\/label>\n                    <input type=\"email\" placeholder=\"Ansprechpartner\" name=\"edi-service-provider-contact-person\" \/>\n                <\/div>\n                <div class=\"col\">\n                    <label for=\"edi-service-provider-contact\" class=\"hidden\">Kontakt<\/label>\n                    <input type=\"tel\" placeholder=\"Kontakt\" name=\"edi-service-provider-contact\" \/>\n                <\/div>\n                <div class=\"col\">\n                    <label for=\"edi-service-provider-software\" class=\"hidden\">EDI-Konverter Software<\/label>\n                    <input type=\"tel\" placeholder=\"EDI-Konverter Software\" name=\"edi-service-provider-software\" \/>\n                <\/div>\n            <\/div>\n        <\/div>\n  \n    <\/fieldset>\n\n        \n\n    <fieldset>\n        <legend>Geplante Gesch\u00e4ftsprozesse<\/legend>\n        <div class=\"row\">\n            <div class=\"col full-width\" style=\"padding-bottom: 10px;\">\n                <h3 style=\"\">Welche Daten\u00fcbertragungsformate w\u00fcnschen \/ unterst\u00fctzen Sie?<\/h3>\n                <p>Tadano Standard = XML-IDOC<\/p>\n            <\/div>\n        <\/div>\n\n        <fieldset>\n            <legend>Bestellungen <\/legend>\n            <div class=\"row\">\n                <div class=\"col\">\n                    <label class=\"terms-checkbox\">\n                        <input type=\"checkbox\" name=\"data-transfer-orders-default\" title=\"ORDERS (Tadano Standard)\" \/>\n                        <span class=\"fake-input\"><\/span>\n                        <span class=\"fake-label\">ORDERS (Tadano Standard)                        <\/span>\n                    <\/label>\n                <\/div>\n                <div class=\"col\">\n                    <label for=\"data-transfer-orders-other\" class=\"hidden\">Sonstiges<\/label>\n                    <input type=\"text\" placeholder=\"Sonstiges\" name=\"data-transfer-orders-other\" \/>\n                <\/div>\n            <\/div>\n        <\/fieldset>\n\n        <fieldset>\n            <legend>Bestell\u00e4nderungen<\/legend>\n            <div class=\"row\">\n                <div class=\"col\">\n                    <label class=\"terms-checkbox\">\n                        <input type=\"checkbox\" name=\"data-transfer-orders-change-default\" title=\"ORDCHG (Tadano Standard)\" \/>\n                        <span class=\"fake-input\"><\/span>\n                        <span class=\"fake-label\">ORDCHG (Tadano Standard)                        <\/span>\n                    <\/label>\n                <\/div>\n                <div class=\"col\">\n                    <label for=\"data-transfer-orders-change-other\" class=\"hidden\">Sonstiges<\/label>\n                    <input type=\"text\" placeholder=\"Sonstiges\" name=\"data-transfer-orders-change-other\" \/>\n                <\/div>\n            <\/div>\n        <\/fieldset>\n\n        <fieldset>\n            <legend>Lieferpl\u00e4ne<\/legend>\n            <div class=\"row\">\n                <div class=\"col\">\n                    <label class=\"terms-checkbox\">\n                        <input type=\"checkbox\" name=\"data-transfer-sheduling-aggreements-default\" title=\"DELINS (Tadano Standard)\" \/>\n                        <span class=\"fake-input\"><\/span>\n                        <span class=\"fake-label\">DELINS (Tadano Standard)                        <\/span>\n                    <\/label>\n                <\/div>\n                <div class=\"col\">\n                    <label for=\"data-transfer-sheduling-aggreements-other\" class=\"hidden\">Sonstiges<\/label>\n                    <input type=\"text\" placeholder=\"Sonstiges\" name=\"data-transfer-sheduling-aggreements-other\" \/>\n                <\/div>\n            <\/div>\n        <\/fieldset>\n\n        <fieldset>\n            <legend>Auftragsbest\u00e4tigungen<\/legend>\n            <div class=\"row\">\n                <div class=\"col\">\n                    <label class=\"terms-checkbox\">\n                        <input type=\"checkbox\" name=\"data-transfer-order-confirmations-default\" title=\"ORDRSP (Tadano Standard)\" \/>\n                        <span class=\"fake-input\"><\/span>\n                        <span class=\"fake-label\">ORDRSP (Tadano Standard)                        <\/span>\n                    <\/label>\n                <\/div>\n                <div class=\"col\">\n                    <label for=\"data-transfer-order-confirmations-other\" class=\"hidden\">Sonstiges<\/label>\n                    <input type=\"text\" placeholder=\"Sonstiges\" name=\"data-transfer-order-confirmations-other\" \/>\n                <\/div>\n            <\/div>\n        <\/fieldset>\n\n        <fieldset>\n            <legend>Anlieferungen<\/legend>\n            <div class=\"row\">\n                <div class=\"col\">\n                    <label class=\"terms-checkbox\">\n                        <input type=\"checkbox\" name=\"data-transfer-deliveries-default\" title=\"DESADV (Tadano Standard)\" \/>\n                        <span class=\"fake-input\"><\/span>\n                        <span class=\"fake-label\">DESADV (Tadano Standard)                        <\/span>\n                    <\/label>\n                <\/div>\n                <div class=\"col\">\n                    <label for=\"data-transfer-deliveries-other\" class=\"hidden\">Sonstiges<\/label>\n                    <input type=\"text\" placeholder=\"Sonstiges\" name=\"data-transfer-deliveries-other\" \/>\n                <\/div>\n            <\/div>\n        <\/fieldset>\n\n    <\/fieldset>\n\n    <fieldset>\n        <legend>Kommunikationsstandard<\/legend>\n        <div class=\"row\">\n            <div class=\"col\">\n                <label class=\"terms-checkbox\">\n                    <input type=\"checkbox\" name=\"communication-standard-sftp\" title=\"SFTP\" \/>\n                    <span class=\"fake-input\"><\/span>\n                    <span class=\"fake-label\">SFTP                    <\/span>\n                <\/label>\n            <\/div>\n            <div class=\"col\">\n                <label for=\"communication-standard-other\" class=\"hidden\">Sonstiges<\/label>\n                <input type=\"text\" placeholder=\"Sonstiges\" name=\"communication-standard-other\" \/>\n            <\/div>\n        <\/div>\n    <\/fieldset>\n\n    <fieldset>\n        <legend>Geplanter Zeitrahmen<\/legend>\n        <div class=\"row\">\n            <div class=\"col full-width\">\n                <label for=\"scheduled-time-frame\" class=\"hidden\">Geplanter Zeitrahmen<\/label>\n                <input type=\"text\" placeholder=\"Geplanter Zeitrahmen\" name=\"scheduled-time-frame\" \/>\n            <\/div>\n        <\/div>\n    <\/fieldset>\n\n    <fieldset>\n        <legend>Sonstiges \/Bemerkungen<\/legend>\n        <div class=\"row\">\n            <div class=\"col full-width\">\n            <label for=\"message\" class=\"hidden\">Nachricht<\/label>\n            <textarea placeholder=\"Nachricht\" name=\"message\" ><\/textarea>\n            <\/div>\n        <\/div>\n    <\/fieldset>\n\n\n      <div class=\"row\">\n        <div class=\"col full-width terms\">\n          <label class=\"terms-checkbox\">\n            <input type=\"checkbox\" name=\"data-protection\" required title=\"Bitte akzeptieren Sie unsere Datenschutzerkl\u00e4rung\" \/>\n            <span class=\"fake-input\"><\/span>\n            <span class=\"fake-label\">Die <a target=\"_blank\" href=\"https:\/\/www.tadano.com\/dach\/de\/lieferanten-formular\/\">Datenschutzerkl\u00e4rung<\/a> mit weiteren Informationen habe ich zur Kenntnis genommen.*\n            <\/span>\n          <\/label>\n          <span class=\"req\">*Erforderlich<\/span>\n        <\/div>\n        <div class=\"loader\"><\/div>\n        <div class=\"col full-width btn-holder\">\n          <input type=\"submit\" class=\"btn btn-outline-white\" value=\"Jetzt registrieren\" name=\"submit_contact_form\" id=\"submit_form\" \/>\n        <\/div>\n      <\/div>\n    <\/form>\n\n\n\n\n  \n\n  <div class=\"form-success\"  >\n    \n\n<h2 class=\"wp-block-heading\">Danke!<\/h2>\n\n\n\n<p>Ihre Anregungen und W\u00fcnsche sind uns sehr wichtig. Unser Team wird Ihre Nachricht pr\u00fcfen und Ihnen so schnell wie m\u00f6glich antworten. Nochmals vielen Dank!<\/p>\n\n\n  <\/div>\n\n<\/div>\n\n\n<script type=\"text\/javascript\">\n    window.addEventListener('load', function() {\n        \/\/ if select with id \"data-processing-via-edi-provider\" is true then show the div with id \"contact-details-edi-service-provider\" else hide it; no jquery\n        document.getElementById('data-processing-via-edi-provider').addEventListener('change', function() {\n        if (this.value == 'yes') {\n            document.getElementById('contact-details-edi-service-provider').style.display = 'block';\n        } else {\n            document.getElementById('contact-details-edi-service-provider').style.display = 'none';\n        }\n        });\n    });\n  <\/script>\n\n\n\n<\/section>\n\n<div class=\"cookieconsent-optout-marketing cookieconsent\" style=\"background-image: url('https:\/\/www.tadano.com\/dach\/wp-content\/themes\/tadano\/assets\/dist\/images\/nocookie_form.jpg');\">\n      <div class=\"wrapper\">\n        <h3>Sie m\u00fcssen Marketing-Cookies akzeptieren, um diesen Inhalt anzuzeigen<\/h3>\n        <a href=\"javascript: Cookiebot.renew()\" class=\"btn btn-outline-white\">akzeptieren<\/a>\n    <\/div>\n<\/div>","protected":false},"excerpt":{"rendered":"","protected":false},"author":1,"featured_media":0,"parent":0,"menu_order":0,"comment_status":"closed","ping_status":"closed","template":"","meta":{"_acf_changed":false,"footnotes":""},"acf":[],"yoast_head":"<!-- This site is optimized with the Yoast SEO plugin v22.3 - https:\/\/yoast.com\/wordpress\/plugins\/seo\/ -->\n<title>Lieferanten Formular - Deutschland, \u00d6sterreich &amp; Schweiz<\/title>\n<meta name=\"robots\" content=\"index, follow, max-snippet:-1, max-image-preview:large, max-video-preview:-1\" \/>\n<link rel=\"canonical\" href=\"https:\/\/www.tadano.com\/dach\/de\/lieferanten-formular\/\" \/>\n<meta property=\"og:locale\" content=\"de_DE\" \/>\n<meta property=\"og:type\" content=\"article\" \/>\n<meta property=\"og:title\" content=\"Lieferanten Formular - Deutschland, \u00d6sterreich &amp; Schweiz\" \/>\n<meta property=\"og:url\" content=\"https:\/\/www.tadano.com\/dach\/de\/lieferanten-formular\/\" \/>\n<meta property=\"og:site_name\" content=\"Deutschland, \u00d6sterreich &amp; Schweiz\" \/>\n<meta property=\"article:modified_time\" content=\"2023-05-08T07:04:32+00:00\" \/>\n<meta name=\"twitter:card\" content=\"summary_large_image\" \/>\n<meta name=\"twitter:label1\" content=\"Gesch\u00e4tzte Lesezeit\" \/>\n\t<meta name=\"twitter:data1\" content=\"1\u00a0Minute\" \/>\n<script type=\"application\/ld+json\" class=\"yoast-schema-graph\">{\"@context\":\"https:\/\/schema.org\",\"@graph\":[{\"@type\":\"WebPage\",\"@id\":\"https:\/\/www.tadano.com\/dach\/de\/lieferanten-formular\/\",\"url\":\"https:\/\/www.tadano.com\/dach\/de\/lieferanten-formular\/\",\"name\":\"Lieferanten Formular - Deutschland, \u00d6sterreich & Schweiz\",\"isPartOf\":{\"@id\":\"https:\/\/www.tadano.com\/dach\/en\/#website\"},\"datePublished\":\"2023-01-20T13:34:32+00:00\",\"dateModified\":\"2023-05-08T07:04:32+00:00\",\"inLanguage\":\"de\",\"potentialAction\":[{\"@type\":\"ReadAction\",\"target\":[\"https:\/\/www.tadano.com\/dach\/de\/lieferanten-formular\/\"]}]},{\"@type\":\"WebSite\",\"@id\":\"https:\/\/www.tadano.com\/dach\/en\/#website\",\"url\":\"https:\/\/www.tadano.com\/dach\/en\/\",\"name\":\"Deutschland, \u00d6sterreich & Schweiz\",\"description\":\"Just another TADANO EUROPE site\",\"potentialAction\":[{\"@type\":\"SearchAction\",\"target\":{\"@type\":\"EntryPoint\",\"urlTemplate\":\"https:\/\/www.tadano.com\/dach\/en\/?s={search_term_string}\"},\"query-input\":\"required name=search_term_string\"}],\"inLanguage\":\"de\"}]}<\/script>\n<!-- \/ Yoast SEO plugin. -->","yoast_head_json":{"title":"Lieferanten Formular - Deutschland, \u00d6sterreich & Schweiz","robots":{"index":"index","follow":"follow","max-snippet":"max-snippet:-1","max-image-preview":"max-image-preview:large","max-video-preview":"max-video-preview:-1"},"canonical":"https:\/\/www.tadano.com\/dach\/de\/lieferanten-formular\/","og_locale":"de_DE","og_type":"article","og_title":"Lieferanten Formular - Deutschland, \u00d6sterreich & Schweiz","og_url":"https:\/\/www.tadano.com\/dach\/de\/lieferanten-formular\/","og_site_name":"Deutschland, \u00d6sterreich & Schweiz","article_modified_time":"2023-05-08T07:04:32+00:00","twitter_card":"summary_large_image","twitter_misc":{"Gesch\u00e4tzte Lesezeit":"1\u00a0Minute"},"schema":{"@context":"https:\/\/schema.org","@graph":[{"@type":"WebPage","@id":"https:\/\/www.tadano.com\/dach\/de\/lieferanten-formular\/","url":"https:\/\/www.tadano.com\/dach\/de\/lieferanten-formular\/","name":"Lieferanten Formular - Deutschland, \u00d6sterreich & Schweiz","isPartOf":{"@id":"https:\/\/www.tadano.com\/dach\/en\/#website"},"datePublished":"2023-01-20T13:34:32+00:00","dateModified":"2023-05-08T07:04:32+00:00","inLanguage":"de","potentialAction":[{"@type":"ReadAction","target":["https:\/\/www.tadano.com\/dach\/de\/lieferanten-formular\/"]}]},{"@type":"WebSite","@id":"https:\/\/www.tadano.com\/dach\/en\/#website","url":"https:\/\/www.tadano.com\/dach\/en\/","name":"Deutschland, \u00d6sterreich & Schweiz","description":"Just another TADANO EUROPE site","potentialAction":[{"@type":"SearchAction","target":{"@type":"EntryPoint","urlTemplate":"https:\/\/www.tadano.com\/dach\/en\/?s={search_term_string}"},"query-input":"required name=search_term_string"}],"inLanguage":"de"}]}},"_links":{"self":[{"href":"https:\/\/www.tadano.com\/dach\/de\/wp-json\/wp\/v2\/pages\/24256"}],"collection":[{"href":"https:\/\/www.tadano.com\/dach\/de\/wp-json\/wp\/v2\/pages"}],"about":[{"href":"https:\/\/www.tadano.com\/dach\/de\/wp-json\/wp\/v2\/types\/page"}],"author":[{"embeddable":true,"href":"https:\/\/www.tadano.com\/dach\/de\/wp-json\/wp\/v2\/users\/1"}],"replies":[{"embeddable":true,"href":"https:\/\/www.tadano.com\/dach\/de\/wp-json\/wp\/v2\/comments?post=24256"}],"version-history":[{"count":2,"href":"https:\/\/www.tadano.com\/dach\/de\/wp-json\/wp\/v2\/pages\/24256\/revisions"}],"predecessor-version":[{"id":33566,"href":"https:\/\/www.tadano.com\/dach\/de\/wp-json\/wp\/v2\/pages\/24256\/revisions\/33566"}],"wp:attachment":[{"href":"https:\/\/www.tadano.com\/dach\/de\/wp-json\/wp\/v2\/media?parent=24256"}],"curies":[{"name":"wp","href":"https:\/\/api.w.org\/{rel}","templated":true}]}}