{"id":25561,"date":"2024-06-19T13:33:56","date_gmt":"2024-06-19T13:33:56","guid":{"rendered":"https:\/\/www.tadano.com\/dach\/?page_id=25561"},"modified":"2025-08-11T08:56:45","modified_gmt":"2025-08-11T08:56:45","slug":"konstruktionsmechaniker","status":"publish","type":"page","link":"https:\/\/www.tadano.com\/dach\/de\/karriere\/ausbildung\/konstruktionsmechaniker\/","title":{"rendered":"Konstruktionsmechaniker"},"content":{"rendered":"\n\n\n<section class=\"hero-section\">\n\n\t\n\t\t\t<style type=\"text\/css\">\n\t\t\t.hero-section .img-holder:before {\n\t\t\t\tdisplay: none;\n\t\t\t}\n\t\t<\/style>\n\t\n\t\n\t<div class=\"img-holder \">\n\t\t\t\t<div class=\"bg-stretch\" style=\"background-position: 50% 50%; \">\n\t\t\t<span data-srcset=\"https:\/\/www.tadano.com\/dach\/wp-content\/uploads\/sites\/9\/2025\/01\/DSC_3821-1200x801.jpg, https:\/\/www.tadano.com\/dach\/wp-content\/uploads\/sites\/9\/2025\/01\/DSC_3821-2400x1602.jpg 2x\"><\/span>\n\t\t<\/div>\n\t\t\t\t\t\t<div class=\"logo green-solutions\" style=\"display:none;\">\n\t\t\t<a href=\"#\"><img decoding=\"async\" src=\"https:\/\/www.tadano.com\/dach\/wp-content\/themes\/tadano\/assets\/dist\/images\/Green-Solutions_Logo_White.svg\"><\/a>\n\t\t<\/div>\n\t<\/div>\n\t<div class=\"container\">\n\t\t<div class=\"text-holder \">\n\t\t\t<div class=\"wrap\">\n\t\t\t\t\n\t\t\t\t<ul class=\"breadcrumbs\"><li><a href=\"https:\/\/www.tadano.com\/dach\/de\/\">Startseite<\/a><\/li><\/ul>\n\t\t\t\t\n\n<h1 class=\"wp-block-heading\">Konstruktions-<br>mechaniker<\/h1>\n\n\n\n<p class=\"has-large-font-size\">m\/w\/d<\/p>\n\n\n\n<p><br>Starte Deine Ausbildung bei Tadano als Konstruktionsmechaniker mit der Fachrichtung Schwei\u00dftechnik und werde Meister der Funken und Flammen, indem Du verschiedene Schwei\u00dfprozesse sowie Drehen, Fr\u00e4sen, Schleifen und Verschrauben beherrschst, um Einzelteile f\u00fcr unsere Krane herzustellen.<\/p>\n\n\n\n\t\t\t\t\n\t\t\t<\/div>\n\n\t\t\t\n\t\t\t\n\t\t\t\n\t\t<\/div>\n\t<\/div>\n<\/section>\n\n<div class=\"cta-block\">\n    <div class=\"container\">\n    <div class=\"left\">\n      <ul class=\"btn-list\">\n        <li><a href=\"https:\/\/www.tadano.com\/dach\/de\/karriere\/stellenangebote\/\" class=\"btn btn-light\">Jetzt bewerben<\/a><\/li>\n      <\/ul>\n    <\/div>\n    <div class=\"right\">\n                          <ul class=\"btn-list\">\n                            \n                                  <li><a href=\"https:\/\/www.tadano.com\/dach\/de\/karriere\/bewerbungstipps-azubis\/\" class=\"btn btn-outline-white\">Bewerbungstipps<\/a><\/li>\n                              \n                                \n                                  <li><a href=\"https:\/\/www.tadano.com\/dach\/de\/karriere\/karriere-events\/\" class=\"btn btn-outline-white\">Ausbildungsmessen<\/a><\/li>\n                              \n                              \n          <\/ul>\n            <\/div>\n  <\/div>\n<\/div>\n\n\n<div style=\"height:100px\" aria-hidden=\"true\" class=\"wp-block-spacer\"><\/div>\n\n\n\n<p>In der Ausbildung zum Konstruktionsmechaniker mit der Fachrichtung Schwei\u00dftechnik bist Du Meister der Funken und Flammen. Hier lernst Du die verschiedenen Schwei\u00dfprozesse sowie umfangreiche Kenntnisse in der Metallverarbeitung kennen, um Einzelteile f\u00fcr unsere Krane aus Strahltr\u00e4gern und Blechen herzustellen. Doch mit dem Schwei\u00dfen allein ist es nicht getan, denn auch Drehen, Fr\u00e4sen, Schleifen und Verschrauben stehen auf Deinem Tagesplan.<\/p>\n\n\n\n<section class=\"sales-support\">\n  <div class=\"container\">\n    <div class=\"text-block\">\n      \n\n<h2 class=\"wp-block-heading\">Benefits<\/h2>\n\n\n\n<p>Bei Tadano hast du eine Menge an  Vorteilen.<\/p>\n\n\n\n<div class=\"wp-block-buttons is-layout-flex wp-block-buttons-is-layout-flex\">\n<div class=\"wp-block-button\"><a class=\"wp-block-button__link wp-element-button\" href=\"https:\/\/www.tadano.com\/dach\/de\/karriere\/benefits\/\">Entdecke alle Vorteile<\/a><\/div>\n<\/div>\n\n\n    <\/div>\n          <ul class=\"support-list\">\n                            <li>\n                          <a>\n                                          <div class=\"img-holder desktop-only\">\n                  <img decoding=\"async\" src=\"https:\/\/www.tadano.com\/dach\/wp-content\/uploads\/sites\/9\/2024\/07\/sunset-125x125.png\" class=\"attachment-small size-small\" alt=\"\" loading=\"lazy\">\n                <\/div>\n                            <span class=\"title\">30 Tage Urlaub<\/span>\n            <\/a>\n          <\/li>\n                            <li>\n                          <a>\n                                          <div class=\"img-holder desktop-only\">\n                  <img decoding=\"async\" src=\"https:\/\/www.tadano.com\/dach\/wp-content\/uploads\/sites\/9\/2024\/07\/save-time-125x125.png\" class=\"attachment-small size-small\" alt=\"\" loading=\"lazy\">\n                <\/div>\n                            <span class=\"title\">35-Stunden-Woche<\/span>\n            <\/a>\n          <\/li>\n                            <li>\n                          <a>\n                                          <div class=\"img-holder desktop-only\">\n                  <img decoding=\"async\" src=\"https:\/\/www.tadano.com\/dach\/wp-content\/uploads\/sites\/9\/2024\/07\/coins-1-125x125.png\" class=\"attachment-small size-small\" alt=\"\" loading=\"lazy\">\n                <\/div>\n                            <span class=\"title\">Attraktive Verg\u00fctung<\/span>\n            <\/a>\n          <\/li>\n                            <li>\n                          <a>\n                                          <div class=\"img-holder desktop-only\">\n                  <img decoding=\"async\" src=\"https:\/\/www.tadano.com\/dach\/wp-content\/uploads\/sites\/9\/2024\/07\/erfolgreich-125x125.png\" class=\"attachment-small size-small\" alt=\"\" loading=\"lazy\">\n                <\/div>\n                            <span class=\"title\">\u00dcbernahme nach der Ausbildung<\/span>\n            <\/a>\n          <\/li>\n                            <li>\n                          <a>\n                                          <div class=\"img-holder desktop-only\">\n                  <img decoding=\"async\" src=\"https:\/\/www.tadano.com\/dach\/wp-content\/uploads\/sites\/9\/2024\/07\/kantine-125x125.png\" class=\"attachment-small size-small\" alt=\"\" loading=\"lazy\">\n                <\/div>\n                            <span class=\"title\">Kantine<\/span>\n            <\/a>\n          <\/li>\n                            <li>\n                          <a>\n                                          <div class=\"img-holder desktop-only\">\n                  <img decoding=\"async\" src=\"https:\/\/www.tadano.com\/dach\/wp-content\/uploads\/sites\/9\/2024\/07\/teilzeit-125x125.png\" class=\"attachment-small size-small\" alt=\"\" loading=\"lazy\">\n                <\/div>\n                            <span class=\"title\">Flexible Arbeitszeiten<\/span>\n            <\/a>\n          <\/li>\n              <\/ul>\n      <\/div>\n<\/section>\n\n<section class=\"overflow-hidden\">\n    <div class=\"container\">\n      <ul class=\"legal-accordion style-default\">\n          <li>\n            <a href=\"#\" class=\"opener\"><span>Deine Interessen und Begabungen<\/span><\/a>\n            <div class=\"slide\">\n              <div class=\"slide-wrap\">\n                \n\n<ul>\n<li>Spa\u00df am Umgang mit Werkzeugen und Maschinen<\/li>\n\n\n\n<li>Schnelles Erfassen technischer Zusammenh\u00e4nge<\/li>\n\n\n\n<li>Gutes r\u00e4umliches Vorstellungsverm\u00f6gen<\/li>\n\n\n\n<li>Sorgf\u00e4ltiges Arbeiten und logisches Denken<\/li>\n\n\n\n<li>K\u00f6rperliche Fitness und Belastbarkeit<\/li>\n\n\n\n<li>Gute Kenntnisse in Mathematik und naturwissenschaftlichen F\u00e4chern<\/li>\n<\/ul>\n\n\n              <\/div>\n            <\/div>\n          <\/li>\n      <\/ul>\n  <\/div>\n<\/section>\n\n<section class=\"overflow-hidden\">\n    <div class=\"container\">\n      <ul class=\"legal-accordion style-default\">\n          <li>\n            <a href=\"#\" class=\"opener\"><span>Aufgaben w\u00e4hrend deiner ausbildung<\/span><\/a>\n            <div class=\"slide\">\n              <div class=\"slide-wrap\">\n                \n\n<ul>\n<li>Anfertigen von Bauteilen, -gruppen und Metallkonstruktionen aus Blechen, Profilen und Rohren<\/li>\n\n\n\n<li>Schneiden, Kanten, Biegen, Bohren und Schleifen von Stahlelementen<\/li>\n\n\n\n<li>Elemente durch Schwei\u00dfen oder Schrauben miteinander verbinden<\/li>\n\n\n\n<li>Ausrichten und Spannen von Werkzeugen und -st\u00fccken<\/li>\n\n\n\n<li>Technische Zeichnungen lesen<\/li>\n\n\n\n<li>Wartung der einzelnen Komponenten<\/li>\n<\/ul>\n\n\n              <\/div>\n            <\/div>\n          <\/li>\n      <\/ul>\n  <\/div>\n<\/section>\n\n<section class=\"overflow-hidden\">\n    <div class=\"container\">\n      <ul class=\"legal-accordion style-default\">\n          <li>\n            <a href=\"#\" class=\"opener\"><span>Einsatzbereiche w\u00e4hrend deiner Ausbildung<\/span><\/a>\n            <div class=\"slide\">\n              <div class=\"slide-wrap\">\n                \n\n<ul>\n<li>Ausbildungswerkstatt<\/li>\n\n\n\n<li>Stahlbau<\/li>\n\n\n\n<li>Reparatur Werkstatt<\/li>\n<\/ul>\n\n\n              <\/div>\n            <\/div>\n          <\/li>\n      <\/ul>\n  <\/div>\n<\/section>\n\n\n<div style=\"height:70px\" aria-hidden=\"true\" class=\"wp-block-spacer\"><\/div>\n\n\n\n<div class=\"wp-block-group is-layout-constrained wp-block-group-is-layout-constrained\"><div class=\"wp-block-group__inner-container\">\n<div class=\"wp-block-columns is-layout-flex wp-container-core-columns-layout-1 wp-block-columns-is-layout-flex\">\n<div class=\"wp-block-column is-layout-flow wp-block-column-is-layout-flow\" style=\"flex-basis:33.33%\">\n<p>Standort<\/p>\n\n\n\n<h2 class=\"wp-block-heading\">Ausbildungsdauer<\/h2>\n\n\n\n<h2 class=\"wp-block-heading\">ArbeitsZeit<\/h2>\n\n\n\n<h2 class=\"wp-block-heading\">Urlaub<\/h2>\n<\/div>\n\n\n\n<div class=\"wp-block-column is-layout-flow wp-block-column-is-layout-flow\" style=\"flex-basis:66.66%\">\n<p>Zweibr\u00fccken<\/p>\n\n\n\n<p>3,5 Jahre<\/p>\n\n\n\n<p>35-Stunden-Woche<\/p>\n\n\n\n<p>30 Tage<\/p>\n<\/div>\n<\/div>\n\n\n\n<div class=\"wp-block-columns is-layout-flex wp-container-core-columns-layout-2 wp-block-columns-is-layout-flex\">\n<div class=\"wp-block-column is-layout-flow wp-block-column-is-layout-flow\" style=\"flex-basis:33.33%\">\n<h2 class=\"wp-block-heading\">Berufsschule<\/h2>\n<\/div>\n\n\n\n<div class=\"wp-block-column is-layout-flow wp-block-column-is-layout-flow\" style=\"flex-basis:66.66%\">\n<p>BBS Zweibr\u00fccken<\/p>\n\n\n\n<p>Johann-Schwebel-Stra\u00dfe 1, 66482 Zweibr\u00fccken<\/p>\n\n\n\n<div class=\"wp-block-buttons is-layout-flex wp-block-buttons-is-layout-flex\">\n<div class=\"wp-block-button is-style-text-only\"><a class=\"wp-block-button__link wp-element-button\" href=\"https:\/\/www.bbs-zw.de\/\">Zur Berufsschule<\/a><\/div>\n<\/div>\n<\/div>\n<\/div>\n\n\n\n<div class=\"wp-block-columns is-layout-flex wp-container-core-columns-layout-3 wp-block-columns-is-layout-flex\">\n<div class=\"wp-block-column is-layout-flow wp-block-column-is-layout-flow\" style=\"flex-basis:33.33%\">\n<h2 class=\"wp-block-heading\">Schulabschluss<\/h2>\n<\/div>\n\n\n\n<div class=\"wp-block-column is-layout-flow wp-block-column-is-layout-flow\" style=\"flex-basis:66.66%\">\n<p>Hauptschulabschluss<\/p>\n<\/div>\n<\/div>\n<\/div><\/div>\n\n\n<section class=\"more-info\" id=\"media\">\n  <div class=\"container\">\n      <div class=\"media-gallery tablet-up\">\n                  <h2>Mediengalerie<\/h2>\n                <div class=\"gallery slick-slider\">\n                                                   <div class=\"gallery-single\">\n                <a data-fancybox=\"gallery\" href=\"https:\/\/www.tadano.com\/dach\/wp-content\/uploads\/sites\/9\/2025\/01\/DSC_3704-1618x1080.jpg\">\n                  <div class=\"gallery-single-img\" style=\"background-image: url(https:\/\/www.tadano.com\/dach\/wp-content\/uploads\/sites\/9\/2025\/01\/DSC_3704-560x560.jpg);\"><\/div>\n                <\/a>\n              <\/div>\n                                        <div class=\"gallery-single\">\n                <a data-fancybox=\"gallery\" href=\"https:\/\/www.tadano.com\/dach\/wp-content\/uploads\/sites\/9\/2025\/01\/DSC_3718-1618x1080.jpg\">\n                  <div class=\"gallery-single-img\" style=\"background-image: url(https:\/\/www.tadano.com\/dach\/wp-content\/uploads\/sites\/9\/2025\/01\/DSC_3718-560x560.jpg);\"><\/div>\n                <\/a>\n              <\/div>\n                                        <div class=\"gallery-single\">\n                <a data-fancybox=\"gallery\" href=\"https:\/\/www.tadano.com\/dach\/wp-content\/uploads\/sites\/9\/2025\/01\/DSC_3736-1618x1080.jpg\">\n                  <div class=\"gallery-single-img\" style=\"background-image: url(https:\/\/www.tadano.com\/dach\/wp-content\/uploads\/sites\/9\/2025\/01\/DSC_3736-560x560.jpg);\"><\/div>\n                <\/a>\n              <\/div>\n                                        <div class=\"gallery-single\">\n                <a data-fancybox=\"gallery\" href=\"https:\/\/www.tadano.com\/dach\/wp-content\/uploads\/sites\/9\/2025\/01\/DSC_3775-1618x1080.jpg\">\n                  <div class=\"gallery-single-img\" style=\"background-image: url(https:\/\/www.tadano.com\/dach\/wp-content\/uploads\/sites\/9\/2025\/01\/DSC_3775-560x560.jpg);\"><\/div>\n                <\/a>\n              <\/div>\n                                        <div class=\"gallery-single\">\n                <a data-fancybox=\"gallery\" href=\"https:\/\/www.tadano.com\/dach\/wp-content\/uploads\/sites\/9\/2025\/01\/DSC_3867-1618x1080.jpg\">\n                  <div class=\"gallery-single-img\" style=\"background-image: url(https:\/\/www.tadano.com\/dach\/wp-content\/uploads\/sites\/9\/2025\/01\/DSC_3867-560x560.jpg);\"><\/div>\n                <\/a>\n              <\/div>\n                              <\/div>\n      <\/div>\n  <\/div>\n<\/section>\n\n\n\n\n\n\n\n\n\n\n\n  <section class=\"related-products related-pages\">\n    <div class=\"container\">\n      <div class=\"heading\">\n        <h2>Verwandte Seiten<\/h2>\n      <\/div>\n\n      <div class='r-products'>\n                  \n                      <div class='r-product-single'>\n              <a href='https:\/\/www.tadano.com\/dach\/de\/karriere\/ausbildung\/mechatroniker\/'>\n                <div class=\"img-holder\">\n                                    <div class=\"bg-stretch\" style=\"background-size:cover\">\n                    <span data-srcset=\"https:\/\/www.tadano.com\/dach\/wp-content\/uploads\/sites\/9\/2025\/01\/DSC_3944-280x187.jpg, https:\/\/www.tadano.com\/dach\/wp-content\/uploads\/sites\/9\/2025\/01\/DSC_3944-560x374.jpg 2x\"><\/span>\n                  <\/div>\n                                  <\/div>\n                <div class=\"text-block\">\n                  <strong class=\"title\">Mechatroniker<\/strong>\n                <\/div>\n              <\/a>\n            <\/div>\n                            \n                      <div class='r-product-single'>\n              <a href='https:\/\/www.tadano.com\/dach\/de\/karriere\/ausbildung\/land-und-baumaschinenmechatroniker\/'>\n                <div class=\"img-holder\">\n                                    <div class=\"bg-stretch\" style=\"background-size:cover\">\n                    <span data-srcset=\"https:\/\/www.tadano.com\/dach\/wp-content\/uploads\/sites\/9\/2024\/07\/Azubi_Land-und-Baumaschinenmechatroniker_Juli-2024_2-280x210.jpg, https:\/\/www.tadano.com\/dach\/wp-content\/uploads\/sites\/9\/2024\/07\/Azubi_Land-und-Baumaschinenmechatroniker_Juli-2024_2-560x420.jpg 2x\"><\/span>\n                  <\/div>\n                                  <\/div>\n                <div class=\"text-block\">\n                  <strong class=\"title\">Land- und baumaschinenmechatroniker<\/strong>\n                <\/div>\n              <\/a>\n            <\/div>\n                            \n                      <div class='r-product-single'>\n              <a href='https:\/\/www.tadano.com\/dach\/de\/karriere\/ausbildung\/kfz-mechatroniker\/'>\n                <div class=\"img-holder\">\n                                    <div class=\"bg-stretch\" style=\"background-size:cover\">\n                    <span data-srcset=\"https:\/\/assets.onetadano.com\/celum_assets\/img-thumb\/Tadano_Lauf_fullres-46.jpg, https:\/\/assets.onetadano.com\/celum_assets\/img-thumb-2x\/Tadano_Lauf_fullres-46.jpg 2x\"><\/span>\n                  <\/div>\n                                  <\/div>\n                <div class=\"text-block\">\n                  <strong class=\"title\">KFZ-Mechatroniker<\/strong>\n                <\/div>\n              <\/a>\n            <\/div>\n                            \n                      <div class='r-product-single'>\n              <a href='https:\/\/www.tadano.com\/dach\/de\/karriere\/ausbildung\/bewerbungstipps-azubis\/'>\n                <div class=\"img-holder\">\n                                    <div class=\"bg-stretch\" style=\"background-size:cover\">\n                    <span data-srcset=\"https:\/\/assets.onetadano.com\/celum_assets\/img-thumb\/Tadano_Lauf_fullres-10.jpg, https:\/\/assets.onetadano.com\/celum_assets\/img-thumb-2x\/Tadano_Lauf_fullres-10.jpg 2x\"><\/span>\n                  <\/div>\n                                  <\/div>\n                <div class=\"text-block\">\n                  <strong class=\"title\">Bewerbungstipps Azubis<\/strong>\n                <\/div>\n              <\/a>\n            <\/div>\n                        <\/div>\n        \n    <\/div>\n  <\/section>\n  \n","protected":false},"excerpt":{"rendered":"<p>In der Ausbildung zum Konstruktionsmechaniker mit der Fachrichtung Schwei\u00dftechnik bist Du Meister der Funken und Flammen. Hier lernst Du die verschiedenen Schwei\u00dfprozesse sowie umfangreiche Kenntnisse in der Metallverarbeitung kennen, um Einzelteile f\u00fcr unsere Krane aus Strahltr\u00e4gern und Blechen herzustellen. Doch mit dem Schwei\u00dfen allein ist es nicht getan, denn auch Drehen, Fr\u00e4sen, Schleifen und Verschrauben [&hellip;]<\/p>\n","protected":false},"author":5,"featured_media":0,"parent":25510,"menu_order":0,"comment_status":"closed","ping_status":"closed","template":"","meta":{"_acf_changed":false,"footnotes":""},"acf":[],"yoast_head":"<!-- This site is optimized with the Yoast SEO plugin v22.3 - https:\/\/yoast.com\/wordpress\/plugins\/seo\/ -->\n<title>Konstruktionsmechaniker - DACH<\/title>\n<meta name=\"robots\" content=\"index, follow, max-snippet:-1, max-image-preview:large, max-video-preview:-1\" \/>\n<link rel=\"canonical\" href=\"https:\/\/www.tadano.com\/dach\/de\/karriere\/ausbildung\/konstruktionsmechaniker\/\" \/>\n<meta property=\"og:locale\" content=\"de_DE\" \/>\n<meta property=\"og:type\" content=\"article\" \/>\n<meta property=\"og:title\" content=\"Konstruktionsmechaniker - DACH\" \/>\n<meta property=\"og:description\" content=\"In der Ausbildung zum Konstruktionsmechaniker mit der Fachrichtung Schwei\u00dftechnik bist Du Meister der Funken und Flammen. Hier lernst Du die verschiedenen Schwei\u00dfprozesse sowie umfangreiche Kenntnisse in der Metallverarbeitung kennen, um Einzelteile f\u00fcr unsere Krane aus Strahltr\u00e4gern und Blechen herzustellen. Doch mit dem Schwei\u00dfen allein ist es nicht getan, denn auch Drehen, Fr\u00e4sen, Schleifen und Verschrauben [&hellip;]\" \/>\n<meta property=\"og:url\" content=\"https:\/\/www.tadano.com\/dach\/de\/karriere\/ausbildung\/konstruktionsmechaniker\/\" \/>\n<meta property=\"og:site_name\" content=\"DACH\" \/>\n<meta property=\"article:modified_time\" content=\"2025-08-11T08:56:45+00:00\" \/>\n<meta name=\"twitter:card\" content=\"summary_large_image\" \/>\n<meta name=\"twitter:label1\" content=\"Gesch\u00e4tzte Lesezeit\" \/>\n\t<meta name=\"twitter:data1\" content=\"1\u00a0Minute\" \/>\n<script type=\"application\/ld+json\" class=\"yoast-schema-graph\">{\"@context\":\"https:\/\/schema.org\",\"@graph\":[{\"@type\":\"WebPage\",\"@id\":\"https:\/\/www.tadano.com\/dach\/de\/karriere\/ausbildung\/konstruktionsmechaniker\/\",\"url\":\"https:\/\/www.tadano.com\/dach\/de\/karriere\/ausbildung\/konstruktionsmechaniker\/\",\"name\":\"Konstruktionsmechaniker - DACH\",\"isPartOf\":{\"@id\":\"https:\/\/www.tadano.com\/dach\/en\/#website\"},\"datePublished\":\"2024-06-19T13:33:56+00:00\",\"dateModified\":\"2025-08-11T08:56:45+00:00\",\"breadcrumb\":{\"@id\":\"https:\/\/www.tadano.com\/dach\/de\/karriere\/ausbildung\/konstruktionsmechaniker\/#breadcrumb\"},\"inLanguage\":\"de\",\"potentialAction\":[{\"@type\":\"ReadAction\",\"target\":[\"https:\/\/www.tadano.com\/dach\/de\/karriere\/ausbildung\/konstruktionsmechaniker\/\"]}]},{\"@type\":\"BreadcrumbList\",\"@id\":\"https:\/\/www.tadano.com\/dach\/de\/karriere\/ausbildung\/konstruktionsmechaniker\/#breadcrumb\",\"itemListElement\":[{\"@type\":\"ListItem\",\"position\":1,\"name\":\"Karriere\",\"item\":\"https:\/\/www.tadano.com\/dach\/karriere\/\"},{\"@type\":\"ListItem\",\"position\":2,\"name\":\"Ausbildung bei Tadano\",\"item\":\"https:\/\/www.tadano.com\/dach\/de\/karriere\/ausbildung\/\"},{\"@type\":\"ListItem\",\"position\":3,\"name\":\"Konstruktionsmechaniker\"}]},{\"@type\":\"WebSite\",\"@id\":\"https:\/\/www.tadano.com\/dach\/en\/#website\",\"url\":\"https:\/\/www.tadano.com\/dach\/en\/\",\"name\":\"DACH\",\"description\":\"Just another TADANO EUROPE site\",\"potentialAction\":[{\"@type\":\"SearchAction\",\"target\":{\"@type\":\"EntryPoint\",\"urlTemplate\":\"https:\/\/www.tadano.com\/dach\/en\/?s={search_term_string}\"},\"query-input\":\"required name=search_term_string\"}],\"inLanguage\":\"de\"}]}<\/script>\n<!-- \/ Yoast SEO plugin. -->","yoast_head_json":{"title":"Konstruktionsmechaniker - DACH","robots":{"index":"index","follow":"follow","max-snippet":"max-snippet:-1","max-image-preview":"max-image-preview:large","max-video-preview":"max-video-preview:-1"},"canonical":"https:\/\/www.tadano.com\/dach\/de\/karriere\/ausbildung\/konstruktionsmechaniker\/","og_locale":"de_DE","og_type":"article","og_title":"Konstruktionsmechaniker - DACH","og_description":"In der Ausbildung zum Konstruktionsmechaniker mit der Fachrichtung Schwei\u00dftechnik bist Du Meister der Funken und Flammen. Hier lernst Du die verschiedenen Schwei\u00dfprozesse sowie umfangreiche Kenntnisse in der Metallverarbeitung kennen, um Einzelteile f\u00fcr unsere Krane aus Strahltr\u00e4gern und Blechen herzustellen. Doch mit dem Schwei\u00dfen allein ist es nicht getan, denn auch Drehen, Fr\u00e4sen, Schleifen und Verschrauben [&hellip;]","og_url":"https:\/\/www.tadano.com\/dach\/de\/karriere\/ausbildung\/konstruktionsmechaniker\/","og_site_name":"DACH","article_modified_time":"2025-08-11T08:56:45+00:00","twitter_card":"summary_large_image","twitter_misc":{"Gesch\u00e4tzte Lesezeit":"1\u00a0Minute"},"schema":{"@context":"https:\/\/schema.org","@graph":[{"@type":"WebPage","@id":"https:\/\/www.tadano.com\/dach\/de\/karriere\/ausbildung\/konstruktionsmechaniker\/","url":"https:\/\/www.tadano.com\/dach\/de\/karriere\/ausbildung\/konstruktionsmechaniker\/","name":"Konstruktionsmechaniker - DACH","isPartOf":{"@id":"https:\/\/www.tadano.com\/dach\/en\/#website"},"datePublished":"2024-06-19T13:33:56+00:00","dateModified":"2025-08-11T08:56:45+00:00","breadcrumb":{"@id":"https:\/\/www.tadano.com\/dach\/de\/karriere\/ausbildung\/konstruktionsmechaniker\/#breadcrumb"},"inLanguage":"de","potentialAction":[{"@type":"ReadAction","target":["https:\/\/www.tadano.com\/dach\/de\/karriere\/ausbildung\/konstruktionsmechaniker\/"]}]},{"@type":"BreadcrumbList","@id":"https:\/\/www.tadano.com\/dach\/de\/karriere\/ausbildung\/konstruktionsmechaniker\/#breadcrumb","itemListElement":[{"@type":"ListItem","position":1,"name":"Karriere","item":"https:\/\/www.tadano.com\/dach\/karriere\/"},{"@type":"ListItem","position":2,"name":"Ausbildung bei Tadano","item":"https:\/\/www.tadano.com\/dach\/de\/karriere\/ausbildung\/"},{"@type":"ListItem","position":3,"name":"Konstruktionsmechaniker"}]},{"@type":"WebSite","@id":"https:\/\/www.tadano.com\/dach\/en\/#website","url":"https:\/\/www.tadano.com\/dach\/en\/","name":"DACH","description":"Just another TADANO EUROPE site","potentialAction":[{"@type":"SearchAction","target":{"@type":"EntryPoint","urlTemplate":"https:\/\/www.tadano.com\/dach\/en\/?s={search_term_string}"},"query-input":"required name=search_term_string"}],"inLanguage":"de"}]}},"_links":{"self":[{"href":"https:\/\/www.tadano.com\/dach\/de\/wp-json\/wp\/v2\/pages\/25561"}],"collection":[{"href":"https:\/\/www.tadano.com\/dach\/de\/wp-json\/wp\/v2\/pages"}],"about":[{"href":"https:\/\/www.tadano.com\/dach\/de\/wp-json\/wp\/v2\/types\/page"}],"author":[{"embeddable":true,"href":"https:\/\/www.tadano.com\/dach\/de\/wp-json\/wp\/v2\/users\/5"}],"replies":[{"embeddable":true,"href":"https:\/\/www.tadano.com\/dach\/de\/wp-json\/wp\/v2\/comments?post=25561"}],"version-history":[{"count":5,"href":"https:\/\/www.tadano.com\/dach\/de\/wp-json\/wp\/v2\/pages\/25561\/revisions"}],"predecessor-version":[{"id":33300,"href":"https:\/\/www.tadano.com\/dach\/de\/wp-json\/wp\/v2\/pages\/25561\/revisions\/33300"}],"up":[{"embeddable":true,"href":"https:\/\/www.tadano.com\/dach\/de\/wp-json\/wp\/v2\/pages\/25510"}],"wp:attachment":[{"href":"https:\/\/www.tadano.com\/dach\/de\/wp-json\/wp\/v2\/media?parent=25561"}],"curies":[{"name":"wp","href":"https:\/\/api.w.org\/{rel}","templated":true}]}}