{"id":25572,"date":"2024-06-19T13:31:52","date_gmt":"2024-06-19T13:31:52","guid":{"rendered":"https:\/\/www.tadano.com\/dach\/?page_id=25572"},"modified":"2025-08-11T09:00:02","modified_gmt":"2025-08-11T09:00:02","slug":"fachkraft-lagerlogistik","status":"publish","type":"page","link":"https:\/\/www.tadano.com\/dach\/de\/karriere\/ausbildung\/fachkraft-lagerlogistik\/","title":{"rendered":"Fachkraft Lagerlogistik"},"content":{"rendered":"\n\n\n<section class=\"hero-section\">\n\n\t\n\t\t\t<style type=\"text\/css\">\n\t\t\t.hero-section .img-holder:before {\n\t\t\t\tdisplay: none;\n\t\t\t}\n\t\t<\/style>\n\t\n\t\n\t<div class=\"img-holder \">\n\t\t\t\t<div class=\"bg-stretch\" style=\"background-position: 50% 50%; \">\n\t\t\t<span data-srcset=\"https:\/\/www.tadano.com\/dach\/wp-content\/uploads\/sites\/9\/2024\/07\/Azubi_Lagerlogistik_Juli-2024_5-1200x900.jpg, https:\/\/www.tadano.com\/dach\/wp-content\/uploads\/sites\/9\/2024\/07\/Azubi_Lagerlogistik_Juli-2024_5-2400x1800.jpg 2x\"><\/span>\n\t\t<\/div>\n\t\t\t\t\t\t<div class=\"logo green-solutions\" style=\"display:none;\">\n\t\t\t<a href=\"#\"><img decoding=\"async\" src=\"https:\/\/www.tadano.com\/dach\/wp-content\/themes\/tadano\/assets\/dist\/images\/Green-Solutions_Logo_White.svg\"><\/a>\n\t\t<\/div>\n\t<\/div>\n\t<div class=\"container\">\n\t\t<div class=\"text-holder \">\n\t\t\t<div class=\"wrap\">\n\t\t\t\t\n\t\t\t\t<ul class=\"breadcrumbs\"><li><a href=\"https:\/\/www.tadano.com\/dach\/de\/\">Startseite<\/a><\/li><\/ul>\n\t\t\t\t\n\n<h1 class=\"wp-block-heading\">fachkraft f\u00fcr lagerlogistik<\/h1>\n\n\n\n<p class=\"has-large-font-size\">m\/w\/d<\/p>\n\n\n\n<p><br>Starte Deine Ausbildung bei Tadano als Fachkraft f\u00fcr Lagerlogistik und behalte den \u00dcberblick \u00fcber unseren Warenfluss. Du begleitest den gesamten Prozess von der Warenannahme bis zum Versand, einschlie\u00dflich der Verbuchung, Lagerung und dem Bedienen des Gabelstaplers.<\/p>\n\n\n\n\t\t\t\t\n\t\t\t<\/div>\n\n\t\t\t\n\t\t\t\n\t\t\t\n\t\t<\/div>\n\t<\/div>\n<\/section>\n\n<div class=\"cta-block\">\n    <div class=\"container\">\n    <div class=\"left\">\n      <ul class=\"btn-list\">\n        <li><a href=\"https:\/\/www.tadano.com\/dach\/de\/karriere\/stellenangebote\/\" class=\"btn btn-light\">Jetzt bewerben<\/a><\/li>\n      <\/ul>\n    <\/div>\n    <div class=\"right\">\n                          <ul class=\"btn-list\">\n                            \n                                  <li><a href=\"https:\/\/www.tadano.com\/dach\/de\/karriere\/bewerbungstipps-azubis\/\" class=\"btn btn-outline-white\">Bewerbungstipps<\/a><\/li>\n                              \n                                \n                                  <li><a href=\"https:\/\/www.tadano.com\/dach\/de\/karriere\/karriere-events\/\" class=\"btn btn-outline-white\">Ausbildungsmessen<\/a><\/li>\n                              \n                              \n          <\/ul>\n            <\/div>\n  <\/div>\n<\/div>\n\n\n<div style=\"height:100px\" aria-hidden=\"true\" class=\"wp-block-spacer\"><\/div>\n\n\n\n<p>Als Fachkraft f\u00fcr Lagerlogistik wei\u00dft du immer, wie viel da ist, was fehlt und vor allem, wo sich was befindet. Von der Warenannahme, der Verbuchung des Materials am Computer, der fachgerechten Lagerung, bis hin zum Verpacken und Versenden beim Warenausgang, begleitest du die Waren w\u00e4hrend des kompletten Durchlaufes im Unternehmen. Den Gabelstapler bedienst du dabei wie ein Profi.<\/p>\n\n\n\n<section class=\"sales-support\">\n  <div class=\"container\">\n    <div class=\"text-block\">\n      \n\n<h2 class=\"wp-block-heading\">Benefits<\/h2>\n\n\n\n<p>Bei Tadano hast du eine Menge an  Vorteilen.<\/p>\n\n\n\n<div class=\"wp-block-buttons is-layout-flex wp-block-buttons-is-layout-flex\">\n<div class=\"wp-block-button\"><a class=\"wp-block-button__link wp-element-button\" href=\"https:\/\/www.tadano.com\/dach\/de\/karriere\/benefits\/\">Entdecke alle Vorteile<\/a><\/div>\n<\/div>\n\n\n    <\/div>\n          <ul class=\"support-list\">\n                            <li>\n                          <a>\n                                          <div class=\"img-holder desktop-only\">\n                  <img decoding=\"async\" src=\"https:\/\/www.tadano.com\/dach\/wp-content\/uploads\/sites\/9\/2024\/07\/sunset-125x125.png\" class=\"attachment-small size-small\" alt=\"\" loading=\"lazy\">\n                <\/div>\n                            <span class=\"title\">30 Tage Urlaub<\/span>\n            <\/a>\n          <\/li>\n                            <li>\n                          <a>\n                                          <div class=\"img-holder desktop-only\">\n                  <img decoding=\"async\" src=\"https:\/\/www.tadano.com\/dach\/wp-content\/uploads\/sites\/9\/2024\/07\/save-time-125x125.png\" class=\"attachment-small size-small\" alt=\"\" loading=\"lazy\">\n                <\/div>\n                            <span class=\"title\">35-Stunden-Woche<\/span>\n            <\/a>\n          <\/li>\n                            <li>\n                          <a>\n                                          <div class=\"img-holder desktop-only\">\n                  <img decoding=\"async\" src=\"https:\/\/www.tadano.com\/dach\/wp-content\/uploads\/sites\/9\/2024\/07\/coins-1-125x125.png\" class=\"attachment-small size-small\" alt=\"\" loading=\"lazy\">\n                <\/div>\n                            <span class=\"title\">Attraktive Verg\u00fctung<\/span>\n            <\/a>\n          <\/li>\n                            <li>\n                          <a>\n                                          <div class=\"img-holder desktop-only\">\n                  <img decoding=\"async\" src=\"https:\/\/www.tadano.com\/dach\/wp-content\/uploads\/sites\/9\/2024\/07\/erfolgreich-125x125.png\" class=\"attachment-small size-small\" alt=\"\" loading=\"lazy\">\n                <\/div>\n                            <span class=\"title\">\u00dcbernahme nach der Ausbildung<\/span>\n            <\/a>\n          <\/li>\n                            <li>\n                          <a>\n                                          <div class=\"img-holder desktop-only\">\n                  <img decoding=\"async\" src=\"https:\/\/www.tadano.com\/dach\/wp-content\/uploads\/sites\/9\/2024\/07\/kantine-125x125.png\" class=\"attachment-small size-small\" alt=\"\" loading=\"lazy\">\n                <\/div>\n                            <span class=\"title\">Kantine<\/span>\n            <\/a>\n          <\/li>\n                            <li>\n                          <a>\n                                          <div class=\"img-holder desktop-only\">\n                  <img decoding=\"async\" src=\"https:\/\/www.tadano.com\/dach\/wp-content\/uploads\/sites\/9\/2024\/07\/teilzeit-125x125.png\" class=\"attachment-small size-small\" alt=\"\" loading=\"lazy\">\n                <\/div>\n                            <span class=\"title\">Flexible Arbeitszeiten<\/span>\n            <\/a>\n          <\/li>\n              <\/ul>\n      <\/div>\n<\/section>\n\n<section class=\"overflow-hidden\">\n    <div class=\"container\">\n      <ul class=\"legal-accordion style-default\">\n          <li>\n            <a href=\"#\" class=\"opener\"><span>Deine Interessen und Begabungen<\/span><\/a>\n            <div class=\"slide\">\n              <div class=\"slide-wrap\">\n                \n\n<ul>\n<li>Interesse an kaufm\u00e4nnischen und logistischen T\u00e4tigkeiten<\/li>\n\n\n\n<li>Gutes r\u00e4umliches Vorstellungsverm\u00f6gen<\/li>\n\n\n\n<li>Spa\u00df am Planen und Organisieren<\/li>\n\n\n\n<li>Kommunikations- und Teamf\u00e4higkeit<\/li>\n\n\n\n<li>K\u00f6rperliche Fitness und Flexibilit\u00e4t<\/li>\n\n\n\n<li>Gute Kenntnisse in Mathematik und Englisch<\/li>\n<\/ul>\n\n\n              <\/div>\n            <\/div>\n          <\/li>\n      <\/ul>\n  <\/div>\n<\/section>\n\n<section class=\"overflow-hidden\">\n    <div class=\"container\">\n      <ul class=\"legal-accordion style-default\">\n          <li>\n            <a href=\"#\" class=\"opener\"><span>Aufgaben w\u00e4hrend deiner ausbildung<\/span><\/a>\n            <div class=\"slide\">\n              <div class=\"slide-wrap\">\n                \n\n<ul>\n<li>G\u00fcter und Waren annehmen und kontrollieren, sie anschlie\u00dfend sortieren und lagern<\/li>\n\n\n\n<li>Waren zusammenstellen, verpacken und dann versenden<\/li>\n\n\n\n<li>Ladelisten und Beladepl\u00e4ne erstellen<\/li>\n\n\n\n<li>Gabelstapler und Hubwagen bedienen<\/li>\n\n\n\n<li>Best\u00e4nde am PC planen und kontrollieren<\/li>\n<\/ul>\n\n\n              <\/div>\n            <\/div>\n          <\/li>\n      <\/ul>\n  <\/div>\n<\/section>\n\n<section class=\"overflow-hidden\">\n    <div class=\"container\">\n      <ul class=\"legal-accordion style-default\">\n          <li>\n            <a href=\"#\" class=\"opener\"><span>Einsatzbereiche w\u00e4hrend deiner Ausbildung<\/span><\/a>\n            <div class=\"slide\">\n              <div class=\"slide-wrap\">\n                \n\n<ul>\n<li>Kommissionierung<\/li>\n\n\n\n<li>Disposition<\/li>\n\n\n\n<li>Wareneingang<\/li>\n\n\n\n<li>Fertigungssteuerung<\/li>\n\n\n\n<li>Warenausgang<\/li>\n\n\n\n<li>Produktionslogistik<\/li>\n<\/ul>\n\n\n              <\/div>\n            <\/div>\n          <\/li>\n      <\/ul>\n  <\/div>\n<\/section>\n\n\n<div style=\"height:70px\" aria-hidden=\"true\" class=\"wp-block-spacer\"><\/div>\n\n\n\n<div class=\"wp-block-group is-layout-constrained wp-block-group-is-layout-constrained\"><div class=\"wp-block-group__inner-container\">\n<div class=\"wp-block-columns is-layout-flex wp-container-core-columns-layout-1 wp-block-columns-is-layout-flex\">\n<div class=\"wp-block-column is-layout-flow wp-block-column-is-layout-flow\" style=\"flex-basis:33.33%\">\n<h2 class=\"wp-block-heading\">Standort<\/h2>\n\n\n\n<h2 class=\"wp-block-heading\">Ausbildungsdauer<\/h2>\n\n\n\n<h2 class=\"wp-block-heading\">ArbeitsZeit<\/h2>\n\n\n\n<h2 class=\"wp-block-heading\">Urlaub<\/h2>\n<\/div>\n\n\n\n<div class=\"wp-block-column is-layout-flow wp-block-column-is-layout-flow\" style=\"flex-basis:66.66%\">\n<p>Lauf an der Pengitz, Zweibr\u00fccken<\/p>\n\n\n\n<p>3 Jahre<\/p>\n\n\n\n<p>35-Stunden-Woche<\/p>\n\n\n\n<p>30 Tage<\/p>\n<\/div>\n<\/div>\n\n\n\n<div class=\"wp-block-columns is-layout-flex wp-container-core-columns-layout-2 wp-block-columns-is-layout-flex\">\n<div class=\"wp-block-column is-layout-flow wp-block-column-is-layout-flow\" style=\"flex-basis:33.33%\">\n<h2 class=\"wp-block-heading\">Berufsschule<\/h2>\n<\/div>\n\n\n\n<div class=\"wp-block-column is-layout-flow wp-block-column-is-layout-flow\" style=\"flex-basis:66.66%\"><section class=\"overflow-hidden\">\n    <div class=\"container\">\n      <ul class=\"legal-accordion style-small\">\n          <li>\n            <a href=\"#\" class=\"opener\"><span>Lauf an der Pegnitz<\/span><\/a>\n            <div class=\"slide\">\n              <div class=\"slide-wrap\">\n                \n\n<p class=\"has-black-color has-text-color has-link-color wp-elements-685bb14ee17ce2672036ae7061ae2ba4\">Staatliches Berufliches Schulzentrum Roth<\/p>\n\n\n\n<p class=\"has-black-color has-text-color has-link-color wp-elements-a483580136cc7d16b172e793650f1df5\"><a href=\"https:\/\/www.google.com\/maps\/place\/\/data=!4m2!3m1!1s0x479f46832461b995:0xfe7936b76f83c9ae?sa=X&amp;ved=1t:8290&amp;ictx=111\">Brentwoodstra\u00dfe 41, 91154 Roth<\/a><\/p>\n\n\n\n<div class=\"wp-block-buttons is-layout-flex wp-block-buttons-is-layout-flex\">\n<div class=\"wp-block-button is-style-text-only\"><a class=\"wp-block-button__link wp-element-button\" href=\"https:\/\/www.bsz-roth.de\/\" target=\"_blank\" rel=\"noreferrer noopener\">Zur Berufsschule<\/a><\/div>\n<\/div>\n\n\n              <\/div>\n            <\/div>\n          <\/li>\n      <\/ul>\n  <\/div>\n<\/section>\n\n<section class=\"overflow-hidden\">\n    <div class=\"container\">\n      <ul class=\"legal-accordion style-small\">\n          <li>\n            <a href=\"#\" class=\"opener\"><span>Zweibr\u00fccken<\/span><\/a>\n            <div class=\"slide\">\n              <div class=\"slide-wrap\">\n                \n\n<p class=\"has-black-color has-text-color has-link-color wp-elements-a12e4c107615e9b8a519491d1a8ebad7\">BBS Rodalben<\/p>\n\n\n\n<p class=\"has-black-color has-text-color has-link-color wp-elements-b815c127bb6d2d1061fae4014ded804e\">Gabelsbergerstra\u00dfe 6, 66976 Rodalben<\/p>\n\n\n\n<div class=\"wp-block-buttons is-layout-flex wp-block-buttons-is-layout-flex\">\n<div class=\"wp-block-button is-style-text-only\"><a class=\"wp-block-button__link wp-element-button\" href=\"https:\/\/bbs-rodalben.de\/\" target=\"_blank\" rel=\"noreferrer noopener\">Zur Berufsschule<\/a><\/div>\n<\/div>\n\n\n              <\/div>\n            <\/div>\n          <\/li>\n      <\/ul>\n  <\/div>\n<\/section><\/div>\n<\/div>\n\n\n\n<div class=\"wp-block-columns is-layout-flex wp-container-core-columns-layout-3 wp-block-columns-is-layout-flex\">\n<div class=\"wp-block-column is-layout-flow wp-block-column-is-layout-flow\" style=\"flex-basis:33.33%\">\n<h2 class=\"wp-block-heading\">Schulabschluss<\/h2>\n<\/div>\n\n\n\n<div class=\"wp-block-column is-layout-flow wp-block-column-is-layout-flow\" style=\"flex-basis:66.66%\">\n<p>Mittlere Reife oder qualifizierter Hauptschulabschluss<\/p>\n<\/div>\n<\/div>\n<\/div><\/div>\n\n\n<section class=\"more-info\" id=\"media\">\n  <div class=\"container\">\n      <div class=\"media-gallery tablet-up\">\n                  <h2>Mediengalerie<\/h2>\n                <div class=\"gallery slick-slider\">\n                                                   <div class=\"gallery-single\">\n                <a data-fancybox=\"gallery\" href=\"https:\/\/www.tadano.com\/dach\/wp-content\/uploads\/sites\/9\/2024\/07\/Azubi_Lagerlogistik_Juli-2024_4-1440x1080.jpg\">\n                  <div class=\"gallery-single-img\" style=\"background-image: url(https:\/\/www.tadano.com\/dach\/wp-content\/uploads\/sites\/9\/2024\/07\/Azubi_Lagerlogistik_Juli-2024_4-560x560.jpg);\"><\/div>\n                <\/a>\n              <\/div>\n                                        <div class=\"gallery-single\">\n                <a data-fancybox=\"gallery\" href=\"https:\/\/www.tadano.com\/dach\/wp-content\/uploads\/sites\/9\/2025\/01\/DSC_4006-721x1080.jpg\">\n                  <div class=\"gallery-single-img\" style=\"background-image: url(https:\/\/www.tadano.com\/dach\/wp-content\/uploads\/sites\/9\/2025\/01\/DSC_4006-560x560.jpg);\"><\/div>\n                <\/a>\n              <\/div>\n                                        <div class=\"gallery-single\">\n                <a data-fancybox=\"gallery\" href=\"https:\/\/www.tadano.com\/dach\/wp-content\/uploads\/sites\/9\/2025\/01\/DSC_4029-1618x1080.jpg\">\n                  <div class=\"gallery-single-img\" style=\"background-image: url(https:\/\/www.tadano.com\/dach\/wp-content\/uploads\/sites\/9\/2025\/01\/DSC_4029-560x560.jpg);\"><\/div>\n                <\/a>\n              <\/div>\n                                        <div class=\"gallery-single\">\n                <a data-fancybox=\"gallery\" href=\"https:\/\/www.tadano.com\/dach\/wp-content\/uploads\/sites\/9\/2025\/01\/DSC_4076-721x1080.jpg\">\n                  <div class=\"gallery-single-img\" style=\"background-image: url(https:\/\/www.tadano.com\/dach\/wp-content\/uploads\/sites\/9\/2025\/01\/DSC_4076-560x560.jpg);\"><\/div>\n                <\/a>\n              <\/div>\n                              <\/div>\n      <\/div>\n  <\/div>\n<\/section>\n\n\n\n\n\n\n\n\n\n\n\n  <section class=\"related-products related-pages\">\n    <div class=\"container\">\n      <div class=\"heading\">\n        <h2>Verwandte Seiten<\/h2>\n      <\/div>\n\n      <div class='r-products'>\n                  \n                      <div class='r-product-single'>\n              <a href='https:\/\/www.tadano.com\/dach\/de\/karriere\/ausbildung\/fachinformatiker-systemintegration\/'>\n                <div class=\"img-holder\">\n                                    <div class=\"bg-stretch\" style=\"background-size:cover\">\n                    <span data-srcset=\"https:\/\/www.tadano.com\/dach\/wp-content\/uploads\/sites\/9\/2024\/08\/d65857fd-3b14-4880-9d18-3e2688f272e2-280x373.jpg, https:\/\/www.tadano.com\/dach\/wp-content\/uploads\/sites\/9\/2024\/08\/d65857fd-3b14-4880-9d18-3e2688f272e2-560x747.jpg 2x\"><\/span>\n                  <\/div>\n                                  <\/div>\n                <div class=\"text-block\">\n                  <strong class=\"title\">Fachinformatiker Systemintegration<\/strong>\n                <\/div>\n              <\/a>\n            <\/div>\n                            \n                      <div class='r-product-single'>\n              <a href='https:\/\/www.tadano.com\/dach\/de\/karriere\/ausbildung\/industriekaufleute\/'>\n                <div class=\"img-holder\">\n                                    <div class=\"bg-stretch\" style=\"background-size:cover\">\n                    <span data-srcset=\"https:\/\/www.tadano.com\/dach\/wp-content\/uploads\/sites\/9\/2024\/08\/e51bdb3c-9840-44d0-8106-bcf467b5985f-280x187.jpg, https:\/\/www.tadano.com\/dach\/wp-content\/uploads\/sites\/9\/2024\/08\/e51bdb3c-9840-44d0-8106-bcf467b5985f-560x373.jpg 2x\"><\/span>\n                  <\/div>\n                                  <\/div>\n                <div class=\"text-block\">\n                  <strong class=\"title\">Industriekaufleute<\/strong>\n                <\/div>\n              <\/a>\n            <\/div>\n                            \n                      <div class='r-product-single'>\n              <a href='https:\/\/www.tadano.com\/dach\/de\/karriere\/ausbildung\/technischer-produktdesigner\/'>\n                <div class=\"img-holder\">\n                                    <div class=\"bg-stretch\" style=\"background-size:cover\">\n                    <span data-srcset=\"https:\/\/www.tadano.com\/dach\/wp-content\/uploads\/sites\/9\/2024\/07\/Azubi_Technischer-Produktdesigner_Juli-2024_3-280x187.jpg, https:\/\/www.tadano.com\/dach\/wp-content\/uploads\/sites\/9\/2024\/07\/Azubi_Technischer-Produktdesigner_Juli-2024_3-560x373.jpg 2x\"><\/span>\n                  <\/div>\n                                  <\/div>\n                <div class=\"text-block\">\n                  <strong class=\"title\">Technischer Produktdesigner<\/strong>\n                <\/div>\n              <\/a>\n            <\/div>\n                            \n                      <div class='r-product-single'>\n              <a href='https:\/\/www.tadano.com\/dach\/de\/karriere\/ausbildung\/bewerbungstipps-azubis\/'>\n                <div class=\"img-holder\">\n                                    <div class=\"bg-stretch\" style=\"background-size:cover\">\n                    <span data-srcset=\"https:\/\/assets.onetadano.com\/celum_assets\/img-thumb\/Tadano_Lauf_fullres-10.jpg, https:\/\/assets.onetadano.com\/celum_assets\/img-thumb-2x\/Tadano_Lauf_fullres-10.jpg 2x\"><\/span>\n                  <\/div>\n                                  <\/div>\n                <div class=\"text-block\">\n                  <strong class=\"title\">Bewerbungstipps Azubis<\/strong>\n                <\/div>\n              <\/a>\n            <\/div>\n                        <\/div>\n        \n    <\/div>\n  <\/section>\n  \n","protected":false},"excerpt":{"rendered":"<p>Als Fachkraft f\u00fcr Lagerlogistik wei\u00dft du immer, wie viel da ist, was fehlt und vor allem, wo sich was befindet. Von der Warenannahme, der Verbuchung des Materials am Computer, der fachgerechten Lagerung, bis hin zum Verpacken und Versenden beim Warenausgang, begleitest du die Waren w\u00e4hrend des kompletten Durchlaufes im Unternehmen. Den Gabelstapler bedienst du dabei [&hellip;]<\/p>\n","protected":false},"author":5,"featured_media":0,"parent":25510,"menu_order":0,"comment_status":"closed","ping_status":"closed","template":"","meta":{"_acf_changed":false,"footnotes":""},"acf":[],"yoast_head":"<!-- This site is optimized with the Yoast SEO plugin v22.3 - https:\/\/yoast.com\/wordpress\/plugins\/seo\/ -->\n<title>Fachkraft Lagerlogistik - DACH<\/title>\n<meta name=\"robots\" content=\"index, follow, max-snippet:-1, max-image-preview:large, max-video-preview:-1\" \/>\n<link rel=\"canonical\" href=\"https:\/\/www.tadano.com\/dach\/de\/karriere\/ausbildung\/fachkraft-lagerlogistik\/\" \/>\n<meta property=\"og:locale\" content=\"de_DE\" \/>\n<meta property=\"og:type\" content=\"article\" \/>\n<meta property=\"og:title\" content=\"Fachkraft Lagerlogistik - DACH\" \/>\n<meta property=\"og:description\" content=\"Als Fachkraft f\u00fcr Lagerlogistik wei\u00dft du immer, wie viel da ist, was fehlt und vor allem, wo sich was befindet. Von der Warenannahme, der Verbuchung des Materials am Computer, der fachgerechten Lagerung, bis hin zum Verpacken und Versenden beim Warenausgang, begleitest du die Waren w\u00e4hrend des kompletten Durchlaufes im Unternehmen. Den Gabelstapler bedienst du dabei [&hellip;]\" \/>\n<meta property=\"og:url\" content=\"https:\/\/www.tadano.com\/dach\/de\/karriere\/ausbildung\/fachkraft-lagerlogistik\/\" \/>\n<meta property=\"og:site_name\" content=\"DACH\" \/>\n<meta property=\"article:modified_time\" content=\"2025-08-11T09:00:02+00:00\" \/>\n<meta name=\"twitter:card\" content=\"summary_large_image\" \/>\n<meta name=\"twitter:label1\" content=\"Gesch\u00e4tzte Lesezeit\" \/>\n\t<meta name=\"twitter:data1\" content=\"1\u00a0Minute\" \/>\n<script type=\"application\/ld+json\" class=\"yoast-schema-graph\">{\"@context\":\"https:\/\/schema.org\",\"@graph\":[{\"@type\":\"WebPage\",\"@id\":\"https:\/\/www.tadano.com\/dach\/de\/karriere\/ausbildung\/fachkraft-lagerlogistik\/\",\"url\":\"https:\/\/www.tadano.com\/dach\/de\/karriere\/ausbildung\/fachkraft-lagerlogistik\/\",\"name\":\"Fachkraft Lagerlogistik - DACH\",\"isPartOf\":{\"@id\":\"https:\/\/www.tadano.com\/dach\/en\/#website\"},\"datePublished\":\"2024-06-19T13:31:52+00:00\",\"dateModified\":\"2025-08-11T09:00:02+00:00\",\"breadcrumb\":{\"@id\":\"https:\/\/www.tadano.com\/dach\/de\/karriere\/ausbildung\/fachkraft-lagerlogistik\/#breadcrumb\"},\"inLanguage\":\"de\",\"potentialAction\":[{\"@type\":\"ReadAction\",\"target\":[\"https:\/\/www.tadano.com\/dach\/de\/karriere\/ausbildung\/fachkraft-lagerlogistik\/\"]}]},{\"@type\":\"BreadcrumbList\",\"@id\":\"https:\/\/www.tadano.com\/dach\/de\/karriere\/ausbildung\/fachkraft-lagerlogistik\/#breadcrumb\",\"itemListElement\":[{\"@type\":\"ListItem\",\"position\":1,\"name\":\"Karriere\",\"item\":\"https:\/\/www.tadano.com\/dach\/karriere\/\"},{\"@type\":\"ListItem\",\"position\":2,\"name\":\"Ausbildung bei Tadano\",\"item\":\"https:\/\/www.tadano.com\/dach\/de\/karriere\/ausbildung\/\"},{\"@type\":\"ListItem\",\"position\":3,\"name\":\"Fachkraft Lagerlogistik\"}]},{\"@type\":\"WebSite\",\"@id\":\"https:\/\/www.tadano.com\/dach\/en\/#website\",\"url\":\"https:\/\/www.tadano.com\/dach\/en\/\",\"name\":\"DACH\",\"description\":\"Just another TADANO EUROPE site\",\"potentialAction\":[{\"@type\":\"SearchAction\",\"target\":{\"@type\":\"EntryPoint\",\"urlTemplate\":\"https:\/\/www.tadano.com\/dach\/en\/?s={search_term_string}\"},\"query-input\":\"required name=search_term_string\"}],\"inLanguage\":\"de\"}]}<\/script>\n<!-- \/ Yoast SEO plugin. -->","yoast_head_json":{"title":"Fachkraft Lagerlogistik - DACH","robots":{"index":"index","follow":"follow","max-snippet":"max-snippet:-1","max-image-preview":"max-image-preview:large","max-video-preview":"max-video-preview:-1"},"canonical":"https:\/\/www.tadano.com\/dach\/de\/karriere\/ausbildung\/fachkraft-lagerlogistik\/","og_locale":"de_DE","og_type":"article","og_title":"Fachkraft Lagerlogistik - DACH","og_description":"Als Fachkraft f\u00fcr Lagerlogistik wei\u00dft du immer, wie viel da ist, was fehlt und vor allem, wo sich was befindet. Von der Warenannahme, der Verbuchung des Materials am Computer, der fachgerechten Lagerung, bis hin zum Verpacken und Versenden beim Warenausgang, begleitest du die Waren w\u00e4hrend des kompletten Durchlaufes im Unternehmen. Den Gabelstapler bedienst du dabei [&hellip;]","og_url":"https:\/\/www.tadano.com\/dach\/de\/karriere\/ausbildung\/fachkraft-lagerlogistik\/","og_site_name":"DACH","article_modified_time":"2025-08-11T09:00:02+00:00","twitter_card":"summary_large_image","twitter_misc":{"Gesch\u00e4tzte Lesezeit":"1\u00a0Minute"},"schema":{"@context":"https:\/\/schema.org","@graph":[{"@type":"WebPage","@id":"https:\/\/www.tadano.com\/dach\/de\/karriere\/ausbildung\/fachkraft-lagerlogistik\/","url":"https:\/\/www.tadano.com\/dach\/de\/karriere\/ausbildung\/fachkraft-lagerlogistik\/","name":"Fachkraft Lagerlogistik - DACH","isPartOf":{"@id":"https:\/\/www.tadano.com\/dach\/en\/#website"},"datePublished":"2024-06-19T13:31:52+00:00","dateModified":"2025-08-11T09:00:02+00:00","breadcrumb":{"@id":"https:\/\/www.tadano.com\/dach\/de\/karriere\/ausbildung\/fachkraft-lagerlogistik\/#breadcrumb"},"inLanguage":"de","potentialAction":[{"@type":"ReadAction","target":["https:\/\/www.tadano.com\/dach\/de\/karriere\/ausbildung\/fachkraft-lagerlogistik\/"]}]},{"@type":"BreadcrumbList","@id":"https:\/\/www.tadano.com\/dach\/de\/karriere\/ausbildung\/fachkraft-lagerlogistik\/#breadcrumb","itemListElement":[{"@type":"ListItem","position":1,"name":"Karriere","item":"https:\/\/www.tadano.com\/dach\/karriere\/"},{"@type":"ListItem","position":2,"name":"Ausbildung bei Tadano","item":"https:\/\/www.tadano.com\/dach\/de\/karriere\/ausbildung\/"},{"@type":"ListItem","position":3,"name":"Fachkraft Lagerlogistik"}]},{"@type":"WebSite","@id":"https:\/\/www.tadano.com\/dach\/en\/#website","url":"https:\/\/www.tadano.com\/dach\/en\/","name":"DACH","description":"Just another TADANO EUROPE site","potentialAction":[{"@type":"SearchAction","target":{"@type":"EntryPoint","urlTemplate":"https:\/\/www.tadano.com\/dach\/en\/?s={search_term_string}"},"query-input":"required name=search_term_string"}],"inLanguage":"de"}]}},"_links":{"self":[{"href":"https:\/\/www.tadano.com\/dach\/de\/wp-json\/wp\/v2\/pages\/25572"}],"collection":[{"href":"https:\/\/www.tadano.com\/dach\/de\/wp-json\/wp\/v2\/pages"}],"about":[{"href":"https:\/\/www.tadano.com\/dach\/de\/wp-json\/wp\/v2\/types\/page"}],"author":[{"embeddable":true,"href":"https:\/\/www.tadano.com\/dach\/de\/wp-json\/wp\/v2\/users\/5"}],"replies":[{"embeddable":true,"href":"https:\/\/www.tadano.com\/dach\/de\/wp-json\/wp\/v2\/comments?post=25572"}],"version-history":[{"count":5,"href":"https:\/\/www.tadano.com\/dach\/de\/wp-json\/wp\/v2\/pages\/25572\/revisions"}],"predecessor-version":[{"id":33306,"href":"https:\/\/www.tadano.com\/dach\/de\/wp-json\/wp\/v2\/pages\/25572\/revisions\/33306"}],"up":[{"embeddable":true,"href":"https:\/\/www.tadano.com\/dach\/de\/wp-json\/wp\/v2\/pages\/25510"}],"wp:attachment":[{"href":"https:\/\/www.tadano.com\/dach\/de\/wp-json\/wp\/v2\/media?parent=25572"}],"curies":[{"name":"wp","href":"https:\/\/api.w.org\/{rel}","templated":true}]}}