{"id":25576,"date":"2024-06-19T13:33:32","date_gmt":"2024-06-19T13:33:32","guid":{"rendered":"https:\/\/www.tadano.com\/dach\/?page_id=25576"},"modified":"2025-08-11T08:59:12","modified_gmt":"2025-08-11T08:59:12","slug":"kfz-mechatroniker","status":"publish","type":"page","link":"https:\/\/www.tadano.com\/dach\/de\/karriere\/ausbildung\/kfz-mechatroniker\/","title":{"rendered":"KFZ-Mechatroniker"},"content":{"rendered":"\n\n\n<section class=\"hero-section\">\n\n\t\n\t\t\t<style type=\"text\/css\">\n\t\t\t.hero-section .img-holder:before {\n\t\t\t\tdisplay: none;\n\t\t\t}\n\t\t<\/style>\n\t\n\t\n\t<div class=\"img-holder \">\n\t\t\t\t<div class=\"bg-stretch\" style=\"background-position: 50% 50%; \">\n\t\t\t<span data-srcset=\"https:\/\/assets.onetadano.com\/celum_assets\/hero\/Tadano_Lauf_fullres-46.jpg, https:\/\/assets.onetadano.com\/celum_assets\/hero-2x\/Tadano_Lauf_fullres-46.jpg 2x\"><\/span>\n\t\t<\/div>\n\t\t\t\t\t\t<div class=\"logo green-solutions\" style=\"display:none;\">\n\t\t\t<a href=\"#\"><img decoding=\"async\" src=\"https:\/\/www.tadano.com\/dach\/wp-content\/themes\/tadano\/assets\/dist\/images\/Green-Solutions_Logo_White.svg\"><\/a>\n\t\t<\/div>\n\t<\/div>\n\t<div class=\"container\">\n\t\t<div class=\"text-holder \">\n\t\t\t<div class=\"wrap\">\n\t\t\t\t\n\t\t\t\t<ul class=\"breadcrumbs\"><li><a href=\"https:\/\/www.tadano.com\/dach\/de\/\">Startseite<\/a><\/li><\/ul>\n\t\t\t\t\n\n<h1 class=\"wp-block-heading\">KFZ-Mecha\u00adtroniker Nutzfahrzeug\u00ad\u00ad\u00adtechnik<\/h1>\n\n\n\n<p class=\"has-large-font-size\">m\/w\/d<\/p>\n\n\n\n<p><br><br>Starte Deine Ausbildung bei Tadano als KFZ-Mechatroniker f\u00fcr Nutzfahrzeugtechnik und sorge daf\u00fcr, dass unsere Fahrzeuge montiert und fahrbereit sind, indem Du Fehler in mechanischen, hydraulischen, pneumatischen und elektrischen Systemen findest und behebst \u2013 von \u00d6l- und Filterwechseln bis hin zu komplexen Arbeiten an der Elektronik moderner Baumaschinen. <\/p>\n\n\n\n\t\t\t\t\n\t\t\t<\/div>\n\n\t\t\t\n\t\t\t\n\t\t\t\n\t\t<\/div>\n\t<\/div>\n<\/section>\n\n<div class=\"cta-block\">\n    <div class=\"container\">\n    <div class=\"left\">\n      <ul class=\"btn-list\">\n        <li><a href=\"https:\/\/www.tadano.com\/dach\/de\/karriere\/stellenangebote\/\" class=\"btn btn-light\">Jetzt bewerben<\/a><\/li>\n      <\/ul>\n    <\/div>\n    <div class=\"right\">\n                          <ul class=\"btn-list\">\n                            \n                                  <li><a href=\"https:\/\/www.tadano.com\/dach\/de\/karriere\/bewerbungstipps-azubis\/\" class=\"btn btn-outline-white\">Bewerbungstipps<\/a><\/li>\n                              \n                                \n                                  <li><a href=\"https:\/\/www.tadano.com\/dach\/de\/karriere\/karriere-events\/\" class=\"btn btn-outline-white\">Ausbildungsmessen<\/a><\/li>\n                              \n                              \n          <\/ul>\n            <\/div>\n  <\/div>\n<\/div>\n\n\n<div style=\"height:100px\" aria-hidden=\"true\" class=\"wp-block-spacer\"><\/div>\n\n\n\n<p>Montieren und reparieren machen Dir Spa\u00df? Dann ist die Ausbildung zum KFZ-Mechatroniker \u2013 Nutzfahrzeugtechnik genau das Richtige f\u00fcr Dich. Du sorgst daf\u00fcr, dass unsere Fahrzeuge entstehen und fahrbereit sind. Wir zeigen dir, wie Du Fehler in mechanischen, hydraulischen, pneumatischen und elektrischen Systemen findest und die M\u00e4ngel behebst. Typische Werkstattaufgaben wie \u00d6l- und Filterwechsel oder Schwei\u00dfen geh\u00f6ren genauso dazu, wie knifflige Arbeiten an der komplexen Elektronik von modernen Baumaschinen.<\/p>\n\n\n\n<section class=\"sales-support\">\n  <div class=\"container\">\n    <div class=\"text-block\">\n      \n\n<h2 class=\"wp-block-heading\">Benefits<\/h2>\n\n\n\n<p>Bei Tadano hast du eine Menge an  Vorteilen.<\/p>\n\n\n\n<div class=\"wp-block-buttons is-layout-flex wp-block-buttons-is-layout-flex\">\n<div class=\"wp-block-button\"><a class=\"wp-block-button__link wp-element-button\" href=\"https:\/\/www.tadano.com\/dach\/de\/karriere\/benefits\/\">Entdecke alle Vorteile<\/a><\/div>\n<\/div>\n\n\n    <\/div>\n          <ul class=\"support-list\">\n                            <li>\n                          <a>\n                                          <div class=\"img-holder desktop-only\">\n                  <img decoding=\"async\" src=\"https:\/\/www.tadano.com\/dach\/wp-content\/uploads\/sites\/9\/2024\/07\/sunset-125x125.png\" class=\"attachment-small size-small\" alt=\"\" loading=\"lazy\">\n                <\/div>\n                            <span class=\"title\">30 Tage Urlaub<\/span>\n            <\/a>\n          <\/li>\n                            <li>\n                          <a>\n                                          <div class=\"img-holder desktop-only\">\n                  <img decoding=\"async\" src=\"https:\/\/www.tadano.com\/dach\/wp-content\/uploads\/sites\/9\/2024\/07\/save-time-125x125.png\" class=\"attachment-small size-small\" alt=\"\" loading=\"lazy\">\n                <\/div>\n                            <span class=\"title\">35-Stunden-Woche<\/span>\n            <\/a>\n          <\/li>\n                            <li>\n                          <a>\n                                          <div class=\"img-holder desktop-only\">\n                  <img decoding=\"async\" src=\"https:\/\/www.tadano.com\/dach\/wp-content\/uploads\/sites\/9\/2024\/07\/coins-1-125x125.png\" class=\"attachment-small size-small\" alt=\"\" loading=\"lazy\">\n                <\/div>\n                            <span class=\"title\">Attraktive Verg\u00fctung<\/span>\n            <\/a>\n          <\/li>\n                            <li>\n                          <a>\n                                          <div class=\"img-holder desktop-only\">\n                  <img decoding=\"async\" src=\"https:\/\/www.tadano.com\/dach\/wp-content\/uploads\/sites\/9\/2024\/07\/erfolgreich-125x125.png\" class=\"attachment-small size-small\" alt=\"\" loading=\"lazy\">\n                <\/div>\n                            <span class=\"title\">\u00dcbernahme nach der Ausbildung<\/span>\n            <\/a>\n          <\/li>\n                            <li>\n                          <a>\n                                          <div class=\"img-holder desktop-only\">\n                  <img decoding=\"async\" src=\"https:\/\/www.tadano.com\/dach\/wp-content\/uploads\/sites\/9\/2024\/07\/kantine-125x125.png\" class=\"attachment-small size-small\" alt=\"\" loading=\"lazy\">\n                <\/div>\n                            <span class=\"title\">Kantine<\/span>\n            <\/a>\n          <\/li>\n                            <li>\n                          <a>\n                                          <div class=\"img-holder desktop-only\">\n                  <img decoding=\"async\" src=\"https:\/\/www.tadano.com\/dach\/wp-content\/uploads\/sites\/9\/2024\/07\/teilzeit-125x125.png\" class=\"attachment-small size-small\" alt=\"\" loading=\"lazy\">\n                <\/div>\n                            <span class=\"title\">Flexible Arbeitszeiten<\/span>\n            <\/a>\n          <\/li>\n              <\/ul>\n      <\/div>\n<\/section>\n\n<section class=\"overflow-hidden\">\n    <div class=\"container\">\n      <ul class=\"legal-accordion style-default\">\n          <li>\n            <a href=\"#\" class=\"opener\"><span>Deine Interessen und Begabungen<\/span><\/a>\n            <div class=\"slide\">\n              <div class=\"slide-wrap\">\n                \n\n<ul>\n<li>Vorliebe f\u00fcr Technik<\/li>\n\n\n\n<li>Handwerkliches Geschick und logisches Denken<\/li>\n\n\n\n<li>Geduld, Ausdauer und Sorgfalt<\/li>\n<\/ul>\n\n\n              <\/div>\n            <\/div>\n          <\/li>\n      <\/ul>\n  <\/div>\n<\/section>\n\n<section class=\"overflow-hidden\">\n    <div class=\"container\">\n      <ul class=\"legal-accordion style-default\">\n          <li>\n            <a href=\"#\" class=\"opener\"><span>Aufgaben w\u00e4hrend deiner ausbildung<\/span><\/a>\n            <div class=\"slide\">\n              <div class=\"slide-wrap\">\n                \n\n<ul>\n<li>Fahrzeuge, Maschinen oder Anlagen Montieren<\/li>\n\n\n\n<li>Erstinbetriebnahme von Kranfahrzeugen<\/li>\n\n\n\n<li>M\u00e4ngel identifizieren und beheben<\/li>\n\n\n\n<li>Messwerte richtig interpretieren<\/li>\n\n\n\n<li>Manuelle und maschinelle Bearbeitung von Werkst\u00fccken<\/li>\n\n\n\n<li>Schwei\u00dfarbeiten durchf\u00fchren<\/li>\n<\/ul>\n\n\n              <\/div>\n            <\/div>\n          <\/li>\n      <\/ul>\n  <\/div>\n<\/section>\n\n<section class=\"overflow-hidden\">\n    <div class=\"container\">\n      <ul class=\"legal-accordion style-default\">\n          <li>\n            <a href=\"#\" class=\"opener\"><span>Einsatzbereiche w\u00e4hrend deiner Ausbildung<\/span><\/a>\n            <div class=\"slide\">\n              <div class=\"slide-wrap\">\n                \n\n<ul>\n<li>Ausbildungswerkstatt<\/li>\n\n\n\n<li>Reparatur Werkstatt<\/li>\n\n\n\n<li>Montage<\/li>\n<\/ul>\n\n\n              <\/div>\n            <\/div>\n          <\/li>\n      <\/ul>\n  <\/div>\n<\/section>\n\n\n<div style=\"height:70px\" aria-hidden=\"true\" class=\"wp-block-spacer\"><\/div>\n\n\n\n<div class=\"wp-block-group is-layout-constrained wp-block-group-is-layout-constrained\"><div class=\"wp-block-group__inner-container\">\n<div class=\"wp-block-columns is-layout-flex wp-container-core-columns-layout-1 wp-block-columns-is-layout-flex\">\n<div class=\"wp-block-column is-layout-flow wp-block-column-is-layout-flow\" style=\"flex-basis:33.33%\">\n<h2 class=\"wp-block-heading\">Standort<\/h2>\n\n\n\n<h2 class=\"wp-block-heading\">Ausbildungsdauer<\/h2>\n\n\n\n<h2 class=\"wp-block-heading\">ArbeitsZeit<\/h2>\n\n\n\n<h2 class=\"wp-block-heading\">Urlaub<\/h2>\n<\/div>\n\n\n\n<div class=\"wp-block-column is-layout-flow wp-block-column-is-layout-flow\" style=\"flex-basis:66.66%\">\n<p>Zweibr\u00fccken<\/p>\n\n\n\n<p>3,5 Jahre<\/p>\n\n\n\n<p>35-Stunden-Woche<\/p>\n\n\n\n<p>30 Tage<\/p>\n<\/div>\n<\/div>\n\n\n\n<div class=\"wp-block-columns is-layout-flex wp-container-core-columns-layout-2 wp-block-columns-is-layout-flex\">\n<div class=\"wp-block-column is-layout-flow wp-block-column-is-layout-flow\" style=\"flex-basis:33.33%\">\n<h2 class=\"wp-block-heading\">Berufsschule<\/h2>\n<\/div>\n\n\n\n<div class=\"wp-block-column is-layout-flow wp-block-column-is-layout-flow\" style=\"flex-basis:66.66%\">\n<p>Berufsbildende Schule (BBS)<\/p>\n\n\n\n<p>Johann-Schwebel-Stra\u00dfe 1, 66482 Zweibr\u00fccken<\/p>\n\n\n\n<div class=\"wp-block-buttons is-layout-flex wp-block-buttons-is-layout-flex\">\n<div class=\"wp-block-button is-style-text-only\"><a class=\"wp-block-button__link wp-element-button\" href=\"https:\/\/www.bbs-zw.de\/\" target=\"_blank\" rel=\"noreferrer noopener\">ZUR Berufsschule<\/a><\/div>\n<\/div>\n<\/div>\n<\/div>\n\n\n\n<div class=\"wp-block-columns is-layout-flex wp-container-core-columns-layout-3 wp-block-columns-is-layout-flex\">\n<div class=\"wp-block-column is-layout-flow wp-block-column-is-layout-flow\" style=\"flex-basis:33.33%\">\n<h2 class=\"wp-block-heading\">Schulabschluss<\/h2>\n<\/div>\n\n\n\n<div class=\"wp-block-column is-layout-flow wp-block-column-is-layout-flow\" style=\"flex-basis:66.66%\">\n<p>mindestens qualifizierter Mittelschulabschluss<\/p>\n<\/div>\n<\/div>\n\n\n\n<div class=\"wp-block-columns is-layout-flex wp-container-core-columns-layout-4 wp-block-columns-is-layout-flex\"><\/div>\n<\/div><\/div>\n\n\n<section class=\"more-info\" id=\"media\">\n  <div class=\"container\">\n      <div class=\"media-gallery tablet-up\">\n                  <h2>Mediengalerie<\/h2>\n                <div class=\"gallery slick-slider\">\n                             <div class=\"gallery-single\">\n                    <a data-fancybox=\"gallery\" href=\"https:\/\/assets.onetadano.com\/celum_assets\/gallery-full\/Tadano_Lauf_fullres-20.jpg\">\n                       <div class=\"gallery-single-img\" style=\"background-image: url(https:\/\/assets.onetadano.com\/celum_assets\/gallery-thumb\/Tadano_Lauf_fullres-20.jpg);\"><\/div>\n                    <\/a>\n                  <\/div>\n                                <div class=\"gallery-single\">\n                    <a data-fancybox=\"gallery\" href=\"https:\/\/assets.onetadano.com\/celum_assets\/gallery-full\/Tadano_Lauf_fullres-19.jpg\">\n                       <div class=\"gallery-single-img\" style=\"background-image: url(https:\/\/assets.onetadano.com\/celum_assets\/gallery-thumb\/Tadano_Lauf_fullres-19.jpg);\"><\/div>\n                    <\/a>\n                  <\/div>\n                                <div class=\"gallery-single\">\n                    <a data-fancybox=\"gallery\" href=\"https:\/\/assets.onetadano.com\/celum_assets\/gallery-full\/Tadano_Lauf_fullres-10.jpg\">\n                       <div class=\"gallery-single-img\" style=\"background-image: url(https:\/\/assets.onetadano.com\/celum_assets\/gallery-thumb\/Tadano_Lauf_fullres-10.jpg);\"><\/div>\n                    <\/a>\n                  <\/div>\n                      <\/div>\n      <\/div>\n  <\/div>\n<\/section>\n\n\n\n\n\n\n\n\n\n\n\n  <section class=\"related-products related-pages\">\n    <div class=\"container\">\n      <div class=\"heading\">\n        <h2>Verwandte Seiten<\/h2>\n      <\/div>\n\n      <div class='r-products'>\n                  \n                      <div class='r-product-single'>\n              <a href='https:\/\/www.tadano.com\/dach\/de\/karriere\/ausbildung\/mechatroniker\/'>\n                <div class=\"img-holder\">\n                                    <div class=\"bg-stretch\" style=\"background-size:cover\">\n                    <span data-srcset=\"https:\/\/www.tadano.com\/dach\/wp-content\/uploads\/sites\/9\/2025\/01\/DSC_3944-280x187.jpg, https:\/\/www.tadano.com\/dach\/wp-content\/uploads\/sites\/9\/2025\/01\/DSC_3944-560x374.jpg 2x\"><\/span>\n                  <\/div>\n                                  <\/div>\n                <div class=\"text-block\">\n                  <strong class=\"title\">Mechatroniker<\/strong>\n                <\/div>\n              <\/a>\n            <\/div>\n                            \n                      <div class='r-product-single'>\n              <a href='https:\/\/www.tadano.com\/dach\/de\/karriere\/ausbildung\/technischer-produktdesigner\/'>\n                <div class=\"img-holder\">\n                                    <div class=\"bg-stretch\" style=\"background-size:cover\">\n                    <span data-srcset=\"https:\/\/www.tadano.com\/dach\/wp-content\/uploads\/sites\/9\/2024\/07\/Azubi_Technischer-Produktdesigner_Juli-2024_3-280x187.jpg, https:\/\/www.tadano.com\/dach\/wp-content\/uploads\/sites\/9\/2024\/07\/Azubi_Technischer-Produktdesigner_Juli-2024_3-560x373.jpg 2x\"><\/span>\n                  <\/div>\n                                  <\/div>\n                <div class=\"text-block\">\n                  <strong class=\"title\">Technischer Produktdesigner<\/strong>\n                <\/div>\n              <\/a>\n            <\/div>\n                            \n                      <div class='r-product-single'>\n              <a href='https:\/\/www.tadano.com\/dach\/de\/karriere\/ausbildung\/konstruktionsmechaniker\/'>\n                <div class=\"img-holder\">\n                                    <div class=\"bg-stretch\" style=\"background-size:cover\">\n                    <span data-srcset=\"https:\/\/www.tadano.com\/dach\/wp-content\/uploads\/sites\/9\/2025\/01\/DSC_3821-280x187.jpg, https:\/\/www.tadano.com\/dach\/wp-content\/uploads\/sites\/9\/2025\/01\/DSC_3821-560x374.jpg 2x\"><\/span>\n                  <\/div>\n                                  <\/div>\n                <div class=\"text-block\">\n                  <strong class=\"title\">Konstruktionsmechaniker<\/strong>\n                <\/div>\n              <\/a>\n            <\/div>\n                            \n                      <div class='r-product-single'>\n              <a href='https:\/\/www.tadano.com\/dach\/de\/karriere\/ausbildung\/bewerbungstipps-azubis\/'>\n                <div class=\"img-holder\">\n                                    <div class=\"bg-stretch\" style=\"background-size:cover\">\n                    <span data-srcset=\"https:\/\/assets.onetadano.com\/celum_assets\/img-thumb\/Tadano_Lauf_fullres-10.jpg, https:\/\/assets.onetadano.com\/celum_assets\/img-thumb-2x\/Tadano_Lauf_fullres-10.jpg 2x\"><\/span>\n                  <\/div>\n                                  <\/div>\n                <div class=\"text-block\">\n                  <strong class=\"title\">Bewerbungstipps Azubis<\/strong>\n                <\/div>\n              <\/a>\n            <\/div>\n                        <\/div>\n        \n    <\/div>\n  <\/section>\n  \n","protected":false},"excerpt":{"rendered":"<p>Montieren und reparieren machen Dir Spa\u00df? Dann ist die Ausbildung zum KFZ-Mechatroniker \u2013 Nutzfahrzeugtechnik genau das Richtige f\u00fcr Dich. Du sorgst daf\u00fcr, dass unsere Fahrzeuge entstehen und fahrbereit sind. Wir zeigen dir, wie Du Fehler in mechanischen, hydraulischen, pneumatischen und elektrischen Systemen findest und die M\u00e4ngel behebst. Typische Werkstattaufgaben wie \u00d6l- und Filterwechsel oder Schwei\u00dfen [&hellip;]<\/p>\n","protected":false},"author":5,"featured_media":0,"parent":25510,"menu_order":0,"comment_status":"closed","ping_status":"closed","template":"","meta":{"_acf_changed":false,"footnotes":""},"acf":[],"yoast_head":"<!-- This site is optimized with the Yoast SEO plugin v22.3 - https:\/\/yoast.com\/wordpress\/plugins\/seo\/ -->\n<title>KFZ-Mechatroniker - DACH<\/title>\n<meta name=\"robots\" content=\"index, follow, max-snippet:-1, max-image-preview:large, max-video-preview:-1\" \/>\n<link rel=\"canonical\" href=\"https:\/\/www.tadano.com\/dach\/de\/karriere\/ausbildung\/kfz-mechatroniker\/\" \/>\n<meta property=\"og:locale\" content=\"de_DE\" \/>\n<meta property=\"og:type\" content=\"article\" \/>\n<meta property=\"og:title\" content=\"KFZ-Mechatroniker - DACH\" \/>\n<meta property=\"og:description\" content=\"Montieren und reparieren machen Dir Spa\u00df? Dann ist die Ausbildung zum KFZ-Mechatroniker \u2013 Nutzfahrzeugtechnik genau das Richtige f\u00fcr Dich. Du sorgst daf\u00fcr, dass unsere Fahrzeuge entstehen und fahrbereit sind. Wir zeigen dir, wie Du Fehler in mechanischen, hydraulischen, pneumatischen und elektrischen Systemen findest und die M\u00e4ngel behebst. Typische Werkstattaufgaben wie \u00d6l- und Filterwechsel oder Schwei\u00dfen [&hellip;]\" \/>\n<meta property=\"og:url\" content=\"https:\/\/www.tadano.com\/dach\/de\/karriere\/ausbildung\/kfz-mechatroniker\/\" \/>\n<meta property=\"og:site_name\" content=\"DACH\" \/>\n<meta property=\"article:modified_time\" content=\"2025-08-11T08:59:12+00:00\" \/>\n<meta name=\"twitter:card\" content=\"summary_large_image\" \/>\n<meta name=\"twitter:label1\" content=\"Gesch\u00e4tzte Lesezeit\" \/>\n\t<meta name=\"twitter:data1\" content=\"1\u00a0Minute\" \/>\n<script type=\"application\/ld+json\" class=\"yoast-schema-graph\">{\"@context\":\"https:\/\/schema.org\",\"@graph\":[{\"@type\":\"WebPage\",\"@id\":\"https:\/\/www.tadano.com\/dach\/de\/karriere\/ausbildung\/kfz-mechatroniker\/\",\"url\":\"https:\/\/www.tadano.com\/dach\/de\/karriere\/ausbildung\/kfz-mechatroniker\/\",\"name\":\"KFZ-Mechatroniker - DACH\",\"isPartOf\":{\"@id\":\"https:\/\/www.tadano.com\/dach\/en\/#website\"},\"datePublished\":\"2024-06-19T13:33:32+00:00\",\"dateModified\":\"2025-08-11T08:59:12+00:00\",\"breadcrumb\":{\"@id\":\"https:\/\/www.tadano.com\/dach\/de\/karriere\/ausbildung\/kfz-mechatroniker\/#breadcrumb\"},\"inLanguage\":\"de\",\"potentialAction\":[{\"@type\":\"ReadAction\",\"target\":[\"https:\/\/www.tadano.com\/dach\/de\/karriere\/ausbildung\/kfz-mechatroniker\/\"]}]},{\"@type\":\"BreadcrumbList\",\"@id\":\"https:\/\/www.tadano.com\/dach\/de\/karriere\/ausbildung\/kfz-mechatroniker\/#breadcrumb\",\"itemListElement\":[{\"@type\":\"ListItem\",\"position\":1,\"name\":\"Karriere\",\"item\":\"https:\/\/www.tadano.com\/dach\/karriere\/\"},{\"@type\":\"ListItem\",\"position\":2,\"name\":\"Ausbildung bei Tadano\",\"item\":\"https:\/\/www.tadano.com\/dach\/de\/karriere\/ausbildung\/\"},{\"@type\":\"ListItem\",\"position\":3,\"name\":\"KFZ-Mechatroniker\"}]},{\"@type\":\"WebSite\",\"@id\":\"https:\/\/www.tadano.com\/dach\/en\/#website\",\"url\":\"https:\/\/www.tadano.com\/dach\/en\/\",\"name\":\"DACH\",\"description\":\"Just another TADANO EUROPE site\",\"potentialAction\":[{\"@type\":\"SearchAction\",\"target\":{\"@type\":\"EntryPoint\",\"urlTemplate\":\"https:\/\/www.tadano.com\/dach\/en\/?s={search_term_string}\"},\"query-input\":\"required name=search_term_string\"}],\"inLanguage\":\"de\"}]}<\/script>\n<!-- \/ Yoast SEO plugin. -->","yoast_head_json":{"title":"KFZ-Mechatroniker - DACH","robots":{"index":"index","follow":"follow","max-snippet":"max-snippet:-1","max-image-preview":"max-image-preview:large","max-video-preview":"max-video-preview:-1"},"canonical":"https:\/\/www.tadano.com\/dach\/de\/karriere\/ausbildung\/kfz-mechatroniker\/","og_locale":"de_DE","og_type":"article","og_title":"KFZ-Mechatroniker - DACH","og_description":"Montieren und reparieren machen Dir Spa\u00df? Dann ist die Ausbildung zum KFZ-Mechatroniker \u2013 Nutzfahrzeugtechnik genau das Richtige f\u00fcr Dich. Du sorgst daf\u00fcr, dass unsere Fahrzeuge entstehen und fahrbereit sind. Wir zeigen dir, wie Du Fehler in mechanischen, hydraulischen, pneumatischen und elektrischen Systemen findest und die M\u00e4ngel behebst. Typische Werkstattaufgaben wie \u00d6l- und Filterwechsel oder Schwei\u00dfen [&hellip;]","og_url":"https:\/\/www.tadano.com\/dach\/de\/karriere\/ausbildung\/kfz-mechatroniker\/","og_site_name":"DACH","article_modified_time":"2025-08-11T08:59:12+00:00","twitter_card":"summary_large_image","twitter_misc":{"Gesch\u00e4tzte Lesezeit":"1\u00a0Minute"},"schema":{"@context":"https:\/\/schema.org","@graph":[{"@type":"WebPage","@id":"https:\/\/www.tadano.com\/dach\/de\/karriere\/ausbildung\/kfz-mechatroniker\/","url":"https:\/\/www.tadano.com\/dach\/de\/karriere\/ausbildung\/kfz-mechatroniker\/","name":"KFZ-Mechatroniker - DACH","isPartOf":{"@id":"https:\/\/www.tadano.com\/dach\/en\/#website"},"datePublished":"2024-06-19T13:33:32+00:00","dateModified":"2025-08-11T08:59:12+00:00","breadcrumb":{"@id":"https:\/\/www.tadano.com\/dach\/de\/karriere\/ausbildung\/kfz-mechatroniker\/#breadcrumb"},"inLanguage":"de","potentialAction":[{"@type":"ReadAction","target":["https:\/\/www.tadano.com\/dach\/de\/karriere\/ausbildung\/kfz-mechatroniker\/"]}]},{"@type":"BreadcrumbList","@id":"https:\/\/www.tadano.com\/dach\/de\/karriere\/ausbildung\/kfz-mechatroniker\/#breadcrumb","itemListElement":[{"@type":"ListItem","position":1,"name":"Karriere","item":"https:\/\/www.tadano.com\/dach\/karriere\/"},{"@type":"ListItem","position":2,"name":"Ausbildung bei Tadano","item":"https:\/\/www.tadano.com\/dach\/de\/karriere\/ausbildung\/"},{"@type":"ListItem","position":3,"name":"KFZ-Mechatroniker"}]},{"@type":"WebSite","@id":"https:\/\/www.tadano.com\/dach\/en\/#website","url":"https:\/\/www.tadano.com\/dach\/en\/","name":"DACH","description":"Just another TADANO EUROPE site","potentialAction":[{"@type":"SearchAction","target":{"@type":"EntryPoint","urlTemplate":"https:\/\/www.tadano.com\/dach\/en\/?s={search_term_string}"},"query-input":"required name=search_term_string"}],"inLanguage":"de"}]}},"_links":{"self":[{"href":"https:\/\/www.tadano.com\/dach\/de\/wp-json\/wp\/v2\/pages\/25576"}],"collection":[{"href":"https:\/\/www.tadano.com\/dach\/de\/wp-json\/wp\/v2\/pages"}],"about":[{"href":"https:\/\/www.tadano.com\/dach\/de\/wp-json\/wp\/v2\/types\/page"}],"author":[{"embeddable":true,"href":"https:\/\/www.tadano.com\/dach\/de\/wp-json\/wp\/v2\/users\/5"}],"replies":[{"embeddable":true,"href":"https:\/\/www.tadano.com\/dach\/de\/wp-json\/wp\/v2\/comments?post=25576"}],"version-history":[{"count":5,"href":"https:\/\/www.tadano.com\/dach\/de\/wp-json\/wp\/v2\/pages\/25576\/revisions"}],"predecessor-version":[{"id":33304,"href":"https:\/\/www.tadano.com\/dach\/de\/wp-json\/wp\/v2\/pages\/25576\/revisions\/33304"}],"up":[{"embeddable":true,"href":"https:\/\/www.tadano.com\/dach\/de\/wp-json\/wp\/v2\/pages\/25510"}],"wp:attachment":[{"href":"https:\/\/www.tadano.com\/dach\/de\/wp-json\/wp\/v2\/media?parent=25576"}],"curies":[{"name":"wp","href":"https:\/\/api.w.org\/{rel}","templated":true}]}}