{"id":25777,"date":"2024-06-12T13:05:03","date_gmt":"2024-06-12T13:05:03","guid":{"rendered":"https:\/\/www.tadano.com\/dach\/?page_id=25777"},"modified":"2025-01-22T10:33:13","modified_gmt":"2025-01-22T10:33:13","slug":"bewerbungstipps-azubis","status":"publish","type":"page","link":"https:\/\/www.tadano.com\/dach\/de\/karriere\/ausbildung\/bewerbungstipps-azubis\/","title":{"rendered":"Bewerbungstipps Azubis"},"content":{"rendered":"\n<p><\/p>\n\n\n\n\n\n<section class=\"hero-section\">\n\n\t\n\t\t\t<style type=\"text\/css\">\n\t\t\t.hero-section .img-holder:before {\n\t\t\t\tdisplay: none;\n\t\t\t}\n\t\t<\/style>\n\t\n\t\n\t<div class=\"img-holder \">\n\t\t\t\t<div class=\"bg-stretch\" style=\"background-position: 50% 50%; \">\n\t\t\t<span data-srcset=\"https:\/\/assets.onetadano.com\/celum_assets\/hero\/Tadano_Lauf_fullres-10.jpg, https:\/\/assets.onetadano.com\/celum_assets\/hero-2x\/Tadano_Lauf_fullres-10.jpg 2x\"><\/span>\n\t\t<\/div>\n\t\t\t\t\t\t<div class=\"logo green-solutions\" style=\"display:none;\">\n\t\t\t<a href=\"#\"><img decoding=\"async\" src=\"https:\/\/www.tadano.com\/dach\/wp-content\/themes\/tadano\/assets\/dist\/images\/Green-Solutions_Logo_White.svg\"><\/a>\n\t\t<\/div>\n\t<\/div>\n\t<div class=\"container\">\n\t\t<div class=\"text-holder \">\n\t\t\t<div class=\"wrap\">\n\t\t\t\t\n\t\t\t\t<ul class=\"breadcrumbs\"><li><a href=\"https:\/\/www.tadano.com\/dach\/de\/\">Startseite<\/a><\/li><\/ul>\n\t\t\t\t\n\n<h1 class=\"wp-block-heading\">Bewerbungstipps<\/h1>\n\n\n\n<p>Bewerbungstipps f\u00fcr Deine Bewerbung bei Tadano.<\/p>\n\n\n\n\t\t\t\t\n\t\t\t<\/div>\n\n\t\t\t\n\t\t\t\n\t\t\t\n\t\t<\/div>\n\t<\/div>\n<\/section>\n\n\n<div style=\"height:40px\" aria-hidden=\"true\" class=\"wp-block-spacer\"><\/div>\n\n\n\n<h2 class=\"wp-block-heading\">Starte in deine Zukunft. mit Tadano.<\/h2>\n\n\n\n<p>Der erste Schritt in Deine berufliche Zukunft ist die Bewerbung \u2013 und wir m\u00f6chten Dir dabei helfen, den bestm\u00f6glichen Eindruck zu hinterlassen. Bei Tadano legen wir gro\u00dfen Wert auf Innovation, Teamarbeit und Leidenschaft f\u00fcr Technik. Um sicherzustellen, dass Deine Bewerbung diese Werte widerspiegelt, haben wir einige hilfreiche Tipps zusammengestellt. Diese unterst\u00fctzen Dich dabei, dich optimal auf Deinen Ausbildungsplatz bei Tadano vorzubereiten. <\/p>\n\n\n\n<div class=\"wp-block-group is-style-background-white is-layout-constrained wp-block-group-is-layout-constrained\"><div class=\"wp-block-group__inner-container\"><section class=\"overflow-hidden\">\n    <div class=\"container\">\n      <ul class=\"legal-accordion style-default\">\n          <li>\n            <a href=\"#\" class=\"opener\"><span>Bewerbungstipp 1<\/span><\/a>\n            <div class=\"slide\">\n              <div class=\"slide-wrap\">\n                \n\n<h2 class=\"wp-block-heading\"><strong>vollst\u00e4ndige Bewerbung:<\/strong><\/h2>\n\n\n\n<ul>\n<li>Lebenslauf mit Foto (optional)<\/li>\n<\/ul>\n\n\n\n<ul>\n<li>letzten beiden Schulzeugnisse<\/li>\n<\/ul>\n\n\n\n<ul>\n<li>Praktikumsbest\u00e4tigungen und -zeugnisse<\/li>\n<\/ul>\n\n\n\n<ul>\n<li>besondere Zertifikate und Auszeichnungen (z.B. Englisch-Zertifikat, Erste-Hilfe-Zertifikat, etc.)<\/li>\n<\/ul>\n\n\n\n<div style=\"height:17px\" aria-hidden=\"true\" class=\"wp-block-spacer\"><\/div>\n\n\n\n<p>Von einem Anschreiben sehen wir ab. Wir wollen Dich als Person kennenlernen.<\/p>\n\n\n\n<div style=\"height:25px\" aria-hidden=\"true\" class=\"wp-block-spacer\"><\/div>\n\n\n\n<p>Achte auf korrekte Rechtschreibung und eine ordentliche Form.<\/p>\n\n\n\n<p>Auch Firmenname, Ansprechpartner und Anschrift der Firma sollen korrekt und vollst\u00e4ndig sein.<\/p>\n\n\n\n<p><strong>Online-Bewerbung:<\/strong><\/p>\n\n\n\n<p>Bitte bewirb Dich, indem Du unser Online-Formular ausf\u00fcllst, dass Du \u00fcber die einzelnen Berufe aufrufen kannst.<\/p>\n\n\n\n<div class=\"wp-block-buttons is-layout-flex wp-block-buttons-is-layout-flex\">\n<div class=\"wp-block-button\"><a class=\"wp-block-button__link wp-element-button\" href=\"https:\/\/www.tadano.com\/dach\/de\/karriere\/stellenangebote\/\">Zu den Stellenangeboten<\/a><\/div>\n<\/div>\n\n\n              <\/div>\n            <\/div>\n          <\/li>\n      <\/ul>\n  <\/div>\n<\/section>\n\n<section class=\"overflow-hidden\">\n    <div class=\"container\">\n      <ul class=\"legal-accordion style-default\">\n          <li>\n            <a href=\"#\" class=\"opener\"><span>Bewerbungstipp 2<\/span><\/a>\n            <div class=\"slide\">\n              <div class=\"slide-wrap\">\n                \n\n<h2 class=\"wp-block-heading\"><strong>Einstellungstest:<\/strong><\/h2>\n\n\n\n<p>Wenn uns Deine Bewerbung zusagt, laden wir Dich zum Online-Einstellungstest ein.<\/p>\n\n\n\n<p>Bitte vergiss den Termin nicht und plane Dir daf\u00fcr 60 Minuten ein.<\/p>\n\n\n\n<p><strong>Auf folgendes solltest Du vorbereitet sein:<\/strong> <\/p>\n\n\n\n<ul>\n<li>Allgemeinwissen<\/li>\n\n\n\n<li>Mathematik<\/li>\n\n\n\n<li>Englisch<\/li>\n\n\n\n<li>Deutsch<\/li>\n<\/ul>\n\n\n              <\/div>\n            <\/div>\n          <\/li>\n      <\/ul>\n  <\/div>\n<\/section>\n\n<section class=\"overflow-hidden\">\n    <div class=\"container\">\n      <ul class=\"legal-accordion style-default\">\n          <li>\n            <a href=\"#\" class=\"opener\"><span>Bewerbungstipp 3<\/span><\/a>\n            <div class=\"slide\">\n              <div class=\"slide-wrap\">\n                \n\n<h2 class=\"wp-block-heading\"><strong>Vorstellungsgespr\u00e4ch:<\/strong><\/h2>\n\n\n\n<p>Nachdem Du den Einstellungstest erfolgreich gemeistert hast, laden wir Dich zum Vorstellungsgespr\u00e4ch ein.<\/p>\n\n\n\n<p>Hier solltest du ebenfalls p\u00fcnktlich sein und auf angemessene Kleidung achten.<\/p>\n\n\n\n<p><strong>Das solltest Du im Vorfeld tun:<\/strong><\/p>\n\n\n\n<ul>\n<li>Informiere Dich gut \u00fcber Tadano und den Beruf, f\u00fcr den Du Dich beworben hast.<\/li>\n\n\n\n<li>Gehe am besten auch noch einmal Deine Bewerbungsunterlagen durch.<\/li>\n\n\n\n<li>Wichtig ist auch, dass Du Dir \u00fcberlegst, welche Fragen Du \u00fcber die Ausbildung noch hast.<\/li>\n<\/ul>\n\n\n              <\/div>\n            <\/div>\n          <\/li>\n      <\/ul>\n  <\/div>\n<\/section><\/div><\/div>\n\n\n<div class=\"cta-block\">\n    <div class=\"container\">\n    <div class=\"left\">\n      <ul class=\"btn-list\">\n        <li><a href=\"https:\/\/www.tadano.com\/dach\/de\/ueber-uns\/\" class=\"btn btn-light\">\u00dcber Tadano<\/a><\/li>\n      <\/ul>\n    <\/div>\n    <div class=\"right\">\n                          <ul class=\"btn-list\">\n                            \n                                  <li><a href=\"https:\/\/www.tadano.com\/dach\/de\/ueber-uns\/\" class=\"btn btn-outline-white\">Tadanos Geschichte<\/a><\/li>\n                              \n                                \n                                  <li><a href=\"https:\/\/www.tadano.com\/dach\/de\/hebetechnik\/\" class=\"btn btn-outline-white\">Produkt\u00fcbersicht<\/a><\/li>\n                              \n                              \n          <\/ul>\n            <\/div>\n  <\/div>\n<\/div>\n\n\n<div style=\"height:40px\" aria-hidden=\"true\" class=\"wp-block-spacer\"><\/div>\n\n\n\n<h2 class=\"wp-block-heading\">FAQ&#8217;s Ausbildung<\/h2>\n\n\n<section class=\"overflow-hidden\">\n    <div class=\"container\">\n      <ul class=\"legal-accordion style-small\">\n          <li>\n            <a href=\"#\" class=\"opener\"><span>Wie bewerbe ich mich auf eine Ausbildungsstelle bei Tadano?<\/span><\/a>\n            <div class=\"slide\">\n              <div class=\"slide-wrap\">\n                \n\n<p>Du kannst dich direkt \u00fcber unsere Karriereseite bewerben, indem du das Online-Bewerbungsformular ausf\u00fcllst und Deine Bewerbungsunterlagen hochl\u00e4dst. Mehr hierzu findest du bei den Bewerbungstipps.<\/p>\n\n\n\n<div class=\"wp-block-buttons is-layout-flex wp-block-buttons-is-layout-flex\">\n<div class=\"wp-block-button\"><a class=\"wp-block-button__link wp-element-button\" href=\"https:\/\/www.tadano.com\/dach\/de\/karriere\/stellenangebote\/\">Zu den Stellenangeboten<\/a><\/div>\n<\/div>\n\n\n\n<div class=\"wp-block-buttons is-layout-flex wp-block-buttons-is-layout-flex\">\n<div class=\"wp-block-button\"><a class=\"wp-block-button__link wp-element-button\" href=\"https:\/\/www.tadano.com\/dach\/de\/karriere\/bewerbungstipps-azubis\/\">Zu den Bewerbungstipps<\/a><\/div>\n<\/div>\n\n\n              <\/div>\n            <\/div>\n          <\/li>\n      <\/ul>\n  <\/div>\n<\/section>\n\n<section class=\"overflow-hidden\">\n    <div class=\"container\">\n      <ul class=\"legal-accordion style-small\">\n          <li>\n            <a href=\"#\" class=\"opener\"><span>Welche Qualifikationen und F\u00e4higkeiten sind f\u00fcr eine Ausbildung bei Tadano wichtig?<\/span><\/a>\n            <div class=\"slide\">\n              <div class=\"slide-wrap\">\n                \n\n<p>Neben guten schulischen Leistungen sind technisches Verst\u00e4ndnis, Teamf\u00e4higkeit und eine hohe Lernbereitschaft wichtig. Praktische Erfahrungen, wie Praktika oder ehrenamtliche T\u00e4tigkeiten, sind von Vorteil.<\/p>\n\n\n              <\/div>\n            <\/div>\n          <\/li>\n      <\/ul>\n  <\/div>\n<\/section>\n\n<section class=\"overflow-hidden\">\n    <div class=\"container\">\n      <ul class=\"legal-accordion style-small\">\n          <li>\n            <a href=\"#\" class=\"opener\"><span>Wie sieht der typische Arbeitsalltag eines Auszubildenden bei Tadano aus?<\/span><\/a>\n            <div class=\"slide\">\n              <div class=\"slide-wrap\">\n                \n\n<p>Der Arbeitsalltag eines Auszubildenden bei Tadano ist abwechslungsreich und praxisorientiert. Du wirst verschiedene Abteilungen durchlaufen, an Projekten mitarbeiten und kontinuierlich durch Schulungen und Workshops unterst\u00fctzt.<\/p>\n\n\n              <\/div>\n            <\/div>\n          <\/li>\n      <\/ul>\n  <\/div>\n<\/section>\n\n<section class=\"overflow-hidden\">\n    <div class=\"container\">\n      <ul class=\"legal-accordion style-small\">\n          <li>\n            <a href=\"#\" class=\"opener\"><span>Welche Arbeitszeiten gelten f\u00fcr Auszubildende bei Tadano?<\/span><\/a>\n            <div class=\"slide\">\n              <div class=\"slide-wrap\">\n                \n\n<p>Die Arbeitszeiten f\u00fcr Auszubildende richten sich nach den gesetzlichen Vorgaben und den betrieblichen Vereinbarungen. Es gibt flexible Arbeitszeitmodelle, die es erm\u00f6glichen, Beruf und Freizeit gut zu vereinbaren.<\/p>\n\n\n              <\/div>\n            <\/div>\n          <\/li>\n      <\/ul>\n  <\/div>\n<\/section>","protected":false},"excerpt":{"rendered":"<p>Starte in deine Zukunft. mit Tadano. Der erste Schritt in Deine berufliche Zukunft ist die Bewerbung \u2013 und wir m\u00f6chten Dir dabei helfen, den bestm\u00f6glichen Eindruck zu hinterlassen. Bei Tadano legen wir gro\u00dfen Wert auf Innovation, Teamarbeit und Leidenschaft f\u00fcr Technik. Um sicherzustellen, dass Deine Bewerbung diese Werte widerspiegelt, haben wir einige hilfreiche Tipps zusammengestellt. [&hellip;]<\/p>\n","protected":false},"author":2,"featured_media":0,"parent":25510,"menu_order":0,"comment_status":"closed","ping_status":"closed","template":"","meta":{"_acf_changed":false,"footnotes":""},"acf":[],"yoast_head":"<!-- This site is optimized with the Yoast SEO plugin v22.3 - https:\/\/yoast.com\/wordpress\/plugins\/seo\/ -->\n<title>Bewerbungstipps Azubis - DACH<\/title>\n<meta name=\"robots\" content=\"index, follow, max-snippet:-1, max-image-preview:large, max-video-preview:-1\" \/>\n<link rel=\"canonical\" href=\"https:\/\/www.tadano.com\/dach\/de\/karriere\/ausbildung\/bewerbungstipps-azubis\/\" \/>\n<meta property=\"og:locale\" content=\"de_DE\" \/>\n<meta property=\"og:type\" content=\"article\" \/>\n<meta property=\"og:title\" content=\"Bewerbungstipps Azubis - DACH\" \/>\n<meta property=\"og:description\" content=\"Starte in deine Zukunft. mit Tadano. Der erste Schritt in Deine berufliche Zukunft ist die Bewerbung \u2013 und wir m\u00f6chten Dir dabei helfen, den bestm\u00f6glichen Eindruck zu hinterlassen. Bei Tadano legen wir gro\u00dfen Wert auf Innovation, Teamarbeit und Leidenschaft f\u00fcr Technik. Um sicherzustellen, dass Deine Bewerbung diese Werte widerspiegelt, haben wir einige hilfreiche Tipps zusammengestellt. [&hellip;]\" \/>\n<meta property=\"og:url\" content=\"https:\/\/www.tadano.com\/dach\/de\/karriere\/ausbildung\/bewerbungstipps-azubis\/\" \/>\n<meta property=\"og:site_name\" content=\"DACH\" \/>\n<meta property=\"article:modified_time\" content=\"2025-01-22T10:33:13+00:00\" \/>\n<meta name=\"twitter:card\" content=\"summary_large_image\" \/>\n<meta name=\"twitter:label1\" content=\"Gesch\u00e4tzte Lesezeit\" \/>\n\t<meta name=\"twitter:data1\" content=\"2\u00a0Minuten\" \/>\n<script type=\"application\/ld+json\" class=\"yoast-schema-graph\">{\"@context\":\"https:\/\/schema.org\",\"@graph\":[{\"@type\":\"WebPage\",\"@id\":\"https:\/\/www.tadano.com\/dach\/de\/karriere\/ausbildung\/bewerbungstipps-azubis\/\",\"url\":\"https:\/\/www.tadano.com\/dach\/de\/karriere\/ausbildung\/bewerbungstipps-azubis\/\",\"name\":\"Bewerbungstipps Azubis - DACH\",\"isPartOf\":{\"@id\":\"https:\/\/www.tadano.com\/dach\/en\/#website\"},\"datePublished\":\"2024-06-12T13:05:03+00:00\",\"dateModified\":\"2025-01-22T10:33:13+00:00\",\"breadcrumb\":{\"@id\":\"https:\/\/www.tadano.com\/dach\/de\/karriere\/ausbildung\/bewerbungstipps-azubis\/#breadcrumb\"},\"inLanguage\":\"de\",\"potentialAction\":[{\"@type\":\"ReadAction\",\"target\":[\"https:\/\/www.tadano.com\/dach\/de\/karriere\/ausbildung\/bewerbungstipps-azubis\/\"]}]},{\"@type\":\"BreadcrumbList\",\"@id\":\"https:\/\/www.tadano.com\/dach\/de\/karriere\/ausbildung\/bewerbungstipps-azubis\/#breadcrumb\",\"itemListElement\":[{\"@type\":\"ListItem\",\"position\":1,\"name\":\"Karriere\",\"item\":\"https:\/\/www.tadano.com\/dach\/karriere\/\"},{\"@type\":\"ListItem\",\"position\":2,\"name\":\"Ausbildung bei Tadano\",\"item\":\"https:\/\/www.tadano.com\/dach\/de\/karriere\/ausbildung\/\"},{\"@type\":\"ListItem\",\"position\":3,\"name\":\"Bewerbungstipps Azubis\"}]},{\"@type\":\"WebSite\",\"@id\":\"https:\/\/www.tadano.com\/dach\/en\/#website\",\"url\":\"https:\/\/www.tadano.com\/dach\/en\/\",\"name\":\"DACH\",\"description\":\"Just another TADANO EUROPE site\",\"potentialAction\":[{\"@type\":\"SearchAction\",\"target\":{\"@type\":\"EntryPoint\",\"urlTemplate\":\"https:\/\/www.tadano.com\/dach\/en\/?s={search_term_string}\"},\"query-input\":\"required name=search_term_string\"}],\"inLanguage\":\"de\"}]}<\/script>\n<!-- \/ Yoast SEO plugin. -->","yoast_head_json":{"title":"Bewerbungstipps Azubis - DACH","robots":{"index":"index","follow":"follow","max-snippet":"max-snippet:-1","max-image-preview":"max-image-preview:large","max-video-preview":"max-video-preview:-1"},"canonical":"https:\/\/www.tadano.com\/dach\/de\/karriere\/ausbildung\/bewerbungstipps-azubis\/","og_locale":"de_DE","og_type":"article","og_title":"Bewerbungstipps Azubis - DACH","og_description":"Starte in deine Zukunft. mit Tadano. Der erste Schritt in Deine berufliche Zukunft ist die Bewerbung \u2013 und wir m\u00f6chten Dir dabei helfen, den bestm\u00f6glichen Eindruck zu hinterlassen. Bei Tadano legen wir gro\u00dfen Wert auf Innovation, Teamarbeit und Leidenschaft f\u00fcr Technik. Um sicherzustellen, dass Deine Bewerbung diese Werte widerspiegelt, haben wir einige hilfreiche Tipps zusammengestellt. [&hellip;]","og_url":"https:\/\/www.tadano.com\/dach\/de\/karriere\/ausbildung\/bewerbungstipps-azubis\/","og_site_name":"DACH","article_modified_time":"2025-01-22T10:33:13+00:00","twitter_card":"summary_large_image","twitter_misc":{"Gesch\u00e4tzte Lesezeit":"2\u00a0Minuten"},"schema":{"@context":"https:\/\/schema.org","@graph":[{"@type":"WebPage","@id":"https:\/\/www.tadano.com\/dach\/de\/karriere\/ausbildung\/bewerbungstipps-azubis\/","url":"https:\/\/www.tadano.com\/dach\/de\/karriere\/ausbildung\/bewerbungstipps-azubis\/","name":"Bewerbungstipps Azubis - DACH","isPartOf":{"@id":"https:\/\/www.tadano.com\/dach\/en\/#website"},"datePublished":"2024-06-12T13:05:03+00:00","dateModified":"2025-01-22T10:33:13+00:00","breadcrumb":{"@id":"https:\/\/www.tadano.com\/dach\/de\/karriere\/ausbildung\/bewerbungstipps-azubis\/#breadcrumb"},"inLanguage":"de","potentialAction":[{"@type":"ReadAction","target":["https:\/\/www.tadano.com\/dach\/de\/karriere\/ausbildung\/bewerbungstipps-azubis\/"]}]},{"@type":"BreadcrumbList","@id":"https:\/\/www.tadano.com\/dach\/de\/karriere\/ausbildung\/bewerbungstipps-azubis\/#breadcrumb","itemListElement":[{"@type":"ListItem","position":1,"name":"Karriere","item":"https:\/\/www.tadano.com\/dach\/karriere\/"},{"@type":"ListItem","position":2,"name":"Ausbildung bei Tadano","item":"https:\/\/www.tadano.com\/dach\/de\/karriere\/ausbildung\/"},{"@type":"ListItem","position":3,"name":"Bewerbungstipps Azubis"}]},{"@type":"WebSite","@id":"https:\/\/www.tadano.com\/dach\/en\/#website","url":"https:\/\/www.tadano.com\/dach\/en\/","name":"DACH","description":"Just another TADANO EUROPE site","potentialAction":[{"@type":"SearchAction","target":{"@type":"EntryPoint","urlTemplate":"https:\/\/www.tadano.com\/dach\/en\/?s={search_term_string}"},"query-input":"required name=search_term_string"}],"inLanguage":"de"}]}},"_links":{"self":[{"href":"https:\/\/www.tadano.com\/dach\/de\/wp-json\/wp\/v2\/pages\/25777"}],"collection":[{"href":"https:\/\/www.tadano.com\/dach\/de\/wp-json\/wp\/v2\/pages"}],"about":[{"href":"https:\/\/www.tadano.com\/dach\/de\/wp-json\/wp\/v2\/types\/page"}],"author":[{"embeddable":true,"href":"https:\/\/www.tadano.com\/dach\/de\/wp-json\/wp\/v2\/users\/2"}],"replies":[{"embeddable":true,"href":"https:\/\/www.tadano.com\/dach\/de\/wp-json\/wp\/v2\/comments?post=25777"}],"version-history":[{"count":5,"href":"https:\/\/www.tadano.com\/dach\/de\/wp-json\/wp\/v2\/pages\/25777\/revisions"}],"predecessor-version":[{"id":32573,"href":"https:\/\/www.tadano.com\/dach\/de\/wp-json\/wp\/v2\/pages\/25777\/revisions\/32573"}],"up":[{"embeddable":true,"href":"https:\/\/www.tadano.com\/dach\/de\/wp-json\/wp\/v2\/pages\/25510"}],"wp:attachment":[{"href":"https:\/\/www.tadano.com\/dach\/de\/wp-json\/wp\/v2\/media?parent=25777"}],"curies":[{"name":"wp","href":"https:\/\/api.w.org\/{rel}","templated":true}]}}