{"id":25782,"date":"2024-06-12T12:57:46","date_gmt":"2024-06-12T12:57:46","guid":{"rendered":"https:\/\/www.tadano.com\/dach\/?page_id=25782"},"modified":"2025-06-06T08:13:44","modified_gmt":"2025-06-06T08:13:44","slug":"standorte","status":"publish","type":"page","link":"https:\/\/www.tadano.com\/dach\/de\/karriere\/standorte\/","title":{"rendered":"Standorte"},"content":{"rendered":"\n\n\n<section class=\"hero-section\">\n\n\t\n\t\t\t<style type=\"text\/css\">\n\t\t\t.hero-section .img-holder:before {\n\t\t\t\tdisplay: none;\n\t\t\t}\n\t\t<\/style>\n\t\n\t\n\t<div class=\"img-holder \">\n\t\t\t\t<div class=\"bg-stretch\" style=\"background-position: 50% 100%; \">\n\t\t\t<span data-srcset=\"https:\/\/mediahub.tadano.com\/m\/9db9f62a0ab2b0e\/hero-img_tadano_Faun_Lauf_Office.jpg, https:\/\/mediahub.tadano.com\/m\/9db9f62a0ab2b0e\/hero_2x-img_tadano_Faun_Lauf_Office.jpg 2x\"><\/span>\n\t\t<\/div>\n\t\t\t\t\t\t<div class=\"logo green-solutions\" style=\"display:none;\">\n\t\t\t<a href=\"#\"><img decoding=\"async\" src=\"https:\/\/www.tadano.com\/dach\/wp-content\/themes\/tadano\/assets\/dist\/images\/Green-Solutions_Logo_White.svg\"><\/a>\n\t\t<\/div>\n\t<\/div>\n\t<div class=\"container\">\n\t\t<div class=\"text-holder \">\n\t\t\t<div class=\"wrap\">\n\t\t\t\t\n\t\t\t\t<ul class=\"breadcrumbs\"><li><a href=\"https:\/\/www.tadano.com\/dach\/de\/\">Startseite<\/a><\/li><\/ul>\n\t\t\t\t\n\n<h1 class=\"wp-block-heading\">Standorte<\/h1>\n\n\n\n<p>Willkommen bei Tadano in Deutschland mit Standorten in Lauf an der Pegnitz und in Zweibr\u00fccken.<\/p>\n\n\n\n\t\t\t\t\n\t\t\t<\/div>\n\n\t\t\t\n\t\t\t\n\t\t\t\n\t\t<\/div>\n\t<\/div>\n<\/section>\n\n\n<div style=\"height:40px\" aria-hidden=\"true\" class=\"wp-block-spacer\"><\/div>\n\n\n\n<h2 class=\"wp-block-heading\">Ihre Zukunft bei Tadano in Deutschland<\/h2>\n\n\n\n<p>Egal, ob Sie sich f\u00fcr eine Karriere in<strong> Zweibr\u00fccken<\/strong> oder <strong>Lauf an der Pegnitz<\/strong> entscheiden \u2013 bei Tadano erwarten Sie herausfordernde Aufgaben in einem innovativen Umfeld. Profitieren Sie von den vielen Vorteilen unserer Standorte und werden Sie Teil eines dynamischen Teams, das die Zukunft des Mobilkranbaus gestaltet.<\/p>\n\n\n\n<p><strong>Entdecken Sie Ihre Karrierem\u00f6glichkeiten bei Tadano und erleben Sie die hohe Lebensqualit\u00e4t und beruflichen Perspektiven in Zweibr\u00fccken und Lauf an der Pegnitz.<\/strong> <\/p>\n\n\n\n<div class=\"wp-block-columns is-layout-flex wp-container-core-columns-layout-1 wp-block-columns-is-layout-flex\">\n<div class=\"wp-block-column is-layout-flow wp-block-column-is-layout-flow\">\n<div class=\"wp-block-buttons is-layout-flex wp-block-buttons-is-layout-flex\">\n<div class=\"wp-block-button\"><a class=\"wp-block-button__link wp-element-button\" href=\"https:\/\/www.tadano.com\/dach\/de\/karriere\/standorte\/standort-zweibruecken\/\">Mehr \u00fcber den Standort Zweibr\u00fccken<\/a><\/div>\n<\/div>\n<\/div>\n\n\n\n<div class=\"wp-block-column is-layout-flow wp-block-column-is-layout-flow\">\n<div class=\"wp-block-buttons is-layout-flex wp-block-buttons-is-layout-flex\">\n<div class=\"wp-block-button\"><a class=\"wp-block-button__link wp-element-button\" href=\"https:\/\/www.tadano.com\/dach\/de\/karriere\/standorte\/standort-lauf\/\">Mehr \u00fcber den Standort Lauf a. D. Pegnitz<\/a><\/div>\n<\/div>\n<\/div>\n<\/div>\n\n\n<div class=\"wp-block-image\">\n<figure class=\"aligncenter size-large is-resized\"><img loading=\"lazy\" decoding=\"async\" width=\"1024\" height=\"576\" src=\"https:\/\/www.tadano.com\/dach\/wp-content\/uploads\/sites\/9\/2024\/06\/Produktionsstandorte_Background-1024x576.png\" alt=\"\" class=\"wp-image-26189\" style=\"width:1040px\" srcset=\"https:\/\/www.tadano.com\/dach\/wp-content\/uploads\/sites\/9\/2024\/06\/Produktionsstandorte_Background-1024x576.png 1024w, https:\/\/www.tadano.com\/dach\/wp-content\/uploads\/sites\/9\/2024\/06\/Produktionsstandorte_Background-300x169.png 300w, https:\/\/www.tadano.com\/dach\/wp-content\/uploads\/sites\/9\/2024\/06\/Produktionsstandorte_Background-768x432.png 768w, https:\/\/www.tadano.com\/dach\/wp-content\/uploads\/sites\/9\/2024\/06\/Produktionsstandorte_Background-280x157.png 280w, https:\/\/www.tadano.com\/dach\/wp-content\/uploads\/sites\/9\/2024\/06\/Produktionsstandorte_Background-560x315.png 560w, https:\/\/www.tadano.com\/dach\/wp-content\/uploads\/sites\/9\/2024\/06\/Produktionsstandorte_Background-1200x675.png 1200w, https:\/\/www.tadano.com\/dach\/wp-content\/uploads\/sites\/9\/2024\/06\/Produktionsstandorte_Background-335x188.png 335w, https:\/\/www.tadano.com\/dach\/wp-content\/uploads\/sites\/9\/2024\/06\/Produktionsstandorte_Background-670x377.png 670w, https:\/\/www.tadano.com\/dach\/wp-content\/uploads\/sites\/9\/2024\/06\/Produktionsstandorte_Background.png 1366w\" sizes=\"(max-width: 1024px) 100vw, 1024px\" \/><\/figure><\/div>\n\n<section class=\"more-info\" id=\"media\">\n  <div class=\"container\">\n      <div class=\"media-gallery tablet-up\">\n                  <h2>Mediengalerie<\/h2>\n                <div class=\"gallery slick-slider\">\n                             <div class=\"gallery-single\">\n                    <a data-fancybox=\"gallery\" href=\"https:\/\/mediahub.tadano.com\/m\/360dad201bf05172\/gallery_full-img_Tadano_Dinglerstrasse-jpg.jpg\">\n                       <div class=\"gallery-single-img\" style=\"background-image: url(https:\/\/mediahub.tadano.com\/m\/360dad201bf05172\/gallery_thumb-img_Tadano_Dinglerstrasse-jpg.jpg);\"><\/div>\n                    <\/a>\n                  <\/div>\n                                <div class=\"gallery-single\">\n                    <a data-fancybox=\"gallery\" href=\"https:\/\/mediahub.tadano.com\/m\/4a180a58a803a41a\/gallery_full-img_tadano_Lauf-1.jpg\">\n                       <div class=\"gallery-single-img\" style=\"background-image: url(https:\/\/mediahub.tadano.com\/m\/4a180a58a803a41a\/gallery_thumb-img_tadano_Lauf-1.jpg);\"><\/div>\n                    <\/a>\n                  <\/div>\n                                <div class=\"gallery-single\">\n                    <a data-fancybox=\"gallery\" href=\"https:\/\/mediahub.tadano.com\/m\/2543ba55d3422f26\/gallery_full-img_tadano_ZW_Production_2020-16.JPG\">\n                       <div class=\"gallery-single-img\" style=\"background-image: url(https:\/\/mediahub.tadano.com\/m\/2543ba55d3422f26\/gallery_thumb-img_tadano_ZW_Production_2020-16.JPG);\"><\/div>\n                    <\/a>\n                  <\/div>\n                                <div class=\"gallery-single\">\n                    <a data-fancybox=\"gallery\" href=\"https:\/\/mediahub.tadano.com\/m\/9db9f62a0ab2b0e\/gallery_full-img_tadano_Faun_Lauf_Office.jpg\">\n                       <div class=\"gallery-single-img\" style=\"background-image: url(https:\/\/mediahub.tadano.com\/m\/9db9f62a0ab2b0e\/gallery_thumb-img_tadano_Faun_Lauf_Office.jpg);\"><\/div>\n                    <\/a>\n                  <\/div>\n                                <div class=\"gallery-single\">\n                    <a data-fancybox=\"gallery\" href=\"https:\/\/mediahub.tadano.com\/m\/2e61ea27f5b34d41\/gallery_full-img_tadano_office_lauf_2025_2.jpg\">\n                       <div class=\"gallery-single-img\" style=\"background-image: url(https:\/\/mediahub.tadano.com\/m\/2e61ea27f5b34d41\/gallery_thumb-img_tadano_office_lauf_2025_2.jpg);\"><\/div>\n                    <\/a>\n                  <\/div>\n                                <div class=\"gallery-single\">\n                    <a data-fancybox=\"gallery\" href=\"https:\/\/mediahub.tadano.com\/m\/759b3cc437d599d4\/gallery_full-img_tadano_office_lauf_2025_3.jpg\">\n                       <div class=\"gallery-single-img\" style=\"background-image: url(https:\/\/mediahub.tadano.com\/m\/759b3cc437d599d4\/gallery_thumb-img_tadano_office_lauf_2025_3.jpg);\"><\/div>\n                    <\/a>\n                  <\/div>\n                      <\/div>\n      <\/div>\n  <\/div>\n<\/section>\n\n\n<div class=\"wp-block-group is-style-background-cyan is-layout-constrained wp-block-group-is-layout-constrained\"><div class=\"wp-block-group__inner-container\">\n<p>Entdecken Sie jetzt unsere aktuellen Stellenangebote und starten Sie Ihre Karriere bei Tadano \u2013 bewerben Sie sich noch heute!<\/p>\n\n\n\n<div class=\"wp-block-buttons is-layout-flex wp-block-buttons-is-layout-flex\">\n<div class=\"wp-block-button is-style-btn-outline-white\"><a class=\"wp-block-button__link wp-element-button\" href=\"https:\/\/www.tadano.com\/dach\/de\/karriere\/stellenangebote\/\">Zu den Stellenangeboten<\/a><\/div>\n<\/div>\n<\/div><\/div>\n","protected":false},"excerpt":{"rendered":"<p>Ihre Zukunft bei Tadano in Deutschland Egal, ob Sie sich f\u00fcr eine Karriere in Zweibr\u00fccken oder Lauf an der Pegnitz entscheiden \u2013 bei Tadano erwarten Sie herausfordernde Aufgaben in einem innovativen Umfeld. Profitieren Sie von den vielen Vorteilen unserer Standorte und werden Sie Teil eines dynamischen Teams, das die Zukunft des Mobilkranbaus gestaltet. Entdecken Sie [&hellip;]<\/p>\n","protected":false},"author":2,"featured_media":0,"parent":25453,"menu_order":0,"comment_status":"closed","ping_status":"closed","template":"","meta":{"_acf_changed":false,"footnotes":""},"acf":[],"yoast_head":"<!-- This site is optimized with the Yoast SEO plugin v22.3 - https:\/\/yoast.com\/wordpress\/plugins\/seo\/ -->\n<title>Standorte - DACH<\/title>\n<meta name=\"robots\" content=\"index, follow, max-snippet:-1, max-image-preview:large, max-video-preview:-1\" \/>\n<link rel=\"canonical\" href=\"https:\/\/www.tadano.com\/dach\/karriere\/standorte\/\" \/>\n<meta property=\"og:locale\" content=\"de_DE\" \/>\n<meta property=\"og:type\" content=\"article\" \/>\n<meta property=\"og:title\" content=\"Standorte - DACH\" \/>\n<meta property=\"og:description\" content=\"Ihre Zukunft bei Tadano in Deutschland Egal, ob Sie sich f\u00fcr eine Karriere in Zweibr\u00fccken oder Lauf an der Pegnitz entscheiden \u2013 bei Tadano erwarten Sie herausfordernde Aufgaben in einem innovativen Umfeld. Profitieren Sie von den vielen Vorteilen unserer Standorte und werden Sie Teil eines dynamischen Teams, das die Zukunft des Mobilkranbaus gestaltet. Entdecken Sie [&hellip;]\" \/>\n<meta property=\"og:url\" content=\"https:\/\/www.tadano.com\/dach\/karriere\/standorte\/\" \/>\n<meta property=\"og:site_name\" content=\"DACH\" \/>\n<meta property=\"article:modified_time\" content=\"2025-06-06T08:13:44+00:00\" \/>\n<meta property=\"og:image\" content=\"https:\/\/www.tadano.com\/dach\/wp-content\/uploads\/sites\/9\/2024\/06\/Produktionsstandorte_Background-1024x576.png\" \/>\n<meta name=\"twitter:card\" content=\"summary_large_image\" \/>\n<meta name=\"twitter:label1\" content=\"Gesch\u00e4tzte Lesezeit\" \/>\n\t<meta name=\"twitter:data1\" content=\"1\u00a0Minute\" \/>\n<script type=\"application\/ld+json\" class=\"yoast-schema-graph\">{\"@context\":\"https:\/\/schema.org\",\"@graph\":[{\"@type\":\"WebPage\",\"@id\":\"https:\/\/www.tadano.com\/dach\/karriere\/standorte\/\",\"url\":\"https:\/\/www.tadano.com\/dach\/karriere\/standorte\/\",\"name\":\"Standorte - DACH\",\"isPartOf\":{\"@id\":\"https:\/\/www.tadano.com\/dach\/en\/#website\"},\"primaryImageOfPage\":{\"@id\":\"https:\/\/www.tadano.com\/dach\/karriere\/standorte\/#primaryimage\"},\"image\":{\"@id\":\"https:\/\/www.tadano.com\/dach\/karriere\/standorte\/#primaryimage\"},\"thumbnailUrl\":\"https:\/\/www.tadano.com\/dach\/wp-content\/uploads\/sites\/9\/2024\/06\/Produktionsstandorte_Background-1024x576.png\",\"datePublished\":\"2024-06-12T12:57:46+00:00\",\"dateModified\":\"2025-06-06T08:13:44+00:00\",\"breadcrumb\":{\"@id\":\"https:\/\/www.tadano.com\/dach\/karriere\/standorte\/#breadcrumb\"},\"inLanguage\":\"de\",\"potentialAction\":[{\"@type\":\"ReadAction\",\"target\":[\"https:\/\/www.tadano.com\/dach\/karriere\/standorte\/\"]}]},{\"@type\":\"ImageObject\",\"inLanguage\":\"de\",\"@id\":\"https:\/\/www.tadano.com\/dach\/karriere\/standorte\/#primaryimage\",\"url\":\"https:\/\/www.tadano.com\/dach\/wp-content\/uploads\/sites\/9\/2024\/06\/Produktionsstandorte_Background.png\",\"contentUrl\":\"https:\/\/www.tadano.com\/dach\/wp-content\/uploads\/sites\/9\/2024\/06\/Produktionsstandorte_Background.png\",\"width\":1366,\"height\":768},{\"@type\":\"BreadcrumbList\",\"@id\":\"https:\/\/www.tadano.com\/dach\/karriere\/standorte\/#breadcrumb\",\"itemListElement\":[{\"@type\":\"ListItem\",\"position\":1,\"name\":\"Karriere\",\"item\":\"https:\/\/www.tadano.com\/dach\/karriere\/\"},{\"@type\":\"ListItem\",\"position\":2,\"name\":\"Standorte\"}]},{\"@type\":\"WebSite\",\"@id\":\"https:\/\/www.tadano.com\/dach\/en\/#website\",\"url\":\"https:\/\/www.tadano.com\/dach\/en\/\",\"name\":\"DACH\",\"description\":\"Just another TADANO EUROPE site\",\"potentialAction\":[{\"@type\":\"SearchAction\",\"target\":{\"@type\":\"EntryPoint\",\"urlTemplate\":\"https:\/\/www.tadano.com\/dach\/en\/?s={search_term_string}\"},\"query-input\":\"required name=search_term_string\"}],\"inLanguage\":\"de\"}]}<\/script>\n<!-- \/ Yoast SEO plugin. -->","yoast_head_json":{"title":"Standorte - DACH","robots":{"index":"index","follow":"follow","max-snippet":"max-snippet:-1","max-image-preview":"max-image-preview:large","max-video-preview":"max-video-preview:-1"},"canonical":"https:\/\/www.tadano.com\/dach\/karriere\/standorte\/","og_locale":"de_DE","og_type":"article","og_title":"Standorte - DACH","og_description":"Ihre Zukunft bei Tadano in Deutschland Egal, ob Sie sich f\u00fcr eine Karriere in Zweibr\u00fccken oder Lauf an der Pegnitz entscheiden \u2013 bei Tadano erwarten Sie herausfordernde Aufgaben in einem innovativen Umfeld. Profitieren Sie von den vielen Vorteilen unserer Standorte und werden Sie Teil eines dynamischen Teams, das die Zukunft des Mobilkranbaus gestaltet. Entdecken Sie [&hellip;]","og_url":"https:\/\/www.tadano.com\/dach\/karriere\/standorte\/","og_site_name":"DACH","article_modified_time":"2025-06-06T08:13:44+00:00","og_image":[{"url":"https:\/\/www.tadano.com\/dach\/wp-content\/uploads\/sites\/9\/2024\/06\/Produktionsstandorte_Background-1024x576.png"}],"twitter_card":"summary_large_image","twitter_misc":{"Gesch\u00e4tzte Lesezeit":"1\u00a0Minute"},"schema":{"@context":"https:\/\/schema.org","@graph":[{"@type":"WebPage","@id":"https:\/\/www.tadano.com\/dach\/karriere\/standorte\/","url":"https:\/\/www.tadano.com\/dach\/karriere\/standorte\/","name":"Standorte - DACH","isPartOf":{"@id":"https:\/\/www.tadano.com\/dach\/en\/#website"},"primaryImageOfPage":{"@id":"https:\/\/www.tadano.com\/dach\/karriere\/standorte\/#primaryimage"},"image":{"@id":"https:\/\/www.tadano.com\/dach\/karriere\/standorte\/#primaryimage"},"thumbnailUrl":"https:\/\/www.tadano.com\/dach\/wp-content\/uploads\/sites\/9\/2024\/06\/Produktionsstandorte_Background-1024x576.png","datePublished":"2024-06-12T12:57:46+00:00","dateModified":"2025-06-06T08:13:44+00:00","breadcrumb":{"@id":"https:\/\/www.tadano.com\/dach\/karriere\/standorte\/#breadcrumb"},"inLanguage":"de","potentialAction":[{"@type":"ReadAction","target":["https:\/\/www.tadano.com\/dach\/karriere\/standorte\/"]}]},{"@type":"ImageObject","inLanguage":"de","@id":"https:\/\/www.tadano.com\/dach\/karriere\/standorte\/#primaryimage","url":"https:\/\/www.tadano.com\/dach\/wp-content\/uploads\/sites\/9\/2024\/06\/Produktionsstandorte_Background.png","contentUrl":"https:\/\/www.tadano.com\/dach\/wp-content\/uploads\/sites\/9\/2024\/06\/Produktionsstandorte_Background.png","width":1366,"height":768},{"@type":"BreadcrumbList","@id":"https:\/\/www.tadano.com\/dach\/karriere\/standorte\/#breadcrumb","itemListElement":[{"@type":"ListItem","position":1,"name":"Karriere","item":"https:\/\/www.tadano.com\/dach\/karriere\/"},{"@type":"ListItem","position":2,"name":"Standorte"}]},{"@type":"WebSite","@id":"https:\/\/www.tadano.com\/dach\/en\/#website","url":"https:\/\/www.tadano.com\/dach\/en\/","name":"DACH","description":"Just another TADANO EUROPE site","potentialAction":[{"@type":"SearchAction","target":{"@type":"EntryPoint","urlTemplate":"https:\/\/www.tadano.com\/dach\/en\/?s={search_term_string}"},"query-input":"required name=search_term_string"}],"inLanguage":"de"}]}},"_links":{"self":[{"href":"https:\/\/www.tadano.com\/dach\/de\/wp-json\/wp\/v2\/pages\/25782"}],"collection":[{"href":"https:\/\/www.tadano.com\/dach\/de\/wp-json\/wp\/v2\/pages"}],"about":[{"href":"https:\/\/www.tadano.com\/dach\/de\/wp-json\/wp\/v2\/types\/page"}],"author":[{"embeddable":true,"href":"https:\/\/www.tadano.com\/dach\/de\/wp-json\/wp\/v2\/users\/2"}],"replies":[{"embeddable":true,"href":"https:\/\/www.tadano.com\/dach\/de\/wp-json\/wp\/v2\/comments?post=25782"}],"version-history":[{"count":4,"href":"https:\/\/www.tadano.com\/dach\/de\/wp-json\/wp\/v2\/pages\/25782\/revisions"}],"predecessor-version":[{"id":33060,"href":"https:\/\/www.tadano.com\/dach\/de\/wp-json\/wp\/v2\/pages\/25782\/revisions\/33060"}],"up":[{"embeddable":true,"href":"https:\/\/www.tadano.com\/dach\/de\/wp-json\/wp\/v2\/pages\/25453"}],"wp:attachment":[{"href":"https:\/\/www.tadano.com\/dach\/de\/wp-json\/wp\/v2\/media?parent=25782"}],"curies":[{"name":"wp","href":"https:\/\/api.w.org\/{rel}","templated":true}]}}