{"id":25889,"date":"2024-06-12T13:24:56","date_gmt":"2024-06-12T13:24:56","guid":{"rendered":"https:\/\/www.tadano.com\/dach\/?page_id=25889"},"modified":"2025-01-20T10:51:59","modified_gmt":"2025-01-20T10:51:59","slug":"praktikum-werkstudenten","status":"publish","type":"page","link":"https:\/\/www.tadano.com\/dach\/de\/karriere\/praktikum-werkstudenten\/","title":{"rendered":"Praktikum &amp; Werkstudenten"},"content":{"rendered":"\n\n\n<section class=\"hero-section\">\n\n\t\n\t\t\t<style type=\"text\/css\">\n\t\t\t.hero-section .img-holder:before {\n\t\t\t\tdisplay: none;\n\t\t\t}\n\t\t<\/style>\n\t\n\t\n\t<div class=\"img-holder \">\n\t\t\t\t<div class=\"bg-stretch\" style=\"background-position: 50% 50%; \">\n\t\t\t<span data-srcset=\"https:\/\/www.tadano.com\/dach\/wp-content\/uploads\/sites\/9\/2024\/07\/Azubi_Industriekaufleute_Juli-2024_4-1200x800.jpg, https:\/\/www.tadano.com\/dach\/wp-content\/uploads\/sites\/9\/2024\/07\/Azubi_Industriekaufleute_Juli-2024_4-2400x1600.jpg 2x\"><\/span>\n\t\t<\/div>\n\t\t\t\t\t\t<div class=\"logo green-solutions\" style=\"display:none;\">\n\t\t\t<a href=\"#\"><img decoding=\"async\" src=\"https:\/\/www.tadano.com\/dach\/wp-content\/themes\/tadano\/assets\/dist\/images\/Green-Solutions_Logo_White.svg\"><\/a>\n\t\t<\/div>\n\t<\/div>\n\t<div class=\"container\">\n\t\t<div class=\"text-holder \">\n\t\t\t<div class=\"wrap\">\n\t\t\t\t\n\t\t\t\t<ul class=\"breadcrumbs\"><li><a href=\"https:\/\/www.tadano.com\/dach\/de\/\">Startseite<\/a><\/li><\/ul>\n\t\t\t\t\n\n<h1 class=\"wp-block-heading\">Praktikanten und Werkstudenten<\/h1>\n\n\n\n<p>Erlebe Tadano hautnah und erlange Einblicke in verschiedene Fachbereiche. <\/p>\n\n\n\n\t\t\t\t\n\t\t\t<\/div>\n\n\t\t\t\n\t\t\t\n\t\t\t\n\t\t<\/div>\n\t<\/div>\n<\/section>\n\n\n<div style=\"height:40px\" aria-hidden=\"true\" class=\"wp-block-spacer\"><\/div>\n\n\n\n<h2 class=\"wp-block-heading\">Studentische Praktikanten und Werkstudenten<\/h2>\n\n\n\n<p>Von Know-how zu Hands-on: Setzen Sie Theorie in der Praxis um. Bei Tadano binden wir Studenten in anspruchsvolle, reale Projekte ein, die einen Beitrag zum Gesch\u00e4ftserfolg unseres globalen Unternehmens liefern. Unser Vertrauen in Innovation und kontinuierliche Verbesserung, gepaart mit den vielf\u00e4ltigen und kreativen Denkweisen unserer Studenten tr\u00e4gt zur Entwicklung unserer erstklassigen Produkte und Services bei.&nbsp;<\/p>\n\n\n\n<p>Wir bieten Ihnen vielf\u00e4ltige M\u00f6glichkeiten: sei es w\u00e4hrend Ihres&nbsp;<strong>Grundpraktikums, Pflichtpraktikums, als Werkstudent\/in oder bei Ihrer Abschlussarbeit.<\/strong>&nbsp;Dabei k\u00f6nnen Sie vor&nbsp;Ort in der Produktion, bei den Entwicklern in der Konstruktion oder in administrativen Bereichen wie zum Beispiel SCM, Finanzen, Marketing oder IT Ihre St\u00e4rken ausspielen.<br>Greifen Sie auf unser Wissen und unsere Erfahrung zur\u00fcck und bringen Sie Ihre eigenen Ideen ein!&nbsp;<\/p>\n\n\n\n<p>Wie k\u00f6nnen wir moderne Technologie in unseren Produktreihen nutzen, um unsere Kunden noch besser zu unterst\u00fctzen? Verwenden wir schlanke, effiziente Verfahren? Bei Tadano sch\u00e4tzen wir Kreativit\u00e4t, Innovation und eine Mentalit\u00e4t der kontinuierlichen Verbesserung. Kommen Sie zu uns und werden ein Teil unseres Teams.<\/p>\n\n\n\n<p>Unsere Angebote richten sich an Studierende, die an einer Hochschule oder Fachhochschule immatrikuliert sind. Um an spannenden Themen mitarbeiten zu k\u00f6nnen, empfehlen wir eine Phase von mindestens 6 Monaten. Selbstverst\u00e4ndlich zahlen wir auch eine attraktive Verg\u00fctung.<\/p>\n\n\n\n<div style=\"height:51px\" aria-hidden=\"true\" class=\"wp-block-spacer\"><\/div>\n\n\n\n<div class=\"wp-block-buttons is-layout-flex wp-block-buttons-is-layout-flex\">\n<div class=\"wp-block-button\"><a class=\"wp-block-button__link wp-element-button\" href=\"https:\/\/www.tadano.com\/dach\/de\/karriere\/stellenangebote\/\">Zu den aktuellen Stellenangeboten<\/a><\/div>\n<\/div>\n\n\n\n<div style=\"height:51px\" aria-hidden=\"true\" class=\"wp-block-spacer\"><\/div>\n\n\n\n<div class=\"wp-block-group is-style-background-cyan is-layout-flow wp-block-group-is-layout-flow\"><div class=\"wp-block-group__inner-container\">\n<h2 class=\"wp-block-heading\">SCH\u00dcLERPRAKTIKUM UND FREIWILLIGES PRAKTIKUM IN DEN FERIEN<\/h2>\n\n\n\n<p>Falls Du dir noch nicht ganz sicher sein solltest, ob und welche Ausbildung f\u00fcr Dich infrage kommt, w\u00e4re ein Sch\u00fclerpraktikum bei uns genau das Richtige! Denn so erh\u00e4ltst Du einen Einblick in die verschiedenen kaufm\u00e4nnischen und technischen Berufe, kannst Dein handwerkliches Geschick auf den Pr\u00fcfstand stellen und lernst unseren Standort kennen.<\/p>\n\n\n\n<p>F\u00fcr Deine Bewerbung ben\u00f6tigst du ein kurzes Anschreiben, einen Lebenslauf, eine Kopie des letzten Schulzeugnisses und ggf. die Bescheinigung der Schule, dass es sich um ein Sch\u00fclerpraktikum handelt.<br>Wir empfehlen Dir, dich ca. 3 Monate vorher bei uns zu bewerben.&nbsp;<\/p>\n\n\n\n<div style=\"height:51px\" aria-hidden=\"true\" class=\"wp-block-spacer\"><\/div>\n\n\n\n<div class=\"wp-block-buttons is-layout-flex wp-block-buttons-is-layout-flex\">\n<div class=\"wp-block-button\"><a class=\"wp-block-button__link wp-element-button\" href=\"https:\/\/www.tadano.com\/dach\/de\/karriere\/stellenangebote\/\">Bewerbung Sch\u00fclerpraktikum<\/a><\/div>\n<\/div>\n<\/div><\/div>\n\n\n\n<div style=\"height:51px\" aria-hidden=\"true\" class=\"wp-block-spacer\"><\/div>\n\n\n<div class=\"wp-block-image\">\n<figure class=\"aligncenter size-large is-resized\"><img loading=\"lazy\" decoding=\"async\" width=\"1024\" height=\"576\" src=\"https:\/\/www.tadano.com\/dach\/wp-content\/uploads\/sites\/9\/2024\/06\/Prev_TD_17342-edited-1024x576.jpg\" alt=\"\" class=\"wp-image-26303\" style=\"width:1040px\" srcset=\"https:\/\/www.tadano.com\/dach\/wp-content\/uploads\/sites\/9\/2024\/06\/Prev_TD_17342-edited-1024x576.jpg 1024w, https:\/\/www.tadano.com\/dach\/wp-content\/uploads\/sites\/9\/2024\/06\/Prev_TD_17342-edited-300x169.jpg 300w, https:\/\/www.tadano.com\/dach\/wp-content\/uploads\/sites\/9\/2024\/06\/Prev_TD_17342-edited-768x432.jpg 768w, https:\/\/www.tadano.com\/dach\/wp-content\/uploads\/sites\/9\/2024\/06\/Prev_TD_17342-edited-280x158.jpg 280w, https:\/\/www.tadano.com\/dach\/wp-content\/uploads\/sites\/9\/2024\/06\/Prev_TD_17342-edited-560x315.jpg 560w, https:\/\/www.tadano.com\/dach\/wp-content\/uploads\/sites\/9\/2024\/06\/Prev_TD_17342-edited-1200x675.jpg 1200w, https:\/\/www.tadano.com\/dach\/wp-content\/uploads\/sites\/9\/2024\/06\/Prev_TD_17342-edited-335x188.jpg 335w, https:\/\/www.tadano.com\/dach\/wp-content\/uploads\/sites\/9\/2024\/06\/Prev_TD_17342-edited-670x377.jpg 670w, https:\/\/www.tadano.com\/dach\/wp-content\/uploads\/sites\/9\/2024\/06\/Prev_TD_17342-edited.jpg 1472w\" sizes=\"(max-width: 1024px) 100vw, 1024px\" \/><\/figure><\/div>\n\n\n<div class=\"wp-block-columns is-layout-flex wp-container-core-columns-layout-1 wp-block-columns-is-layout-flex\">\n<div class=\"wp-block-column is-layout-flow wp-block-column-is-layout-flow\"><\/div>\n\n\n\n<div class=\"wp-block-column is-layout-flow wp-block-column-is-layout-flow\"><\/div>\n\n\n\n<div class=\"wp-block-column is-layout-flow wp-block-column-is-layout-flow\"><\/div>\n<\/div>\n","protected":false},"excerpt":{"rendered":"<p>Studentische Praktikanten und Werkstudenten Von Know-how zu Hands-on: Setzen Sie Theorie in der Praxis um. Bei Tadano binden wir Studenten in anspruchsvolle, reale Projekte ein, die einen Beitrag zum Gesch\u00e4ftserfolg unseres globalen Unternehmens liefern. Unser Vertrauen in Innovation und kontinuierliche Verbesserung, gepaart mit den vielf\u00e4ltigen und kreativen Denkweisen unserer Studenten tr\u00e4gt zur Entwicklung unserer erstklassigen [&hellip;]<\/p>\n","protected":false},"author":2,"featured_media":0,"parent":25453,"menu_order":0,"comment_status":"closed","ping_status":"closed","template":"","meta":{"_acf_changed":false,"footnotes":""},"acf":[],"yoast_head":"<!-- This site is optimized with the Yoast SEO plugin v22.3 - https:\/\/yoast.com\/wordpress\/plugins\/seo\/ -->\n<title>Praktikum &amp; Werkstudenten - DACH<\/title>\n<meta name=\"robots\" content=\"index, follow, max-snippet:-1, max-image-preview:large, max-video-preview:-1\" \/>\n<link rel=\"canonical\" href=\"https:\/\/www.tadano.com\/dach\/karriere\/praktikum-werkstudenten\/\" \/>\n<meta property=\"og:locale\" content=\"de_DE\" \/>\n<meta property=\"og:type\" content=\"article\" \/>\n<meta property=\"og:title\" content=\"Praktikum &amp; Werkstudenten - DACH\" \/>\n<meta property=\"og:description\" content=\"Studentische Praktikanten und Werkstudenten Von Know-how zu Hands-on: Setzen Sie Theorie in der Praxis um. Bei Tadano binden wir Studenten in anspruchsvolle, reale Projekte ein, die einen Beitrag zum Gesch\u00e4ftserfolg unseres globalen Unternehmens liefern. Unser Vertrauen in Innovation und kontinuierliche Verbesserung, gepaart mit den vielf\u00e4ltigen und kreativen Denkweisen unserer Studenten tr\u00e4gt zur Entwicklung unserer erstklassigen [&hellip;]\" \/>\n<meta property=\"og:url\" content=\"https:\/\/www.tadano.com\/dach\/karriere\/praktikum-werkstudenten\/\" \/>\n<meta property=\"og:site_name\" content=\"DACH\" \/>\n<meta property=\"article:modified_time\" content=\"2025-01-20T10:51:59+00:00\" \/>\n<meta property=\"og:image\" content=\"https:\/\/www.tadano.com\/dach\/wp-content\/uploads\/sites\/9\/2024\/06\/Prev_TD_17342-edited.jpg\" \/>\n<meta name=\"twitter:card\" content=\"summary_large_image\" \/>\n<script type=\"application\/ld+json\" class=\"yoast-schema-graph\">{\"@context\":\"https:\/\/schema.org\",\"@graph\":[{\"@type\":\"WebPage\",\"@id\":\"https:\/\/www.tadano.com\/dach\/karriere\/praktikum-werkstudenten\/\",\"url\":\"https:\/\/www.tadano.com\/dach\/karriere\/praktikum-werkstudenten\/\",\"name\":\"Praktikum &amp; Werkstudenten - DACH\",\"isPartOf\":{\"@id\":\"https:\/\/www.tadano.com\/dach\/en\/#website\"},\"primaryImageOfPage\":{\"@id\":\"https:\/\/www.tadano.com\/dach\/karriere\/praktikum-werkstudenten\/#primaryimage\"},\"image\":{\"@id\":\"https:\/\/www.tadano.com\/dach\/karriere\/praktikum-werkstudenten\/#primaryimage\"},\"thumbnailUrl\":\"https:\/\/www.tadano.com\/dach\/wp-content\/uploads\/sites\/9\/2024\/06\/Prev_TD_17342-edited.jpg\",\"datePublished\":\"2024-06-12T13:24:56+00:00\",\"dateModified\":\"2025-01-20T10:51:59+00:00\",\"breadcrumb\":{\"@id\":\"https:\/\/www.tadano.com\/dach\/karriere\/praktikum-werkstudenten\/#breadcrumb\"},\"inLanguage\":\"de\",\"potentialAction\":[{\"@type\":\"ReadAction\",\"target\":[\"https:\/\/www.tadano.com\/dach\/karriere\/praktikum-werkstudenten\/\"]}]},{\"@type\":\"ImageObject\",\"inLanguage\":\"de\",\"@id\":\"https:\/\/www.tadano.com\/dach\/karriere\/praktikum-werkstudenten\/#primaryimage\",\"url\":\"https:\/\/www.tadano.com\/dach\/wp-content\/uploads\/sites\/9\/2024\/06\/Prev_TD_17342-edited.jpg\",\"contentUrl\":\"https:\/\/www.tadano.com\/dach\/wp-content\/uploads\/sites\/9\/2024\/06\/Prev_TD_17342-edited.jpg\",\"width\":1472,\"height\":828},{\"@type\":\"BreadcrumbList\",\"@id\":\"https:\/\/www.tadano.com\/dach\/karriere\/praktikum-werkstudenten\/#breadcrumb\",\"itemListElement\":[{\"@type\":\"ListItem\",\"position\":1,\"name\":\"Karriere\",\"item\":\"https:\/\/www.tadano.com\/dach\/karriere\/\"},{\"@type\":\"ListItem\",\"position\":2,\"name\":\"Praktikum &amp; Werkstudenten\"}]},{\"@type\":\"WebSite\",\"@id\":\"https:\/\/www.tadano.com\/dach\/en\/#website\",\"url\":\"https:\/\/www.tadano.com\/dach\/en\/\",\"name\":\"DACH\",\"description\":\"Just another TADANO EUROPE site\",\"potentialAction\":[{\"@type\":\"SearchAction\",\"target\":{\"@type\":\"EntryPoint\",\"urlTemplate\":\"https:\/\/www.tadano.com\/dach\/en\/?s={search_term_string}\"},\"query-input\":\"required name=search_term_string\"}],\"inLanguage\":\"de\"}]}<\/script>\n<!-- \/ Yoast SEO plugin. -->","yoast_head_json":{"title":"Praktikum &amp; Werkstudenten - DACH","robots":{"index":"index","follow":"follow","max-snippet":"max-snippet:-1","max-image-preview":"max-image-preview:large","max-video-preview":"max-video-preview:-1"},"canonical":"https:\/\/www.tadano.com\/dach\/karriere\/praktikum-werkstudenten\/","og_locale":"de_DE","og_type":"article","og_title":"Praktikum &amp; Werkstudenten - DACH","og_description":"Studentische Praktikanten und Werkstudenten Von Know-how zu Hands-on: Setzen Sie Theorie in der Praxis um. Bei Tadano binden wir Studenten in anspruchsvolle, reale Projekte ein, die einen Beitrag zum Gesch\u00e4ftserfolg unseres globalen Unternehmens liefern. Unser Vertrauen in Innovation und kontinuierliche Verbesserung, gepaart mit den vielf\u00e4ltigen und kreativen Denkweisen unserer Studenten tr\u00e4gt zur Entwicklung unserer erstklassigen [&hellip;]","og_url":"https:\/\/www.tadano.com\/dach\/karriere\/praktikum-werkstudenten\/","og_site_name":"DACH","article_modified_time":"2025-01-20T10:51:59+00:00","og_image":[{"url":"https:\/\/www.tadano.com\/dach\/wp-content\/uploads\/sites\/9\/2024\/06\/Prev_TD_17342-edited.jpg"}],"twitter_card":"summary_large_image","schema":{"@context":"https:\/\/schema.org","@graph":[{"@type":"WebPage","@id":"https:\/\/www.tadano.com\/dach\/karriere\/praktikum-werkstudenten\/","url":"https:\/\/www.tadano.com\/dach\/karriere\/praktikum-werkstudenten\/","name":"Praktikum &amp; Werkstudenten - DACH","isPartOf":{"@id":"https:\/\/www.tadano.com\/dach\/en\/#website"},"primaryImageOfPage":{"@id":"https:\/\/www.tadano.com\/dach\/karriere\/praktikum-werkstudenten\/#primaryimage"},"image":{"@id":"https:\/\/www.tadano.com\/dach\/karriere\/praktikum-werkstudenten\/#primaryimage"},"thumbnailUrl":"https:\/\/www.tadano.com\/dach\/wp-content\/uploads\/sites\/9\/2024\/06\/Prev_TD_17342-edited.jpg","datePublished":"2024-06-12T13:24:56+00:00","dateModified":"2025-01-20T10:51:59+00:00","breadcrumb":{"@id":"https:\/\/www.tadano.com\/dach\/karriere\/praktikum-werkstudenten\/#breadcrumb"},"inLanguage":"de","potentialAction":[{"@type":"ReadAction","target":["https:\/\/www.tadano.com\/dach\/karriere\/praktikum-werkstudenten\/"]}]},{"@type":"ImageObject","inLanguage":"de","@id":"https:\/\/www.tadano.com\/dach\/karriere\/praktikum-werkstudenten\/#primaryimage","url":"https:\/\/www.tadano.com\/dach\/wp-content\/uploads\/sites\/9\/2024\/06\/Prev_TD_17342-edited.jpg","contentUrl":"https:\/\/www.tadano.com\/dach\/wp-content\/uploads\/sites\/9\/2024\/06\/Prev_TD_17342-edited.jpg","width":1472,"height":828},{"@type":"BreadcrumbList","@id":"https:\/\/www.tadano.com\/dach\/karriere\/praktikum-werkstudenten\/#breadcrumb","itemListElement":[{"@type":"ListItem","position":1,"name":"Karriere","item":"https:\/\/www.tadano.com\/dach\/karriere\/"},{"@type":"ListItem","position":2,"name":"Praktikum &amp; Werkstudenten"}]},{"@type":"WebSite","@id":"https:\/\/www.tadano.com\/dach\/en\/#website","url":"https:\/\/www.tadano.com\/dach\/en\/","name":"DACH","description":"Just another TADANO EUROPE site","potentialAction":[{"@type":"SearchAction","target":{"@type":"EntryPoint","urlTemplate":"https:\/\/www.tadano.com\/dach\/en\/?s={search_term_string}"},"query-input":"required name=search_term_string"}],"inLanguage":"de"}]}},"_links":{"self":[{"href":"https:\/\/www.tadano.com\/dach\/de\/wp-json\/wp\/v2\/pages\/25889"}],"collection":[{"href":"https:\/\/www.tadano.com\/dach\/de\/wp-json\/wp\/v2\/pages"}],"about":[{"href":"https:\/\/www.tadano.com\/dach\/de\/wp-json\/wp\/v2\/types\/page"}],"author":[{"embeddable":true,"href":"https:\/\/www.tadano.com\/dach\/de\/wp-json\/wp\/v2\/users\/2"}],"replies":[{"embeddable":true,"href":"https:\/\/www.tadano.com\/dach\/de\/wp-json\/wp\/v2\/comments?post=25889"}],"version-history":[{"count":5,"href":"https:\/\/www.tadano.com\/dach\/de\/wp-json\/wp\/v2\/pages\/25889\/revisions"}],"predecessor-version":[{"id":27237,"href":"https:\/\/www.tadano.com\/dach\/de\/wp-json\/wp\/v2\/pages\/25889\/revisions\/27237"}],"up":[{"embeddable":true,"href":"https:\/\/www.tadano.com\/dach\/de\/wp-json\/wp\/v2\/pages\/25453"}],"wp:attachment":[{"href":"https:\/\/www.tadano.com\/dach\/de\/wp-json\/wp\/v2\/media?parent=25889"}],"curies":[{"name":"wp","href":"https:\/\/api.w.org\/{rel}","templated":true}]}}