{"id":25924,"date":"2024-06-17T11:59:38","date_gmt":"2024-06-17T11:59:38","guid":{"rendered":"https:\/\/www.tadano.com\/dach\/?page_id=25924"},"modified":"2025-01-22T10:34:54","modified_gmt":"2025-01-22T10:34:54","slug":"bewerbung-und-kontakt","status":"publish","type":"page","link":"https:\/\/www.tadano.com\/dach\/de\/karriere\/bewerbung-und-kontakt\/","title":{"rendered":"Bewerbung und Kontakt"},"content":{"rendered":"\n\n\n<section class=\"hero-section\">\n\n\t\n\t\n\t\n\t<div class=\"img-holder \">\n\t\t\t\t<div class=\"bg-stretch\" style=\"background-position: 50% 50%; \">\n\t\t\t<span data-srcset=\"https:\/\/www.tadano.com\/dach\/wp-content\/uploads\/sites\/9\/2024\/06\/scott-graham-OQMZwNd3ThU-unsplash-1200x801.jpg, https:\/\/www.tadano.com\/dach\/wp-content\/uploads\/sites\/9\/2024\/06\/scott-graham-OQMZwNd3ThU-unsplash-2400x1602.jpg 2x\"><\/span>\n\t\t<\/div>\n\t\t\t\t\t\t<div class=\"logo green-solutions\" style=\"display:none;\">\n\t\t\t<a href=\"#\"><img decoding=\"async\" src=\"https:\/\/www.tadano.com\/dach\/wp-content\/themes\/tadano\/assets\/dist\/images\/Green-Solutions_Logo_White.svg\"><\/a>\n\t\t<\/div>\n\t<\/div>\n\t<div class=\"container\">\n\t\t<div class=\"text-holder \">\n\t\t\t<div class=\"wrap\">\n\t\t\t\t\n\t\t\t\t<ul class=\"breadcrumbs\"><li><a href=\"https:\/\/www.tadano.com\/dach\/de\/\">Startseite<\/a><\/li><\/ul>\n\t\t\t\t\n\n<h1 class=\"wp-block-heading\">Bewerbung &amp; Kontakt<\/h1>\n\n\n\n<p>Wir freuen uns \u00fcber Ihr Interesse an einer Karriere bei Tadano! <\/p>\n\n\n\n\t\t\t\t\n\t\t\t<\/div>\n\n\t\t\t\n\t\t\t\n\t\t\t\n\t\t<\/div>\n\t<\/div>\n<\/section>\n\n\n<div class=\"wp-block-group is-style-background-triangle-right is-layout-constrained wp-block-group-is-layout-constrained\"><div class=\"wp-block-group__inner-container\">\n<h2 class=\"wp-block-heading\">JETZT BEWERBEN<\/h2>\n\n\n\n<h4 class=\"wp-block-heading\"><strong>5 Minuten &#8230; und Ihre Bewerbung kommt ins Rollen!<\/strong><\/h4>\n\n\n\n<p>Sie haben eine passende Stelle gefunden? Dann bewerben Sie sich am besten online, indem Sie auf den \u201eJetzt bewerben\u201c-Button klicken, der sich am Ende jeder Stellenanzeige befindet.<br>Wir empfehlen Ihnen einen aktuellen Lebenslauf und optional ein Foto bereit zu halten.<\/p>\n\n\n\n<div class=\"wp-block-buttons is-layout-flex wp-block-buttons-is-layout-flex\">\n<div class=\"wp-block-button is-style-btn-outline-white\"><a class=\"wp-block-button__link wp-element-button\">ZU DEN STELLENANGEBOTEN<\/a><\/div>\n<\/div>\n<\/div><\/div>\n\n\n\n<div style=\"height:50px\" aria-hidden=\"true\" class=\"wp-block-spacer\"><\/div>\n\n\n\n<h4 class=\"wp-block-heading\"><strong>Und so geht&#8217;s nach Ihrer Bewerbung weiter:<\/strong><\/h4>\n\n\n\n<div style=\"height:30px\" aria-hidden=\"true\" class=\"wp-block-spacer\"><\/div>\n\n\n\n<div class=\"wp-block-columns is-layout-flex wp-container-core-columns-layout-1 wp-block-columns-is-layout-flex\">\n<div class=\"wp-block-column is-layout-flow wp-block-column-is-layout-flow\">\n<h3 class=\"wp-block-heading\">1. Bewerbungsportal und kontakt<\/h3>\n\n\n\n<p>Sobald Sie sich beworben haben, werden Ihre Unterlagen in unser System aufgenommen und Sie erhalten kurz darauf eine Eingangsbest\u00e4tigung per E-Mail mit den Kontaktinformationen Ihres Ansprechpartners bei Tadano. Sollten wir noch zus\u00e4tzliche Informationen oder Unterlagen von Ihnen ben\u00f6tigen, werden wir auf Sie zukommen. Die weitere Kommunikation zu Ihrem Bewerbungsstand erfolgt nun per E-Mail oder telefonisch.<\/p>\n<\/div>\n\n\n\n<div class=\"wp-block-column is-layout-flow wp-block-column-is-layout-flow\">\n<h3 class=\"wp-block-heading\">2. Auswahl und Kennenlernen<\/h3>\n\n\n\n<p>Ihre Bewerbungsunterlagen pr\u00fcfen wir danach gemeinsam mit der Fachabteilung. Sollte Ihr Profil zur gesuchten Stelle passen, laden wir Sie je nach Stelle zu einem Erstgespr\u00e4ch, Telefoninterview oder &#8211; als Auszubildender oder dualer Student zu einem Auswahltest ein. Um Ihre Bewerbungsunterlagen sorgf\u00e4ltig pr\u00fcfen zu k\u00f6nnen, ben\u00f6tigen wir etwas Zeit. Sie k\u00f6nnen aber davon ausgehen, dass wir uns schnellstm\u00f6glich wieder mit Ihnen in Verbindung setzen.<\/p>\n<\/div>\n\n\n\n<div class=\"wp-block-column is-layout-flow wp-block-column-is-layout-flow\">\n<h3 class=\"wp-block-heading\">3. Vertragsangebot und Einstellung<\/h3>\n\n\n\n<p>Ist unser Gespr\u00e4ch erfolgreich verlaufen, laden wir Sie zu einem Zweitgespr\u00e4ch ein &#8211; dies ist aber abh\u00e4ngig von der jeweiligen Position. Anschlie\u00dfend besprechen wir mit Ihnen die Details der Vertragsgestaltung. <\/p>\n\n\n\n<p><strong>Und danach?<\/strong><br>Freuen wir uns, Sie bald in der gro\u00dfen Tadano-Familie begr\u00fc\u00dfen zu d\u00fcrfen.<\/p>\n<\/div>\n<\/div>\n\n\n<section class=\"tadano-advantage\">\n  <div class=\"bg-logo\" style=\"background-image: url(https:\/\/www.tadano.com\/dach\/wp-content\/themes\/tadano\/assets\/dist\/images\/logo-min.svg);\"><\/div>\n  <div class=\"container\">\n    <div class=\"text-holder\">\n      \n\n<h2 class=\"wp-block-heading\">Noch Fragen? Gerne!<\/h2>\n\n\n\n<p>Z\u00f6gern Sie nicht! Wir stehen Ihnen gerne bei allen weiteren Fragen rund um Ihre Online-Bewerbung oder Karrierem\u00f6glichkeiten bei Tadano zur Verf\u00fcgung.<\/p>\n\n\n\n<p><strong>Unsere Ansprechpartner aus der Personalabteilung&nbsp;<\/strong>finden Sie in den Stellenausschreibungen.<\/p>\n\n\n    <\/div>\n  <\/div>\n<\/section>","protected":false},"excerpt":{"rendered":"<p>JETZT BEWERBEN 5 Minuten &#8230; und Ihre Bewerbung kommt ins Rollen! Sie haben eine passende Stelle gefunden? Dann bewerben Sie sich am besten online, indem Sie auf den \u201eJetzt bewerben\u201c-Button klicken, der sich am Ende jeder Stellenanzeige befindet.Wir empfehlen Ihnen einen aktuellen Lebenslauf und optional ein Foto bereit zu halten. Und so geht&#8217;s nach Ihrer [&hellip;]<\/p>\n","protected":false},"author":2,"featured_media":0,"parent":25453,"menu_order":0,"comment_status":"closed","ping_status":"closed","template":"","meta":{"_acf_changed":false,"footnotes":""},"acf":[],"yoast_head":"<!-- This site is optimized with the Yoast SEO plugin v22.3 - https:\/\/yoast.com\/wordpress\/plugins\/seo\/ -->\n<title>Bewerbung und Kontakt - DACH<\/title>\n<meta name=\"robots\" content=\"index, follow, max-snippet:-1, max-image-preview:large, max-video-preview:-1\" \/>\n<link rel=\"canonical\" href=\"https:\/\/www.tadano.com\/dach\/karriere\/bewerbung-und-kontakt\/\" \/>\n<meta property=\"og:locale\" content=\"de_DE\" \/>\n<meta property=\"og:type\" content=\"article\" \/>\n<meta property=\"og:title\" content=\"Bewerbung und Kontakt - DACH\" \/>\n<meta property=\"og:description\" content=\"JETZT BEWERBEN 5 Minuten &#8230; und Ihre Bewerbung kommt ins Rollen! Sie haben eine passende Stelle gefunden? Dann bewerben Sie sich am besten online, indem Sie auf den \u201eJetzt bewerben\u201c-Button klicken, der sich am Ende jeder Stellenanzeige befindet.Wir empfehlen Ihnen einen aktuellen Lebenslauf und optional ein Foto bereit zu halten. Und so geht&#8217;s nach Ihrer [&hellip;]\" \/>\n<meta property=\"og:url\" content=\"https:\/\/www.tadano.com\/dach\/karriere\/bewerbung-und-kontakt\/\" \/>\n<meta property=\"og:site_name\" content=\"DACH\" \/>\n<meta property=\"article:modified_time\" content=\"2025-01-22T10:34:54+00:00\" \/>\n<meta name=\"twitter:card\" content=\"summary_large_image\" \/>\n<meta name=\"twitter:label1\" content=\"Gesch\u00e4tzte Lesezeit\" \/>\n\t<meta name=\"twitter:data1\" content=\"2\u00a0Minuten\" \/>\n<script type=\"application\/ld+json\" class=\"yoast-schema-graph\">{\"@context\":\"https:\/\/schema.org\",\"@graph\":[{\"@type\":\"WebPage\",\"@id\":\"https:\/\/www.tadano.com\/dach\/karriere\/bewerbung-und-kontakt\/\",\"url\":\"https:\/\/www.tadano.com\/dach\/karriere\/bewerbung-und-kontakt\/\",\"name\":\"Bewerbung und Kontakt - DACH\",\"isPartOf\":{\"@id\":\"https:\/\/www.tadano.com\/dach\/en\/#website\"},\"datePublished\":\"2024-06-17T11:59:38+00:00\",\"dateModified\":\"2025-01-22T10:34:54+00:00\",\"breadcrumb\":{\"@id\":\"https:\/\/www.tadano.com\/dach\/karriere\/bewerbung-und-kontakt\/#breadcrumb\"},\"inLanguage\":\"de\",\"potentialAction\":[{\"@type\":\"ReadAction\",\"target\":[\"https:\/\/www.tadano.com\/dach\/karriere\/bewerbung-und-kontakt\/\"]}]},{\"@type\":\"BreadcrumbList\",\"@id\":\"https:\/\/www.tadano.com\/dach\/karriere\/bewerbung-und-kontakt\/#breadcrumb\",\"itemListElement\":[{\"@type\":\"ListItem\",\"position\":1,\"name\":\"Karriere\",\"item\":\"https:\/\/www.tadano.com\/dach\/karriere\/\"},{\"@type\":\"ListItem\",\"position\":2,\"name\":\"Bewerbung und Kontakt\"}]},{\"@type\":\"WebSite\",\"@id\":\"https:\/\/www.tadano.com\/dach\/en\/#website\",\"url\":\"https:\/\/www.tadano.com\/dach\/en\/\",\"name\":\"DACH\",\"description\":\"Just another TADANO EUROPE site\",\"potentialAction\":[{\"@type\":\"SearchAction\",\"target\":{\"@type\":\"EntryPoint\",\"urlTemplate\":\"https:\/\/www.tadano.com\/dach\/en\/?s={search_term_string}\"},\"query-input\":\"required name=search_term_string\"}],\"inLanguage\":\"de\"}]}<\/script>\n<!-- \/ Yoast SEO plugin. -->","yoast_head_json":{"title":"Bewerbung und Kontakt - DACH","robots":{"index":"index","follow":"follow","max-snippet":"max-snippet:-1","max-image-preview":"max-image-preview:large","max-video-preview":"max-video-preview:-1"},"canonical":"https:\/\/www.tadano.com\/dach\/karriere\/bewerbung-und-kontakt\/","og_locale":"de_DE","og_type":"article","og_title":"Bewerbung und Kontakt - DACH","og_description":"JETZT BEWERBEN 5 Minuten &#8230; und Ihre Bewerbung kommt ins Rollen! Sie haben eine passende Stelle gefunden? Dann bewerben Sie sich am besten online, indem Sie auf den \u201eJetzt bewerben\u201c-Button klicken, der sich am Ende jeder Stellenanzeige befindet.Wir empfehlen Ihnen einen aktuellen Lebenslauf und optional ein Foto bereit zu halten. Und so geht&#8217;s nach Ihrer [&hellip;]","og_url":"https:\/\/www.tadano.com\/dach\/karriere\/bewerbung-und-kontakt\/","og_site_name":"DACH","article_modified_time":"2025-01-22T10:34:54+00:00","twitter_card":"summary_large_image","twitter_misc":{"Gesch\u00e4tzte Lesezeit":"2\u00a0Minuten"},"schema":{"@context":"https:\/\/schema.org","@graph":[{"@type":"WebPage","@id":"https:\/\/www.tadano.com\/dach\/karriere\/bewerbung-und-kontakt\/","url":"https:\/\/www.tadano.com\/dach\/karriere\/bewerbung-und-kontakt\/","name":"Bewerbung und Kontakt - DACH","isPartOf":{"@id":"https:\/\/www.tadano.com\/dach\/en\/#website"},"datePublished":"2024-06-17T11:59:38+00:00","dateModified":"2025-01-22T10:34:54+00:00","breadcrumb":{"@id":"https:\/\/www.tadano.com\/dach\/karriere\/bewerbung-und-kontakt\/#breadcrumb"},"inLanguage":"de","potentialAction":[{"@type":"ReadAction","target":["https:\/\/www.tadano.com\/dach\/karriere\/bewerbung-und-kontakt\/"]}]},{"@type":"BreadcrumbList","@id":"https:\/\/www.tadano.com\/dach\/karriere\/bewerbung-und-kontakt\/#breadcrumb","itemListElement":[{"@type":"ListItem","position":1,"name":"Karriere","item":"https:\/\/www.tadano.com\/dach\/karriere\/"},{"@type":"ListItem","position":2,"name":"Bewerbung und Kontakt"}]},{"@type":"WebSite","@id":"https:\/\/www.tadano.com\/dach\/en\/#website","url":"https:\/\/www.tadano.com\/dach\/en\/","name":"DACH","description":"Just another TADANO EUROPE site","potentialAction":[{"@type":"SearchAction","target":{"@type":"EntryPoint","urlTemplate":"https:\/\/www.tadano.com\/dach\/en\/?s={search_term_string}"},"query-input":"required name=search_term_string"}],"inLanguage":"de"}]}},"_links":{"self":[{"href":"https:\/\/www.tadano.com\/dach\/de\/wp-json\/wp\/v2\/pages\/25924"}],"collection":[{"href":"https:\/\/www.tadano.com\/dach\/de\/wp-json\/wp\/v2\/pages"}],"about":[{"href":"https:\/\/www.tadano.com\/dach\/de\/wp-json\/wp\/v2\/types\/page"}],"author":[{"embeddable":true,"href":"https:\/\/www.tadano.com\/dach\/de\/wp-json\/wp\/v2\/users\/2"}],"replies":[{"embeddable":true,"href":"https:\/\/www.tadano.com\/dach\/de\/wp-json\/wp\/v2\/comments?post=25924"}],"version-history":[{"count":4,"href":"https:\/\/www.tadano.com\/dach\/de\/wp-json\/wp\/v2\/pages\/25924\/revisions"}],"predecessor-version":[{"id":32575,"href":"https:\/\/www.tadano.com\/dach\/de\/wp-json\/wp\/v2\/pages\/25924\/revisions\/32575"}],"up":[{"embeddable":true,"href":"https:\/\/www.tadano.com\/dach\/de\/wp-json\/wp\/v2\/pages\/25453"}],"wp:attachment":[{"href":"https:\/\/www.tadano.com\/dach\/de\/wp-json\/wp\/v2\/media?parent=25924"}],"curies":[{"name":"wp","href":"https:\/\/api.w.org\/{rel}","templated":true}]}}