{"id":26003,"date":"2024-06-18T11:28:11","date_gmt":"2024-06-18T11:28:11","guid":{"rendered":"https:\/\/www.tadano.com\/dach\/?page_id=26003"},"modified":"2025-12-15T11:32:28","modified_gmt":"2025-12-15T11:32:28","slug":"standort-zweibruecken","status":"publish","type":"page","link":"https:\/\/www.tadano.com\/dach\/de\/karriere\/standorte\/standort-zweibruecken\/","title":{"rendered":"Standort Zweibr\u00fccken"},"content":{"rendered":"\n\n\n<section class=\"hero-section\">\n\n\t\n\t\t\t<style type=\"text\/css\">\n\t\t\t.hero-section .img-holder:before {\n\t\t\t\tdisplay: none;\n\t\t\t}\n\t\t<\/style>\n\t\n\t\n\t<div class=\"img-holder \">\n\t\t\t\t<div class=\"bg-stretch\" style=\"background-position: 100% 50%; \">\n\t\t\t<span data-srcset=\"https:\/\/www.tadano.com\/dach\/wp-content\/uploads\/sites\/9\/2024\/06\/TADANO_Zweibruecken_may2021-11-1200x674.jpg, https:\/\/www.tadano.com\/dach\/wp-content\/uploads\/sites\/9\/2024\/06\/TADANO_Zweibruecken_may2021-11-2400x1349.jpg 2x\"><\/span>\n\t\t<\/div>\n\t\t\t\t\t\t<div class=\"logo green-solutions\" style=\"display:none;\">\n\t\t\t<a href=\"#\"><img decoding=\"async\" src=\"https:\/\/www.tadano.com\/dach\/wp-content\/themes\/tadano\/assets\/dist\/images\/Green-Solutions_Logo_White.svg\"><\/a>\n\t\t<\/div>\n\t<\/div>\n\t<div class=\"container\">\n\t\t<div class=\"text-holder \">\n\t\t\t<div class=\"wrap\">\n\t\t\t\t\n\t\t\t\t<ul class=\"breadcrumbs\"><li><a href=\"https:\/\/www.tadano.com\/dach\/de\/\">Startseite<\/a><\/li><\/ul>\n\t\t\t\t\n\n<h1 class=\"wp-block-heading\">Standort Zweibr\u00fccken<\/h1>\n\n\n\n<p>In Zweibr\u00fccken, nahe Saarbr\u00fccken, entwickeln, fertigen und vertreiben wir mit einem 950-k\u00f6pfigen Team leistungsstarke Mobilkrane mit einer Tragf\u00e4higkeit von bis zu 3.200 Tonnen. Unsere hochqualifizierten Teammitglieder arbeiten am Bau von All-Terrain- und Gittermast-Raupenkranen.<\/p>\n\n\n\n\t\t\t\t\n\t\t\t<\/div>\n\n\t\t\t\n\t\t\t\n\t\t\t\n\t\t<\/div>\n\t<\/div>\n<\/section>\n\n\n<div class=\"wp-block-group is-layout-constrained wp-block-group-is-layout-constrained\"><div class=\"wp-block-group__inner-container\">\n<h2 class=\"wp-block-heading\">Fakten<\/h2>\n\n\n\n<div style=\"height:50px\" aria-hidden=\"true\" class=\"wp-block-spacer\"><\/div>\n\n\n\n<div class=\"wp-block-columns is-layout-flex wp-container-core-columns-layout-1 wp-block-columns-is-layout-flex\">\n<div class=\"wp-block-column is-layout-flow wp-block-column-is-layout-flow\"><div class=\"wp-block-image\">\n<figure class=\"aligncenter size-full is-resized\"><img loading=\"lazy\" decoding=\"async\" width=\"256\" height=\"256\" src=\"https:\/\/www.tadano.com\/dach\/wp-content\/uploads\/sites\/9\/2024\/07\/team-1-1.png\" alt=\"\" class=\"wp-image-26870\" style=\"object-fit:cover;width:100px;height:100px\" srcset=\"https:\/\/www.tadano.com\/dach\/wp-content\/uploads\/sites\/9\/2024\/07\/team-1-1.png 256w, https:\/\/www.tadano.com\/dach\/wp-content\/uploads\/sites\/9\/2024\/07\/team-1-1-150x150.png 150w, https:\/\/www.tadano.com\/dach\/wp-content\/uploads\/sites\/9\/2024\/07\/team-1-1-125x125.png 125w\" sizes=\"(max-width: 256px) 100vw, 256px\" \/><\/figure><\/div>\n\n\n<h1 class=\"wp-block-heading alignwide has-text-align-center\">&gt;950<\/h1>\n\n\n\n<p class=\"has-text-align-center\">Mitarbeiter<\/p>\n<\/div>\n\n\n\n<div class=\"wp-block-column is-layout-flow wp-block-column-is-layout-flow\"><div class=\"wp-block-image\">\n<figure class=\"aligncenter size-full is-resized\"><img loading=\"lazy\" decoding=\"async\" width=\"256\" height=\"256\" src=\"https:\/\/www.tadano.com\/dach\/wp-content\/uploads\/sites\/9\/2024\/07\/bereich-2-1.png\" alt=\"\" class=\"wp-image-26874\" style=\"object-fit:cover;width:100px;height:100px\" srcset=\"https:\/\/www.tadano.com\/dach\/wp-content\/uploads\/sites\/9\/2024\/07\/bereich-2-1.png 256w, https:\/\/www.tadano.com\/dach\/wp-content\/uploads\/sites\/9\/2024\/07\/bereich-2-1-150x150.png 150w, https:\/\/www.tadano.com\/dach\/wp-content\/uploads\/sites\/9\/2024\/07\/bereich-2-1-125x125.png 125w\" sizes=\"(max-width: 256px) 100vw, 256px\" \/><\/figure><\/div>\n\n\n<h1 class=\"wp-block-heading alignwide has-text-align-center\">198.242 m\u00b2<\/h1>\n\n\n\n<p class=\"has-text-align-center\">Gel\u00e4ndefl\u00e4che<\/p>\n<\/div>\n\n\n\n<div class=\"wp-block-column is-layout-flow wp-block-column-is-layout-flow\"><div class=\"wp-block-image\">\n<figure class=\"aligncenter size-full is-resized\"><img loading=\"lazy\" decoding=\"async\" width=\"256\" height=\"256\" src=\"https:\/\/www.tadano.com\/dach\/wp-content\/uploads\/sites\/9\/2024\/07\/house-2.png\" alt=\"\" class=\"wp-image-26878\" style=\"object-fit:cover;width:100px;height:100px\" srcset=\"https:\/\/www.tadano.com\/dach\/wp-content\/uploads\/sites\/9\/2024\/07\/house-2.png 256w, https:\/\/www.tadano.com\/dach\/wp-content\/uploads\/sites\/9\/2024\/07\/house-2-150x150.png 150w, https:\/\/www.tadano.com\/dach\/wp-content\/uploads\/sites\/9\/2024\/07\/house-2-125x125.png 125w\" sizes=\"(max-width: 256px) 100vw, 256px\" \/><\/figure><\/div>\n\n\n<h1 class=\"wp-block-heading alignwide has-text-align-center\">56.222 m\u00b2<\/h1>\n\n\n\n<p class=\"has-text-align-center\">Geb\u00e4udefl\u00e4che<\/p>\n<\/div>\n<\/div>\n<\/div><\/div>\n\n\n\n<div style=\"height:40px\" aria-hidden=\"true\" class=\"wp-block-spacer\"><\/div>\n\n\n\n<h2 class=\"wp-block-heading\">Arbeiten in Zweibr\u00fccken<\/h2>\n\n\n\n<p>Zweibr\u00fccken, eine charmante Stadt in der Westpfalz bietet eine hohe Lebensqualit\u00e4t und vielf\u00e4ltige Freizeitm\u00f6glichkeiten.<\/p>\n\n\n\n<p><strong>Wirtschaftlicher Aufschwung:<\/strong> Zweibr\u00fccken verzeichnet ein starkes Wachstum neuer Firmen, unterst\u00fctzt durch den Campus, einen Ableger der Hochschule Kaiserslautern, der die Stadt zu einem attraktiven Innovationsstandort macht.<\/p>\n\n\n\n<p><strong>Exzellente Verkehrsanbindung:<\/strong> Direkter Anschluss an die Autobahnen A8 und A6 sowie ein nahegelegener Bahnhof erm\u00f6glichen schnelle Verbindungen nach Br\u00fcssel, Stra\u00dfburg, Frankfurt und Paris sowie zu regionalen St\u00e4dten wie Saarbr\u00fccken, Kaiserslautern und Mannheim.<\/p>\n\n\n\n<p><strong>Hohe Lebensqualit\u00e4t:<\/strong> Zweibr\u00fccken und die umliegende Saar-Pfalz Region bieten eine malerische Landschaft und zahlreiche Freizeitm\u00f6glichkeiten f\u00fcr Weinliebhaber, Wanderer und Radfahrer. Kulturelle Highlights wie Burgen, Schl\u00f6sser, Museen und das gr\u00f6\u00dfte Outlet-Center Deutschlands mit \u00fcber 130 Marken bieten vielseitige Erlebnisse.<\/p>\n\n\n<section class=\"more-info\" id=\"media\">\n  <div class=\"container\">\n      <div class=\"media-gallery tablet-up\">\n                  <h2>Mediengalerie<\/h2>\n                <div class=\"gallery slick-slider\">\n                                                   <div class=\"gallery-single\">\n                <a data-fancybox=\"gallery\" href=\"https:\/\/www.tadano.com\/dach\/wp-content\/uploads\/sites\/9\/2024\/06\/DEMAG-Karriere_Feb2020-18-1620x1080.jpg\">\n                  <div class=\"gallery-single-img\" style=\"background-image: url(https:\/\/www.tadano.com\/dach\/wp-content\/uploads\/sites\/9\/2024\/06\/DEMAG-Karriere_Feb2020-18-560x560.jpg);\"><\/div>\n                <\/a>\n              <\/div>\n                                        <div class=\"gallery-single\">\n                <a data-fancybox=\"gallery\" href=\"https:\/\/www.tadano.com\/dach\/wp-content\/uploads\/sites\/9\/2024\/06\/TADANO_Zweibruecken_may2021-12-1920x1080.jpg\">\n                  <div class=\"gallery-single-img\" style=\"background-image: url(https:\/\/www.tadano.com\/dach\/wp-content\/uploads\/sites\/9\/2024\/06\/TADANO_Zweibruecken_may2021-12-560x560.jpg);\"><\/div>\n                <\/a>\n              <\/div>\n                                        <div class=\"gallery-single\">\n                <a data-fancybox=\"gallery\" href=\"https:\/\/www.tadano.com\/dach\/wp-content\/uploads\/sites\/9\/2024\/06\/TADANO_Zweibruecken_may2021-11-1920x1080.jpg\">\n                  <div class=\"gallery-single-img\" style=\"background-image: url(https:\/\/www.tadano.com\/dach\/wp-content\/uploads\/sites\/9\/2024\/06\/TADANO_Zweibruecken_may2021-11-560x560.jpg);\"><\/div>\n                <\/a>\n              <\/div>\n                                        <div class=\"gallery-single\">\n                <a data-fancybox=\"gallery\" href=\"https:\/\/www.tadano.com\/dach\/wp-content\/uploads\/sites\/9\/2024\/06\/TADANO_Zweibruecken_may2021-10-1920x1080.jpg\">\n                  <div class=\"gallery-single-img\" style=\"background-image: url(https:\/\/www.tadano.com\/dach\/wp-content\/uploads\/sites\/9\/2024\/06\/TADANO_Zweibruecken_may2021-10-560x560.jpg);\"><\/div>\n                <\/a>\n              <\/div>\n                                        <div class=\"gallery-single\">\n                <a data-fancybox=\"gallery\" href=\"https:\/\/www.tadano.com\/dach\/wp-content\/uploads\/sites\/9\/2024\/06\/Tadano-Demag-GmbH-Dinglerstrasse-1920x824.jpg\">\n                  <div class=\"gallery-single-img\" style=\"background-image: url(https:\/\/www.tadano.com\/dach\/wp-content\/uploads\/sites\/9\/2024\/06\/Tadano-Demag-GmbH-Dinglerstrasse-560x560.jpg);\"><\/div>\n                <\/a>\n              <\/div>\n                                        <div class=\"gallery-single\">\n                <a data-fancybox=\"gallery\" href=\"https:\/\/www.tadano.com\/dach\/wp-content\/uploads\/sites\/9\/2024\/06\/2023-05-24-tadano__A7408934-1620x1080.jpg\">\n                  <div class=\"gallery-single-img\" style=\"background-image: url(https:\/\/www.tadano.com\/dach\/wp-content\/uploads\/sites\/9\/2024\/06\/2023-05-24-tadano__A7408934-560x560.jpg);\"><\/div>\n                <\/a>\n              <\/div>\n                                        <div class=\"gallery-single\">\n                <a data-fancybox=\"gallery\" href=\"https:\/\/www.tadano.com\/dach\/wp-content\/uploads\/sites\/9\/2024\/06\/2023-05-24-tadano__A7409098-1620x1080.jpg\">\n                  <div class=\"gallery-single-img\" style=\"background-image: url(https:\/\/www.tadano.com\/dach\/wp-content\/uploads\/sites\/9\/2024\/06\/2023-05-24-tadano__A7409098-560x560.jpg);\"><\/div>\n                <\/a>\n              <\/div>\n                                        <div class=\"gallery-single\">\n                <a data-fancybox=\"gallery\" href=\"https:\/\/www.tadano.com\/dach\/wp-content\/uploads\/sites\/9\/2024\/06\/2023-05-24-tadano__DSC09029-1620x1080.jpg\">\n                  <div class=\"gallery-single-img\" style=\"background-image: url(https:\/\/www.tadano.com\/dach\/wp-content\/uploads\/sites\/9\/2024\/06\/2023-05-24-tadano__DSC09029-560x560.jpg);\"><\/div>\n                <\/a>\n              <\/div>\n                                        <div class=\"gallery-single\">\n                <a data-fancybox=\"gallery\" href=\"https:\/\/www.tadano.com\/dach\/wp-content\/uploads\/sites\/9\/2024\/06\/2023-05-24-tadano__DSC08959-1667x1080.jpg\">\n                  <div class=\"gallery-single-img\" style=\"background-image: url(https:\/\/www.tadano.com\/dach\/wp-content\/uploads\/sites\/9\/2024\/06\/2023-05-24-tadano__DSC08959-560x560.jpg);\"><\/div>\n                <\/a>\n              <\/div>\n                                        <div class=\"gallery-single\">\n                <a data-fancybox=\"gallery\" href=\"https:\/\/www.tadano.com\/dach\/wp-content\/uploads\/sites\/9\/2024\/06\/2023-05-24-tadano__A7409167-1620x1080.jpg\">\n                  <div class=\"gallery-single-img\" style=\"background-image: url(https:\/\/www.tadano.com\/dach\/wp-content\/uploads\/sites\/9\/2024\/06\/2023-05-24-tadano__A7409167-560x560.jpg);\"><\/div>\n                <\/a>\n              <\/div>\n                                        <div class=\"gallery-single\">\n                <a data-fancybox=\"gallery\" href=\"https:\/\/www.tadano.com\/dach\/wp-content\/uploads\/sites\/9\/2024\/06\/2023-05-24-tadano__A7409317-1620x1080.jpg\">\n                  <div class=\"gallery-single-img\" style=\"background-image: url(https:\/\/www.tadano.com\/dach\/wp-content\/uploads\/sites\/9\/2024\/06\/2023-05-24-tadano__A7409317-560x560.jpg);\"><\/div>\n                <\/a>\n              <\/div>\n                                        <div class=\"gallery-single\">\n                <a data-fancybox=\"gallery\" href=\"https:\/\/www.tadano.com\/dach\/wp-content\/uploads\/sites\/9\/2024\/06\/2023-05-24-tadano__DSC09067-1620x1080.jpg\">\n                  <div class=\"gallery-single-img\" style=\"background-image: url(https:\/\/www.tadano.com\/dach\/wp-content\/uploads\/sites\/9\/2024\/06\/2023-05-24-tadano__DSC09067-560x560.jpg);\"><\/div>\n                <\/a>\n              <\/div>\n                              <\/div>\n      <\/div>\n  <\/div>\n<\/section>\n\n\n<div class=\"wp-block-group is-style-background-cyan is-layout-constrained wp-block-group-is-layout-constrained\"><div class=\"wp-block-group__inner-container\">\n<p>Entdecken Sie jetzt unsere aktuellen Stellenangebote und starten Sie Ihre Karriere bei Tadano \u2013 bewerben Sie sich noch heute!<\/p>\n\n\n\n<div class=\"wp-block-buttons is-layout-flex wp-block-buttons-is-layout-flex\">\n<div class=\"wp-block-button is-style-btn-outline-white\"><a class=\"wp-block-button__link wp-element-button\" href=\"https:\/\/www.tadano.com\/dach\/de\/karriere\/stellenangebote\/\">Zu den Stellenangeboten<\/a><\/div>\n<\/div>\n<\/div><\/div>\n\n\n\n<div class=\"wp-block-buttons is-layout-flex wp-block-buttons-is-layout-flex\"><\/div>\n","protected":false},"excerpt":{"rendered":"<p>Fakten &gt;950 Mitarbeiter 198.242 m\u00b2 Gel\u00e4ndefl\u00e4che 56.222 m\u00b2 Geb\u00e4udefl\u00e4che Arbeiten in Zweibr\u00fccken Zweibr\u00fccken, eine charmante Stadt in der Westpfalz bietet eine hohe Lebensqualit\u00e4t und vielf\u00e4ltige Freizeitm\u00f6glichkeiten. Wirtschaftlicher Aufschwung: Zweibr\u00fccken verzeichnet ein starkes Wachstum neuer Firmen, unterst\u00fctzt durch den Campus, einen Ableger der Hochschule Kaiserslautern, der die Stadt zu einem attraktiven Innovationsstandort macht. Exzellente Verkehrsanbindung: Direkter [&hellip;]<\/p>\n","protected":false},"author":2,"featured_media":0,"parent":25782,"menu_order":0,"comment_status":"closed","ping_status":"closed","template":"","meta":{"_acf_changed":false,"footnotes":""},"acf":[],"yoast_head":"<!-- This site is optimized with the Yoast SEO plugin v22.3 - https:\/\/yoast.com\/wordpress\/plugins\/seo\/ -->\n<title>Standort Zweibr\u00fccken - DACH<\/title>\n<meta name=\"robots\" content=\"index, follow, max-snippet:-1, max-image-preview:large, max-video-preview:-1\" \/>\n<link rel=\"canonical\" href=\"https:\/\/www.tadano.com\/dach\/de\/karriere\/standorte\/standort-zweibruecken\/\" \/>\n<meta property=\"og:locale\" content=\"de_DE\" \/>\n<meta property=\"og:type\" content=\"article\" \/>\n<meta property=\"og:title\" content=\"Standort Zweibr\u00fccken - DACH\" \/>\n<meta property=\"og:description\" content=\"Fakten &gt;950 Mitarbeiter 198.242 m\u00b2 Gel\u00e4ndefl\u00e4che 56.222 m\u00b2 Geb\u00e4udefl\u00e4che Arbeiten in Zweibr\u00fccken Zweibr\u00fccken, eine charmante Stadt in der Westpfalz bietet eine hohe Lebensqualit\u00e4t und vielf\u00e4ltige Freizeitm\u00f6glichkeiten. Wirtschaftlicher Aufschwung: Zweibr\u00fccken verzeichnet ein starkes Wachstum neuer Firmen, unterst\u00fctzt durch den Campus, einen Ableger der Hochschule Kaiserslautern, der die Stadt zu einem attraktiven Innovationsstandort macht. Exzellente Verkehrsanbindung: Direkter [&hellip;]\" \/>\n<meta property=\"og:url\" content=\"https:\/\/www.tadano.com\/dach\/de\/karriere\/standorte\/standort-zweibruecken\/\" \/>\n<meta property=\"og:site_name\" content=\"DACH\" \/>\n<meta property=\"article:modified_time\" content=\"2025-12-15T11:32:28+00:00\" \/>\n<meta property=\"og:image\" content=\"https:\/\/www.tadano.com\/dach\/wp-content\/uploads\/sites\/9\/2024\/07\/team-1-1.png\" \/>\n<meta name=\"twitter:card\" content=\"summary_large_image\" \/>\n<meta name=\"twitter:label1\" content=\"Gesch\u00e4tzte Lesezeit\" \/>\n\t<meta name=\"twitter:data1\" content=\"2\u00a0Minuten\" \/>\n<script type=\"application\/ld+json\" class=\"yoast-schema-graph\">{\"@context\":\"https:\/\/schema.org\",\"@graph\":[{\"@type\":\"WebPage\",\"@id\":\"https:\/\/www.tadano.com\/dach\/de\/karriere\/standorte\/standort-zweibruecken\/\",\"url\":\"https:\/\/www.tadano.com\/dach\/de\/karriere\/standorte\/standort-zweibruecken\/\",\"name\":\"Standort Zweibr\u00fccken - DACH\",\"isPartOf\":{\"@id\":\"https:\/\/www.tadano.com\/dach\/en\/#website\"},\"primaryImageOfPage\":{\"@id\":\"https:\/\/www.tadano.com\/dach\/de\/karriere\/standorte\/standort-zweibruecken\/#primaryimage\"},\"image\":{\"@id\":\"https:\/\/www.tadano.com\/dach\/de\/karriere\/standorte\/standort-zweibruecken\/#primaryimage\"},\"thumbnailUrl\":\"https:\/\/www.tadano.com\/dach\/wp-content\/uploads\/sites\/9\/2024\/07\/team-1-1.png\",\"datePublished\":\"2024-06-18T11:28:11+00:00\",\"dateModified\":\"2025-12-15T11:32:28+00:00\",\"breadcrumb\":{\"@id\":\"https:\/\/www.tadano.com\/dach\/de\/karriere\/standorte\/standort-zweibruecken\/#breadcrumb\"},\"inLanguage\":\"de\",\"potentialAction\":[{\"@type\":\"ReadAction\",\"target\":[\"https:\/\/www.tadano.com\/dach\/de\/karriere\/standorte\/standort-zweibruecken\/\"]}]},{\"@type\":\"ImageObject\",\"inLanguage\":\"de\",\"@id\":\"https:\/\/www.tadano.com\/dach\/de\/karriere\/standorte\/standort-zweibruecken\/#primaryimage\",\"url\":\"https:\/\/www.tadano.com\/dach\/wp-content\/uploads\/sites\/9\/2024\/07\/team-1-1.png\",\"contentUrl\":\"https:\/\/www.tadano.com\/dach\/wp-content\/uploads\/sites\/9\/2024\/07\/team-1-1.png\",\"width\":256,\"height\":256},{\"@type\":\"BreadcrumbList\",\"@id\":\"https:\/\/www.tadano.com\/dach\/de\/karriere\/standorte\/standort-zweibruecken\/#breadcrumb\",\"itemListElement\":[{\"@type\":\"ListItem\",\"position\":1,\"name\":\"Karriere\",\"item\":\"https:\/\/www.tadano.com\/dach\/karriere\/\"},{\"@type\":\"ListItem\",\"position\":2,\"name\":\"Standorte\",\"item\":\"https:\/\/www.tadano.com\/dach\/karriere\/standorte\/\"},{\"@type\":\"ListItem\",\"position\":3,\"name\":\"Standort Zweibr\u00fccken\"}]},{\"@type\":\"WebSite\",\"@id\":\"https:\/\/www.tadano.com\/dach\/en\/#website\",\"url\":\"https:\/\/www.tadano.com\/dach\/en\/\",\"name\":\"DACH\",\"description\":\"Just another TADANO EUROPE site\",\"potentialAction\":[{\"@type\":\"SearchAction\",\"target\":{\"@type\":\"EntryPoint\",\"urlTemplate\":\"https:\/\/www.tadano.com\/dach\/en\/?s={search_term_string}\"},\"query-input\":\"required name=search_term_string\"}],\"inLanguage\":\"de\"}]}<\/script>\n<!-- \/ Yoast SEO plugin. -->","yoast_head_json":{"title":"Standort Zweibr\u00fccken - DACH","robots":{"index":"index","follow":"follow","max-snippet":"max-snippet:-1","max-image-preview":"max-image-preview:large","max-video-preview":"max-video-preview:-1"},"canonical":"https:\/\/www.tadano.com\/dach\/de\/karriere\/standorte\/standort-zweibruecken\/","og_locale":"de_DE","og_type":"article","og_title":"Standort Zweibr\u00fccken - DACH","og_description":"Fakten &gt;950 Mitarbeiter 198.242 m\u00b2 Gel\u00e4ndefl\u00e4che 56.222 m\u00b2 Geb\u00e4udefl\u00e4che Arbeiten in Zweibr\u00fccken Zweibr\u00fccken, eine charmante Stadt in der Westpfalz bietet eine hohe Lebensqualit\u00e4t und vielf\u00e4ltige Freizeitm\u00f6glichkeiten. Wirtschaftlicher Aufschwung: Zweibr\u00fccken verzeichnet ein starkes Wachstum neuer Firmen, unterst\u00fctzt durch den Campus, einen Ableger der Hochschule Kaiserslautern, der die Stadt zu einem attraktiven Innovationsstandort macht. Exzellente Verkehrsanbindung: Direkter [&hellip;]","og_url":"https:\/\/www.tadano.com\/dach\/de\/karriere\/standorte\/standort-zweibruecken\/","og_site_name":"DACH","article_modified_time":"2025-12-15T11:32:28+00:00","og_image":[{"url":"https:\/\/www.tadano.com\/dach\/wp-content\/uploads\/sites\/9\/2024\/07\/team-1-1.png"}],"twitter_card":"summary_large_image","twitter_misc":{"Gesch\u00e4tzte Lesezeit":"2\u00a0Minuten"},"schema":{"@context":"https:\/\/schema.org","@graph":[{"@type":"WebPage","@id":"https:\/\/www.tadano.com\/dach\/de\/karriere\/standorte\/standort-zweibruecken\/","url":"https:\/\/www.tadano.com\/dach\/de\/karriere\/standorte\/standort-zweibruecken\/","name":"Standort Zweibr\u00fccken - DACH","isPartOf":{"@id":"https:\/\/www.tadano.com\/dach\/en\/#website"},"primaryImageOfPage":{"@id":"https:\/\/www.tadano.com\/dach\/de\/karriere\/standorte\/standort-zweibruecken\/#primaryimage"},"image":{"@id":"https:\/\/www.tadano.com\/dach\/de\/karriere\/standorte\/standort-zweibruecken\/#primaryimage"},"thumbnailUrl":"https:\/\/www.tadano.com\/dach\/wp-content\/uploads\/sites\/9\/2024\/07\/team-1-1.png","datePublished":"2024-06-18T11:28:11+00:00","dateModified":"2025-12-15T11:32:28+00:00","breadcrumb":{"@id":"https:\/\/www.tadano.com\/dach\/de\/karriere\/standorte\/standort-zweibruecken\/#breadcrumb"},"inLanguage":"de","potentialAction":[{"@type":"ReadAction","target":["https:\/\/www.tadano.com\/dach\/de\/karriere\/standorte\/standort-zweibruecken\/"]}]},{"@type":"ImageObject","inLanguage":"de","@id":"https:\/\/www.tadano.com\/dach\/de\/karriere\/standorte\/standort-zweibruecken\/#primaryimage","url":"https:\/\/www.tadano.com\/dach\/wp-content\/uploads\/sites\/9\/2024\/07\/team-1-1.png","contentUrl":"https:\/\/www.tadano.com\/dach\/wp-content\/uploads\/sites\/9\/2024\/07\/team-1-1.png","width":256,"height":256},{"@type":"BreadcrumbList","@id":"https:\/\/www.tadano.com\/dach\/de\/karriere\/standorte\/standort-zweibruecken\/#breadcrumb","itemListElement":[{"@type":"ListItem","position":1,"name":"Karriere","item":"https:\/\/www.tadano.com\/dach\/karriere\/"},{"@type":"ListItem","position":2,"name":"Standorte","item":"https:\/\/www.tadano.com\/dach\/karriere\/standorte\/"},{"@type":"ListItem","position":3,"name":"Standort Zweibr\u00fccken"}]},{"@type":"WebSite","@id":"https:\/\/www.tadano.com\/dach\/en\/#website","url":"https:\/\/www.tadano.com\/dach\/en\/","name":"DACH","description":"Just another TADANO EUROPE site","potentialAction":[{"@type":"SearchAction","target":{"@type":"EntryPoint","urlTemplate":"https:\/\/www.tadano.com\/dach\/en\/?s={search_term_string}"},"query-input":"required name=search_term_string"}],"inLanguage":"de"}]}},"_links":{"self":[{"href":"https:\/\/www.tadano.com\/dach\/de\/wp-json\/wp\/v2\/pages\/26003"}],"collection":[{"href":"https:\/\/www.tadano.com\/dach\/de\/wp-json\/wp\/v2\/pages"}],"about":[{"href":"https:\/\/www.tadano.com\/dach\/de\/wp-json\/wp\/v2\/types\/page"}],"author":[{"embeddable":true,"href":"https:\/\/www.tadano.com\/dach\/de\/wp-json\/wp\/v2\/users\/2"}],"replies":[{"embeddable":true,"href":"https:\/\/www.tadano.com\/dach\/de\/wp-json\/wp\/v2\/comments?post=26003"}],"version-history":[{"count":5,"href":"https:\/\/www.tadano.com\/dach\/de\/wp-json\/wp\/v2\/pages\/26003\/revisions"}],"predecessor-version":[{"id":33686,"href":"https:\/\/www.tadano.com\/dach\/de\/wp-json\/wp\/v2\/pages\/26003\/revisions\/33686"}],"up":[{"embeddable":true,"href":"https:\/\/www.tadano.com\/dach\/de\/wp-json\/wp\/v2\/pages\/25782"}],"wp:attachment":[{"href":"https:\/\/www.tadano.com\/dach\/de\/wp-json\/wp\/v2\/media?parent=26003"}],"curies":[{"name":"wp","href":"https:\/\/api.w.org\/{rel}","templated":true}]}}