{"id":26121,"date":"2024-06-19T12:18:38","date_gmt":"2024-06-19T12:18:38","guid":{"rendered":"https:\/\/www.tadano.com\/dach\/?page_id=26121"},"modified":"2025-12-15T11:35:09","modified_gmt":"2025-12-15T11:35:09","slug":"standort-lauf","status":"publish","type":"page","link":"https:\/\/www.tadano.com\/dach\/de\/karriere\/standorte\/standort-lauf\/","title":{"rendered":"Standort Lauf"},"content":{"rendered":"\n\n\n<section class=\"hero-section\">\n\n\t\n\t\t\t<style type=\"text\/css\">\n\t\t\t.hero-section .img-holder:before {\n\t\t\t\tdisplay: none;\n\t\t\t}\n\t\t<\/style>\n\t\n\t\n\t<div class=\"img-holder \">\n\t\t\t\t<div class=\"bg-stretch\" style=\"background-position: 0 50%; \">\n\t\t\t<span data-srcset=\"https:\/\/www.tadano.com\/dach\/wp-content\/uploads\/sites\/9\/2024\/06\/tad19ib_0556-1200x800.jpg, https:\/\/www.tadano.com\/dach\/wp-content\/uploads\/sites\/9\/2024\/06\/tad19ib_0556-2400x1600.jpg 2x\"><\/span>\n\t\t<\/div>\n\t\t\t\t\t\t<div class=\"logo green-solutions\" style=\"display:none;\">\n\t\t\t<a href=\"#\"><img decoding=\"async\" src=\"https:\/\/www.tadano.com\/dach\/wp-content\/themes\/tadano\/assets\/dist\/images\/Green-Solutions_Logo_White.svg\"><\/a>\n\t\t<\/div>\n\t<\/div>\n\t<div class=\"container\">\n\t\t<div class=\"text-holder \">\n\t\t\t<div class=\"wrap\">\n\t\t\t\t\n\t\t\t\t<ul class=\"breadcrumbs\"><li><a href=\"https:\/\/www.tadano.com\/dach\/de\/\">Startseite<\/a><\/li><\/ul>\n\t\t\t\t\n\n<h1 class=\"wp-block-heading\">Standort Lauf an der Pegnitz<\/h1>\n\n\n\n<p>In Lauf an der Pegnitz, nahe N\u00fcrnberg, entwickeln, produzieren und vertreiben wir mit unseren rund 700 Mitarbeitern unsere All-Terrain Krane \u00fcber ein globales Vertriebs- und Servicenetz. Zudem entwickeln und bauen wir hier LKW-Aufbaukrane, die auf handels\u00fcbliche LKW-Fahrgestelle montiert werden.<\/p>\n\n\n\n\t\t\t\t\n\t\t\t<\/div>\n\n\t\t\t\n\t\t\t\n\t\t\t\n\t\t<\/div>\n\t<\/div>\n<\/section>\n\n\n<div class=\"wp-block-group is-layout-constrained wp-block-group-is-layout-constrained\"><div class=\"wp-block-group__inner-container\">\n<h2 class=\"wp-block-heading\">Fakten<\/h2>\n\n\n\n<div style=\"height:50px\" aria-hidden=\"true\" class=\"wp-block-spacer\"><\/div>\n\n\n\n<div class=\"wp-block-columns is-layout-flex wp-container-core-columns-layout-1 wp-block-columns-is-layout-flex\">\n<div class=\"wp-block-column is-layout-flow wp-block-column-is-layout-flow\"><div class=\"wp-block-image\">\n<figure class=\"aligncenter size-full is-resized\"><img loading=\"lazy\" decoding=\"async\" width=\"256\" height=\"256\" src=\"https:\/\/www.tadano.com\/dach\/wp-content\/uploads\/sites\/9\/2024\/07\/team-1.png\" alt=\"\" class=\"wp-image-26853\" style=\"object-fit:cover;width:100px;height:100px\" srcset=\"https:\/\/www.tadano.com\/dach\/wp-content\/uploads\/sites\/9\/2024\/07\/team-1.png 256w, https:\/\/www.tadano.com\/dach\/wp-content\/uploads\/sites\/9\/2024\/07\/team-1-150x150.png 150w, https:\/\/www.tadano.com\/dach\/wp-content\/uploads\/sites\/9\/2024\/07\/team-1-125x125.png 125w\" sizes=\"(max-width: 256px) 100vw, 256px\" \/><\/figure><\/div>\n\n\n<h1 class=\"wp-block-heading alignwide has-text-align-center\">&gt;700<\/h1>\n\n\n\n<p class=\"has-text-align-center\">Mitarbeiter<\/p>\n<\/div>\n\n\n\n<div class=\"wp-block-column is-layout-flow wp-block-column-is-layout-flow\"><div class=\"wp-block-image\">\n<figure class=\"aligncenter size-full is-resized\"><img loading=\"lazy\" decoding=\"async\" width=\"256\" height=\"256\" src=\"https:\/\/www.tadano.com\/dach\/wp-content\/uploads\/sites\/9\/2024\/07\/bereich-2.png\" alt=\"\" class=\"wp-image-26861\" style=\"object-fit:cover;width:100px;height:100px\" srcset=\"https:\/\/www.tadano.com\/dach\/wp-content\/uploads\/sites\/9\/2024\/07\/bereich-2.png 256w, https:\/\/www.tadano.com\/dach\/wp-content\/uploads\/sites\/9\/2024\/07\/bereich-2-150x150.png 150w, https:\/\/www.tadano.com\/dach\/wp-content\/uploads\/sites\/9\/2024\/07\/bereich-2-125x125.png 125w\" sizes=\"(max-width: 256px) 100vw, 256px\" \/><\/figure><\/div>\n\n\n<h1 class=\"wp-block-heading alignwide has-text-align-center\">198.242 m\u00b2<\/h1>\n\n\n\n<p class=\"has-text-align-center\">Gel\u00e4ndefl\u00e4che<\/p>\n<\/div>\n\n\n\n<div class=\"wp-block-column is-layout-flow wp-block-column-is-layout-flow\"><div class=\"wp-block-image\">\n<figure class=\"aligncenter size-full is-resized\"><img loading=\"lazy\" decoding=\"async\" width=\"256\" height=\"256\" src=\"https:\/\/www.tadano.com\/dach\/wp-content\/uploads\/sites\/9\/2024\/07\/house-1.png\" alt=\"\" class=\"wp-image-26865\" style=\"object-fit:cover;width:100px;height:100px\" srcset=\"https:\/\/www.tadano.com\/dach\/wp-content\/uploads\/sites\/9\/2024\/07\/house-1.png 256w, https:\/\/www.tadano.com\/dach\/wp-content\/uploads\/sites\/9\/2024\/07\/house-1-150x150.png 150w, https:\/\/www.tadano.com\/dach\/wp-content\/uploads\/sites\/9\/2024\/07\/house-1-125x125.png 125w\" sizes=\"(max-width: 256px) 100vw, 256px\" \/><\/figure><\/div>\n\n\n<h1 class=\"wp-block-heading alignwide has-text-align-center\">56.222 m\u00b2<\/h1>\n\n\n\n<p class=\"has-text-align-center\">Geb\u00e4udefl\u00e4che<\/p>\n<\/div>\n<\/div>\n<\/div><\/div>\n\n\n\n<div style=\"height:40px\" aria-hidden=\"true\" class=\"wp-block-spacer\"><\/div>\n\n\n\n<h2 class=\"wp-block-heading\">Arbeiten in Lauf an der Pegnitz<\/h2>\n\n\n\n<p>Lauf, eine idyllische Stadt im N\u00fcrnberger Land, besticht durch ihre hohe Lebensqualit\u00e4t, vielseitigen Freizeitm\u00f6glichkeiten und eine ausgezeichnete Verkehrsanbindung.<\/p>\n\n\n\n<p><strong>Bedeutende Wirtschaftsmetropole:<\/strong> Durch seine verkehrsg\u00fcnstige Lage hat sich Lauf an der Pegnitz zur bedeutendsten Stadt des Landkreises N\u00fcrnberger Land entwickelt. Die Stadt liegt rund 17 Kilometer \u00f6stlich von N\u00fcrnberg und profitiert von einer hervorragenden Infrastruktur.<\/p>\n\n\n\n<p><strong>Vielf\u00e4ltige Landschaft:<\/strong> Sanfte Berge, H\u00fcgel, Burgen und Felsen pr\u00e4gen die Umgebung. Die fr\u00e4nkische Schweiz, eines der beliebtesten Klettergebiete weltweit, bietet erstklassige Routen und Trails f\u00fcr Wanderer und Mountainbiker. Die historische Altstadt, Schl\u00f6sser und ein einzigartiges Industriemuseum bieten kulturelle Highlights.<\/p>\n\n\n\n<p><strong>Optimale Verkehrsanbindung:<\/strong> Die N\u00e4he zur historischen Goldenen Stra\u00dfe von N\u00fcrnberg nach Prag und eine sehr gute Bahnanbindung erleichtern sowohl den Arbeitsweg als auch Ausfl\u00fcge in die Umgebung.<\/p>\n\n\n<section class=\"more-info\" id=\"media\">\n  <div class=\"container\">\n      <div class=\"media-gallery tablet-up\">\n                  <h2>Mediengalerie<\/h2>\n                <div class=\"gallery slick-slider\">\n                             <div class=\"gallery-single\">\n                    <a data-fancybox=\"gallery\" href=\"https:\/\/mediahub.tadano.com\/m\/4a180a58a803a41a\/gallery_full-img_tadano_Lauf-1.jpg\">\n                       <div class=\"gallery-single-img\" style=\"background-image: url(https:\/\/mediahub.tadano.com\/m\/4a180a58a803a41a\/gallery_thumb-img_tadano_Lauf-1.jpg);\"><\/div>\n                    <\/a>\n                  <\/div>\n                                <div class=\"gallery-single\">\n                    <a data-fancybox=\"gallery\" href=\"https:\/\/mediahub.tadano.com\/m\/9db9f62a0ab2b0e\/gallery_full-img_tadano_Faun_Lauf_Office.jpg\">\n                       <div class=\"gallery-single-img\" style=\"background-image: url(https:\/\/mediahub.tadano.com\/m\/9db9f62a0ab2b0e\/gallery_thumb-img_tadano_Faun_Lauf_Office.jpg);\"><\/div>\n                    <\/a>\n                  <\/div>\n                                <div class=\"gallery-single\">\n                    <a data-fancybox=\"gallery\" href=\"https:\/\/mediahub.tadano.com\/m\/36e847749435fb02\/gallery_full-img_tadano_lauf_factory_website_4.jpg\">\n                       <div class=\"gallery-single-img\" style=\"background-image: url(https:\/\/mediahub.tadano.com\/m\/36e847749435fb02\/gallery_thumb-img_tadano_lauf_factory_website_4.jpg);\"><\/div>\n                    <\/a>\n                  <\/div>\n                                <div class=\"gallery-single\">\n                    <a data-fancybox=\"gallery\" href=\"https:\/\/mediahub.tadano.com\/m\/2d539aa8bc65a49b\/gallery_full-img_tadano_lauf_factory_website_5.jpg\">\n                       <div class=\"gallery-single-img\" style=\"background-image: url(https:\/\/mediahub.tadano.com\/m\/2d539aa8bc65a49b\/gallery_thumb-img_tadano_lauf_factory_website_5.jpg);\"><\/div>\n                    <\/a>\n                  <\/div>\n                                <div class=\"gallery-single\">\n                    <a data-fancybox=\"gallery\" href=\"https:\/\/mediahub.tadano.com\/m\/17063a6a5fb42aa4\/gallery_full-img_tadano_lauf_factory_website_1.jpg\">\n                       <div class=\"gallery-single-img\" style=\"background-image: url(https:\/\/mediahub.tadano.com\/m\/17063a6a5fb42aa4\/gallery_thumb-img_tadano_lauf_factory_website_1.jpg);\"><\/div>\n                    <\/a>\n                  <\/div>\n                                <div class=\"gallery-single\">\n                    <a data-fancybox=\"gallery\" href=\"https:\/\/mediahub.tadano.com\/m\/5c4eb4d95570e7da\/gallery_full-img_tadano_lauf_factory_website_2.jpg\">\n                       <div class=\"gallery-single-img\" style=\"background-image: url(https:\/\/mediahub.tadano.com\/m\/5c4eb4d95570e7da\/gallery_thumb-img_tadano_lauf_factory_website_2.jpg);\"><\/div>\n                    <\/a>\n                  <\/div>\n                                <div class=\"gallery-single\">\n                    <a data-fancybox=\"gallery\" href=\"https:\/\/mediahub.tadano.com\/m\/7762fcf75f8d1973\/gallery_full-img_tadano_lauf_factory_website_3.jpg\">\n                       <div class=\"gallery-single-img\" style=\"background-image: url(https:\/\/mediahub.tadano.com\/m\/7762fcf75f8d1973\/gallery_thumb-img_tadano_lauf_factory_website_3.jpg);\"><\/div>\n                    <\/a>\n                  <\/div>\n                                <div class=\"gallery-single\">\n                    <a data-fancybox=\"gallery\" href=\"https:\/\/mediahub.tadano.com\/m\/2e61ea27f5b34d41\/gallery_full-img_tadano_office_lauf_2025_2.jpg\">\n                       <div class=\"gallery-single-img\" style=\"background-image: url(https:\/\/mediahub.tadano.com\/m\/2e61ea27f5b34d41\/gallery_thumb-img_tadano_office_lauf_2025_2.jpg);\"><\/div>\n                    <\/a>\n                  <\/div>\n                                <div class=\"gallery-single\">\n                    <a data-fancybox=\"gallery\" href=\"https:\/\/mediahub.tadano.com\/m\/759b3cc437d599d4\/gallery_full-img_tadano_office_lauf_2025_3.jpg\">\n                       <div class=\"gallery-single-img\" style=\"background-image: url(https:\/\/mediahub.tadano.com\/m\/759b3cc437d599d4\/gallery_thumb-img_tadano_office_lauf_2025_3.jpg);\"><\/div>\n                    <\/a>\n                  <\/div>\n                                <div class=\"gallery-single\">\n                    <a data-fancybox=\"gallery\" href=\"https:\/\/mediahub.tadano.com\/m\/78c58a3dddff23ff\/gallery_full-img_tadano_office_lauf_2025_10.jpg\">\n                       <div class=\"gallery-single-img\" style=\"background-image: url(https:\/\/mediahub.tadano.com\/m\/78c58a3dddff23ff\/gallery_thumb-img_tadano_office_lauf_2025_10.jpg);\"><\/div>\n                    <\/a>\n                  <\/div>\n                                <div class=\"gallery-single\">\n                    <a data-fancybox=\"gallery\" href=\"https:\/\/mediahub.tadano.com\/m\/55e4ab78394164b9\/gallery_full-img_tadano_office_lauf_2025_9.jpg\">\n                       <div class=\"gallery-single-img\" style=\"background-image: url(https:\/\/mediahub.tadano.com\/m\/55e4ab78394164b9\/gallery_thumb-img_tadano_office_lauf_2025_9.jpg);\"><\/div>\n                    <\/a>\n                  <\/div>\n                                <div class=\"gallery-single\">\n                    <a data-fancybox=\"gallery\" href=\"https:\/\/mediahub.tadano.com\/m\/25442d70f84073a2\/gallery_full-img_tadano_office_lauf_2025_7.jpg\">\n                       <div class=\"gallery-single-img\" style=\"background-image: url(https:\/\/mediahub.tadano.com\/m\/25442d70f84073a2\/gallery_thumb-img_tadano_office_lauf_2025_7.jpg);\"><\/div>\n                    <\/a>\n                  <\/div>\n                                <div class=\"gallery-single\">\n                    <a data-fancybox=\"gallery\" href=\"https:\/\/mediahub.tadano.com\/m\/511107dd70d27754\/gallery_full-img_tadano_office_lauf_2025_4.jpg\">\n                       <div class=\"gallery-single-img\" style=\"background-image: url(https:\/\/mediahub.tadano.com\/m\/511107dd70d27754\/gallery_thumb-img_tadano_office_lauf_2025_4.jpg);\"><\/div>\n                    <\/a>\n                  <\/div>\n                                <div class=\"gallery-single\">\n                    <a data-fancybox=\"gallery\" href=\"https:\/\/mediahub.tadano.com\/m\/4766baeaca97b0c6\/gallery_full-img_tadano_office_lauf_2025_5.jpg\">\n                       <div class=\"gallery-single-img\" style=\"background-image: url(https:\/\/mediahub.tadano.com\/m\/4766baeaca97b0c6\/gallery_thumb-img_tadano_office_lauf_2025_5.jpg);\"><\/div>\n                    <\/a>\n                  <\/div>\n                      <\/div>\n      <\/div>\n  <\/div>\n<\/section>\n\n\n<div class=\"wp-block-group is-style-background-cyan is-layout-constrained wp-block-group-is-layout-constrained\"><div class=\"wp-block-group__inner-container\">\n<p>Entdecken Sie jetzt unsere aktuellen Stellenangebote und starten Sie Ihre Karriere bei Tadano \u2013 bewerben Sie sich noch heute!<\/p>\n\n\n\n<div class=\"wp-block-buttons is-layout-flex wp-block-buttons-is-layout-flex\">\n<div class=\"wp-block-button is-style-btn-outline-white\"><a class=\"wp-block-button__link wp-element-button\" href=\"https:\/\/www.tadano.com\/dach\/de\/karriere\/stellenangebote\/\">Zu den Stellenangeboten<\/a><\/div>\n<\/div>\n<\/div><\/div>\n","protected":false},"excerpt":{"rendered":"<p>Fakten &gt;700 Mitarbeiter 198.242 m\u00b2 Gel\u00e4ndefl\u00e4che 56.222 m\u00b2 Geb\u00e4udefl\u00e4che Arbeiten in Lauf an der Pegnitz Lauf, eine idyllische Stadt im N\u00fcrnberger Land, besticht durch ihre hohe Lebensqualit\u00e4t, vielseitigen Freizeitm\u00f6glichkeiten und eine ausgezeichnete Verkehrsanbindung. Bedeutende Wirtschaftsmetropole: Durch seine verkehrsg\u00fcnstige Lage hat sich Lauf an der Pegnitz zur bedeutendsten Stadt des Landkreises N\u00fcrnberger Land entwickelt. Die Stadt [&hellip;]<\/p>\n","protected":false},"author":2,"featured_media":0,"parent":25782,"menu_order":0,"comment_status":"closed","ping_status":"closed","template":"","meta":{"_acf_changed":false,"footnotes":""},"acf":[],"yoast_head":"<!-- This site is optimized with the Yoast SEO plugin v22.3 - https:\/\/yoast.com\/wordpress\/plugins\/seo\/ -->\n<title>Standort Lauf - DACH<\/title>\n<meta name=\"robots\" content=\"index, follow, max-snippet:-1, max-image-preview:large, max-video-preview:-1\" \/>\n<link rel=\"canonical\" href=\"https:\/\/www.tadano.com\/dach\/de\/karriere\/standorte\/standort-lauf\/\" \/>\n<meta property=\"og:locale\" content=\"de_DE\" \/>\n<meta property=\"og:type\" content=\"article\" \/>\n<meta property=\"og:title\" content=\"Standort Lauf - DACH\" \/>\n<meta property=\"og:description\" content=\"Fakten &gt;700 Mitarbeiter 198.242 m\u00b2 Gel\u00e4ndefl\u00e4che 56.222 m\u00b2 Geb\u00e4udefl\u00e4che Arbeiten in Lauf an der Pegnitz Lauf, eine idyllische Stadt im N\u00fcrnberger Land, besticht durch ihre hohe Lebensqualit\u00e4t, vielseitigen Freizeitm\u00f6glichkeiten und eine ausgezeichnete Verkehrsanbindung. Bedeutende Wirtschaftsmetropole: Durch seine verkehrsg\u00fcnstige Lage hat sich Lauf an der Pegnitz zur bedeutendsten Stadt des Landkreises N\u00fcrnberger Land entwickelt. Die Stadt [&hellip;]\" \/>\n<meta property=\"og:url\" content=\"https:\/\/www.tadano.com\/dach\/de\/karriere\/standorte\/standort-lauf\/\" \/>\n<meta property=\"og:site_name\" content=\"DACH\" \/>\n<meta property=\"article:modified_time\" content=\"2025-12-15T11:35:09+00:00\" \/>\n<meta property=\"og:image\" content=\"https:\/\/www.tadano.com\/dach\/wp-content\/uploads\/sites\/9\/2024\/07\/team-1.png\" \/>\n<meta name=\"twitter:card\" content=\"summary_large_image\" \/>\n<meta name=\"twitter:label1\" content=\"Gesch\u00e4tzte Lesezeit\" \/>\n\t<meta name=\"twitter:data1\" content=\"2\u00a0Minuten\" \/>\n<script type=\"application\/ld+json\" class=\"yoast-schema-graph\">{\"@context\":\"https:\/\/schema.org\",\"@graph\":[{\"@type\":\"WebPage\",\"@id\":\"https:\/\/www.tadano.com\/dach\/de\/karriere\/standorte\/standort-lauf\/\",\"url\":\"https:\/\/www.tadano.com\/dach\/de\/karriere\/standorte\/standort-lauf\/\",\"name\":\"Standort Lauf - DACH\",\"isPartOf\":{\"@id\":\"https:\/\/www.tadano.com\/dach\/en\/#website\"},\"primaryImageOfPage\":{\"@id\":\"https:\/\/www.tadano.com\/dach\/de\/karriere\/standorte\/standort-lauf\/#primaryimage\"},\"image\":{\"@id\":\"https:\/\/www.tadano.com\/dach\/de\/karriere\/standorte\/standort-lauf\/#primaryimage\"},\"thumbnailUrl\":\"https:\/\/www.tadano.com\/dach\/wp-content\/uploads\/sites\/9\/2024\/07\/team-1.png\",\"datePublished\":\"2024-06-19T12:18:38+00:00\",\"dateModified\":\"2025-12-15T11:35:09+00:00\",\"breadcrumb\":{\"@id\":\"https:\/\/www.tadano.com\/dach\/de\/karriere\/standorte\/standort-lauf\/#breadcrumb\"},\"inLanguage\":\"de\",\"potentialAction\":[{\"@type\":\"ReadAction\",\"target\":[\"https:\/\/www.tadano.com\/dach\/de\/karriere\/standorte\/standort-lauf\/\"]}]},{\"@type\":\"ImageObject\",\"inLanguage\":\"de\",\"@id\":\"https:\/\/www.tadano.com\/dach\/de\/karriere\/standorte\/standort-lauf\/#primaryimage\",\"url\":\"https:\/\/www.tadano.com\/dach\/wp-content\/uploads\/sites\/9\/2024\/07\/team-1.png\",\"contentUrl\":\"https:\/\/www.tadano.com\/dach\/wp-content\/uploads\/sites\/9\/2024\/07\/team-1.png\",\"width\":256,\"height\":256},{\"@type\":\"BreadcrumbList\",\"@id\":\"https:\/\/www.tadano.com\/dach\/de\/karriere\/standorte\/standort-lauf\/#breadcrumb\",\"itemListElement\":[{\"@type\":\"ListItem\",\"position\":1,\"name\":\"Karriere\",\"item\":\"https:\/\/www.tadano.com\/dach\/karriere\/\"},{\"@type\":\"ListItem\",\"position\":2,\"name\":\"Standorte\",\"item\":\"https:\/\/www.tadano.com\/dach\/karriere\/standorte\/\"},{\"@type\":\"ListItem\",\"position\":3,\"name\":\"Standort Lauf\"}]},{\"@type\":\"WebSite\",\"@id\":\"https:\/\/www.tadano.com\/dach\/en\/#website\",\"url\":\"https:\/\/www.tadano.com\/dach\/en\/\",\"name\":\"DACH\",\"description\":\"Just another TADANO EUROPE site\",\"potentialAction\":[{\"@type\":\"SearchAction\",\"target\":{\"@type\":\"EntryPoint\",\"urlTemplate\":\"https:\/\/www.tadano.com\/dach\/en\/?s={search_term_string}\"},\"query-input\":\"required name=search_term_string\"}],\"inLanguage\":\"de\"}]}<\/script>\n<!-- \/ Yoast SEO plugin. -->","yoast_head_json":{"title":"Standort Lauf - DACH","robots":{"index":"index","follow":"follow","max-snippet":"max-snippet:-1","max-image-preview":"max-image-preview:large","max-video-preview":"max-video-preview:-1"},"canonical":"https:\/\/www.tadano.com\/dach\/de\/karriere\/standorte\/standort-lauf\/","og_locale":"de_DE","og_type":"article","og_title":"Standort Lauf - DACH","og_description":"Fakten &gt;700 Mitarbeiter 198.242 m\u00b2 Gel\u00e4ndefl\u00e4che 56.222 m\u00b2 Geb\u00e4udefl\u00e4che Arbeiten in Lauf an der Pegnitz Lauf, eine idyllische Stadt im N\u00fcrnberger Land, besticht durch ihre hohe Lebensqualit\u00e4t, vielseitigen Freizeitm\u00f6glichkeiten und eine ausgezeichnete Verkehrsanbindung. Bedeutende Wirtschaftsmetropole: Durch seine verkehrsg\u00fcnstige Lage hat sich Lauf an der Pegnitz zur bedeutendsten Stadt des Landkreises N\u00fcrnberger Land entwickelt. Die Stadt [&hellip;]","og_url":"https:\/\/www.tadano.com\/dach\/de\/karriere\/standorte\/standort-lauf\/","og_site_name":"DACH","article_modified_time":"2025-12-15T11:35:09+00:00","og_image":[{"url":"https:\/\/www.tadano.com\/dach\/wp-content\/uploads\/sites\/9\/2024\/07\/team-1.png"}],"twitter_card":"summary_large_image","twitter_misc":{"Gesch\u00e4tzte Lesezeit":"2\u00a0Minuten"},"schema":{"@context":"https:\/\/schema.org","@graph":[{"@type":"WebPage","@id":"https:\/\/www.tadano.com\/dach\/de\/karriere\/standorte\/standort-lauf\/","url":"https:\/\/www.tadano.com\/dach\/de\/karriere\/standorte\/standort-lauf\/","name":"Standort Lauf - DACH","isPartOf":{"@id":"https:\/\/www.tadano.com\/dach\/en\/#website"},"primaryImageOfPage":{"@id":"https:\/\/www.tadano.com\/dach\/de\/karriere\/standorte\/standort-lauf\/#primaryimage"},"image":{"@id":"https:\/\/www.tadano.com\/dach\/de\/karriere\/standorte\/standort-lauf\/#primaryimage"},"thumbnailUrl":"https:\/\/www.tadano.com\/dach\/wp-content\/uploads\/sites\/9\/2024\/07\/team-1.png","datePublished":"2024-06-19T12:18:38+00:00","dateModified":"2025-12-15T11:35:09+00:00","breadcrumb":{"@id":"https:\/\/www.tadano.com\/dach\/de\/karriere\/standorte\/standort-lauf\/#breadcrumb"},"inLanguage":"de","potentialAction":[{"@type":"ReadAction","target":["https:\/\/www.tadano.com\/dach\/de\/karriere\/standorte\/standort-lauf\/"]}]},{"@type":"ImageObject","inLanguage":"de","@id":"https:\/\/www.tadano.com\/dach\/de\/karriere\/standorte\/standort-lauf\/#primaryimage","url":"https:\/\/www.tadano.com\/dach\/wp-content\/uploads\/sites\/9\/2024\/07\/team-1.png","contentUrl":"https:\/\/www.tadano.com\/dach\/wp-content\/uploads\/sites\/9\/2024\/07\/team-1.png","width":256,"height":256},{"@type":"BreadcrumbList","@id":"https:\/\/www.tadano.com\/dach\/de\/karriere\/standorte\/standort-lauf\/#breadcrumb","itemListElement":[{"@type":"ListItem","position":1,"name":"Karriere","item":"https:\/\/www.tadano.com\/dach\/karriere\/"},{"@type":"ListItem","position":2,"name":"Standorte","item":"https:\/\/www.tadano.com\/dach\/karriere\/standorte\/"},{"@type":"ListItem","position":3,"name":"Standort Lauf"}]},{"@type":"WebSite","@id":"https:\/\/www.tadano.com\/dach\/en\/#website","url":"https:\/\/www.tadano.com\/dach\/en\/","name":"DACH","description":"Just another TADANO EUROPE site","potentialAction":[{"@type":"SearchAction","target":{"@type":"EntryPoint","urlTemplate":"https:\/\/www.tadano.com\/dach\/en\/?s={search_term_string}"},"query-input":"required name=search_term_string"}],"inLanguage":"de"}]}},"_links":{"self":[{"href":"https:\/\/www.tadano.com\/dach\/de\/wp-json\/wp\/v2\/pages\/26121"}],"collection":[{"href":"https:\/\/www.tadano.com\/dach\/de\/wp-json\/wp\/v2\/pages"}],"about":[{"href":"https:\/\/www.tadano.com\/dach\/de\/wp-json\/wp\/v2\/types\/page"}],"author":[{"embeddable":true,"href":"https:\/\/www.tadano.com\/dach\/de\/wp-json\/wp\/v2\/users\/2"}],"replies":[{"embeddable":true,"href":"https:\/\/www.tadano.com\/dach\/de\/wp-json\/wp\/v2\/comments?post=26121"}],"version-history":[{"count":5,"href":"https:\/\/www.tadano.com\/dach\/de\/wp-json\/wp\/v2\/pages\/26121\/revisions"}],"predecessor-version":[{"id":33687,"href":"https:\/\/www.tadano.com\/dach\/de\/wp-json\/wp\/v2\/pages\/26121\/revisions\/33687"}],"up":[{"embeddable":true,"href":"https:\/\/www.tadano.com\/dach\/de\/wp-json\/wp\/v2\/pages\/25782"}],"wp:attachment":[{"href":"https:\/\/www.tadano.com\/dach\/de\/wp-json\/wp\/v2\/media?parent=26121"}],"curies":[{"name":"wp","href":"https:\/\/api.w.org\/{rel}","templated":true}]}}