{"id":33649,"date":"2021-02-03T07:59:32","date_gmt":"2021-02-03T07:59:32","guid":{"rendered":"https:\/\/www.tadano.com\/dach\/hebetechnik\/"},"modified":"2026-02-26T13:25:56","modified_gmt":"2026-02-26T13:25:56","slug":"hebetechnik","status":"publish","type":"page","link":"https:\/\/www.tadano.com\/dach\/de\/hebetechnik\/","title":{"rendered":"Krane"},"content":{"rendered":"\n\n\n<section class=\"hero-section\">\n\n\t\n\t\t\t<style type=\"text\/css\">\n\t\t\t.hero-section .img-holder:before {\n\t\t\t\tdisplay: none;\n\t\t\t}\n\t\t<\/style>\n\t\n\t\n\t<div class=\"img-holder \">\n\t\t\t\t<div class=\"bg-stretch\" style=\"background-position: 50% 50%; \">\n\t\t\t<span data-srcset=\"https:\/\/assets.onetadano.com\/celum_assets\/hero\/TADANO_line-up_june_2021.jpg, https:\/\/assets.onetadano.com\/celum_assets\/hero-2x\/TADANO_line-up_june_2021.jpg 2x\"><\/span>\n\t\t<\/div>\n\t\t\t\t\t\t<div class=\"logo green-solutions\" style=\"display:none;\">\n\t\t\t<a href=\"#\"><img decoding=\"async\" src=\"https:\/\/www.tadano.com\/dach\/wp-content\/themes\/tadano\/assets\/dist\/images\/Green-Solutions_Logo_White.svg\"><\/a>\n\t\t<\/div>\n\t<\/div>\n\t<div class=\"container\">\n\t\t<div class=\"text-holder \">\n\t\t\t<div class=\"wrap\">\n\t\t\t\t\n\t\t\t\t<ul class=\"breadcrumbs\"><li><a href=\"https:\/\/www.tadano.com\/dach\/de\/\">Startseite<\/a><\/li><\/ul>\n\t\t\t\t\n\n<h1 class=\"wp-block-heading\">Krane<\/h1>\n\n\n\n<p>Die Tadano Gruppe verf\u00fcgt \u00fcber ein breites Portfolio hochwertiger Hebetechnik f\u00fcr praktisch alle Boden-, Einsatz- und Lastsituationen.<\/p>\n\n\n\n\t\t\t\t\n\t\t\t<\/div>\n\n\t\t\t\n\t\t\t\n\t\t\t\n\t\t<\/div>\n\t<\/div>\n<\/section>\n\n\n<div class=\"wp-block-group is-style-background-triangle-right has-white-color has-dark-blue-background-color has-text-color has-background is-layout-flow wp-block-group-is-layout-flow\"><div class=\"wp-block-group__inner-container\">\n<div class=\"wp-block-columns is-layout-flex wp-container-core-columns-layout-1 wp-block-columns-is-layout-flex\">\n<div class=\"wp-block-column is-layout-flow wp-block-column-is-layout-flow\" style=\"flex-basis:33.33%\">\n<h2 class=\"wp-block-heading\">Kategorien durchsuchen<\/h2>\n\n\n\n<p>F\u00fcr jede Ihrer Aufgaben haben wir die passenden L\u00f6sungen. Sehen Sie selbst, wie die Tadano Kranmodelle Ihren Erfolg sichern.<\/p>\n\n\n<div class=\"download-button-block\">\n\t<div class=\"btn-holder\">\n\t\t<a href=\"https:\/\/mediahub.tadano.com\/m\/25449519513b3bb9\/original\/doc_tadano_OfferingFlyer_EU_de_view.pdf\" class=\"btn btn-outline\" download>\n\t    PRODUKT\u00dcBERSICHT\t  <\/a>\n\t<\/div>\n<\/div>\n\n\n<div style=\"height:6px\" aria-hidden=\"true\" class=\"wp-block-spacer\"><\/div>\n\n\n\n<h3 class=\"wp-block-heading\">Interessiert an Gebrauchtkranen?<\/h3>\n\n\n\n<p>St\u00f6bern Sie im gro\u00dfen Angebot f\u00fcr gebrauchte, ordnungsgem\u00e4\u00df gewartete All-Terrain-, Rough-Terrain- und Raupenkrane.<\/p>\n\n\n\n<div class=\"wp-block-buttons is-layout-flex wp-block-buttons-is-layout-flex\">\n<div class=\"wp-block-button is-style-btn-light\"><a class=\"wp-block-button__link wp-element-button\" href=\"https:\/\/www.tadano.com\/dach\/de\/hebetechnik\/gebrauchtkrane\/\">Gebrauchtkrane durchsuchen<\/a><\/div>\n<\/div>\n<\/div>\n\n\n\n<div class=\"wp-block-column is-layout-flow wp-block-column-is-layout-flow\" style=\"flex-basis:66.66%\"><div class=\"links-block-wrapper\">\n  <div class=\"container\">\n    <section class=\"links-block\">\n              <div class=\"links-block\">\n                                  <div class=\"link-single  \">\n                              <a href=\"https:\/\/www.tadano.com\/dach\/de\/all-terrain-krane\/\">\n                               \n                                  <strong class='title'>All-Terrain-Krane<\/strong>\n                                                  <p>Allradlenkung und verschiedene Auslegerl\u00e4ngen f\u00fcr Sicherheit und solide Leistung an praktisch jedem Ort.<\/p>\n                              <\/a>\n            <\/div>\n                                  <div class=\"link-single  \">\n                              <a href=\"https:\/\/www.tadano.com\/dach\/de\/city-krane\/\">\n                               \n                                  <strong class='title'>City-Krane<\/strong>\n                                                  <p>Der kurze Ausleger-Grundkasten erlaubt das Arbeiten mit steilem Auslegerwinkel bei wenig verf\u00fcgbarem Freiraum in der H\u00f6he.<\/p>\n                              <\/a>\n            <\/div>\n                                  <div class=\"link-single  \">\n                              <a href=\"https:\/\/www.tadano.com\/dach\/de\/gittermast-raupenkrane\/\">\n                               \n                                  <strong class='title'>Raupenkrane<\/strong>\n                                                  <p>Transportfreundlich trotz ihrer Gr\u00f6\u00dfe, mit Anbauger\u00e4ten noch mehr Anwendungen m\u00f6glich.<\/p>\n                              <\/a>\n            <\/div>\n                                  <div class=\"link-single  \">\n                              <a href=\"https:\/\/www.tadano.com\/dach\/de\/teleskop-raupenkrane\/\">\n                               \n                                  <strong class='title'>Teleskop-Raupenkrane<\/strong>\n                                                  <p>Die vielseitig einsetzbaren Tadano Teleskop-Raupenkrane erlauben den Transport von Lasten bei uneingeschr\u00e4nkter Traglasttabelle, kurze R\u00fcstzeiten, automatisch umschaltende Traglasttabellen und ein \u00fcberlegenes Fahrverhalten \u2013 f\u00fcr hohe Produktivit\u00e4t auf beengten Baustellen oder schwierigem Gel\u00e4nde.<\/p>\n                              <\/a>\n            <\/div>\n                                  <div class=\"link-single  \">\n                              <a href=\"https:\/\/www.tadano.com\/dach\/de\/rough-terrain-krane\/\">\n                               \n                                  <strong class='title'>Rough-Terrain-Krane<\/strong>\n                                                  <p>Dank Allradantrieb und -lenkung man\u00f6vrieren sie m\u00fchelos auf engstem Raum und unbefestigtem Gel\u00e4nde.<\/p>\n                              <\/a>\n            <\/div>\n                                  <div class=\"link-single  \">\n                              <a href=\"https:\/\/www.tadano.com\/dach\/de\/pick-carry-krane\/\">\n                               \n                                  <strong class='title'>Pick &#038; Carry Krane (Valla Serie)<\/strong>\n                                                  <p>Kompaktes, elektrisches Design f\u00fcr pr\u00e4zises Heben und agile, emissionsfreie Leistung.<\/p>\n                              <\/a>\n            <\/div>\n                                  <div class=\"link-single  \">\n                              <a href=\"https:\/\/www.tadano.com\/dach\/de\/lkw-ladekrane\/\">\n                               \n                                  <strong class='title'>LKW-Ladekrane (PM Serie)<\/strong>\n                                                  <p>Starke, kompakte Ausleger f\u00fcr pr\u00e4zise Steuerung und vielseitiges Heben auf engem Raum.<\/p>\n                              <\/a>\n            <\/div>\n                                  <div class=\"link-single  \">\n                              <a href=\"https:\/\/www.tadano.com\/dach\/de\/retrofit\/\">\n                               \n                                  <strong class='title'>Retrofit Kits<\/strong>\n                                                  <p>Entdecken Sie die vielf\u00e4ltigen Tadano Nachr\u00fcstl\u00f6sungen f\u00fcr Ihre Kranflotte.<\/p>\n                              <\/a>\n            <\/div>\n                  <\/div>\n                    \n    <\/section>\n  <\/div>\n<\/div><\/div>\n<\/div>\n<\/div><\/div>\n\n\n\n<div style=\"height:100px\" aria-hidden=\"true\" class=\"wp-block-spacer\"><\/div>\n\n\n\n<h2 class=\"wp-block-heading\">DER TADANO-VORTEIL<\/h2>\n\n\n\n<p>Tadano z\u00e4hlt zu den f\u00fchrenden Herstellern der Kranindustrie, da Qualit\u00e4t bei uns h\u00f6chste Priorit\u00e4t genie\u00dft. Unsere Krane liefern herausragende Wertsch\u00f6pfung, Langlebigkeit und Zuverl\u00e4ssigkeit f\u00fcr alle Ihre Projektanforderungen. Belastbare, von unseren Kunden gesammelte Daten belegen, dass mit Tadano Maschinen eine deutlich h\u00f6here betriebliche Effizienz erreichbar ist als mit Maschinen des Wettbewerbs. Die Langlebigkeit eines Krans beginnt mit \u00fcberlegener Ingenieurskunst und strukturellem Design als Basis und manifestiert sich im gesamten Fertigungsprozess sowie in jeder einzelnen, im Kran verbauten Premiumkomponente. Wenn Sie sich f\u00fcr Tadano entscheiden, profitieren Sie von reduzierten Ersatzteil- und Wartungsanforderungen sowie weniger Stillstandzeiten. Unterm Strich bedeutet das f\u00fcr Sie: Eine h\u00f6here Investitionsrendite sowie die geringsten Haltungs- und Betriebskosten aller Krane auf dem Markt.<\/p>\n\n\n\n<div class=\"wp-block-columns is-layout-flex wp-container-core-columns-layout-2 wp-block-columns-is-layout-flex\">\n<div class=\"wp-block-column is-layout-flow wp-block-column-is-layout-flow\">\n<h3 class=\"wp-block-heading\">Wertsch\u00f6pfung.<\/h3>\n\n\n\n<p>Die sprichw\u00f6rtliche Tadano Qualit\u00e4t bedeutet effizientes Arbeiten mit weniger Stillst\u00e4nden. Unterm Strich bedeutet das f\u00fcr Sie: H\u00f6here Investitionsrenditen sowie die geringsten Haltungs- und Betriebskosten aller Krane auf dem Markt.<\/p>\n<\/div>\n\n\n\n<div class=\"wp-block-column is-layout-flow wp-block-column-is-layout-flow\">\n<h3 class=\"wp-block-heading\">Eingebaute Langlebigkeit.<\/h3>\n\n\n\n<p>\u00dcberlegene Ingenieurskunst und strukturelles Design, kombiniert mit erstklassigen Fertigungsprozessen und Komponenten bedeutet: Tadano Krane sind kaum kaputt zu kriegen und einfach zu reparieren.<\/p>\n<\/div>\n\n\n\n<div class=\"wp-block-column is-layout-flow wp-block-column-is-layout-flow\">\n<h3 class=\"wp-block-heading\">Zuverl\u00e4ssigkeit.<\/h3>\n\n\n\n<p>Tadano sieht es als seine Verpflichtung an, Krane zu fertigen, die frei von Defekten, M\u00e4ngeln und signifikanten Abweichungen sind. Der Schl\u00fcssel hierf\u00fcr sind solide Konzepte, gut durchdachte Prozesse, qualifizierte Lieferanten, hohe Entwicklungskompetenz, gr\u00fcndliche Testverfahren und ein engagierter Kundenservice.<\/p>\n<\/div>\n<\/div>\n\n\n\n\n<section class=\"featured-block01\">\n  <div class=\"img-holder\">\n        <div class=\"bg-stretch\" style=\"background-position: 0 0; \">\n      <span data-srcset=\"https:\/\/assets.onetadano.com\/celum_assets\/hero\/TA4355%7E1.jpg, https:\/\/assets.onetadano.com\/celum_assets\/hero-2x\/TA4355%7E1.jpg 2x\"><\/span>\n    <\/div>\n      <\/div>\n  <div class=\"container\">\n    <div class=\"text-holder\">\n      \n\n<h2 class=\"wp-block-heading\">Technologie<\/h2>\n\n\n\n<p>F\u00fcr uns bei Tadano dient jedes Produkt dazu, Ihre Kraneins\u00e4tze besser, effizienter und wirtschaftlicher zu gestalten. \u00dcberzeugen Sie sich, wie Tadano diesem Anspruch durch wegweisende technologische Innovationen \u2013 erg\u00e4nzt um intelligente Dienstleistungen und Supportangebote \u2013 gerecht wird.<\/p>\n\n\n\n<div class=\"wp-block-buttons is-layout-flex wp-block-buttons-is-layout-flex\">\n<div class=\"wp-block-button\"><a class=\"wp-block-button__link wp-element-button\" href=\"https:\/\/www.tadano.com\/dach\/de\/technologie\/alle-technologien\/\">Technologien entdecken<\/a><\/div>\n<\/div>\n\n\n    <\/div>\n  <\/div>\n<\/section>\n\n\n\n<section class=\"featured-block02\">\n  <div class=\"img-holder\">\n        <div class=\"bg-stretch\" style=\"background-position: 0 50%; \">\n      <span data-srcset=\"https:\/\/assets.onetadano.com\/celum_assets\/hero\/TAD19I%7E2.jpg, https:\/\/assets.onetadano.com\/celum_assets\/hero-2x\/TAD19I%7E2.jpg 2x\"><\/span>\n    <\/div>\n      <\/div>\n  <div class=\"container\">\n    <div class=\"text-holder\">\n      \n\n<h2 class=\"wp-block-heading\">Fantastische Angebote verschiedener Kranhersteller, -modelle und Gr\u00f6\u00dfen f\u00fcr Ihre Projektanforderungen.<\/h2>\n\n\n\n<p>St\u00f6bern Sie im gro\u00dfen Angebot f\u00fcr gebrauchte, ordnungsgem\u00e4\u00df gewartete All-Terrain-, Rough-Terrain- und Raupenkrane.<\/p>\n\n\n\n<div class=\"wp-block-buttons is-layout-flex wp-block-buttons-is-layout-flex\">\n<div class=\"wp-block-button\"><a class=\"wp-block-button__link wp-element-button\" href=\"https:\/\/www.tadano.com\/dach\/de\/hebetechnik\/gebrauchtkrane\/\">Gebrauchtkrane durchsuchen<\/a><\/div>\n<\/div>\n\n\n    <\/div>\n  <\/div>\n<\/section>","protected":false},"excerpt":{"rendered":"<p>Kategorien durchsuchen F\u00fcr jede Ihrer Aufgaben haben wir die passenden L\u00f6sungen. Sehen Sie selbst, wie die Tadano Kranmodelle Ihren Erfolg sichern. Interessiert an Gebrauchtkranen? St\u00f6bern Sie im gro\u00dfen Angebot f\u00fcr gebrauchte, ordnungsgem\u00e4\u00df gewartete All-Terrain-, Rough-Terrain- und Raupenkrane. DER TADANO-VORTEIL Tadano z\u00e4hlt zu den f\u00fchrenden Herstellern der Kranindustrie, da Qualit\u00e4t bei uns h\u00f6chste Priorit\u00e4t genie\u00dft. Unsere [&hellip;]<\/p>\n","protected":false},"author":1,"featured_media":0,"parent":0,"menu_order":0,"comment_status":"closed","ping_status":"closed","template":"","meta":{"_acf_changed":false,"footnotes":""},"acf":[],"yoast_head":"<!-- This site is optimized with the Yoast SEO plugin v22.3 - https:\/\/yoast.com\/wordpress\/plugins\/seo\/ -->\n<title>Krane - DACH<\/title>\n<meta name=\"robots\" content=\"index, follow, max-snippet:-1, max-image-preview:large, max-video-preview:-1\" \/>\n<link rel=\"canonical\" href=\"https:\/\/www.tadano.com\/dach\/en\/lifting-equipment\/\" \/>\n<meta property=\"og:locale\" content=\"de_DE\" \/>\n<meta property=\"og:type\" content=\"article\" \/>\n<meta property=\"og:title\" content=\"Krane - DACH\" \/>\n<meta property=\"og:description\" content=\"Kategorien durchsuchen F\u00fcr jede Ihrer Aufgaben haben wir die passenden L\u00f6sungen. Sehen Sie selbst, wie die Tadano Kranmodelle Ihren Erfolg sichern. Interessiert an Gebrauchtkranen? St\u00f6bern Sie im gro\u00dfen Angebot f\u00fcr gebrauchte, ordnungsgem\u00e4\u00df gewartete All-Terrain-, Rough-Terrain- und Raupenkrane. DER TADANO-VORTEIL Tadano z\u00e4hlt zu den f\u00fchrenden Herstellern der Kranindustrie, da Qualit\u00e4t bei uns h\u00f6chste Priorit\u00e4t genie\u00dft. Unsere [&hellip;]\" \/>\n<meta property=\"og:url\" content=\"https:\/\/www.tadano.com\/dach\/en\/lifting-equipment\/\" \/>\n<meta property=\"og:site_name\" content=\"DACH\" \/>\n<meta property=\"article:modified_time\" content=\"2026-02-26T13:25:56+00:00\" \/>\n<meta name=\"twitter:card\" content=\"summary_large_image\" \/>\n<meta name=\"twitter:label1\" content=\"Gesch\u00e4tzte Lesezeit\" \/>\n\t<meta name=\"twitter:data1\" content=\"2\u00a0Minuten\" \/>\n<script type=\"application\/ld+json\" class=\"yoast-schema-graph\">{\"@context\":\"https:\/\/schema.org\",\"@graph\":[{\"@type\":\"WebPage\",\"@id\":\"https:\/\/www.tadano.com\/dach\/en\/lifting-equipment\/\",\"url\":\"https:\/\/www.tadano.com\/dach\/en\/lifting-equipment\/\",\"name\":\"Krane - DACH\",\"isPartOf\":{\"@id\":\"https:\/\/www.tadano.com\/dach\/en\/#website\"},\"datePublished\":\"2021-02-03T07:59:32+00:00\",\"dateModified\":\"2026-02-26T13:25:56+00:00\",\"inLanguage\":\"de\",\"potentialAction\":[{\"@type\":\"ReadAction\",\"target\":[\"https:\/\/www.tadano.com\/dach\/en\/lifting-equipment\/\"]}]},{\"@type\":\"WebSite\",\"@id\":\"https:\/\/www.tadano.com\/dach\/en\/#website\",\"url\":\"https:\/\/www.tadano.com\/dach\/en\/\",\"name\":\"DACH\",\"description\":\"Just another TADANO EUROPE site\",\"potentialAction\":[{\"@type\":\"SearchAction\",\"target\":{\"@type\":\"EntryPoint\",\"urlTemplate\":\"https:\/\/www.tadano.com\/dach\/en\/?s={search_term_string}\"},\"query-input\":\"required name=search_term_string\"}],\"inLanguage\":\"de\"}]}<\/script>\n<!-- \/ Yoast SEO plugin. -->","yoast_head_json":{"title":"Krane - DACH","robots":{"index":"index","follow":"follow","max-snippet":"max-snippet:-1","max-image-preview":"max-image-preview:large","max-video-preview":"max-video-preview:-1"},"canonical":"https:\/\/www.tadano.com\/dach\/en\/lifting-equipment\/","og_locale":"de_DE","og_type":"article","og_title":"Krane - DACH","og_description":"Kategorien durchsuchen F\u00fcr jede Ihrer Aufgaben haben wir die passenden L\u00f6sungen. Sehen Sie selbst, wie die Tadano Kranmodelle Ihren Erfolg sichern. Interessiert an Gebrauchtkranen? St\u00f6bern Sie im gro\u00dfen Angebot f\u00fcr gebrauchte, ordnungsgem\u00e4\u00df gewartete All-Terrain-, Rough-Terrain- und Raupenkrane. DER TADANO-VORTEIL Tadano z\u00e4hlt zu den f\u00fchrenden Herstellern der Kranindustrie, da Qualit\u00e4t bei uns h\u00f6chste Priorit\u00e4t genie\u00dft. Unsere [&hellip;]","og_url":"https:\/\/www.tadano.com\/dach\/en\/lifting-equipment\/","og_site_name":"DACH","article_modified_time":"2026-02-26T13:25:56+00:00","twitter_card":"summary_large_image","twitter_misc":{"Gesch\u00e4tzte Lesezeit":"2\u00a0Minuten"},"schema":{"@context":"https:\/\/schema.org","@graph":[{"@type":"WebPage","@id":"https:\/\/www.tadano.com\/dach\/en\/lifting-equipment\/","url":"https:\/\/www.tadano.com\/dach\/en\/lifting-equipment\/","name":"Krane - DACH","isPartOf":{"@id":"https:\/\/www.tadano.com\/dach\/en\/#website"},"datePublished":"2021-02-03T07:59:32+00:00","dateModified":"2026-02-26T13:25:56+00:00","inLanguage":"de","potentialAction":[{"@type":"ReadAction","target":["https:\/\/www.tadano.com\/dach\/en\/lifting-equipment\/"]}]},{"@type":"WebSite","@id":"https:\/\/www.tadano.com\/dach\/en\/#website","url":"https:\/\/www.tadano.com\/dach\/en\/","name":"DACH","description":"Just another TADANO EUROPE site","potentialAction":[{"@type":"SearchAction","target":{"@type":"EntryPoint","urlTemplate":"https:\/\/www.tadano.com\/dach\/en\/?s={search_term_string}"},"query-input":"required name=search_term_string"}],"inLanguage":"de"}]}},"_links":{"self":[{"href":"https:\/\/www.tadano.com\/dach\/de\/wp-json\/wp\/v2\/pages\/33649"}],"collection":[{"href":"https:\/\/www.tadano.com\/dach\/de\/wp-json\/wp\/v2\/pages"}],"about":[{"href":"https:\/\/www.tadano.com\/dach\/de\/wp-json\/wp\/v2\/types\/page"}],"author":[{"embeddable":true,"href":"https:\/\/www.tadano.com\/dach\/de\/wp-json\/wp\/v2\/users\/1"}],"replies":[{"embeddable":true,"href":"https:\/\/www.tadano.com\/dach\/de\/wp-json\/wp\/v2\/comments?post=33649"}],"version-history":[{"count":3,"href":"https:\/\/www.tadano.com\/dach\/de\/wp-json\/wp\/v2\/pages\/33649\/revisions"}],"predecessor-version":[{"id":34635,"href":"https:\/\/www.tadano.com\/dach\/de\/wp-json\/wp\/v2\/pages\/33649\/revisions\/34635"}],"wp:attachment":[{"href":"https:\/\/www.tadano.com\/dach\/de\/wp-json\/wp\/v2\/media?parent=33649"}],"curies":[{"name":"wp","href":"https:\/\/api.w.org\/{rel}","templated":true}]}}