{"id":33895,"date":"2026-01-15T14:41:48","date_gmt":"2026-01-15T14:41:48","guid":{"rendered":"https:\/\/www.tadano.com\/dach\/cookie-policy-2\/"},"modified":"2026-01-28T16:37:57","modified_gmt":"2026-01-28T16:37:57","slug":"cookie-richtlinie","status":"publish","type":"page","link":"https:\/\/www.tadano.com\/dach\/de\/cookie-richtlinie\/","title":{"rendered":"Cookie-Richtlinie"},"content":{"rendered":"\n<h2 class=\"wp-block-heading\">Cookie-Richtlinie<\/h2>\n\n\n\n<h2 class=\"wp-block-heading\"><strong>Cookies, Tracking- und Analysetools<\/strong><\/h2>\n\n\n\n<p>Wir bei Tadano verwenden Cookies auf unserer Website. Cookies sind kleine Dateien, die von uns an den Browser Ihres Endger\u00e4ts gesendet und dort im Rahmen Ihres Besuchs auf unseren Internetseiten gespeichert werden. Einige Funktionen unserer Website k\u00f6nnen ohne den Einsatz technisch notwendiger Cookies nicht angeboten werden. Andere Cookies erm\u00f6glichen es uns, verschiedene Analysen durchzuf\u00fchren. Cookies sind beispielsweise in der Lage, den von Ihnen verwendeten Browser bei einem erneuten Besuch unserer Website wiederzuerkennen und verschiedene Informationen an uns zu \u00fcbermitteln. Wir k\u00f6nnen Cookies verwenden, um unser Internetangebot nutzerfreundlicher und effektiver zu gestalten, beispielsweise durch die Analyse Ihrer Nutzung unserer Website und die Ermittlung Ihrer bevorzugten Einstellungen (z. B. L\u00e4nder- und Spracheinstellungen). Sofern Dritte Cookies zur Verarbeitung von Informationen einsetzen, erheben diese die Informationen direkt \u00fcber Ihren Browser. Cookies verursachen keine Sch\u00e4den an Ihrem Endger\u00e4t. Sie k\u00f6nnen keine Programme ausf\u00fchren und enthalten keine Viren.<br>Bevor wir nicht technisch notwendige Cookies auf unserer Website setzen, holen wir Ihre Einwilligung \u00fcber das Cookie-Banner ein. Sie k\u00f6nnen Ihre Einstellungen selbstverst\u00e4ndlich jederzeit in den Cookie-Einstellungen \u00e4ndern.<br>Weitere Informationen zu anderen personenbezogenen Daten, die wir \u00fcber Sie verarbeiten, zu Ihren Rechten als betroffene Person sowie zu unseren Kontaktdaten finden Sie in unserer <a href=\"https:\/\/www.tadano.com\/dach\/de\/datenschutzerklaerung\/\">Datenschutzerkl\u00e4rung<\/a>.<\/p>\n\n\n\n<h2 class=\"wp-block-heading\"><strong>1. Technisch notwendige Cookies<\/strong><\/h2>\n\n\n\n<p>Diese Cookies sind aus technischen Gr\u00fcnden erforderlich, damit Sie unsere Website besuchen und die von uns angebotenen Funktionen nutzen k\u00f6nnen. Dar\u00fcber hinaus erm\u00f6glichen sie eine sichere und korrekte Nutzung unserer Website. Technisch notwendige Cookies sind stets aktiviert.<br>Die folgenden notwendigen Cookies werden beim Besuch unserer Website und ihrer Subdomains gespeichert:<\/p>\n\n\n<section class=\"table\">\n    <div class=\"container\">\n        <table border=\"1\"><tbody><tr class=\"thead\"><td>Anbieter<\/td><td>Name<\/td><td>Zweck<\/td><td>Speicherdauer<\/td><\/tr><tr><td>Tadano<\/td><td>CookieConsent<\/td><td>Wird verwendet, um den Cookie-Einwilligungsstatus des Nutzers zu speichern<\/td><td>1 Jahr<\/td><\/tr><tr><td>Tadano<\/td><td>tdvp_https:\/\/#_#_#_#_#_#.png?v=#<\/td><td>Wird im Zusammenhang mit der 3D-Ansichtsfunktion der Website verwendet<\/td><td>Persistent<\/td><\/tr><tr><td>Tadano<\/td><td>test<\/td><td>Wird verwendet, um zu erkennen, ob der Besucher die Marketing-Kategorie im Cookie-Banner akzeptiert hat<\/td><td>Persistent<\/td><\/tr><tr><td>Tadano<\/td><td>wpEmojiSettingsSupports<\/td><td>Teil eines Cookie-B\u00fcndels zur Auslieferung und Darstellung von Inhalten<\/td><td>Session<\/td><\/tr><tr><td>LinkedIn<\/td><td>bcookie<\/td><td>Wird verwendet, um Spam zu erkennen und die Sicherheit der Website zu verbessern<\/td><td>1 Jahr<\/td><\/tr><tr><td>LinkedIn<\/td><td>li_gc<\/td><td>Speichert den Cookie-Einwilligungsstatus des Nutzers f\u00fcr die aktuelle Domain<\/td><td>180 Tage<\/td><\/tr><tr><td>Vimeo<\/td><td>_cfuvid<\/td><td>Unterst\u00fctzt Lastverteilung, Auslieferung von Website-Inhalten und DNS-Verbindungen<\/td><td>Session<\/td><\/tr><tr><td>Webseminare.biz<\/td><td>PHPSESSID<\/td><td>Erh\u00e4lt den Sitzungsstatus des Nutzers \u00fcber Seitenaufrufe hinweg<\/td><td>1 Tag<\/td><\/tr><tr><td>LinkedIn<\/td><td>lidc<\/td><td>Registriert den Server-Cluster, der den Besucher bedient, zur Optimierung der Nutzererfahrung<\/td><td>1 Tag<\/td><\/tr><tr><td>Tadano<\/td><td>lastRegion<\/td><td>Speichert die zuletzt vom Nutzer besuchte Region<\/td><td>90 Tage<\/td><\/tr><tr><td>Tadano<\/td><td>lastLanguage<\/td><td>Speichert die beim Besuch verwendete Sprache<\/td><td>90 Tage<\/td><\/tr><\/tbody><\/table>    <\/div>\n<\/section>\n\n\n<p><br><\/p>\n\n\n\n<h2 class=\"wp-block-heading\"><strong>2. Leistungsbezogene Cookies, Tracking- und Analysetools<\/strong><\/h2>\n\n\n\n<p>Diese Cookies erm\u00f6glichen es uns, die Nutzung unserer Website zu analysieren und dadurch deren Leistung und Funktionalit\u00e4t zu verbessern. Die erhobenen Informationen betreffen unter anderem die Nutzung unserer Website durch Besucher, die am h\u00e4ufigsten aufgerufenen Seiten sowie m\u00f6gliche Fehlermeldungen. In einigen F\u00e4llen verbessern diese Cookies die Geschwindigkeit, mit der wir Ihre Anfragen bearbeiten k\u00f6nnen, da sie ausgew\u00e4hlte Website-Einstellungen speichern. Wird diese Cookie-Gruppe aktiviert, k\u00f6nnen die \u00fcber Sie erhobenen Informationen \u2013 wie in dieser Datenschutzerkl\u00e4rung beschrieben \u2013 au\u00dferhalb des Europ\u00e4ischen Wirtschaftsraums, insbesondere in die USA, \u00fcbertragen werden. Weitere unrechtm\u00e4\u00dfige Verarbeitungen oder \u00dcbermittlungen Ihrer Daten durch die Anbieter dieser Cookies k\u00f6nnen von uns nicht verhindert werden und liegen au\u00dferhalb unseres Einflussbereichs.<br>Die folgenden leistungsbezogenen Cookies werden beim Besuch unserer Website und ihrer Subdomains gespeichert:<\/p>\n\n\n\n<p><br><\/p>\n\n\n<section class=\"table\">\n    <div class=\"container\">\n        <table border=\"1\"><tbody><tr class=\"thead\"><td>Provider<\/td><td>Name<\/td><td>Purpose<\/td><td>Storage Period<\/td><\/tr><tr><td>Tadano<\/td><td>last_pys_utm_campaign<\/td><td>Used to track visitors on multiple websites, in order to present relevant advertisement based on the visitor&#8217;s preferences<\/td><td>Session<\/td><\/tr><tr><td>Tadano<\/td><td>last_pys_utm_medium<\/td><td>Used to track visitors on multiple websites, in order to present relevant advertisement based on the visitor&#8217;s preferences<\/td><td>Session<\/td><\/tr><tr><td>Tadano<\/td><td>pys_bingid<\/td><td>Registers statistical data on users&#8216; behaviour on the website<\/td><td>Session<\/td><\/tr><tr><td>Tadano<\/td><td>pys_fbadid<\/td><td>Registers statistical data on users&#8216; behaviour on the website<\/td><td>Session<\/td><\/tr><tr><td>Tadano<\/td><td>pys_gadid<\/td><td>Registers statistical data on users&#8216; behaviour on the website<\/td><td>Session<\/td><\/tr><tr><td>Tadano<\/td><td>pys_padid<\/td><td>Registers statistical data on users&#8216; behaviour on the website<\/td><td>Session<\/td><\/tr><tr><td>Tadano<\/td><td>pys_utm_campaign<\/td><td>Registers statistical data on users&#8216; behaviour on the website<\/td><td>Session<\/td><\/tr><tr><td>Tadano<\/td><td>pys_utm_content<\/td><td>Registers statistical data on users&#8216; behaviour on the website<\/td><td>Session<\/td><\/tr><tr><td>Tadano<\/td><td>pys_utm_medium<\/td><td>Registers statistical data on users&#8216; behaviour on the website<\/td><td>Session<\/td><\/tr><tr><td>Tadano<\/td><td>pys_utm_source<\/td><td><\/td><td>Session<\/td><\/tr><tr><td>Tadano<\/td><td>pys_utm_term<\/td><td>Registers statistical data on users&#8216; behaviour on the website<\/td><td>Session<\/td><\/tr><tr><td>Google Analytics<\/td><td>_ga<\/td><td>Registers a unique ID that is used to generate statistical data on how the visitor uses the website<\/td><td>2 years<\/td><\/tr><tr><td>Google Analytics<\/td><td>_ga_#<\/td><td>Used by Google Analytics to collect data on the number of times a user has visited the website as well as dates for the first and most recent visit<\/td><td>2 years<\/td><\/tr><tr><td>Tadano<\/td><td>last_pys_landing_page<\/td><td>Registers statistical data on users&#8216; behaviour on the website<\/td><td>7 days<\/td><\/tr><tr><td>Tadano<\/td><td>last_pysTrafficSource<\/td><td>Registers statistical data on users&#8216; behaviour on the website<\/td><td>7 days<\/td><\/tr><tr><td>Tadano<\/td><td>pys_first_visit<\/td><td>Registers statistical data on users&#8216; behaviour on the website<\/td><td>7 days<\/td><\/tr><tr><td>Tadano<\/td><td>pys_landing_page<\/td><td>Detects and stores which landing page was presented to the user<\/td><td>7 days<\/td><\/tr><tr><td>Tadano<\/td><td>pys_session_limit<\/td><td>Registers statistical data on users&#8216; behaviour on the website<\/td><td>1 day<\/td><\/tr><tr><td>Tadano<\/td><td>pys_start_session<\/td><td>Registers statistical data on users&#8216; behaviour on the website<\/td><td>Session<\/td><\/tr><tr><td>Tadano<\/td><td>pysTrafficSource<\/td><td>Registers statistical data on users&#8216; behaviour on the website<\/td><td>7 days<\/td><\/tr><tr><td>Meta, Inc.<\/td><td>lastExternalReferrer<\/td><td>Detects how the user reached the website by registering their last URL-address<\/td><td>Persistent<\/td><\/tr><tr><td>Meta, Inc.<\/td><td>lastExternalReferrerTime<\/td><td>Detects how the user reached the website by registering their last URL-address<\/td><td>Persistent<\/td><\/tr><tr><td>Elfsight<\/td><td>elfsight_viewed_recently<\/td><td>Determines which products the user has viewed, allowing the website to promote related products<\/td><td>1 day<\/td><\/tr><tr><td>Tadano<\/td><td>last_pys_bingid<\/td><td>Used to track visitors on multiple websites, in order to present relevant advertisement based on the visitor&#8217;s preferences<\/td><td>Session<\/td><\/tr><tr><td>Tadano<\/td><td>last_pys_fbadid<\/td><td>Used to track visitors on multiple websites, in order to present relevant advertisement based on the visitor&#8217;s preferences<\/td><td>Session<\/td><\/tr><tr><td>Tadano<\/td><td>last_pys_gadid<\/td><td>Used to track visitors on multiple websites, in order to present relevant advertisement based on the visitor&#8217;s preferences<\/td><td>Session<\/td><\/tr><tr><td>Tadano<\/td><td>last_pys_padid<\/td><td><\/td><td>Session<\/td><\/tr><tr><td>Tadano<\/td><td>last_pys_utm_content<\/td><td>Used to track visitors on multiple websites, in order to present relevant advertisement based on the visitor&#8217;s preferences<\/td><td>Session<\/td><\/tr><tr><td>Tadano<\/td><td>last_pys_utm_source<\/td><td>Used to track visitors on multiple websites, in order to present relevant advertisement based on the visitor&#8217;s preferences<\/td><td>Session<\/td><\/tr><tr><td>Tadano<\/td><td>last_pys_utm_term<\/td><td>Used to track visitors on multiple websites, in order to present relevant advertisement based on the visitor&#8217;s preferences<\/td><td>Session<\/td><\/tr><tr><td>Meta, Inc.<\/td><td>_fbp<\/td><td>Used by Facebook to deliver a series of advertisement products such as real time bidding from third party advertisers<\/td><td>3 months<\/td><\/tr><tr><td>Youtube<\/td><td>YSC<\/td><td>Registers a unique ID to keep statistics of what videos from YouTube the user has seen<\/td><td>Session<\/td><\/tr><tr><td>Tadano<\/td><td>pbid<\/td><td>Allows the plugin to assign external_id to users, improving API events performance. <\/td><td>180 days<\/td><\/tr><\/tbody><\/table>    <\/div>\n<\/section>\n\n\n<p>&nbsp;<\/p>\n\n\n\n<h2 class=\"wp-block-heading\"><strong>3. Funktionale Cookies und Tools<\/strong><\/h2>\n\n\n\n<p>Funktionale Cookies und \u00e4hnliche Technologien erm\u00f6glichen es uns, bestimmte Funktionen unserer Website (z. B. Videos) anzuzeigen oder die Funktionalit\u00e4t zu verbessern. Diese Technologien k\u00f6nnen von uns oder von Dritten gesetzt werden. Cookies und \u00e4hnliche Technologien von Drittanbietern verwenden wir ausschlie\u00dflich, wenn deren Dienste in unsere Website integriert sind. Dabei werden regelm\u00e4\u00dfig Daten an die jeweiligen Anbieter \u00fcbermittelt. Wird diese Cookie-Gruppe aktiviert, k\u00f6nnen die erhobenen Informationen au\u00dferhalb des Europ\u00e4ischen Wirtschaftsraums, insbesondere in die USA, \u00fcbertragen werden. Eine weitergehende Verarbeitung der \u00fcbermittelten Daten kann ausschlie\u00dflich durch den jeweiligen Drittanbieter erfolgen. Auf diese Verarbeitungen und \u00dcbermittlungen haben wir keinen Einfluss.<br>Die folgenden funktionalen Cookies und Tools werden auf unserer Website und ihren Subdomains eingesetzt:<\/p>\n\n\n<section class=\"table\">\n    <div class=\"container\">\n        <table border=\"1\"><tbody><tr class=\"thead\"><td>Anbieter<\/td><td>Name<\/td><td>Zweck<\/td><td>Speicherdauer<\/td><\/tr><tr><td>Fonts.net<\/td><td>__cf_bm<\/td><td>Wird verwendet, um Menschen von Bots zu unterscheiden<\/td><td>1 Tag<\/td><\/tr><tr><td>Gstatic<\/td><td>rc::a<\/td><td>Wird verwendet, um Menschen von Bots zu unterscheiden<\/td><td>Persistent<\/td><\/tr><tr><td>Gstatic<\/td><td>rc::c<\/td><td>Wird verwendet, um Menschen von Bots zu unterscheiden<\/td><td>Session<\/td><\/tr><tr><td>Cookiebo<\/td><td>1.gif<\/td><td>Wird verwendet, um die Anzahl der Sitzungen auf der Website zu z\u00e4hlen<\/td><td>Session<\/td><\/tr><tr><td>Vimeo<\/td><td>__cf_bm<\/td><td>Wird verwendet, um Menschen von Bots zu unterscheiden<\/td><td>1 Tag<\/td><\/tr><tr><td>Vimeo<\/td><td>vuid<\/td><td>Wird vom Vimeo-Videoplayer zur Bereitstellung eingebetteter Videos verwendet<\/td><td>2 Jahre<\/td><\/tr><tr><td>Youtube<\/td><td>__Secure-ROLLOUT_TOKEN<\/td><td>Wird von YouTube zur Bereitstellung eingebetteter Videos verwendet<\/td><td>180 Tage<\/td><\/tr><tr><td>Youtube<\/td><td>VISITOR_INFO1_LIVE<\/td><td>Versucht, die Bandbreite der Nutzer auf Seiten mit eingebetteten YouTube-Videos zu sch\u00e4tzen<\/td><td>180 Tage<\/td><\/tr><\/tbody><\/table>    <\/div>\n<\/section>\n\n\n<p><\/p>\n","protected":false},"excerpt":{"rendered":"<p>Cookie-Richtlinie Cookies, Tracking- und Analysetools Wir bei Tadano verwenden Cookies auf unserer Website. Cookies sind kleine Dateien, die von uns an den Browser Ihres Endger\u00e4ts gesendet und dort im Rahmen Ihres Besuchs auf unseren Internetseiten gespeichert werden. Einige Funktionen unserer Website k\u00f6nnen ohne den Einsatz technisch notwendiger Cookies nicht angeboten werden. Andere Cookies erm\u00f6glichen es [&hellip;]<\/p>\n","protected":false},"author":3,"featured_media":0,"parent":0,"menu_order":0,"comment_status":"closed","ping_status":"closed","template":"","meta":{"_acf_changed":false,"footnotes":""},"acf":[],"yoast_head":"<!-- This site is optimized with the Yoast SEO plugin v22.3 - https:\/\/yoast.com\/wordpress\/plugins\/seo\/ -->\n<title>Cookie-Richtlinie - DACH<\/title>\n<meta name=\"robots\" content=\"index, follow, max-snippet:-1, max-image-preview:large, max-video-preview:-1\" \/>\n<link rel=\"canonical\" href=\"https:\/\/www.tadano.com\/dach\/en\/cookie-policy\/\" \/>\n<meta property=\"og:locale\" content=\"de_DE\" \/>\n<meta property=\"og:type\" content=\"article\" \/>\n<meta property=\"og:title\" content=\"Cookie-Richtlinie - DACH\" \/>\n<meta property=\"og:description\" content=\"Cookie-Richtlinie Cookies, Tracking- und Analysetools Wir bei Tadano verwenden Cookies auf unserer Website. Cookies sind kleine Dateien, die von uns an den Browser Ihres Endger\u00e4ts gesendet und dort im Rahmen Ihres Besuchs auf unseren Internetseiten gespeichert werden. Einige Funktionen unserer Website k\u00f6nnen ohne den Einsatz technisch notwendiger Cookies nicht angeboten werden. Andere Cookies erm\u00f6glichen es [&hellip;]\" \/>\n<meta property=\"og:url\" content=\"https:\/\/www.tadano.com\/dach\/en\/cookie-policy\/\" \/>\n<meta property=\"og:site_name\" content=\"DACH\" \/>\n<meta property=\"article:modified_time\" content=\"2026-01-28T16:37:57+00:00\" \/>\n<meta name=\"twitter:card\" content=\"summary_large_image\" \/>\n<meta name=\"twitter:label1\" content=\"Gesch\u00e4tzte Lesezeit\" \/>\n\t<meta name=\"twitter:data1\" content=\"3\u00a0Minuten\" \/>\n<script type=\"application\/ld+json\" class=\"yoast-schema-graph\">{\"@context\":\"https:\/\/schema.org\",\"@graph\":[{\"@type\":\"WebPage\",\"@id\":\"https:\/\/www.tadano.com\/dach\/en\/cookie-policy\/\",\"url\":\"https:\/\/www.tadano.com\/dach\/en\/cookie-policy\/\",\"name\":\"Cookie-Richtlinie - DACH\",\"isPartOf\":{\"@id\":\"https:\/\/www.tadano.com\/dach\/en\/#website\"},\"datePublished\":\"2026-01-15T14:41:48+00:00\",\"dateModified\":\"2026-01-28T16:37:57+00:00\",\"inLanguage\":\"de\",\"potentialAction\":[{\"@type\":\"ReadAction\",\"target\":[\"https:\/\/www.tadano.com\/dach\/en\/cookie-policy\/\"]}]},{\"@type\":\"WebSite\",\"@id\":\"https:\/\/www.tadano.com\/dach\/en\/#website\",\"url\":\"https:\/\/www.tadano.com\/dach\/en\/\",\"name\":\"DACH\",\"description\":\"Just another TADANO EUROPE site\",\"potentialAction\":[{\"@type\":\"SearchAction\",\"target\":{\"@type\":\"EntryPoint\",\"urlTemplate\":\"https:\/\/www.tadano.com\/dach\/en\/?s={search_term_string}\"},\"query-input\":\"required name=search_term_string\"}],\"inLanguage\":\"de\"}]}<\/script>\n<!-- \/ Yoast SEO plugin. -->","yoast_head_json":{"title":"Cookie-Richtlinie - DACH","robots":{"index":"index","follow":"follow","max-snippet":"max-snippet:-1","max-image-preview":"max-image-preview:large","max-video-preview":"max-video-preview:-1"},"canonical":"https:\/\/www.tadano.com\/dach\/en\/cookie-policy\/","og_locale":"de_DE","og_type":"article","og_title":"Cookie-Richtlinie - DACH","og_description":"Cookie-Richtlinie Cookies, Tracking- und Analysetools Wir bei Tadano verwenden Cookies auf unserer Website. Cookies sind kleine Dateien, die von uns an den Browser Ihres Endger\u00e4ts gesendet und dort im Rahmen Ihres Besuchs auf unseren Internetseiten gespeichert werden. Einige Funktionen unserer Website k\u00f6nnen ohne den Einsatz technisch notwendiger Cookies nicht angeboten werden. Andere Cookies erm\u00f6glichen es [&hellip;]","og_url":"https:\/\/www.tadano.com\/dach\/en\/cookie-policy\/","og_site_name":"DACH","article_modified_time":"2026-01-28T16:37:57+00:00","twitter_card":"summary_large_image","twitter_misc":{"Gesch\u00e4tzte Lesezeit":"3\u00a0Minuten"},"schema":{"@context":"https:\/\/schema.org","@graph":[{"@type":"WebPage","@id":"https:\/\/www.tadano.com\/dach\/en\/cookie-policy\/","url":"https:\/\/www.tadano.com\/dach\/en\/cookie-policy\/","name":"Cookie-Richtlinie - DACH","isPartOf":{"@id":"https:\/\/www.tadano.com\/dach\/en\/#website"},"datePublished":"2026-01-15T14:41:48+00:00","dateModified":"2026-01-28T16:37:57+00:00","inLanguage":"de","potentialAction":[{"@type":"ReadAction","target":["https:\/\/www.tadano.com\/dach\/en\/cookie-policy\/"]}]},{"@type":"WebSite","@id":"https:\/\/www.tadano.com\/dach\/en\/#website","url":"https:\/\/www.tadano.com\/dach\/en\/","name":"DACH","description":"Just another TADANO EUROPE site","potentialAction":[{"@type":"SearchAction","target":{"@type":"EntryPoint","urlTemplate":"https:\/\/www.tadano.com\/dach\/en\/?s={search_term_string}"},"query-input":"required name=search_term_string"}],"inLanguage":"de"}]}},"_links":{"self":[{"href":"https:\/\/www.tadano.com\/dach\/de\/wp-json\/wp\/v2\/pages\/33895"}],"collection":[{"href":"https:\/\/www.tadano.com\/dach\/de\/wp-json\/wp\/v2\/pages"}],"about":[{"href":"https:\/\/www.tadano.com\/dach\/de\/wp-json\/wp\/v2\/types\/page"}],"author":[{"embeddable":true,"href":"https:\/\/www.tadano.com\/dach\/de\/wp-json\/wp\/v2\/users\/3"}],"replies":[{"embeddable":true,"href":"https:\/\/www.tadano.com\/dach\/de\/wp-json\/wp\/v2\/comments?post=33895"}],"version-history":[{"count":3,"href":"https:\/\/www.tadano.com\/dach\/de\/wp-json\/wp\/v2\/pages\/33895\/revisions"}],"predecessor-version":[{"id":33912,"href":"https:\/\/www.tadano.com\/dach\/de\/wp-json\/wp\/v2\/pages\/33895\/revisions\/33912"}],"wp:attachment":[{"href":"https:\/\/www.tadano.com\/dach\/de\/wp-json\/wp\/v2\/media?parent=33895"}],"curies":[{"name":"wp","href":"https:\/\/api.w.org\/{rel}","templated":true}]}}