{"id":34132,"date":"2026-01-13T16:36:45","date_gmt":"2026-01-13T15:36:45","guid":{"rendered":"https:\/\/www.tadano.com\/dach\/pick-carry-krane\/valla-wartungsprogramme\/"},"modified":"2026-03-24T12:39:52","modified_gmt":"2026-03-24T12:39:52","slug":"wartungsprogramme","status":"publish","type":"page","link":"https:\/\/www.tadano.com\/dach\/de\/pick-carry-krane\/wartungsprogramme\/","title":{"rendered":"Wartungsprogramme"},"content":{"rendered":"\n\n\n<section class=\"hero-section\">\n\n\t\n\t\n\t\n\t<div class=\"img-holder \">\n\t\t\t\t<div class=\"bg-stretch\" style=\"background-position: 50% 0; \">\n\t\t\t<span data-srcset=\"https:\/\/mediahub.tadano.com\/m\/2887dad556b24189\/hero-img_Tadano_bauma_machines-78.jpg, https:\/\/mediahub.tadano.com\/m\/2887dad556b24189\/hero_2x-img_Tadano_bauma_machines-78.jpg 2x\"><\/span>\n\t\t<\/div>\n\t\t\t\t\t\t<div class=\"logo green-solutions\" style=\"display:none;\">\n\t\t\t<a href=\"#\"><img decoding=\"async\" src=\"https:\/\/www.tadano.com\/dach\/wp-content\/themes\/tadano\/assets\/dist\/images\/Green-Solutions_Logo_White.svg\"><\/a>\n\t\t<\/div>\n\t<\/div>\n\t<div class=\"container\">\n\t\t<div class=\"text-holder \">\n\t\t\t<div class=\"wrap\">\n\t\t\t\t\n\t\t\t\t<ul class=\"breadcrumbs\"><li><a href=\"https:\/\/www.tadano.com\/dach\/de\/\">Startseite<\/a><\/li><\/ul>\n\t\t\t\t\n\n<h1 class=\"wp-block-heading\"><strong>Wartungsprogramme<\/strong><\/h1>\n\n\n\n<p>Unsere hochqualifizierten und zertifizierten Techniker stehen bei Bedarf bereit und bringen das n\u00f6tige Fachwissen sowie die Professionalit\u00e4t mit, um den reibungslosen Betrieb Ihrer Ger\u00e4te sicherzustellen.<\/p>\n\n\n\n\t\t\t\t\n\t\t\t<\/div>\n\n\t\t\t\n\t\t\t\n\t\t\t\n\t\t<\/div>\n\t<\/div>\n<\/section>\n\n\n<div class=\"wp-block-group is-style-background-cyan is-layout-flow wp-block-group-is-layout-flow\"><div class=\"wp-block-group__inner-container\">\n<h2 class=\"wp-block-heading\">W\u00e4hlen Sie die Valla Wartungsprogramme f\u00fcr Ihre Pick-&amp;-Carry-Krane.<\/h2>\n\n\n\n<p>Dank umfassender Branchenerfahrung und tiefgehender Produktkenntnisse betreuen wir die gesamte Produktpalette. Ob es sich um eine kleinere Reparatur oder um geplante Wartungsarbeiten handelt \u2013 auf uns k\u00f6nnen Sie sich verlassen, wenn es um schnelle und effiziente Unterst\u00fctzung f\u00fcr all Ihre technischen Serviceanforderungen geht.<\/p>\n\n\n<section class=\"overflow-hidden\">\n    <div class=\"container\">\n      <ul class=\"legal-accordion style-default\">\n          <li>\n            <a href=\"#\" class=\"opener\"><span>BASIC<\/span><\/a>\n            <div class=\"slide\">\n              <div class=\"slide-wrap\">\n                \n\n<p><strong>J\u00e4hrliche Inspektion und Wartung.<\/strong> Empfohlen f\u00fcr Krane mit geringer Nutzung. Dieses j\u00e4hrliche Programm wird von hochqualifizierten, von Tadano Valla autorisierten Technikern durchgef\u00fchrt. Wir pr\u00fcfen alle Kransysteme, ersetzen Filter, kontrollieren die Batterien, schmieren die erforderlichen Punkte und \u00fcberpr\u00fcfen die Sicherheitssysteme. Ein Wartungsprotokoll wird ausgef\u00fcllt, um alle durchgef\u00fchrten Wartungs- und Pr\u00fcfarbeiten zu dokumentieren.<\/p>\n\n\n              <\/div>\n            <\/div>\n          <\/li>\n      <\/ul>\n  <\/div>\n<\/section>\n\n<section class=\"overflow-hidden\">\n    <div class=\"container\">\n      <ul class=\"legal-accordion style-default\">\n          <li>\n            <a href=\"#\" class=\"opener\"><span>MEDIUM<\/span><\/a>\n            <div class=\"slide\">\n              <div class=\"slide-wrap\">\n                \n\n<p><strong>Halbj\u00e4hrliche Pr\u00fcfung und Wartung.<\/strong> Dieses Programm wird alle sechs Monate von hochqualifizierten Technikern unter Aufsicht von Tadano Valla durchgef\u00fchrt und ist f\u00fcr Krane mit einer Nutzung von mehr als 150 Stunden pro Jahr ausgelegt (ausgenommen Krane mit Ketten- oder Seilwinden). Wir pr\u00fcfen die Kransysteme, kontrollieren die Filter, schmieren die erforderlichen Punkte, bewerten den Verschlei\u00df der R\u00e4der und \u00fcberpr\u00fcfen alle Sicherheitseinrichtungen. Ein Wartungsprotokoll best\u00e4tigt die Durchf\u00fchrung der Wartungs- und Pr\u00fcfarbeiten.<\/p>\n\n\n              <\/div>\n            <\/div>\n          <\/li>\n      <\/ul>\n  <\/div>\n<\/section>\n\n<section class=\"overflow-hidden\">\n    <div class=\"container\">\n      <ul class=\"legal-accordion style-default\">\n          <li>\n            <a href=\"#\" class=\"opener\"><span>INTENSIVE<\/span><\/a>\n            <div class=\"slide\">\n              <div class=\"slide-wrap\">\n                \n\n<p><strong>Pr\u00fcfung und Wartung im Vier-Monats-Intervall.<\/strong> Dieses intensive Wartungsprogramm wird alle vier Monate von hochqualifizierten Technikern unter Aufsicht von Tadano Valla durchgef\u00fchrt und ist f\u00fcr Krane mit einer Nutzung von \u00fcber 250 Stunden pro Jahr konzipiert (ausgenommen Krane mit Ketten- oder Seilwinden). Ideal f\u00fcr industrielle Anwendungen, bei denen gut gewartete und effiziente Maschinen erforderlich sind. Der Service umfasst die Pr\u00fcfung und gegebenenfalls den Austausch von Luft- und \u00d6lfiltern, die Schmierung aller erforderlichen Punkte, die Wartung der Batterien, die Kontrolle des Radverschlei\u00dfes sowie die \u00dcberpr\u00fcfung aller Sicherheitseinrichtungen. Ein Wartungsprotokoll dokumentiert alle durchgef\u00fchrten Wartungs- und Pr\u00fcfarbeiten.<\/p>\n\n\n              <\/div>\n            <\/div>\n          <\/li>\n      <\/ul>\n  <\/div>\n<\/section>\n\n<section class=\"overflow-hidden\">\n    <div class=\"container\">\n      <ul class=\"legal-accordion style-default\">\n          <li>\n            <a href=\"#\" class=\"opener\"><span>FULL<\/span><\/a>\n            <div class=\"slide\">\n              <div class=\"slide-wrap\">\n                \n\n<p><strong>Viertelj\u00e4hrliche Pr\u00fcfung und Wartung.<\/strong> Dieses intensive Programm wird alle drei Monate von hochqualifizierten Technikern unter Aufsicht von Tadano Valla durchgef\u00fchrt und ist f\u00fcr Krane mit intensiver Nutzung und Hubsystemen wie Seil- oder Kettenwinden vorgesehen. Ideal f\u00fcr den Langzeitmietbetrieb, entlastet es die Nutzer von vorbeugenden und geplanten Wartungsarbeiten. Der Service umfasst die Pr\u00fcfung und gegebenenfalls den Austausch von Luft- und \u00d6lfiltern, die Schmierung der erforderlichen Punkte, die Wartung der Batterien, die Kontrolle der Seile oder Ketten der Winde sowie der Ausleger, die Bewertung des Radverschlei\u00dfes und die \u00dcberpr\u00fcfung aller Sicherheitseinrichtungen. Ein Wartungsprotokoll best\u00e4tigt die Durchf\u00fchrung aller Wartungs- und Pr\u00fcfarbeiten.<\/p>\n\n\n              <\/div>\n            <\/div>\n          <\/li>\n      <\/ul>\n  <\/div>\n<\/section>\n\n<section class=\"overflow-hidden\">\n    <div class=\"container\">\n      <ul class=\"legal-accordion style-default\">\n          <li>\n            <a href=\"#\" class=\"opener\"><span>HERITAGE<\/span><\/a>\n            <div class=\"slide\">\n              <div class=\"slide-wrap\">\n                \n\n<p><strong>Pr\u00fcfung und Wartung historischer Modelle.<\/strong> Dieses Programm richtet sich an Kunden mit Valla-Kranen, die seit vielen Jahren im Einsatz sind. Anfragen zu Kranen, die vor 2005 hergestellt wurden, sind ebenfalls willkommen. Die Leistungen umfassen eine au\u00dfergew\u00f6hnliche 20-Jahres-Inspektion mit Berechnung der verbleibenden Lebensdauer, Batteriepr\u00fcfungen mit Zertifizierung der Sulfatierung und der Restkapazit\u00e4t, die \u00dcberholung hydraulischer Komponenten und Leitungen sowie eine vollst\u00e4ndige Kran\u00fcberholung inklusive optischer Aufarbeitung und Neulackierung.<\/p>\n\n\n              <\/div>\n            <\/div>\n          <\/li>\n      <\/ul>\n  <\/div>\n<\/section><\/div><\/div>\n\n\n\n<div style=\"height:30px\" aria-hidden=\"true\" class=\"wp-block-spacer\"><\/div>\n\n\n\n<div class=\"wp-block-columns is-layout-flex wp-container-core-columns-layout-1 wp-block-columns-is-layout-flex\">\n<div class=\"wp-block-column is-layout-flow wp-block-column-is-layout-flow\" style=\"flex-basis:66.66%\">\n<p><strong><strong>Effektive L\u00f6sungen und pr\u00e4zise Kontrollen<\/strong><\/strong><\/p>\n\n\n\n<p>Wir verpflichten uns zu erstklassigem Kundenservice und sind uns der Bedeutung von Wartung und Instandhaltung unserer Maschinen voll bewusst, um deren Zuverl\u00e4ssigkeit und Sicherheit zu gew\u00e4hrleisten. Ob dringende Reparatur oder geplante Wartung \u2013 wir bieten zeitnahe und effektive, auf Ihre Anforderungen zugeschnittene L\u00f6sungen. Auf unseren technischen Support k\u00f6nnen Sie sich verlassen: Er behebt nicht nur Probleme, sondern hilft auch, sie zu vermeiden, und sorgt so f\u00fcr Betriebskontinuit\u00e4t und maximale Effizienz.<\/p>\n<\/div>\n\n\n\n<div class=\"wp-block-column is-layout-flow wp-block-column-is-layout-flow\" style=\"flex-basis:33.33%\">\n<figure class=\"wp-block-image size-full\"><img loading=\"lazy\" decoding=\"async\" width=\"809\" height=\"549\" src=\"https:\/\/www.tadano.com\/dach\/wp-content\/uploads\/sites\/9\/2026\/02\/maintenance.png\" alt=\"\" class=\"wp-image-34125\" srcset=\"https:\/\/www.tadano.com\/dach\/wp-content\/uploads\/sites\/9\/2026\/02\/maintenance.png 809w, https:\/\/www.tadano.com\/dach\/wp-content\/uploads\/sites\/9\/2026\/02\/maintenance-300x204.png 300w, https:\/\/www.tadano.com\/dach\/wp-content\/uploads\/sites\/9\/2026\/02\/maintenance-768x521.png 768w, https:\/\/www.tadano.com\/dach\/wp-content\/uploads\/sites\/9\/2026\/02\/maintenance-280x190.png 280w, https:\/\/www.tadano.com\/dach\/wp-content\/uploads\/sites\/9\/2026\/02\/maintenance-560x380.png 560w, https:\/\/www.tadano.com\/dach\/wp-content\/uploads\/sites\/9\/2026\/02\/maintenance-335x227.png 335w, https:\/\/www.tadano.com\/dach\/wp-content\/uploads\/sites\/9\/2026\/02\/maintenance-670x455.png 670w\" sizes=\"(max-width: 809px) 100vw, 809px\" \/><\/figure>\n<\/div>\n<\/div>\n\n\n\n<p>Wir f\u00fchren umfassende Pr\u00fcfungen der Kranstruktur und der Lenkfunktion durch, inspizieren das Seil, sofern eine Winde vorhanden ist, und \u00fcberpr\u00fcfen den Gleitklotz, die Auslegerbremse sowie die Funktion des Lastbegrenzers. Dar\u00fcber hinaus kontrollieren wir die Endschalter f\u00fcr das Heben und Senken der Winde, die Funktion der Betriebs- und Feststellbremse, s\u00e4mtliche Sicherheitseinrichtungen sowie die Chopper-Einheit.<\/p>\n\n\n\n<h2 class=\"wp-block-heading\"><strong>Erfahren Sie mehr \u00fcber unsere Wartungsvertr\u00e4ge.<\/strong><\/h2>\n\n\n\n<div class=\"wp-block-buttons is-layout-flex wp-block-buttons-is-layout-flex\">\n<div class=\"wp-block-button\"><a class=\"wp-block-button__link wp-element-button\" href=\"https:\/\/www.tadano.com\/dach\/de\/ueber-uns\/ihr-kontakt-zu-uns\/\"><strong>Kontaktieren Sie uns noch heute.<\/strong><\/a><\/div>\n<\/div>\n\n\n\n<div style=\"height:30px\" aria-hidden=\"true\" class=\"wp-block-spacer\"><\/div>\n","protected":false},"excerpt":{"rendered":"<p>W\u00e4hlen Sie die Valla Wartungsprogramme f\u00fcr Ihre Pick-&amp;-Carry-Krane. Dank umfassender Branchenerfahrung und tiefgehender Produktkenntnisse betreuen wir die gesamte Produktpalette. Ob es sich um eine kleinere Reparatur oder um geplante Wartungsarbeiten handelt \u2013 auf uns k\u00f6nnen Sie sich verlassen, wenn es um schnelle und effiziente Unterst\u00fctzung f\u00fcr all Ihre technischen Serviceanforderungen geht. Effektive L\u00f6sungen und pr\u00e4zise [&hellip;]<\/p>\n","protected":false},"author":3,"featured_media":0,"parent":34118,"menu_order":0,"comment_status":"closed","ping_status":"closed","template":"","meta":{"_acf_changed":false,"footnotes":""},"acf":[],"yoast_head":"<!-- This site is optimized with the Yoast SEO plugin v22.3 - https:\/\/yoast.com\/wordpress\/plugins\/seo\/ -->\n<title>Wartungsprogramme - DACH<\/title>\n<meta name=\"robots\" content=\"index, follow, max-snippet:-1, max-image-preview:large, max-video-preview:-1\" \/>\n<link rel=\"canonical\" href=\"https:\/\/www.tadano.com\/dach\/de\/pick-carry-krane\/wartungsprogramme\/\" \/>\n<meta property=\"og:locale\" content=\"de_DE\" \/>\n<meta property=\"og:type\" content=\"article\" \/>\n<meta property=\"og:title\" content=\"Wartungsprogramme - DACH\" \/>\n<meta property=\"og:description\" content=\"W\u00e4hlen Sie die Valla Wartungsprogramme f\u00fcr Ihre Pick-&amp;-Carry-Krane. Dank umfassender Branchenerfahrung und tiefgehender Produktkenntnisse betreuen wir die gesamte Produktpalette. Ob es sich um eine kleinere Reparatur oder um geplante Wartungsarbeiten handelt \u2013 auf uns k\u00f6nnen Sie sich verlassen, wenn es um schnelle und effiziente Unterst\u00fctzung f\u00fcr all Ihre technischen Serviceanforderungen geht. Effektive L\u00f6sungen und pr\u00e4zise [&hellip;]\" \/>\n<meta property=\"og:url\" content=\"https:\/\/www.tadano.com\/dach\/de\/pick-carry-krane\/wartungsprogramme\/\" \/>\n<meta property=\"og:site_name\" content=\"DACH\" \/>\n<meta property=\"article:modified_time\" content=\"2026-03-24T12:39:52+00:00\" \/>\n<meta property=\"og:image\" content=\"https:\/\/www.tadano.com\/dach\/wp-content\/uploads\/sites\/9\/2026\/02\/maintenance.png\" \/>\n<meta name=\"twitter:card\" content=\"summary_large_image\" \/>\n<meta name=\"twitter:label1\" content=\"Gesch\u00e4tzte Lesezeit\" \/>\n\t<meta name=\"twitter:data1\" content=\"3\u00a0Minuten\" \/>\n<script type=\"application\/ld+json\" class=\"yoast-schema-graph\">{\"@context\":\"https:\/\/schema.org\",\"@graph\":[{\"@type\":\"WebPage\",\"@id\":\"https:\/\/www.tadano.com\/dach\/de\/pick-carry-krane\/wartungsprogramme\/\",\"url\":\"https:\/\/www.tadano.com\/dach\/de\/pick-carry-krane\/wartungsprogramme\/\",\"name\":\"Wartungsprogramme - DACH\",\"isPartOf\":{\"@id\":\"https:\/\/www.tadano.com\/dach\/en\/#website\"},\"primaryImageOfPage\":{\"@id\":\"https:\/\/www.tadano.com\/dach\/de\/pick-carry-krane\/wartungsprogramme\/#primaryimage\"},\"image\":{\"@id\":\"https:\/\/www.tadano.com\/dach\/de\/pick-carry-krane\/wartungsprogramme\/#primaryimage\"},\"thumbnailUrl\":\"https:\/\/www.tadano.com\/dach\/wp-content\/uploads\/sites\/9\/2026\/02\/maintenance.png\",\"datePublished\":\"2026-01-13T15:36:45+00:00\",\"dateModified\":\"2026-03-24T12:39:52+00:00\",\"inLanguage\":\"de\",\"potentialAction\":[{\"@type\":\"ReadAction\",\"target\":[\"https:\/\/www.tadano.com\/dach\/de\/pick-carry-krane\/wartungsprogramme\/\"]}]},{\"@type\":\"ImageObject\",\"inLanguage\":\"de\",\"@id\":\"https:\/\/www.tadano.com\/dach\/de\/pick-carry-krane\/wartungsprogramme\/#primaryimage\",\"url\":\"https:\/\/www.tadano.com\/dach\/wp-content\/uploads\/sites\/9\/2026\/02\/maintenance.png\",\"contentUrl\":\"https:\/\/www.tadano.com\/dach\/wp-content\/uploads\/sites\/9\/2026\/02\/maintenance.png\"},{\"@type\":\"WebSite\",\"@id\":\"https:\/\/www.tadano.com\/dach\/en\/#website\",\"url\":\"https:\/\/www.tadano.com\/dach\/en\/\",\"name\":\"DACH\",\"description\":\"Just another TADANO EUROPE site\",\"potentialAction\":[{\"@type\":\"SearchAction\",\"target\":{\"@type\":\"EntryPoint\",\"urlTemplate\":\"https:\/\/www.tadano.com\/dach\/en\/?s={search_term_string}\"},\"query-input\":\"required name=search_term_string\"}],\"inLanguage\":\"de\"}]}<\/script>\n<!-- \/ Yoast SEO plugin. -->","yoast_head_json":{"title":"Wartungsprogramme - DACH","robots":{"index":"index","follow":"follow","max-snippet":"max-snippet:-1","max-image-preview":"max-image-preview:large","max-video-preview":"max-video-preview:-1"},"canonical":"https:\/\/www.tadano.com\/dach\/de\/pick-carry-krane\/wartungsprogramme\/","og_locale":"de_DE","og_type":"article","og_title":"Wartungsprogramme - DACH","og_description":"W\u00e4hlen Sie die Valla Wartungsprogramme f\u00fcr Ihre Pick-&amp;-Carry-Krane. Dank umfassender Branchenerfahrung und tiefgehender Produktkenntnisse betreuen wir die gesamte Produktpalette. Ob es sich um eine kleinere Reparatur oder um geplante Wartungsarbeiten handelt \u2013 auf uns k\u00f6nnen Sie sich verlassen, wenn es um schnelle und effiziente Unterst\u00fctzung f\u00fcr all Ihre technischen Serviceanforderungen geht. Effektive L\u00f6sungen und pr\u00e4zise [&hellip;]","og_url":"https:\/\/www.tadano.com\/dach\/de\/pick-carry-krane\/wartungsprogramme\/","og_site_name":"DACH","article_modified_time":"2026-03-24T12:39:52+00:00","og_image":[{"url":"https:\/\/www.tadano.com\/dach\/wp-content\/uploads\/sites\/9\/2026\/02\/maintenance.png"}],"twitter_card":"summary_large_image","twitter_misc":{"Gesch\u00e4tzte Lesezeit":"3\u00a0Minuten"},"schema":{"@context":"https:\/\/schema.org","@graph":[{"@type":"WebPage","@id":"https:\/\/www.tadano.com\/dach\/de\/pick-carry-krane\/wartungsprogramme\/","url":"https:\/\/www.tadano.com\/dach\/de\/pick-carry-krane\/wartungsprogramme\/","name":"Wartungsprogramme - DACH","isPartOf":{"@id":"https:\/\/www.tadano.com\/dach\/en\/#website"},"primaryImageOfPage":{"@id":"https:\/\/www.tadano.com\/dach\/de\/pick-carry-krane\/wartungsprogramme\/#primaryimage"},"image":{"@id":"https:\/\/www.tadano.com\/dach\/de\/pick-carry-krane\/wartungsprogramme\/#primaryimage"},"thumbnailUrl":"https:\/\/www.tadano.com\/dach\/wp-content\/uploads\/sites\/9\/2026\/02\/maintenance.png","datePublished":"2026-01-13T15:36:45+00:00","dateModified":"2026-03-24T12:39:52+00:00","inLanguage":"de","potentialAction":[{"@type":"ReadAction","target":["https:\/\/www.tadano.com\/dach\/de\/pick-carry-krane\/wartungsprogramme\/"]}]},{"@type":"ImageObject","inLanguage":"de","@id":"https:\/\/www.tadano.com\/dach\/de\/pick-carry-krane\/wartungsprogramme\/#primaryimage","url":"https:\/\/www.tadano.com\/dach\/wp-content\/uploads\/sites\/9\/2026\/02\/maintenance.png","contentUrl":"https:\/\/www.tadano.com\/dach\/wp-content\/uploads\/sites\/9\/2026\/02\/maintenance.png"},{"@type":"WebSite","@id":"https:\/\/www.tadano.com\/dach\/en\/#website","url":"https:\/\/www.tadano.com\/dach\/en\/","name":"DACH","description":"Just another TADANO EUROPE site","potentialAction":[{"@type":"SearchAction","target":{"@type":"EntryPoint","urlTemplate":"https:\/\/www.tadano.com\/dach\/en\/?s={search_term_string}"},"query-input":"required name=search_term_string"}],"inLanguage":"de"}]}},"_links":{"self":[{"href":"https:\/\/www.tadano.com\/dach\/de\/wp-json\/wp\/v2\/pages\/34132"}],"collection":[{"href":"https:\/\/www.tadano.com\/dach\/de\/wp-json\/wp\/v2\/pages"}],"about":[{"href":"https:\/\/www.tadano.com\/dach\/de\/wp-json\/wp\/v2\/types\/page"}],"author":[{"embeddable":true,"href":"https:\/\/www.tadano.com\/dach\/de\/wp-json\/wp\/v2\/users\/3"}],"replies":[{"embeddable":true,"href":"https:\/\/www.tadano.com\/dach\/de\/wp-json\/wp\/v2\/comments?post=34132"}],"version-history":[{"count":5,"href":"https:\/\/www.tadano.com\/dach\/de\/wp-json\/wp\/v2\/pages\/34132\/revisions"}],"predecessor-version":[{"id":34933,"href":"https:\/\/www.tadano.com\/dach\/de\/wp-json\/wp\/v2\/pages\/34132\/revisions\/34933"}],"up":[{"embeddable":true,"href":"https:\/\/www.tadano.com\/dach\/de\/wp-json\/wp\/v2\/pages\/34118"}],"wp:attachment":[{"href":"https:\/\/www.tadano.com\/dach\/de\/wp-json\/wp\/v2\/media?parent=34132"}],"curies":[{"name":"wp","href":"https:\/\/api.w.org\/{rel}","templated":true}]}}