{"id":35251,"date":"2026-04-08T13:58:16","date_gmt":"2026-04-08T11:58:16","guid":{"rendered":"https:\/\/www.tadano.com\/dach\/aerial-work-platforms-overview\/"},"modified":"2026-04-10T11:02:57","modified_gmt":"2026-04-10T11:02:57","slug":"aerial-work-platforms-overview","status":"publish","type":"page","link":"https:\/\/www.tadano.com\/dach\/de\/aerial-work-platforms-overview\/","title":{"rendered":"\u00dcberblick Hubarbeitsb\u00fchnen"},"content":{"rendered":"\n\n\n<section class=\"hero-section\">\n\n\t\n\t\t\t<style type=\"text\/css\">\n\t\t\t.hero-section .img-holder:before {\n\t\t\t\tdisplay: none;\n\t\t\t}\n\t\t<\/style>\n\t\n\t\n\t<div class=\"img-holder \">\n\t\t\t\t<div class=\"bg-stretch\" style=\"background-position: 50% 50%; \">\n\t\t\t<span data-srcset=\"https:\/\/mediahub.tadano.com\/asset\/18924b51-0006-46cc-a2f4-5dc8c68fc99b\/hero\/img_tadano_AWP_City-Composing_CMYK.jpg, https:\/\/mediahub.tadano.com\/asset\/18924b51-0006-46cc-a2f4-5dc8c68fc99b\/hero-2x\/img_tadano_AWP_City-Composing_CMYK.jpg 2x\"><\/span>\n\t\t<\/div>\n\t\t\t\t\t\t<div class=\"logo green-solutions\" style=\"display:none;\">\n\t\t\t<a href=\"#\"><img decoding=\"async\" src=\"https:\/\/www.tadano.com\/dach\/wp-content\/themes\/tadano\/assets\/dist\/images\/Green-Solutions_Logo_White.svg\"><\/a>\n\t\t<\/div>\n\t<\/div>\n\t<div class=\"container\">\n\t\t<div class=\"text-holder \">\n\t\t\t<div class=\"wrap\">\n\t\t\t\t\n\t\t\t\t<ul class=\"breadcrumbs\"><li><a href=\"https:\/\/www.tadano.com\/dach\/de\/\">Startseite<\/a><\/li><\/ul>\n\t\t\t\t\n\n<h1 class=\"wp-block-heading\">Hubarbeits-<br>b\u00fchnen<\/h1>\n\n\n\n<p>Die Tadano Gruppe bietet ein vielseitiges Sortiment an Hubarbeitsb\u00fchnen, die modernste Technologie, hohe Leistungsf\u00e4higkeit und vielseitige Einsatzm\u00f6glichkeiten f\u00fcr unterschiedlichste Anwendungen vereinen<\/p>\n\n\n\n\t\t\t\t\n\t\t\t<\/div>\n\n\t\t\t\n\t\t\t\n\t\t\t\n\t\t<\/div>\n\t<\/div>\n<\/section>\n\n\n<div class=\"wp-block-group is-style-background-triangle-right has-white-color has-dark-blue-background-color has-text-color has-background is-layout-flow wp-block-group-is-layout-flow\"><div class=\"wp-block-group__inner-container\">\n<div class=\"wp-block-columns is-layout-flex wp-container-core-columns-layout-1 wp-block-columns-is-layout-flex\">\n<div class=\"wp-block-column is-layout-flow wp-block-column-is-layout-flow\" style=\"flex-basis:33.33%\">\n<h2 class=\"wp-block-heading\">KATEGORIEN DURCHSUCHEN<\/h2>\n\n\n\n<p>Unabh\u00e4ngig vom Einsatzgebiet bieten wir die passende L\u00f6sung. Entdecken Sie, was die Hubarbeitsb\u00fchnen von Tadano leisten k\u00f6nnen.<\/p>\n<\/div>\n\n\n\n<div class=\"wp-block-column is-layout-flow wp-block-column-is-layout-flow\" style=\"flex-basis:66.66%\"><div class=\"links-block-wrapper\">\n  <div class=\"container\">\n    <section class=\"links-block\">\n              <div class=\"links-block\">\n                                  <div class=\"link-single  \">\n                              <a href=\"https:\/\/www.tadano.com\/dach\/de\/hubarbeitsbuehnen\/\">\n                               \n                                  <strong class='title'>Selbstfahrende Hubarbeitsb\u00fchnen<\/strong>\n                                                  <p>Hohe Leistungsf\u00e4higkeit, gro\u00dfe Reichweite, vielseitige Positionierung und innovative Technologien zur optimalen Erg\u00e4nzung jeder Flotte.<\/p>\n                              <\/a>\n            <\/div>\n                                  <div class=\"link-single  \">\n                              <a href=\"https:\/\/www.tadano.com\/dach\/de\/selbstfahrende-hubarbeitsbuehnen-oilsteel-serie\/\">\n                               \n                                  <strong class='title'>Selbstfahrende Hubarbeitsb\u00fchnen (Oil&#038;Steel Serie)<\/strong>\n                                                  <p>Kompaktes Design, pr\u00e4zise Steuerung und herausragende Reichweite f\u00fcr einen sicheren und effizienten Zugang in urbanen und industriellen Einsatzbereichen.<\/p>\n                              <\/a>\n            <\/div>\n                                  <div class=\"link-single  \">\n                              <a href=\"https:\/\/www.tadano.com\/dach\/de\/lkw-hubarbeitsbuehnen-oilsteel-serie\/\">\n                               \n                                  <strong class='title'>LKW-Hubarbeitsb\u00fchnen (Oil&#038;Steel Serie)<\/strong>\n                                                  <p>Flexible Reichweite und schnelle Einsatzbereitschaft f\u00fcr hohe Leistung \u2013 selbst in beengten oder urbanen Arbeitsumgebungen.<\/p>\n                              <\/a>\n            <\/div>\n                  <\/div>\n                    \n    <\/section>\n  <\/div>\n<\/div><\/div>\n<\/div>\n<\/div><\/div>\n","protected":false},"excerpt":{"rendered":"<p>KATEGORIEN DURCHSUCHEN Unabh\u00e4ngig vom Einsatzgebiet bieten wir die passende L\u00f6sung. Entdecken Sie, was die Hubarbeitsb\u00fchnen von Tadano leisten k\u00f6nnen.<\/p>\n","protected":false},"author":3,"featured_media":0,"parent":0,"menu_order":0,"comment_status":"closed","ping_status":"closed","template":"","meta":{"_acf_changed":false,"footnotes":""},"acf":[],"yoast_head":"<!-- This site is optimized with the Yoast SEO plugin v22.3 - https:\/\/yoast.com\/wordpress\/plugins\/seo\/ -->\n<title>\u00dcberblick Hubarbeitsb\u00fchnen - DACH<\/title>\n<meta name=\"robots\" content=\"index, follow, max-snippet:-1, max-image-preview:large, max-video-preview:-1\" \/>\n<link rel=\"canonical\" href=\"https:\/\/www.tadano.com\/dach\/de\/aerial-work-platforms-overview\/\" \/>\n<meta property=\"og:locale\" content=\"de_DE\" \/>\n<meta property=\"og:type\" content=\"article\" \/>\n<meta property=\"og:title\" content=\"\u00dcberblick Hubarbeitsb\u00fchnen - DACH\" \/>\n<meta property=\"og:description\" content=\"KATEGORIEN DURCHSUCHEN Unabh\u00e4ngig vom Einsatzgebiet bieten wir die passende L\u00f6sung. Entdecken Sie, was die Hubarbeitsb\u00fchnen von Tadano leisten k\u00f6nnen.\" \/>\n<meta property=\"og:url\" content=\"https:\/\/www.tadano.com\/dach\/de\/aerial-work-platforms-overview\/\" \/>\n<meta property=\"og:site_name\" content=\"DACH\" \/>\n<meta property=\"article:modified_time\" content=\"2026-04-10T11:02:57+00:00\" \/>\n<meta name=\"twitter:card\" content=\"summary_large_image\" \/>\n<meta name=\"twitter:label1\" content=\"Gesch\u00e4tzte Lesezeit\" \/>\n\t<meta name=\"twitter:data1\" content=\"1\u00a0Minute\" \/>\n<script type=\"application\/ld+json\" class=\"yoast-schema-graph\">{\"@context\":\"https:\/\/schema.org\",\"@graph\":[{\"@type\":\"WebPage\",\"@id\":\"https:\/\/www.tadano.com\/dach\/de\/aerial-work-platforms-overview\/\",\"url\":\"https:\/\/www.tadano.com\/dach\/de\/aerial-work-platforms-overview\/\",\"name\":\"\u00dcberblick Hubarbeitsb\u00fchnen - DACH\",\"isPartOf\":{\"@id\":\"https:\/\/www.tadano.com\/dach\/en\/#website\"},\"datePublished\":\"2026-04-08T11:58:16+00:00\",\"dateModified\":\"2026-04-10T11:02:57+00:00\",\"inLanguage\":\"de\",\"potentialAction\":[{\"@type\":\"ReadAction\",\"target\":[\"https:\/\/www.tadano.com\/dach\/de\/aerial-work-platforms-overview\/\"]}]},{\"@type\":\"WebSite\",\"@id\":\"https:\/\/www.tadano.com\/dach\/en\/#website\",\"url\":\"https:\/\/www.tadano.com\/dach\/en\/\",\"name\":\"DACH\",\"description\":\"Just another TADANO EUROPE site\",\"potentialAction\":[{\"@type\":\"SearchAction\",\"target\":{\"@type\":\"EntryPoint\",\"urlTemplate\":\"https:\/\/www.tadano.com\/dach\/en\/?s={search_term_string}\"},\"query-input\":\"required name=search_term_string\"}],\"inLanguage\":\"de\"}]}<\/script>\n<!-- \/ Yoast SEO plugin. -->","yoast_head_json":{"title":"\u00dcberblick Hubarbeitsb\u00fchnen - DACH","robots":{"index":"index","follow":"follow","max-snippet":"max-snippet:-1","max-image-preview":"max-image-preview:large","max-video-preview":"max-video-preview:-1"},"canonical":"https:\/\/www.tadano.com\/dach\/de\/aerial-work-platforms-overview\/","og_locale":"de_DE","og_type":"article","og_title":"\u00dcberblick Hubarbeitsb\u00fchnen - DACH","og_description":"KATEGORIEN DURCHSUCHEN Unabh\u00e4ngig vom Einsatzgebiet bieten wir die passende L\u00f6sung. Entdecken Sie, was die Hubarbeitsb\u00fchnen von Tadano leisten k\u00f6nnen.","og_url":"https:\/\/www.tadano.com\/dach\/de\/aerial-work-platforms-overview\/","og_site_name":"DACH","article_modified_time":"2026-04-10T11:02:57+00:00","twitter_card":"summary_large_image","twitter_misc":{"Gesch\u00e4tzte Lesezeit":"1\u00a0Minute"},"schema":{"@context":"https:\/\/schema.org","@graph":[{"@type":"WebPage","@id":"https:\/\/www.tadano.com\/dach\/de\/aerial-work-platforms-overview\/","url":"https:\/\/www.tadano.com\/dach\/de\/aerial-work-platforms-overview\/","name":"\u00dcberblick Hubarbeitsb\u00fchnen - DACH","isPartOf":{"@id":"https:\/\/www.tadano.com\/dach\/en\/#website"},"datePublished":"2026-04-08T11:58:16+00:00","dateModified":"2026-04-10T11:02:57+00:00","inLanguage":"de","potentialAction":[{"@type":"ReadAction","target":["https:\/\/www.tadano.com\/dach\/de\/aerial-work-platforms-overview\/"]}]},{"@type":"WebSite","@id":"https:\/\/www.tadano.com\/dach\/en\/#website","url":"https:\/\/www.tadano.com\/dach\/en\/","name":"DACH","description":"Just another TADANO EUROPE site","potentialAction":[{"@type":"SearchAction","target":{"@type":"EntryPoint","urlTemplate":"https:\/\/www.tadano.com\/dach\/en\/?s={search_term_string}"},"query-input":"required name=search_term_string"}],"inLanguage":"de"}]}},"_links":{"self":[{"href":"https:\/\/www.tadano.com\/dach\/de\/wp-json\/wp\/v2\/pages\/35251"}],"collection":[{"href":"https:\/\/www.tadano.com\/dach\/de\/wp-json\/wp\/v2\/pages"}],"about":[{"href":"https:\/\/www.tadano.com\/dach\/de\/wp-json\/wp\/v2\/types\/page"}],"author":[{"embeddable":true,"href":"https:\/\/www.tadano.com\/dach\/de\/wp-json\/wp\/v2\/users\/3"}],"replies":[{"embeddable":true,"href":"https:\/\/www.tadano.com\/dach\/de\/wp-json\/wp\/v2\/comments?post=35251"}],"version-history":[{"count":5,"href":"https:\/\/www.tadano.com\/dach\/de\/wp-json\/wp\/v2\/pages\/35251\/revisions"}],"predecessor-version":[{"id":35289,"href":"https:\/\/www.tadano.com\/dach\/de\/wp-json\/wp\/v2\/pages\/35251\/revisions\/35289"}],"wp:attachment":[{"href":"https:\/\/www.tadano.com\/dach\/de\/wp-json\/wp\/v2\/media?parent=35251"}],"curies":[{"name":"wp","href":"https:\/\/api.w.org\/{rel}","templated":true}]}}