{"id":3625,"date":"2021-07-02T07:13:25","date_gmt":"2021-07-02T07:13:25","guid":{"rendered":"https:\/\/www.tadano.com\/dach\/technologie\/alle-technologien\/"},"modified":"2025-05-20T13:34:27","modified_gmt":"2025-05-20T13:34:27","slug":"alle-technologien","status":"publish","type":"page","link":"https:\/\/www.tadano.com\/dach\/de\/technologie\/alle-technologien\/","title":{"rendered":"Alle Technologien"},"content":{"rendered":"\n\n\n<section class=\"hero-section\">\n\n\t\n\t\n\t\n\t<div class=\"img-holder \">\n\t\t\t\t<div class=\"bg-stretch\" style=\"background-position: 50% 50%; \">\n\t\t\t<span data-srcset=\"https:\/\/assets.onetadano.com\/celum_assets\/hero\/Demag+IC-1+Remote+%281%29.jpg, https:\/\/assets.onetadano.com\/celum_assets\/hero-2x\/Demag+IC-1+Remote+%281%29.jpg 2x\"><\/span>\n\t\t<\/div>\n\t\t\t\t\t\t<div class=\"logo green-solutions\" style=\"display:none;\">\n\t\t\t<a href=\"#\"><img decoding=\"async\" src=\"https:\/\/www.tadano.com\/dach\/wp-content\/themes\/tadano\/assets\/dist\/images\/Green-Solutions_Logo_White.svg\"><\/a>\n\t\t<\/div>\n\t<\/div>\n\t<div class=\"container\">\n\t\t<div class=\"text-holder \">\n\t\t\t<div class=\"wrap\">\n\t\t\t\t\n\t\t\t\t<ul class=\"breadcrumbs\"><li><a href=\"https:\/\/www.tadano.com\/dach\/de\/\">Startseite<\/a><\/li><\/ul>\n\t\t\t\t\n\n<h1 class=\"wp-block-heading\">Technologien<\/h1>\n\n\n\n<p>Von Krantechnologien bis zu intelligenten Service- und Supportleistungen \u2013 f\u00fcr uns dient jedes Produkt dazu, Ihre Kraneins\u00e4tze besser, effizienter und wirtschaftlicher zu gestalten.<\/p>\n\n\n\n\t\t\t\t\n\t\t\t<\/div>\n\n\t\t\t\n\t\t\t\n\t\t\t\n\t\t<\/div>\n\t<\/div>\n<\/section>\n\n\n<div class=\"wp-block-group is-style-background-triangle-right has-white-color has-dark-blue-background-color has-text-color has-background is-layout-flow wp-block-group-is-layout-flow\"><div class=\"wp-block-group__inner-container\">\n<div class=\"wp-block-columns is-layout-flex wp-container-core-columns-layout-1 wp-block-columns-is-layout-flex\">\n<div class=\"wp-block-column is-layout-flow wp-block-column-is-layout-flow\" style=\"flex-basis:33.33%\">\n<h2 class=\"wp-block-heading\">Technologien durchsuchen<\/h2>\n\n\n\n<p>Die innovativen Technologien von Tadano, kombiniert mit intelligentem Service und Support, machen jeden Kraneinsatz zum effizienten und wirtschaftlichen Unterfangen f\u00fcr Ihr Unternehmen.<\/p>\n<\/div>\n\n\n\n<div class=\"wp-block-column is-layout-flow wp-block-column-is-layout-flow\" style=\"flex-basis:66.66%\">\n\n<div class=\"links-block-wrapper\">\n  <div class=\"container\">\n    <section class=\"links-block\">\n\n\n              <div class=\"links-block\">\n                      \n\n            <div class=\"link-single\">\n                              <a href=\"https:\/\/www.tadano.com\/dach\/de\/technologies\/alternative-diesel-kraftstoffe\/\">\n                                                      <strong class='title'>Alternative Diesel-Kraftstoffe<\/strong>\n                                                        <p>Alle aktuellen Tadano Krane k\u00f6nnen je nach Modell auch mit verschiedenen alternativen Diesel-Kraftstoffen betrieben werden. Die Verwendung dieser Kraftstoffe erm\u00f6glicht in vielen F\u00e4llen einen emissionsreduzierten und damit klima- sowie umweltfreundlicheren Kranbetrieb.<\/p>\n                                  <\/a>\n              <\/div>\n\n                          \n\n            <div class=\"link-single\">\n                              <a href=\"https:\/\/www.tadano.com\/dach\/de\/technologies\/aml-e\/\">\n                                                      <strong class='title'>AML-E<\/strong>\n                                                        <p>Die neuesten Entwicklungen bei Steuerung und \u00dcberwachung mit erweiterten Funktionen zur Lieferung wichtiger Daten, Einstellung der Hubgrenzen, zur einfachen St\u00f6rungsbehebung und vieles mehr.<\/p>\n                                  <\/a>\n              <\/div>\n\n                          \n\n            <div class=\"link-single\">\n                              <a href=\"https:\/\/www.tadano.com\/dach\/de\/technologies\/aml-f\/\">\n                                                      <strong class='title'>AML-F<\/strong>\n                                                        <p>Das AML-F Steuerungssystem ist die aktuellste Steuerungsversion f\u00fcr Tadano All-Terrain Krane, LKW-Aufbaukrane und Teleskop-Raupenkrane. <\/p>\n                                  <\/a>\n              <\/div>\n\n                          \n\n            <div class=\"link-single\">\n                              <a href=\"https:\/\/www.tadano.com\/dach\/de\/technologies\/boom-booster-fuer-raupenkrane\/\">\n                                                      <strong class='title'>Boom Booster f\u00fcr Raupenkrane<\/strong>\n                                                        <p>Mit dem Boom Booster k\u00f6nnen Sie die Tragf\u00e4higkeit Ihrer Gittermastraupenkrane CC 38.650-1, CC 68.1250-1, und CC 88.1600-1 bei schweren H\u00fcben mit langen Auslegerkonfigurationen um bis zu 90 % steigern.<\/p>\n                                  <\/a>\n              <\/div>\n\n                          \n\n            <div class=\"link-single\">\n                              <a href=\"https:\/\/www.tadano.com\/dach\/de\/technologies\/e-pack\/\">\n                                                      <strong class='title'>e-PACK<\/strong>\n                                                        <p>Elektrohydraulisches System f\u00fcr emissionsfreien Kranbetrieb. Perfekt f\u00fcr Innenst\u00e4dte sowie Nacht- oder Inneneins\u00e4tze.<\/p>\n                                  <\/a>\n              <\/div>\n\n                          \n\n            <div class=\"link-single\">\n                              <a href=\"https:\/\/www.tadano.com\/dach\/de\/technologies\/eco-mode-system\/\">\n                                                      <strong class='title'>Eco Mode System<\/strong>\n                                                        <p>Der Eco-Modus regelt die maximale Motordrehzahl, um die Emissionen, den Kraftstoffverbrauch und die Ger\u00e4uschentwicklung zu reduzieren, ohne den Kranbetrieb zu beeintr\u00e4chtigen.<\/p>\n                                  <\/a>\n              <\/div>\n\n                          \n\n            <div class=\"link-single\">\n                              <a href=\"https:\/\/www.tadano.com\/dach\/de\/technologies\/flex-base\/\">\n                                                      <strong class='title'>Flex Base<\/strong>\n                                                        <p>Stufenloses Abst\u00fctzungssystem mit Echtzeit-Tragf\u00e4higkeitsermittlung f\u00fcr jede Auslegerstellung abh\u00e4ngig vom Drehwinkel des Oberwagens.<\/p>\n                                  <\/a>\n              <\/div>\n\n                          \n\n            <div class=\"link-single\">\n                              <a href=\"https:\/\/www.tadano.com\/dach\/de\/technologies\/flex-frame\/\">\n                                                      <strong class='title'>Flex Frame<\/strong>\n                                                        <p>Als Ersatz f\u00fcr den \u00fcblichen Teleskopzylinder erlaubt der Flex Frame eine einfache Einstellung des Superlift-Gegengewichtsradius, sodass die R\u00fcst- und Demontagezeiten verk\u00fcrzt werden.<\/p>\n                                  <\/a>\n              <\/div>\n\n                          \n\n            <div class=\"link-single\">\n                              <a href=\"https:\/\/www.tadano.com\/dach\/de\/technologies\/hello-net\/\">\n                                                      <strong class='title'>Hello-Net<\/strong>\n                                                        <p>Das Telematiksystem, das Ihr Kranmanagement mit Daten zum Betriebsstatus, zum Standort und zur Wartung Ihres Krans unterst\u00fctzt.<\/p>\n                                  <\/a>\n              <\/div>\n\n                          \n\n            <div class=\"link-single\">\n                              <a href=\"https:\/\/www.tadano.com\/dach\/de\/technologies\/heytadano\/\">\n                                                      <strong class='title'>HeyTadano<\/strong>\n                                                        <p>Ihr smarter Kranassistent \u2013 powered by Tadano AI. Jederzeit. \u00dcberall. Auf der Baustelle oder im B\u00fcro.<\/p>\n                                  <\/a>\n              <\/div>\n\n                          \n\n            <div class=\"link-single\">\n                              <a href=\"https:\/\/www.tadano.com\/dach\/de\/technologies\/htoj\/\">\n                                                      <strong class='title'>HTOJ<\/strong>\n                                                        <p>Mit diesem vollhydraulisch teleskopierbaren und neigbaren Hilfsausleger heben Sie Lasten ganz einfach \u00fcber Kanten und in h\u00f6henbegrenzte R\u00e4ume.<\/p>\n                                  <\/a>\n              <\/div>\n\n                          \n\n            <div class=\"link-single\">\n                              <a href=\"https:\/\/www.tadano.com\/dach\/de\/technologies\/ic-1-fur-cc-krane\/\">\n                                                      <strong class='title'>IC-1 f\u00fcr CC-Krane<\/strong>\n                                                        <p>Steigern Sie die Effizienz Ihrer Gittermast-Raupenkrane mit intuitiven Steuerungen f\u00fcr Aufbau, Bedienung und Wartung.<\/p>\n                                  <\/a>\n              <\/div>\n\n                          \n\n            <div class=\"link-single\">\n                              <a href=\"https:\/\/www.tadano.com\/dach\/de\/technologies\/ic-1-plus\/\">\n                                                      <strong class='title'>IC-1 Plus<\/strong>\n                                                        <p>Erh\u00f6hte Flexibilit\u00e4t mittels dynamischer Tragf\u00e4higkeitsermittlung, mehrere asymmetrische Abst\u00fctzungs-Konfigurationen bei begrenztem Platz. Weniger Gegengewicht bedeutet geringere Transportkosten.<\/p>\n                                  <\/a>\n              <\/div>\n\n                          \n\n            <div class=\"link-single\">\n                              <a href=\"https:\/\/www.tadano.com\/dach\/de\/technologies\/ic-1-remote\/\">\n                                                      <strong class='title'>IC-1 Remote<\/strong>\n                                                        <p>Hochmoderne Telematikl\u00f6sung mit cloudbasierten Echtzeit-Datenansichten f\u00fcr eine effizientere Einsatzplanung, St\u00f6rungsbehebung aus der Ferne und reduzierte Stillstandzeiten.<\/p>\n                                  <\/a>\n              <\/div>\n\n                          \n\n            <div class=\"link-single\">\n                              <a href=\"https:\/\/www.tadano.com\/dach\/de\/technologies\/lift-adjuster\/\">\n                                                      <strong class='title'>Lift Adjuster<\/strong>\n                                                        <p>Dieses einzigartige und exklusive System hilft Bedienern von All-Terrain-Kranen, die Bewegung einer Last zu \u00fcberwachen und zu steuern, w\u00e4hrend sie die Umgebung im Blick behalten.<\/p>\n                                  <\/a>\n              <\/div>\n\n                          \n\n            <div class=\"link-single\">\n                              <a href=\"https:\/\/www.tadano.com\/dach\/de\/technologies\/opti-width\/\">\n                                                      <strong class='title'>Opti-Width<\/strong>\n                                                        <p>Traglasttabellen, die unbegrenzt viele Kombinationen symmetrischer und asymmetrischer Kettenspurbreiten unterst\u00fctzen, sodass die Tragf\u00e4higkeit deutlich erh\u00f6ht wird.<\/p>\n                                  <\/a>\n              <\/div>\n\n                          \n\n            <div class=\"link-single\">\n                              <a href=\"https:\/\/www.tadano.com\/dach\/de\/technologies\/smart-chart\/\">\n                                                      <strong class='title'>Smart Chart<\/strong>\n                                                        <p>Sie k\u00f6nnen nicht alle St\u00fctzen vollst\u00e4ndig ausfahren? Smart Chart zeichnet den konventionellen Arbeitsbereich buchst\u00e4blich neu auf, um die Produktivit\u00e4t deutlich zu verbessern.<\/p>\n                                  <\/a>\n              <\/div>\n\n                          \n\n            <div class=\"link-single\">\n                              <a href=\"https:\/\/www.tadano.com\/dach\/de\/technologies\/split-tray\/\">\n                                                      <strong class='title'>Split Tray<\/strong>\n                                                        <p>Gesteigerte Effizienz durch einfaches Abkoppeln unn\u00f6tiger Gegengewichte, spart Montagezeit und Personal, macht einen Hilfskran \u00fcberfl\u00fcssig.<\/p>\n                                  <\/a>\n              <\/div>\n\n                          \n\n            <div class=\"link-single\">\n                              <a href=\"https:\/\/www.tadano.com\/dach\/de\/technologies\/start-stop\/\">\n                                                      <strong class='title'>Start-Stopp<\/strong>\n                                                        <p>Die Start-Stopp-Funktion erlaubt es, den Motor im Kranbetrieb \u00fcber einen Taster in der Kabine manuell auszuschalten, um Leerlauf-Zeiten zu vermeiden. Auf diese Weise lassen sich Kraftstoff-Verbrauch, Emissionen und Betriebsstunden des Krans gleicherma\u00dfen reduzieren. Die Kransteuerung bleibt w\u00e4hrend der Motor-Abschaltung aktiv, sodass der Kranbetrieb kurze Zeit nach dem Neustart fortgesetzt werden kann.<\/p>\n                                  <\/a>\n              <\/div>\n\n                          \n\n            <div class=\"link-single\">\n                              <a href=\"https:\/\/www.tadano.com\/dach\/de\/technologies\/surround-view\/\">\n                                                      <strong class='title'>Surround View<\/strong>\n                                                        <p>Beseitigen Sie tote Winkel, verifizieren Sie den Durchschwenkradius, Abst\u00fctzungspositionen usw. mit diesem Sechs-Kamera-System \u2013 f\u00fcr den ultimativen 360\u00b0-Rundumblick.<\/p>\n                                  <\/a>\n              <\/div>\n\n                        <\/div>\n          \n        \n      <\/section>\n    <\/div>\n  <\/div><\/div>\n<\/div>\n<\/div><\/div>\n\n\n\n    <section class=\"news-section\">\n\n    <div class=\"container\">\n      <div class=\"text-block\">\n        <h2>News<\/h2>\n                        \n                  <a href=\"https:\/\/www.tadano.com\/dach\/de\/ueber-uns\/news-list\/\" class=\"link-more\">Alle News<\/a>\n        \n\n                <div class=\"controls\">\n          <svg width=\"14\" height=\"31\" viewBox=\"0 0 14 31\" fill=\"none\" xmlns=\"http:\/\/www.w3.org\/2000\/svg\">\n           <path d=\"M13 1L1 15.5L13 30\" stroke=\"#fff\"\/>\n          <\/svg>\n          <svg width=\"15\" height=\"31\" viewBox=\"0 0 15 31\" fill=\"none\" xmlns=\"http:\/\/www.w3.org\/2000\/svg\">\n           <path d=\"M1 1L14 15.5L1 30\" stroke=\"#fff\"\/>\n          <\/svg>\n        <\/div>\n        \n\n        \n      <\/div>\n      <div class=\"slick-slider simple-slider\">\n                              <div>\n              <div class=\"news-single\">\n                <a href=\"https:\/\/www.tadano.com\/dach\/de\/news\/ac-7-450-fuer-wiesbauer\/\">\n                  <strong class=\"title\">AC 7.450-1 f\u00fcr Wiesbauer<\/strong>\n                  <ul class=\"meta\">\n                    <li>Ver\u00f6ffentlichung<\/li>\n                    <li><time datetime=\"2020-01-01\">Apr.\/13\/2026<\/time><\/li>\n                  <\/ul>\n                <\/a>\n              <\/div>\n            <\/div>\n                      <div>\n              <div class=\"news-single\">\n                <a href=\"https:\/\/www.tadano.com\/dach\/de\/news\/zwei-ac-fuer-talleres-y-gruas-estacion\/\">\n                  <strong class=\"title\">Zwei AC f\u00fcr Talleres y Gr\u00faas Estaci\u00f3n<\/strong>\n                  <ul class=\"meta\">\n                    <li>Ver\u00f6ffentlichung<\/li>\n                    <li><time datetime=\"2020-01-01\">Apr.\/02\/2026<\/time><\/li>\n                  <\/ul>\n                <\/a>\n              <\/div>\n            <\/div>\n                      <div>\n              <div class=\"news-single\">\n                <a href=\"https:\/\/www.tadano.com\/dach\/de\/news\/heytadano-upgrades\/\">\n                  <strong class=\"title\">heyTadano Upgrades<\/strong>\n                  <ul class=\"meta\">\n                    <li>Ver\u00f6ffentlichung<\/li>\n                    <li><time datetime=\"2020-01-01\">M\u00e4rz\/26\/2026<\/time><\/li>\n                  <\/ul>\n                <\/a>\n              <\/div>\n            <\/div>\n                      <div>\n              <div class=\"news-single\">\n                <a href=\"https:\/\/www.tadano.com\/dach\/de\/news\/vier-tadano-krane-fuer-steil\/\">\n                  <strong class=\"title\">Vier Tadano Krane f\u00fcr Steil<\/strong>\n                  <ul class=\"meta\">\n                    <li>Ver\u00f6ffentlichung<\/li>\n                    <li><time datetime=\"2020-01-01\">M\u00e4rz\/17\/2026<\/time><\/li>\n                  <\/ul>\n                <\/a>\n              <\/div>\n            <\/div>\n                      <div>\n              <div class=\"news-single\">\n                <a href=\"https:\/\/www.tadano.com\/dach\/de\/news\/adekma-uebernimmt-ac-7-450-1\/\">\n                  <strong class=\"title\">ADEKMA \u00fcbernimmt AC 7.450-1<\/strong>\n                  <ul class=\"meta\">\n                    <li>Ver\u00f6ffentlichung<\/li>\n                    <li><time datetime=\"2020-01-01\">Feb.\/24\/2026<\/time><\/li>\n                  <\/ul>\n                <\/a>\n              <\/div>\n            <\/div>\n                      <div>\n              <div class=\"news-single\">\n                <a href=\"https:\/\/www.tadano.com\/dach\/de\/news\/tadano-feiert-richtfest-fur-neues-europaisches-ersatzteilzentrum-in-lauf\/\">\n                  <strong class=\"title\">Tadano feiert Richtfest f\u00fcr neues europ\u00e4isches Ersatzteilzentrum in Lauf<\/strong>\n                  <ul class=\"meta\">\n                    <li>Ver\u00f6ffentlichung<\/li>\n                    <li><time datetime=\"2020-01-01\">Feb.\/10\/2026<\/time><\/li>\n                  <\/ul>\n                <\/a>\n              <\/div>\n            <\/div>\n                      <div>\n              <div class=\"news-single\">\n                <a href=\"https:\/\/www.tadano.com\/dach\/de\/news\/akm-uebernimmt-ac-7-450-1\/\">\n                  <strong class=\"title\">AKM \u00fcbernimmt AC 7.450-1<\/strong>\n                  <ul class=\"meta\">\n                    <li>Ver\u00f6ffentlichung<\/li>\n                    <li><time datetime=\"2020-01-01\">Jan.\/30\/2026<\/time><\/li>\n                  <\/ul>\n                <\/a>\n              <\/div>\n            <\/div>\n                      <div>\n              <div class=\"news-single\">\n                <a href=\"https:\/\/www.tadano.com\/dach\/de\/news\/autokrane-schares-baut-city-kran-flotte-mit-neuem-tadano-ac-3-045-1-city-aus\/\">\n                  <strong class=\"title\">Autokrane Schares baut City-Kran-Flotte mit neuem Tadano AC 3.045-1 City aus<\/strong>\n                  <ul class=\"meta\">\n                    <li>Ver\u00f6ffentlichung<\/li>\n                    <li><time datetime=\"2020-01-01\">Dez.\/17\/2025<\/time><\/li>\n                  <\/ul>\n                <\/a>\n              <\/div>\n            <\/div>\n                      <div>\n              <div class=\"news-single\">\n                <a href=\"https:\/\/www.tadano.com\/dach\/de\/news\/allen-crane-hire-uebernimmt-tadano-ac-4-100l-1-all-terrain-kran\/\">\n                  <strong class=\"title\">Allen Crane Hire \u00fcbernimmt Tadano AC 4.100L-1 All-Terrain Kran<\/strong>\n                  <ul class=\"meta\">\n                    <li>Ver\u00f6ffentlichung<\/li>\n                    <li><time datetime=\"2020-01-01\">Dez.\/05\/2025<\/time><\/li>\n                  <\/ul>\n                <\/a>\n              <\/div>\n            <\/div>\n                      <div>\n              <div class=\"news-single\">\n                <a href=\"https:\/\/www.tadano.com\/dach\/de\/news\/sarens-ebnet-kraftwerksschornstein-mit-tadano-cc-38-650-1\/\">\n                  <strong class=\"title\">Sarens ebnet Kraftwerksschornstein mit Tadano CC 38.650-1<\/strong>\n                  <ul class=\"meta\">\n                    <li>Ver\u00f6ffentlichung<\/li>\n                    <li><time datetime=\"2020-01-01\">Nov.\/19\/2025<\/time><\/li>\n                  <\/ul>\n                <\/a>\n              <\/div>\n            <\/div>\n                        <\/div>\n    <\/div>\n  <\/section>\n  \n\n\n<p><\/p>\n","protected":false},"excerpt":{"rendered":"<p>Technologien durchsuchen Die innovativen Technologien von Tadano, kombiniert mit intelligentem Service und Support, machen jeden Kraneinsatz zum effizienten und wirtschaftlichen Unterfangen f\u00fcr Ihr Unternehmen.<\/p>\n","protected":false},"author":1,"featured_media":0,"parent":3607,"menu_order":0,"comment_status":"closed","ping_status":"closed","template":"","meta":{"_acf_changed":false,"footnotes":""},"acf":[],"yoast_head":"<!-- This site is optimized with the Yoast SEO plugin v22.3 - https:\/\/yoast.com\/wordpress\/plugins\/seo\/ -->\n<title>Alle Technologien - DACH<\/title>\n<meta name=\"robots\" content=\"index, follow, max-snippet:-1, max-image-preview:large, max-video-preview:-1\" \/>\n<link rel=\"canonical\" href=\"https:\/\/www.tadano.com\/dach\/de\/technologie\/alle-technologien\/\" \/>\n<meta property=\"og:locale\" content=\"de_DE\" \/>\n<meta property=\"og:type\" content=\"article\" \/>\n<meta property=\"og:title\" content=\"Alle Technologien - DACH\" \/>\n<meta property=\"og:description\" content=\"Technologien durchsuchen Die innovativen Technologien von Tadano, kombiniert mit intelligentem Service und Support, machen jeden Kraneinsatz zum effizienten und wirtschaftlichen Unterfangen f\u00fcr Ihr Unternehmen.\" \/>\n<meta property=\"og:url\" content=\"https:\/\/www.tadano.com\/dach\/de\/technologie\/alle-technologien\/\" \/>\n<meta property=\"og:site_name\" content=\"DACH\" \/>\n<meta property=\"article:modified_time\" content=\"2025-05-20T13:34:27+00:00\" \/>\n<meta name=\"twitter:card\" content=\"summary_large_image\" \/>\n<meta name=\"twitter:label1\" content=\"Gesch\u00e4tzte Lesezeit\" \/>\n\t<meta name=\"twitter:data1\" content=\"1\u00a0Minute\" \/>\n<script type=\"application\/ld+json\" class=\"yoast-schema-graph\">{\"@context\":\"https:\/\/schema.org\",\"@graph\":[{\"@type\":\"WebPage\",\"@id\":\"https:\/\/www.tadano.com\/dach\/de\/technologie\/alle-technologien\/\",\"url\":\"https:\/\/www.tadano.com\/dach\/de\/technologie\/alle-technologien\/\",\"name\":\"Alle Technologien - DACH\",\"isPartOf\":{\"@id\":\"https:\/\/www.tadano.com\/dach\/en\/#website\"},\"datePublished\":\"2021-07-02T07:13:25+00:00\",\"dateModified\":\"2025-05-20T13:34:27+00:00\",\"inLanguage\":\"de\",\"potentialAction\":[{\"@type\":\"ReadAction\",\"target\":[\"https:\/\/www.tadano.com\/dach\/de\/technologie\/alle-technologien\/\"]}]},{\"@type\":\"WebSite\",\"@id\":\"https:\/\/www.tadano.com\/dach\/en\/#website\",\"url\":\"https:\/\/www.tadano.com\/dach\/en\/\",\"name\":\"DACH\",\"description\":\"Just another TADANO EUROPE site\",\"potentialAction\":[{\"@type\":\"SearchAction\",\"target\":{\"@type\":\"EntryPoint\",\"urlTemplate\":\"https:\/\/www.tadano.com\/dach\/en\/?s={search_term_string}\"},\"query-input\":\"required name=search_term_string\"}],\"inLanguage\":\"de\"}]}<\/script>\n<!-- \/ Yoast SEO plugin. -->","yoast_head_json":{"title":"Alle Technologien - DACH","robots":{"index":"index","follow":"follow","max-snippet":"max-snippet:-1","max-image-preview":"max-image-preview:large","max-video-preview":"max-video-preview:-1"},"canonical":"https:\/\/www.tadano.com\/dach\/de\/technologie\/alle-technologien\/","og_locale":"de_DE","og_type":"article","og_title":"Alle Technologien - DACH","og_description":"Technologien durchsuchen Die innovativen Technologien von Tadano, kombiniert mit intelligentem Service und Support, machen jeden Kraneinsatz zum effizienten und wirtschaftlichen Unterfangen f\u00fcr Ihr Unternehmen.","og_url":"https:\/\/www.tadano.com\/dach\/de\/technologie\/alle-technologien\/","og_site_name":"DACH","article_modified_time":"2025-05-20T13:34:27+00:00","twitter_card":"summary_large_image","twitter_misc":{"Gesch\u00e4tzte Lesezeit":"1\u00a0Minute"},"schema":{"@context":"https:\/\/schema.org","@graph":[{"@type":"WebPage","@id":"https:\/\/www.tadano.com\/dach\/de\/technologie\/alle-technologien\/","url":"https:\/\/www.tadano.com\/dach\/de\/technologie\/alle-technologien\/","name":"Alle Technologien - DACH","isPartOf":{"@id":"https:\/\/www.tadano.com\/dach\/en\/#website"},"datePublished":"2021-07-02T07:13:25+00:00","dateModified":"2025-05-20T13:34:27+00:00","inLanguage":"de","potentialAction":[{"@type":"ReadAction","target":["https:\/\/www.tadano.com\/dach\/de\/technologie\/alle-technologien\/"]}]},{"@type":"WebSite","@id":"https:\/\/www.tadano.com\/dach\/en\/#website","url":"https:\/\/www.tadano.com\/dach\/en\/","name":"DACH","description":"Just another TADANO EUROPE site","potentialAction":[{"@type":"SearchAction","target":{"@type":"EntryPoint","urlTemplate":"https:\/\/www.tadano.com\/dach\/en\/?s={search_term_string}"},"query-input":"required name=search_term_string"}],"inLanguage":"de"}]}},"_links":{"self":[{"href":"https:\/\/www.tadano.com\/dach\/de\/wp-json\/wp\/v2\/pages\/3625"}],"collection":[{"href":"https:\/\/www.tadano.com\/dach\/de\/wp-json\/wp\/v2\/pages"}],"about":[{"href":"https:\/\/www.tadano.com\/dach\/de\/wp-json\/wp\/v2\/types\/page"}],"author":[{"embeddable":true,"href":"https:\/\/www.tadano.com\/dach\/de\/wp-json\/wp\/v2\/users\/1"}],"replies":[{"embeddable":true,"href":"https:\/\/www.tadano.com\/dach\/de\/wp-json\/wp\/v2\/comments?post=3625"}],"version-history":[{"count":5,"href":"https:\/\/www.tadano.com\/dach\/de\/wp-json\/wp\/v2\/pages\/3625\/revisions"}],"predecessor-version":[{"id":32987,"href":"https:\/\/www.tadano.com\/dach\/de\/wp-json\/wp\/v2\/pages\/3625\/revisions\/32987"}],"up":[{"embeddable":true,"href":"https:\/\/www.tadano.com\/dach\/de\/wp-json\/wp\/v2\/pages\/3607"}],"wp:attachment":[{"href":"https:\/\/www.tadano.com\/dach\/de\/wp-json\/wp\/v2\/media?parent=3625"}],"curies":[{"name":"wp","href":"https:\/\/api.w.org\/{rel}","templated":true}]}}