{"id":3627,"date":"2021-07-02T07:12:06","date_gmt":"2021-07-02T07:12:06","guid":{"rendered":"https:\/\/www.tadano.com\/dach\/technologie\/kranmanagement\/"},"modified":"2021-10-25T08:37:42","modified_gmt":"2021-10-25T08:37:42","slug":"kranmanagement","status":"publish","type":"page","link":"https:\/\/www.tadano.com\/dach\/de\/technologie\/kranmanagement\/","title":{"rendered":"Kranmanagement"},"content":{"rendered":"\n\n\n<section class=\"hero-section\">\n\n\t\n\t\n\t\n\t<div class=\"img-holder \">\n\t\t\t\t<div class=\"bg-stretch\" style=\"background-position: 100% 50%; \">\n\t\t\t<span data-srcset=\"https:\/\/assets.onetadano.com\/celum_assets\/hero\/AC4080-1_Flexbase.jpg, https:\/\/assets.onetadano.com\/celum_assets\/hero-2x\/AC4080-1_Flexbase.jpg 2x\"><\/span>\n\t\t<\/div>\n\t\t\t\t\t\t<div class=\"logo green-solutions\" style=\"display:none;\">\n\t\t\t<a href=\"#\"><img decoding=\"async\" src=\"https:\/\/www.tadano.com\/dach\/wp-content\/themes\/tadano\/assets\/dist\/images\/Green-Solutions_Logo_White.svg\"><\/a>\n\t\t<\/div>\n\t<\/div>\n\t<div class=\"container\">\n\t\t<div class=\"text-holder \">\n\t\t\t<div class=\"wrap\">\n\t\t\t\t\n\t\t\t\t<ul class=\"breadcrumbs\"><li><a href=\"https:\/\/www.tadano.com\/dach\/de\/\">Startseite<\/a><\/li><\/ul>\n\t\t\t\t\n\n<h1 class=\"wp-block-heading\">Kranmanagement<\/h1>\n\n\n\n<p>Maximierte Leistungsf\u00e4higkeit Ihres Krans mit Management-Tools f\u00fcr verbesserte Rundumsicht, erh\u00f6hte Flexibilit\u00e4t, hohe Standfestigkeit, maximierte Tragf\u00e4higkeit und f\u00fcr L\u00f6sungen selbst bei schwierigsten Einsatzbedingungen \u2013 bis hin zur Reduzierung von Emissionen und Kosten.<\/p>\n\n\n\n\t\t\t\t\n\t\t\t<\/div>\n\n\t\t\t\n\t\t\t\n\t\t\t\n\t\t<\/div>\n\t<\/div>\n<\/section>\n\n\n<div class=\"wp-block-group is-style-background-triangle-right has-white-color has-dark-blue-background-color has-text-color has-background\"><div class=\"wp-block-group__inner-container is-layout-flow wp-block-group-is-layout-flow\">\n<div class=\"wp-block-columns is-layout-flex wp-container-core-columns-layout-1 wp-block-columns-is-layout-flex\">\n<div class=\"wp-block-column is-layout-flow wp-block-column-is-layout-flow\" style=\"flex-basis:33.33%\">\n<h2 class=\"wp-block-heading\">Technologien durchsuchen<\/h2>\n\n\n\n<p>Tools, die die Tragf\u00e4higkeit und Flexibilit\u00e4t Ihres Krans erh\u00f6hen und erweitern \u2013 und gleichzeitig f\u00fcr Sicherheit und Effizienz sorgen.<\/p>\n<\/div>\n\n\n\n<div class=\"wp-block-column is-layout-flow wp-block-column-is-layout-flow\" style=\"flex-basis:66.66%\">\n\n<div class=\"links-block-wrapper\">\n  <div class=\"container\">\n    <section class=\"links-block\">\n\n\n              <div class=\"links-block\">\n                      \n\n            <div class=\"link-single\">\n                              <a href=\"https:\/\/www.tadano.com\/dach\/de\/technologies\/eco-mode-system\/\">\n                                                      <strong class='title'>Eco Mode System<\/strong>\n                                                        <p>Der Eco-Modus regelt die maximale Motordrehzahl, um die Emissionen, den Kraftstoffverbrauch und die Ger\u00e4uschentwicklung zu reduzieren, ohne den Kranbetrieb zu beeintr\u00e4chtigen.<\/p>\n                                  <\/a>\n              <\/div>\n\n                          \n\n            <div class=\"link-single\">\n                              <a href=\"https:\/\/www.tadano.com\/dach\/de\/technologies\/flex-base\/\">\n                                                      <strong class='title'>Flex Base<\/strong>\n                                                        <p>Stufenloses Abst\u00fctzungssystem mit Echtzeit-Tragf\u00e4higkeitsermittlung f\u00fcr jede Auslegerstellung abh\u00e4ngig vom Drehwinkel des Oberwagens.<\/p>\n                                  <\/a>\n              <\/div>\n\n                          \n\n            <div class=\"link-single\">\n                              <a href=\"https:\/\/www.tadano.com\/dach\/de\/technologies\/lift-adjuster\/\">\n                                                      <strong class='title'>Lift Adjuster<\/strong>\n                                                        <p>Dieses einzigartige und exklusive System hilft Bedienern von All-Terrain-Kranen, die Bewegung einer Last zu \u00fcberwachen und zu steuern, w\u00e4hrend sie die Umgebung im Blick behalten.<\/p>\n                                  <\/a>\n              <\/div>\n\n                          \n\n            <div class=\"link-single\">\n                              <a href=\"https:\/\/www.tadano.com\/dach\/de\/technologies\/smart-chart\/\">\n                                                      <strong class='title'>Smart Chart<\/strong>\n                                                        <p>Sie k\u00f6nnen nicht alle St\u00fctzen vollst\u00e4ndig ausfahren? Smart Chart zeichnet den konventionellen Arbeitsbereich buchst\u00e4blich neu auf, um die Produktivit\u00e4t deutlich zu verbessern.<\/p>\n                                  <\/a>\n              <\/div>\n\n                          \n\n            <div class=\"link-single\">\n                              <a href=\"https:\/\/www.tadano.com\/dach\/de\/technologies\/surround-view\/\">\n                                                      <strong class='title'>Surround View<\/strong>\n                                                        <p>Beseitigen Sie tote Winkel, verifizieren Sie den Durchschwenkradius, Abst\u00fctzungspositionen usw. mit diesem Sechs-Kamera-System \u2013 f\u00fcr den ultimativen 360\u00b0-Rundumblick.<\/p>\n                                  <\/a>\n              <\/div>\n\n                        <\/div>\n          \n        \n      <\/section>\n    <\/div>\n  <\/div><\/div>\n<\/div>\n<\/div><\/div>\n\n\n\n    <section class=\"news-section\">\n\n    <div class=\"container\">\n      <div class=\"text-block\">\n        <h2>News<\/h2>\n                        \n                  <a href=\"https:\/\/www.tadano.com\/dach\/de\/ueber-uns\/news-list\/\" class=\"link-more\">Alle News<\/a>\n        \n\n                <div class=\"controls\">\n          <svg width=\"14\" height=\"31\" viewBox=\"0 0 14 31\" fill=\"none\" xmlns=\"http:\/\/www.w3.org\/2000\/svg\">\n           <path d=\"M13 1L1 15.5L13 30\" stroke=\"#fff\"\/>\n          <\/svg>\n          <svg width=\"15\" height=\"31\" viewBox=\"0 0 15 31\" fill=\"none\" xmlns=\"http:\/\/www.w3.org\/2000\/svg\">\n           <path d=\"M1 1L14 15.5L1 30\" stroke=\"#fff\"\/>\n          <\/svg>\n        <\/div>\n        \n\n        \n      <\/div>\n      <div class=\"slick-slider simple-slider\">\n                              <div>\n              <div class=\"news-single\">\n                <a href=\"https:\/\/www.tadano.com\/dach\/de\/news\/ac-7-450-fuer-wiesbauer\/\">\n                  <strong class=\"title\">AC 7.450-1 f\u00fcr Wiesbauer<\/strong>\n                  <ul class=\"meta\">\n                    <li>Ver\u00f6ffentlichung<\/li>\n                    <li><time datetime=\"2020-01-01\">Apr.\/13\/2026<\/time><\/li>\n                  <\/ul>\n                <\/a>\n              <\/div>\n            <\/div>\n                      <div>\n              <div class=\"news-single\">\n                <a href=\"https:\/\/www.tadano.com\/dach\/de\/news\/zwei-ac-fuer-talleres-y-gruas-estacion\/\">\n                  <strong class=\"title\">Zwei AC f\u00fcr Talleres y Gr\u00faas Estaci\u00f3n<\/strong>\n                  <ul class=\"meta\">\n                    <li>Ver\u00f6ffentlichung<\/li>\n                    <li><time datetime=\"2020-01-01\">Apr.\/02\/2026<\/time><\/li>\n                  <\/ul>\n                <\/a>\n              <\/div>\n            <\/div>\n                      <div>\n              <div class=\"news-single\">\n                <a href=\"https:\/\/www.tadano.com\/dach\/de\/news\/heytadano-upgrades\/\">\n                  <strong class=\"title\">heyTadano Upgrades<\/strong>\n                  <ul class=\"meta\">\n                    <li>Ver\u00f6ffentlichung<\/li>\n                    <li><time datetime=\"2020-01-01\">M\u00e4rz\/26\/2026<\/time><\/li>\n                  <\/ul>\n                <\/a>\n              <\/div>\n            <\/div>\n                      <div>\n              <div class=\"news-single\">\n                <a href=\"https:\/\/www.tadano.com\/dach\/de\/news\/vier-tadano-krane-fuer-steil\/\">\n                  <strong class=\"title\">Vier Tadano Krane f\u00fcr Steil<\/strong>\n                  <ul class=\"meta\">\n                    <li>Ver\u00f6ffentlichung<\/li>\n                    <li><time datetime=\"2020-01-01\">M\u00e4rz\/17\/2026<\/time><\/li>\n                  <\/ul>\n                <\/a>\n              <\/div>\n            <\/div>\n                      <div>\n              <div class=\"news-single\">\n                <a href=\"https:\/\/www.tadano.com\/dach\/de\/news\/adekma-uebernimmt-ac-7-450-1\/\">\n                  <strong class=\"title\">ADEKMA \u00fcbernimmt AC 7.450-1<\/strong>\n                  <ul class=\"meta\">\n                    <li>Ver\u00f6ffentlichung<\/li>\n                    <li><time datetime=\"2020-01-01\">Feb.\/24\/2026<\/time><\/li>\n                  <\/ul>\n                <\/a>\n              <\/div>\n            <\/div>\n                      <div>\n              <div class=\"news-single\">\n                <a href=\"https:\/\/www.tadano.com\/dach\/de\/news\/tadano-feiert-richtfest-fur-neues-europaisches-ersatzteilzentrum-in-lauf\/\">\n                  <strong class=\"title\">Tadano feiert Richtfest f\u00fcr neues europ\u00e4isches Ersatzteilzentrum in Lauf<\/strong>\n                  <ul class=\"meta\">\n                    <li>Ver\u00f6ffentlichung<\/li>\n                    <li><time datetime=\"2020-01-01\">Feb.\/10\/2026<\/time><\/li>\n                  <\/ul>\n                <\/a>\n              <\/div>\n            <\/div>\n                      <div>\n              <div class=\"news-single\">\n                <a href=\"https:\/\/www.tadano.com\/dach\/de\/news\/akm-uebernimmt-ac-7-450-1\/\">\n                  <strong class=\"title\">AKM \u00fcbernimmt AC 7.450-1<\/strong>\n                  <ul class=\"meta\">\n                    <li>Ver\u00f6ffentlichung<\/li>\n                    <li><time datetime=\"2020-01-01\">Jan.\/30\/2026<\/time><\/li>\n                  <\/ul>\n                <\/a>\n              <\/div>\n            <\/div>\n                      <div>\n              <div class=\"news-single\">\n                <a href=\"https:\/\/www.tadano.com\/dach\/de\/news\/autokrane-schares-baut-city-kran-flotte-mit-neuem-tadano-ac-3-045-1-city-aus\/\">\n                  <strong class=\"title\">Autokrane Schares baut City-Kran-Flotte mit neuem Tadano AC 3.045-1 City aus<\/strong>\n                  <ul class=\"meta\">\n                    <li>Ver\u00f6ffentlichung<\/li>\n                    <li><time datetime=\"2020-01-01\">Dez.\/17\/2025<\/time><\/li>\n                  <\/ul>\n                <\/a>\n              <\/div>\n            <\/div>\n                      <div>\n              <div class=\"news-single\">\n                <a href=\"https:\/\/www.tadano.com\/dach\/de\/news\/allen-crane-hire-uebernimmt-tadano-ac-4-100l-1-all-terrain-kran\/\">\n                  <strong class=\"title\">Allen Crane Hire \u00fcbernimmt Tadano AC 4.100L-1 All-Terrain Kran<\/strong>\n                  <ul class=\"meta\">\n                    <li>Ver\u00f6ffentlichung<\/li>\n                    <li><time datetime=\"2020-01-01\">Dez.\/05\/2025<\/time><\/li>\n                  <\/ul>\n                <\/a>\n              <\/div>\n            <\/div>\n                      <div>\n              <div class=\"news-single\">\n                <a href=\"https:\/\/www.tadano.com\/dach\/de\/news\/sarens-ebnet-kraftwerksschornstein-mit-tadano-cc-38-650-1\/\">\n                  <strong class=\"title\">Sarens ebnet Kraftwerksschornstein mit Tadano CC 38.650-1<\/strong>\n                  <ul class=\"meta\">\n                    <li>Ver\u00f6ffentlichung<\/li>\n                    <li><time datetime=\"2020-01-01\">Nov.\/19\/2025<\/time><\/li>\n                  <\/ul>\n                <\/a>\n              <\/div>\n            <\/div>\n                        <\/div>\n    <\/div>\n  <\/section>\n  \n\n\n<p><\/p>\n","protected":false},"excerpt":{"rendered":"<p>Technologien durchsuchen Tools, die die Tragf\u00e4higkeit und Flexibilit\u00e4t Ihres Krans erh\u00f6hen und erweitern \u2013 und gleichzeitig f\u00fcr Sicherheit und Effizienz sorgen.<\/p>\n","protected":false},"author":1,"featured_media":0,"parent":3607,"menu_order":0,"comment_status":"closed","ping_status":"closed","template":"","meta":{"_acf_changed":false,"footnotes":""},"acf":[],"yoast_head":"<!-- This site is optimized with the Yoast SEO plugin v22.3 - https:\/\/yoast.com\/wordpress\/plugins\/seo\/ -->\n<title>Kranmanagement - DACH<\/title>\n<meta name=\"robots\" content=\"index, follow, max-snippet:-1, max-image-preview:large, max-video-preview:-1\" \/>\n<link rel=\"canonical\" href=\"https:\/\/www.tadano.com\/dach\/de\/technologie\/kranmanagement\/\" \/>\n<meta property=\"og:locale\" content=\"de_DE\" \/>\n<meta property=\"og:type\" content=\"article\" \/>\n<meta property=\"og:title\" content=\"Kranmanagement - DACH\" \/>\n<meta property=\"og:description\" content=\"Technologien durchsuchen Tools, die die Tragf\u00e4higkeit und Flexibilit\u00e4t Ihres Krans erh\u00f6hen und erweitern \u2013 und gleichzeitig f\u00fcr Sicherheit und Effizienz sorgen.\" \/>\n<meta property=\"og:url\" content=\"https:\/\/www.tadano.com\/dach\/de\/technologie\/kranmanagement\/\" \/>\n<meta property=\"og:site_name\" content=\"DACH\" \/>\n<meta property=\"article:modified_time\" content=\"2021-10-25T08:37:42+00:00\" \/>\n<meta name=\"twitter:card\" content=\"summary_large_image\" \/>\n<meta name=\"twitter:label1\" content=\"Gesch\u00e4tzte Lesezeit\" \/>\n\t<meta name=\"twitter:data1\" content=\"1\u00a0Minute\" \/>\n<script type=\"application\/ld+json\" class=\"yoast-schema-graph\">{\"@context\":\"https:\/\/schema.org\",\"@graph\":[{\"@type\":\"WebPage\",\"@id\":\"https:\/\/www.tadano.com\/dach\/de\/technologie\/kranmanagement\/\",\"url\":\"https:\/\/www.tadano.com\/dach\/de\/technologie\/kranmanagement\/\",\"name\":\"Kranmanagement - DACH\",\"isPartOf\":{\"@id\":\"https:\/\/www.tadano.com\/dach\/en\/#website\"},\"datePublished\":\"2021-07-02T07:12:06+00:00\",\"dateModified\":\"2021-10-25T08:37:42+00:00\",\"inLanguage\":\"de\",\"potentialAction\":[{\"@type\":\"ReadAction\",\"target\":[\"https:\/\/www.tadano.com\/dach\/de\/technologie\/kranmanagement\/\"]}]},{\"@type\":\"WebSite\",\"@id\":\"https:\/\/www.tadano.com\/dach\/en\/#website\",\"url\":\"https:\/\/www.tadano.com\/dach\/en\/\",\"name\":\"DACH\",\"description\":\"Just another TADANO EUROPE site\",\"potentialAction\":[{\"@type\":\"SearchAction\",\"target\":{\"@type\":\"EntryPoint\",\"urlTemplate\":\"https:\/\/www.tadano.com\/dach\/en\/?s={search_term_string}\"},\"query-input\":\"required name=search_term_string\"}],\"inLanguage\":\"de\"}]}<\/script>\n<!-- \/ Yoast SEO plugin. -->","yoast_head_json":{"title":"Kranmanagement - DACH","robots":{"index":"index","follow":"follow","max-snippet":"max-snippet:-1","max-image-preview":"max-image-preview:large","max-video-preview":"max-video-preview:-1"},"canonical":"https:\/\/www.tadano.com\/dach\/de\/technologie\/kranmanagement\/","og_locale":"de_DE","og_type":"article","og_title":"Kranmanagement - DACH","og_description":"Technologien durchsuchen Tools, die die Tragf\u00e4higkeit und Flexibilit\u00e4t Ihres Krans erh\u00f6hen und erweitern \u2013 und gleichzeitig f\u00fcr Sicherheit und Effizienz sorgen.","og_url":"https:\/\/www.tadano.com\/dach\/de\/technologie\/kranmanagement\/","og_site_name":"DACH","article_modified_time":"2021-10-25T08:37:42+00:00","twitter_card":"summary_large_image","twitter_misc":{"Gesch\u00e4tzte Lesezeit":"1\u00a0Minute"},"schema":{"@context":"https:\/\/schema.org","@graph":[{"@type":"WebPage","@id":"https:\/\/www.tadano.com\/dach\/de\/technologie\/kranmanagement\/","url":"https:\/\/www.tadano.com\/dach\/de\/technologie\/kranmanagement\/","name":"Kranmanagement - DACH","isPartOf":{"@id":"https:\/\/www.tadano.com\/dach\/en\/#website"},"datePublished":"2021-07-02T07:12:06+00:00","dateModified":"2021-10-25T08:37:42+00:00","inLanguage":"de","potentialAction":[{"@type":"ReadAction","target":["https:\/\/www.tadano.com\/dach\/de\/technologie\/kranmanagement\/"]}]},{"@type":"WebSite","@id":"https:\/\/www.tadano.com\/dach\/en\/#website","url":"https:\/\/www.tadano.com\/dach\/en\/","name":"DACH","description":"Just another TADANO EUROPE site","potentialAction":[{"@type":"SearchAction","target":{"@type":"EntryPoint","urlTemplate":"https:\/\/www.tadano.com\/dach\/en\/?s={search_term_string}"},"query-input":"required name=search_term_string"}],"inLanguage":"de"}]}},"_links":{"self":[{"href":"https:\/\/www.tadano.com\/dach\/de\/wp-json\/wp\/v2\/pages\/3627"}],"collection":[{"href":"https:\/\/www.tadano.com\/dach\/de\/wp-json\/wp\/v2\/pages"}],"about":[{"href":"https:\/\/www.tadano.com\/dach\/de\/wp-json\/wp\/v2\/types\/page"}],"author":[{"embeddable":true,"href":"https:\/\/www.tadano.com\/dach\/de\/wp-json\/wp\/v2\/users\/1"}],"replies":[{"embeddable":true,"href":"https:\/\/www.tadano.com\/dach\/de\/wp-json\/wp\/v2\/comments?post=3627"}],"version-history":[{"count":3,"href":"https:\/\/www.tadano.com\/dach\/de\/wp-json\/wp\/v2\/pages\/3627\/revisions"}],"predecessor-version":[{"id":24850,"href":"https:\/\/www.tadano.com\/dach\/de\/wp-json\/wp\/v2\/pages\/3627\/revisions\/24850"}],"up":[{"embeddable":true,"href":"https:\/\/www.tadano.com\/dach\/de\/wp-json\/wp\/v2\/pages\/3607"}],"wp:attachment":[{"href":"https:\/\/www.tadano.com\/dach\/de\/wp-json\/wp\/v2\/media?parent=3627"}],"curies":[{"name":"wp","href":"https:\/\/api.w.org\/{rel}","templated":true}]}}