{"id":3629,"date":"2021-07-02T07:12:51","date_gmt":"2021-07-02T07:12:51","guid":{"rendered":"https:\/\/www.tadano.com\/dach\/technologie\/krantechnik\/"},"modified":"2021-07-28T08:49:40","modified_gmt":"2021-07-28T08:49:40","slug":"krantechnik","status":"publish","type":"page","link":"https:\/\/www.tadano.com\/dach\/de\/technologie\/krantechnik\/","title":{"rendered":"Krantechnik"},"content":{"rendered":"\n\n\n<section class=\"hero-section\">\n\n\t\n\t\n\t\n\t<div class=\"img-holder \">\n\t\t\t\t<div class=\"bg-stretch\" style=\"background-position: 50% 100%; \">\n\t\t\t<span data-srcset=\"https:\/\/assets.onetadano.com\/celum_assets\/hero\/Superlift_3800_Hofmann_Boombooster_Flexframe_6_bea.jpg, https:\/\/assets.onetadano.com\/celum_assets\/hero-2x\/Superlift_3800_Hofmann_Boombooster_Flexframe_6_bea.jpg 2x\"><\/span>\n\t\t<\/div>\n\t\t\t\t\t\t<div class=\"logo green-solutions\" style=\"display:none;\">\n\t\t\t<a href=\"#\"><img decoding=\"async\" src=\"https:\/\/www.tadano.com\/dach\/wp-content\/themes\/tadano\/assets\/dist\/images\/Green-Solutions_Logo_White.svg\"><\/a>\n\t\t<\/div>\n\t<\/div>\n\t<div class=\"container\">\n\t\t<div class=\"text-holder \">\n\t\t\t<div class=\"wrap\">\n\t\t\t\t\n\t\t\t\t<ul class=\"breadcrumbs\"><li><a href=\"https:\/\/www.tadano.com\/dach\/de\/\">Startseite<\/a><\/li><\/ul>\n\t\t\t\t\n\n<h1 class=\"wp-block-heading\">Krantechnik<\/h1>\n\n\n\n<p>Mehr Positionierungsm\u00f6glichkeiten der Abst\u00fctzungen, erh\u00f6hte Flexibilit\u00e4t und Reichweite, vereinfachtes Abkoppeln nicht-ben\u00f6tigter Gegengewichte, minimierte Emissionen, Steigerung der ohnehin beeindruckenden Tragf\u00e4higkeit und Effizienz mit einer Vielzahl von Steuerungssystemen.<\/p>\n\n\n\n\t\t\t\t\n\t\t\t<\/div>\n\n\t\t\t\n\t\t\t\n\t\t\t\n\t\t<\/div>\n\t<\/div>\n<\/section>\n\n\n<div class=\"wp-block-group is-style-background-triangle-right has-white-color has-dark-blue-background-color has-text-color has-background\"><div class=\"wp-block-group__inner-container is-layout-flow wp-block-group-is-layout-flow\">\n<div class=\"wp-block-columns is-layout-flex wp-container-core-columns-layout-1 wp-block-columns-is-layout-flex\">\n<div class=\"wp-block-column is-layout-flow wp-block-column-is-layout-flow\" style=\"flex-basis:33.33%\">\n<h2 class=\"wp-block-heading\">Technologien durchsuchen<\/h2>\n\n\n\n<p>Systeme und Anbauten, mit denen sich die ohnehin beeindruckende Flexibilit\u00e4t und Leistungsf\u00e4higkeit der Tadano Krane weiter steigern l\u00e4sst.<\/p>\n<\/div>\n\n\n\n<div class=\"wp-block-column is-layout-flow wp-block-column-is-layout-flow\" style=\"flex-basis:66.66%\">\n\n<div class=\"links-block-wrapper\">\n  <div class=\"container\">\n    <section class=\"links-block\">\n\n\n              <div class=\"links-block\">\n                      \n\n            <div class=\"link-single\">\n                              <a href=\"https:\/\/www.tadano.com\/dach\/de\/technologies\/boom-booster-fuer-raupenkrane\/\">\n                                                      <strong class='title'>Boom Booster f\u00fcr Raupenkrane<\/strong>\n                                                        <p>Mit dem Boom Booster k\u00f6nnen Sie die Tragf\u00e4higkeit Ihrer Gittermastraupenkrane CC 38.650-1, CC 68.1250-1, und CC 88.1600-1 bei schweren H\u00fcben mit langen Auslegerkonfigurationen um bis zu 90 % steigern.<\/p>\n                                  <\/a>\n              <\/div>\n\n                          \n\n            <div class=\"link-single\">\n                              <a href=\"https:\/\/www.tadano.com\/dach\/de\/technologies\/e-pack\/\">\n                                                      <strong class='title'>e-PACK<\/strong>\n                                                        <p>Elektrohydraulisches System f\u00fcr emissionsfreien Kranbetrieb. Perfekt f\u00fcr Innenst\u00e4dte sowie Nacht- oder Inneneins\u00e4tze.<\/p>\n                                  <\/a>\n              <\/div>\n\n                          \n\n            <div class=\"link-single\">\n                              <a href=\"https:\/\/www.tadano.com\/dach\/de\/technologies\/flex-frame\/\">\n                                                      <strong class='title'>Flex Frame<\/strong>\n                                                        <p>Als Ersatz f\u00fcr den \u00fcblichen Teleskopzylinder erlaubt der Flex Frame eine einfache Einstellung des Superlift-Gegengewichtsradius, sodass die R\u00fcst- und Demontagezeiten verk\u00fcrzt werden.<\/p>\n                                  <\/a>\n              <\/div>\n\n                          \n\n            <div class=\"link-single\">\n                              <a href=\"https:\/\/www.tadano.com\/dach\/de\/technologies\/htoj\/\">\n                                                      <strong class='title'>HTOJ<\/strong>\n                                                        <p>Mit diesem vollhydraulisch teleskopierbaren und neigbaren Hilfsausleger heben Sie Lasten ganz einfach \u00fcber Kanten und in h\u00f6henbegrenzte R\u00e4ume.<\/p>\n                                  <\/a>\n              <\/div>\n\n                          \n\n            <div class=\"link-single\">\n                              <a href=\"https:\/\/www.tadano.com\/dach\/de\/technologies\/split-tray\/\">\n                                                      <strong class='title'>Split Tray<\/strong>\n                                                        <p>Gesteigerte Effizienz durch einfaches Abkoppeln unn\u00f6tiger Gegengewichte, spart Montagezeit und Personal, macht einen Hilfskran \u00fcberfl\u00fcssig.<\/p>\n                                  <\/a>\n              <\/div>\n\n                        <\/div>\n          \n        \n      <\/section>\n    <\/div>\n  <\/div><\/div>\n<\/div>\n<\/div><\/div>\n\n\n\n    <section class=\"news-section\">\n\n    <div class=\"container\">\n      <div class=\"text-block\">\n        <h2>News<\/h2>\n                        \n                  <a href=\"https:\/\/www.tadano.com\/dach\/de\/ueber-uns\/news-list\/\" class=\"link-more\">Alle News<\/a>\n        \n\n                <div class=\"controls\">\n          <svg width=\"14\" height=\"31\" viewBox=\"0 0 14 31\" fill=\"none\" xmlns=\"http:\/\/www.w3.org\/2000\/svg\">\n           <path d=\"M13 1L1 15.5L13 30\" stroke=\"#fff\"\/>\n          <\/svg>\n          <svg width=\"15\" height=\"31\" viewBox=\"0 0 15 31\" fill=\"none\" xmlns=\"http:\/\/www.w3.org\/2000\/svg\">\n           <path d=\"M1 1L14 15.5L1 30\" stroke=\"#fff\"\/>\n          <\/svg>\n        <\/div>\n        \n\n        \n      <\/div>\n      <div class=\"slick-slider simple-slider\">\n                              <div>\n              <div class=\"news-single\">\n                <a href=\"https:\/\/www.tadano.com\/dach\/de\/news\/ac-7-450-fuer-wiesbauer\/\">\n                  <strong class=\"title\">AC 7.450-1 f\u00fcr Wiesbauer<\/strong>\n                  <ul class=\"meta\">\n                    <li>Ver\u00f6ffentlichung<\/li>\n                    <li><time datetime=\"2020-01-01\">Apr.\/13\/2026<\/time><\/li>\n                  <\/ul>\n                <\/a>\n              <\/div>\n            <\/div>\n                      <div>\n              <div class=\"news-single\">\n                <a href=\"https:\/\/www.tadano.com\/dach\/de\/news\/zwei-ac-fuer-talleres-y-gruas-estacion\/\">\n                  <strong class=\"title\">Zwei AC f\u00fcr Talleres y Gr\u00faas Estaci\u00f3n<\/strong>\n                  <ul class=\"meta\">\n                    <li>Ver\u00f6ffentlichung<\/li>\n                    <li><time datetime=\"2020-01-01\">Apr.\/02\/2026<\/time><\/li>\n                  <\/ul>\n                <\/a>\n              <\/div>\n            <\/div>\n                      <div>\n              <div class=\"news-single\">\n                <a href=\"https:\/\/www.tadano.com\/dach\/de\/news\/heytadano-upgrades\/\">\n                  <strong class=\"title\">heyTadano Upgrades<\/strong>\n                  <ul class=\"meta\">\n                    <li>Ver\u00f6ffentlichung<\/li>\n                    <li><time datetime=\"2020-01-01\">M\u00e4rz\/26\/2026<\/time><\/li>\n                  <\/ul>\n                <\/a>\n              <\/div>\n            <\/div>\n                      <div>\n              <div class=\"news-single\">\n                <a href=\"https:\/\/www.tadano.com\/dach\/de\/news\/vier-tadano-krane-fuer-steil\/\">\n                  <strong class=\"title\">Vier Tadano Krane f\u00fcr Steil<\/strong>\n                  <ul class=\"meta\">\n                    <li>Ver\u00f6ffentlichung<\/li>\n                    <li><time datetime=\"2020-01-01\">M\u00e4rz\/17\/2026<\/time><\/li>\n                  <\/ul>\n                <\/a>\n              <\/div>\n            <\/div>\n                      <div>\n              <div class=\"news-single\">\n                <a href=\"https:\/\/www.tadano.com\/dach\/de\/news\/adekma-uebernimmt-ac-7-450-1\/\">\n                  <strong class=\"title\">ADEKMA \u00fcbernimmt AC 7.450-1<\/strong>\n                  <ul class=\"meta\">\n                    <li>Ver\u00f6ffentlichung<\/li>\n                    <li><time datetime=\"2020-01-01\">Feb.\/24\/2026<\/time><\/li>\n                  <\/ul>\n                <\/a>\n              <\/div>\n            <\/div>\n                      <div>\n              <div class=\"news-single\">\n                <a href=\"https:\/\/www.tadano.com\/dach\/de\/news\/tadano-feiert-richtfest-fur-neues-europaisches-ersatzteilzentrum-in-lauf\/\">\n                  <strong class=\"title\">Tadano feiert Richtfest f\u00fcr neues europ\u00e4isches Ersatzteilzentrum in Lauf<\/strong>\n                  <ul class=\"meta\">\n                    <li>Ver\u00f6ffentlichung<\/li>\n                    <li><time datetime=\"2020-01-01\">Feb.\/10\/2026<\/time><\/li>\n                  <\/ul>\n                <\/a>\n              <\/div>\n            <\/div>\n                      <div>\n              <div class=\"news-single\">\n                <a href=\"https:\/\/www.tadano.com\/dach\/de\/news\/akm-uebernimmt-ac-7-450-1\/\">\n                  <strong class=\"title\">AKM \u00fcbernimmt AC 7.450-1<\/strong>\n                  <ul class=\"meta\">\n                    <li>Ver\u00f6ffentlichung<\/li>\n                    <li><time datetime=\"2020-01-01\">Jan.\/30\/2026<\/time><\/li>\n                  <\/ul>\n                <\/a>\n              <\/div>\n            <\/div>\n                      <div>\n              <div class=\"news-single\">\n                <a href=\"https:\/\/www.tadano.com\/dach\/de\/news\/autokrane-schares-baut-city-kran-flotte-mit-neuem-tadano-ac-3-045-1-city-aus\/\">\n                  <strong class=\"title\">Autokrane Schares baut City-Kran-Flotte mit neuem Tadano AC 3.045-1 City aus<\/strong>\n                  <ul class=\"meta\">\n                    <li>Ver\u00f6ffentlichung<\/li>\n                    <li><time datetime=\"2020-01-01\">Dez.\/17\/2025<\/time><\/li>\n                  <\/ul>\n                <\/a>\n              <\/div>\n            <\/div>\n                      <div>\n              <div class=\"news-single\">\n                <a href=\"https:\/\/www.tadano.com\/dach\/de\/news\/allen-crane-hire-uebernimmt-tadano-ac-4-100l-1-all-terrain-kran\/\">\n                  <strong class=\"title\">Allen Crane Hire \u00fcbernimmt Tadano AC 4.100L-1 All-Terrain Kran<\/strong>\n                  <ul class=\"meta\">\n                    <li>Ver\u00f6ffentlichung<\/li>\n                    <li><time datetime=\"2020-01-01\">Dez.\/05\/2025<\/time><\/li>\n                  <\/ul>\n                <\/a>\n              <\/div>\n            <\/div>\n                      <div>\n              <div class=\"news-single\">\n                <a href=\"https:\/\/www.tadano.com\/dach\/de\/news\/sarens-ebnet-kraftwerksschornstein-mit-tadano-cc-38-650-1\/\">\n                  <strong class=\"title\">Sarens ebnet Kraftwerksschornstein mit Tadano CC 38.650-1<\/strong>\n                  <ul class=\"meta\">\n                    <li>Ver\u00f6ffentlichung<\/li>\n                    <li><time datetime=\"2020-01-01\">Nov.\/19\/2025<\/time><\/li>\n                  <\/ul>\n                <\/a>\n              <\/div>\n            <\/div>\n                        <\/div>\n    <\/div>\n  <\/section>\n  \n\n\n<p><\/p>\n","protected":false},"excerpt":{"rendered":"<p>Technologien durchsuchen Systeme und Anbauten, mit denen sich die ohnehin beeindruckende Flexibilit\u00e4t und Leistungsf\u00e4higkeit der Tadano Krane weiter steigern l\u00e4sst.<\/p>\n","protected":false},"author":1,"featured_media":0,"parent":3607,"menu_order":0,"comment_status":"closed","ping_status":"closed","template":"","meta":{"_acf_changed":false,"footnotes":""},"acf":[],"yoast_head":"<!-- This site is optimized with the Yoast SEO plugin v22.3 - https:\/\/yoast.com\/wordpress\/plugins\/seo\/ -->\n<title>Krantechnik - DACH<\/title>\n<meta name=\"robots\" content=\"index, follow, max-snippet:-1, max-image-preview:large, max-video-preview:-1\" \/>\n<link rel=\"canonical\" href=\"https:\/\/www.tadano.com\/dach\/de\/technologie\/krantechnik\/\" \/>\n<meta property=\"og:locale\" content=\"de_DE\" \/>\n<meta property=\"og:type\" content=\"article\" \/>\n<meta property=\"og:title\" content=\"Krantechnik - DACH\" \/>\n<meta property=\"og:description\" content=\"Technologien durchsuchen Systeme und Anbauten, mit denen sich die ohnehin beeindruckende Flexibilit\u00e4t und Leistungsf\u00e4higkeit der Tadano Krane weiter steigern l\u00e4sst.\" \/>\n<meta property=\"og:url\" content=\"https:\/\/www.tadano.com\/dach\/de\/technologie\/krantechnik\/\" \/>\n<meta property=\"og:site_name\" content=\"DACH\" \/>\n<meta property=\"article:modified_time\" content=\"2021-07-28T08:49:40+00:00\" \/>\n<meta name=\"twitter:card\" content=\"summary_large_image\" \/>\n<meta name=\"twitter:label1\" content=\"Gesch\u00e4tzte Lesezeit\" \/>\n\t<meta name=\"twitter:data1\" content=\"1\u00a0Minute\" \/>\n<script type=\"application\/ld+json\" class=\"yoast-schema-graph\">{\"@context\":\"https:\/\/schema.org\",\"@graph\":[{\"@type\":\"WebPage\",\"@id\":\"https:\/\/www.tadano.com\/dach\/de\/technologie\/krantechnik\/\",\"url\":\"https:\/\/www.tadano.com\/dach\/de\/technologie\/krantechnik\/\",\"name\":\"Krantechnik - DACH\",\"isPartOf\":{\"@id\":\"https:\/\/www.tadano.com\/dach\/en\/#website\"},\"datePublished\":\"2021-07-02T07:12:51+00:00\",\"dateModified\":\"2021-07-28T08:49:40+00:00\",\"inLanguage\":\"de\",\"potentialAction\":[{\"@type\":\"ReadAction\",\"target\":[\"https:\/\/www.tadano.com\/dach\/de\/technologie\/krantechnik\/\"]}]},{\"@type\":\"WebSite\",\"@id\":\"https:\/\/www.tadano.com\/dach\/en\/#website\",\"url\":\"https:\/\/www.tadano.com\/dach\/en\/\",\"name\":\"DACH\",\"description\":\"Just another TADANO EUROPE site\",\"potentialAction\":[{\"@type\":\"SearchAction\",\"target\":{\"@type\":\"EntryPoint\",\"urlTemplate\":\"https:\/\/www.tadano.com\/dach\/en\/?s={search_term_string}\"},\"query-input\":\"required name=search_term_string\"}],\"inLanguage\":\"de\"}]}<\/script>\n<!-- \/ Yoast SEO plugin. -->","yoast_head_json":{"title":"Krantechnik - DACH","robots":{"index":"index","follow":"follow","max-snippet":"max-snippet:-1","max-image-preview":"max-image-preview:large","max-video-preview":"max-video-preview:-1"},"canonical":"https:\/\/www.tadano.com\/dach\/de\/technologie\/krantechnik\/","og_locale":"de_DE","og_type":"article","og_title":"Krantechnik - DACH","og_description":"Technologien durchsuchen Systeme und Anbauten, mit denen sich die ohnehin beeindruckende Flexibilit\u00e4t und Leistungsf\u00e4higkeit der Tadano Krane weiter steigern l\u00e4sst.","og_url":"https:\/\/www.tadano.com\/dach\/de\/technologie\/krantechnik\/","og_site_name":"DACH","article_modified_time":"2021-07-28T08:49:40+00:00","twitter_card":"summary_large_image","twitter_misc":{"Gesch\u00e4tzte Lesezeit":"1\u00a0Minute"},"schema":{"@context":"https:\/\/schema.org","@graph":[{"@type":"WebPage","@id":"https:\/\/www.tadano.com\/dach\/de\/technologie\/krantechnik\/","url":"https:\/\/www.tadano.com\/dach\/de\/technologie\/krantechnik\/","name":"Krantechnik - DACH","isPartOf":{"@id":"https:\/\/www.tadano.com\/dach\/en\/#website"},"datePublished":"2021-07-02T07:12:51+00:00","dateModified":"2021-07-28T08:49:40+00:00","inLanguage":"de","potentialAction":[{"@type":"ReadAction","target":["https:\/\/www.tadano.com\/dach\/de\/technologie\/krantechnik\/"]}]},{"@type":"WebSite","@id":"https:\/\/www.tadano.com\/dach\/en\/#website","url":"https:\/\/www.tadano.com\/dach\/en\/","name":"DACH","description":"Just another TADANO EUROPE site","potentialAction":[{"@type":"SearchAction","target":{"@type":"EntryPoint","urlTemplate":"https:\/\/www.tadano.com\/dach\/en\/?s={search_term_string}"},"query-input":"required name=search_term_string"}],"inLanguage":"de"}]}},"_links":{"self":[{"href":"https:\/\/www.tadano.com\/dach\/de\/wp-json\/wp\/v2\/pages\/3629"}],"collection":[{"href":"https:\/\/www.tadano.com\/dach\/de\/wp-json\/wp\/v2\/pages"}],"about":[{"href":"https:\/\/www.tadano.com\/dach\/de\/wp-json\/wp\/v2\/types\/page"}],"author":[{"embeddable":true,"href":"https:\/\/www.tadano.com\/dach\/de\/wp-json\/wp\/v2\/users\/1"}],"replies":[{"embeddable":true,"href":"https:\/\/www.tadano.com\/dach\/de\/wp-json\/wp\/v2\/comments?post=3629"}],"version-history":[{"count":2,"href":"https:\/\/www.tadano.com\/dach\/de\/wp-json\/wp\/v2\/pages\/3629\/revisions"}],"predecessor-version":[{"id":24851,"href":"https:\/\/www.tadano.com\/dach\/de\/wp-json\/wp\/v2\/pages\/3629\/revisions\/24851"}],"up":[{"embeddable":true,"href":"https:\/\/www.tadano.com\/dach\/de\/wp-json\/wp\/v2\/pages\/3607"}],"wp:attachment":[{"href":"https:\/\/www.tadano.com\/dach\/de\/wp-json\/wp\/v2\/media?parent=3629"}],"curies":[{"name":"wp","href":"https:\/\/api.w.org\/{rel}","templated":true}]}}