{"id":3631,"date":"2021-07-02T07:13:12","date_gmt":"2021-07-02T07:13:12","guid":{"rendered":"https:\/\/www.tadano.com\/dach\/technologie\/steuerungssysteme\/"},"modified":"2025-02-10T08:51:25","modified_gmt":"2025-02-10T08:51:25","slug":"steuerungssysteme","status":"publish","type":"page","link":"https:\/\/www.tadano.com\/dach\/de\/technologie\/steuerungssysteme\/","title":{"rendered":"Steuerungssysteme"},"content":{"rendered":"\n\n\n<section class=\"hero-section\">\n\n\t\n\t\n\t\n\t<div class=\"img-holder \">\n\t\t\t\t<div class=\"bg-stretch\" style=\"background-position: 50% 50%; \">\n\t\t\t<span data-srcset=\"https:\/\/assets.onetadano.com\/celum_assets\/hero\/Kabine_DSC_7738_metrisch.jpg, https:\/\/assets.onetadano.com\/celum_assets\/hero-2x\/Kabine_DSC_7738_metrisch.jpg 2x\"><\/span>\n\t\t<\/div>\n\t\t\t\t\t\t<div class=\"logo green-solutions\" style=\"display:none;\">\n\t\t\t<a href=\"#\"><img decoding=\"async\" src=\"https:\/\/www.tadano.com\/dach\/wp-content\/themes\/tadano\/assets\/dist\/images\/Green-Solutions_Logo_White.svg\"><\/a>\n\t\t<\/div>\n\t<\/div>\n\t<div class=\"container\">\n\t\t<div class=\"text-holder \">\n\t\t\t<div class=\"wrap\">\n\t\t\t\t\n\t\t\t\t<ul class=\"breadcrumbs\"><li><a href=\"https:\/\/www.tadano.com\/dach\/de\/\">Startseite<\/a><\/li><\/ul>\n\t\t\t\t\n\n<h1 class=\"wp-block-heading\">Steuerungs-systeme<\/h1>\n\n\n\n<p>Gesteigerte Vielseitigkeit und Flexibilit\u00e4t mithilfe einer dynamischen Tragf\u00e4higkeitsermittlung und der Einrichtung von Hubgrenzen, verschiedener asymmetrischer Abst\u00fctzungskonfigurationen, modernsten Entwicklungen zur Daten\u00fcberwachung und Fehlersuche und vieles mehr.<\/p>\n\n\n\n\t\t\t\t\n\t\t\t<\/div>\n\n\t\t\t\n\t\t\t\n\t\t\t\n\t\t<\/div>\n\t<\/div>\n<\/section>\n\n\n<div class=\"wp-block-group is-style-background-triangle-right has-white-color has-dark-blue-background-color has-text-color has-background is-layout-flow wp-block-group-is-layout-flow\"><div class=\"wp-block-group__inner-container\">\n<div class=\"wp-block-columns is-layout-flex wp-container-core-columns-layout-1 wp-block-columns-is-layout-flex\">\n<div class=\"wp-block-column is-layout-flow wp-block-column-is-layout-flow\" style=\"flex-basis:33.33%\">\n<h2 class=\"wp-block-heading\">Technologien durchsuchen<\/h2>\n\n\n\n<p>Erh\u00f6hen die Vielseitigkeit, Tragf\u00e4higkeit und Effizienz Ihres Kans durch erweiterte Einstellungen, Konfigurationen, \u00dcberwachungsfunktionen und Fehlerbehebungssysteme.<\/p>\n<\/div>\n\n\n\n<div class=\"wp-block-column is-layout-flow wp-block-column-is-layout-flow\" style=\"flex-basis:66.66%\">\n\n<div class=\"links-block-wrapper\">\n  <div class=\"container\">\n    <section class=\"links-block\">\n\n\n              <div class=\"links-block\">\n                      \n\n            <div class=\"link-single\">\n                              <a href=\"https:\/\/www.tadano.com\/dach\/de\/technologies\/aml-e\/\">\n                                                      <strong class='title'>AML-E<\/strong>\n                                                        <p>Die neuesten Entwicklungen bei Steuerung und \u00dcberwachung mit erweiterten Funktionen zur Lieferung wichtiger Daten, Einstellung der Hubgrenzen, zur einfachen St\u00f6rungsbehebung und vieles mehr.<\/p>\n                                  <\/a>\n              <\/div>\n\n                          \n\n            <div class=\"link-single\">\n                              <a href=\"https:\/\/www.tadano.com\/dach\/de\/technologies\/aml-f\/\">\n                                                      <strong class='title'>AML-F<\/strong>\n                                                        <p>Das AML-F Steuerungssystem ist die aktuellste Steuerungsversion f\u00fcr Tadano All-Terrain Krane, LKW-Aufbaukrane und Teleskop-Raupenkrane. <\/p>\n                                  <\/a>\n              <\/div>\n\n                          \n\n            <div class=\"link-single\">\n                              <a href=\"https:\/\/www.tadano.com\/dach\/de\/technologies\/ic-1-fur-cc-krane\/\">\n                                                      <strong class='title'>IC-1 f\u00fcr CC-Krane<\/strong>\n                                                        <p>Steigern Sie die Effizienz Ihrer Gittermast-Raupenkrane mit intuitiven Steuerungen f\u00fcr Aufbau, Bedienung und Wartung.<\/p>\n                                  <\/a>\n              <\/div>\n\n                          \n\n            <div class=\"link-single\">\n                              <a href=\"https:\/\/www.tadano.com\/dach\/de\/technologies\/ic-1-plus\/\">\n                                                      <strong class='title'>IC-1 Plus<\/strong>\n                                                        <p>Erh\u00f6hte Flexibilit\u00e4t mittels dynamischer Tragf\u00e4higkeitsermittlung, mehrere asymmetrische Abst\u00fctzungs-Konfigurationen bei begrenztem Platz. Weniger Gegengewicht bedeutet geringere Transportkosten.<\/p>\n                                  <\/a>\n              <\/div>\n\n                        <\/div>\n          \n        \n      <\/section>\n    <\/div>\n  <\/div><\/div>\n<\/div>\n<\/div><\/div>\n\n\n\n    <section class=\"news-section\">\n\n    <div class=\"container\">\n      <div class=\"text-block\">\n        <h2>News<\/h2>\n                        \n                  <a href=\"https:\/\/www.tadano.com\/dach\/de\/ueber-uns\/news-list\/\" class=\"link-more\">Alle News<\/a>\n        \n\n                <div class=\"controls\">\n          <svg width=\"14\" height=\"31\" viewBox=\"0 0 14 31\" fill=\"none\" xmlns=\"http:\/\/www.w3.org\/2000\/svg\">\n           <path d=\"M13 1L1 15.5L13 30\" stroke=\"#fff\"\/>\n          <\/svg>\n          <svg width=\"15\" height=\"31\" viewBox=\"0 0 15 31\" fill=\"none\" xmlns=\"http:\/\/www.w3.org\/2000\/svg\">\n           <path d=\"M1 1L14 15.5L1 30\" stroke=\"#fff\"\/>\n          <\/svg>\n        <\/div>\n        \n\n        \n      <\/div>\n      <div class=\"slick-slider simple-slider\">\n                              <div>\n              <div class=\"news-single\">\n                <a href=\"https:\/\/www.tadano.com\/dach\/de\/news\/ac-7-450-fuer-wiesbauer\/\">\n                  <strong class=\"title\">AC 7.450-1 f\u00fcr Wiesbauer<\/strong>\n                  <ul class=\"meta\">\n                    <li>Ver\u00f6ffentlichung<\/li>\n                    <li><time datetime=\"2020-01-01\">Apr.\/13\/2026<\/time><\/li>\n                  <\/ul>\n                <\/a>\n              <\/div>\n            <\/div>\n                      <div>\n              <div class=\"news-single\">\n                <a href=\"https:\/\/www.tadano.com\/dach\/de\/news\/zwei-ac-fuer-talleres-y-gruas-estacion\/\">\n                  <strong class=\"title\">Zwei AC f\u00fcr Talleres y Gr\u00faas Estaci\u00f3n<\/strong>\n                  <ul class=\"meta\">\n                    <li>Ver\u00f6ffentlichung<\/li>\n                    <li><time datetime=\"2020-01-01\">Apr.\/02\/2026<\/time><\/li>\n                  <\/ul>\n                <\/a>\n              <\/div>\n            <\/div>\n                      <div>\n              <div class=\"news-single\">\n                <a href=\"https:\/\/www.tadano.com\/dach\/de\/news\/heytadano-upgrades\/\">\n                  <strong class=\"title\">heyTadano Upgrades<\/strong>\n                  <ul class=\"meta\">\n                    <li>Ver\u00f6ffentlichung<\/li>\n                    <li><time datetime=\"2020-01-01\">M\u00e4rz\/26\/2026<\/time><\/li>\n                  <\/ul>\n                <\/a>\n              <\/div>\n            <\/div>\n                      <div>\n              <div class=\"news-single\">\n                <a href=\"https:\/\/www.tadano.com\/dach\/de\/news\/vier-tadano-krane-fuer-steil\/\">\n                  <strong class=\"title\">Vier Tadano Krane f\u00fcr Steil<\/strong>\n                  <ul class=\"meta\">\n                    <li>Ver\u00f6ffentlichung<\/li>\n                    <li><time datetime=\"2020-01-01\">M\u00e4rz\/17\/2026<\/time><\/li>\n                  <\/ul>\n                <\/a>\n              <\/div>\n            <\/div>\n                      <div>\n              <div class=\"news-single\">\n                <a href=\"https:\/\/www.tadano.com\/dach\/de\/news\/adekma-uebernimmt-ac-7-450-1\/\">\n                  <strong class=\"title\">ADEKMA \u00fcbernimmt AC 7.450-1<\/strong>\n                  <ul class=\"meta\">\n                    <li>Ver\u00f6ffentlichung<\/li>\n                    <li><time datetime=\"2020-01-01\">Feb.\/24\/2026<\/time><\/li>\n                  <\/ul>\n                <\/a>\n              <\/div>\n            <\/div>\n                      <div>\n              <div class=\"news-single\">\n                <a href=\"https:\/\/www.tadano.com\/dach\/de\/news\/tadano-feiert-richtfest-fur-neues-europaisches-ersatzteilzentrum-in-lauf\/\">\n                  <strong class=\"title\">Tadano feiert Richtfest f\u00fcr neues europ\u00e4isches Ersatzteilzentrum in Lauf<\/strong>\n                  <ul class=\"meta\">\n                    <li>Ver\u00f6ffentlichung<\/li>\n                    <li><time datetime=\"2020-01-01\">Feb.\/10\/2026<\/time><\/li>\n                  <\/ul>\n                <\/a>\n              <\/div>\n            <\/div>\n                      <div>\n              <div class=\"news-single\">\n                <a href=\"https:\/\/www.tadano.com\/dach\/de\/news\/akm-uebernimmt-ac-7-450-1\/\">\n                  <strong class=\"title\">AKM \u00fcbernimmt AC 7.450-1<\/strong>\n                  <ul class=\"meta\">\n                    <li>Ver\u00f6ffentlichung<\/li>\n                    <li><time datetime=\"2020-01-01\">Jan.\/30\/2026<\/time><\/li>\n                  <\/ul>\n                <\/a>\n              <\/div>\n            <\/div>\n                      <div>\n              <div class=\"news-single\">\n                <a href=\"https:\/\/www.tadano.com\/dach\/de\/news\/autokrane-schares-baut-city-kran-flotte-mit-neuem-tadano-ac-3-045-1-city-aus\/\">\n                  <strong class=\"title\">Autokrane Schares baut City-Kran-Flotte mit neuem Tadano AC 3.045-1 City aus<\/strong>\n                  <ul class=\"meta\">\n                    <li>Ver\u00f6ffentlichung<\/li>\n                    <li><time datetime=\"2020-01-01\">Dez.\/17\/2025<\/time><\/li>\n                  <\/ul>\n                <\/a>\n              <\/div>\n            <\/div>\n                      <div>\n              <div class=\"news-single\">\n                <a href=\"https:\/\/www.tadano.com\/dach\/de\/news\/allen-crane-hire-uebernimmt-tadano-ac-4-100l-1-all-terrain-kran\/\">\n                  <strong class=\"title\">Allen Crane Hire \u00fcbernimmt Tadano AC 4.100L-1 All-Terrain Kran<\/strong>\n                  <ul class=\"meta\">\n                    <li>Ver\u00f6ffentlichung<\/li>\n                    <li><time datetime=\"2020-01-01\">Dez.\/05\/2025<\/time><\/li>\n                  <\/ul>\n                <\/a>\n              <\/div>\n            <\/div>\n                      <div>\n              <div class=\"news-single\">\n                <a href=\"https:\/\/www.tadano.com\/dach\/de\/news\/sarens-ebnet-kraftwerksschornstein-mit-tadano-cc-38-650-1\/\">\n                  <strong class=\"title\">Sarens ebnet Kraftwerksschornstein mit Tadano CC 38.650-1<\/strong>\n                  <ul class=\"meta\">\n                    <li>Ver\u00f6ffentlichung<\/li>\n                    <li><time datetime=\"2020-01-01\">Nov.\/19\/2025<\/time><\/li>\n                  <\/ul>\n                <\/a>\n              <\/div>\n            <\/div>\n                        <\/div>\n    <\/div>\n  <\/section>\n  \n\n\n<p><\/p>\n","protected":false},"excerpt":{"rendered":"<p>Technologien durchsuchen Erh\u00f6hen die Vielseitigkeit, Tragf\u00e4higkeit und Effizienz Ihres Kans durch erweiterte Einstellungen, Konfigurationen, \u00dcberwachungsfunktionen und Fehlerbehebungssysteme.<\/p>\n","protected":false},"author":1,"featured_media":0,"parent":3607,"menu_order":0,"comment_status":"closed","ping_status":"closed","template":"","meta":{"_acf_changed":false,"footnotes":""},"acf":[],"yoast_head":"<!-- This site is optimized with the Yoast SEO plugin v22.3 - https:\/\/yoast.com\/wordpress\/plugins\/seo\/ -->\n<title>Steuerungssysteme - DACH<\/title>\n<meta name=\"robots\" content=\"index, follow, max-snippet:-1, max-image-preview:large, max-video-preview:-1\" \/>\n<link rel=\"canonical\" href=\"https:\/\/www.tadano.com\/dach\/de\/technologie\/steuerungssysteme\/\" \/>\n<meta property=\"og:locale\" content=\"de_DE\" \/>\n<meta property=\"og:type\" content=\"article\" \/>\n<meta property=\"og:title\" content=\"Steuerungssysteme - DACH\" \/>\n<meta property=\"og:description\" content=\"Technologien durchsuchen Erh\u00f6hen die Vielseitigkeit, Tragf\u00e4higkeit und Effizienz Ihres Kans durch erweiterte Einstellungen, Konfigurationen, \u00dcberwachungsfunktionen und Fehlerbehebungssysteme.\" \/>\n<meta property=\"og:url\" content=\"https:\/\/www.tadano.com\/dach\/de\/technologie\/steuerungssysteme\/\" \/>\n<meta property=\"og:site_name\" content=\"DACH\" \/>\n<meta property=\"article:modified_time\" content=\"2025-02-10T08:51:25+00:00\" \/>\n<meta name=\"twitter:card\" content=\"summary_large_image\" \/>\n<meta name=\"twitter:label1\" content=\"Gesch\u00e4tzte Lesezeit\" \/>\n\t<meta name=\"twitter:data1\" content=\"1\u00a0Minute\" \/>\n<script type=\"application\/ld+json\" class=\"yoast-schema-graph\">{\"@context\":\"https:\/\/schema.org\",\"@graph\":[{\"@type\":\"WebPage\",\"@id\":\"https:\/\/www.tadano.com\/dach\/de\/technologie\/steuerungssysteme\/\",\"url\":\"https:\/\/www.tadano.com\/dach\/de\/technologie\/steuerungssysteme\/\",\"name\":\"Steuerungssysteme - DACH\",\"isPartOf\":{\"@id\":\"https:\/\/www.tadano.com\/dach\/en\/#website\"},\"datePublished\":\"2021-07-02T07:13:12+00:00\",\"dateModified\":\"2025-02-10T08:51:25+00:00\",\"inLanguage\":\"de\",\"potentialAction\":[{\"@type\":\"ReadAction\",\"target\":[\"https:\/\/www.tadano.com\/dach\/de\/technologie\/steuerungssysteme\/\"]}]},{\"@type\":\"WebSite\",\"@id\":\"https:\/\/www.tadano.com\/dach\/en\/#website\",\"url\":\"https:\/\/www.tadano.com\/dach\/en\/\",\"name\":\"DACH\",\"description\":\"Just another TADANO EUROPE site\",\"potentialAction\":[{\"@type\":\"SearchAction\",\"target\":{\"@type\":\"EntryPoint\",\"urlTemplate\":\"https:\/\/www.tadano.com\/dach\/en\/?s={search_term_string}\"},\"query-input\":\"required name=search_term_string\"}],\"inLanguage\":\"de\"}]}<\/script>\n<!-- \/ Yoast SEO plugin. -->","yoast_head_json":{"title":"Steuerungssysteme - DACH","robots":{"index":"index","follow":"follow","max-snippet":"max-snippet:-1","max-image-preview":"max-image-preview:large","max-video-preview":"max-video-preview:-1"},"canonical":"https:\/\/www.tadano.com\/dach\/de\/technologie\/steuerungssysteme\/","og_locale":"de_DE","og_type":"article","og_title":"Steuerungssysteme - DACH","og_description":"Technologien durchsuchen Erh\u00f6hen die Vielseitigkeit, Tragf\u00e4higkeit und Effizienz Ihres Kans durch erweiterte Einstellungen, Konfigurationen, \u00dcberwachungsfunktionen und Fehlerbehebungssysteme.","og_url":"https:\/\/www.tadano.com\/dach\/de\/technologie\/steuerungssysteme\/","og_site_name":"DACH","article_modified_time":"2025-02-10T08:51:25+00:00","twitter_card":"summary_large_image","twitter_misc":{"Gesch\u00e4tzte Lesezeit":"1\u00a0Minute"},"schema":{"@context":"https:\/\/schema.org","@graph":[{"@type":"WebPage","@id":"https:\/\/www.tadano.com\/dach\/de\/technologie\/steuerungssysteme\/","url":"https:\/\/www.tadano.com\/dach\/de\/technologie\/steuerungssysteme\/","name":"Steuerungssysteme - DACH","isPartOf":{"@id":"https:\/\/www.tadano.com\/dach\/en\/#website"},"datePublished":"2021-07-02T07:13:12+00:00","dateModified":"2025-02-10T08:51:25+00:00","inLanguage":"de","potentialAction":[{"@type":"ReadAction","target":["https:\/\/www.tadano.com\/dach\/de\/technologie\/steuerungssysteme\/"]}]},{"@type":"WebSite","@id":"https:\/\/www.tadano.com\/dach\/en\/#website","url":"https:\/\/www.tadano.com\/dach\/en\/","name":"DACH","description":"Just another TADANO EUROPE site","potentialAction":[{"@type":"SearchAction","target":{"@type":"EntryPoint","urlTemplate":"https:\/\/www.tadano.com\/dach\/en\/?s={search_term_string}"},"query-input":"required name=search_term_string"}],"inLanguage":"de"}]}},"_links":{"self":[{"href":"https:\/\/www.tadano.com\/dach\/de\/wp-json\/wp\/v2\/pages\/3631"}],"collection":[{"href":"https:\/\/www.tadano.com\/dach\/de\/wp-json\/wp\/v2\/pages"}],"about":[{"href":"https:\/\/www.tadano.com\/dach\/de\/wp-json\/wp\/v2\/types\/page"}],"author":[{"embeddable":true,"href":"https:\/\/www.tadano.com\/dach\/de\/wp-json\/wp\/v2\/users\/1"}],"replies":[{"embeddable":true,"href":"https:\/\/www.tadano.com\/dach\/de\/wp-json\/wp\/v2\/comments?post=3631"}],"version-history":[{"count":3,"href":"https:\/\/www.tadano.com\/dach\/de\/wp-json\/wp\/v2\/pages\/3631\/revisions"}],"predecessor-version":[{"id":32663,"href":"https:\/\/www.tadano.com\/dach\/de\/wp-json\/wp\/v2\/pages\/3631\/revisions\/32663"}],"up":[{"embeddable":true,"href":"https:\/\/www.tadano.com\/dach\/de\/wp-json\/wp\/v2\/pages\/3607"}],"wp:attachment":[{"href":"https:\/\/www.tadano.com\/dach\/de\/wp-json\/wp\/v2\/media?parent=3631"}],"curies":[{"name":"wp","href":"https:\/\/api.w.org\/{rel}","templated":true}]}}