{"id":3663,"date":"2021-05-19T14:23:30","date_gmt":"2021-05-19T14:23:30","guid":{"rendered":"https:\/\/www.tadano.com\/dach\/ueber-uns\/supply-chain\/cartright\/"},"modified":"2024-03-18T10:50:22","modified_gmt":"2024-03-18T10:50:22","slug":"supplier-portal","status":"publish","type":"page","link":"https:\/\/www.tadano.com\/dach\/de\/ueber-uns\/supply-chain\/supplier-portal\/","title":{"rendered":"Lieferantenportal"},"content":{"rendered":"\n\n\n<section class=\"hero-section-alt2\">\n\n\t\n\t\t\t<style type=\"text\/css\">\n\t\t\t.hero-section .img-holder:before {\n\t\t\t\tdisplay: none;\n\t\t\t}\n\t\t<\/style>\n\t\n\t\n\t<div class=\"img-holder \">\n\t\t\t\t<div class=\"bg-stretch\" style=\"background-position: 50% 50%; \">\n\t\t\t<span data-srcset=\"https:\/\/www.tadano.com\/dach\/wp-content\/uploads\/sites\/9\/2021\/08\/Monitor-TomTom-und-Smartphone-1200x725.png, https:\/\/www.tadano.com\/dach\/wp-content\/uploads\/sites\/9\/2021\/08\/Monitor-TomTom-und-Smartphone.png 2x\"><\/span>\n\t\t<\/div>\n\t\t\t\t\t\t<div class=\"logo green-solutions\" style=\"display:none;\">\n\t\t\t<a href=\"#\"><img decoding=\"async\" src=\"https:\/\/www.tadano.com\/dach\/wp-content\/themes\/tadano\/assets\/dist\/images\/Green-Solutions_Logo_White.svg\"><\/a>\n\t\t<\/div>\n\t<\/div>\n\t<div class=\"container\">\n\t\t<div class=\"text-holder \">\n\t\t\t<div class=\"wrap\">\n\t\t\t\t\n\t\t\t\t<ul class=\"breadcrumbs\"><li><a href=\"https:\/\/www.tadano.com\/dach\/de\/\">Startseite<\/a><\/li><\/ul>\n\t\t\t\t\n\n<h1 class=\"wp-block-heading\">Lieferantenportal<\/h1>\n\n\n\n<p>Die logistischen Herausforderungen vernetzter Zulieferer und Bezieher von Waren werden angesichts weltweiter Beschaffungsm\u00e4rkte immer gr\u00f6\u00dfer.<\/p>\n\n\n\n<div class=\"wp-block-buttons is-layout-flex wp-block-buttons-is-layout-flex\">\n<div class=\"wp-block-button\"><a class=\"wp-block-button__link wp-element-button\" href=\"https:\/\/supplier-logistics.global.www.tadano.com\" target=\"_blank\" rel=\"noreferrer noopener\">zugang Lieferantenportal<\/a><\/div>\n\n\n\n<div class=\"wp-block-button\"><a class=\"wp-block-button__link wp-element-button\" href=\"https:\/\/www.tadano.com\/dach\/de\/lieferanten-formular\/\">Jetzt registrieren<\/a><\/div>\n<\/div>\n\n\n\n\t\t\t\t\n\t\t\t<\/div>\n\n\t\t\t\n\t\t\t\n\t\t\t\n\t\t<\/div>\n\t<\/div>\n<\/section>\n\n\n<div class=\"wp-block-group is-style-background-white is-layout-flow wp-block-group-is-layout-flow\"><div class=\"wp-block-group__inner-container\">\n<h2 class=\"wp-block-heading\">Was ist DAS Lieferantenportal?<\/h2>\n\n\n\n<p>Das Tadano Lieferantenportal ist eine webbasierte Software-Plattform, mit der sich Einkaufs- und Logistikprozesse schneller, transparenter sowie effizienter gestalten. Erreicht wird dies, indem s\u00e4mtliche relevanten Transportdaten sowohl den Tadano Produktionswerken als auch den Zulieferern und Spediteuren \u00fcber eine standardisierte, einheitliche Schnittstelle bereitgestellt werden. Zulieferer k\u00f6nnen das Lieferantenportal als Mitteilungstool nutzen, um ihre Sendungen beim Speditionsunternehmen anzumelden. Dies erm\u00f6glicht eine enge Vernetzung mit den Partnern entlang der Lieferkette, um einen zuverl\u00e4ssigen Informationsaustausch sowie eine erfolgreiche und dauerhafte Zusammenarbeit zu gew\u00e4hrleisten.<\/p>\n<\/div><\/div>\n\n\n\n<div class=\"wp-block-group is-style-background-cyan is-layout-flow wp-block-group-is-layout-flow\"><div class=\"wp-block-group__inner-container\">\n<p><strong>Welche Vorteile bietet das Lieferantenportal f\u00fcr Sie?<\/strong><\/p>\n\n\n\n<div class=\"wp-block-columns is-layout-flex wp-container-core-columns-layout-1 wp-block-columns-is-layout-flex\">\n<div class=\"wp-block-column is-layout-flow wp-block-column-is-layout-flow\" style=\"flex-basis:66.66%\">\n<ul>\n<li>Kommunikation \u00fcber eine zentrale Plattform mit den verschiedenen Werken der Tadano Gruppe<\/li>\n\n\n\n<li>H\u00f6here Transparenz zum aktuellen Status von offenen und f\u00e4lligen Auftr\u00e4gen<\/li>\n\n\n\n<li>Automatisierte Mitteilungen an unsere Haus-Spedition APL<\/li>\n\n\n\n<li>Zentrale Dokumentation der Soll- und Ist-Mengen<\/li>\n\n\n\n<li>Schnellere und transparentere Leergut-Handhabung mittels integrierter Leergutverwaltung<\/li>\n\n\n\n<li>Integriertes Retouren-Management<\/li>\n<\/ul>\n<\/div>\n<\/div>\n<\/div><\/div>\n\n\n\n<div class=\"wp-block-group is-style-background-white is-layout-flow wp-block-group-is-layout-flow\"><div class=\"wp-block-group__inner-container\">\n<h2 class=\"wp-block-heading\">Versteht sich das Lieferantenportal mit Ihrem ERP-System?<\/h2>\n\n\n\n<p>Die Echtzeit-Daten\u00fcbertragung vereinfacht die software- und plattform-\u00fcbergreifende Kommunikation. Es l\u00e4sst sich direkt an Ihr ERP-System anbinden, sodass Sie alle notwendigen Daten des Bestellverfahrens verwalten k\u00f6nnen, w\u00e4hrend der zeitaufw\u00e4ndige Mitteilungsprozess entf\u00e4llt. Die intuitive, webbasierte Bedienoberfl\u00e4che erlaubt bei Bedarf eine einfache manuelle Bedienung, wenngleich viele der Prozesse zur Zeit- und Kostenreduzierung automatisiert werden k\u00f6nnen. Wichtige Dokumente lassen sich direkt importieren, sodass unn\u00f6tiges Papier entf\u00e4llt. Dies entlastet Ihren Verwaltungsaufwand \u2013 und die Umwelt. <strong>Die Sicherheit Ihrer Daten geht uns alle an; daher genie\u00dft der Datenschutz bei der Nutzung h\u00f6chste Priorit\u00e4t.<\/strong><\/p>\n\n\n\n<h2 class=\"wp-block-heading\">Wer kann das Lieferantenportal nutzen?<\/h2>\n\n\n\n<p>Um sich als Zulieferer anmelden zu k\u00f6nnen, ben\u00f6tigen Sie lediglich eine bestehende Gesch\u00e4ftsverbindung mit Tadano. <\/p>\n\n\n\n<div class=\"wp-block-buttons is-layout-flex wp-block-buttons-is-layout-flex\">\n<div class=\"wp-block-button\"><a class=\"wp-block-button__link wp-element-button\" href=\"https:\/\/supplier-logistics.global.www.tadano.com\" target=\"_blank\" rel=\"noreferrer noopener\">ZUgang <strong>Lieferantenportal<\/strong> <\/a><\/div>\n<\/div>\n<\/div><\/div>\n","protected":false},"excerpt":{"rendered":"<p>Was ist DAS Lieferantenportal? Das Tadano Lieferantenportal ist eine webbasierte Software-Plattform, mit der sich Einkaufs- und Logistikprozesse schneller, transparenter sowie effizienter gestalten. Erreicht wird dies, indem s\u00e4mtliche relevanten Transportdaten sowohl den Tadano Produktionswerken als auch den Zulieferern und Spediteuren \u00fcber eine standardisierte, einheitliche Schnittstelle bereitgestellt werden. Zulieferer k\u00f6nnen das Lieferantenportal als Mitteilungstool nutzen, um ihre [&hellip;]<\/p>\n","protected":false},"author":1,"featured_media":0,"parent":3643,"menu_order":0,"comment_status":"closed","ping_status":"closed","template":"","meta":{"_acf_changed":false,"footnotes":""},"acf":[],"yoast_head":"<!-- This site is optimized with the Yoast SEO plugin v22.3 - https:\/\/yoast.com\/wordpress\/plugins\/seo\/ -->\n<title>Lieferantenportal - DACH<\/title>\n<meta name=\"robots\" content=\"index, follow, max-snippet:-1, max-image-preview:large, max-video-preview:-1\" \/>\n<link rel=\"canonical\" href=\"https:\/\/www.tadano.com\/dach\/de\/ueber-uns\/supply-chain\/supplier-portal\/\" \/>\n<meta property=\"og:locale\" content=\"de_DE\" \/>\n<meta property=\"og:type\" content=\"article\" \/>\n<meta property=\"og:title\" content=\"Lieferantenportal - DACH\" \/>\n<meta property=\"og:description\" content=\"Was ist DAS Lieferantenportal? Das Tadano Lieferantenportal ist eine webbasierte Software-Plattform, mit der sich Einkaufs- und Logistikprozesse schneller, transparenter sowie effizienter gestalten. Erreicht wird dies, indem s\u00e4mtliche relevanten Transportdaten sowohl den Tadano Produktionswerken als auch den Zulieferern und Spediteuren \u00fcber eine standardisierte, einheitliche Schnittstelle bereitgestellt werden. Zulieferer k\u00f6nnen das Lieferantenportal als Mitteilungstool nutzen, um ihre [&hellip;]\" \/>\n<meta property=\"og:url\" content=\"https:\/\/www.tadano.com\/dach\/de\/ueber-uns\/supply-chain\/supplier-portal\/\" \/>\n<meta property=\"og:site_name\" content=\"DACH\" \/>\n<meta property=\"article:modified_time\" content=\"2024-03-18T10:50:22+00:00\" \/>\n<meta name=\"twitter:card\" content=\"summary_large_image\" \/>\n<meta name=\"twitter:label1\" content=\"Gesch\u00e4tzte Lesezeit\" \/>\n\t<meta name=\"twitter:data1\" content=\"2\u00a0Minuten\" \/>\n<script type=\"application\/ld+json\" class=\"yoast-schema-graph\">{\"@context\":\"https:\/\/schema.org\",\"@graph\":[{\"@type\":\"WebPage\",\"@id\":\"https:\/\/www.tadano.com\/dach\/de\/ueber-uns\/supply-chain\/supplier-portal\/\",\"url\":\"https:\/\/www.tadano.com\/dach\/de\/ueber-uns\/supply-chain\/supplier-portal\/\",\"name\":\"Lieferantenportal - DACH\",\"isPartOf\":{\"@id\":\"https:\/\/www.tadano.com\/dach\/en\/#website\"},\"datePublished\":\"2021-05-19T14:23:30+00:00\",\"dateModified\":\"2024-03-18T10:50:22+00:00\",\"inLanguage\":\"de\",\"potentialAction\":[{\"@type\":\"ReadAction\",\"target\":[\"https:\/\/www.tadano.com\/dach\/de\/ueber-uns\/supply-chain\/supplier-portal\/\"]}]},{\"@type\":\"WebSite\",\"@id\":\"https:\/\/www.tadano.com\/dach\/en\/#website\",\"url\":\"https:\/\/www.tadano.com\/dach\/en\/\",\"name\":\"DACH\",\"description\":\"Just another TADANO EUROPE site\",\"potentialAction\":[{\"@type\":\"SearchAction\",\"target\":{\"@type\":\"EntryPoint\",\"urlTemplate\":\"https:\/\/www.tadano.com\/dach\/en\/?s={search_term_string}\"},\"query-input\":\"required name=search_term_string\"}],\"inLanguage\":\"de\"}]}<\/script>\n<!-- \/ Yoast SEO plugin. -->","yoast_head_json":{"title":"Lieferantenportal - DACH","robots":{"index":"index","follow":"follow","max-snippet":"max-snippet:-1","max-image-preview":"max-image-preview:large","max-video-preview":"max-video-preview:-1"},"canonical":"https:\/\/www.tadano.com\/dach\/de\/ueber-uns\/supply-chain\/supplier-portal\/","og_locale":"de_DE","og_type":"article","og_title":"Lieferantenportal - DACH","og_description":"Was ist DAS Lieferantenportal? Das Tadano Lieferantenportal ist eine webbasierte Software-Plattform, mit der sich Einkaufs- und Logistikprozesse schneller, transparenter sowie effizienter gestalten. Erreicht wird dies, indem s\u00e4mtliche relevanten Transportdaten sowohl den Tadano Produktionswerken als auch den Zulieferern und Spediteuren \u00fcber eine standardisierte, einheitliche Schnittstelle bereitgestellt werden. Zulieferer k\u00f6nnen das Lieferantenportal als Mitteilungstool nutzen, um ihre [&hellip;]","og_url":"https:\/\/www.tadano.com\/dach\/de\/ueber-uns\/supply-chain\/supplier-portal\/","og_site_name":"DACH","article_modified_time":"2024-03-18T10:50:22+00:00","twitter_card":"summary_large_image","twitter_misc":{"Gesch\u00e4tzte Lesezeit":"2\u00a0Minuten"},"schema":{"@context":"https:\/\/schema.org","@graph":[{"@type":"WebPage","@id":"https:\/\/www.tadano.com\/dach\/de\/ueber-uns\/supply-chain\/supplier-portal\/","url":"https:\/\/www.tadano.com\/dach\/de\/ueber-uns\/supply-chain\/supplier-portal\/","name":"Lieferantenportal - DACH","isPartOf":{"@id":"https:\/\/www.tadano.com\/dach\/en\/#website"},"datePublished":"2021-05-19T14:23:30+00:00","dateModified":"2024-03-18T10:50:22+00:00","inLanguage":"de","potentialAction":[{"@type":"ReadAction","target":["https:\/\/www.tadano.com\/dach\/de\/ueber-uns\/supply-chain\/supplier-portal\/"]}]},{"@type":"WebSite","@id":"https:\/\/www.tadano.com\/dach\/en\/#website","url":"https:\/\/www.tadano.com\/dach\/en\/","name":"DACH","description":"Just another TADANO EUROPE site","potentialAction":[{"@type":"SearchAction","target":{"@type":"EntryPoint","urlTemplate":"https:\/\/www.tadano.com\/dach\/en\/?s={search_term_string}"},"query-input":"required name=search_term_string"}],"inLanguage":"de"}]}},"_links":{"self":[{"href":"https:\/\/www.tadano.com\/dach\/de\/wp-json\/wp\/v2\/pages\/3663"}],"collection":[{"href":"https:\/\/www.tadano.com\/dach\/de\/wp-json\/wp\/v2\/pages"}],"about":[{"href":"https:\/\/www.tadano.com\/dach\/de\/wp-json\/wp\/v2\/types\/page"}],"author":[{"embeddable":true,"href":"https:\/\/www.tadano.com\/dach\/de\/wp-json\/wp\/v2\/users\/1"}],"replies":[{"embeddable":true,"href":"https:\/\/www.tadano.com\/dach\/de\/wp-json\/wp\/v2\/comments?post=3663"}],"version-history":[{"count":5,"href":"https:\/\/www.tadano.com\/dach\/de\/wp-json\/wp\/v2\/pages\/3663\/revisions"}],"predecessor-version":[{"id":25290,"href":"https:\/\/www.tadano.com\/dach\/de\/wp-json\/wp\/v2\/pages\/3663\/revisions\/25290"}],"up":[{"embeddable":true,"href":"https:\/\/www.tadano.com\/dach\/de\/wp-json\/wp\/v2\/pages\/3643"}],"wp:attachment":[{"href":"https:\/\/www.tadano.com\/dach\/de\/wp-json\/wp\/v2\/media?parent=3663"}],"curies":[{"name":"wp","href":"https:\/\/api.w.org\/{rel}","templated":true}]}}