{"id":3687,"date":"2021-05-26T11:15:40","date_gmt":"2021-05-26T11:15:40","guid":{"rendered":"https:\/\/www.tadano.com\/dach\/ueber-uns\/supply-chain\/erwartungen-an-unsere-zulieferer\/"},"modified":"2021-07-28T09:06:45","modified_gmt":"2021-07-28T09:06:45","slug":"erwartungen-an-unsere-zulieferer","status":"publish","type":"page","link":"https:\/\/www.tadano.com\/dach\/de\/ueber-uns\/supply-chain\/erwartungen-an-unsere-zulieferer\/","title":{"rendered":"Erwartungen an unsere Zulieferer"},"content":{"rendered":"\n\n\n<section class=\"hero-section-alt2\">\n\n\t\n\t\t\t<style type=\"text\/css\">\n\t\t\t.hero-section .img-holder:before {\n\t\t\t\tdisplay: none;\n\t\t\t}\n\t\t<\/style>\n\t\n\t\n\t<div class=\"img-holder \">\n\t\t\t\t<div class=\"bg-stretch\" style=\"background-position: 50% 50%; \">\n\t\t\t<span data-srcset=\"https:\/\/assets.onetadano.com\/celum_assets\/hero\/DEMAG-Karriere_Feb2020-6.jpg, https:\/\/assets.onetadano.com\/celum_assets\/hero-2x\/DEMAG-Karriere_Feb2020-6.jpg 2x\"><\/span>\n\t\t<\/div>\n\t\t\t\t\t\t<div class=\"logo green-solutions\" style=\"display:none;\">\n\t\t\t<a href=\"#\"><img decoding=\"async\" src=\"https:\/\/www.tadano.com\/dach\/wp-content\/themes\/tadano\/assets\/dist\/images\/Green-Solutions_Logo_White.svg\"><\/a>\n\t\t<\/div>\n\t<\/div>\n\t<div class=\"container\">\n\t\t<div class=\"text-holder \">\n\t\t\t<div class=\"wrap\">\n\t\t\t\t\n\t\t\t\t<ul class=\"breadcrumbs\"><li><a href=\"https:\/\/www.tadano.com\/dach\/de\/\">Startseite<\/a><\/li><\/ul>\n\t\t\t\t\n\n<h1 class=\"wp-block-heading\">Erwartungen an unsere Zulieferer<\/h1>\n\n\n\n<p>Erwartungen an Zulieferer der Tadano Europa Gruppe.<\/p>\n\n\n\n\t\t\t\t\n\t\t\t<\/div>\n\n\t\t\t\n\t\t\t\n\t\t\t\n\t\t<\/div>\n\t<\/div>\n<\/section>\n\n\n<div class=\"wp-block-group\"><div class=\"wp-block-group__inner-container is-layout-flow wp-block-group-is-layout-flow\">\n<ul><li><strong>Innovative Produkte in herausragender Qualit\u00e4t<\/strong><\/li><li><strong>Faire, transparente Transaktionen mit hoher Liefertreue<\/strong><\/li><li><strong>Zuverl\u00e4ssige Lieferung<\/strong><\/li><li><strong>G\u00fcnstige Preisgestaltung bei hoher Systemkompetenz<\/strong><\/li><li><strong>Langfristige Zusammenarbeit mit kontinuierlichen Verbesserungen und Effizienzsteigerungen<\/strong><\/li><\/ul>\n<\/div><\/div>\n","protected":false},"excerpt":{"rendered":"<p>Innovative Produkte in herausragender Qualit\u00e4t Faire, transparente Transaktionen mit hoher Liefertreue Zuverl\u00e4ssige Lieferung G\u00fcnstige Preisgestaltung bei hoher Systemkompetenz Langfristige Zusammenarbeit mit kontinuierlichen Verbesserungen und Effizienzsteigerungen<\/p>\n","protected":false},"author":2,"featured_media":0,"parent":3643,"menu_order":0,"comment_status":"closed","ping_status":"closed","template":"","meta":{"_acf_changed":false,"footnotes":""},"acf":[],"yoast_head":"<!-- This site is optimized with the Yoast SEO plugin v22.3 - https:\/\/yoast.com\/wordpress\/plugins\/seo\/ -->\n<title>Erwartungen an unsere Zulieferer - Deutschland, \u00d6sterreich &amp; Schweiz<\/title>\n<meta name=\"robots\" content=\"index, follow, max-snippet:-1, max-image-preview:large, max-video-preview:-1\" \/>\n<link rel=\"canonical\" href=\"https:\/\/www.tadano.com\/dach\/de\/ueber-uns\/supply-chain\/erwartungen-an-unsere-zulieferer\/\" \/>\n<meta property=\"og:locale\" content=\"de_DE\" \/>\n<meta property=\"og:type\" content=\"article\" \/>\n<meta property=\"og:title\" content=\"Erwartungen an unsere Zulieferer - Deutschland, \u00d6sterreich &amp; Schweiz\" \/>\n<meta property=\"og:description\" content=\"Innovative Produkte in herausragender Qualit\u00e4t Faire, transparente Transaktionen mit hoher Liefertreue Zuverl\u00e4ssige Lieferung G\u00fcnstige Preisgestaltung bei hoher Systemkompetenz Langfristige Zusammenarbeit mit kontinuierlichen Verbesserungen und Effizienzsteigerungen\" \/>\n<meta property=\"og:url\" content=\"https:\/\/www.tadano.com\/dach\/de\/ueber-uns\/supply-chain\/erwartungen-an-unsere-zulieferer\/\" \/>\n<meta property=\"og:site_name\" content=\"Deutschland, \u00d6sterreich &amp; Schweiz\" \/>\n<meta property=\"article:modified_time\" content=\"2021-07-28T09:06:45+00:00\" \/>\n<meta name=\"twitter:card\" content=\"summary_large_image\" \/>\n<meta name=\"twitter:label1\" content=\"Gesch\u00e4tzte Lesezeit\" \/>\n\t<meta name=\"twitter:data1\" content=\"1\u00a0Minute\" \/>\n<script type=\"application\/ld+json\" class=\"yoast-schema-graph\">{\"@context\":\"https:\/\/schema.org\",\"@graph\":[{\"@type\":\"WebPage\",\"@id\":\"https:\/\/www.tadano.com\/dach\/de\/ueber-uns\/supply-chain\/erwartungen-an-unsere-zulieferer\/\",\"url\":\"https:\/\/www.tadano.com\/dach\/de\/ueber-uns\/supply-chain\/erwartungen-an-unsere-zulieferer\/\",\"name\":\"Erwartungen an unsere Zulieferer - Deutschland, \u00d6sterreich & Schweiz\",\"isPartOf\":{\"@id\":\"https:\/\/www.tadano.com\/dach\/en\/#website\"},\"datePublished\":\"2021-05-26T11:15:40+00:00\",\"dateModified\":\"2021-07-28T09:06:45+00:00\",\"inLanguage\":\"de\",\"potentialAction\":[{\"@type\":\"ReadAction\",\"target\":[\"https:\/\/www.tadano.com\/dach\/de\/ueber-uns\/supply-chain\/erwartungen-an-unsere-zulieferer\/\"]}]},{\"@type\":\"WebSite\",\"@id\":\"https:\/\/www.tadano.com\/dach\/en\/#website\",\"url\":\"https:\/\/www.tadano.com\/dach\/en\/\",\"name\":\"Deutschland, \u00d6sterreich & Schweiz\",\"description\":\"Just another TADANO EUROPE site\",\"potentialAction\":[{\"@type\":\"SearchAction\",\"target\":{\"@type\":\"EntryPoint\",\"urlTemplate\":\"https:\/\/www.tadano.com\/dach\/en\/?s={search_term_string}\"},\"query-input\":\"required name=search_term_string\"}],\"inLanguage\":\"de\"}]}<\/script>\n<!-- \/ Yoast SEO plugin. -->","yoast_head_json":{"title":"Erwartungen an unsere Zulieferer - Deutschland, \u00d6sterreich & Schweiz","robots":{"index":"index","follow":"follow","max-snippet":"max-snippet:-1","max-image-preview":"max-image-preview:large","max-video-preview":"max-video-preview:-1"},"canonical":"https:\/\/www.tadano.com\/dach\/de\/ueber-uns\/supply-chain\/erwartungen-an-unsere-zulieferer\/","og_locale":"de_DE","og_type":"article","og_title":"Erwartungen an unsere Zulieferer - Deutschland, \u00d6sterreich & Schweiz","og_description":"Innovative Produkte in herausragender Qualit\u00e4t Faire, transparente Transaktionen mit hoher Liefertreue Zuverl\u00e4ssige Lieferung G\u00fcnstige Preisgestaltung bei hoher Systemkompetenz Langfristige Zusammenarbeit mit kontinuierlichen Verbesserungen und Effizienzsteigerungen","og_url":"https:\/\/www.tadano.com\/dach\/de\/ueber-uns\/supply-chain\/erwartungen-an-unsere-zulieferer\/","og_site_name":"Deutschland, \u00d6sterreich & Schweiz","article_modified_time":"2021-07-28T09:06:45+00:00","twitter_card":"summary_large_image","twitter_misc":{"Gesch\u00e4tzte Lesezeit":"1\u00a0Minute"},"schema":{"@context":"https:\/\/schema.org","@graph":[{"@type":"WebPage","@id":"https:\/\/www.tadano.com\/dach\/de\/ueber-uns\/supply-chain\/erwartungen-an-unsere-zulieferer\/","url":"https:\/\/www.tadano.com\/dach\/de\/ueber-uns\/supply-chain\/erwartungen-an-unsere-zulieferer\/","name":"Erwartungen an unsere Zulieferer - Deutschland, \u00d6sterreich & Schweiz","isPartOf":{"@id":"https:\/\/www.tadano.com\/dach\/en\/#website"},"datePublished":"2021-05-26T11:15:40+00:00","dateModified":"2021-07-28T09:06:45+00:00","inLanguage":"de","potentialAction":[{"@type":"ReadAction","target":["https:\/\/www.tadano.com\/dach\/de\/ueber-uns\/supply-chain\/erwartungen-an-unsere-zulieferer\/"]}]},{"@type":"WebSite","@id":"https:\/\/www.tadano.com\/dach\/en\/#website","url":"https:\/\/www.tadano.com\/dach\/en\/","name":"Deutschland, \u00d6sterreich & Schweiz","description":"Just another TADANO EUROPE site","potentialAction":[{"@type":"SearchAction","target":{"@type":"EntryPoint","urlTemplate":"https:\/\/www.tadano.com\/dach\/en\/?s={search_term_string}"},"query-input":"required name=search_term_string"}],"inLanguage":"de"}]}},"_links":{"self":[{"href":"https:\/\/www.tadano.com\/dach\/de\/wp-json\/wp\/v2\/pages\/3687"}],"collection":[{"href":"https:\/\/www.tadano.com\/dach\/de\/wp-json\/wp\/v2\/pages"}],"about":[{"href":"https:\/\/www.tadano.com\/dach\/de\/wp-json\/wp\/v2\/types\/page"}],"author":[{"embeddable":true,"href":"https:\/\/www.tadano.com\/dach\/de\/wp-json\/wp\/v2\/users\/2"}],"replies":[{"embeddable":true,"href":"https:\/\/www.tadano.com\/dach\/de\/wp-json\/wp\/v2\/comments?post=3687"}],"version-history":[{"count":2,"href":"https:\/\/www.tadano.com\/dach\/de\/wp-json\/wp\/v2\/pages\/3687\/revisions"}],"predecessor-version":[{"id":24865,"href":"https:\/\/www.tadano.com\/dach\/de\/wp-json\/wp\/v2\/pages\/3687\/revisions\/24865"}],"up":[{"embeddable":true,"href":"https:\/\/www.tadano.com\/dach\/de\/wp-json\/wp\/v2\/pages\/3643"}],"wp:attachment":[{"href":"https:\/\/www.tadano.com\/dach\/de\/wp-json\/wp\/v2\/media?parent=3687"}],"curies":[{"name":"wp","href":"https:\/\/api.w.org\/{rel}","templated":true}]}}