{"id":11805,"date":"2021-08-17T05:50:37","date_gmt":"2021-08-17T05:50:37","guid":{"rendered":"https:\/\/www.tadano.com\/dach\/?page_id=11805"},"modified":"2021-08-17T05:50:38","modified_gmt":"2021-08-17T05:50:38","slug":"pieces-de-rechange","status":"publish","type":"page","link":"https:\/\/www.tadano.com\/dach\/en\/ventes-services\/pieces-de-rechange\/","title":{"rendered":"Pi\u00e8ces de rechange"},"content":{"rendered":"\n\n\n<section class=\"hero-section\">\n\n\t\n\t\t\t<style type=\"text\/css\">\n\t\t\t.hero-section .img-holder:before {\n\t\t\t\tdisplay: none;\n\t\t\t}\n\t\t<\/style>\n\t\n\t\n\t<div class=\"img-holder \">\n\t\t\t\t<div class=\"bg-stretch\" style=\"background-position: 50% 50%; \">\n\t\t\t<span data-srcset=\"https:\/\/assets.onewww.tadano.com\/celum_assets\/hero\/Lager_Lauf_web-2.jpg, https:\/\/assets.onewww.tadano.com\/celum_assets\/hero-2x\/Lager_Lauf_web-2.jpg 2x\"><\/span>\n\t\t<\/div>\n\t\t\t\t\t\t<div class=\"logo green-solutions\" style=\"display:none;\">\n\t\t\t<a href=\"#\"><img decoding=\"async\" src=\"https:\/\/www.tadano.com\/dach\/wp-content\/themes\/tadano\/assets\/dist\/images\/Green-Solutions_Logo_White.svg\"><\/a>\n\t\t<\/div>\n\t<\/div>\n\t<div class=\"container\">\n\t\t<div class=\"text-holder \">\n\t\t\t<div class=\"wrap\">\n\t\t\t\t\n\t\t\t\t<ul class=\"breadcrumbs\"><li><a href=\"https:\/\/www.tadano.com\/dach\/en\/\">Home<\/a><\/li><\/ul>\n\t\t\t\t\n\n<h1 class=\"wp-block-heading\">PI\u00c8CES DE RECHANGE<\/h1>\n\n\n\n<p>Nos pi\u00e8ces de rechange originales pour grues Tadano et Demag aident votre entreprise et vos grues \u00e0 atteindre des performances optimales. Nous sommes l\u00e0 pour vous soutenir avec une excellente disponibilit\u00e9 des pi\u00e8ces de rechange et une exp\u00e9dition rapide.<\/p>\n\n\n\n<div class=\"wp-block-buttons is-layout-flex wp-block-buttons-is-layout-flex\">\n<div class=\"wp-block-button\"><a class=\"wp-block-button__link\" href=\"#contact\">contactEZ-NOUS<\/a><\/div>\n<\/div>\n\n\n\n\t\t\t\t\n\t\t\t<\/div>\n\n\t\t\t\n\t\t\t\n\t\t\t\n\t\t<\/div>\n\t<\/div>\n<\/section>\n\n\n<div class=\"wp-block-group is-style-background-cyan\"><div class=\"wp-block-group__inner-container is-layout-flow wp-block-group-is-layout-flow\">\n<h2 class=\"wp-block-heading\">AIDE DIRECTE<\/h2>\n\n\n\n<p>Nous sommes l\u00e0 pour assurer le bon fonctionnement de votre entreprise et de vos grues. Il vous suffit de contacter nos experts, disponibles 24 heures sur 24, et vous recevrez les pi\u00e8ces de rechange originales dans les plus brefs d\u00e9lais.<\/p>\n\n\n\n<div class=\"wp-block-columns is-layout-flex wp-container-core-columns-layout-1 wp-block-columns-is-layout-flex\">\n<div class=\"wp-block-column is-layout-flow wp-block-column-is-layout-flow\">\n<p><strong>Produits Tadano<\/strong><\/p>\n\n\n\n<div class=\"wp-block-buttons is-layout-flex wp-block-buttons-is-layout-flex\">\n<div class=\"wp-block-button is-style-icon-phone\"><a class=\"wp-block-button__link\" href=\"tel:+4991231855200\">+49 9123 1855 200<\/a><\/div>\n<\/div>\n\n\n\n<div class=\"wp-block-buttons is-layout-flex wp-block-buttons-is-layout-flex\">\n<div class=\"wp-block-button is-style-icon-mail\"><a class=\"wp-block-button__link\" href=\"mailto:sales-parts@tadanofaun.de\">EMail<\/a><\/div>\n<\/div>\n<\/div>\n\n\n\n<div class=\"wp-block-column is-layout-flow wp-block-column-is-layout-flow\">\n<p><strong>Produits Demag<\/strong><\/p>\n\n\n\n<div class=\"wp-block-buttons is-layout-flex wp-block-buttons-is-layout-flex\">\n<div class=\"wp-block-button is-style-icon-phone\"><a class=\"wp-block-button__link\" href=\"tel:+496332831200\">+49 6332 83 1200<\/a><\/div>\n<\/div>\n\n\n\n<div class=\"wp-block-buttons is-layout-flex wp-block-buttons-is-layout-flex\">\n<div class=\"wp-block-button is-style-icon-mail\"><a class=\"wp-block-button__link\" href=\"mailto:tdf.parts@tadano.com\">EMail<\/a><\/div>\n<\/div>\n<\/div>\n<\/div>\n<\/div><\/div>\n\n\n\n<div style=\"height:59px\" aria-hidden=\"true\" class=\"wp-block-spacer\"><\/div>\n\n\n\n<div class=\"wp-block-columns is-layout-flex wp-container-core-columns-layout-2 wp-block-columns-is-layout-flex\">\n<div class=\"wp-block-column is-layout-flow wp-block-column-is-layout-flow\" style=\"flex-basis:60%\">\n<p><\/p>\n\n\n\n<h2 class=\"wp-block-heading\">PARCOURIR LES PI\u00c8CES<\/h2>\n\n\n\n<p>Les pi\u00e8ces d&#8217;origine Tadano et Demag garantissent que votre \u00e9quipement continue \u00e0 fonctionner au maximum de ses performances. Nos agents de service et nos distributeurs peuvent vous fournir rapidement les bonnes pi\u00e8ces pour minimiser les temps d&#8217;arr\u00eat et vous permettre de rester productif.<\/p>\n<\/div>\n\n\n\n<div class=\"wp-block-column is-layout-flow wp-block-column-is-layout-flow\" style=\"flex-basis:40%\"><\/div>\n<\/div>\n\n\n\n<div class=\"wp-block-columns is-layout-flex wp-container-core-columns-layout-3 wp-block-columns-is-layout-flex\">\n<div class=\"wp-block-column is-layout-flow wp-block-column-is-layout-flow\">\n<p>Commander des pi\u00e8ces pour grues Demag (grues tout-terrain et sur chenilles).<br> <\/p>\n\n\n\n<div style=\"height:29px\" aria-hidden=\"true\" class=\"wp-block-spacer desktop-only\"><\/div>\n\n\n\n<div class=\"wp-block-buttons is-layout-flex wp-block-buttons-is-layout-flex\">\n<div class=\"wp-block-button\"><a class=\"wp-block-button__link\" href=\"https:\/\/parts.demagmobilecranes.com\/weco-shop(bD1kZSZjPTIwMSZkPW1pbg==)\/app.do\" target=\"_blank\" rel=\"noreferrer noopener\">PI\u00c8CES Demag<\/a><\/div>\n<\/div>\n<\/div>\n\n\n\n<div class=\"wp-block-column is-layout-flow wp-block-column-is-layout-flow\">\n<p>Commander des pi\u00e8ces pour grues Tadano (grues tout-terrain, \u00e0 fl\u00e8che t\u00e9l\u00e9scopique, sur camion, et automotrices lentes).<\/p>\n\n\n\n<div class=\"wp-block-buttons is-layout-flex wp-block-buttons-is-layout-flex\">\n<div class=\"wp-block-button\"><a class=\"wp-block-button__link\" href=\"https:\/\/www.tadano.com\/dach\/en\/sales-services\/parts\/parts-contact\/\">PI\u00c8CES Tadano<\/a><\/div>\n<\/div>\n<\/div>\n<\/div>\n\n\n\n<h4 class=\"wp-block-heading\">Manuels de pi\u00e8ces<\/h4>\n\n\n\n<p>Parcourez nos manuels de pi\u00e8ces pour grues tout-terrain et grues sur chenilles.<\/p>\n\n\n\n<div class=\"wp-block-columns is-layout-flex wp-container-core-columns-layout-4 wp-block-columns-is-layout-flex\">\n<div class=\"wp-block-column is-layout-flow wp-block-column-is-layout-flow\" style=\"flex-basis:100%\">\n<div class=\"wp-block-buttons is-layout-flex wp-block-buttons-is-layout-flex\">\n<div class=\"wp-block-button\"><a class=\"wp-block-button__link\" href=\"https:\/\/assets.onetadano.com\/celum_assets\/Lager_Lauf_web-2.jpg\" target=\"_blank\" rel=\"noreferrer noopener\">PRODUITS Demag<\/a><\/div>\n\n\n\n<div class=\"wp-block-button\"><a class=\"wp-block-button__link\" href=\"https:\/\/assets.onetadano.com\/celum_assets\/Lager_Lauf_web-2.jpg\" target=\"_blank\" rel=\"noreferrer noopener\">PRODUITS HISTORIQUES MONTCEAU-LES-MINES<\/a><\/div>\n<\/div>\n\n\n\n<p><\/p>\n<\/div>\n<\/div>\n\n\n<div id=\"contact\"><\/div>\n\n\n\n<section class=\"sales-team \">\n  \n  <div class=\"container\">\n    <div class=\"section-heading\">\n      <div class=\"heading\">\n                  <h2>Your Tadano Parts Team<\/h2>\n              <\/div>\n                        <\/div>\n\n    <div class=\"threerow-slider dots-info\">\n                                                <div class=\"card-col no-img\">\n              <div class=\"info-card responsive\">\n                <div class=\"card-img\">\n                                  <\/div>\n                <div class=\"card-content\">\n                                      <div class=\"card-title\"><p>Michael Krite<\/p><\/div>\n                                    <div class=\"card-info\">\n                                          <strong class=\"first-row row\">Senior Manager Parts<\/strong>\n                                                              <strong class=\"row\">Germany<\/strong>\n                                                              <strong class=\"row\">German, English<\/strong>\n                                                              <strong class=\"row\">T: <a href=\"tel:+49 9123 1234 567\">+49 9123 1234 567<\/a><\/strong>\n                                                              <strong class=\"row\">E: <a href=\"mailto:michal.krite@tadano.com\">michal.krite@tadano.com<\/a><\/strong>\n                                      <\/div>\n                <\/div>\n              <\/div>\n            <\/div>\n                                  <div class=\"card-col no-img\">\n              <div class=\"info-card responsive\">\n                <div class=\"card-img\">\n                                  <\/div>\n                <div class=\"card-content\">\n                                      <div class=\"card-title\"><p>Susanne Fremgen<\/p><\/div>\n                                    <div class=\"card-info\">\n                                          <strong class=\"first-row row\">Manager Parts Global<\/strong>\n                                                              <strong class=\"row\">Germany<\/strong>\n                                                              <strong class=\"row\">German, English<\/strong>\n                                                              <strong class=\"row\">T: <a href=\"tel:+49 6332 86 1617\">+49 6332 86 1617<\/a><\/strong>\n                                                              <strong class=\"row\">E: <a href=\"mailto:susanne.fremgen@tadano.com\">susanne.fremgen@tadano.com<\/a><\/strong>\n                                      <\/div>\n                <\/div>\n              <\/div>\n            <\/div>\n                            <\/div>\n      <\/div>\n<\/section>\n\n\n<p><\/p>\n","protected":false},"excerpt":{"rendered":"<p>AIDE DIRECTE Nous sommes l\u00e0 pour assurer le bon fonctionnement de votre entreprise et de vos grues. Il vous suffit de contacter nos experts, disponibles 24 heures sur 24, et vous recevrez les pi\u00e8ces de rechange originales dans les plus brefs d\u00e9lais. Produits Tadano Produits Demag PARCOURIR LES PI\u00c8CES Les pi\u00e8ces d&#8217;origine Tadano et Demag [&hellip;]<\/p>\n","protected":false},"author":1,"featured_media":0,"parent":3978,"menu_order":0,"comment_status":"closed","ping_status":"closed","template":"","meta":{"_acf_changed":false,"footnotes":""},"acf":[],"yoast_head":"<!-- This site is optimized with the Yoast SEO plugin v22.3 - https:\/\/yoast.com\/wordpress\/plugins\/seo\/ -->\n<title>Pi\u00e8ces de rechange - DACH<\/title>\n<meta name=\"robots\" content=\"index, follow, max-snippet:-1, max-image-preview:large, max-video-preview:-1\" \/>\n<link rel=\"canonical\" href=\"https:\/\/www.tadano.com\/dach\/en\/ventes-services\/pieces-de-rechange\/\" \/>\n<meta property=\"og:locale\" content=\"en_US\" \/>\n<meta property=\"og:type\" content=\"article\" \/>\n<meta property=\"og:title\" content=\"Pi\u00e8ces de rechange - DACH\" \/>\n<meta property=\"og:description\" content=\"AIDE DIRECTE Nous sommes l\u00e0 pour assurer le bon fonctionnement de votre entreprise et de vos grues. Il vous suffit de contacter nos experts, disponibles 24 heures sur 24, et vous recevrez les pi\u00e8ces de rechange originales dans les plus brefs d\u00e9lais. Produits Tadano Produits Demag PARCOURIR LES PI\u00c8CES Les pi\u00e8ces d&#8217;origine Tadano et Demag [&hellip;]\" \/>\n<meta property=\"og:url\" content=\"https:\/\/www.tadano.com\/dach\/en\/ventes-services\/pieces-de-rechange\/\" \/>\n<meta property=\"og:site_name\" content=\"DACH\" \/>\n<meta property=\"article:modified_time\" content=\"2021-08-17T05:50:38+00:00\" \/>\n<meta name=\"twitter:card\" content=\"summary_large_image\" \/>\n<meta name=\"twitter:label1\" content=\"Est. reading time\" \/>\n\t<meta name=\"twitter:data1\" content=\"1 minute\" \/>\n<script type=\"application\/ld+json\" class=\"yoast-schema-graph\">{\"@context\":\"https:\/\/schema.org\",\"@graph\":[{\"@type\":\"WebPage\",\"@id\":\"https:\/\/www.tadano.com\/dach\/en\/ventes-services\/pieces-de-rechange\/\",\"url\":\"https:\/\/www.tadano.com\/dach\/en\/ventes-services\/pieces-de-rechange\/\",\"name\":\"Pi\u00e8ces de rechange - DACH\",\"isPartOf\":{\"@id\":\"https:\/\/www.tadano.com\/dach\/en\/#website\"},\"datePublished\":\"2021-08-17T05:50:37+00:00\",\"dateModified\":\"2021-08-17T05:50:38+00:00\",\"inLanguage\":\"en-US\",\"potentialAction\":[{\"@type\":\"ReadAction\",\"target\":[\"https:\/\/www.tadano.com\/dach\/en\/ventes-services\/pieces-de-rechange\/\"]}]},{\"@type\":\"WebSite\",\"@id\":\"https:\/\/www.tadano.com\/dach\/en\/#website\",\"url\":\"https:\/\/www.tadano.com\/dach\/en\/\",\"name\":\"DACH\",\"description\":\"Just another TADANO EUROPE site\",\"potentialAction\":[{\"@type\":\"SearchAction\",\"target\":{\"@type\":\"EntryPoint\",\"urlTemplate\":\"https:\/\/www.tadano.com\/dach\/en\/?s={search_term_string}\"},\"query-input\":\"required name=search_term_string\"}],\"inLanguage\":\"en-US\"}]}<\/script>\n<!-- \/ Yoast SEO plugin. -->","yoast_head_json":{"title":"Pi\u00e8ces de rechange - DACH","robots":{"index":"index","follow":"follow","max-snippet":"max-snippet:-1","max-image-preview":"max-image-preview:large","max-video-preview":"max-video-preview:-1"},"canonical":"https:\/\/www.tadano.com\/dach\/en\/ventes-services\/pieces-de-rechange\/","og_locale":"en_US","og_type":"article","og_title":"Pi\u00e8ces de rechange - DACH","og_description":"AIDE DIRECTE Nous sommes l\u00e0 pour assurer le bon fonctionnement de votre entreprise et de vos grues. Il vous suffit de contacter nos experts, disponibles 24 heures sur 24, et vous recevrez les pi\u00e8ces de rechange originales dans les plus brefs d\u00e9lais. Produits Tadano Produits Demag PARCOURIR LES PI\u00c8CES Les pi\u00e8ces d&#8217;origine Tadano et Demag [&hellip;]","og_url":"https:\/\/www.tadano.com\/dach\/en\/ventes-services\/pieces-de-rechange\/","og_site_name":"DACH","article_modified_time":"2021-08-17T05:50:38+00:00","twitter_card":"summary_large_image","twitter_misc":{"Est. reading time":"1 minute"},"schema":{"@context":"https:\/\/schema.org","@graph":[{"@type":"WebPage","@id":"https:\/\/www.tadano.com\/dach\/en\/ventes-services\/pieces-de-rechange\/","url":"https:\/\/www.tadano.com\/dach\/en\/ventes-services\/pieces-de-rechange\/","name":"Pi\u00e8ces de rechange - DACH","isPartOf":{"@id":"https:\/\/www.tadano.com\/dach\/en\/#website"},"datePublished":"2021-08-17T05:50:37+00:00","dateModified":"2021-08-17T05:50:38+00:00","inLanguage":"en-US","potentialAction":[{"@type":"ReadAction","target":["https:\/\/www.tadano.com\/dach\/en\/ventes-services\/pieces-de-rechange\/"]}]},{"@type":"WebSite","@id":"https:\/\/www.tadano.com\/dach\/en\/#website","url":"https:\/\/www.tadano.com\/dach\/en\/","name":"DACH","description":"Just another TADANO EUROPE site","potentialAction":[{"@type":"SearchAction","target":{"@type":"EntryPoint","urlTemplate":"https:\/\/www.tadano.com\/dach\/en\/?s={search_term_string}"},"query-input":"required name=search_term_string"}],"inLanguage":"en-US"}]}},"_links":{"self":[{"href":"https:\/\/www.tadano.com\/dach\/en\/wp-json\/wp\/v2\/pages\/11805"}],"collection":[{"href":"https:\/\/www.tadano.com\/dach\/en\/wp-json\/wp\/v2\/pages"}],"about":[{"href":"https:\/\/www.tadano.com\/dach\/en\/wp-json\/wp\/v2\/types\/page"}],"author":[{"embeddable":true,"href":"https:\/\/www.tadano.com\/dach\/en\/wp-json\/wp\/v2\/users\/1"}],"replies":[{"embeddable":true,"href":"https:\/\/www.tadano.com\/dach\/en\/wp-json\/wp\/v2\/comments?post=11805"}],"version-history":[{"count":1,"href":"https:\/\/www.tadano.com\/dach\/en\/wp-json\/wp\/v2\/pages\/11805\/revisions"}],"predecessor-version":[{"id":11806,"href":"https:\/\/www.tadano.com\/dach\/en\/wp-json\/wp\/v2\/pages\/11805\/revisions\/11806"}],"up":[{"embeddable":true,"href":"https:\/\/www.tadano.com\/dach\/en\/wp-json\/wp\/v2\/pages\/3978"}],"wp:attachment":[{"href":"https:\/\/www.tadano.com\/dach\/en\/wp-json\/wp\/v2\/media?parent=11805"}],"curies":[{"name":"wp","href":"https:\/\/api.w.org\/{rel}","templated":true}]}}