{"id":5242,"date":"2021-05-11T06:46:23","date_gmt":"2021-05-11T06:46:23","guid":{"rendered":"https:\/\/www.tadano.com\/dach\/equipes-grues-d-occasion-2\/"},"modified":"2023-03-13T08:32:47","modified_gmt":"2023-03-13T08:32:47","slug":"equipes-grues-d-occasion","status":"publish","type":"page","link":"https:\/\/www.tadano.com\/dach\/fr\/equipes-grues-d-occasion\/","title":{"rendered":"\u00c9quipe Grues d&rsquo;occasion"},"content":{"rendered":"\n\n\n<section class=\"hero-section\">\n\n\t\n\t\n\t\n\t<div class=\"img-holder \">\n\t\t\t\t<div class=\"bg-stretch\" style=\"background-position: 50% 50%; \">\n\t\t\t<span data-srcset=\"https:\/\/assets.onetadano.com\/celum_assets\/hero\/TAD19I2-scaled.jpg, https:\/\/assets.onetadano.com\/celum_assets\/hero-2x\/TAD19I2-scaled.jpg 2x\"><\/span>\n\t\t<\/div>\n\t\t\t\t\t\t<div class=\"logo green-solutions\" style=\"display:none;\">\n\t\t\t<a href=\"#\"><img decoding=\"async\" src=\"https:\/\/www.tadano.com\/dach\/wp-content\/themes\/tadano\/assets\/dist\/images\/Green-Solutions_Logo_White.svg\"><\/a>\n\t\t<\/div>\n\t<\/div>\n\t<div class=\"container\">\n\t\t<div class=\"text-holder \">\n\t\t\t<div class=\"wrap\">\n\t\t\t\t\n\t\t\t\t<ul class=\"breadcrumbs\"><li><a href=\"https:\/\/www.tadano.com\/dach\/fr\/\">Accueil<\/a><\/li><\/ul>\n\t\t\t\t\n\n<h1 class=\"wp-block-heading\">Grues d&rsquo;occasion<\/h1>\n\n\n\n<p>D\u00e9couvrez le r\u00e9seau mondial exp\u00e9riment\u00e9 d&rsquo;experts en grues d&rsquo;occasion de Tadano.<\/p>\n\n\n\n<div class=\"wp-block-buttons is-layout-flex wp-block-buttons-is-layout-flex\">\n<div class=\"wp-block-button\"><a class=\"wp-block-button__link\" href=\"https:\/\/www.tadano.com\/dach\/fr\/equipements-de-levage\/grues-d-occasion\/\" target=\"_blank\" rel=\"noreferrer noopener\"><strong>VOIR LES GRUES D&rsquo;OCCASION<\/strong><\/a><\/div>\n<\/div>\n\n\n\n\t\t\t\t\n\t\t\t<\/div>\n\n\t\t\t\n\t\t\t\n\t\t\t\n\t\t<\/div>\n\t<\/div>\n<\/section>\n\n<div id=\"contact\"><\/div>\n\n\n\n<section class=\"sales-team \">\n  \n  <div class=\"container\">\n    <div class=\"section-heading\">\n      <div class=\"heading\">\n                  <h2>Votre \u00e9quipe Grues d&rsquo;occasion Tadano<\/h2>\n              <\/div>\n                        <\/div>\n\n    <div class=\"threerow-slider dots-info\">\n                                                <div class=\"card-col no-img\">\n              <div class=\"info-card responsive\">\n                <div class=\"card-img\">\n                                  <\/div>\n                <div class=\"card-content\">\n                                      <div class=\"card-title\"><p>Sascha Conrad<\/p><\/div>\n                                    <div class=\"card-info\">\n                                          <strong class=\"first-row row\">Inspecteur de grues d&rsquo;occasion externes<\/strong>\n                                                              <strong class=\"row\">Allemagne<\/strong>\n                                                              <strong class=\"row\">Allemand, Anglais<\/strong>\n                                                              <strong class=\"row\">T: <a href=\"tel:+49 172 3066673\">+49 172 3066673<\/a><\/strong>\n                                                              <strong class=\"row\">E: <a href=\"mailto:sascha.conrad@tadano.com\">sascha.conrad@tadano.com<\/a><\/strong>\n                                      <\/div>\n                <\/div>\n              <\/div>\n            <\/div>\n                                  <div class=\"card-col no-img\">\n              <div class=\"info-card responsive\">\n                <div class=\"card-img\">\n                                  <\/div>\n                <div class=\"card-content\">\n                                      <div class=\"card-title\"><p>Winfried Gerlinger<\/p><\/div>\n                                    <div class=\"card-info\">\n                                          <strong class=\"first-row row\">Grue d&rsquo;occasion Bureau commercial<\/strong>\n                                                              <strong class=\"row\">Allemagne<\/strong>\n                                                              <strong class=\"row\">Allemand, Anglais<\/strong>\n                                                              <strong class=\"row\">T: <a href=\"tel:+49 6332 83 1527\">+49 6332 83 1527<\/a><\/strong>\n                                                              <strong class=\"row\">E: <a href=\"mailto:winfried.gerlinger@tadano.com\">winfried.gerlinger@tadano.com<\/a><\/strong>\n                                      <\/div>\n                <\/div>\n              <\/div>\n            <\/div>\n                                  <div class=\"card-col no-img\">\n              <div class=\"info-card responsive\">\n                <div class=\"card-img\">\n                                  <\/div>\n                <div class=\"card-content\">\n                                      <div class=\"card-title\"><p>Michael Gwosdz-Kaupmann<\/p><\/div>\n                                    <div class=\"card-info\">\n                                          <strong class=\"first-row row\">Vente de grues d&rsquo;occasion<\/strong>\n                                                              <strong class=\"row\">Allemagne<\/strong>\n                                                              <strong class=\"row\">Allemand, Anglais<\/strong>\n                                                              <strong class=\"row\">T: <a href=\"tel:+49 173 3796 045\">+49 173 3796 045<\/a><\/strong>\n                                                              <strong class=\"row\">E: <a href=\"mailto:michael.gwosdz@tadano.com\">michael.gwosdz@tadano.com<\/a><\/strong>\n                                      <\/div>\n                <\/div>\n              <\/div>\n            <\/div>\n                                  <div class=\"card-col no-img\">\n              <div class=\"info-card responsive\">\n                <div class=\"card-img\">\n                                  <\/div>\n                <div class=\"card-content\">\n                                      <div class=\"card-title\"><p>Ralf Omlor<\/p><\/div>\n                                    <div class=\"card-info\">\n                                          <strong class=\"first-row row\">Expert en grues d&rsquo;occasion<\/strong>\n                                                              <strong class=\"row\">Allemagne<\/strong>\n                                                              <strong class=\"row\">Allemand, Anglais<\/strong>\n                                                              <strong class=\"row\">T: <a href=\"tel:+49 172 6824888\">+49 172 6824888<\/a><\/strong>\n                                                              <strong class=\"row\">E: <a href=\"mailto:ralf.omlor@tadano.com\">ralf.omlor@tadano.com<\/a><\/strong>\n                                      <\/div>\n                <\/div>\n              <\/div>\n            <\/div>\n                                  <div class=\"card-col no-img\">\n              <div class=\"info-card responsive\">\n                <div class=\"card-img\">\n                                  <\/div>\n                <div class=\"card-content\">\n                                      <div class=\"card-title\"><p>Hasso Oehme<\/p><\/div>\n                                    <div class=\"card-info\">\n                                          <strong class=\"first-row row\">Expert en grues d&rsquo;occasion<\/strong>\n                                                              <strong class=\"row\">Allemagne<\/strong>\n                                                              <strong class=\"row\">Allemand, Anglais<\/strong>\n                                                              <strong class=\"row\">T: <a href=\"tel:+49 173 3796 042\">+49 173 3796 042<\/a><\/strong>\n                                                              <strong class=\"row\">E: <a href=\"mailto:hasso.oehme@tadano.com\">hasso.oehme@tadano.com<\/a><\/strong>\n                                      <\/div>\n                <\/div>\n              <\/div>\n            <\/div>\n                                  <div class=\"card-col no-img\">\n              <div class=\"info-card responsive\">\n                <div class=\"card-img\">\n                                  <\/div>\n                <div class=\"card-content\">\n                                      <div class=\"card-title\"><p>Giuseppe Pompeo<\/p><\/div>\n                                    <div class=\"card-info\">\n                                          <strong class=\"first-row row\">Directeur des comptes cl\u00e9s Europe<\/strong>\n                                                              <strong class=\"row\">Allemagne<\/strong>\n                                                              <strong class=\"row\">Allemand, Anglais<\/strong>\n                                                              <strong class=\"row\">T: <a href=\"tel:+49 160 979 006 97\">+49 160 979 006 97<\/a><\/strong>\n                                                              <strong class=\"row\">E: <a href=\"mailto:giuseppe.pompeo@tadano.com\">giuseppe.pompeo@tadano.com<\/a><\/strong>\n                                      <\/div>\n                <\/div>\n              <\/div>\n            <\/div>\n                            <\/div>\n      <\/div>\n<\/section>","protected":false},"excerpt":{"rendered":"","protected":false},"author":2,"featured_media":0,"parent":0,"menu_order":0,"comment_status":"closed","ping_status":"closed","template":"","meta":{"_acf_changed":false,"footnotes":""},"acf":[],"yoast_head":"<!-- This site is optimized with the Yoast SEO plugin v22.3 - https:\/\/yoast.com\/wordpress\/plugins\/seo\/ -->\n<title>\u00c9quipe Grues d&#039;occasion - DACH<\/title>\n<meta name=\"robots\" content=\"index, follow, max-snippet:-1, max-image-preview:large, max-video-preview:-1\" \/>\n<link rel=\"canonical\" href=\"https:\/\/www.tadano.com\/dach\/equipes-grues-d-occasion\/\" \/>\n<meta property=\"og:locale\" content=\"fr_FR\" \/>\n<meta property=\"og:type\" content=\"article\" \/>\n<meta property=\"og:title\" content=\"\u00c9quipe Grues d&#039;occasion - DACH\" \/>\n<meta property=\"og:url\" content=\"https:\/\/www.tadano.com\/dach\/equipes-grues-d-occasion\/\" \/>\n<meta property=\"og:site_name\" content=\"DACH\" \/>\n<meta property=\"article:modified_time\" content=\"2023-03-13T08:32:47+00:00\" \/>\n<meta name=\"twitter:card\" content=\"summary_large_image\" \/>\n<meta name=\"twitter:label1\" content=\"Dur\u00e9e de lecture estim\u00e9e\" \/>\n\t<meta name=\"twitter:data1\" content=\"1 minute\" \/>\n<script type=\"application\/ld+json\" class=\"yoast-schema-graph\">{\"@context\":\"https:\/\/schema.org\",\"@graph\":[{\"@type\":\"WebPage\",\"@id\":\"https:\/\/www.tadano.com\/dach\/equipes-grues-d-occasion\/\",\"url\":\"https:\/\/www.tadano.com\/dach\/equipes-grues-d-occasion\/\",\"name\":\"\u00c9quipe Grues d'occasion - DACH\",\"isPartOf\":{\"@id\":\"https:\/\/www.tadano.com\/dach\/en\/#website\"},\"datePublished\":\"2021-05-11T06:46:23+00:00\",\"dateModified\":\"2023-03-13T08:32:47+00:00\",\"inLanguage\":\"fr-FR\",\"potentialAction\":[{\"@type\":\"ReadAction\",\"target\":[\"https:\/\/www.tadano.com\/dach\/equipes-grues-d-occasion\/\"]}]},{\"@type\":\"WebSite\",\"@id\":\"https:\/\/www.tadano.com\/dach\/en\/#website\",\"url\":\"https:\/\/www.tadano.com\/dach\/en\/\",\"name\":\"DACH\",\"description\":\"Just another TADANO EUROPE site\",\"potentialAction\":[{\"@type\":\"SearchAction\",\"target\":{\"@type\":\"EntryPoint\",\"urlTemplate\":\"https:\/\/www.tadano.com\/dach\/en\/?s={search_term_string}\"},\"query-input\":\"required name=search_term_string\"}],\"inLanguage\":\"fr-FR\"}]}<\/script>\n<!-- \/ Yoast SEO plugin. -->","yoast_head_json":{"title":"\u00c9quipe Grues d'occasion - DACH","robots":{"index":"index","follow":"follow","max-snippet":"max-snippet:-1","max-image-preview":"max-image-preview:large","max-video-preview":"max-video-preview:-1"},"canonical":"https:\/\/www.tadano.com\/dach\/equipes-grues-d-occasion\/","og_locale":"fr_FR","og_type":"article","og_title":"\u00c9quipe Grues d'occasion - DACH","og_url":"https:\/\/www.tadano.com\/dach\/equipes-grues-d-occasion\/","og_site_name":"DACH","article_modified_time":"2023-03-13T08:32:47+00:00","twitter_card":"summary_large_image","twitter_misc":{"Dur\u00e9e de lecture estim\u00e9e":"1 minute"},"schema":{"@context":"https:\/\/schema.org","@graph":[{"@type":"WebPage","@id":"https:\/\/www.tadano.com\/dach\/equipes-grues-d-occasion\/","url":"https:\/\/www.tadano.com\/dach\/equipes-grues-d-occasion\/","name":"\u00c9quipe Grues d'occasion - DACH","isPartOf":{"@id":"https:\/\/www.tadano.com\/dach\/en\/#website"},"datePublished":"2021-05-11T06:46:23+00:00","dateModified":"2023-03-13T08:32:47+00:00","inLanguage":"fr-FR","potentialAction":[{"@type":"ReadAction","target":["https:\/\/www.tadano.com\/dach\/equipes-grues-d-occasion\/"]}]},{"@type":"WebSite","@id":"https:\/\/www.tadano.com\/dach\/en\/#website","url":"https:\/\/www.tadano.com\/dach\/en\/","name":"DACH","description":"Just another TADANO EUROPE site","potentialAction":[{"@type":"SearchAction","target":{"@type":"EntryPoint","urlTemplate":"https:\/\/www.tadano.com\/dach\/en\/?s={search_term_string}"},"query-input":"required name=search_term_string"}],"inLanguage":"fr-FR"}]}},"_links":{"self":[{"href":"https:\/\/www.tadano.com\/dach\/fr\/wp-json\/wp\/v2\/pages\/5242"}],"collection":[{"href":"https:\/\/www.tadano.com\/dach\/fr\/wp-json\/wp\/v2\/pages"}],"about":[{"href":"https:\/\/www.tadano.com\/dach\/fr\/wp-json\/wp\/v2\/types\/page"}],"author":[{"embeddable":true,"href":"https:\/\/www.tadano.com\/dach\/fr\/wp-json\/wp\/v2\/users\/2"}],"replies":[{"embeddable":true,"href":"https:\/\/www.tadano.com\/dach\/fr\/wp-json\/wp\/v2\/comments?post=5242"}],"version-history":[{"count":5,"href":"https:\/\/www.tadano.com\/dach\/fr\/wp-json\/wp\/v2\/pages\/5242\/revisions"}],"predecessor-version":[{"id":24139,"href":"https:\/\/www.tadano.com\/dach\/fr\/wp-json\/wp\/v2\/pages\/5242\/revisions\/24139"}],"wp:attachment":[{"href":"https:\/\/www.tadano.com\/dach\/fr\/wp-json\/wp\/v2\/media?parent=5242"}],"curies":[{"name":"wp","href":"https:\/\/api.w.org\/{rel}","templated":true}]}}