{"id":5414,"date":"2021-08-16T11:06:13","date_gmt":"2021-08-16T11:06:13","guid":{"rendered":"https:\/\/www.tadano.com\/dach\/?page_id=5414"},"modified":"2023-05-11T12:54:08","modified_gmt":"2023-05-11T12:54:08","slug":"formation-2","status":"publish","type":"page","link":"https:\/\/www.tadano.com\/dach\/fr\/ventes-services\/formation-2\/","title":{"rendered":"Formation"},"content":{"rendered":"\n\n\n<section class=\"hero-section\">\n\n\t\n\t\n\t\n\t<div class=\"img-holder \">\n\t\t\t\t<div class=\"bg-stretch\" style=\"background-position: 50% 50%; \">\n\t\t\t<span data-srcset=\"https:\/\/assets.onetadano.com\/celum_assets\/hero\/DEMAG_Azubi-40.jpg, https:\/\/assets.onetadano.com\/celum_assets\/hero-2x\/DEMAG_Azubi-40.jpg 2x\"><\/span>\n\t\t<\/div>\n\t\t\t\t\t\t<div class=\"logo green-solutions\" style=\"display:none;\">\n\t\t\t<a href=\"#\"><img decoding=\"async\" src=\"https:\/\/www.tadano.com\/dach\/wp-content\/themes\/tadano\/assets\/dist\/images\/Green-Solutions_Logo_White.svg\"><\/a>\n\t\t<\/div>\n\t<\/div>\n\t<div class=\"container\">\n\t\t<div class=\"text-holder \">\n\t\t\t<div class=\"wrap\">\n\t\t\t\t\n\t\t\t\t<ul class=\"breadcrumbs\"><li><a href=\"https:\/\/www.tadano.com\/dach\/fr\/\">Accueil<\/a><\/li><\/ul>\n\t\t\t\t\n\n<h1 class=\"wp-block-heading\">FORMATION<\/h1>\n\n\n\n<p>Tadano propose des formations compl\u00e8tes sur nos produits de marque Tadano et Demag pour vous aider \u00e0 tirer le meilleur parti de votre \u00e9quipement.<\/p>\n\n\n\n<div class=\"wp-block-buttons is-layout-flex wp-block-buttons-is-layout-flex\">\n<div class=\"wp-block-button\"><a class=\"wp-block-button__link\" href=\"#contact\" rel=\"\">ContactEZ-NOUS<\/a><\/div>\n<\/div>\n\n\n\n<p><\/p>\n\n\n\n\t\t\t\t\n\t\t\t<\/div>\n\n\t\t\t\n\t\t\t\n\t\t\t\n\t\t<\/div>\n\t<\/div>\n<\/section>\n\n\n<div class=\"wp-block-group is-style-background-triangle-right is-layout-flow wp-block-group-is-layout-flow\"><div class=\"wp-block-group__inner-container\">\n<h2 class=\"wp-block-heading\">TRANSMISSION DE SAVOIR-FAIRE DE POINTE<\/h2>\n\n\n\n<p>Qu&rsquo;il s&rsquo;agisse d&rsquo;hydraulique, de pneumatique, d&rsquo;\u00e9lectrotechnique, d&rsquo;\u00e9lectronique, de moteur ou de syst\u00e8mes de transmission, le d\u00e9partement Formation propose des programmes de formation complets sur les grues mobiles.<\/p>\n\n\n\n<p>Les formations sont r\u00e9alis\u00e9es gr\u00e2ce \u00e0 un savant m\u00e9lange de travaux pratiques et de s\u00e9ances de formation en classe utilisant les derni\u00e8res technologies, y compris des outils de simulation de pointe.<\/p>\n\n\n\n<p>\u00c0 la fin du cours, les participants recevront un certificat de fin de formation.<\/p>\n\n\n\n<div style=\"height:69px\" aria-hidden=\"true\" class=\"wp-block-spacer\"><\/div>\n\n\n\n<h2 class=\"wp-block-heading\">PROGRAMME DE FORMATION<\/h2>\n\n\n\n<p>Veuillez utiliser le programme de formation ci-dessous pour obtenir plus de d\u00e9tails sur notre grande vari\u00e9t\u00e9 de cours et pour vous inscrire aux formations.<\/p>\n\n\n<div class=\"iframe-block\">\n\t<div class=\"container\">\n\t\t<iframe src=\"https:\/\/00125.webseminare.biz\/?cd[webzielgruppe]=kunden&#038;language=english\" frameborder=\"0\" style=\"height:500px;\">\n\t\t  <p>\n\t\t  \tUnfortunately, your browser cannot display embedded frames. You can view the page by clicking the following link: <br>\n\t\t  \t<a href=\"https:\/\/00125.webseminare.biz\/?cd[webzielgruppe]=kunden&#038;language=english\">https:\/\/00125.webseminare.biz\/?cd[webzielgruppe]=kunden&#038;language=english<\/a>\n\t\t  <\/p>\n\t\t<\/iframe>\n\t\t\t\t\t<script type=\"text\/javascript\" src=\"https:\/\/www.webseminare.biz\/iframe_js_code.php?mandant=00125\"><\/script>\n\t\t\t<\/div>\n<\/div>\n\n\n<div class=\"wp-block-buttons is-layout-flex wp-block-buttons-is-layout-flex\"><\/div>\n\n\n<div id=\"contact\"><\/div>\n\n\n\n<section class=\"sales-team hide-background-triangle\">\n  \n  <div class=\"container\">\n    <div class=\"section-heading\">\n      <div class=\"heading\">\n                  <h2>Vos experts en formation chez Tadano<\/h2>\n              <\/div>\n                        <\/div>\n\n    <div class=\"threerow-slider dots-info\">\n                                                <div class=\"card-col no-img\">\n              <div class=\"info-card responsive\">\n                <div class=\"card-img\">\n                                  <\/div>\n                <div class=\"card-content\">\n                                      <div class=\"card-title\"><p>J\u00fcrgen Christmann<\/p><\/div>\n                                    <div class=\"card-info\">\n                                          <strong class=\"first-row row\">Responsable de la formation technique<\/strong>\n                                                              <strong class=\"row\">Allemagne<\/strong>\n                                                              <strong class=\"row\">Allemand, Anglais<\/strong>\n                                                              <strong class=\"row\">T: <a href=\"tel:+49 6332 83 2572\">+49 6332 83 2572<\/a><\/strong>\n                                                              <strong class=\"row\">E: <a href=\"mailto:juergen.christmann@tadano.com\">juergen.christmann@tadano.com<\/a><\/strong>\n                                      <\/div>\n                <\/div>\n              <\/div>\n            <\/div>\n                                  <div class=\"card-col no-img\">\n              <div class=\"info-card responsive\">\n                <div class=\"card-img\">\n                                  <\/div>\n                <div class=\"card-content\">\n                                      <div class=\"card-title\"><p>Roland Faust<\/p><\/div>\n                                    <div class=\"card-info\">\n                                          <strong class=\"first-row row\">Formation technique grues AC<\/strong>\n                                                              <strong class=\"row\">Allemagne<\/strong>\n                                                              <strong class=\"row\">Allemand, Anglais<\/strong>\n                                                              <strong class=\"row\">T: <a href=\"tel:+49 6332 83 1146\">+49 6332 83 1146<\/a><\/strong>\n                                                              <strong class=\"row\">E: <a href=\"mailto:roland.faust@tadano.com\">roland.faust@tadano.com<\/a><\/strong>\n                                      <\/div>\n                <\/div>\n              <\/div>\n            <\/div>\n                                  <div class=\"card-col no-img\">\n              <div class=\"info-card responsive\">\n                <div class=\"card-img\">\n                                  <\/div>\n                <div class=\"card-content\">\n                                      <div class=\"card-title\"><p>Micha Ebert<\/p><\/div>\n                                    <div class=\"card-info\">\n                                          <strong class=\"first-row row\">Formation technique grues AC<\/strong>\n                                                              <strong class=\"row\">Allemagne<\/strong>\n                                                              <strong class=\"row\">Allemand, Anglais<\/strong>\n                                                              <strong class=\"row\">T: <a href=\"tel:+49 6332 83 2520\">+49 6332 83 2520<\/a><\/strong>\n                                                              <strong class=\"row\">E: <a href=\"mailto:micha.ebert@tadano.com\">micha.ebert@tadano.com<\/a><\/strong>\n                                      <\/div>\n                <\/div>\n              <\/div>\n            <\/div>\n                                  <div class=\"card-col no-img\">\n              <div class=\"info-card responsive\">\n                <div class=\"card-img\">\n                                  <\/div>\n                <div class=\"card-content\">\n                                      <div class=\"card-title\"><p>Peter Hauenstein<\/p><\/div>\n                                    <div class=\"card-info\">\n                                          <strong class=\"first-row row\">Formation <\/strong>\n                                                              <strong class=\"row\">Allemagne<\/strong>\n                                                              <strong class=\"row\">Allemand, Anglais<\/strong>\n                                                              <strong class=\"row\">T: <a href=\"tel:+49 151 5443 1372\">+49 151 5443 1372<\/a><\/strong>\n                                                              <strong class=\"row\">E: <a href=\"mailto:peter.hauenstein@tadano.com\">peter.hauenstein@tadano.com<\/a><\/strong>\n                                      <\/div>\n                <\/div>\n              <\/div>\n            <\/div>\n                                  <div class=\"card-col no-img\">\n              <div class=\"info-card responsive\">\n                <div class=\"card-img\">\n                                  <\/div>\n                <div class=\"card-content\">\n                                      <div class=\"card-title\"><p>S\u00f6nke Eichhorn<\/p><\/div>\n                                    <div class=\"card-info\">\n                                          <strong class=\"first-row row\">Formation technique grues CC<\/strong>\n                                                              <strong class=\"row\">Allemagne<\/strong>\n                                                              <strong class=\"row\">Allemand, Anglais<\/strong>\n                                                              <strong class=\"row\">T: <a href=\"tel:+49 6332 83 2576\">+49 6332 83 2576<\/a><\/strong>\n                                                              <strong class=\"row\">E: <a href=\"mailto:soenke.eichhorn@tadano.com\">soenke.eichhorn@tadano.com<\/a><\/strong>\n                                      <\/div>\n                <\/div>\n              <\/div>\n            <\/div>\n                                  <div class=\"card-col no-img\">\n              <div class=\"info-card responsive\">\n                <div class=\"card-img\">\n                                  <\/div>\n                <div class=\"card-content\">\n                                      <div class=\"card-title\"><p>Christof Leininger<\/p><\/div>\n                                    <div class=\"card-info\">\n                                          <strong class=\"first-row row\">Certification des grutiers<\/strong>\n                                                              <strong class=\"row\">Allemagne<\/strong>\n                                                              <strong class=\"row\">Allemand, Anglais<\/strong>\n                                                              <strong class=\"row\">T: <a href=\"tel:+49 6332 83 2872\">+49 6332 83 2872<\/a><\/strong>\n                                                              <strong class=\"row\">E: <a href=\"mailto:christof.leininger@tadano.com\">christof.leininger@tadano.com<\/a><\/strong>\n                                      <\/div>\n                <\/div>\n              <\/div>\n            <\/div>\n                                  <div class=\"card-col no-img\">\n              <div class=\"info-card responsive\">\n                <div class=\"card-img\">\n                                  <\/div>\n                <div class=\"card-content\">\n                                      <div class=\"card-title\"><p>Oliver Herrmann<\/p><\/div>\n                                    <div class=\"card-info\">\n                                          <strong class=\"first-row row\">Formation technique sur les logiciels<\/strong>\n                                                              <strong class=\"row\">Allemagne<\/strong>\n                                                              <strong class=\"row\">Allemand, Anglais<\/strong>\n                                                              <strong class=\"row\">T: <a href=\"tel:+49 9123 185 5178\">+49 9123 185 5178<\/a><\/strong>\n                                                              <strong class=\"row\">E: <a href=\"mailto:oliver.herrmann@tadano.com\">oliver.herrmann@tadano.com<\/a><\/strong>\n                                      <\/div>\n                <\/div>\n              <\/div>\n            <\/div>\n                            <\/div>\n      <\/div>\n<\/section><\/div><\/div>\n\n\n\n<div class=\"wp-block-group is-style-background-cyan is-layout-flow wp-block-group-is-layout-flow\"><div class=\"wp-block-group__inner-container\">\n<div class=\"wp-block-columns is-layout-flex wp-container-core-columns-layout-1 wp-block-columns-is-layout-flex\">\n<div class=\"wp-block-column is-layout-flow wp-block-column-is-layout-flow\" style=\"flex-basis:33.33%\">\n<h2 class=\"has-white-color has-text-color wp-block-heading\">EN SAVOIR PLUS<\/h2>\n\n\n\n<p class=\"has-white-color has-text-color\">Les experts en grues et les programmes de formation de Tadano aideront votre \u00e9quipe \u00e0 diagnostiquer et \u00e0 r\u00e9soudre les probl\u00e8mes afin de minimiser les temps d&rsquo;arr\u00eat et de maximiser la productivit\u00e9.<\/p>\n<\/div>\n\n\n\n<div class=\"wp-block-column is-layout-flow wp-block-column-is-layout-flow\" style=\"flex-basis:66.66%\"><div class=\"download-button-block\">\n\t<div class=\"btn-holder\">\n\t\t<a href=\"https:\/\/assets.onetadano.com\/celum_assets\/documents\/IC-1 Simulator EN.pdf\" class=\"btn btn-outline\" download>\n\t    Brochure IC-1 Simulator\t  <\/a>\n\t<\/div>\n<\/div><\/div>\n<\/div>\n<\/div><\/div>\n","protected":false},"excerpt":{"rendered":"<p>TRANSMISSION DE SAVOIR-FAIRE DE POINTE Qu&rsquo;il s&rsquo;agisse d&rsquo;hydraulique, de pneumatique, d&rsquo;\u00e9lectrotechnique, d&rsquo;\u00e9lectronique, de moteur ou de syst\u00e8mes de transmission, le d\u00e9partement Formation propose des programmes de formation complets sur les grues mobiles. Les formations sont r\u00e9alis\u00e9es gr\u00e2ce \u00e0 un savant m\u00e9lange de travaux pratiques et de s\u00e9ances de formation en classe utilisant les derni\u00e8res technologies, [&hellip;]<\/p>\n","protected":false},"author":1,"featured_media":0,"parent":3978,"menu_order":0,"comment_status":"closed","ping_status":"closed","template":"","meta":{"_acf_changed":false,"footnotes":""},"acf":[],"yoast_head":"<!-- This site is optimized with the Yoast SEO plugin v22.3 - https:\/\/yoast.com\/wordpress\/plugins\/seo\/ -->\n<title>Formation - DACH<\/title>\n<meta name=\"robots\" content=\"index, follow, max-snippet:-1, max-image-preview:large, max-video-preview:-1\" \/>\n<link rel=\"canonical\" href=\"https:\/\/www.tadano.com\/dach\/fr\/ventes-services\/formation-2\/\" \/>\n<meta property=\"og:locale\" content=\"fr_FR\" \/>\n<meta property=\"og:type\" content=\"article\" \/>\n<meta property=\"og:title\" content=\"Formation - DACH\" \/>\n<meta property=\"og:description\" content=\"TRANSMISSION DE SAVOIR-FAIRE DE POINTE Qu&rsquo;il s&rsquo;agisse d&rsquo;hydraulique, de pneumatique, d&rsquo;\u00e9lectrotechnique, d&rsquo;\u00e9lectronique, de moteur ou de syst\u00e8mes de transmission, le d\u00e9partement Formation propose des programmes de formation complets sur les grues mobiles. Les formations sont r\u00e9alis\u00e9es gr\u00e2ce \u00e0 un savant m\u00e9lange de travaux pratiques et de s\u00e9ances de formation en classe utilisant les derni\u00e8res technologies, [&hellip;]\" \/>\n<meta property=\"og:url\" content=\"https:\/\/www.tadano.com\/dach\/fr\/ventes-services\/formation-2\/\" \/>\n<meta property=\"og:site_name\" content=\"DACH\" \/>\n<meta property=\"article:modified_time\" content=\"2023-05-11T12:54:08+00:00\" \/>\n<meta name=\"twitter:card\" content=\"summary_large_image\" \/>\n<meta name=\"twitter:label1\" content=\"Dur\u00e9e de lecture estim\u00e9e\" \/>\n\t<meta name=\"twitter:data1\" content=\"1 minute\" \/>\n<script type=\"application\/ld+json\" class=\"yoast-schema-graph\">{\"@context\":\"https:\/\/schema.org\",\"@graph\":[{\"@type\":\"WebPage\",\"@id\":\"https:\/\/www.tadano.com\/dach\/fr\/ventes-services\/formation-2\/\",\"url\":\"https:\/\/www.tadano.com\/dach\/fr\/ventes-services\/formation-2\/\",\"name\":\"Formation - DACH\",\"isPartOf\":{\"@id\":\"https:\/\/www.tadano.com\/dach\/en\/#website\"},\"datePublished\":\"2021-08-16T11:06:13+00:00\",\"dateModified\":\"2023-05-11T12:54:08+00:00\",\"inLanguage\":\"fr-FR\",\"potentialAction\":[{\"@type\":\"ReadAction\",\"target\":[\"https:\/\/www.tadano.com\/dach\/fr\/ventes-services\/formation-2\/\"]}]},{\"@type\":\"WebSite\",\"@id\":\"https:\/\/www.tadano.com\/dach\/en\/#website\",\"url\":\"https:\/\/www.tadano.com\/dach\/en\/\",\"name\":\"DACH\",\"description\":\"Just another TADANO EUROPE site\",\"potentialAction\":[{\"@type\":\"SearchAction\",\"target\":{\"@type\":\"EntryPoint\",\"urlTemplate\":\"https:\/\/www.tadano.com\/dach\/en\/?s={search_term_string}\"},\"query-input\":\"required name=search_term_string\"}],\"inLanguage\":\"fr-FR\"}]}<\/script>\n<!-- \/ Yoast SEO plugin. -->","yoast_head_json":{"title":"Formation - DACH","robots":{"index":"index","follow":"follow","max-snippet":"max-snippet:-1","max-image-preview":"max-image-preview:large","max-video-preview":"max-video-preview:-1"},"canonical":"https:\/\/www.tadano.com\/dach\/fr\/ventes-services\/formation-2\/","og_locale":"fr_FR","og_type":"article","og_title":"Formation - DACH","og_description":"TRANSMISSION DE SAVOIR-FAIRE DE POINTE Qu&rsquo;il s&rsquo;agisse d&rsquo;hydraulique, de pneumatique, d&rsquo;\u00e9lectrotechnique, d&rsquo;\u00e9lectronique, de moteur ou de syst\u00e8mes de transmission, le d\u00e9partement Formation propose des programmes de formation complets sur les grues mobiles. Les formations sont r\u00e9alis\u00e9es gr\u00e2ce \u00e0 un savant m\u00e9lange de travaux pratiques et de s\u00e9ances de formation en classe utilisant les derni\u00e8res technologies, [&hellip;]","og_url":"https:\/\/www.tadano.com\/dach\/fr\/ventes-services\/formation-2\/","og_site_name":"DACH","article_modified_time":"2023-05-11T12:54:08+00:00","twitter_card":"summary_large_image","twitter_misc":{"Dur\u00e9e de lecture estim\u00e9e":"1 minute"},"schema":{"@context":"https:\/\/schema.org","@graph":[{"@type":"WebPage","@id":"https:\/\/www.tadano.com\/dach\/fr\/ventes-services\/formation-2\/","url":"https:\/\/www.tadano.com\/dach\/fr\/ventes-services\/formation-2\/","name":"Formation - DACH","isPartOf":{"@id":"https:\/\/www.tadano.com\/dach\/en\/#website"},"datePublished":"2021-08-16T11:06:13+00:00","dateModified":"2023-05-11T12:54:08+00:00","inLanguage":"fr-FR","potentialAction":[{"@type":"ReadAction","target":["https:\/\/www.tadano.com\/dach\/fr\/ventes-services\/formation-2\/"]}]},{"@type":"WebSite","@id":"https:\/\/www.tadano.com\/dach\/en\/#website","url":"https:\/\/www.tadano.com\/dach\/en\/","name":"DACH","description":"Just another TADANO EUROPE site","potentialAction":[{"@type":"SearchAction","target":{"@type":"EntryPoint","urlTemplate":"https:\/\/www.tadano.com\/dach\/en\/?s={search_term_string}"},"query-input":"required name=search_term_string"}],"inLanguage":"fr-FR"}]}},"_links":{"self":[{"href":"https:\/\/www.tadano.com\/dach\/fr\/wp-json\/wp\/v2\/pages\/5414"}],"collection":[{"href":"https:\/\/www.tadano.com\/dach\/fr\/wp-json\/wp\/v2\/pages"}],"about":[{"href":"https:\/\/www.tadano.com\/dach\/fr\/wp-json\/wp\/v2\/types\/page"}],"author":[{"embeddable":true,"href":"https:\/\/www.tadano.com\/dach\/fr\/wp-json\/wp\/v2\/users\/1"}],"replies":[{"embeddable":true,"href":"https:\/\/www.tadano.com\/dach\/fr\/wp-json\/wp\/v2\/comments?post=5414"}],"version-history":[{"count":5,"href":"https:\/\/www.tadano.com\/dach\/fr\/wp-json\/wp\/v2\/pages\/5414\/revisions"}],"predecessor-version":[{"id":24340,"href":"https:\/\/www.tadano.com\/dach\/fr\/wp-json\/wp\/v2\/pages\/5414\/revisions\/24340"}],"up":[{"embeddable":true,"href":"https:\/\/www.tadano.com\/dach\/fr\/wp-json\/wp\/v2\/pages\/3978"}],"wp:attachment":[{"href":"https:\/\/www.tadano.com\/dach\/fr\/wp-json\/wp\/v2\/media?parent=5414"}],"curies":[{"name":"wp","href":"https:\/\/api.w.org\/{rel}","templated":true}]}}