{"id":1888,"date":"2024-06-19T10:07:41","date_gmt":"2024-06-19T10:07:41","guid":{"rendered":"https:\/\/www.tadano.com\/eastern-europe-cis\/?page_id=1888"},"modified":"2024-06-19T10:10:44","modified_gmt":"2024-06-19T10:10:44","slug":"karriere","status":"publish","type":"page","link":"https:\/\/www.tadano.com\/eastern-europe-cis\/de\/ueber-uns\/karriere\/","title":{"rendered":"Karriere"},"content":{"rendered":"\n\n\n<section class=\"hero-section\">\n\n\t\n\t\n\t\n\t<div class=\"img-holder \">\n\t\t\t\t<div class=\"bg-stretch\" style=\"background-position: 50% 50%; \">\n\t\t\t<span data-srcset=\"https:\/\/assets.onetadano.com\/celum_assets\/hero\/TADANO_lineup___NEWYORK__B__.jpg, https:\/\/assets.onetadano.com\/celum_assets\/hero-2x\/TADANO_lineup___NEWYORK__B__.jpg 2x\"><\/span>\n\t\t<\/div>\n\t\t\t\t\t\t<div class=\"logo green-solutions\" style=\"display:none;\">\n\t\t\t<a href=\"#\"><img decoding=\"async\" src=\"https:\/\/www.tadano.com\/eastern-europe-cis\/wp-content\/themes\/tadano\/assets\/dist\/images\/Green-Solutions_Logo_White.svg\"><\/a>\n\t\t<\/div>\n\t<\/div>\n\t<div class=\"container\">\n\t\t<div class=\"text-holder \">\n\t\t\t<div class=\"wrap\">\n\t\t\t\t\n\t\t\t\t<ul class=\"breadcrumbs\"><li><a href=\"https:\/\/www.tadano.com\/eastern-europe-cis\/de\/\">Startseite<\/a><\/li><\/ul>\n\t\t\t\t\n\n<h1 class=\"wp-block-heading\">Karriere<\/h1>\n\n\n\n<p>Als Teil der Tadano-Gruppe teilt Tadano Europe die Mission, unseren Kunden Hebeausr\u00fcstung und damit verbundene Dienstleistungen bereitzustellen, die nicht nur ihre Erwartungen erf\u00fcllen, sondern auch \u00fcbertreffen.<\/p>\n\n\n\n\t\t\t\t\n\t\t\t<\/div>\n\n\t\t\t\n\t\t\t\n\t\t\t\n\t\t<\/div>\n\t<\/div>\n<\/section>\n\n\n<div class=\"wp-block-group is-style-background-white is-layout-flow wp-block-group-is-layout-flow\"><div class=\"wp-block-group__inner-container\">\n<h1 class=\"wp-block-heading\">TRETEN SIE TADANO EUROPE BEI<\/h1>\n\n\n\n<p>Bei Tadano glauben wir daran, eine Kultur der Innovation, Exzellenz und des Wachstums zu f\u00f6rdern. Als f\u00fchrender Anbieter von Hebeausr\u00fcstungsl\u00f6sungen sind wir bestrebt, Top-Talente zu gewinnen, die leidenschaftlich daran interessiert sind, einen Unterschied in der Branche zu machen. Ob Sie ein erfahrener Profi oder ein frischgebackener Absolvent sind, der eine lohnende Karriere anstrebt, Tadano Europe bietet spannende M\u00f6glichkeiten f\u00fcr pers\u00f6nliche und berufliche Entwicklung. Wir ermutigen Einzelpersonen, die von Herausforderungen angetrieben werden und in kollaborativen Umgebungen gedeihen, die M\u00f6glichkeiten bei uns zu erkunden.<\/p>\n\n\n\n<p><strong>Vielen Dank f\u00fcr Ihr Interesse an einer Karriere bei Tadano Europe! Derzeit gibt es keine offenen Stellen in Osteuropa &amp; GUS, aber wir laden Sie ein, bald wieder vorbeizuschauen, da in naher Zukunft neue M\u00f6glichkeiten ver\u00f6ffentlicht werden.<\/strong><\/p>\n<\/div><\/div>\n","protected":false},"excerpt":{"rendered":"<p>TRETEN SIE TADANO EUROPE BEI Bei Tadano glauben wir daran, eine Kultur der Innovation, Exzellenz und des Wachstums zu f\u00f6rdern. Als f\u00fchrender Anbieter von Hebeausr\u00fcstungsl\u00f6sungen sind wir bestrebt, Top-Talente zu gewinnen, die leidenschaftlich daran interessiert sind, einen Unterschied in der Branche zu machen. Ob Sie ein erfahrener Profi oder ein frischgebackener Absolvent sind, der eine [&hellip;]<\/p>\n","protected":false},"author":3,"featured_media":0,"parent":1554,"menu_order":0,"comment_status":"closed","ping_status":"closed","template":"","meta":{"_acf_changed":false,"footnotes":""},"acf":[],"yoast_head":"<!-- This site is optimized with the Yoast SEO plugin v22.3 - https:\/\/yoast.com\/wordpress\/plugins\/seo\/ -->\n<title>Karriere - Eastern Europe &amp; CIS<\/title>\n<meta name=\"robots\" content=\"index, follow, max-snippet:-1, max-image-preview:large, max-video-preview:-1\" \/>\n<link rel=\"canonical\" href=\"https:\/\/www.tadano.com\/eastern-europe-cis\/de\/ueber-uns\/karriere\/\" \/>\n<meta property=\"og:locale\" content=\"de_DE\" \/>\n<meta property=\"og:type\" content=\"article\" \/>\n<meta property=\"og:title\" content=\"Karriere - Eastern Europe &amp; CIS\" \/>\n<meta property=\"og:description\" content=\"TRETEN SIE TADANO EUROPE BEI Bei Tadano glauben wir daran, eine Kultur der Innovation, Exzellenz und des Wachstums zu f\u00f6rdern. Als f\u00fchrender Anbieter von Hebeausr\u00fcstungsl\u00f6sungen sind wir bestrebt, Top-Talente zu gewinnen, die leidenschaftlich daran interessiert sind, einen Unterschied in der Branche zu machen. Ob Sie ein erfahrener Profi oder ein frischgebackener Absolvent sind, der eine [&hellip;]\" \/>\n<meta property=\"og:url\" content=\"https:\/\/www.tadano.com\/eastern-europe-cis\/de\/ueber-uns\/karriere\/\" \/>\n<meta property=\"og:site_name\" content=\"Eastern Europe &amp; CIS\" \/>\n<meta property=\"article:modified_time\" content=\"2024-06-19T10:10:44+00:00\" \/>\n<meta name=\"twitter:card\" content=\"summary_large_image\" \/>\n<meta name=\"twitter:label1\" content=\"Gesch\u00e4tzte Lesezeit\" \/>\n\t<meta name=\"twitter:data1\" content=\"1\u00a0Minute\" \/>\n<script type=\"application\/ld+json\" class=\"yoast-schema-graph\">{\"@context\":\"https:\/\/schema.org\",\"@graph\":[{\"@type\":\"WebPage\",\"@id\":\"https:\/\/www.tadano.com\/eastern-europe-cis\/de\/ueber-uns\/karriere\/\",\"url\":\"https:\/\/www.tadano.com\/eastern-europe-cis\/de\/ueber-uns\/karriere\/\",\"name\":\"Karriere - Eastern Europe &amp; CIS\",\"isPartOf\":{\"@id\":\"https:\/\/www.tadano.com\/eastern-europe-cis\/en\/#website\"},\"datePublished\":\"2024-06-19T10:07:41+00:00\",\"dateModified\":\"2024-06-19T10:10:44+00:00\",\"breadcrumb\":{\"@id\":\"https:\/\/www.tadano.com\/eastern-europe-cis\/de\/ueber-uns\/karriere\/#breadcrumb\"},\"inLanguage\":\"de\",\"potentialAction\":[{\"@type\":\"ReadAction\",\"target\":[\"https:\/\/www.tadano.com\/eastern-europe-cis\/de\/ueber-uns\/karriere\/\"]}]},{\"@type\":\"BreadcrumbList\",\"@id\":\"https:\/\/www.tadano.com\/eastern-europe-cis\/de\/ueber-uns\/karriere\/#breadcrumb\",\"itemListElement\":[{\"@type\":\"ListItem\",\"position\":1,\"name\":\"Home\",\"item\":\"https:\/\/www.tadano.com\/eastern-europe-cis\/de\/\"},{\"@type\":\"ListItem\",\"position\":2,\"name\":\"Karriere\"}]},{\"@type\":\"WebSite\",\"@id\":\"https:\/\/www.tadano.com\/eastern-europe-cis\/en\/#website\",\"url\":\"https:\/\/www.tadano.com\/eastern-europe-cis\/en\/\",\"name\":\"Eastern Europe &amp; CIS\",\"description\":\"\",\"potentialAction\":[{\"@type\":\"SearchAction\",\"target\":{\"@type\":\"EntryPoint\",\"urlTemplate\":\"https:\/\/www.tadano.com\/eastern-europe-cis\/en\/?s={search_term_string}\"},\"query-input\":\"required name=search_term_string\"}],\"inLanguage\":\"de\"}]}<\/script>\n<!-- \/ Yoast SEO plugin. -->","yoast_head_json":{"title":"Karriere - Eastern Europe &amp; CIS","robots":{"index":"index","follow":"follow","max-snippet":"max-snippet:-1","max-image-preview":"max-image-preview:large","max-video-preview":"max-video-preview:-1"},"canonical":"https:\/\/www.tadano.com\/eastern-europe-cis\/de\/ueber-uns\/karriere\/","og_locale":"de_DE","og_type":"article","og_title":"Karriere - Eastern Europe &amp; CIS","og_description":"TRETEN SIE TADANO EUROPE BEI Bei Tadano glauben wir daran, eine Kultur der Innovation, Exzellenz und des Wachstums zu f\u00f6rdern. Als f\u00fchrender Anbieter von Hebeausr\u00fcstungsl\u00f6sungen sind wir bestrebt, Top-Talente zu gewinnen, die leidenschaftlich daran interessiert sind, einen Unterschied in der Branche zu machen. Ob Sie ein erfahrener Profi oder ein frischgebackener Absolvent sind, der eine [&hellip;]","og_url":"https:\/\/www.tadano.com\/eastern-europe-cis\/de\/ueber-uns\/karriere\/","og_site_name":"Eastern Europe &amp; CIS","article_modified_time":"2024-06-19T10:10:44+00:00","twitter_card":"summary_large_image","twitter_misc":{"Gesch\u00e4tzte Lesezeit":"1\u00a0Minute"},"schema":{"@context":"https:\/\/schema.org","@graph":[{"@type":"WebPage","@id":"https:\/\/www.tadano.com\/eastern-europe-cis\/de\/ueber-uns\/karriere\/","url":"https:\/\/www.tadano.com\/eastern-europe-cis\/de\/ueber-uns\/karriere\/","name":"Karriere - Eastern Europe &amp; CIS","isPartOf":{"@id":"https:\/\/www.tadano.com\/eastern-europe-cis\/en\/#website"},"datePublished":"2024-06-19T10:07:41+00:00","dateModified":"2024-06-19T10:10:44+00:00","breadcrumb":{"@id":"https:\/\/www.tadano.com\/eastern-europe-cis\/de\/ueber-uns\/karriere\/#breadcrumb"},"inLanguage":"de","potentialAction":[{"@type":"ReadAction","target":["https:\/\/www.tadano.com\/eastern-europe-cis\/de\/ueber-uns\/karriere\/"]}]},{"@type":"BreadcrumbList","@id":"https:\/\/www.tadano.com\/eastern-europe-cis\/de\/ueber-uns\/karriere\/#breadcrumb","itemListElement":[{"@type":"ListItem","position":1,"name":"Home","item":"https:\/\/www.tadano.com\/eastern-europe-cis\/de\/"},{"@type":"ListItem","position":2,"name":"Karriere"}]},{"@type":"WebSite","@id":"https:\/\/www.tadano.com\/eastern-europe-cis\/en\/#website","url":"https:\/\/www.tadano.com\/eastern-europe-cis\/en\/","name":"Eastern Europe &amp; CIS","description":"","potentialAction":[{"@type":"SearchAction","target":{"@type":"EntryPoint","urlTemplate":"https:\/\/www.tadano.com\/eastern-europe-cis\/en\/?s={search_term_string}"},"query-input":"required name=search_term_string"}],"inLanguage":"de"}]}},"_links":{"self":[{"href":"https:\/\/www.tadano.com\/eastern-europe-cis\/de\/wp-json\/wp\/v2\/pages\/1888"}],"collection":[{"href":"https:\/\/www.tadano.com\/eastern-europe-cis\/de\/wp-json\/wp\/v2\/pages"}],"about":[{"href":"https:\/\/www.tadano.com\/eastern-europe-cis\/de\/wp-json\/wp\/v2\/types\/page"}],"author":[{"embeddable":true,"href":"https:\/\/www.tadano.com\/eastern-europe-cis\/de\/wp-json\/wp\/v2\/users\/3"}],"replies":[{"embeddable":true,"href":"https:\/\/www.tadano.com\/eastern-europe-cis\/de\/wp-json\/wp\/v2\/comments?post=1888"}],"version-history":[{"count":1,"href":"https:\/\/www.tadano.com\/eastern-europe-cis\/de\/wp-json\/wp\/v2\/pages\/1888\/revisions"}],"predecessor-version":[{"id":1889,"href":"https:\/\/www.tadano.com\/eastern-europe-cis\/de\/wp-json\/wp\/v2\/pages\/1888\/revisions\/1889"}],"up":[{"embeddable":true,"href":"https:\/\/www.tadano.com\/eastern-europe-cis\/de\/wp-json\/wp\/v2\/pages\/1554"}],"wp:attachment":[{"href":"https:\/\/www.tadano.com\/eastern-europe-cis\/de\/wp-json\/wp\/v2\/media?parent=1888"}],"curies":[{"name":"wp","href":"https:\/\/api.w.org\/{rel}","templated":true}]}}