{"id":2957,"date":"2026-02-18T14:49:31","date_gmt":"2026-02-18T14:49:31","guid":{"rendered":"https:\/\/www.tadano.com\/eastern-europe-cis\/software-update-cybersicherheit\/"},"modified":"2026-02-24T09:36:43","modified_gmt":"2026-02-24T09:36:43","slug":"software-update-cybersicherheit","status":"publish","type":"page","link":"https:\/\/www.tadano.com\/eastern-europe-cis\/de\/software-update-cybersicherheit\/","title":{"rendered":"Software-Update &amp; Cybersicherheit"},"content":{"rendered":"\n<h1 class=\"wp-block-heading\"><strong>Software-Update &amp; Cybersicherheit<\/strong><\/h1>\n\n\n\n<h2 class=\"wp-block-heading\">Software-Update-Management<\/h2>\n\n\n\n<p>Bei Fragen zur Kransoftware oder zu verf\u00fcgbaren Updates wenden Sie sich bitte an Ihren autorisierten Tadano Servicepartner. Sicherheitsrelevante Software\u00e4nderungen d\u00fcrfen ausschlie\u00dflich von autorisierten Servicepartnern durchgef\u00fchrt werden, um die fortlaufende Konformit\u00e4t mit der Typgenehmigung des Fahrzeugs sicherzustellen.<\/p>\n\n\n\n<h2 class=\"wp-block-heading\">Cybersicherheit<\/h2>\n\n\n\n<p>Bei Fragen zur Cybersicherheit wenden Sie sich bitte an Ihren autorisierten Tadano Service-Partner. Weitere Informationen k\u00f6nnen zuk\u00fcnftig hier bereitgestellt werden.<\/p>\n","protected":false},"excerpt":{"rendered":"<p>Software-Update &amp; Cybersicherheit Software-Update-Management Bei Fragen zur Kransoftware oder zu verf\u00fcgbaren Updates wenden Sie sich bitte an Ihren autorisierten Tadano Servicepartner. Sicherheitsrelevante Software\u00e4nderungen d\u00fcrfen ausschlie\u00dflich von autorisierten Servicepartnern durchgef\u00fchrt werden, um die fortlaufende Konformit\u00e4t mit der Typgenehmigung des Fahrzeugs sicherzustellen. Cybersicherheit Bei Fragen zur Cybersicherheit wenden Sie sich bitte an Ihren autorisierten Tadano Service-Partner. Weitere [&hellip;]<\/p>\n","protected":false},"author":3,"featured_media":0,"parent":0,"menu_order":0,"comment_status":"closed","ping_status":"closed","template":"","meta":{"_acf_changed":false,"footnotes":""},"acf":[],"yoast_head":"<!-- This site is optimized with the Yoast SEO plugin v22.3 - https:\/\/yoast.com\/wordpress\/plugins\/seo\/ -->\n<title>Software-Update &amp; Cybersicherheit - Eastern Europe &amp; CIS<\/title>\n<meta name=\"robots\" content=\"index, follow, max-snippet:-1, max-image-preview:large, max-video-preview:-1\" \/>\n<link rel=\"canonical\" href=\"https:\/\/www.tadano.com\/eastern-europe-cis\/de\/software-update-cybersicherheit\/\" \/>\n<meta property=\"og:locale\" content=\"de_DE\" \/>\n<meta property=\"og:type\" content=\"article\" \/>\n<meta property=\"og:title\" content=\"Software-Update &amp; Cybersicherheit - Eastern Europe &amp; CIS\" \/>\n<meta property=\"og:description\" content=\"Software-Update &amp; Cybersicherheit Software-Update-Management Bei Fragen zur Kransoftware oder zu verf\u00fcgbaren Updates wenden Sie sich bitte an Ihren autorisierten Tadano Servicepartner. Sicherheitsrelevante Software\u00e4nderungen d\u00fcrfen ausschlie\u00dflich von autorisierten Servicepartnern durchgef\u00fchrt werden, um die fortlaufende Konformit\u00e4t mit der Typgenehmigung des Fahrzeugs sicherzustellen. Cybersicherheit Bei Fragen zur Cybersicherheit wenden Sie sich bitte an Ihren autorisierten Tadano Service-Partner. Weitere [&hellip;]\" \/>\n<meta property=\"og:url\" content=\"https:\/\/www.tadano.com\/eastern-europe-cis\/de\/software-update-cybersicherheit\/\" \/>\n<meta property=\"og:site_name\" content=\"Eastern Europe &amp; CIS\" \/>\n<meta property=\"article:modified_time\" content=\"2026-02-24T09:36:43+00:00\" \/>\n<meta name=\"twitter:card\" content=\"summary_large_image\" \/>\n<meta name=\"twitter:label1\" content=\"Gesch\u00e4tzte Lesezeit\" \/>\n\t<meta name=\"twitter:data1\" content=\"1\u00a0Minute\" \/>\n<script type=\"application\/ld+json\" class=\"yoast-schema-graph\">{\"@context\":\"https:\/\/schema.org\",\"@graph\":[{\"@type\":\"WebPage\",\"@id\":\"https:\/\/www.tadano.com\/eastern-europe-cis\/de\/software-update-cybersicherheit\/\",\"url\":\"https:\/\/www.tadano.com\/eastern-europe-cis\/de\/software-update-cybersicherheit\/\",\"name\":\"Software-Update &amp; Cybersicherheit - Eastern Europe &amp; CIS\",\"isPartOf\":{\"@id\":\"https:\/\/www.tadano.com\/eastern-europe-cis\/en\/#website\"},\"datePublished\":\"2026-02-18T14:49:31+00:00\",\"dateModified\":\"2026-02-24T09:36:43+00:00\",\"breadcrumb\":{\"@id\":\"https:\/\/www.tadano.com\/eastern-europe-cis\/de\/software-update-cybersicherheit\/#breadcrumb\"},\"inLanguage\":\"de\",\"potentialAction\":[{\"@type\":\"ReadAction\",\"target\":[\"https:\/\/www.tadano.com\/eastern-europe-cis\/de\/software-update-cybersicherheit\/\"]}]},{\"@type\":\"BreadcrumbList\",\"@id\":\"https:\/\/www.tadano.com\/eastern-europe-cis\/de\/software-update-cybersicherheit\/#breadcrumb\",\"itemListElement\":[{\"@type\":\"ListItem\",\"position\":1,\"name\":\"Home\",\"item\":\"https:\/\/www.tadano.com\/eastern-europe-cis\/de\/\"},{\"@type\":\"ListItem\",\"position\":2,\"name\":\"Software-Update &amp; Cybersicherheit\"}]},{\"@type\":\"WebSite\",\"@id\":\"https:\/\/www.tadano.com\/eastern-europe-cis\/en\/#website\",\"url\":\"https:\/\/www.tadano.com\/eastern-europe-cis\/en\/\",\"name\":\"Eastern Europe &amp; CIS\",\"description\":\"\",\"potentialAction\":[{\"@type\":\"SearchAction\",\"target\":{\"@type\":\"EntryPoint\",\"urlTemplate\":\"https:\/\/www.tadano.com\/eastern-europe-cis\/en\/?s={search_term_string}\"},\"query-input\":\"required name=search_term_string\"}],\"inLanguage\":\"de\"}]}<\/script>\n<!-- \/ Yoast SEO plugin. -->","yoast_head_json":{"title":"Software-Update &amp; Cybersicherheit - Eastern Europe &amp; CIS","robots":{"index":"index","follow":"follow","max-snippet":"max-snippet:-1","max-image-preview":"max-image-preview:large","max-video-preview":"max-video-preview:-1"},"canonical":"https:\/\/www.tadano.com\/eastern-europe-cis\/de\/software-update-cybersicherheit\/","og_locale":"de_DE","og_type":"article","og_title":"Software-Update &amp; Cybersicherheit - Eastern Europe &amp; CIS","og_description":"Software-Update &amp; Cybersicherheit Software-Update-Management Bei Fragen zur Kransoftware oder zu verf\u00fcgbaren Updates wenden Sie sich bitte an Ihren autorisierten Tadano Servicepartner. Sicherheitsrelevante Software\u00e4nderungen d\u00fcrfen ausschlie\u00dflich von autorisierten Servicepartnern durchgef\u00fchrt werden, um die fortlaufende Konformit\u00e4t mit der Typgenehmigung des Fahrzeugs sicherzustellen. Cybersicherheit Bei Fragen zur Cybersicherheit wenden Sie sich bitte an Ihren autorisierten Tadano Service-Partner. Weitere [&hellip;]","og_url":"https:\/\/www.tadano.com\/eastern-europe-cis\/de\/software-update-cybersicherheit\/","og_site_name":"Eastern Europe &amp; CIS","article_modified_time":"2026-02-24T09:36:43+00:00","twitter_card":"summary_large_image","twitter_misc":{"Gesch\u00e4tzte Lesezeit":"1\u00a0Minute"},"schema":{"@context":"https:\/\/schema.org","@graph":[{"@type":"WebPage","@id":"https:\/\/www.tadano.com\/eastern-europe-cis\/de\/software-update-cybersicherheit\/","url":"https:\/\/www.tadano.com\/eastern-europe-cis\/de\/software-update-cybersicherheit\/","name":"Software-Update &amp; Cybersicherheit - Eastern Europe &amp; CIS","isPartOf":{"@id":"https:\/\/www.tadano.com\/eastern-europe-cis\/en\/#website"},"datePublished":"2026-02-18T14:49:31+00:00","dateModified":"2026-02-24T09:36:43+00:00","breadcrumb":{"@id":"https:\/\/www.tadano.com\/eastern-europe-cis\/de\/software-update-cybersicherheit\/#breadcrumb"},"inLanguage":"de","potentialAction":[{"@type":"ReadAction","target":["https:\/\/www.tadano.com\/eastern-europe-cis\/de\/software-update-cybersicherheit\/"]}]},{"@type":"BreadcrumbList","@id":"https:\/\/www.tadano.com\/eastern-europe-cis\/de\/software-update-cybersicherheit\/#breadcrumb","itemListElement":[{"@type":"ListItem","position":1,"name":"Home","item":"https:\/\/www.tadano.com\/eastern-europe-cis\/de\/"},{"@type":"ListItem","position":2,"name":"Software-Update &amp; Cybersicherheit"}]},{"@type":"WebSite","@id":"https:\/\/www.tadano.com\/eastern-europe-cis\/en\/#website","url":"https:\/\/www.tadano.com\/eastern-europe-cis\/en\/","name":"Eastern Europe &amp; CIS","description":"","potentialAction":[{"@type":"SearchAction","target":{"@type":"EntryPoint","urlTemplate":"https:\/\/www.tadano.com\/eastern-europe-cis\/en\/?s={search_term_string}"},"query-input":"required name=search_term_string"}],"inLanguage":"de"}]}},"_links":{"self":[{"href":"https:\/\/www.tadano.com\/eastern-europe-cis\/de\/wp-json\/wp\/v2\/pages\/2957"}],"collection":[{"href":"https:\/\/www.tadano.com\/eastern-europe-cis\/de\/wp-json\/wp\/v2\/pages"}],"about":[{"href":"https:\/\/www.tadano.com\/eastern-europe-cis\/de\/wp-json\/wp\/v2\/types\/page"}],"author":[{"embeddable":true,"href":"https:\/\/www.tadano.com\/eastern-europe-cis\/de\/wp-json\/wp\/v2\/users\/3"}],"replies":[{"embeddable":true,"href":"https:\/\/www.tadano.com\/eastern-europe-cis\/de\/wp-json\/wp\/v2\/comments?post=2957"}],"version-history":[{"count":1,"href":"https:\/\/www.tadano.com\/eastern-europe-cis\/de\/wp-json\/wp\/v2\/pages\/2957\/revisions"}],"predecessor-version":[{"id":3006,"href":"https:\/\/www.tadano.com\/eastern-europe-cis\/de\/wp-json\/wp\/v2\/pages\/2957\/revisions\/3006"}],"wp:attachment":[{"href":"https:\/\/www.tadano.com\/eastern-europe-cis\/de\/wp-json\/wp\/v2\/media?parent=2957"}],"curies":[{"name":"wp","href":"https:\/\/api.w.org\/{rel}","templated":true}]}}