{"id":12987,"date":"2021-12-07T10:14:53","date_gmt":"2021-12-07T10:14:53","guid":{"rendered":"https:\/\/www.tadano.com\/espana-y-portugal\/whistleblowing\/"},"modified":"2023-12-14T15:16:21","modified_gmt":"2023-12-14T15:16:21","slug":"denuncia-de-irregularidades-y-reclamaciones-en-la-cadena-de-suministro","status":"publish","type":"page","link":"https:\/\/www.tadano.com\/espana-y-portugal\/es\/denuncia-de-irregularidades-y-reclamaciones-en-la-cadena-de-suministro\/","title":{"rendered":"Denuncia de irregularidades y reclamaciones en la cadena de suministro"},"content":{"rendered":"\n<h1 class=\"has-text-align-center wp-block-heading\"><strong>DENUNCIA DE IRREGULARIDADES Y RECLAMACIONES EN LA CADENA DE SUMINISTRO (derechos humanos y medio ambiente)<\/strong><br><\/h1>\n\n\n\n<p>Tadano Europa ofrece la posibilidad de que todos los empleados de todas las sedes y sucursales europeas denuncien infracciones de conformidad con la Directiva 2019\/1937 de la UE. Todos los empleados (incluidos los antiguos empleados), proveedores, contratistas o cualquier otra persona pueden denunciar infracciones, ya sean infracciones locales de la ley o infracciones de directivas, reglamentos, normas de la UE o incumplimiento de la Carta de RSC de TADANO, el C\u00f3digo de Conducta de TADANO o cualquier directiva, reglamento o procedimiento comparable de Tadano aplicable en Europa. Tambi\u00e9n se pueden presentar denuncias con respecto a riesgos e infracciones en la cadena de suministro en los \u00e1mbitos de los derechos humanos y el medio ambiente.<\/p>\n\n\n\n<p>No obstante, la denuncia deber\u00e1 referirse siempre al \u00e1mbito de actividad de Tadano Europa. La infracci\u00f3n debe haber sido cometida por una empresa de Tadano, un empleado o proveedor, contratista u otra persona bajo el control de Tadano (denuncia de irregularidades) o el riesgo o infracci\u00f3n debe existir \/ haberse cometido en Tadano o en un proveedor directo o indirecto.<\/p>\n\n\n\n<p>Puede denunciar infracciones en l\u00ednea a trav\u00e9s de la plataforma LegalTegrity (operada por LegalTegrity GmbH, Frankfurt am Main). Esto puede hacerse de forma an\u00f3nima, aunque no es obligatorio. El contacto de LegalTegrity en Tadano para estas denuncias es la Oficina de Cumplimiento de Tadano.<\/p>\n\n\n\n<p class=\"has-text-align-center\"><strong>Su mensaje es confidencial.<\/strong><br><strong><br>Su informe ser\u00e1 investigado.<\/strong><br><strong><br>Los denunciantes honestos y sus intermediarios siguen estando protegidos.<\/strong><\/p>\n\n\n\n<p class=\"has-text-align-center\">Puede hacer la declaraci\u00f3n usted mismo o a trav\u00e9s de un intermediario (que usted mismo determina).<br><br><strong>Todo informe debe ser veraz.<\/strong><\/p>\n\n\n\n<p>Enlace a la plataforma Legalegrity:<br><br><a href=\"https:\/\/app.legaltegrity.com\/report\/72e96c88-1390-4c5c-9d08-d72946305645\" target=\"_blank\" rel=\"noreferrer noopener\">https:\/\/app.legaltegrity.com\/report\/72e96c88-1390-4c5c-9d08-d72946305645<\/a><\/p>\n\n\n\n<p><em>Idiomas disponibles: Alem\u00e1n, ingl\u00e9s, italiano, espa\u00f1ol, franc\u00e9s, neerland\u00e9s, sueco y fin\u00e9s.<\/em><\/p>\n\n\n\n<p class=\"has-text-align-center\"><strong>NOTA IMPORTANTE<\/strong><\/p>\n\n\n\n<p>Este <strong>NO <\/strong>es un servicio para recibir: urgencias, reclamaciones de garant\u00eda, quejas, reclamaciones, consejos, consultas, sugerencias.<br>Los informes que no contengan informaci\u00f3n espec\u00edfica no podr\u00e1n ser procesados.<\/p>\n\n\n\n<p>No realice informes deliberadamente falsos o enga\u00f1osos. Puede incurrir en responsabilidad civil o penal.<\/p>\n\n\n\n<p>Esta organizaci\u00f3n no est\u00e1 autorizada a enviar mensajes a Tadano.<\/p>\n","protected":false},"excerpt":{"rendered":"<p>DENUNCIA DE IRREGULARIDADES Y RECLAMACIONES EN LA CADENA DE SUMINISTRO (derechos humanos y medio ambiente) Tadano Europa ofrece la posibilidad de que todos los empleados de todas las sedes y sucursales europeas denuncien infracciones de conformidad con la Directiva 2019\/1937 de la UE. Todos los empleados (incluidos los antiguos empleados), proveedores, contratistas o cualquier otra [&hellip;]<\/p>\n","protected":false},"author":3,"featured_media":0,"parent":0,"menu_order":0,"comment_status":"closed","ping_status":"closed","template":"templates\/corner-image.php","meta":{"_acf_changed":false,"footnotes":""},"acf":[],"yoast_head":"<!-- This site is optimized with the Yoast SEO plugin v22.3 - https:\/\/yoast.com\/wordpress\/plugins\/seo\/ -->\n<title>Denuncia de irregularidades y reclamaciones en la cadena de suministro - Spain &amp; Portugal<\/title>\n<meta name=\"robots\" content=\"index, follow, max-snippet:-1, max-image-preview:large, max-video-preview:-1\" \/>\n<link rel=\"canonical\" href=\"https:\/\/www.tadano.com\/espana-y-portugal\/es\/denuncia-de-irregularidades-y-reclamaciones-en-la-cadena-de-suministro\/\" \/>\n<meta property=\"og:locale\" content=\"es_ES\" \/>\n<meta property=\"og:type\" content=\"article\" \/>\n<meta property=\"og:title\" content=\"Denuncia de irregularidades y reclamaciones en la cadena de suministro - Spain &amp; Portugal\" \/>\n<meta property=\"og:description\" content=\"DENUNCIA DE IRREGULARIDADES Y RECLAMACIONES EN LA CADENA DE SUMINISTRO (derechos humanos y medio ambiente) Tadano Europa ofrece la posibilidad de que todos los empleados de todas las sedes y sucursales europeas denuncien infracciones de conformidad con la Directiva 2019\/1937 de la UE. Todos los empleados (incluidos los antiguos empleados), proveedores, contratistas o cualquier otra [&hellip;]\" \/>\n<meta property=\"og:url\" content=\"https:\/\/www.tadano.com\/espana-y-portugal\/es\/denuncia-de-irregularidades-y-reclamaciones-en-la-cadena-de-suministro\/\" \/>\n<meta property=\"og:site_name\" content=\"Spain &amp; Portugal\" \/>\n<meta property=\"article:modified_time\" content=\"2023-12-14T15:16:21+00:00\" \/>\n<meta name=\"twitter:card\" content=\"summary_large_image\" \/>\n<meta name=\"twitter:label1\" content=\"Tiempo de lectura\" \/>\n\t<meta name=\"twitter:data1\" content=\"2 minutos\" \/>\n<script type=\"application\/ld+json\" class=\"yoast-schema-graph\">{\"@context\":\"https:\/\/schema.org\",\"@graph\":[{\"@type\":\"WebPage\",\"@id\":\"https:\/\/www.tadano.com\/espana-y-portugal\/es\/denuncia-de-irregularidades-y-reclamaciones-en-la-cadena-de-suministro\/\",\"url\":\"https:\/\/www.tadano.com\/espana-y-portugal\/es\/denuncia-de-irregularidades-y-reclamaciones-en-la-cadena-de-suministro\/\",\"name\":\"Denuncia de irregularidades y reclamaciones en la cadena de suministro - Spain &amp; Portugal\",\"isPartOf\":{\"@id\":\"https:\/\/www.tadano.com\/espana-y-portugal\/es\/#website\"},\"datePublished\":\"2021-12-07T10:14:53+00:00\",\"dateModified\":\"2023-12-14T15:16:21+00:00\",\"inLanguage\":\"es\",\"potentialAction\":[{\"@type\":\"ReadAction\",\"target\":[\"https:\/\/www.tadano.com\/espana-y-portugal\/es\/denuncia-de-irregularidades-y-reclamaciones-en-la-cadena-de-suministro\/\"]}]},{\"@type\":\"WebSite\",\"@id\":\"https:\/\/www.tadano.com\/espana-y-portugal\/es\/#website\",\"url\":\"https:\/\/www.tadano.com\/espana-y-portugal\/es\/\",\"name\":\"Spain &amp; Portugal\",\"description\":\"Just another TADANO EUROPE site\",\"potentialAction\":[{\"@type\":\"SearchAction\",\"target\":{\"@type\":\"EntryPoint\",\"urlTemplate\":\"https:\/\/www.tadano.com\/espana-y-portugal\/es\/?s={search_term_string}\"},\"query-input\":\"required name=search_term_string\"}],\"inLanguage\":\"es\"}]}<\/script>\n<!-- \/ Yoast SEO plugin. -->","yoast_head_json":{"title":"Denuncia de irregularidades y reclamaciones en la cadena de suministro - Spain &amp; Portugal","robots":{"index":"index","follow":"follow","max-snippet":"max-snippet:-1","max-image-preview":"max-image-preview:large","max-video-preview":"max-video-preview:-1"},"canonical":"https:\/\/www.tadano.com\/espana-y-portugal\/es\/denuncia-de-irregularidades-y-reclamaciones-en-la-cadena-de-suministro\/","og_locale":"es_ES","og_type":"article","og_title":"Denuncia de irregularidades y reclamaciones en la cadena de suministro - Spain &amp; Portugal","og_description":"DENUNCIA DE IRREGULARIDADES Y RECLAMACIONES EN LA CADENA DE SUMINISTRO (derechos humanos y medio ambiente) Tadano Europa ofrece la posibilidad de que todos los empleados de todas las sedes y sucursales europeas denuncien infracciones de conformidad con la Directiva 2019\/1937 de la UE. Todos los empleados (incluidos los antiguos empleados), proveedores, contratistas o cualquier otra [&hellip;]","og_url":"https:\/\/www.tadano.com\/espana-y-portugal\/es\/denuncia-de-irregularidades-y-reclamaciones-en-la-cadena-de-suministro\/","og_site_name":"Spain &amp; Portugal","article_modified_time":"2023-12-14T15:16:21+00:00","twitter_card":"summary_large_image","twitter_misc":{"Tiempo de lectura":"2 minutos"},"schema":{"@context":"https:\/\/schema.org","@graph":[{"@type":"WebPage","@id":"https:\/\/www.tadano.com\/espana-y-portugal\/es\/denuncia-de-irregularidades-y-reclamaciones-en-la-cadena-de-suministro\/","url":"https:\/\/www.tadano.com\/espana-y-portugal\/es\/denuncia-de-irregularidades-y-reclamaciones-en-la-cadena-de-suministro\/","name":"Denuncia de irregularidades y reclamaciones en la cadena de suministro - Spain &amp; Portugal","isPartOf":{"@id":"https:\/\/www.tadano.com\/espana-y-portugal\/es\/#website"},"datePublished":"2021-12-07T10:14:53+00:00","dateModified":"2023-12-14T15:16:21+00:00","inLanguage":"es","potentialAction":[{"@type":"ReadAction","target":["https:\/\/www.tadano.com\/espana-y-portugal\/es\/denuncia-de-irregularidades-y-reclamaciones-en-la-cadena-de-suministro\/"]}]},{"@type":"WebSite","@id":"https:\/\/www.tadano.com\/espana-y-portugal\/es\/#website","url":"https:\/\/www.tadano.com\/espana-y-portugal\/es\/","name":"Spain &amp; Portugal","description":"Just another TADANO EUROPE site","potentialAction":[{"@type":"SearchAction","target":{"@type":"EntryPoint","urlTemplate":"https:\/\/www.tadano.com\/espana-y-portugal\/es\/?s={search_term_string}"},"query-input":"required name=search_term_string"}],"inLanguage":"es"}]}},"_links":{"self":[{"href":"https:\/\/www.tadano.com\/espana-y-portugal\/es\/wp-json\/wp\/v2\/pages\/12987"}],"collection":[{"href":"https:\/\/www.tadano.com\/espana-y-portugal\/es\/wp-json\/wp\/v2\/pages"}],"about":[{"href":"https:\/\/www.tadano.com\/espana-y-portugal\/es\/wp-json\/wp\/v2\/types\/page"}],"author":[{"embeddable":true,"href":"https:\/\/www.tadano.com\/espana-y-portugal\/es\/wp-json\/wp\/v2\/users\/3"}],"replies":[{"embeddable":true,"href":"https:\/\/www.tadano.com\/espana-y-portugal\/es\/wp-json\/wp\/v2\/comments?post=12987"}],"version-history":[{"count":4,"href":"https:\/\/www.tadano.com\/espana-y-portugal\/es\/wp-json\/wp\/v2\/pages\/12987\/revisions"}],"predecessor-version":[{"id":16514,"href":"https:\/\/www.tadano.com\/espana-y-portugal\/es\/wp-json\/wp\/v2\/pages\/12987\/revisions\/16514"}],"wp:attachment":[{"href":"https:\/\/www.tadano.com\/espana-y-portugal\/es\/wp-json\/wp\/v2\/media?parent=12987"}],"curies":[{"name":"wp","href":"https:\/\/api.w.org\/{rel}","templated":true}]}}