{"id":14114,"date":"2021-12-10T11:30:02","date_gmt":"2021-12-10T11:30:02","guid":{"rendered":"https:\/\/www.tadano.com\/espana-y-portugal\/tecnologia\/tecnologias-respetuosas-con-el-medio-ambiente-y-el-clima\/"},"modified":"2024-05-08T14:28:39","modified_gmt":"2024-05-08T14:28:39","slug":"tecnologias-respetuosas-con-el-medio-ambiente-y-el-clima","status":"publish","type":"page","link":"https:\/\/www.tadano.com\/espana-y-portugal\/es\/tecnologia\/tecnologias-respetuosas-con-el-medio-ambiente-y-el-clima\/","title":{"rendered":"Tecnolog\u00edas respetuosas con el medio ambiente y el clima"},"content":{"rendered":"\n\n\n<section class=\"hero-section\">\n\n\t\n\t\n\t\n\t<div class=\"img-holder \">\n\t\t\t\t<div class=\"bg-stretch\" style=\"background-position: 0 50%; \">\n\t\t\t<span data-srcset=\"https:\/\/assets.onetadano.com\/celum_assets\/hero\/HVO.jpg, https:\/\/assets.onetadano.com\/celum_assets\/hero-2x\/HVO.jpg 2x\"><\/span>\n\t\t<\/div>\n\t\t\t\t\t\t<div class=\"logo green-solutions\" style=\"display:none;\">\n\t\t\t<a href=\"#\"><img decoding=\"async\" src=\"https:\/\/www.tadano.com\/espana-y-portugal\/wp-content\/themes\/tadano\/assets\/dist\/images\/Green-Solutions_Logo_White.svg\"><\/a>\n\t\t<\/div>\n\t<\/div>\n\t<div class=\"container\">\n\t\t<div class=\"text-holder \">\n\t\t\t<div class=\"wrap\">\n\t\t\t\t\n\t\t\t\t<ul class=\"breadcrumbs\"><li><a href=\"https:\/\/www.tadano.com\/espana-y-portugal\/es\/\">Inicio<\/a><\/li><\/ul>\n\t\t\t\t\n\n<h1 class=\"wp-block-heading\">Tecnolog\u00edas respetuosas con el medio ambiente y el clima<\/h1>\n\n\n\n<p>La protecci\u00f3n del medio ambiente y la sostenibilidad son una parte fundamental de la filosof\u00eda de empresa de Tadano. Por eso trabajamos constantemente en el desarrollo de tecnolog\u00edas de accionamiento libre de emisiones y de emisiones reducidas que permitan a nuestros clientes utilizar las gr\u00faas de forma respetuosa con el medio ambiente y el clima.<\/p>\n\n\n\n\t\t\t\t\n\t\t\t<\/div>\n\n\t\t\t\n\t\t\t\n\t\t\t\n\t\t<\/div>\n\t<\/div>\n<\/section>\n\n\n\n\n<div class=\"wp-block-group is-style-background-triangle-right has-white-color has-dark-blue-background-color has-text-color has-background is-layout-flow wp-block-group-is-layout-flow\"><div class=\"wp-block-group__inner-container\">\n<div class=\"wp-block-columns is-layout-flex wp-container-core-columns-layout-2 wp-block-columns-is-layout-flex\">\n<div class=\"wp-block-column is-layout-flow wp-block-column-is-layout-flow\" style=\"flex-basis:33.33%\">\n<h2 class=\"wp-block-heading\">Explorar tecnolog\u00edas<\/h2>\n\n\n\n<p>Las tecnolog\u00edas de bajo consumo y emisiones de Tadano reducen las emisiones de gases de efecto invernadero, as\u00ed como de sustancias contaminantes y en muchos casos tambi\u00e9n minimizan los costes de funcionamiento.<\/p>\n<\/div>\n\n\n\n<div class=\"wp-block-column is-layout-flow wp-block-column-is-layout-flow\" style=\"flex-basis:66.66%\">\n\n<div class=\"links-block-wrapper\">\n  <div class=\"container\">\n    <section class=\"links-block\">\n\n\n              <div class=\"links-block\">\n                      \n\n            <div class=\"link-single\">\n                              <a href=\"https:\/\/www.tadano.com\/espana-y-portugal\/es\/technologies\/combustibles-diesel-alternativos\/\">\n                                                      <strong class='title'>Combustibles di\u00e9sel alternativos<\/strong>\n                                                        <p>Todas las gr\u00faas Tadano actuales se pueden operar, en funci\u00f3n del modelo, tambi\u00e9n con diferentes combustibles di\u00e9sel alternativos. El uso de estos combustibles permite en muchos casos un funcionamiento de las gr\u00faas con emisiones reducidas y, por tanto, m\u00e1s respetuoso con el clima y el medio ambiente.<\/p>\n                                  <\/a>\n              <\/div>\n\n                          \n\n            <div class=\"link-single\">\n                              <a href=\"https:\/\/www.tadano.com\/espana-y-portugal\/es\/technologies\/e-pack\/\">\n                                                      <strong class='title'>e-PACK<\/strong>\n                                                        <p>Sistema electrohidr\u00e1ulico con cero emisiones en el funcionamiento de la gr\u00faa. Perfecto para zonas urbanas, de noche o para operar en interiores.<\/p>\n                                  <\/a>\n              <\/div>\n\n                          \n\n            <div class=\"link-single\">\n                              <a href=\"https:\/\/www.tadano.com\/espana-y-portugal\/es\/technologies\/sistema-eco-mode\/\">\n                                                      <strong class='title'>Sistema Eco Mode<\/strong>\n                                                        <p>El modo Eco controla la velocidad m\u00e1xima del motor para reducir las emisiones, el consumo de combustible y el ruido, proporcionando a la vez un funcionamiento robusto de la gr\u00faa.<\/p>\n                                  <\/a>\n              <\/div>\n\n                          \n\n            <div class=\"link-single\">\n                              <a href=\"https:\/\/www.tadano.com\/espana-y-portugal\/es\/technologies\/start-stop\/\">\n                                                      <strong class='title'>Start-Stop<\/strong>\n                                                        <p>La funci\u00f3n start-stop permite apagar manualmente el motor con un bot\u00f3n en la cabina durante el funcionamiento de la gr\u00faa para evitar el ralent\u00ed. Esta funci\u00f3n puede utilizarse para reducir el consumo de combustible, las emisiones y las horas de funcionamiento de la gr\u00faa. Mientras el motor est\u00e1 apagado, el sistema de control de la gr\u00faa permanece activo, de modo que el funcionamiento de la gr\u00faa puede reanudarse r\u00e1pidamente tras volver a arrancar.<\/p>\n                                  <\/a>\n              <\/div>\n\n                        <\/div>\n          \n        \n      <\/section>\n    <\/div>\n  <\/div><\/div>\n<\/div>\n<\/div><\/div>\n\n\n\n    <section class=\"news-section\">\n\n    <div class=\"container\">\n      <div class=\"text-block\">\n        <h2>Noticias<\/h2>\n                        \n                  <a href=\"https:\/\/www.tadano.com\/espana-y-portugal\/es\/acerca-de\/news-list\/\" class=\"link-more\">EXPLORAR TODAS las noticias<\/a>\n        \n\n                <div class=\"controls\">\n          <svg width=\"14\" height=\"31\" viewBox=\"0 0 14 31\" fill=\"none\" xmlns=\"http:\/\/www.w3.org\/2000\/svg\">\n           <path d=\"M13 1L1 15.5L13 30\" stroke=\"#fff\"\/>\n          <\/svg>\n          <svg width=\"15\" height=\"31\" viewBox=\"0 0 15 31\" fill=\"none\" xmlns=\"http:\/\/www.w3.org\/2000\/svg\">\n           <path d=\"M1 1L14 15.5L1 30\" stroke=\"#fff\"\/>\n          <\/svg>\n        <\/div>\n        \n\n        \n      <\/div>\n      <div class=\"slick-slider simple-slider\">\n                              <div>\n              <div class=\"news-single\">\n                <a href=\"https:\/\/www.tadano.com\/espana-y-portugal\/es\/news\/dos-gruas-ac-para-talleres-y-gruas-estacion\/\">\n                  <strong class=\"title\">Dos gruas AC para Talleres y Gr\u00faas Estaci\u00f3n<\/strong>\n                  <ul class=\"meta\">\n                    <li>Publicaci\u00f3n<\/li>\n                    <li><time datetime=\"2020-01-01\">Abr\/02\/2026<\/time><\/li>\n                  <\/ul>\n                <\/a>\n              <\/div>\n            <\/div>\n                      <div>\n              <div class=\"news-single\">\n                <a href=\"https:\/\/www.tadano.com\/espana-y-portugal\/es\/news\/ignacio-espanol-escudero-nombrado-director-general-de-tadano-espana\/\">\n                  <strong class=\"title\">IGNACIO ESPA\u00d1OL ESCUDERO NOMBRADO DIRECTOR GENERAL DE TADANO ESPA\u00d1A<\/strong>\n                  <ul class=\"meta\">\n                    <li>Publicaci\u00f3n<\/li>\n                    <li><time datetime=\"2020-01-01\">Oct\/30\/2025<\/time><\/li>\n                  <\/ul>\n                <\/a>\n              <\/div>\n            <\/div>\n                      <div>\n              <div class=\"news-single\">\n                <a href=\"https:\/\/www.tadano.com\/espana-y-portugal\/es\/news\/la-nueva-octoplus-30\/\">\n                  <strong class=\"title\">La nueva Octoplus 30<\/strong>\n                  <ul class=\"meta\">\n                    <li>Publicaci\u00f3n<\/li>\n                    <li><time datetime=\"2020-01-01\">Sep\/25\/2025<\/time><\/li>\n                  <\/ul>\n                <\/a>\n              <\/div>\n            <\/div>\n                      <div>\n              <div class=\"news-single\">\n                <a href=\"https:\/\/www.tadano.com\/espana-y-portugal\/es\/news\/www.tadano.completa-la-adquisicion-del-sector-empresarial-de-sistemas-de-transporte-de-ihi-transport-machinery\">\n                  <strong class=\"title\">Tadano completa la adquisici\u00f3n del sector empresarial de sistemas de transporte de IHI Transport Machinery<\/strong>\n                  <ul class=\"meta\">\n                    <li>Publicaci\u00f3n<\/li>\n                    <li><time datetime=\"2020-01-01\">Jul\/01\/2025<\/time><\/li>\n                  <\/ul>\n                <\/a>\n              <\/div>\n            <\/div>\n                      <div>\n              <div class=\"news-single\">\n                <a href=\"https:\/\/www.tadano.com\/espana-y-portugal\/es\/news\/tadano-at-bauma-2025\/\">\n                  <strong class=\"title\">Tadano en bauma 2025<\/strong>\n                  <ul class=\"meta\">\n                    <li>Publicaci\u00f3n<\/li>\n                    <li><time datetime=\"2020-01-01\">Abr\/07\/2025<\/time><\/li>\n                  <\/ul>\n                <\/a>\n              <\/div>\n            <\/div>\n                      <div>\n              <div class=\"news-single\">\n                <a href=\"https:\/\/www.tadano.com\/espana-y-portugal\/es\/news\/pm-oil-steel-valla-en-bauma-2025\/\">\n                  <strong class=\"title\">PM, Oil &amp; Steel, Valla en bauma 2025<\/strong>\n                  <ul class=\"meta\">\n                    <li>Publicaci\u00f3n<\/li>\n                    <li><time datetime=\"2020-01-01\">Abr\/07\/2025<\/time><\/li>\n                  <\/ul>\n                <\/a>\n              <\/div>\n            <\/div>\n                      <div>\n              <div class=\"news-single\">\n                <a href=\"https:\/\/www.tadano.com\/espana-y-portugal\/es\/news\/the-new-ac-4-070hl-1-and-ac-5-120h-1-tadano-hybrid-cranes\/\">\n                  <strong class=\"title\">Las nuevas gr\u00faas h\u00edbridas Tadano AC 4.070HL-1 y AC 5.120H-1<\/strong>\n                  <ul class=\"meta\">\n                    <li>Publicaci\u00f3n<\/li>\n                    <li><time datetime=\"2020-01-01\">Abr\/07\/2025<\/time><\/li>\n                  <\/ul>\n                <\/a>\n              <\/div>\n            <\/div>\n                      <div>\n              <div class=\"news-single\">\n                <a href=\"https:\/\/www.tadano.com\/espana-y-portugal\/es\/news\/the-new-tadano-as-23mj-aerial-work-platform\/\">\n                  <strong class=\"title\">La nueva plataforma a\u00e9rea Tadano AS-23MJ<\/strong>\n                  <ul class=\"meta\">\n                    <li>Publicaci\u00f3n<\/li>\n                    <li><time datetime=\"2020-01-01\">Abr\/07\/2025<\/time><\/li>\n                  <\/ul>\n                <\/a>\n              <\/div>\n            <\/div>\n                      <div>\n              <div class=\"news-single\">\n                <a href=\"https:\/\/www.tadano.com\/espana-y-portugal\/es\/news\/the-new-cc-78-1250-1\/\">\n                  <strong class=\"title\">La nueva CC 78.1250-1<\/strong>\n                  <ul class=\"meta\">\n                    <li>Publicaci\u00f3n<\/li>\n                    <li><time datetime=\"2020-01-01\">Abr\/03\/2025<\/time><\/li>\n                  <\/ul>\n                <\/a>\n              <\/div>\n            <\/div>\n                      <div>\n              <div class=\"news-single\">\n                <a href=\"https:\/\/www.tadano.com\/espana-y-portugal\/es\/news\/la-nueva-grua-todo-terreno-tadano-ac-5-250l-2\/\">\n                  <strong class=\"title\">La nueva gr\u00faa todo terreno Tadano AC 5.250L-2<\/strong>\n                  <ul class=\"meta\">\n                    <li>Publicaci\u00f3n<\/li>\n                    <li><time datetime=\"2020-01-01\">Feb\/17\/2025<\/time><\/li>\n                  <\/ul>\n                <\/a>\n              <\/div>\n            <\/div>\n                        <\/div>\n    <\/div>\n  <\/section>\n  \n\n\n<p><\/p>\n","protected":false},"excerpt":{"rendered":"<p>Explorar tecnolog\u00edas Las tecnolog\u00edas de bajo consumo y emisiones de Tadano reducen las emisiones de gases de efecto invernadero, as\u00ed como de sustancias contaminantes y en muchos casos tambi\u00e9n minimizan los costes de funcionamiento. Explorar tecnolog\u00edas Las tecnolog\u00edas de bajo consumo y emisiones de Tadano reducen las emisiones de gases de efecto invernadero, as\u00ed como [&hellip;]<\/p>\n","protected":false},"author":3,"featured_media":0,"parent":1895,"menu_order":0,"comment_status":"closed","ping_status":"closed","template":"","meta":{"_acf_changed":false,"footnotes":""},"acf":[],"yoast_head":"<!-- This site is optimized with the Yoast SEO plugin v22.3 - https:\/\/yoast.com\/wordpress\/plugins\/seo\/ -->\n<title>Tecnolog\u00edas respetuosas con el medio ambiente y el clima - Spain &amp; Portugal<\/title>\n<meta name=\"robots\" content=\"index, follow, max-snippet:-1, max-image-preview:large, max-video-preview:-1\" \/>\n<link rel=\"canonical\" href=\"https:\/\/www.tadano.com\/espana-y-portugal\/es\/tecnologia\/tecnologias-respetuosas-con-el-medio-ambiente-y-el-clima\/\" \/>\n<meta property=\"og:locale\" content=\"es_ES\" \/>\n<meta property=\"og:type\" content=\"article\" \/>\n<meta property=\"og:title\" content=\"Tecnolog\u00edas respetuosas con el medio ambiente y el clima - Spain &amp; Portugal\" \/>\n<meta property=\"og:description\" content=\"Explorar tecnolog\u00edas Las tecnolog\u00edas de bajo consumo y emisiones de Tadano reducen las emisiones de gases de efecto invernadero, as\u00ed como de sustancias contaminantes y en muchos casos tambi\u00e9n minimizan los costes de funcionamiento. Explorar tecnolog\u00edas Las tecnolog\u00edas de bajo consumo y emisiones de Tadano reducen las emisiones de gases de efecto invernadero, as\u00ed como [&hellip;]\" \/>\n<meta property=\"og:url\" content=\"https:\/\/www.tadano.com\/espana-y-portugal\/es\/tecnologia\/tecnologias-respetuosas-con-el-medio-ambiente-y-el-clima\/\" \/>\n<meta property=\"og:site_name\" content=\"Spain &amp; Portugal\" \/>\n<meta property=\"article:modified_time\" content=\"2024-05-08T14:28:39+00:00\" \/>\n<meta name=\"twitter:card\" content=\"summary_large_image\" \/>\n<meta name=\"twitter:label1\" content=\"Tiempo de lectura\" \/>\n\t<meta name=\"twitter:data1\" content=\"1 minuto\" \/>\n<script type=\"application\/ld+json\" class=\"yoast-schema-graph\">{\"@context\":\"https:\/\/schema.org\",\"@graph\":[{\"@type\":\"WebPage\",\"@id\":\"https:\/\/www.tadano.com\/espana-y-portugal\/es\/tecnologia\/tecnologias-respetuosas-con-el-medio-ambiente-y-el-clima\/\",\"url\":\"https:\/\/www.tadano.com\/espana-y-portugal\/es\/tecnologia\/tecnologias-respetuosas-con-el-medio-ambiente-y-el-clima\/\",\"name\":\"Tecnolog\u00edas respetuosas con el medio ambiente y el clima - Spain &amp; Portugal\",\"isPartOf\":{\"@id\":\"https:\/\/www.tadano.com\/espana-y-portugal\/es\/#website\"},\"datePublished\":\"2021-12-10T11:30:02+00:00\",\"dateModified\":\"2024-05-08T14:28:39+00:00\",\"inLanguage\":\"es\",\"potentialAction\":[{\"@type\":\"ReadAction\",\"target\":[\"https:\/\/www.tadano.com\/espana-y-portugal\/es\/tecnologia\/tecnologias-respetuosas-con-el-medio-ambiente-y-el-clima\/\"]}]},{\"@type\":\"WebSite\",\"@id\":\"https:\/\/www.tadano.com\/espana-y-portugal\/es\/#website\",\"url\":\"https:\/\/www.tadano.com\/espana-y-portugal\/es\/\",\"name\":\"Spain &amp; Portugal\",\"description\":\"Just another TADANO EUROPE site\",\"potentialAction\":[{\"@type\":\"SearchAction\",\"target\":{\"@type\":\"EntryPoint\",\"urlTemplate\":\"https:\/\/www.tadano.com\/espana-y-portugal\/es\/?s={search_term_string}\"},\"query-input\":\"required name=search_term_string\"}],\"inLanguage\":\"es\"}]}<\/script>\n<!-- \/ Yoast SEO plugin. -->","yoast_head_json":{"title":"Tecnolog\u00edas respetuosas con el medio ambiente y el clima - Spain &amp; Portugal","robots":{"index":"index","follow":"follow","max-snippet":"max-snippet:-1","max-image-preview":"max-image-preview:large","max-video-preview":"max-video-preview:-1"},"canonical":"https:\/\/www.tadano.com\/espana-y-portugal\/es\/tecnologia\/tecnologias-respetuosas-con-el-medio-ambiente-y-el-clima\/","og_locale":"es_ES","og_type":"article","og_title":"Tecnolog\u00edas respetuosas con el medio ambiente y el clima - Spain &amp; Portugal","og_description":"Explorar tecnolog\u00edas Las tecnolog\u00edas de bajo consumo y emisiones de Tadano reducen las emisiones de gases de efecto invernadero, as\u00ed como de sustancias contaminantes y en muchos casos tambi\u00e9n minimizan los costes de funcionamiento. Explorar tecnolog\u00edas Las tecnolog\u00edas de bajo consumo y emisiones de Tadano reducen las emisiones de gases de efecto invernadero, as\u00ed como [&hellip;]","og_url":"https:\/\/www.tadano.com\/espana-y-portugal\/es\/tecnologia\/tecnologias-respetuosas-con-el-medio-ambiente-y-el-clima\/","og_site_name":"Spain &amp; Portugal","article_modified_time":"2024-05-08T14:28:39+00:00","twitter_card":"summary_large_image","twitter_misc":{"Tiempo de lectura":"1 minuto"},"schema":{"@context":"https:\/\/schema.org","@graph":[{"@type":"WebPage","@id":"https:\/\/www.tadano.com\/espana-y-portugal\/es\/tecnologia\/tecnologias-respetuosas-con-el-medio-ambiente-y-el-clima\/","url":"https:\/\/www.tadano.com\/espana-y-portugal\/es\/tecnologia\/tecnologias-respetuosas-con-el-medio-ambiente-y-el-clima\/","name":"Tecnolog\u00edas respetuosas con el medio ambiente y el clima - Spain &amp; Portugal","isPartOf":{"@id":"https:\/\/www.tadano.com\/espana-y-portugal\/es\/#website"},"datePublished":"2021-12-10T11:30:02+00:00","dateModified":"2024-05-08T14:28:39+00:00","inLanguage":"es","potentialAction":[{"@type":"ReadAction","target":["https:\/\/www.tadano.com\/espana-y-portugal\/es\/tecnologia\/tecnologias-respetuosas-con-el-medio-ambiente-y-el-clima\/"]}]},{"@type":"WebSite","@id":"https:\/\/www.tadano.com\/espana-y-portugal\/es\/#website","url":"https:\/\/www.tadano.com\/espana-y-portugal\/es\/","name":"Spain &amp; Portugal","description":"Just another TADANO EUROPE site","potentialAction":[{"@type":"SearchAction","target":{"@type":"EntryPoint","urlTemplate":"https:\/\/www.tadano.com\/espana-y-portugal\/es\/?s={search_term_string}"},"query-input":"required name=search_term_string"}],"inLanguage":"es"}]}},"_links":{"self":[{"href":"https:\/\/www.tadano.com\/espana-y-portugal\/es\/wp-json\/wp\/v2\/pages\/14114"}],"collection":[{"href":"https:\/\/www.tadano.com\/espana-y-portugal\/es\/wp-json\/wp\/v2\/pages"}],"about":[{"href":"https:\/\/www.tadano.com\/espana-y-portugal\/es\/wp-json\/wp\/v2\/types\/page"}],"author":[{"embeddable":true,"href":"https:\/\/www.tadano.com\/espana-y-portugal\/es\/wp-json\/wp\/v2\/users\/3"}],"replies":[{"embeddable":true,"href":"https:\/\/www.tadano.com\/espana-y-portugal\/es\/wp-json\/wp\/v2\/comments?post=14114"}],"version-history":[{"count":4,"href":"https:\/\/www.tadano.com\/espana-y-portugal\/es\/wp-json\/wp\/v2\/pages\/14114\/revisions"}],"predecessor-version":[{"id":16666,"href":"https:\/\/www.tadano.com\/espana-y-portugal\/es\/wp-json\/wp\/v2\/pages\/14114\/revisions\/16666"}],"up":[{"embeddable":true,"href":"https:\/\/www.tadano.com\/espana-y-portugal\/es\/wp-json\/wp\/v2\/pages\/1895"}],"wp:attachment":[{"href":"https:\/\/www.tadano.com\/espana-y-portugal\/es\/wp-json\/wp\/v2\/media?parent=14114"}],"curies":[{"name":"wp","href":"https:\/\/api.w.org\/{rel}","templated":true}]}}