{"id":16452,"date":"2021-03-19T09:31:15","date_gmt":"2021-03-19T09:31:15","guid":{"rendered":"https:\/\/www.tadano.com\/espana-y-portugal\/ventas-y-servicios\/formacion-2\/"},"modified":"2026-04-15T14:35:32","modified_gmt":"2026-04-15T14:35:32","slug":"formacion","status":"publish","type":"page","link":"https:\/\/www.tadano.com\/espana-y-portugal\/es\/ventas-y-servicios\/formacion\/","title":{"rendered":"Formaci\u00f3n"},"content":{"rendered":"\n\n\n<section class=\"hero-section\">\n\n\t\n\t\n\t\n\t<div class=\"img-holder \">\n\t\t\t\t<div class=\"bg-stretch\" style=\"background-position: 50% 50%; \">\n\t\t\t<span data-srcset=\"https:\/\/assets.onetadano.com\/celum_assets\/hero\/DEMAG_Azubi-40.jpg, https:\/\/assets.onetadano.com\/celum_assets\/hero-2x\/DEMAG_Azubi-40.jpg 2x\"><\/span>\n\t\t<\/div>\n\t\t\t\t\t\t<div class=\"logo green-solutions\" style=\"display:none;\">\n\t\t\t<a href=\"#\"><img decoding=\"async\" src=\"https:\/\/www.tadano.com\/espana-y-portugal\/wp-content\/themes\/tadano\/assets\/dist\/images\/Green-Solutions_Logo_White.svg\"><\/a>\n\t\t<\/div>\n\t<\/div>\n\t<div class=\"container\">\n\t\t<div class=\"text-holder \">\n\t\t\t<div class=\"wrap\">\n\t\t\t\t\n\t\t\t\t<ul class=\"breadcrumbs\"><li><a href=\"https:\/\/www.tadano.com\/espana-y-portugal\/es\/\">Inicio<\/a><\/li><\/ul>\n\t\t\t\t\n\n<h1 class=\"wp-block-heading\">Formaci\u00f3n<\/h1>\n\n\n\n<p>Tadano ofrece una formaci\u00f3n completa sobre nuestros productos de marca Tadano y Demag para ayudarle a sacar el m\u00e1ximo partido a sus equipos.<\/p>\n\n\n\n<div class=\"wp-block-buttons is-layout-flex wp-block-buttons-is-layout-flex\">\n<div class=\"wp-block-button\"><a class=\"wp-block-button__link wp-element-button\" href=\"#contact\" rel=\"\">Cont\u00e1ctenos<\/a><\/div>\n<\/div>\n\n\n\n<p><\/p>\n\n\n\n\t\t\t\t\n\t\t\t<\/div>\n\n\t\t\t\n\t\t\t\n\t\t\t\n\t\t<\/div>\n\t<\/div>\n<\/section>\n\n\n<div class=\"wp-block-group is-style-background-triangle-right is-layout-flow wp-block-group-is-layout-flow\"><div class=\"wp-block-group__inner-container\">\n<h2 class=\"wp-block-heading\">TRANSFERENCIA DE LOS CONOCIMIENTOS M\u00c1S ACTUALES<\/h2>\n\n\n\n<p>El Departamento de capacitaci\u00f3n ofrece formaci\u00f3n intensiva en gr\u00faas m\u00f3viles, ya sea para sistemas hidr\u00e1ulicos, sistemas neum\u00e1ticos, ingenier\u00eda el\u00e9ctrica, electr\u00f3nica, sistemas del motor o transmisi\u00f3n.<\/p>\n\n\n\n<p>Las formaciones se llevan a cabo con una mezcla inteligente de formaci\u00f3n pr\u00e1ctica y presencial, utilizando la \u00faltima tecnolog\u00eda, incluidas las herramientas de simulaci\u00f3n m\u00e1s avanzadas.<\/p>\n\n\n\n<p>Al finalizar el curso, los participantes reciben un certificado de participaci\u00f3n.<\/p>\n\n\n\n<div style=\"height:69px\" aria-hidden=\"true\" class=\"wp-block-spacer\"><\/div>\n\n\n\n<h2 class=\"wp-block-heading\">PLAN DE FORMACI\u00d3N<\/h2>\n\n\n\n<p>En el plan de capacitaci\u00f3n a continuaci\u00f3n encontrar\u00e1 m\u00e1s detalles sobre la gran variedad de cursos y sobre la solicitud para participar en las capacitaciones.<\/p>\n\n\n\n<section class=\"evidenz-buchungssystem\">\n  <div class=\"container\">\n        <script type=\"text\/javascript\" src=\"https:\/\/php-obs.evidenz.de\/iframe_js_code.php?mandant=00125\"><\/script>\n        <iframe name=\"evidenz_obs\" src=\"https:\/\/seminars.tadano.com\/index.php?cd[webzielgruppe]=kunden&#038;language=english\" style=\"border:none; height:800px; width:100%;\" frameborder=\"0\" seamless data-scrolltop><\/iframe>\n    <\/div>\n<\/section>\n\n\n<div class=\"wp-block-buttons is-layout-flex wp-block-buttons-is-layout-flex\"><\/div>\n\n\n<div id=\"contact\"><\/div>\n\n\n\n<section class=\"sales-team hide-background-triangle  \">\n   <div class=\"container\">\n                    <div class=\"section-heading\">\n                <div class=\"heading\">\n                    <h2>Su equipo de especialistas en formaci\u00f3n de Tadano<\/h2>\n                <\/div>\n            <\/div>\n              <div class=\"threerow-slider dots-info has-no-images\">\n                 \n                        <div class=\"card-col no-img wide-card\">\n                <div class=\"info-card responsive\">\n                    <div class=\"card-img\">\n                                            <\/div>\n                    <div class=\"card-content\">\n                        <div class=\"card-title\">\n                            <p>J\u00fcrgen Christmann<\/p>\n                        <\/div>\n                        <div class=\"card-info\">\n                            <strong class=\"first-row row\">Jefe de equipo Formaci\u00f3n t\u00e9cnica<\/strong>\n                            <strong class=\"row\">Alemania<\/strong>\n                            <strong class=\"row\">Alem\u00e1n, Ingl\u00e9s<\/strong>\n                                                            <strong class=\"row\">\n                                <svg style=\"display:inline;\" xmlns=\"http:\/\/www.w3.org\/2000\/svg\" id=\"Layer_1\" data-name=\"Layer 1\" viewBox=\"0 0 24 24\" width=\"15\" height=\"15\"><path d=\"M24,6.24c0,7.64-10.13,17.76-17.76,17.76-1.67,0-3.23-.63-4.38-1.78l-1-1.15c-1.16-1.16-1.16-3.12,.05-4.33,.03-.03,2.44-1.88,2.44-1.88,1.2-1.14,3.09-1.14,4.28,0l1.46,1.17c3.2-1.36,5.47-3.64,6.93-6.95l-1.16-1.46c-1.15-1.19-1.15-3.09,0-4.28,0,0,1.85-2.41,1.88-2.44,1.21-1.21,3.17-1.21,4.38,0l1.05,.91c1.2,1.19,1.83,2.75,1.83,4.42Z\"\/><\/svg>\n                                <a href=\"tel:+496332832572\">+49 6332 83 2572<\/a>\n                                <\/strong> \n                                                                                        <strong class=\"row\">\n                                <svg tyle=\"display:inline;\"  xmlns=\"http:\/\/www.w3.org\/2000\/svg\" id=\"Filled\" viewBox=\"0 0 24 24\" width=\"15\" height=\"15\"><path d=\"M23.954,5.542,15.536,13.96a5.007,5.007,0,0,1-7.072,0L.046,5.542C.032,5.7,0,5.843,0,6V18a5.006,5.006,0,0,0,5,5H19a5.006,5.006,0,0,0,5-5V6C24,5.843,23.968,5.7,23.954,5.542Z\"\/><path d=\"M14.122,12.546l9.134-9.135A4.986,4.986,0,0,0,19,1H5A4.986,4.986,0,0,0,.744,3.411l9.134,9.135A3.007,3.007,0,0,0,14.122,12.546Z\"\/><\/svg>\n                                <a href=\"mailto:juergen.christmann@tadano.com\">juergen.christmann@tadano.com<\/a>\n                            <\/strong>\n                                                    <\/div>\n                    <\/div>\n                <\/div>\n            <\/div>\n         \n                        <div class=\"card-col no-img wide-card\">\n                <div class=\"info-card responsive\">\n                    <div class=\"card-img\">\n                                            <\/div>\n                    <div class=\"card-content\">\n                        <div class=\"card-title\">\n                            <p>Jesus Heredero<\/p>\n                        <\/div>\n                        <div class=\"card-info\">\n                            <strong class=\"first-row row\">Customer Support Manager <\/strong>\n                            <strong class=\"row\">Espa\u00f1a y Portugal<\/strong>\n                            <strong class=\"row\">Espa\u00f1ol, Ingl\u00e9s<\/strong>\n                                                            <strong class=\"row\">\n                                <svg style=\"display:inline;\" xmlns=\"http:\/\/www.w3.org\/2000\/svg\" id=\"Layer_1\" data-name=\"Layer 1\" viewBox=\"0 0 24 24\" width=\"15\" height=\"15\"><path d=\"M24,6.24c0,7.64-10.13,17.76-17.76,17.76-1.67,0-3.23-.63-4.38-1.78l-1-1.15c-1.16-1.16-1.16-3.12,.05-4.33,.03-.03,2.44-1.88,2.44-1.88,1.2-1.14,3.09-1.14,4.28,0l1.46,1.17c3.2-1.36,5.47-3.64,6.93-6.95l-1.16-1.46c-1.15-1.19-1.15-3.09,0-4.28,0,0,1.85-2.41,1.88-2.44,1.21-1.21,3.17-1.21,4.38,0l1.05,.91c1.2,1.19,1.83,2.75,1.83,4.42Z\"\/><\/svg>\n                                <a href=\"tel:+34608439384\">+34 608 439384<\/a>\n                                <\/strong> \n                                                                                        <strong class=\"row\">\n                                <svg tyle=\"display:inline;\"  xmlns=\"http:\/\/www.w3.org\/2000\/svg\" id=\"Filled\" viewBox=\"0 0 24 24\" width=\"15\" height=\"15\"><path d=\"M23.954,5.542,15.536,13.96a5.007,5.007,0,0,1-7.072,0L.046,5.542C.032,5.7,0,5.843,0,6V18a5.006,5.006,0,0,0,5,5H19a5.006,5.006,0,0,0,5-5V6C24,5.843,23.968,5.7,23.954,5.542Z\"\/><path d=\"M14.122,12.546l9.134-9.135A4.986,4.986,0,0,0,19,1H5A4.986,4.986,0,0,0,.744,3.411l9.134,9.135A3.007,3.007,0,0,0,14.122,12.546Z\"\/><\/svg>\n                                <a href=\"mailto:jesus.heredero@tadano.com\">jesus.heredero@tadano.com<\/a>\n                            <\/strong>\n                                                    <\/div>\n                    <\/div>\n                <\/div>\n            <\/div>\n              <\/div>\n   <\/div>\n<\/section><\/div><\/div>\n\n\n\n<div class=\"wp-block-group is-style-background-cyan is-layout-flow wp-block-group-is-layout-flow\"><div class=\"wp-block-group__inner-container\">\n<div class=\"wp-block-columns is-layout-flex wp-container-core-columns-layout-1 wp-block-columns-is-layout-flex\">\n<div class=\"wp-block-column is-layout-flow wp-block-column-is-layout-flow\" style=\"flex-basis:33.33%\">\n<h2 class=\"wp-block-heading has-white-color has-text-color\">M\u00e1s informaci\u00f3n<\/h2>\n\n\n\n<p class=\"has-white-color has-text-color\">Los expertos en gr\u00faas y los programas de formaci\u00f3n de Tadano ayudan a su equipo a solucionar problemas para minimizar el tiempo de inactividad y maximizar la productividad.<\/p>\n<\/div>\n\n\n\n<div class=\"wp-block-column is-layout-flow wp-block-column-is-layout-flow\" style=\"flex-basis:66.66%\"><div class=\"download-button-block\">\n\t<div class=\"btn-holder\">\n\t\t<a href=\"https:\/\/assets.onetadano.com\/celum_assets\/documents\/IC-1 Simulator EN.pdf\" class=\"btn btn-outline\" download>\n\t    IC-1 Simulator (Folleto)\t  <\/a>\n\t<\/div>\n<\/div><\/div>\n<\/div>\n<\/div><\/div>\n","protected":false},"excerpt":{"rendered":"<p>TRANSFERENCIA DE LOS CONOCIMIENTOS M\u00c1S ACTUALES El Departamento de capacitaci\u00f3n ofrece formaci\u00f3n intensiva en gr\u00faas m\u00f3viles, ya sea para sistemas hidr\u00e1ulicos, sistemas neum\u00e1ticos, ingenier\u00eda el\u00e9ctrica, electr\u00f3nica, sistemas del motor o transmisi\u00f3n. Las formaciones se llevan a cabo con una mezcla inteligente de formaci\u00f3n pr\u00e1ctica y presencial, utilizando la \u00faltima tecnolog\u00eda, incluidas las herramientas de simulaci\u00f3n [&hellip;]<\/p>\n","protected":false},"author":1,"featured_media":0,"parent":1825,"menu_order":0,"comment_status":"closed","ping_status":"closed","template":"","meta":{"_acf_changed":false,"footnotes":""},"acf":[],"yoast_head":"<!-- This site is optimized with the Yoast SEO plugin v22.3 - https:\/\/yoast.com\/wordpress\/plugins\/seo\/ -->\n<title>Formaci\u00f3n - Spain &amp; Portugal<\/title>\n<meta name=\"robots\" content=\"index, follow, max-snippet:-1, max-image-preview:large, max-video-preview:-1\" \/>\n<link rel=\"canonical\" href=\"https:\/\/www.tadano.com\/espana-y-portugal\/es\/ventas-y-servicios\/formacion\/\" \/>\n<meta property=\"og:locale\" content=\"es_ES\" \/>\n<meta property=\"og:type\" content=\"article\" \/>\n<meta property=\"og:title\" content=\"Formaci\u00f3n - Spain &amp; Portugal\" \/>\n<meta property=\"og:description\" content=\"TRANSFERENCIA DE LOS CONOCIMIENTOS M\u00c1S ACTUALES El Departamento de capacitaci\u00f3n ofrece formaci\u00f3n intensiva en gr\u00faas m\u00f3viles, ya sea para sistemas hidr\u00e1ulicos, sistemas neum\u00e1ticos, ingenier\u00eda el\u00e9ctrica, electr\u00f3nica, sistemas del motor o transmisi\u00f3n. Las formaciones se llevan a cabo con una mezcla inteligente de formaci\u00f3n pr\u00e1ctica y presencial, utilizando la \u00faltima tecnolog\u00eda, incluidas las herramientas de simulaci\u00f3n [&hellip;]\" \/>\n<meta property=\"og:url\" content=\"https:\/\/www.tadano.com\/espana-y-portugal\/es\/ventas-y-servicios\/formacion\/\" \/>\n<meta property=\"og:site_name\" content=\"Spain &amp; Portugal\" \/>\n<meta property=\"article:modified_time\" content=\"2026-04-15T14:35:32+00:00\" \/>\n<meta name=\"twitter:card\" content=\"summary_large_image\" \/>\n<meta name=\"twitter:label1\" content=\"Tiempo de lectura\" \/>\n\t<meta name=\"twitter:data1\" content=\"1 minuto\" \/>\n<script type=\"application\/ld+json\" class=\"yoast-schema-graph\">{\"@context\":\"https:\/\/schema.org\",\"@graph\":[{\"@type\":\"WebPage\",\"@id\":\"https:\/\/www.tadano.com\/espana-y-portugal\/es\/ventas-y-servicios\/formacion\/\",\"url\":\"https:\/\/www.tadano.com\/espana-y-portugal\/es\/ventas-y-servicios\/formacion\/\",\"name\":\"Formaci\u00f3n - Spain &amp; Portugal\",\"isPartOf\":{\"@id\":\"https:\/\/www.tadano.com\/espana-y-portugal\/es\/#website\"},\"datePublished\":\"2021-03-19T09:31:15+00:00\",\"dateModified\":\"2026-04-15T14:35:32+00:00\",\"breadcrumb\":{\"@id\":\"https:\/\/www.tadano.com\/espana-y-portugal\/es\/ventas-y-servicios\/formacion\/#breadcrumb\"},\"inLanguage\":\"es\",\"potentialAction\":[{\"@type\":\"ReadAction\",\"target\":[\"https:\/\/www.tadano.com\/espana-y-portugal\/es\/ventas-y-servicios\/formacion\/\"]}]},{\"@type\":\"BreadcrumbList\",\"@id\":\"https:\/\/www.tadano.com\/espana-y-portugal\/es\/ventas-y-servicios\/formacion\/#breadcrumb\",\"itemListElement\":[{\"@type\":\"ListItem\",\"position\":1,\"name\":\"Ventas y Servicios\",\"item\":\"https:\/\/www.tadano.com\/espana-y-portugal\/es\/ventas-y-servicios\/\"},{\"@type\":\"ListItem\",\"position\":2,\"name\":\"Formaci\u00f3n\"}]},{\"@type\":\"WebSite\",\"@id\":\"https:\/\/www.tadano.com\/espana-y-portugal\/es\/#website\",\"url\":\"https:\/\/www.tadano.com\/espana-y-portugal\/es\/\",\"name\":\"Spain &amp; Portugal\",\"description\":\"Just another TADANO EUROPE site\",\"potentialAction\":[{\"@type\":\"SearchAction\",\"target\":{\"@type\":\"EntryPoint\",\"urlTemplate\":\"https:\/\/www.tadano.com\/espana-y-portugal\/es\/?s={search_term_string}\"},\"query-input\":\"required name=search_term_string\"}],\"inLanguage\":\"es\"}]}<\/script>\n<!-- \/ Yoast SEO plugin. -->","yoast_head_json":{"title":"Formaci\u00f3n - Spain &amp; Portugal","robots":{"index":"index","follow":"follow","max-snippet":"max-snippet:-1","max-image-preview":"max-image-preview:large","max-video-preview":"max-video-preview:-1"},"canonical":"https:\/\/www.tadano.com\/espana-y-portugal\/es\/ventas-y-servicios\/formacion\/","og_locale":"es_ES","og_type":"article","og_title":"Formaci\u00f3n - Spain &amp; Portugal","og_description":"TRANSFERENCIA DE LOS CONOCIMIENTOS M\u00c1S ACTUALES El Departamento de capacitaci\u00f3n ofrece formaci\u00f3n intensiva en gr\u00faas m\u00f3viles, ya sea para sistemas hidr\u00e1ulicos, sistemas neum\u00e1ticos, ingenier\u00eda el\u00e9ctrica, electr\u00f3nica, sistemas del motor o transmisi\u00f3n. Las formaciones se llevan a cabo con una mezcla inteligente de formaci\u00f3n pr\u00e1ctica y presencial, utilizando la \u00faltima tecnolog\u00eda, incluidas las herramientas de simulaci\u00f3n [&hellip;]","og_url":"https:\/\/www.tadano.com\/espana-y-portugal\/es\/ventas-y-servicios\/formacion\/","og_site_name":"Spain &amp; Portugal","article_modified_time":"2026-04-15T14:35:32+00:00","twitter_card":"summary_large_image","twitter_misc":{"Tiempo de lectura":"1 minuto"},"schema":{"@context":"https:\/\/schema.org","@graph":[{"@type":"WebPage","@id":"https:\/\/www.tadano.com\/espana-y-portugal\/es\/ventas-y-servicios\/formacion\/","url":"https:\/\/www.tadano.com\/espana-y-portugal\/es\/ventas-y-servicios\/formacion\/","name":"Formaci\u00f3n - Spain &amp; Portugal","isPartOf":{"@id":"https:\/\/www.tadano.com\/espana-y-portugal\/es\/#website"},"datePublished":"2021-03-19T09:31:15+00:00","dateModified":"2026-04-15T14:35:32+00:00","breadcrumb":{"@id":"https:\/\/www.tadano.com\/espana-y-portugal\/es\/ventas-y-servicios\/formacion\/#breadcrumb"},"inLanguage":"es","potentialAction":[{"@type":"ReadAction","target":["https:\/\/www.tadano.com\/espana-y-portugal\/es\/ventas-y-servicios\/formacion\/"]}]},{"@type":"BreadcrumbList","@id":"https:\/\/www.tadano.com\/espana-y-portugal\/es\/ventas-y-servicios\/formacion\/#breadcrumb","itemListElement":[{"@type":"ListItem","position":1,"name":"Ventas y Servicios","item":"https:\/\/www.tadano.com\/espana-y-portugal\/es\/ventas-y-servicios\/"},{"@type":"ListItem","position":2,"name":"Formaci\u00f3n"}]},{"@type":"WebSite","@id":"https:\/\/www.tadano.com\/espana-y-portugal\/es\/#website","url":"https:\/\/www.tadano.com\/espana-y-portugal\/es\/","name":"Spain &amp; Portugal","description":"Just another TADANO EUROPE site","potentialAction":[{"@type":"SearchAction","target":{"@type":"EntryPoint","urlTemplate":"https:\/\/www.tadano.com\/espana-y-portugal\/es\/?s={search_term_string}"},"query-input":"required name=search_term_string"}],"inLanguage":"es"}]}},"_links":{"self":[{"href":"https:\/\/www.tadano.com\/espana-y-portugal\/es\/wp-json\/wp\/v2\/pages\/16452"}],"collection":[{"href":"https:\/\/www.tadano.com\/espana-y-portugal\/es\/wp-json\/wp\/v2\/pages"}],"about":[{"href":"https:\/\/www.tadano.com\/espana-y-portugal\/es\/wp-json\/wp\/v2\/types\/page"}],"author":[{"embeddable":true,"href":"https:\/\/www.tadano.com\/espana-y-portugal\/es\/wp-json\/wp\/v2\/users\/1"}],"replies":[{"embeddable":true,"href":"https:\/\/www.tadano.com\/espana-y-portugal\/es\/wp-json\/wp\/v2\/comments?post=16452"}],"version-history":[{"count":2,"href":"https:\/\/www.tadano.com\/espana-y-portugal\/es\/wp-json\/wp\/v2\/pages\/16452\/revisions"}],"predecessor-version":[{"id":18177,"href":"https:\/\/www.tadano.com\/espana-y-portugal\/es\/wp-json\/wp\/v2\/pages\/16452\/revisions\/18177"}],"up":[{"embeddable":true,"href":"https:\/\/www.tadano.com\/espana-y-portugal\/es\/wp-json\/wp\/v2\/pages\/1825"}],"wp:attachment":[{"href":"https:\/\/www.tadano.com\/espana-y-portugal\/es\/wp-json\/wp\/v2\/media?parent=16452"}],"curies":[{"name":"wp","href":"https:\/\/api.w.org\/{rel}","templated":true}]}}