{"id":16551,"date":"2024-02-19T13:38:52","date_gmt":"2024-02-19T13:38:52","guid":{"rendered":"https:\/\/www.tadano.com\/espana-y-portugal\/?page_id=16551"},"modified":"2026-02-12T09:50:12","modified_gmt":"2026-02-12T09:50:12","slug":"tecnico-de-servicio-gruas","status":"publish","type":"page","link":"https:\/\/www.tadano.com\/espana-y-portugal\/es\/acerca-de\/carreras\/tecnico-de-servicio-gruas\/","title":{"rendered":"T\u00e9cnico de servicio gr\u00faas"},"content":{"rendered":"\n\n\n<section class=\"hero-section\">\n\n\t\n\t\n\t\n\t<div class=\"img-holder \">\n\t\t\t\t<div class=\"bg-stretch\" style=\"background-position: 50% 50%; \">\n\t\t\t<span data-srcset=\"https:\/\/assets.onetadano.com\/celum_assets\/hero\/TADANO_lineup___NEWYORK__B__.jpg, https:\/\/assets.onetadano.com\/celum_assets\/hero-2x\/TADANO_lineup___NEWYORK__B__.jpg 2x\"><\/span>\n\t\t<\/div>\n\t\t\t\t\t\t<div class=\"logo green-solutions\" style=\"display:none;\">\n\t\t\t<a href=\"#\"><img decoding=\"async\" src=\"https:\/\/www.tadano.com\/espana-y-portugal\/wp-content\/themes\/tadano\/assets\/dist\/images\/Green-Solutions_Logo_White.svg\"><\/a>\n\t\t<\/div>\n\t<\/div>\n\t<div class=\"container\">\n\t\t<div class=\"text-holder \">\n\t\t\t<div class=\"wrap\">\n\t\t\t\t\n\t\t\t\t<ul class=\"breadcrumbs\"><li><a href=\"https:\/\/www.tadano.com\/espana-y-portugal\/es\/\">Inicio<\/a><\/li><\/ul>\n\t\t\t\t\n\n<h1 class=\"wp-block-heading\"><strong>T\u00e9cnico de servicio gr\u00faas<\/strong><\/h1>\n\n\n\n<p>Como parte del Grupo Tadano, Tadano Demag Espa\u00f1a S.A. comparte la misi\u00f3n de trabajar para proporcionar a nuestros clientes equipos de elevaci\u00f3n y servicios relacionados que no s\u00f3lo cumplan, sino que superen sus expectativas.<\/p>\n\n\n\n\t\t\t\t\n\t\t\t<\/div>\n\n\t\t\t\n\t\t\t\n\t\t\t\n\t\t<\/div>\n\t<\/div>\n<\/section>\n\n\n<div class=\"wp-block-group is-style-background-white is-layout-flow wp-block-group-is-layout-flow\"><div class=\"wp-block-group__inner-container\">\n<h1 class=\"wp-block-heading\">T\u00e9cnico de servicio gr\u00faas Tadano Demag Espa\u00f1a S.A.<\/h1>\n\n\n\n<p>Soporte maquinaria Tadano Demag, principal \u00e1rea de actuaci\u00f3n Espa\u00f1a y Portugal<br><br><strong>Sobre nosotros<br><\/strong><br>Fundado en 1948, el Grupo Tadano con sede en Takamatsu (Jap\u00f3n) opera a nivel mundial, especializ\u00e1ndose en el desarrollo y producci\u00f3n de gr\u00faas m\u00f3viles hidr\u00e1ulicas. La producci\u00f3n clave se distribuye en diez ubicaciones: cinco en Jap\u00f3n, dos en Alemania y una en Estados Unidos, Tailandia e India. Tadano Demag Espa\u00f1a S.A. es responsable de Espa\u00f1a y Portugal.<br><br><strong>Sus responsabilidades como t\u00e9cnico de campo<br><\/strong><br>&#8211; Inspecci\u00f3n, mantenimiento, reparaci\u00f3n y diagnosis de gr\u00faas Tadano<br>&#8211; Evaluaci\u00f3n de da\u00f1os en componentes y piezas<br>&#8211; Asesoramiento t\u00e9cnico a cliente<br>&#8211; Desplazamientos principalmente por Espa\u00f1a y Portugal<br><br><strong>Sus cualificaciones como t\u00e9cnico de campo<br><\/strong><br>&#8211; Formaci\u00f3n t\u00e9cnica FP o equivalente con un m\u00ednimo de 3-5 a\u00f1os en puesto similar<br>&#8211; Motivado y enfocado al servicio al cliente<br>&#8211; Buenas habilidades mec\u00e1nicas con s\u00f3lidos conocimientos de sistemas el\u00e9ctricos e hidr\u00e1ulicos<br>&#8211; Voluntad de aprendizaje y capacidad para trabajar en un entorno diverso<br>&#8211; Buenas habilidades inform\u00e1ticas<br>&#8211; Conocimientos de idioma ingl\u00e9s (valorable)<br><br><strong>\u00bfQu\u00e9 ofrecemos?<br><\/strong><br>&#8211; Productos reconocidos y de elevada calidad. Trabajo interesante dentro de una industria en constante evoluci\u00f3n<br>&#8211; Atractivo paquete salarial y contrato de trabajo indefinido<br>&#8211; Proporcionamos veh\u00edculo y equipo t\u00e9cnico necesario<br>&#8211; Formaci\u00f3n en los diferentes productos<br><br><strong>\u00a1Inscr\u00edbase ahora!<br><\/strong><br>Si est\u00e1 interesado en esta vacante, p\u00f3ngase en contacto con nosotros:<\/p>\n\n\n\n<p><strong>Ignacio Espa\u00f1ol<\/strong><br>Business Leader<br><strong><a href=\"mailto:ignacio.espanol@tadano.com\">ignacio.espanol@tadano.com<\/a><\/strong><\/p>\n<\/div><\/div>\n","protected":false},"excerpt":{"rendered":"<p>T\u00e9cnico de servicio gr\u00faas Tadano Demag Espa\u00f1a S.A. Soporte maquinaria Tadano Demag, principal \u00e1rea de actuaci\u00f3n Espa\u00f1a y Portugal Sobre nosotrosFundado en 1948, el Grupo Tadano con sede en Takamatsu (Jap\u00f3n) opera a nivel mundial, especializ\u00e1ndose en el desarrollo y producci\u00f3n de gr\u00faas m\u00f3viles hidr\u00e1ulicas. La producci\u00f3n clave se distribuye en diez ubicaciones: cinco en [&hellip;]<\/p>\n","protected":false},"author":3,"featured_media":0,"parent":16689,"menu_order":0,"comment_status":"closed","ping_status":"closed","template":"","meta":{"_acf_changed":false,"footnotes":""},"acf":[],"yoast_head":"<!-- This site is optimized with the Yoast SEO plugin v22.3 - https:\/\/yoast.com\/wordpress\/plugins\/seo\/ -->\n<title>T\u00e9cnico de servicio gr\u00faas - Spain &amp; Portugal<\/title>\n<meta name=\"robots\" content=\"index, follow, max-snippet:-1, max-image-preview:large, max-video-preview:-1\" \/>\n<link rel=\"canonical\" href=\"https:\/\/www.tadano.com\/espana-y-portugal\/es\/acerca-de\/carreras\/tecnico-de-servicio-gruas\/\" \/>\n<meta property=\"og:locale\" content=\"es_ES\" \/>\n<meta property=\"og:type\" content=\"article\" \/>\n<meta property=\"og:title\" content=\"T\u00e9cnico de servicio gr\u00faas - Spain &amp; Portugal\" \/>\n<meta property=\"og:description\" content=\"T\u00e9cnico de servicio gr\u00faas Tadano Demag Espa\u00f1a S.A. Soporte maquinaria Tadano Demag, principal \u00e1rea de actuaci\u00f3n Espa\u00f1a y Portugal Sobre nosotrosFundado en 1948, el Grupo Tadano con sede en Takamatsu (Jap\u00f3n) opera a nivel mundial, especializ\u00e1ndose en el desarrollo y producci\u00f3n de gr\u00faas m\u00f3viles hidr\u00e1ulicas. La producci\u00f3n clave se distribuye en diez ubicaciones: cinco en [&hellip;]\" \/>\n<meta property=\"og:url\" content=\"https:\/\/www.tadano.com\/espana-y-portugal\/es\/acerca-de\/carreras\/tecnico-de-servicio-gruas\/\" \/>\n<meta property=\"og:site_name\" content=\"Spain &amp; Portugal\" \/>\n<meta property=\"article:modified_time\" content=\"2026-02-12T09:50:12+00:00\" \/>\n<meta name=\"twitter:card\" content=\"summary_large_image\" \/>\n<meta name=\"twitter:label1\" content=\"Tiempo de lectura\" \/>\n\t<meta name=\"twitter:data1\" content=\"2 minutos\" \/>\n<script type=\"application\/ld+json\" class=\"yoast-schema-graph\">{\"@context\":\"https:\/\/schema.org\",\"@graph\":[{\"@type\":\"WebPage\",\"@id\":\"https:\/\/www.tadano.com\/espana-y-portugal\/es\/acerca-de\/carreras\/tecnico-de-servicio-gruas\/\",\"url\":\"https:\/\/www.tadano.com\/espana-y-portugal\/es\/acerca-de\/carreras\/tecnico-de-servicio-gruas\/\",\"name\":\"T\u00e9cnico de servicio gr\u00faas - Spain &amp; Portugal\",\"isPartOf\":{\"@id\":\"https:\/\/www.tadano.com\/espana-y-portugal\/es\/#website\"},\"datePublished\":\"2024-02-19T13:38:52+00:00\",\"dateModified\":\"2026-02-12T09:50:12+00:00\",\"breadcrumb\":{\"@id\":\"https:\/\/www.tadano.com\/espana-y-portugal\/es\/acerca-de\/carreras\/tecnico-de-servicio-gruas\/#breadcrumb\"},\"inLanguage\":\"es\",\"potentialAction\":[{\"@type\":\"ReadAction\",\"target\":[\"https:\/\/www.tadano.com\/espana-y-portugal\/es\/acerca-de\/carreras\/tecnico-de-servicio-gruas\/\"]}]},{\"@type\":\"BreadcrumbList\",\"@id\":\"https:\/\/www.tadano.com\/espana-y-portugal\/es\/acerca-de\/carreras\/tecnico-de-servicio-gruas\/#breadcrumb\",\"itemListElement\":[{\"@type\":\"ListItem\",\"position\":1,\"name\":\"Carreras\",\"item\":\"https:\/\/www.tadano.com\/espana-y-portugal\/es\/acerca-de\/carreras\/\"},{\"@type\":\"ListItem\",\"position\":2,\"name\":\"T\u00e9cnico de servicio gr\u00faas\"}]},{\"@type\":\"WebSite\",\"@id\":\"https:\/\/www.tadano.com\/espana-y-portugal\/es\/#website\",\"url\":\"https:\/\/www.tadano.com\/espana-y-portugal\/es\/\",\"name\":\"Spain &amp; Portugal\",\"description\":\"Just another TADANO EUROPE site\",\"potentialAction\":[{\"@type\":\"SearchAction\",\"target\":{\"@type\":\"EntryPoint\",\"urlTemplate\":\"https:\/\/www.tadano.com\/espana-y-portugal\/es\/?s={search_term_string}\"},\"query-input\":\"required name=search_term_string\"}],\"inLanguage\":\"es\"}]}<\/script>\n<!-- \/ Yoast SEO plugin. -->","yoast_head_json":{"title":"T\u00e9cnico de servicio gr\u00faas - Spain &amp; Portugal","robots":{"index":"index","follow":"follow","max-snippet":"max-snippet:-1","max-image-preview":"max-image-preview:large","max-video-preview":"max-video-preview:-1"},"canonical":"https:\/\/www.tadano.com\/espana-y-portugal\/es\/acerca-de\/carreras\/tecnico-de-servicio-gruas\/","og_locale":"es_ES","og_type":"article","og_title":"T\u00e9cnico de servicio gr\u00faas - Spain &amp; Portugal","og_description":"T\u00e9cnico de servicio gr\u00faas Tadano Demag Espa\u00f1a S.A. Soporte maquinaria Tadano Demag, principal \u00e1rea de actuaci\u00f3n Espa\u00f1a y Portugal Sobre nosotrosFundado en 1948, el Grupo Tadano con sede en Takamatsu (Jap\u00f3n) opera a nivel mundial, especializ\u00e1ndose en el desarrollo y producci\u00f3n de gr\u00faas m\u00f3viles hidr\u00e1ulicas. La producci\u00f3n clave se distribuye en diez ubicaciones: cinco en [&hellip;]","og_url":"https:\/\/www.tadano.com\/espana-y-portugal\/es\/acerca-de\/carreras\/tecnico-de-servicio-gruas\/","og_site_name":"Spain &amp; Portugal","article_modified_time":"2026-02-12T09:50:12+00:00","twitter_card":"summary_large_image","twitter_misc":{"Tiempo de lectura":"2 minutos"},"schema":{"@context":"https:\/\/schema.org","@graph":[{"@type":"WebPage","@id":"https:\/\/www.tadano.com\/espana-y-portugal\/es\/acerca-de\/carreras\/tecnico-de-servicio-gruas\/","url":"https:\/\/www.tadano.com\/espana-y-portugal\/es\/acerca-de\/carreras\/tecnico-de-servicio-gruas\/","name":"T\u00e9cnico de servicio gr\u00faas - Spain &amp; Portugal","isPartOf":{"@id":"https:\/\/www.tadano.com\/espana-y-portugal\/es\/#website"},"datePublished":"2024-02-19T13:38:52+00:00","dateModified":"2026-02-12T09:50:12+00:00","breadcrumb":{"@id":"https:\/\/www.tadano.com\/espana-y-portugal\/es\/acerca-de\/carreras\/tecnico-de-servicio-gruas\/#breadcrumb"},"inLanguage":"es","potentialAction":[{"@type":"ReadAction","target":["https:\/\/www.tadano.com\/espana-y-portugal\/es\/acerca-de\/carreras\/tecnico-de-servicio-gruas\/"]}]},{"@type":"BreadcrumbList","@id":"https:\/\/www.tadano.com\/espana-y-portugal\/es\/acerca-de\/carreras\/tecnico-de-servicio-gruas\/#breadcrumb","itemListElement":[{"@type":"ListItem","position":1,"name":"Carreras","item":"https:\/\/www.tadano.com\/espana-y-portugal\/es\/acerca-de\/carreras\/"},{"@type":"ListItem","position":2,"name":"T\u00e9cnico de servicio gr\u00faas"}]},{"@type":"WebSite","@id":"https:\/\/www.tadano.com\/espana-y-portugal\/es\/#website","url":"https:\/\/www.tadano.com\/espana-y-portugal\/es\/","name":"Spain &amp; Portugal","description":"Just another TADANO EUROPE site","potentialAction":[{"@type":"SearchAction","target":{"@type":"EntryPoint","urlTemplate":"https:\/\/www.tadano.com\/espana-y-portugal\/es\/?s={search_term_string}"},"query-input":"required name=search_term_string"}],"inLanguage":"es"}]}},"_links":{"self":[{"href":"https:\/\/www.tadano.com\/espana-y-portugal\/es\/wp-json\/wp\/v2\/pages\/16551"}],"collection":[{"href":"https:\/\/www.tadano.com\/espana-y-portugal\/es\/wp-json\/wp\/v2\/pages"}],"about":[{"href":"https:\/\/www.tadano.com\/espana-y-portugal\/es\/wp-json\/wp\/v2\/types\/page"}],"author":[{"embeddable":true,"href":"https:\/\/www.tadano.com\/espana-y-portugal\/es\/wp-json\/wp\/v2\/users\/3"}],"replies":[{"embeddable":true,"href":"https:\/\/www.tadano.com\/espana-y-portugal\/es\/wp-json\/wp\/v2\/comments?post=16551"}],"version-history":[{"count":3,"href":"https:\/\/www.tadano.com\/espana-y-portugal\/es\/wp-json\/wp\/v2\/pages\/16551\/revisions"}],"predecessor-version":[{"id":17531,"href":"https:\/\/www.tadano.com\/espana-y-portugal\/es\/wp-json\/wp\/v2\/pages\/16551\/revisions\/17531"}],"up":[{"embeddable":true,"href":"https:\/\/www.tadano.com\/espana-y-portugal\/es\/wp-json\/wp\/v2\/pages\/16689"}],"wp:attachment":[{"href":"https:\/\/www.tadano.com\/espana-y-portugal\/es\/wp-json\/wp\/v2\/media?parent=16551"}],"curies":[{"name":"wp","href":"https:\/\/api.w.org\/{rel}","templated":true}]}}