{"id":16689,"date":"2024-06-06T12:00:37","date_gmt":"2024-06-06T12:00:37","guid":{"rendered":"https:\/\/www.tadano.com\/espana-y-portugal\/?page_id=16689"},"modified":"2026-02-12T09:47:43","modified_gmt":"2026-02-12T09:47:43","slug":"carreras","status":"publish","type":"page","link":"https:\/\/www.tadano.com\/espana-y-portugal\/es\/acerca-de\/carreras\/","title":{"rendered":"Carreras"},"content":{"rendered":"\n\n\n<section class=\"hero-section\">\n\n\t\n\t\n\t\n\t<div class=\"img-holder \">\n\t\t\t\t<div class=\"bg-stretch\" style=\"background-position: 50% 50%; \">\n\t\t\t<span data-srcset=\"https:\/\/assets.onetadano.com\/celum_assets\/hero\/TADANO_lineup___NEWYORK__B__.jpg, https:\/\/assets.onetadano.com\/celum_assets\/hero-2x\/TADANO_lineup___NEWYORK__B__.jpg 2x\"><\/span>\n\t\t<\/div>\n\t\t\t\t\t\t<div class=\"logo green-solutions\" style=\"display:none;\">\n\t\t\t<a href=\"#\"><img decoding=\"async\" src=\"https:\/\/www.tadano.com\/espana-y-portugal\/wp-content\/themes\/tadano\/assets\/dist\/images\/Green-Solutions_Logo_White.svg\"><\/a>\n\t\t<\/div>\n\t<\/div>\n\t<div class=\"container\">\n\t\t<div class=\"text-holder \">\n\t\t\t<div class=\"wrap\">\n\t\t\t\t\n\t\t\t\t<ul class=\"breadcrumbs\"><li><a href=\"https:\/\/www.tadano.com\/espana-y-portugal\/es\/\">Inicio<\/a><\/li><\/ul>\n\t\t\t\t\n\n<h1 class=\"wp-block-heading\"><strong>Carreras<\/strong><\/h1>\n\n\n\n<p>Como parte del Grupo Tadano, Tadano Demag Espa\u00f1a comparte la misi\u00f3n de trabajar para proporcionar a nuestros clientes equipos de elevaci\u00f3n y servicios relacionados, que no solo cumplan con sus expectativas sino que tambi\u00e9n las superen.<\/p>\n\n\n\n\t\t\t\t\n\t\t\t<\/div>\n\n\t\t\t\n\t\t\t\n\t\t\t\n\t\t<\/div>\n\t<\/div>\n<\/section>\n\n\n<div class=\"wp-block-group is-style-background-white is-layout-flow wp-block-group-is-layout-flow\"><div class=\"wp-block-group__inner-container\">\n<h1 class=\"wp-block-heading\">\u00daNETE A TADANO DEMAG ESPA\u00d1A<\/h1>\n\n\n\n<p>En Tadano, creemos en fomentar una cultura de innovaci\u00f3n, excelencia y crecimiento. Como proveedor l\u00edder de soluciones de equipos de elevaci\u00f3n, estamos comprometidos a atraer a los mejores talentos que sientan pasi\u00f3n por hacer una diferencia en la industria. Ya sea que seas un profesional con experiencia o un reci\u00e9n graduado deseoso de embarcarte en una carrera gratificante, Tadano Demag Espa\u00f1a ofrece emocionantes oportunidades para el desarrollo personal y profesional. Animamos a las personas impulsadas por los desaf\u00edos y que prosperan en entornos colaborativos a explorar las posibilidades con nosotros.<\/p>\n\n\n\n<div class=\"wp-block-columns is-layout-flex wp-container-core-columns-layout-1 wp-block-columns-is-layout-flex\">\n<div class=\"wp-block-column is-layout-flow wp-block-column-is-layout-flow\" style=\"flex-basis:66.66%\">\n<div class=\"wp-block-buttons is-layout-flex wp-block-buttons-is-layout-flex\">\n<div class=\"wp-block-button\"><a class=\"wp-block-button__link wp-element-button\" href=\"https:\/\/www.tadano.com\/espana-y-portugal\/es\/acerca-de\/carreras\/tecnico-de-servicio-gruas\/\">T\u00e9cnico de servicio gr\u00faas<\/a><\/div>\n<\/div>\n\n\n\n<div style=\"height:30px\" aria-hidden=\"true\" class=\"wp-block-spacer\"><\/div>\n<\/div>\n<\/div>\n<\/div><\/div>\n","protected":false},"excerpt":{"rendered":"<p>\u00daNETE A TADANO DEMAG ESPA\u00d1A En Tadano, creemos en fomentar una cultura de innovaci\u00f3n, excelencia y crecimiento. Como proveedor l\u00edder de soluciones de equipos de elevaci\u00f3n, estamos comprometidos a atraer a los mejores talentos que sientan pasi\u00f3n por hacer una diferencia en la industria. Ya sea que seas un profesional con experiencia o un reci\u00e9n [&hellip;]<\/p>\n","protected":false},"author":3,"featured_media":0,"parent":3527,"menu_order":0,"comment_status":"closed","ping_status":"closed","template":"","meta":{"_acf_changed":false,"footnotes":""},"acf":[],"yoast_head":"<!-- This site is optimized with the Yoast SEO plugin v22.3 - https:\/\/yoast.com\/wordpress\/plugins\/seo\/ -->\n<title>Carreras - Spain &amp; Portugal<\/title>\n<meta name=\"robots\" content=\"index, follow, max-snippet:-1, max-image-preview:large, max-video-preview:-1\" \/>\n<link rel=\"canonical\" href=\"https:\/\/www.tadano.com\/espana-y-portugal\/es\/acerca-de\/carreras\/\" \/>\n<meta property=\"og:locale\" content=\"es_ES\" \/>\n<meta property=\"og:type\" content=\"article\" \/>\n<meta property=\"og:title\" content=\"Carreras - Spain &amp; Portugal\" \/>\n<meta property=\"og:description\" content=\"\u00daNETE A TADANO DEMAG ESPA\u00d1A En Tadano, creemos en fomentar una cultura de innovaci\u00f3n, excelencia y crecimiento. Como proveedor l\u00edder de soluciones de equipos de elevaci\u00f3n, estamos comprometidos a atraer a los mejores talentos que sientan pasi\u00f3n por hacer una diferencia en la industria. Ya sea que seas un profesional con experiencia o un reci\u00e9n [&hellip;]\" \/>\n<meta property=\"og:url\" content=\"https:\/\/www.tadano.com\/espana-y-portugal\/es\/acerca-de\/carreras\/\" \/>\n<meta property=\"og:site_name\" content=\"Spain &amp; Portugal\" \/>\n<meta property=\"article:modified_time\" content=\"2026-02-12T09:47:43+00:00\" \/>\n<meta name=\"twitter:card\" content=\"summary_large_image\" \/>\n<meta name=\"twitter:label1\" content=\"Tiempo de lectura\" \/>\n\t<meta name=\"twitter:data1\" content=\"1 minuto\" \/>\n<script type=\"application\/ld+json\" class=\"yoast-schema-graph\">{\"@context\":\"https:\/\/schema.org\",\"@graph\":[{\"@type\":\"WebPage\",\"@id\":\"https:\/\/www.tadano.com\/espana-y-portugal\/es\/acerca-de\/carreras\/\",\"url\":\"https:\/\/www.tadano.com\/espana-y-portugal\/es\/acerca-de\/carreras\/\",\"name\":\"Carreras - Spain &amp; Portugal\",\"isPartOf\":{\"@id\":\"https:\/\/www.tadano.com\/espana-y-portugal\/es\/#website\"},\"datePublished\":\"2024-06-06T12:00:37+00:00\",\"dateModified\":\"2026-02-12T09:47:43+00:00\",\"inLanguage\":\"es\",\"potentialAction\":[{\"@type\":\"ReadAction\",\"target\":[\"https:\/\/www.tadano.com\/espana-y-portugal\/es\/acerca-de\/carreras\/\"]}]},{\"@type\":\"WebSite\",\"@id\":\"https:\/\/www.tadano.com\/espana-y-portugal\/es\/#website\",\"url\":\"https:\/\/www.tadano.com\/espana-y-portugal\/es\/\",\"name\":\"Spain &amp; Portugal\",\"description\":\"Just another TADANO EUROPE site\",\"potentialAction\":[{\"@type\":\"SearchAction\",\"target\":{\"@type\":\"EntryPoint\",\"urlTemplate\":\"https:\/\/www.tadano.com\/espana-y-portugal\/es\/?s={search_term_string}\"},\"query-input\":\"required name=search_term_string\"}],\"inLanguage\":\"es\"}]}<\/script>\n<!-- \/ Yoast SEO plugin. -->","yoast_head_json":{"title":"Carreras - Spain &amp; Portugal","robots":{"index":"index","follow":"follow","max-snippet":"max-snippet:-1","max-image-preview":"max-image-preview:large","max-video-preview":"max-video-preview:-1"},"canonical":"https:\/\/www.tadano.com\/espana-y-portugal\/es\/acerca-de\/carreras\/","og_locale":"es_ES","og_type":"article","og_title":"Carreras - Spain &amp; Portugal","og_description":"\u00daNETE A TADANO DEMAG ESPA\u00d1A En Tadano, creemos en fomentar una cultura de innovaci\u00f3n, excelencia y crecimiento. Como proveedor l\u00edder de soluciones de equipos de elevaci\u00f3n, estamos comprometidos a atraer a los mejores talentos que sientan pasi\u00f3n por hacer una diferencia en la industria. Ya sea que seas un profesional con experiencia o un reci\u00e9n [&hellip;]","og_url":"https:\/\/www.tadano.com\/espana-y-portugal\/es\/acerca-de\/carreras\/","og_site_name":"Spain &amp; Portugal","article_modified_time":"2026-02-12T09:47:43+00:00","twitter_card":"summary_large_image","twitter_misc":{"Tiempo de lectura":"1 minuto"},"schema":{"@context":"https:\/\/schema.org","@graph":[{"@type":"WebPage","@id":"https:\/\/www.tadano.com\/espana-y-portugal\/es\/acerca-de\/carreras\/","url":"https:\/\/www.tadano.com\/espana-y-portugal\/es\/acerca-de\/carreras\/","name":"Carreras - Spain &amp; Portugal","isPartOf":{"@id":"https:\/\/www.tadano.com\/espana-y-portugal\/es\/#website"},"datePublished":"2024-06-06T12:00:37+00:00","dateModified":"2026-02-12T09:47:43+00:00","inLanguage":"es","potentialAction":[{"@type":"ReadAction","target":["https:\/\/www.tadano.com\/espana-y-portugal\/es\/acerca-de\/carreras\/"]}]},{"@type":"WebSite","@id":"https:\/\/www.tadano.com\/espana-y-portugal\/es\/#website","url":"https:\/\/www.tadano.com\/espana-y-portugal\/es\/","name":"Spain &amp; Portugal","description":"Just another TADANO EUROPE site","potentialAction":[{"@type":"SearchAction","target":{"@type":"EntryPoint","urlTemplate":"https:\/\/www.tadano.com\/espana-y-portugal\/es\/?s={search_term_string}"},"query-input":"required name=search_term_string"}],"inLanguage":"es"}]}},"_links":{"self":[{"href":"https:\/\/www.tadano.com\/espana-y-portugal\/es\/wp-json\/wp\/v2\/pages\/16689"}],"collection":[{"href":"https:\/\/www.tadano.com\/espana-y-portugal\/es\/wp-json\/wp\/v2\/pages"}],"about":[{"href":"https:\/\/www.tadano.com\/espana-y-portugal\/es\/wp-json\/wp\/v2\/types\/page"}],"author":[{"embeddable":true,"href":"https:\/\/www.tadano.com\/espana-y-portugal\/es\/wp-json\/wp\/v2\/users\/3"}],"replies":[{"embeddable":true,"href":"https:\/\/www.tadano.com\/espana-y-portugal\/es\/wp-json\/wp\/v2\/comments?post=16689"}],"version-history":[{"count":5,"href":"https:\/\/www.tadano.com\/espana-y-portugal\/es\/wp-json\/wp\/v2\/pages\/16689\/revisions"}],"predecessor-version":[{"id":17529,"href":"https:\/\/www.tadano.com\/espana-y-portugal\/es\/wp-json\/wp\/v2\/pages\/16689\/revisions\/17529"}],"up":[{"embeddable":true,"href":"https:\/\/www.tadano.com\/espana-y-portugal\/es\/wp-json\/wp\/v2\/pages\/3527"}],"wp:attachment":[{"href":"https:\/\/www.tadano.com\/espana-y-portugal\/es\/wp-json\/wp\/v2\/media?parent=16689"}],"curies":[{"name":"wp","href":"https:\/\/api.w.org\/{rel}","templated":true}]}}