{"id":17280,"date":"2025-08-06T11:49:40","date_gmt":"2025-08-06T11:49:40","guid":{"rendered":"https:\/\/www.tadano.com\/espana-y-portugal\/product-data-usage\/"},"modified":"2025-09-15T08:42:44","modified_gmt":"2025-09-15T08:42:44","slug":"politica-sobre-el-uso-de-datos-de-productos","status":"publish","type":"page","link":"https:\/\/www.tadano.com\/espana-y-portugal\/es\/politica-sobre-el-uso-de-datos-de-productos\/","title":{"rendered":"Pol\u00edtica sobre el uso de datos de productos"},"content":{"rendered":"\n\n<style type=\"text\/css\">\n    .header .main-menu .accordion >li >a,\n    .header .language-opener {\n        color: #fff;\n    }\n    .header .main-menu .accordion >li >a:hover,\n    .header .language-opener:hover {\n        color: #00AAE8;\n    }    \n    .header .language-block .selected {\n        color: #fff;\n    }\n    .header .language-block .drop {\n        background: #00AAE8;\n        border-color: #fff;\n    }\n    .editor-styles-wrapper .hero-section-alt2.bg-off .img-holder {\n        height: 0px!important;\n    }\n    .language-block .drop .switch {\n        color: #fff;\n    }\n    .hero-section-alt2.bg-off .img-holder {\n        height: 100%;\n    }\n     .header .logo .black_blue {\n        display: none;\n    }\n    .header .logo .white_blue {\n        display: block;\n    }\n<\/style>\n\n<section class=\"special-header hero-section-alt2\" style=\"background-position: 50% 50%; background-image: url(https:\/\/mediahub.tadano.com\/m\/5f8e540df0cb1bfd\/gallery_full-img_Demag_demag-ic-1-plus-jpg.jpg);\">\n    <div class=\"container\">\n      <div class=\"text-holder l-equipments support\">\n        <div class=\"wrap\">\n          \n\n<h1 class=\"wp-block-heading\">Pol\u00edtica sobre el uso de datos de productos<\/h1>\n\n\n        <\/div>\n      <\/div>\n    <\/div>\n<\/section>\n\n<section class=\"navigation-block\">\n            <ul>\n                        <li>\n                    <a href=\"#agreement\" target=\"_self\">\n                        Acuerdo de uso de datos                    <\/a>\n                <\/li>\n                                    <li>\n                    <a href=\"#telematics\" target=\"_self\">\n                        Soluciones telem\u00e1ticas                    <\/a>\n                <\/li>\n                                    <li>\n                    <a href=\"#commitment\" target=\"_self\">\n                        Nuestro compromiso                    <\/a>\n                <\/li>\n                                    <li>\n                    <a href=\"https:\/\/www.tadano.com\/espana-y-portugal\/es\/acerca-de\/contactenos\/\" target=\"_self\">\n                        Cont\u00e1ctenos                    <\/a>\n                <\/li>\n                            <\/ul>\n    <\/section>\n\n\n<div style=\"height:50px\" aria-hidden=\"true\" class=\"wp-block-spacer\"><\/div>\n\n\n<div id=\"agreement\"><\/div>\n\n\n\n<h2 class=\"wp-block-heading\">Acuerdo de uso de datos<\/h2>\n\n\n\n<p>Tadano se compromete a tratar los datos de forma responsable, justa y l\u00edcita. El presente Acuerdo de uso de datos le informa sobre las condiciones de uso, intercambio y tratamiento de datos de conformidad con el Reglamento (UE) 2023\/2854 (\u00abLey de datos de la UE\u00bb).<\/p>\n\n\n\n<div class=\"wp-block-buttons is-layout-flex wp-block-buttons-is-layout-flex\">\n<div class=\"wp-block-button\"><a class=\"wp-block-button__link wp-element-button\" href=\"https:\/\/mediahub.tadano.com\/m\/3f01f870504354f0\/original\/doc_tadano_DataUseAgreement_EN.pdf\" target=\"_blank\" rel=\"noreferrer noopener\">descargar acuerdo de uso de datos<\/a><\/div>\n<\/div>\n\n\n\n<div style=\"height:50px\" aria-hidden=\"true\" class=\"wp-block-spacer\"><\/div>\n\n\n<div id=\"telematics\"><\/div>\n\n\n\n<h2 class=\"wp-block-heading\">Soluciones telem\u00e1ticas<\/h2>\n\n\n\n<p>En Tadano, nos comprometemos a ofrecer soluciones telem\u00e1ticas de vanguardia que mejoren la seguridad, la eficiencia y la productividad en toda nuestra gama de productos. En consonancia con la Ley de Datos de la UE, apoyamos plenamente el acceso transparente, justo y seguro a los datos generados por nuestras m\u00e1quinas conectadas.<\/p>\n\n\n\n<p>Haga clic en la soluci\u00f3n telem\u00e1tica disponible para su producto para obtener m\u00e1s informaci\u00f3n.<\/p>\n\n\n<section class=\"overflow-hidden\">\n    <div class=\"container\">\n      <ul class=\"legal-accordion style-small\">\n          <li>\n            <a href=\"#\" class=\"opener\"><span>IC-1 Remote<\/span><\/a>\n            <div class=\"slide\">\n              <div class=\"slide-wrap\">\n                \n\n<p><strong><u>Informe de gesti\u00f3n de flotas<\/u><\/strong><\/p>\n\n\n\n<p>El informe de datos de gesti\u00f3n de flotas proporciona informaci\u00f3n sobre los par\u00e1metros operativos clave de su gr\u00faa:<\/p>\n\n\n\n<ul>\n<li><strong>Estado y utilizaci\u00f3n de la gr\u00faa<\/strong><\/li>\n\n\n\n<li><strong>Control de carga y alcance<\/strong> \u2013 cargas actuales\/m\u00e1ximas y alcance<\/li>\n\n\n\n<li><strong>Configuraci\u00f3n del equipo<\/strong> \u2013 longitudes de la pluma, \u00e1ngulos, contrapesos<\/li>\n\n\n\n<li><strong>Estabilidad y seguridad<\/strong> \u2013 fuerzas de los estabilizadores, presi\u00f3n sobre el suelo, inclinaci\u00f3n, datos sobre el viento<\/li>\n\n\n\n<li><strong>Accionamientos y vida \u00fatil<\/strong> \u2013 horas de funcionamiento, control del desgaste, vida \u00fatil restante<\/li>\n\n\n\n<li><strong>Motores y sistema hidr\u00e1ulico<\/strong> \u2013 RPM (revoluciones por minuto), temperaturas, niveles de aceite y combustible<\/li>\n\n\n\n<li><strong>Datos del veh\u00edculo<\/strong> \u2013 kilometraje, velocidad, presi\u00f3n de los neum\u00e1ticos (para gr\u00faas m\u00f3viles)<\/li>\n\n\n\n<li><strong>Informaci\u00f3n sobre mantenimiento y software <\/strong>\u2013 estado del LMB, diagn\u00f3sticos, versiones de software<\/li>\n<\/ul>\n\n\n\n<p><\/p>\n\n\n\n<p><strong><u>Informe del registrador de datos<\/u><\/strong><\/p>\n\n\n\n<p>El registrador de datos remoto IC1 registra y almacena datos detallados de la gr\u00faa para su an\u00e1lisis, seguridad y mantenimiento:<\/p>\n\n\n\n<ul>\n<li><strong>Registro de operaciones y tiempo<\/strong> \u2013 registro preciso de fecha, hora, modo y configuraci\u00f3n de la pluma<\/li>\n\n\n\n<li><strong>Datos de carga y alcance<\/strong> \u2013 cargas actuales\/m\u00e1ximas, utilizaci\u00f3n, radio, altura de la cabeza de pluma<\/li>\n\n\n\n<li><strong>Supervisi\u00f3n de seguridad<\/strong> \u2013 eventos de parada del LMB, alertas de sobrecarga, c\u00f3digos de error<\/li>\n\n\n\n<li><strong>Acciones del operador<\/strong> \u2013 elevaci\u00f3n, inclinaci\u00f3n, giro, telescopaje, configuraci\u00f3n de los reenv\u00edos de cable<\/li>\n\n\n\n<li><strong>Supervisi\u00f3n del soporte y el contrapeso<\/strong> \u2013 presiones de los estabilizadores, estado del contrapeso<\/li>\n<\/ul>\n\n\n\n<div class=\"wp-block-buttons is-layout-flex wp-block-buttons-is-layout-flex\">\n<div class=\"wp-block-button\"><a class=\"wp-block-button__link wp-element-button\" href=\"https:\/\/www.ic-1-remote.com\/signin\" target=\"_blank\" rel=\"noreferrer noopener\">ir a IC-1 Remote<\/a><\/div>\n<\/div>\n\n\n              <\/div>\n            <\/div>\n          <\/li>\n      <\/ul>\n  <\/div>\n<\/section>\n\n<section class=\"overflow-hidden\">\n    <div class=\"container\">\n      <ul class=\"legal-accordion style-small\">\n          <li>\n            <a href=\"#\" class=\"opener\"><span>Hello-Net<\/span><\/a>\n            <div class=\"slide\">\n              <div class=\"slide-wrap\">\n                \n\n<p>Las exportaciones de Hello-Net proporcionan estad\u00edsticas detalladas sobre el rendimiento y el uso de cada gr\u00faa, organizadas por fecha.<\/p>\n\n\n\n<p><strong><u>Exportacion de datos<\/u><\/strong><\/p>\n\n\n\n<ul>\n<li><strong>Equipo y ubicaci\u00f3n<\/strong> \u2013 fabricante original, modelo, n\u00famero de serie, posici\u00f3n GPS y \u00faltima ubicaci\u00f3n conocida<\/li>\n\n\n\n<li><strong>Uso<\/strong> \u2013 horas totales y diarias, tiempo de toma de fuerza y desplazamiento, n\u00famero de elevaciones, m\u00e9tricas de carga, velocidad<\/li>\n\n\n\n<li><strong>Rendimiento<\/strong> \u2013 niveles de combustible y AdBlue, patrones de consumo, datos de temperatura y presi\u00f3n<\/li>\n\n\n\n<li><strong>Operaciones<\/strong> \u2013 registro de estado cada 15 minutos, an\u00e1lisis de funcionamiento versus inactividad\/sin carga<\/li>\n\n\n\n<li><strong>Mantenimiento y seguridad<\/strong> \u2013 alertas para filtros, l\u00edquidos, frenos, sobrecargas, sobrevelocidades y alarmas<\/li>\n<\/ul>\n\n\n\n<div class=\"wp-block-buttons is-layout-flex wp-block-buttons-is-layout-flex\">\n<div class=\"wp-block-button\"><a class=\"wp-block-button__link wp-element-button\" href=\"https:\/\/hellonet-owners.tadano.jp\/login\/\" target=\"_blank\" rel=\"noreferrer noopener\">ir a Hello-Net<\/a><\/div>\n<\/div>\n\n\n              <\/div>\n            <\/div>\n          <\/li>\n      <\/ul>\n  <\/div>\n<\/section>\n\n<section class=\"overflow-hidden\">\n    <div class=\"container\">\n      <ul class=\"legal-accordion style-small\">\n          <li>\n            <a href=\"#\" class=\"opener\"><span>Valla Connect<\/span><\/a>\n            <div class=\"slide\">\n              <div class=\"slide-wrap\">\n                \n\n<p>Valla Connect ofrece exportaciones estructuradas que proporcionan datos esenciales sobre la flota y las m\u00e1quinas para mejorar la visibilidad y el seguimiento del rendimiento.<\/p>\n\n\n\n<p><strong><u>Exportacion de datos<\/u><\/strong><\/p>\n\n\n\n<ul>\n<li><strong>Informaci\u00f3n del sistema y del equipo<\/strong> \u2013 Identificaci\u00f3n de la m\u00e1quina, tipo, modelo y estado operativo<\/li>\n\n\n\n<li><strong>Seguimiento de la ubicaci\u00f3n<\/strong> \u2013 posici\u00f3n GPS, fecha y hora de la captura<\/li>\n\n\n\n<li><strong>Datos operativos<\/strong> \u2013 tipo de m\u00e1quina, configuraci\u00f3n y actividades registradas<\/li>\n\n\n\n<li><strong>Diagn\u00f3sticos y c\u00f3digos de error<\/strong> \u2013 informes de errores generados por la m\u00e1quina para la detecci\u00f3n de fallos y la planificaci\u00f3n del mantenimiento<\/li>\n<\/ul>\n\n\n\n<div class=\"wp-block-buttons is-layout-flex wp-block-buttons-is-layout-flex\">\n<div class=\"wp-block-button\"><a class=\"wp-block-button__link wp-element-button\" href=\"https:\/\/sso.cobointouch.net\/realms\/CoboIntouchSSO\/protocol\/openid-connect\/auth?scope=openid+profile+email&amp;response_type=code&amp;redirect_uri=https%3A%2F%2Fwww.cobointouch.net%2Fc%2Fportal%2Flogin&amp;state=446ad5082591add77e6e4d772d7645fb&amp;client_id=Intouch\" target=\"_blank\" rel=\"noreferrer noopener\">ir a Valla Connect<\/a><\/div>\n<\/div>\n\n\n              <\/div>\n            <\/div>\n          <\/li>\n      <\/ul>\n  <\/div>\n<\/section>\n\n<section class=\"overflow-hidden\">\n    <div class=\"container\">\n      <ul class=\"legal-accordion style-small\">\n          <li>\n            <a href=\"#\" class=\"opener\"><span>PM Connect<\/span><\/a>\n            <div class=\"slide\">\n              <div class=\"slide-wrap\">\n                \n\n<p>PM Connect proporciona conjuntos de datos estructurados que incluyen la ubicaci\u00f3n de la gr\u00faa, su configuraci\u00f3n, los par\u00e1metros operativos y el estado de mantenimiento.<\/p>\n\n\n\n<p><strong><u>Exportacion de datos<\/u><\/strong><\/p>\n\n\n\n<ul>\n<li><strong>Ubicaci\u00f3n y hora<\/strong> \u2013 marcas de fecha y hora, coordenadas GPS, altitud, nombre del proyecto<\/li>\n\n\n\n<li><strong>Configuraci\u00f3n y estado de la gr\u00faa<\/strong> \u2013 tipo de gr\u00faa montada, zona de trabajo, \u00e1ngulos de la pluma y del giro, extensiones y estado del estabilizador, lecturas de inclinaci\u00f3n<\/li>\n\n\n\n<li><strong>M\u00e9tricas hidr\u00e1ulicas y mec\u00e1nicas<\/strong> \u2013 presiones de los cilindros, presi\u00f3n del bloque de v\u00e1lvulas, carga del cabrestante, temperatura del aceite<\/li>\n\n\n\n<li><strong>Modos de funcionamiento y controles<\/strong> \u2013 modo de gr\u00faa, modo de herramienta, ajustes del estabilizador, activaciones de la electrov\u00e1lvula<\/li>\n\n\n\n<li><strong>Condiciones de parada y mantenimiento<\/strong> \u2013 activadores por sobrecarga, alineaci\u00f3n, fin de carrera del cilindro, inclinaci\u00f3n, datos del estabilizador faltantes, horas de trabajo, cuentas atr\u00e1s de mantenimiento, temporizadores de la toma de fuerza y del motor, contadores de emergencia y de limitaci\u00f3n<\/li>\n\n\n\n<li><strong>Registros de eventos y errores<\/strong> \u2013 registros operativos con marca de tiempo e instant\u00e1neas del estado del sistema y de los par\u00e1metros para el diagn\u00f3stico y el an\u00e1lisis<\/li>\n<\/ul>\n\n\n\n<div class=\"wp-block-buttons is-layout-flex wp-block-buttons-is-layout-flex\">\n<div class=\"wp-block-button\"><a class=\"wp-block-button__link wp-element-button\" href=\"https:\/\/mya4u.com\/login\" target=\"_blank\" rel=\"noreferrer noopener\">ir a PM Connect<\/a><\/div>\n<\/div>\n\n\n              <\/div>\n            <\/div>\n          <\/li>\n      <\/ul>\n  <\/div>\n<\/section>\n\n<section class=\"overflow-hidden\">\n    <div class=\"container\">\n      <ul class=\"legal-accordion style-small\">\n          <li>\n            <a href=\"#\" class=\"opener\"><span>Oil&amp;Steel Connect<\/span><\/a>\n            <div class=\"slide\">\n              <div class=\"slide-wrap\">\n                \n\n<p>Oil &amp; Steel Connect registra datos operativos, ubicaci\u00f3n e indicadores de mantenimiento.<\/p>\n\n\n\n<p><strong><u>Exportacion de datos<\/u><\/strong><\/p>\n\n\n\n<ul>\n<li><strong>Ubicaci\u00f3n y hora<\/strong> \u2013 marcas de tiempo, coordenadas GPS, altitud, nombre del proyecto<\/li>\n\n\n\n<li><strong>Estado del sistema<\/strong> \u2013 total de horas de trabajo, versi\u00f3n del software, indicadores de fallos activos<\/li>\n\n\n\n<li><strong>Mantenimiento y servicio<\/strong> \u2013 indicador del estado de mantenimiento, contadores de emergencias y limitaciones<\/li>\n\n\n\n<li><strong>Temporizadores operativos<\/strong> \u2013 tiempo diario de funcionamiento de la toma de fuerza, el motor, la parte a\u00e9rea y la parte inferior<\/li>\n\n\n\n<li><strong>Seguimiento del uso<\/strong> \u2013 estado de activaci\u00f3n de la toma de fuerza y horas de funcionamiento para el an\u00e1lisis del rendimiento<\/li>\n<\/ul>\n\n\n\n<div class=\"wp-block-buttons is-layout-flex wp-block-buttons-is-layout-flex\">\n<div class=\"wp-block-button\"><a class=\"wp-block-button__link wp-element-button\" href=\"https:\/\/mya4u.com\/login\" target=\"_blank\" rel=\"noreferrer noopener\">ir a Oil&amp;steel Connect<\/a><\/div>\n<\/div>\n\n\n              <\/div>\n            <\/div>\n          <\/li>\n      <\/ul>\n  <\/div>\n<\/section>\n\n\n<div style=\"height:50px\" aria-hidden=\"true\" class=\"wp-block-spacer\"><\/div>\n\n\n<div id=\"commitment\"><\/div>\n\n\n\n<h2 class=\"wp-block-heading\">Nuestro compromiso<\/h2>\n\n\n\n<p>Tadano adopta los principios de la Ley de Datos de la UE como una oportunidad para establecer relaciones m\u00e1s s\u00f3lidas con nuestros clientes y partes interesadas. Nos comprometemos a:<\/p>\n\n\n\n<ul>\n<li>Garantizar la <strong>transparencia <\/strong>de los datos sin comprometer la integridad del sistema<\/li>\n\n\n\n<li>Fomentar la <strong>innovaci\u00f3n basada en datos<\/strong> en el funcionamiento de las gr\u00faas y la gesti\u00f3n de la flota<\/li>\n\n\n\n<li>Facilitar la <strong>colaboraci\u00f3n abierta<\/strong> en toda la cadena de valor mediante el intercambio responsable de datos<\/li>\n<\/ul>\n\n\n\n<div style=\"height:50px\" aria-hidden=\"true\" class=\"wp-block-spacer\"><\/div>\n\n\n\n<h2 class=\"wp-block-heading\">Estamos aqu\u00ed para ayudarte<\/h2>\n\n\n\n<p>Tadano se compromete a cumplir plenamente con la Ley de Datos de la UE (Reglamento (UE) 2023\/2854) y a proporcionar un acceso transparente a los datos generados por los productos, cuando sea aplicable.<\/p>\n\n\n\n<p>Si tiene alguna pregunta sobre sus derechos de acceso a los datos, desea solicitar el acceso a los datos generados por las m\u00e1quinas o necesita m\u00e1s informaci\u00f3n sobre c\u00f3mo Tadano gestiona los datos en virtud de la Ley de Datos de la UE, nuestro equipo est\u00e1 a su disposici\u00f3n para ayudarle.<\/p>\n\n\n\n<div class=\"wp-block-buttons is-layout-flex wp-block-buttons-is-layout-flex\">\n<div class=\"wp-block-button\"><a class=\"wp-block-button__link wp-element-button\" href=\"https:\/\/www.tadano.com\/espana-y-portugal\/es\/acerca-de\/contactenos\/\" target=\"_blank\" rel=\"noreferrer noopener\">Cont\u00e1ctenos<\/a><\/div>\n<\/div>\n\n\n\n<div style=\"height:50px\" aria-hidden=\"true\" class=\"wp-block-spacer\"><\/div>\n","protected":false},"excerpt":{"rendered":"<p>Acuerdo de uso de datos Tadano se compromete a tratar los datos de forma responsable, justa y l\u00edcita. El presente Acuerdo de uso de datos le informa sobre las condiciones de uso, intercambio y tratamiento de datos de conformidad con el Reglamento (UE) 2023\/2854 (\u00abLey de datos de la UE\u00bb). Soluciones telem\u00e1ticas En Tadano, nos [&hellip;]<\/p>\n","protected":false},"author":2,"featured_media":0,"parent":0,"menu_order":0,"comment_status":"closed","ping_status":"closed","template":"","meta":{"_acf_changed":false,"footnotes":""},"acf":[],"yoast_head":"<!-- This site is optimized with the Yoast SEO plugin v22.3 - https:\/\/yoast.com\/wordpress\/plugins\/seo\/ -->\n<title>Pol\u00edtica sobre el uso de datos de productos - Spain &amp; Portugal<\/title>\n<meta name=\"robots\" content=\"index, follow, max-snippet:-1, max-image-preview:large, max-video-preview:-1\" \/>\n<link rel=\"canonical\" href=\"https:\/\/www.tadano.com\/espana-y-portugal\/es\/politica-sobre-el-uso-de-datos-de-productos\/\" \/>\n<meta property=\"og:locale\" content=\"es_ES\" \/>\n<meta property=\"og:type\" content=\"article\" \/>\n<meta property=\"og:title\" content=\"Pol\u00edtica sobre el uso de datos de productos - Spain &amp; Portugal\" \/>\n<meta property=\"og:description\" content=\"Acuerdo de uso de datos Tadano se compromete a tratar los datos de forma responsable, justa y l\u00edcita. El presente Acuerdo de uso de datos le informa sobre las condiciones de uso, intercambio y tratamiento de datos de conformidad con el Reglamento (UE) 2023\/2854 (\u00abLey de datos de la UE\u00bb). Soluciones telem\u00e1ticas En Tadano, nos [&hellip;]\" \/>\n<meta property=\"og:url\" content=\"https:\/\/www.tadano.com\/espana-y-portugal\/es\/politica-sobre-el-uso-de-datos-de-productos\/\" \/>\n<meta property=\"og:site_name\" content=\"Spain &amp; Portugal\" \/>\n<meta property=\"article:modified_time\" content=\"2025-09-15T08:42:44+00:00\" \/>\n<meta name=\"twitter:card\" content=\"summary_large_image\" \/>\n<meta name=\"twitter:label1\" content=\"Tiempo de lectura\" \/>\n\t<meta name=\"twitter:data1\" content=\"5 minutos\" \/>\n<script type=\"application\/ld+json\" class=\"yoast-schema-graph\">{\"@context\":\"https:\/\/schema.org\",\"@graph\":[{\"@type\":\"WebPage\",\"@id\":\"https:\/\/www.tadano.com\/espana-y-portugal\/es\/politica-sobre-el-uso-de-datos-de-productos\/\",\"url\":\"https:\/\/www.tadano.com\/espana-y-portugal\/es\/politica-sobre-el-uso-de-datos-de-productos\/\",\"name\":\"Pol\u00edtica sobre el uso de datos de productos - Spain &amp; Portugal\",\"isPartOf\":{\"@id\":\"https:\/\/www.tadano.com\/espana-y-portugal\/es\/#website\"},\"datePublished\":\"2025-08-06T11:49:40+00:00\",\"dateModified\":\"2025-09-15T08:42:44+00:00\",\"inLanguage\":\"es\",\"potentialAction\":[{\"@type\":\"ReadAction\",\"target\":[\"https:\/\/www.tadano.com\/espana-y-portugal\/es\/politica-sobre-el-uso-de-datos-de-productos\/\"]}]},{\"@type\":\"WebSite\",\"@id\":\"https:\/\/www.tadano.com\/espana-y-portugal\/es\/#website\",\"url\":\"https:\/\/www.tadano.com\/espana-y-portugal\/es\/\",\"name\":\"Spain &amp; Portugal\",\"description\":\"Just another TADANO EUROPE site\",\"potentialAction\":[{\"@type\":\"SearchAction\",\"target\":{\"@type\":\"EntryPoint\",\"urlTemplate\":\"https:\/\/www.tadano.com\/espana-y-portugal\/es\/?s={search_term_string}\"},\"query-input\":\"required name=search_term_string\"}],\"inLanguage\":\"es\"}]}<\/script>\n<!-- \/ Yoast SEO plugin. -->","yoast_head_json":{"title":"Pol\u00edtica sobre el uso de datos de productos - Spain &amp; Portugal","robots":{"index":"index","follow":"follow","max-snippet":"max-snippet:-1","max-image-preview":"max-image-preview:large","max-video-preview":"max-video-preview:-1"},"canonical":"https:\/\/www.tadano.com\/espana-y-portugal\/es\/politica-sobre-el-uso-de-datos-de-productos\/","og_locale":"es_ES","og_type":"article","og_title":"Pol\u00edtica sobre el uso de datos de productos - Spain &amp; Portugal","og_description":"Acuerdo de uso de datos Tadano se compromete a tratar los datos de forma responsable, justa y l\u00edcita. El presente Acuerdo de uso de datos le informa sobre las condiciones de uso, intercambio y tratamiento de datos de conformidad con el Reglamento (UE) 2023\/2854 (\u00abLey de datos de la UE\u00bb). Soluciones telem\u00e1ticas En Tadano, nos [&hellip;]","og_url":"https:\/\/www.tadano.com\/espana-y-portugal\/es\/politica-sobre-el-uso-de-datos-de-productos\/","og_site_name":"Spain &amp; Portugal","article_modified_time":"2025-09-15T08:42:44+00:00","twitter_card":"summary_large_image","twitter_misc":{"Tiempo de lectura":"5 minutos"},"schema":{"@context":"https:\/\/schema.org","@graph":[{"@type":"WebPage","@id":"https:\/\/www.tadano.com\/espana-y-portugal\/es\/politica-sobre-el-uso-de-datos-de-productos\/","url":"https:\/\/www.tadano.com\/espana-y-portugal\/es\/politica-sobre-el-uso-de-datos-de-productos\/","name":"Pol\u00edtica sobre el uso de datos de productos - Spain &amp; Portugal","isPartOf":{"@id":"https:\/\/www.tadano.com\/espana-y-portugal\/es\/#website"},"datePublished":"2025-08-06T11:49:40+00:00","dateModified":"2025-09-15T08:42:44+00:00","inLanguage":"es","potentialAction":[{"@type":"ReadAction","target":["https:\/\/www.tadano.com\/espana-y-portugal\/es\/politica-sobre-el-uso-de-datos-de-productos\/"]}]},{"@type":"WebSite","@id":"https:\/\/www.tadano.com\/espana-y-portugal\/es\/#website","url":"https:\/\/www.tadano.com\/espana-y-portugal\/es\/","name":"Spain &amp; Portugal","description":"Just another TADANO EUROPE site","potentialAction":[{"@type":"SearchAction","target":{"@type":"EntryPoint","urlTemplate":"https:\/\/www.tadano.com\/espana-y-portugal\/es\/?s={search_term_string}"},"query-input":"required name=search_term_string"}],"inLanguage":"es"}]}},"_links":{"self":[{"href":"https:\/\/www.tadano.com\/espana-y-portugal\/es\/wp-json\/wp\/v2\/pages\/17280"}],"collection":[{"href":"https:\/\/www.tadano.com\/espana-y-portugal\/es\/wp-json\/wp\/v2\/pages"}],"about":[{"href":"https:\/\/www.tadano.com\/espana-y-portugal\/es\/wp-json\/wp\/v2\/types\/page"}],"author":[{"embeddable":true,"href":"https:\/\/www.tadano.com\/espana-y-portugal\/es\/wp-json\/wp\/v2\/users\/2"}],"replies":[{"embeddable":true,"href":"https:\/\/www.tadano.com\/espana-y-portugal\/es\/wp-json\/wp\/v2\/comments?post=17280"}],"version-history":[{"count":3,"href":"https:\/\/www.tadano.com\/espana-y-portugal\/es\/wp-json\/wp\/v2\/pages\/17280\/revisions"}],"predecessor-version":[{"id":17297,"href":"https:\/\/www.tadano.com\/espana-y-portugal\/es\/wp-json\/wp\/v2\/pages\/17280\/revisions\/17297"}],"wp:attachment":[{"href":"https:\/\/www.tadano.com\/espana-y-portugal\/es\/wp-json\/wp\/v2\/media?parent=17280"}],"curies":[{"name":"wp","href":"https:\/\/api.w.org\/{rel}","templated":true}]}}