{"id":17598,"date":"2026-01-13T16:45:37","date_gmt":"2026-01-13T15:45:37","guid":{"rendered":"https:\/\/www.tadano.com\/espana-y-portugal\/gruas-pick-and-carry\/programas-de-mantenimiento-valla\/"},"modified":"2026-03-24T12:40:06","modified_gmt":"2026-03-24T12:40:06","slug":"programas-de-mantenimiento","status":"publish","type":"page","link":"https:\/\/www.tadano.com\/espana-y-portugal\/es\/gruas-pick-and-carry\/programas-de-mantenimiento\/","title":{"rendered":"Programas de mantenimiento"},"content":{"rendered":"\n\n\n<section class=\"hero-section\">\n\n\t\n\t\n\t\n\t<div class=\"img-holder \">\n\t\t\t\t<div class=\"bg-stretch\" style=\"background-position: 50% 0; \">\n\t\t\t<span data-srcset=\"https:\/\/mediahub.tadano.com\/m\/2887dad556b24189\/hero-img_Tadano_bauma_machines-78.jpg, https:\/\/mediahub.tadano.com\/m\/2887dad556b24189\/hero_2x-img_Tadano_bauma_machines-78.jpg 2x\"><\/span>\n\t\t<\/div>\n\t\t\t\t\t\t<div class=\"logo green-solutions\" style=\"display:none;\">\n\t\t\t<a href=\"#\"><img decoding=\"async\" src=\"https:\/\/www.tadano.com\/espana-y-portugal\/wp-content\/themes\/tadano\/assets\/dist\/images\/Green-Solutions_Logo_White.svg\"><\/a>\n\t\t<\/div>\n\t<\/div>\n\t<div class=\"container\">\n\t\t<div class=\"text-holder \">\n\t\t\t<div class=\"wrap\">\n\t\t\t\t\n\t\t\t\t<ul class=\"breadcrumbs\"><li><a href=\"https:\/\/www.tadano.com\/espana-y-portugal\/es\/\">Inicio<\/a><\/li><\/ul>\n\t\t\t\t\n\n<h1 class=\"wp-block-heading\"><strong>Programas de mantenimiento<\/strong><\/h1>\n\n\n\n<p>Nuestros t\u00e9cnicos altamente cualificados y certificados est\u00e1n disponibles para ayudar cuando sea necesario, aportando la experiencia y el profesionalismo requeridos para mantener su equipo funcionando sin problemas.<\/p>\n\n\n\n\t\t\t\t\n\t\t\t<\/div>\n\n\t\t\t\n\t\t\t\n\t\t\t\n\t\t<\/div>\n\t<\/div>\n<\/section>\n\n\n<div class=\"wp-block-group is-style-background-cyan is-layout-flow wp-block-group-is-layout-flow\"><div class=\"wp-block-group__inner-container\">\n<h2 class=\"wp-block-heading\">Elija los programas de mantenimiento Valla para sus gr\u00faas Pick &amp; Carry.<\/h2>\n\n\n\n<p>Con una amplia experiencia en el sector y un profundo conocimiento del producto, damos servicio a toda la gama. Ya sea una reparaci\u00f3n menor o un mantenimiento programado, puede contar con nosotros para obtener un soporte r\u00e1pido y eficaz para todas sus necesidades de servicio t\u00e9cnico.<\/p>\n\n\n<section class=\"overflow-hidden\">\n    <div class=\"container\">\n      <ul class=\"legal-accordion style-default\">\n          <li>\n            <a href=\"#\" class=\"opener\"><span>BASIC<\/span><\/a>\n            <div class=\"slide\">\n              <div class=\"slide-wrap\">\n                \n\n<p><strong>Inspecci\u00f3n y mantenimiento anuales.<\/strong> Recomendado para gr\u00faas de bajo uso, este programa anual es realizado por t\u00e9cnicos altamente cualificados y designados por Tadano Valla. Inspeccionamos todos los sistemas de la gr\u00faa, sustituimos los filtros, comprobamos las bater\u00edas, lubricamos los puntos necesarios y verificamos los sistemas de seguridad. Se completa un libro de mantenimiento para certificar todas las operaciones y comprobaciones realizadas.<\/p>\n\n\n              <\/div>\n            <\/div>\n          <\/li>\n      <\/ul>\n  <\/div>\n<\/section>\n\n<section class=\"overflow-hidden\">\n    <div class=\"container\">\n      <ul class=\"legal-accordion style-default\">\n          <li>\n            <a href=\"#\" class=\"opener\"><span>MEDIUM<\/span><\/a>\n            <div class=\"slide\">\n              <div class=\"slide-wrap\">\n                \n\n<p><strong>Revisi\u00f3n y mantenimiento semestrales.<\/strong> Realizado cada seis meses por t\u00e9cnicos altamente cualificados bajo la supervisi\u00f3n de Tadano Valla, este programa est\u00e1 dise\u00f1ado para gr\u00faas utilizadas m\u00e1s de 150 horas al a\u00f1o (excluidas las que incorporan polipastos de cadena o de cable). Inspeccionamos los sistemas de la gr\u00faa, comprobamos los filtros, lubricamos los puntos necesarios, evaluamos el desgaste de las ruedas y verificamos todos los dispositivos de seguridad. Se completa un libro de mantenimiento para certificar que se han llevado a cabo las revisiones y el mantenimiento.<\/p>\n\n\n              <\/div>\n            <\/div>\n          <\/li>\n      <\/ul>\n  <\/div>\n<\/section>\n\n<section class=\"overflow-hidden\">\n    <div class=\"container\">\n      <ul class=\"legal-accordion style-default\">\n          <li>\n            <a href=\"#\" class=\"opener\"><span>INTENSIVE<\/span><\/a>\n            <div class=\"slide\">\n              <div class=\"slide-wrap\">\n                \n\n<p><strong>Revisi\u00f3n y mantenimiento cuatrimestrales.<\/strong> Este programa de mantenimiento intensivo, realizado cada cuatro meses por t\u00e9cnicos altamente cualificados bajo la supervisi\u00f3n de Tadano Valla, est\u00e1 dise\u00f1ado para gr\u00faas utilizadas m\u00e1s de 250 horas al a\u00f1o (excluidas las que incorporan polipastos de cadena o de cable). Ideal para operaciones industriales que requieren m\u00e1quinas eficientes y bien mantenidas, el servicio incluye la inspecci\u00f3n y, si es necesario, la sustituci\u00f3n de los filtros de aire\/aceite, la lubricaci\u00f3n de todos los puntos necesarios, el mantenimiento de las bater\u00edas, la comprobaci\u00f3n del desgaste de las ruedas y la verificaci\u00f3n de todos los dispositivos de seguridad. Se completa un libro de mantenimiento para certificar que todas las revisiones y operaciones de mantenimiento se han realizado.<\/p>\n\n\n              <\/div>\n            <\/div>\n          <\/li>\n      <\/ul>\n  <\/div>\n<\/section>\n\n<section class=\"overflow-hidden\">\n    <div class=\"container\">\n      <ul class=\"legal-accordion style-default\">\n          <li>\n            <a href=\"#\" class=\"opener\"><span>FULL<\/span><\/a>\n            <div class=\"slide\">\n              <div class=\"slide-wrap\">\n                \n\n<p><strong>Revisi\u00f3n y mantenimiento trimestrales.<\/strong> Este programa intensivo, realizado cada tres meses por t\u00e9cnicos altamente cualificados bajo la supervisi\u00f3n de Tadano Valla, est\u00e1 dise\u00f1ado para gr\u00faas de uso intensivo con sistemas de elevaci\u00f3n como polipastos de cable o de cadena. Ideal para operaciones de alquiler a largo plazo, libera a los usuarios del mantenimiento preventivo y programado. El servicio incluye la inspecci\u00f3n y, si es necesario, la sustituci\u00f3n de los filtros de aire\/aceite, la lubricaci\u00f3n de los puntos necesarios, el mantenimiento de las bater\u00edas, la comprobaci\u00f3n de los cables o cadenas del cabrestante y de las plumas, la evaluaci\u00f3n del desgaste de las ruedas y la verificaci\u00f3n de todos los dispositivos de seguridad. Se completa un libro de mantenimiento para certificar que se han realizado las revisiones y el mantenimiento.<\/p>\n\n\n              <\/div>\n            <\/div>\n          <\/li>\n      <\/ul>\n  <\/div>\n<\/section>\n\n<section class=\"overflow-hidden\">\n    <div class=\"container\">\n      <ul class=\"legal-accordion style-default\">\n          <li>\n            <a href=\"#\" class=\"opener\"><span>HERITAGE<\/span><\/a>\n            <div class=\"slide\">\n              <div class=\"slide-wrap\">\n                \n\n<p><strong>Revisi\u00f3n y mantenimiento de modelos hist\u00f3ricos.<\/strong> Este programa est\u00e1 dise\u00f1ado para clientes con gr\u00faas Valla que llevan varios a\u00f1os en funcionamiento, y tambi\u00e9n aceptamos consultas sobre gr\u00faas fabricadas antes de 2005. Los servicios incluyen una inspecci\u00f3n extraordinaria de 20 a\u00f1os con el c\u00e1lculo de la vida \u00fatil residual, la comprobaci\u00f3n de las bater\u00edas con certificaci\u00f3n de la sulfataci\u00f3n y de la capacidad restante, la revisi\u00f3n de los componentes y tuber\u00edas hidr\u00e1ulicas, y la renovaci\u00f3n completa de la gr\u00faa, incluida la restauraci\u00f3n est\u00e9tica y el repintado.<\/p>\n\n\n              <\/div>\n            <\/div>\n          <\/li>\n      <\/ul>\n  <\/div>\n<\/section><\/div><\/div>\n\n\n\n<div style=\"height:30px\" aria-hidden=\"true\" class=\"wp-block-spacer\"><\/div>\n\n\n\n<div class=\"wp-block-columns is-layout-flex wp-container-core-columns-layout-1 wp-block-columns-is-layout-flex\">\n<div class=\"wp-block-column is-layout-flow wp-block-column-is-layout-flow\" style=\"flex-basis:66.66%\">\n<p><strong><strong>Soluciones eficaces y controles precisos<\/strong><\/strong><\/p>\n\n\n\n<p>Estamos comprometidos a ofrecer un servicio de atenci\u00f3n al cliente de primer nivel, plenamente conscientes de la importancia del mantenimiento y la asistencia de nuestras m\u00e1quinas para garantizar su fiabilidad y seguridad. Ya se trate de una reparaci\u00f3n urgente o de un mantenimiento programado, proporcionamos soluciones oportunas y eficaces, adaptadas a sus necesidades. Puede confiar en nuestro soporte t\u00e9cnico, que no solo soluciona los problemas, sino que tambi\u00e9n ayuda a prevenirlos, garantizando la continuidad operativa y la m\u00e1xima eficiencia.<\/p>\n<\/div>\n\n\n\n<div class=\"wp-block-column is-layout-flow wp-block-column-is-layout-flow\" style=\"flex-basis:33.33%\">\n<figure class=\"wp-block-image size-full\"><img loading=\"lazy\" decoding=\"async\" width=\"809\" height=\"549\" src=\"https:\/\/www.tadano.com\/espana-y-portugal\/wp-content\/uploads\/sites\/5\/2026\/02\/maintenance.png\" alt=\"\" class=\"wp-image-17595\" srcset=\"https:\/\/www.tadano.com\/espana-y-portugal\/wp-content\/uploads\/sites\/5\/2026\/02\/maintenance.png 809w, https:\/\/www.tadano.com\/espana-y-portugal\/wp-content\/uploads\/sites\/5\/2026\/02\/maintenance-300x204.png 300w, https:\/\/www.tadano.com\/espana-y-portugal\/wp-content\/uploads\/sites\/5\/2026\/02\/maintenance-768x521.png 768w, https:\/\/www.tadano.com\/espana-y-portugal\/wp-content\/uploads\/sites\/5\/2026\/02\/maintenance-280x190.png 280w, https:\/\/www.tadano.com\/espana-y-portugal\/wp-content\/uploads\/sites\/5\/2026\/02\/maintenance-560x380.png 560w, https:\/\/www.tadano.com\/espana-y-portugal\/wp-content\/uploads\/sites\/5\/2026\/02\/maintenance-335x227.png 335w, https:\/\/www.tadano.com\/espana-y-portugal\/wp-content\/uploads\/sites\/5\/2026\/02\/maintenance-670x455.png 670w\" sizes=\"(max-width: 809px) 100vw, 809px\" \/><\/figure>\n<\/div>\n<\/div>\n\n\n\n<p>Realizamos comprobaciones exhaustivas de la estructura de la gr\u00faa y del funcionamiento de la direcci\u00f3n, inspeccionamos el cable si hay un cabrestante instalado y revisamos el bloque deslizante, el freno de la pluma y el funcionamiento del limitador de carga. Adem\u00e1s, verificamos los finales de carrera de subida y bajada del cabrestante, el funcionamiento del freno de servicio y del freno de estacionamiento, todos los dispositivos de seguridad y la unidad chopper.<\/p>\n\n\n\n<h2 class=\"wp-block-heading\"><strong>Obtenga m\u00e1s informaci\u00f3n sobre nuestros contratos de mantenimiento programado.<\/strong><\/h2>\n\n\n\n<div class=\"wp-block-buttons is-layout-flex wp-block-buttons-is-layout-flex\">\n<div class=\"wp-block-button\"><a class=\"wp-block-button__link wp-element-button\" href=\"https:\/\/www.tadano.com\/espana-y-portugal\/es\/acerca-de\/contactenos\/\"><strong>Cont\u00e1ctenos hoy mismo.<\/strong><\/a><\/div>\n<\/div>\n\n\n\n<div style=\"height:30px\" aria-hidden=\"true\" class=\"wp-block-spacer\"><\/div>\n","protected":false},"excerpt":{"rendered":"<p>Elija los programas de mantenimiento Valla para sus gr\u00faas Pick &amp; Carry. Con una amplia experiencia en el sector y un profundo conocimiento del producto, damos servicio a toda la gama. Ya sea una reparaci\u00f3n menor o un mantenimiento programado, puede contar con nosotros para obtener un soporte r\u00e1pido y eficaz para todas sus necesidades [&hellip;]<\/p>\n","protected":false},"author":3,"featured_media":0,"parent":17591,"menu_order":0,"comment_status":"closed","ping_status":"closed","template":"","meta":{"_acf_changed":false,"footnotes":""},"acf":[],"yoast_head":"<!-- This site is optimized with the Yoast SEO plugin v22.3 - https:\/\/yoast.com\/wordpress\/plugins\/seo\/ -->\n<title>Programas de mantenimiento - Spain &amp; Portugal<\/title>\n<meta name=\"robots\" content=\"index, follow, max-snippet:-1, max-image-preview:large, max-video-preview:-1\" \/>\n<link rel=\"canonical\" href=\"https:\/\/www.tadano.com\/espana-y-portugal\/es\/gruas-pick-and-carry\/programas-de-mantenimiento\/\" \/>\n<meta property=\"og:locale\" content=\"es_ES\" \/>\n<meta property=\"og:type\" content=\"article\" \/>\n<meta property=\"og:title\" content=\"Programas de mantenimiento - Spain &amp; Portugal\" \/>\n<meta property=\"og:description\" content=\"Elija los programas de mantenimiento Valla para sus gr\u00faas Pick &amp; Carry. Con una amplia experiencia en el sector y un profundo conocimiento del producto, damos servicio a toda la gama. Ya sea una reparaci\u00f3n menor o un mantenimiento programado, puede contar con nosotros para obtener un soporte r\u00e1pido y eficaz para todas sus necesidades [&hellip;]\" \/>\n<meta property=\"og:url\" content=\"https:\/\/www.tadano.com\/espana-y-portugal\/es\/gruas-pick-and-carry\/programas-de-mantenimiento\/\" \/>\n<meta property=\"og:site_name\" content=\"Spain &amp; Portugal\" \/>\n<meta property=\"article:modified_time\" content=\"2026-03-24T12:40:06+00:00\" \/>\n<meta property=\"og:image\" content=\"https:\/\/www.tadano.com\/espana-y-portugal\/wp-content\/uploads\/sites\/5\/2026\/02\/maintenance.png\" \/>\n<meta name=\"twitter:card\" content=\"summary_large_image\" \/>\n<meta name=\"twitter:label1\" content=\"Tiempo de lectura\" \/>\n\t<meta name=\"twitter:data1\" content=\"4 minutos\" \/>\n<script type=\"application\/ld+json\" class=\"yoast-schema-graph\">{\"@context\":\"https:\/\/schema.org\",\"@graph\":[{\"@type\":\"WebPage\",\"@id\":\"https:\/\/www.tadano.com\/espana-y-portugal\/es\/gruas-pick-and-carry\/programas-de-mantenimiento\/\",\"url\":\"https:\/\/www.tadano.com\/espana-y-portugal\/es\/gruas-pick-and-carry\/programas-de-mantenimiento\/\",\"name\":\"Programas de mantenimiento - Spain &amp; Portugal\",\"isPartOf\":{\"@id\":\"https:\/\/www.tadano.com\/espana-y-portugal\/es\/#website\"},\"primaryImageOfPage\":{\"@id\":\"https:\/\/www.tadano.com\/espana-y-portugal\/es\/gruas-pick-and-carry\/programas-de-mantenimiento\/#primaryimage\"},\"image\":{\"@id\":\"https:\/\/www.tadano.com\/espana-y-portugal\/es\/gruas-pick-and-carry\/programas-de-mantenimiento\/#primaryimage\"},\"thumbnailUrl\":\"https:\/\/www.tadano.com\/espana-y-portugal\/wp-content\/uploads\/sites\/5\/2026\/02\/maintenance.png\",\"datePublished\":\"2026-01-13T15:45:37+00:00\",\"dateModified\":\"2026-03-24T12:40:06+00:00\",\"inLanguage\":\"es\",\"potentialAction\":[{\"@type\":\"ReadAction\",\"target\":[\"https:\/\/www.tadano.com\/espana-y-portugal\/es\/gruas-pick-and-carry\/programas-de-mantenimiento\/\"]}]},{\"@type\":\"ImageObject\",\"inLanguage\":\"es\",\"@id\":\"https:\/\/www.tadano.com\/espana-y-portugal\/es\/gruas-pick-and-carry\/programas-de-mantenimiento\/#primaryimage\",\"url\":\"https:\/\/www.tadano.com\/espana-y-portugal\/wp-content\/uploads\/sites\/5\/2026\/02\/maintenance.png\",\"contentUrl\":\"https:\/\/www.tadano.com\/espana-y-portugal\/wp-content\/uploads\/sites\/5\/2026\/02\/maintenance.png\"},{\"@type\":\"WebSite\",\"@id\":\"https:\/\/www.tadano.com\/espana-y-portugal\/es\/#website\",\"url\":\"https:\/\/www.tadano.com\/espana-y-portugal\/es\/\",\"name\":\"Spain &amp; Portugal\",\"description\":\"Just another TADANO EUROPE site\",\"potentialAction\":[{\"@type\":\"SearchAction\",\"target\":{\"@type\":\"EntryPoint\",\"urlTemplate\":\"https:\/\/www.tadano.com\/espana-y-portugal\/es\/?s={search_term_string}\"},\"query-input\":\"required name=search_term_string\"}],\"inLanguage\":\"es\"}]}<\/script>\n<!-- \/ Yoast SEO plugin. -->","yoast_head_json":{"title":"Programas de mantenimiento - Spain &amp; Portugal","robots":{"index":"index","follow":"follow","max-snippet":"max-snippet:-1","max-image-preview":"max-image-preview:large","max-video-preview":"max-video-preview:-1"},"canonical":"https:\/\/www.tadano.com\/espana-y-portugal\/es\/gruas-pick-and-carry\/programas-de-mantenimiento\/","og_locale":"es_ES","og_type":"article","og_title":"Programas de mantenimiento - Spain &amp; Portugal","og_description":"Elija los programas de mantenimiento Valla para sus gr\u00faas Pick &amp; Carry. Con una amplia experiencia en el sector y un profundo conocimiento del producto, damos servicio a toda la gama. Ya sea una reparaci\u00f3n menor o un mantenimiento programado, puede contar con nosotros para obtener un soporte r\u00e1pido y eficaz para todas sus necesidades [&hellip;]","og_url":"https:\/\/www.tadano.com\/espana-y-portugal\/es\/gruas-pick-and-carry\/programas-de-mantenimiento\/","og_site_name":"Spain &amp; Portugal","article_modified_time":"2026-03-24T12:40:06+00:00","og_image":[{"url":"https:\/\/www.tadano.com\/espana-y-portugal\/wp-content\/uploads\/sites\/5\/2026\/02\/maintenance.png"}],"twitter_card":"summary_large_image","twitter_misc":{"Tiempo de lectura":"4 minutos"},"schema":{"@context":"https:\/\/schema.org","@graph":[{"@type":"WebPage","@id":"https:\/\/www.tadano.com\/espana-y-portugal\/es\/gruas-pick-and-carry\/programas-de-mantenimiento\/","url":"https:\/\/www.tadano.com\/espana-y-portugal\/es\/gruas-pick-and-carry\/programas-de-mantenimiento\/","name":"Programas de mantenimiento - Spain &amp; Portugal","isPartOf":{"@id":"https:\/\/www.tadano.com\/espana-y-portugal\/es\/#website"},"primaryImageOfPage":{"@id":"https:\/\/www.tadano.com\/espana-y-portugal\/es\/gruas-pick-and-carry\/programas-de-mantenimiento\/#primaryimage"},"image":{"@id":"https:\/\/www.tadano.com\/espana-y-portugal\/es\/gruas-pick-and-carry\/programas-de-mantenimiento\/#primaryimage"},"thumbnailUrl":"https:\/\/www.tadano.com\/espana-y-portugal\/wp-content\/uploads\/sites\/5\/2026\/02\/maintenance.png","datePublished":"2026-01-13T15:45:37+00:00","dateModified":"2026-03-24T12:40:06+00:00","inLanguage":"es","potentialAction":[{"@type":"ReadAction","target":["https:\/\/www.tadano.com\/espana-y-portugal\/es\/gruas-pick-and-carry\/programas-de-mantenimiento\/"]}]},{"@type":"ImageObject","inLanguage":"es","@id":"https:\/\/www.tadano.com\/espana-y-portugal\/es\/gruas-pick-and-carry\/programas-de-mantenimiento\/#primaryimage","url":"https:\/\/www.tadano.com\/espana-y-portugal\/wp-content\/uploads\/sites\/5\/2026\/02\/maintenance.png","contentUrl":"https:\/\/www.tadano.com\/espana-y-portugal\/wp-content\/uploads\/sites\/5\/2026\/02\/maintenance.png"},{"@type":"WebSite","@id":"https:\/\/www.tadano.com\/espana-y-portugal\/es\/#website","url":"https:\/\/www.tadano.com\/espana-y-portugal\/es\/","name":"Spain &amp; Portugal","description":"Just another TADANO EUROPE site","potentialAction":[{"@type":"SearchAction","target":{"@type":"EntryPoint","urlTemplate":"https:\/\/www.tadano.com\/espana-y-portugal\/es\/?s={search_term_string}"},"query-input":"required name=search_term_string"}],"inLanguage":"es"}]}},"_links":{"self":[{"href":"https:\/\/www.tadano.com\/espana-y-portugal\/es\/wp-json\/wp\/v2\/pages\/17598"}],"collection":[{"href":"https:\/\/www.tadano.com\/espana-y-portugal\/es\/wp-json\/wp\/v2\/pages"}],"about":[{"href":"https:\/\/www.tadano.com\/espana-y-portugal\/es\/wp-json\/wp\/v2\/types\/page"}],"author":[{"embeddable":true,"href":"https:\/\/www.tadano.com\/espana-y-portugal\/es\/wp-json\/wp\/v2\/users\/3"}],"replies":[{"embeddable":true,"href":"https:\/\/www.tadano.com\/espana-y-portugal\/es\/wp-json\/wp\/v2\/comments?post=17598"}],"version-history":[{"count":3,"href":"https:\/\/www.tadano.com\/espana-y-portugal\/es\/wp-json\/wp\/v2\/pages\/17598\/revisions"}],"predecessor-version":[{"id":17993,"href":"https:\/\/www.tadano.com\/espana-y-portugal\/es\/wp-json\/wp\/v2\/pages\/17598\/revisions\/17993"}],"up":[{"embeddable":true,"href":"https:\/\/www.tadano.com\/espana-y-portugal\/es\/wp-json\/wp\/v2\/pages\/17591"}],"wp:attachment":[{"href":"https:\/\/www.tadano.com\/espana-y-portugal\/es\/wp-json\/wp\/v2\/media?parent=17598"}],"curies":[{"name":"wp","href":"https:\/\/api.w.org\/{rel}","templated":true}]}}