{"id":18158,"date":"2026-04-08T13:58:16","date_gmt":"2026-04-08T11:58:16","guid":{"rendered":"https:\/\/www.tadano.com\/espana-y-portugal\/aerial-work-platforms-overview\/"},"modified":"2026-04-08T13:58:16","modified_gmt":"2026-04-08T11:58:16","slug":"aerial-work-platforms-overview","status":"publish","type":"page","link":"https:\/\/www.tadano.com\/espana-y-portugal\/es\/aerial-work-platforms-overview\/","title":{"rendered":"Visi\u00f3n general de las plataformas a\u00e9reas"},"content":{"rendered":"\n\n\n<section class=\"hero-section\">\n\n\t\n\t\t\t<style type=\"text\/css\">\n\t\t\t.hero-section .img-holder:before {\n\t\t\t\tdisplay: none;\n\t\t\t}\n\t\t<\/style>\n\t\n\t\n\t<div class=\"img-holder \">\n\t\t\t\t<div class=\"bg-stretch\" style=\"background-position: 50% 50%; \">\n\t\t\t<span data-srcset=\"https:\/\/mediahub.tadano.com\/asset\/18924b51-0006-46cc-a2f4-5dc8c68fc99b\/hero\/img_tadano_AWP_City-Composing_CMYK.jpg, https:\/\/mediahub.tadano.com\/asset\/18924b51-0006-46cc-a2f4-5dc8c68fc99b\/hero-2x\/img_tadano_AWP_City-Composing_CMYK.jpg 2x\"><\/span>\n\t\t<\/div>\n\t\t\t\t\t\t<div class=\"logo green-solutions\" style=\"display:none;\">\n\t\t\t<a href=\"#\"><img decoding=\"async\" src=\"https:\/\/www.tadano.com\/espana-y-portugal\/wp-content\/themes\/tadano\/assets\/dist\/images\/Green-Solutions_Logo_White.svg\"><\/a>\n\t\t<\/div>\n\t<\/div>\n\t<div class=\"container\">\n\t\t<div class=\"text-holder \">\n\t\t\t<div class=\"wrap\">\n\t\t\t\t\n\t\t\t\t<ul class=\"breadcrumbs\"><li><a href=\"https:\/\/www.tadano.com\/espana-y-portugal\/es\/\">Inicio<\/a><\/li><\/ul>\n\t\t\t\t\n\n<h1 class=\"wp-block-heading\">Plataformas a\u00e9reas<\/h1>\n\n\n\n<p>El Grupo Tadano ofrece una gama vers\u00e1til de plataformas a\u00e9reas que combinan tecnolog\u00eda avanzada, alto rendimiento y soluciones de acceso flexibles para una amplia variedad de aplicaciones.<\/p>\n\n\n\n\t\t\t\t\n\t\t\t<\/div>\n\n\t\t\t\n\t\t\t\n\t\t\t\n\t\t<\/div>\n\t<\/div>\n<\/section>\n\n\n<div class=\"wp-block-group is-style-background-triangle-right has-white-color has-dark-blue-background-color has-text-color has-background is-layout-flow wp-block-group-is-layout-flow\"><div class=\"wp-block-group__inner-container\">\n<div class=\"wp-block-columns is-layout-flex wp-container-core-columns-layout-1 wp-block-columns-is-layout-flex\">\n<div class=\"wp-block-column is-layout-flow wp-block-column-is-layout-flow\" style=\"flex-basis:33.33%\">\n<h2 class=\"wp-block-heading\">EXPLORAR CATEGOR\u00cdAS<\/h2>\n\n\n\n<p>Sea cual sea el trabajo a realizar en altura, tenemos la soluci\u00f3n adecuada. Descubra lo que las plataformas a\u00e9reas de Tadano pueden ayudarle a lograr.<\/p>\n<\/div>\n\n\n\n<div class=\"wp-block-column is-layout-flow wp-block-column-is-layout-flow\" style=\"flex-basis:66.66%\"><div class=\"links-block-wrapper\">\n  <div class=\"container\">\n    <section class=\"links-block\">\n              <div class=\"links-block\">\n                                  <div class=\"link-single  \">\n                              <a href=\"https:\/\/www.tadano.com\/espana-y-portugal\/es\/plataformas-elevadoras\/\">\n                               \n                                  <strong class='title'>Plataformas elevadoras autopropulsadas<\/strong>\n                                                  <p>Alto rendimiento, mayor alcance, posicionamiento vers\u00e1til y tecnolog\u00edas innovadoras para mejorar cualquier flota.<\/p>\n                              <\/a>\n            <\/div>\n                                  <div class=\"link-single  \">\n                              <a href=\"https:\/\/www.tadano.com\/espana-y-portugal\/es\/plataformas-elevadoras-autopropulsadas-serie-oilsteel\/\">\n                               \n                                  <strong class='title'>Plataformas elevadoras autopropulsadas (Serie Oil&#038;Steel)<\/strong>\n                                                  <p>Dise\u00f1o compacto, control preciso y alcance excepcional para un acceso seguro y eficiente en entornos urbanos e industriales.<\/p>\n                              <\/a>\n            <\/div>\n                                  <div class=\"link-single  \">\n                              <a href=\"https:\/\/www.tadano.com\/espana-y-portugal\/es\/plataformas-montadas-sobre-camion-serie-oilsteel\/\">\n                               \n                                  <strong class='title'>Plataformas montadas sobre cami\u00f3n (Serie Oil&#038;Steel)<\/strong>\n                                                  <p>Alcance flexible y r\u00e1pida puesta en marcha para un alto rendimiento, incluso en espacios de trabajo reducidos o urbanos.<\/p>\n                              <\/a>\n            <\/div>\n                  <\/div>\n                    \n    <\/section>\n  <\/div>\n<\/div><\/div>\n<\/div>\n<\/div><\/div>\n","protected":false},"excerpt":{"rendered":"<p>EXPLORAR CATEGOR\u00cdAS Sea cual sea el trabajo a realizar en altura, tenemos la soluci\u00f3n adecuada. Descubra lo que las plataformas a\u00e9reas de Tadano pueden ayudarle a lograr.<\/p>\n","protected":false},"author":3,"featured_media":0,"parent":0,"menu_order":0,"comment_status":"closed","ping_status":"closed","template":"","meta":{"_acf_changed":false,"footnotes":""},"acf":[],"yoast_head":"<!-- This site is optimized with the Yoast SEO plugin v22.3 - https:\/\/yoast.com\/wordpress\/plugins\/seo\/ -->\n<title>Visi\u00f3n general de las plataformas a\u00e9reas - Spain &amp; Portugal<\/title>\n<meta name=\"robots\" content=\"index, follow, max-snippet:-1, max-image-preview:large, max-video-preview:-1\" \/>\n<link rel=\"canonical\" href=\"https:\/\/www.tadano.com\/espana-y-portugal\/en\/aerial-work-platforms-overview\/\" \/>\n<meta property=\"og:locale\" content=\"es_ES\" \/>\n<meta property=\"og:type\" content=\"article\" \/>\n<meta property=\"og:title\" content=\"Visi\u00f3n general de las plataformas a\u00e9reas - Spain &amp; Portugal\" \/>\n<meta property=\"og:description\" content=\"EXPLORAR CATEGOR\u00cdAS Sea cual sea el trabajo a realizar en altura, tenemos la soluci\u00f3n adecuada. Descubra lo que las plataformas a\u00e9reas de Tadano pueden ayudarle a lograr.\" \/>\n<meta property=\"og:url\" content=\"https:\/\/www.tadano.com\/espana-y-portugal\/en\/aerial-work-platforms-overview\/\" \/>\n<meta property=\"og:site_name\" content=\"Spain &amp; Portugal\" \/>\n<meta name=\"twitter:card\" content=\"summary_large_image\" \/>\n<meta name=\"twitter:label1\" content=\"Tiempo de lectura\" \/>\n\t<meta name=\"twitter:data1\" content=\"1 minuto\" \/>\n<script type=\"application\/ld+json\" class=\"yoast-schema-graph\">{\"@context\":\"https:\/\/schema.org\",\"@graph\":[{\"@type\":\"WebPage\",\"@id\":\"https:\/\/www.tadano.com\/espana-y-portugal\/en\/aerial-work-platforms-overview\/\",\"url\":\"https:\/\/www.tadano.com\/espana-y-portugal\/en\/aerial-work-platforms-overview\/\",\"name\":\"Visi\u00f3n general de las plataformas a\u00e9reas - Spain &amp; Portugal\",\"isPartOf\":{\"@id\":\"https:\/\/www.tadano.com\/espana-y-portugal\/en\/#website\"},\"datePublished\":\"2026-04-08T11:58:16+00:00\",\"dateModified\":\"2026-04-08T11:58:16+00:00\",\"inLanguage\":\"es\",\"potentialAction\":[{\"@type\":\"ReadAction\",\"target\":[\"https:\/\/www.tadano.com\/espana-y-portugal\/en\/aerial-work-platforms-overview\/\"]}]},{\"@type\":\"WebSite\",\"@id\":\"https:\/\/www.tadano.com\/espana-y-portugal\/en\/#website\",\"url\":\"https:\/\/www.tadano.com\/espana-y-portugal\/en\/\",\"name\":\"Spain &amp; Portugal\",\"description\":\"Just another TADANO EUROPE site\",\"potentialAction\":[{\"@type\":\"SearchAction\",\"target\":{\"@type\":\"EntryPoint\",\"urlTemplate\":\"https:\/\/www.tadano.com\/espana-y-portugal\/en\/?s={search_term_string}\"},\"query-input\":\"required name=search_term_string\"}],\"inLanguage\":\"es\"}]}<\/script>\n<!-- \/ Yoast SEO plugin. -->","yoast_head_json":{"title":"Visi\u00f3n general de las plataformas a\u00e9reas - Spain &amp; Portugal","robots":{"index":"index","follow":"follow","max-snippet":"max-snippet:-1","max-image-preview":"max-image-preview:large","max-video-preview":"max-video-preview:-1"},"canonical":"https:\/\/www.tadano.com\/espana-y-portugal\/en\/aerial-work-platforms-overview\/","og_locale":"es_ES","og_type":"article","og_title":"Visi\u00f3n general de las plataformas a\u00e9reas - Spain &amp; Portugal","og_description":"EXPLORAR CATEGOR\u00cdAS Sea cual sea el trabajo a realizar en altura, tenemos la soluci\u00f3n adecuada. Descubra lo que las plataformas a\u00e9reas de Tadano pueden ayudarle a lograr.","og_url":"https:\/\/www.tadano.com\/espana-y-portugal\/en\/aerial-work-platforms-overview\/","og_site_name":"Spain &amp; Portugal","twitter_card":"summary_large_image","twitter_misc":{"Tiempo de lectura":"1 minuto"},"schema":{"@context":"https:\/\/schema.org","@graph":[{"@type":"WebPage","@id":"https:\/\/www.tadano.com\/espana-y-portugal\/en\/aerial-work-platforms-overview\/","url":"https:\/\/www.tadano.com\/espana-y-portugal\/en\/aerial-work-platforms-overview\/","name":"Visi\u00f3n general de las plataformas a\u00e9reas - Spain &amp; Portugal","isPartOf":{"@id":"https:\/\/www.tadano.com\/espana-y-portugal\/en\/#website"},"datePublished":"2026-04-08T11:58:16+00:00","dateModified":"2026-04-08T11:58:16+00:00","inLanguage":"es","potentialAction":[{"@type":"ReadAction","target":["https:\/\/www.tadano.com\/espana-y-portugal\/en\/aerial-work-platforms-overview\/"]}]},{"@type":"WebSite","@id":"https:\/\/www.tadano.com\/espana-y-portugal\/en\/#website","url":"https:\/\/www.tadano.com\/espana-y-portugal\/en\/","name":"Spain &amp; Portugal","description":"Just another TADANO EUROPE site","potentialAction":[{"@type":"SearchAction","target":{"@type":"EntryPoint","urlTemplate":"https:\/\/www.tadano.com\/espana-y-portugal\/en\/?s={search_term_string}"},"query-input":"required name=search_term_string"}],"inLanguage":"es"}]}},"_links":{"self":[{"href":"https:\/\/www.tadano.com\/espana-y-portugal\/es\/wp-json\/wp\/v2\/pages\/18158"}],"collection":[{"href":"https:\/\/www.tadano.com\/espana-y-portugal\/es\/wp-json\/wp\/v2\/pages"}],"about":[{"href":"https:\/\/www.tadano.com\/espana-y-portugal\/es\/wp-json\/wp\/v2\/types\/page"}],"author":[{"embeddable":true,"href":"https:\/\/www.tadano.com\/espana-y-portugal\/es\/wp-json\/wp\/v2\/users\/3"}],"replies":[{"embeddable":true,"href":"https:\/\/www.tadano.com\/espana-y-portugal\/es\/wp-json\/wp\/v2\/comments?post=18158"}],"version-history":[{"count":1,"href":"https:\/\/www.tadano.com\/espana-y-portugal\/es\/wp-json\/wp\/v2\/pages\/18158\/revisions"}],"predecessor-version":[{"id":18159,"href":"https:\/\/www.tadano.com\/espana-y-portugal\/es\/wp-json\/wp\/v2\/pages\/18158\/revisions\/18159"}],"wp:attachment":[{"href":"https:\/\/www.tadano.com\/espana-y-portugal\/es\/wp-json\/wp\/v2\/media?parent=18158"}],"curies":[{"name":"wp","href":"https:\/\/api.w.org\/{rel}","templated":true}]}}