{"id":18255,"date":"2026-04-15T13:55:52","date_gmt":"2026-04-15T13:55:52","guid":{"rendered":"https:\/\/www.tadano.com\/espana-y-portugal\/events-2\/"},"modified":"2026-04-17T13:47:31","modified_gmt":"2026-04-17T13:47:31","slug":"eventos","status":"publish","type":"page","link":"https:\/\/www.tadano.com\/espana-y-portugal\/es\/eventos\/","title":{"rendered":"Eventos"},"content":{"rendered":"\n\n\n<section class=\"hero-section\">\n\n\t\n\t\t\t<style type=\"text\/css\">\n\t\t\t.hero-section .img-holder:before {\n\t\t\t\tdisplay: none;\n\t\t\t}\n\t\t<\/style>\n\t\n\t\n\t<div class=\"img-holder \">\n\t\t\t\t<div class=\"bg-stretch\" style=\"background-position: 0 50%; \">\n\t\t\t<span data-srcset=\"https:\/\/mediahub.tadano.com\/m\/3e5371e3560f257f\/hero-img_tadano_bauma_booth_opening-4.jpg, https:\/\/mediahub.tadano.com\/m\/3e5371e3560f257f\/hero_2x-img_tadano_bauma_booth_opening-4.jpg 2x\"><\/span>\n\t\t<\/div>\n\t\t\t\t\t\t<div class=\"logo green-solutions\" style=\"display:none;\">\n\t\t\t<a href=\"#\"><img decoding=\"async\" src=\"https:\/\/www.tadano.com\/espana-y-portugal\/wp-content\/themes\/tadano\/assets\/dist\/images\/Green-Solutions_Logo_White.svg\"><\/a>\n\t\t<\/div>\n\t<\/div>\n\t<div class=\"container\">\n\t\t<div class=\"text-holder \">\n\t\t\t<div class=\"wrap\">\n\t\t\t\t\n\t\t\t\t<ul class=\"breadcrumbs\"><li><a href=\"https:\/\/www.tadano.com\/espana-y-portugal\/es\/\">Inicio<\/a><\/li><\/ul>\n\t\t\t\t\n\n<h1 class=\"wp-block-heading\">Eventos<\/h1>\n\n\n\n<p>Mant\u00e9ngase al d\u00eda con el calendario de eventos de Tadano. Aqu\u00ed puede ver todas las pr\u00f3ximas ferias comerciales, conferencias y eventos del sector en los que Tadano estar\u00e1 presente a lo largo del a\u00f1o.<\/p>\n\n\n\n\t\t\t\t\n\t\t\t<\/div>\n\n\t\t\t\n\t\t\t\n\t\t\t\n\t\t<\/div>\n\t<\/div>\n<\/section>\n\n\n<div class=\"wp-block-group is-style-background-triangle-right is-layout-constrained wp-block-group-is-layout-constrained\"><div class=\"wp-block-group__inner-container\">\n<h2 class=\"wp-block-heading\"><strong>Pr\u00f3ximos eventos y conferencias<\/strong><\/h2>\n\n\n\n<p>A continuaci\u00f3n encontrar\u00e1 una visi\u00f3n completa de los pr\u00f3ximos eventos en los que Tadano estar\u00e1 representado. Desde ferias internacionales hasta conferencias espec\u00edficas del sector, descubra d\u00f3nde y cu\u00e1ndo podr\u00e1 reunirse con nuestro equipo en persona.<\/p>\n\n\n\n<div class=\"wp-block-columns is-layout-flex wp-container-core-columns-layout-3 wp-block-columns-is-layout-flex\">\n<div class=\"wp-block-column is-layout-flow wp-block-column-is-layout-flow\">\n<h3 class=\"wp-block-heading\">S<span style=\"text-transform: lowercase;\" class=\"custom-lowercase\">a<\/span>m<span style=\"text-transform: lowercase;\" class=\"custom-lowercase\">o<\/span>t<span style=\"text-transform: lowercase;\" class=\"custom-lowercase\">er<\/span><\/h3>\n\n\n\n<div class=\"wp-block-columns is-layout-flex wp-container-core-columns-layout-1 wp-block-columns-is-layout-flex\">\n<div class=\"wp-block-column is-layout-flow wp-block-column-is-layout-flow\" style=\"flex-basis:33.33%\">\n<figure class=\"wp-block-image size-large\"><img decoding=\"async\" src=\"https:\/\/img.oemoffhighway.com\/files\/base\/acbm\/ooh\/image\/2017\/01\/SAMOTER_Logo2017.5873eb4e0e6f1.png?auto=format%2Ccompress&amp;q=70\" alt=\"\"\/><\/figure>\n<\/div>\n\n\n\n<div class=\"wp-block-column is-layout-flow wp-block-column-is-layout-flow\" style=\"flex-basis:66.66%\">\n<p><strong>6-9 de mayo de 2026<\/strong><\/p>\n\n\n\n<div class=\"wp-block-group is-vertical is-layout-flex wp-container-core-group-layout-1 wp-block-group-is-layout-flex\">\n<p><strong>Veronafiere<br><\/strong>Viale del Lavoro, 8<br>37135 Verona<br>Italia<\/p>\n\n\n\n<div class=\"wp-block-buttons is-layout-flex wp-block-buttons-is-layout-flex\">\n<div class=\"wp-block-button is-style-btn-light\"><a class=\"wp-block-button__link wp-element-button\" href=\"https:\/\/www.samoter.it\/en\" target=\"_blank\" rel=\"noreferrer noopener\">M\u00c1S INFORMACI\u00d3N<\/a><\/div>\n<\/div>\n<\/div>\n<\/div>\n<\/div>\n<\/div>\n\n\n\n<div class=\"wp-block-column is-layout-flow wp-block-column-is-layout-flow\">\n<h3 class=\"wp-block-heading\">APEX<\/h3>\n\n\n\n<div class=\"wp-block-columns is-layout-flex wp-container-core-columns-layout-2 wp-block-columns-is-layout-flex\">\n<div class=\"wp-block-column is-layout-flow wp-block-column-is-layout-flow\" style=\"flex-basis:33.33%\">\n<figure class=\"wp-block-image size-large\"><img decoding=\"async\" src=\"https:\/\/apexshow.com\/wp-content\/uploads\/cropped-APEX-2026-768x489.png\" alt=\"\"\/><\/figure>\n<\/div>\n\n\n\n<div class=\"wp-block-column is-layout-flow wp-block-column-is-layout-flow\" style=\"flex-basis:66.66%\">\n<p><strong>2-4 de junio de 2026<\/strong><\/p>\n\n\n\n<div class=\"wp-block-group is-vertical is-layout-flex wp-container-core-group-layout-2 wp-block-group-is-layout-flex\">\n<p><strong>MECC Maastricht<br><\/strong>Forum 100<br>6229 GV Maastricht<br>Pa\u00edses Bajos<\/p>\n\n\n\n<div class=\"wp-block-buttons is-layout-flex wp-block-buttons-is-layout-flex\">\n<div class=\"wp-block-button is-style-btn-light\"><a class=\"wp-block-button__link wp-element-button\" href=\"https:\/\/apexshow.com\/\" target=\"_blank\" rel=\"noreferrer noopener\">M\u00c1S INFORMACI\u00d3N<\/a><\/div>\n<\/div>\n<\/div>\n<\/div>\n<\/div>\n<\/div>\n<\/div>\n\n\n\n<div class=\"wp-block-columns is-layout-flex wp-container-core-columns-layout-6 wp-block-columns-is-layout-flex\">\n<div class=\"wp-block-column is-layout-flow wp-block-column-is-layout-flow\">\n<h3 class=\"wp-block-heading\">ANAGRUAL<\/h3>\n\n\n\n<div class=\"wp-block-columns is-layout-flex wp-container-core-columns-layout-4 wp-block-columns-is-layout-flex\">\n<div class=\"wp-block-column is-layout-flow wp-block-column-is-layout-flow\" style=\"flex-basis:33.33%\">\n<figure class=\"wp-block-image size-large\"><img decoding=\"async\" src=\"https:\/\/anagrual.es\/wp-content\/uploads\/2025\/11\/anagrual-logo-o.png\" alt=\"\"\/><\/figure>\n<\/div>\n\n\n\n<div class=\"wp-block-column is-layout-flow wp-block-column-is-layout-flow\" style=\"flex-basis:66.66%\">\n<p><strong>junio de 2026<\/strong><\/p>\n\n\n\n<div class=\"wp-block-group is-vertical is-layout-flex wp-container-core-group-layout-3 wp-block-group-is-layout-flex\">\n<p><strong>Paseo de la Castellana, 179<\/strong><br>7\u00ba B2<br>28046 Madrid<br>Espa\u00f1a<\/p>\n\n\n\n<div class=\"wp-block-buttons is-layout-flex wp-block-buttons-is-layout-flex\">\n<div class=\"wp-block-button is-style-btn-light\"><a class=\"wp-block-button__link wp-element-button\" href=\"https:\/\/anagrual.es\/\" target=\"_blank\" rel=\"noreferrer noopener\">M\u00c1S INFORMACI\u00d3N<\/a><\/div>\n<\/div>\n<\/div>\n<\/div>\n<\/div>\n<\/div>\n\n\n\n<div class=\"wp-block-column is-layout-flow wp-block-column-is-layout-flow\">\n<h3 class=\"wp-block-heading\">Vertikal Days<\/h3>\n\n\n\n<div class=\"wp-block-columns is-layout-flex wp-container-core-columns-layout-5 wp-block-columns-is-layout-flex\">\n<div class=\"wp-block-column is-layout-flow wp-block-column-is-layout-flow\" style=\"flex-basis:33.33%\">\n<figure class=\"wp-block-image size-large\"><img decoding=\"async\" src=\"https:\/\/vertikaldays.net\/images\/logo\/vertikaldays.gif\" alt=\"\"\/><\/figure>\n<\/div>\n\n\n\n<div class=\"wp-block-column is-layout-flow wp-block-column-is-layout-flow\" style=\"flex-basis:66.66%\">\n<p><strong>9-10 de septiembre de 2026<\/strong><\/p>\n\n\n\n<div class=\"wp-block-group is-vertical is-layout-flex wp-container-core-group-layout-4 wp-block-group-is-layout-flex\">\n<p><strong>Newark Showground<\/strong><br>Lincoln Rd, Coddington<br>Newark NG24 2NY<br>Reino Unido<\/p>\n\n\n\n<div class=\"wp-block-buttons is-layout-flex wp-block-buttons-is-layout-flex\">\n<div class=\"wp-block-button is-style-btn-light\"><a class=\"wp-block-button__link wp-element-button\" href=\"https:\/\/vertikaldays.net\/\" target=\"_blank\" rel=\"noreferrer noopener\">M\u00c1S INFORMACI\u00d3N<\/a><\/div>\n<\/div>\n<\/div>\n<\/div>\n<\/div>\n<\/div>\n<\/div>\n\n\n\n<div class=\"wp-block-columns is-layout-flex wp-container-core-columns-layout-9 wp-block-columns-is-layout-flex\">\n<div class=\"wp-block-column is-layout-flow wp-block-column-is-layout-flow\">\n<h3 class=\"wp-block-heading\">JDL EXPO<\/h3>\n\n\n\n<div class=\"wp-block-columns is-layout-flex wp-container-core-columns-layout-7 wp-block-columns-is-layout-flex\">\n<div class=\"wp-block-column is-layout-flow wp-block-column-is-layout-flow\" style=\"flex-basis:33.33%\">\n<figure class=\"wp-block-image size-large\"><img decoding=\"async\" src=\"https:\/\/jdlexpo.com\/wp-content\/uploads\/2024\/10\/cropped-LOGO-JDL-EXPO-PUB-.png\" alt=\"\"\/><\/figure>\n<\/div>\n\n\n\n<div class=\"wp-block-column is-layout-flow wp-block-column-is-layout-flow\" style=\"flex-basis:66.66%\">\n<p><strong>16-18 de septiembre de 2026<\/strong><\/p>\n\n\n\n<div class=\"wp-block-group is-vertical is-layout-flex wp-container-core-group-layout-5 wp-block-group-is-layout-flex\">\n<p><strong>Palais Des Congr\u00e8s<br><\/strong>19 Av. Charles de Gaulle<br>21200 Beaune<br>Francia<\/p>\n\n\n\n<div class=\"wp-block-buttons is-layout-flex wp-block-buttons-is-layout-flex\">\n<div class=\"wp-block-button is-style-btn-light\"><a class=\"wp-block-button__link wp-element-button\" href=\"https:\/\/jdlexpo.com\/\" target=\"_blank\" rel=\"noreferrer noopener\">M\u00c1S INFORMACI\u00d3N<\/a><\/div>\n<\/div>\n<\/div>\n<\/div>\n<\/div>\n<\/div>\n\n\n\n<div class=\"wp-block-column is-layout-flow wp-block-column-is-layout-flow\">\n<h3 class=\"wp-block-heading\">Movicarga PEM<\/h3>\n\n\n\n<div class=\"wp-block-columns is-layout-flex wp-container-core-columns-layout-8 wp-block-columns-is-layout-flex\">\n<div class=\"wp-block-column is-layout-flow wp-block-column-is-layout-flow\" style=\"flex-basis:33.33%\">\n<figure class=\"wp-block-image size-large\"><img decoding=\"async\" src=\"https:\/\/movicarga.com\/wp-content\/uploads\/2026\/02\/Sin-nombre-2.jpg\" alt=\"\"\/><\/figure>\n<\/div>\n\n\n\n<div class=\"wp-block-column is-layout-flow wp-block-column-is-layout-flow\" style=\"flex-basis:66.66%\">\n<p><strong>24 de septiembre de 2026<\/strong><\/p>\n\n\n\n<div class=\"wp-block-group is-vertical is-layout-flex wp-container-core-group-layout-6 wp-block-group-is-layout-flex\">\n<p><strong>La Casa de M\u00f3nico<br><\/strong>C. de Cabeza de Manzaneda, 105, Moncloa &#8211; Aravaca<br>28023 Madrid, Espa\u00f1a<\/p>\n\n\n\n<div class=\"wp-block-buttons is-layout-flex wp-block-buttons-is-layout-flex\">\n<div class=\"wp-block-button is-style-btn-light\"><a class=\"wp-block-button__link wp-element-button\" href=\"https:\/\/movicarga.com\/premios-elevacion-movicarga\/\" target=\"_blank\" rel=\"noreferrer noopener\">M\u00c1S INFORMACI\u00d3N<\/a><\/div>\n<\/div>\n<\/div>\n<\/div>\n<\/div>\n<\/div>\n<\/div>\n\n\n\n<div class=\"wp-block-columns is-layout-flex wp-container-core-columns-layout-12 wp-block-columns-is-layout-flex\">\n<div class=\"wp-block-column is-layout-flow wp-block-column-is-layout-flow\">\n<h3 class=\"wp-block-heading\">SALONVERT<\/h3>\n\n\n\n<div class=\"wp-block-columns is-layout-flex wp-container-core-columns-layout-10 wp-block-columns-is-layout-flex\">\n<div class=\"wp-block-column is-layout-flow wp-block-column-is-layout-flow\" style=\"flex-basis:33.33%\">\n<figure class=\"wp-block-image size-large\"><img decoding=\"async\" src=\"https:\/\/api-frontassets.inwink.com\/event\/5c06dc8a-baeb-f011-8195-0022488a3e24\/asset\/a3f11c27-27f5-f011-832e-6045bd95454f\/file\/fichier-204\" alt=\"\"\/><\/figure>\n<\/div>\n\n\n\n<div class=\"wp-block-column is-layout-flow wp-block-column-is-layout-flow\" style=\"flex-basis:66.66%\">\n<p><strong>23-24 de septiembre de 2026<\/strong><\/p>\n\n\n\n<div class=\"wp-block-group is-vertical is-layout-flex wp-container-core-group-layout-7 wp-block-group-is-layout-flex\">\n<p><strong>Ch\u00e2teau de Baville<\/strong><br>91530 Saint-Ch\u00e9ron<br><br>Francia<\/p>\n\n\n\n<div class=\"wp-block-buttons is-layout-flex wp-block-buttons-is-layout-flex\">\n<div class=\"wp-block-button is-style-btn-light\"><a class=\"wp-block-button__link wp-element-button\" href=\"https:\/\/www.salonvert.com\/\" target=\"_blank\" rel=\"noreferrer noopener\">M\u00c1S INFORMACI\u00d3N<\/a><\/div>\n<\/div>\n<\/div>\n<\/div>\n<\/div>\n<\/div>\n\n\n\n<div class=\"wp-block-column is-layout-flow wp-block-column-is-layout-flow\">\n<h3 class=\"wp-block-heading\">Assodimi\/Assonolo<\/h3>\n\n\n\n<div class=\"wp-block-columns is-layout-flex wp-container-core-columns-layout-11 wp-block-columns-is-layout-flex\">\n<div class=\"wp-block-column is-layout-flow wp-block-column-is-layout-flow\" style=\"flex-basis:33.33%\">\n<figure class=\"wp-block-image size-large\"><img decoding=\"async\" src=\"https:\/\/www.assodimi.it\/images\/logo.png?23\" alt=\"\"\/><\/figure>\n<\/div>\n\n\n\n<div class=\"wp-block-column is-layout-flow wp-block-column-is-layout-flow\" style=\"flex-basis:66.66%\">\n<p><strong>24-25 de septiembre de 2026<\/strong><\/p>\n\n\n\n<div class=\"wp-block-group is-vertical is-layout-flex wp-container-core-group-layout-8 wp-block-group-is-layout-flex\">\n<p><strong>Palaverdi<\/strong><br>Viale Delle Esposizioni, 393a<br>43126 Parma PR<br>Italia<\/p>\n\n\n\n<div class=\"wp-block-buttons is-layout-flex wp-block-buttons-is-layout-flex\">\n<div class=\"wp-block-button is-style-btn-light\"><a class=\"wp-block-button__link wp-element-button\" href=\"https:\/\/www.assodimi.it\/\" target=\"_blank\" rel=\"noreferrer noopener\">M\u00c1S INFORMACI\u00d3N<\/a><\/div>\n<\/div>\n<\/div>\n<\/div>\n<\/div>\n<\/div>\n<\/div>\n\n\n\n<div class=\"wp-block-columns is-layout-flex wp-container-core-columns-layout-15 wp-block-columns-is-layout-flex\">\n<div class=\"wp-block-column is-layout-flow wp-block-column-is-layout-flow\">\n<h3 class=\"wp-block-heading\">Platformers\u2018 Days<\/h3>\n\n\n\n<div class=\"wp-block-columns is-layout-flex wp-container-core-columns-layout-13 wp-block-columns-is-layout-flex\">\n<div class=\"wp-block-column is-layout-flow wp-block-column-is-layout-flow\" style=\"flex-basis:33.33%\">\n<figure class=\"wp-block-image size-large\"><img decoding=\"async\" src=\"https:\/\/www.platformers-days.de\/messe-files\/adminonly\/platformersdays_logo_header_211x154px.png\" alt=\"\"\/><\/figure>\n<\/div>\n\n\n\n<div class=\"wp-block-column is-layout-flow wp-block-column-is-layout-flow\" style=\"flex-basis:66.66%\">\n<p><strong>8-9 de octubre de 2026<\/strong><\/p>\n\n\n\n<div class=\"wp-block-group is-vertical is-layout-flex wp-container-core-group-layout-9 wp-block-group-is-layout-flex\">\n<p>Recinto ferial de Karlsruhe<br>Messeallee 1<br>76287 Rheinstetten<br>Alemania<\/p>\n\n\n\n<div class=\"wp-block-buttons is-layout-flex wp-block-buttons-is-layout-flex\">\n<div class=\"wp-block-button is-style-btn-light\"><a class=\"wp-block-button__link wp-element-button\" href=\"https:\/\/www.platformers-days.de\/\" target=\"_blank\" rel=\"noreferrer noopener\">M\u00c1S INFORMACI\u00d3N<\/a><\/div>\n<\/div>\n<\/div>\n<\/div>\n<\/div>\n<\/div>\n\n\n\n<div class=\"wp-block-column is-layout-flow wp-block-column-is-layout-flow\">\n<h3 class=\"wp-block-heading\">ESTA 50th Anniversary<\/h3>\n\n\n\n<div class=\"wp-block-columns is-layout-flex wp-container-core-columns-layout-14 wp-block-columns-is-layout-flex\">\n<div class=\"wp-block-column is-layout-flow wp-block-column-is-layout-flow\" style=\"flex-basis:33.33%\">\n<figure class=\"wp-block-image size-large\"><img decoding=\"async\" src=\"https:\/\/estaeurope.eu\/wp-content\/uploads\/2020\/06\/ESTA_logo.png\" alt=\"\"\/><\/figure>\n<\/div>\n\n\n\n<div class=\"wp-block-column is-layout-flow wp-block-column-is-layout-flow\" style=\"flex-basis:66.66%\">\n<p><strong>23 de octubre de 2026<\/strong><\/p>\n\n\n\n<div class=\"wp-block-group is-vertical is-layout-flex wp-container-core-group-layout-10 wp-block-group-is-layout-flex\">\n<p>Okura Hotel<br>Ferdinand Bolstraat 333<br>1072 LH Amsterdam<br>Pa\u00edses Bajos<\/p>\n\n\n\n<div class=\"wp-block-buttons is-layout-flex wp-block-buttons-is-layout-flex\">\n<div class=\"wp-block-button is-style-btn-light\"><a class=\"wp-block-button__link wp-element-button\" href=\"https:\/\/estaeurope.eu\/celebration-event\/\" target=\"_blank\" rel=\"noreferrer noopener\">M\u00c1S INFORMACI\u00d3N<\/a><\/div>\n<\/div>\n<\/div>\n<\/div>\n<\/div>\n<\/div>\n<\/div>\n<\/div><\/div>\n","protected":false},"excerpt":{"rendered":"<p>Pr\u00f3ximos eventos y conferencias A continuaci\u00f3n encontrar\u00e1 una visi\u00f3n completa de los pr\u00f3ximos eventos en los que Tadano estar\u00e1 representado. Desde ferias internacionales hasta conferencias espec\u00edficas del sector, descubra d\u00f3nde y cu\u00e1ndo podr\u00e1 reunirse con nuestro equipo en persona. Samoter 6-9 de mayo de 2026 VeronafiereViale del Lavoro, 837135 VeronaItalia APEX 2-4 de junio de [&hellip;]<\/p>\n","protected":false},"author":3,"featured_media":0,"parent":0,"menu_order":0,"comment_status":"closed","ping_status":"closed","template":"","meta":{"_acf_changed":false,"footnotes":""},"acf":[],"yoast_head":"<!-- This site is optimized with the Yoast SEO plugin v22.3 - https:\/\/yoast.com\/wordpress\/plugins\/seo\/ -->\n<title>Eventos - Spain &amp; Portugal<\/title>\n<meta name=\"robots\" content=\"index, follow, max-snippet:-1, max-image-preview:large, max-video-preview:-1\" \/>\n<link rel=\"canonical\" href=\"https:\/\/www.tadano.com\/espana-y-portugal\/es\/eventos\/\" \/>\n<meta property=\"og:locale\" content=\"es_ES\" \/>\n<meta property=\"og:type\" content=\"article\" \/>\n<meta property=\"og:title\" content=\"Eventos - Spain &amp; Portugal\" \/>\n<meta property=\"og:description\" content=\"Pr\u00f3ximos eventos y conferencias A continuaci\u00f3n encontrar\u00e1 una visi\u00f3n completa de los pr\u00f3ximos eventos en los que Tadano estar\u00e1 representado. Desde ferias internacionales hasta conferencias espec\u00edficas del sector, descubra d\u00f3nde y cu\u00e1ndo podr\u00e1 reunirse con nuestro equipo en persona. Samoter 6-9 de mayo de 2026 VeronafiereViale del Lavoro, 837135 VeronaItalia APEX 2-4 de junio de [&hellip;]\" \/>\n<meta property=\"og:url\" content=\"https:\/\/www.tadano.com\/espana-y-portugal\/es\/eventos\/\" \/>\n<meta property=\"og:site_name\" content=\"Spain &amp; Portugal\" \/>\n<meta property=\"article:modified_time\" content=\"2026-04-17T13:47:31+00:00\" \/>\n<meta property=\"og:image\" content=\"https:\/\/img.oemoffhighway.com\/files\/base\/acbm\/ooh\/image\/2017\/01\/SAMOTER_Logo2017.5873eb4e0e6f1.png?auto=format%2Ccompress&amp;q=70\" \/>\n<meta name=\"twitter:card\" content=\"summary_large_image\" \/>\n<meta name=\"twitter:label1\" content=\"Tiempo de lectura\" \/>\n\t<meta name=\"twitter:data1\" content=\"4 minutos\" \/>\n<script type=\"application\/ld+json\" class=\"yoast-schema-graph\">{\"@context\":\"https:\/\/schema.org\",\"@graph\":[{\"@type\":\"WebPage\",\"@id\":\"https:\/\/www.tadano.com\/espana-y-portugal\/es\/eventos\/\",\"url\":\"https:\/\/www.tadano.com\/espana-y-portugal\/es\/eventos\/\",\"name\":\"Eventos - Spain &amp; Portugal\",\"isPartOf\":{\"@id\":\"https:\/\/www.tadano.com\/espana-y-portugal\/es\/#website\"},\"primaryImageOfPage\":{\"@id\":\"https:\/\/www.tadano.com\/espana-y-portugal\/es\/eventos\/#primaryimage\"},\"image\":{\"@id\":\"https:\/\/www.tadano.com\/espana-y-portugal\/es\/eventos\/#primaryimage\"},\"thumbnailUrl\":\"https:\/\/img.oemoffhighway.com\/files\/base\/acbm\/ooh\/image\/2017\/01\/SAMOTER_Logo2017.5873eb4e0e6f1.png?auto=format%2Ccompress&amp;q=70\",\"datePublished\":\"2026-04-15T13:55:52+00:00\",\"dateModified\":\"2026-04-17T13:47:31+00:00\",\"inLanguage\":\"es\",\"potentialAction\":[{\"@type\":\"ReadAction\",\"target\":[\"https:\/\/www.tadano.com\/espana-y-portugal\/es\/eventos\/\"]}]},{\"@type\":\"ImageObject\",\"inLanguage\":\"es\",\"@id\":\"https:\/\/www.tadano.com\/espana-y-portugal\/es\/eventos\/#primaryimage\",\"url\":\"https:\/\/img.oemoffhighway.com\/files\/base\/acbm\/ooh\/image\/2017\/01\/SAMOTER_Logo2017.5873eb4e0e6f1.png?auto=format%2Ccompress&amp;q=70\",\"contentUrl\":\"https:\/\/img.oemoffhighway.com\/files\/base\/acbm\/ooh\/image\/2017\/01\/SAMOTER_Logo2017.5873eb4e0e6f1.png?auto=format%2Ccompress&amp;q=70\"},{\"@type\":\"WebSite\",\"@id\":\"https:\/\/www.tadano.com\/espana-y-portugal\/es\/#website\",\"url\":\"https:\/\/www.tadano.com\/espana-y-portugal\/es\/\",\"name\":\"Spain &amp; Portugal\",\"description\":\"Just another TADANO EUROPE site\",\"potentialAction\":[{\"@type\":\"SearchAction\",\"target\":{\"@type\":\"EntryPoint\",\"urlTemplate\":\"https:\/\/www.tadano.com\/espana-y-portugal\/es\/?s={search_term_string}\"},\"query-input\":\"required name=search_term_string\"}],\"inLanguage\":\"es\"}]}<\/script>\n<!-- \/ Yoast SEO plugin. -->","yoast_head_json":{"title":"Eventos - Spain &amp; Portugal","robots":{"index":"index","follow":"follow","max-snippet":"max-snippet:-1","max-image-preview":"max-image-preview:large","max-video-preview":"max-video-preview:-1"},"canonical":"https:\/\/www.tadano.com\/espana-y-portugal\/es\/eventos\/","og_locale":"es_ES","og_type":"article","og_title":"Eventos - Spain &amp; Portugal","og_description":"Pr\u00f3ximos eventos y conferencias A continuaci\u00f3n encontrar\u00e1 una visi\u00f3n completa de los pr\u00f3ximos eventos en los que Tadano estar\u00e1 representado. Desde ferias internacionales hasta conferencias espec\u00edficas del sector, descubra d\u00f3nde y cu\u00e1ndo podr\u00e1 reunirse con nuestro equipo en persona. Samoter 6-9 de mayo de 2026 VeronafiereViale del Lavoro, 837135 VeronaItalia APEX 2-4 de junio de [&hellip;]","og_url":"https:\/\/www.tadano.com\/espana-y-portugal\/es\/eventos\/","og_site_name":"Spain &amp; Portugal","article_modified_time":"2026-04-17T13:47:31+00:00","og_image":[{"url":"https:\/\/img.oemoffhighway.com\/files\/base\/acbm\/ooh\/image\/2017\/01\/SAMOTER_Logo2017.5873eb4e0e6f1.png?auto=format%2Ccompress&amp;q=70"}],"twitter_card":"summary_large_image","twitter_misc":{"Tiempo de lectura":"4 minutos"},"schema":{"@context":"https:\/\/schema.org","@graph":[{"@type":"WebPage","@id":"https:\/\/www.tadano.com\/espana-y-portugal\/es\/eventos\/","url":"https:\/\/www.tadano.com\/espana-y-portugal\/es\/eventos\/","name":"Eventos - Spain &amp; Portugal","isPartOf":{"@id":"https:\/\/www.tadano.com\/espana-y-portugal\/es\/#website"},"primaryImageOfPage":{"@id":"https:\/\/www.tadano.com\/espana-y-portugal\/es\/eventos\/#primaryimage"},"image":{"@id":"https:\/\/www.tadano.com\/espana-y-portugal\/es\/eventos\/#primaryimage"},"thumbnailUrl":"https:\/\/img.oemoffhighway.com\/files\/base\/acbm\/ooh\/image\/2017\/01\/SAMOTER_Logo2017.5873eb4e0e6f1.png?auto=format%2Ccompress&amp;q=70","datePublished":"2026-04-15T13:55:52+00:00","dateModified":"2026-04-17T13:47:31+00:00","inLanguage":"es","potentialAction":[{"@type":"ReadAction","target":["https:\/\/www.tadano.com\/espana-y-portugal\/es\/eventos\/"]}]},{"@type":"ImageObject","inLanguage":"es","@id":"https:\/\/www.tadano.com\/espana-y-portugal\/es\/eventos\/#primaryimage","url":"https:\/\/img.oemoffhighway.com\/files\/base\/acbm\/ooh\/image\/2017\/01\/SAMOTER_Logo2017.5873eb4e0e6f1.png?auto=format%2Ccompress&amp;q=70","contentUrl":"https:\/\/img.oemoffhighway.com\/files\/base\/acbm\/ooh\/image\/2017\/01\/SAMOTER_Logo2017.5873eb4e0e6f1.png?auto=format%2Ccompress&amp;q=70"},{"@type":"WebSite","@id":"https:\/\/www.tadano.com\/espana-y-portugal\/es\/#website","url":"https:\/\/www.tadano.com\/espana-y-portugal\/es\/","name":"Spain &amp; Portugal","description":"Just another TADANO EUROPE site","potentialAction":[{"@type":"SearchAction","target":{"@type":"EntryPoint","urlTemplate":"https:\/\/www.tadano.com\/espana-y-portugal\/es\/?s={search_term_string}"},"query-input":"required name=search_term_string"}],"inLanguage":"es"}]}},"_links":{"self":[{"href":"https:\/\/www.tadano.com\/espana-y-portugal\/es\/wp-json\/wp\/v2\/pages\/18255"}],"collection":[{"href":"https:\/\/www.tadano.com\/espana-y-portugal\/es\/wp-json\/wp\/v2\/pages"}],"about":[{"href":"https:\/\/www.tadano.com\/espana-y-portugal\/es\/wp-json\/wp\/v2\/types\/page"}],"author":[{"embeddable":true,"href":"https:\/\/www.tadano.com\/espana-y-portugal\/es\/wp-json\/wp\/v2\/users\/3"}],"replies":[{"embeddable":true,"href":"https:\/\/www.tadano.com\/espana-y-portugal\/es\/wp-json\/wp\/v2\/comments?post=18255"}],"version-history":[{"count":1,"href":"https:\/\/www.tadano.com\/espana-y-portugal\/es\/wp-json\/wp\/v2\/pages\/18255\/revisions"}],"predecessor-version":[{"id":18270,"href":"https:\/\/www.tadano.com\/espana-y-portugal\/es\/wp-json\/wp\/v2\/pages\/18255\/revisions\/18270"}],"wp:attachment":[{"href":"https:\/\/www.tadano.com\/espana-y-portugal\/es\/wp-json\/wp\/v2\/media?parent=18255"}],"curies":[{"name":"wp","href":"https:\/\/api.w.org\/{rel}","templated":true}]}}